{"id":4226,"date":"2022-10-17T07:59:48","date_gmt":"2022-10-17T05:59:48","guid":{"rendered":"https:\/\/www.mission-21.org\/?page_id=4226"},"modified":"2022-10-21T21:36:48","modified_gmt":"2022-10-21T19:36:48","slug":"ayuda-para-el-sudan","status":"publish","type":"page","link":"https:\/\/www.mission-21.org\/es\/mitmachen\/hilfe-fuer-den-sudsudan\/","title":{"rendered":"Ayuda a Sud\u00e1n del Sur"},"content":{"rendered":"<img decoding=\"async\" src=\"https:\/\/www.mission-21.org\/wp-content\/uploads\/2022\/08\/csm_header_news_d521d70e38.jpeg\" alt=\"csm header news d521d70e38\" itemprop=\"image\" height=\"688\" width=\"1680\" title=\"csm_Header_News_d521d70e38\" onerror=\"this.style.display='none'\"  \/>\n\t<div class=\"fl-builder-content fl-builder-content-3660 fl-builder-template fl-builder-module-template fl-builder-global-templates-locked\" data-post-id=\"3660\"><div class=\"fl-module fl-module-pp-toc fl-node-xrvkwe8ihtn6 toc\" data-node=\"xrvkwe8ihtn6\">\n\t<div class=\"fl-module-content fl-node-content\">\n\t\t<div class=\"pp-toc-container\">\n\t\n\t<div class=\"pp-toc-body\">\n\t\t\t\t\t<ul class=\"pp-toc-list-wrapper pp-toc-list-icon\"><\/ul>\n\t\t\t\t<\/div>\n<\/div>\n\n\t<\/div>\n<\/div>\n<\/div><div class=\"uabb-js-breakpoint\" style=\"display: none;\"><\/div>\n\t\t\t<a href=\"\/es\/donar\/\" target=\"_self\" role=\"button\" aria-label=\"Donaciones\" rel=\"noopener\">\n\t\t\t\t\t\t\tDonaciones\n\t\t\t\t\t\t\t\t\t<img decoding=\"async\" src=\"https:\/\/www.mission-21.org\/wp-content\/uploads\/2022\/08\/csm_heat-icon_b1dbd40167.png\"\/>\n\t\t<\/a>\n<h2>\n\t\tLa escuela de matronas de nuestra organizaci\u00f3n asociada, un peque\u00f1o rayo de esperanza\n\t<\/h2>\n\t\t\t\t\t<a href=\"\"><img decoding=\"async\" src=\"https:\/\/i.vimeocdn.com\/portrait\/75431195_300x300?subrect=99%2C99%2C1308%2C1308&#038;r=cover\"\/><\/a>\n\t\t\t\t\t\t\t<a href=\"\">Escuela de matronas_Colecci\u00f3n de adviento 2021 - HD 720p.mov<\/a>\n\t\t\t\t\t\t\tde  <a href=\"\">Mission 21<\/a>\n\t\t\t\t\t<img decoding=\"async\" src=\"https:\/\/i.vimeocdn.com\/video\/1316736440-f93416d890e842b28f3107923de5171fa605b8ea89ac10acfc590d4c5b4eca23-d_840\" alt=\"vimeo-video-thumbnail\"\/>\n\t<p>A mediados de 2022, 60 mujeres podr\u00e1n estudiar en la escuela de matronas de la PRDA, en lugar de las 30 actuales. Es un gran paso y una mejora importante. Aporta un poco de esperanza a un pa\u00eds que se encuentra en medio de una terrible crisis humanitaria y sigue sufriendo las consecuencias de a\u00f1os de guerra civil.<\/p>\n<p>La violencia contin\u00faa incluso despu\u00e9s del acuerdo oficial de paz de 2018. Muchas regiones est\u00e1n devastadas, la gente ha sido desplazada, ya no se cultivan alimentos. Adem\u00e1s, hay cat\u00e1strofes naturales (inundaciones y sequ\u00edas, as\u00ed como una invasi\u00f3n de langostas). La mitad de los 12 millones de habitantes de Sud\u00e1n del Sur pasan hambre.<\/p>\n\t<p>Gracias a su donaci\u00f3n, por ejemplo, la financiaci\u00f3n del <strong>Reubicaci\u00f3n de la escuela de matronas<\/strong> a la capital Juba. En el futuro, se formar\u00e1n aqu\u00ed 60 matronas al a\u00f1o. Ayudar\u00e1n a garantizar que m\u00e1s ni\u00f1os tengan un comienzo saludable en la vida y que m\u00e1s mujeres sobrevivan al embarazo y al parto.<\/p>\n\t\t\t\t<img decoding=\"async\" src=\"https:\/\/www.mission-21.org\/wp-content\/uploads\/2022\/10\/csm_img_0423_a8909a552b.jpg\" alt=\"csm img 0423 a8909a552b\" itemprop=\"image\" height=\"780\" width=\"1170\" title=\"csm_IMG_0423_a8909a552b\" onerror=\"this.style.display='none'\"  \/>\n\t<p>Gracias a su apoyo, por ejemplo <strong>Acceso de ni\u00f1os y j\u00f3venes a la educaci\u00f3n<\/strong>. La crisis humanitaria en el pa\u00eds ha dejado hu\u00e9rfanos a muchos ni\u00f1os y ha aumentado la pobreza en el pa\u00eds. Nuestras iglesias asociadas ofrecen a los ni\u00f1os y j\u00f3venes especialmente vulnerables acceso a la educaci\u00f3n, por ejemplo en el Centro Muhaba. Aqu\u00ed se educa y se cuida a ni\u00f1os y ni\u00f1as. Experimentan un afecto del que antes ten\u00edan que prescindir.<\/p>\n\t\t\t\t<img decoding=\"async\" src=\"https:\/\/www.mission-21.org\/wp-content\/uploads\/2022\/10\/csm_img_0179_5f16fa56df.jpg\" alt=\"csm img 0179 5f16fa56df\" itemprop=\"image\" height=\"780\" width=\"1170\" title=\"csm_IMG_0179_5f16fa56df\" onerror=\"this.style.display='none'\"  \/>\n\t<p>Y su ayuda hace posible, por ejemplo <strong>Atenci\u00f3n y apoyo a las personas traumatizadas por la guerra<\/strong>. Numerosas mujeres, hombres y ni\u00f1os sufrieron la violencia durante la guerra civil o despu\u00e9s, porque los combates contin\u00faan en muchos lugares a pesar del acuerdo oficial de paz. En el marco de nuestro proyecto de consolidaci\u00f3n de la paz, apoyamos a nuestros socios en la formaci\u00f3n y el perfeccionamiento del apoyo psicosocial a personas traumatizadas. Para que puedan ganar confianza y mirar al futuro con esperanza.<\/p>\n\t\t\t\t<img decoding=\"async\" src=\"https:\/\/www.mission-21.org\/wp-content\/uploads\/2022\/10\/csm_img_0560_b1aa0cd5e3.jpg\" alt=\"csm img 0560 b1aa0cd5e3\" itemprop=\"image\" height=\"878\" width=\"1170\" title=\"csm_IMG_0560_b1aa0cd5e3\" onerror=\"this.style.display='none'\"  \/>\n\t<p><strong>Muchas gracias por su ayuda.<\/strong><\/p>\n\t\t\t<a href=\"\/es\/donar\/\" target=\"_self\" role=\"button\" aria-label=\"Donaciones\" rel=\"noopener\">\n\t\t\t\t\t\t\tDonaciones\n\t\t\t\t\t\t\t\t\t<img decoding=\"async\" src=\"https:\/\/www.mission-21.org\/wp-content\/uploads\/2022\/08\/csm_heat-icon_b1dbd40167.png\"\/>\n\t\t<\/a>","protected":false},"excerpt":{"rendered":"<p>Spenden Die Hebammenschule unserer Partnerorganisation &#8211; ein kleiner Lichtblick Hebammenschule_Adventssammlung 2021 &#8211; HD 720p.mov from Mission 21 Mitte 2022 werden neu 60 Frauen statt wie heute 30 an der Hebammenschule der PRDA studieren k\u00f6nnen. Das ist ein grosser Schritt und eine wichtige Verbesserung. Denn er bringt ein kleines St\u00fcck Hoffnung in ein Land, das in [&hellip;]<\/p>\n","protected":false},"author":1,"featured_media":4229,"parent":212,"menu_order":0,"comment_status":"closed","ping_status":"closed","template":"","meta":{"_acf_changed":false,"_seopress_robots_primary_cat":"","_seopress_titles_title":"","_seopress_titles_desc":"","_seopress_robots_index":"","_searchwp_excluded":"","site-sidebar-layout":"default","site-content-layout":"","ast-site-content-layout":"default","site-content-style":"default","site-sidebar-style":"default","ast-global-header-display":"","ast-banner-title-visibility":"","ast-main-header-display":"","ast-hfb-above-header-display":"","ast-hfb-below-header-display":"","ast-hfb-mobile-header-display":"","site-post-title":"","ast-breadcrumbs-content":"","ast-featured-img":"","footer-sml-layout":"","ast-disable-related-posts":"","theme-transparent-header-meta":"","adv-header-id-meta":"","stick-header-meta":"","header-above-stick-meta":"","header-main-stick-meta":"","header-below-stick-meta":"","astra-migrate-meta-layouts":"default","ast-page-background-enabled":"default","ast-page-background-meta":{"desktop":{"background-color":"var(--ast-global-color-4)","background-image":"","background-repeat":"repeat","background-position":"center center","background-size":"auto","background-attachment":"scroll","background-type":"","background-media":"","overlay-type":"","overlay-color":"","overlay-opacity":"","overlay-gradient":""},"tablet":{"background-color":"","background-image":"","background-repeat":"repeat","background-position":"center center","background-size":"auto","background-attachment":"scroll","background-type":"","background-media":"","overlay-type":"","overlay-color":"","overlay-opacity":"","overlay-gradient":""},"mobile":{"background-color":"","background-image":"","background-repeat":"repeat","background-position":"center center","background-size":"auto","background-attachment":"scroll","background-type":"","background-media":"","overlay-type":"","overlay-color":"","overlay-opacity":"","overlay-gradient":""}},"ast-content-background-meta":{"desktop":{"background-color":"var(--ast-global-color-5)","background-image":"","background-repeat":"repeat","background-position":"center center","background-size":"auto","background-attachment":"scroll","background-type":"","background-media":"","overlay-type":"","overlay-color":"","overlay-opacity":"","overlay-gradient":""},"tablet":{"background-color":"var(--ast-global-color-5)","background-image":"","background-repeat":"repeat","background-position":"center center","background-size":"auto","background-attachment":"scroll","background-type":"","background-media":"","overlay-type":"","overlay-color":"","overlay-opacity":"","overlay-gradient":""},"mobile":{"background-color":"var(--ast-global-color-5)","background-image":"","background-repeat":"repeat","background-position":"center center","background-size":"auto","background-attachment":"scroll","background-type":"","background-media":"","overlay-type":"","overlay-color":"","overlay-opacity":"","overlay-gradient":""}},"iawp_total_views":36,"footnotes":""},"hf_cat_page":[297],"class_list":["post-4226","page","type-page","status-publish","has-post-thumbnail"],"acf":[],"_links":{"self":[{"href":"https:\/\/www.mission-21.org\/es\/wp-json\/wp\/v2\/pages\/4226","targetHints":{"allow":["GET"]}}],"collection":[{"href":"https:\/\/www.mission-21.org\/es\/wp-json\/wp\/v2\/pages"}],"about":[{"href":"https:\/\/www.mission-21.org\/es\/wp-json\/wp\/v2\/types\/page"}],"author":[{"embeddable":true,"href":"https:\/\/www.mission-21.org\/es\/wp-json\/wp\/v2\/users\/1"}],"replies":[{"embeddable":true,"href":"https:\/\/www.mission-21.org\/es\/wp-json\/wp\/v2\/comments?post=4226"}],"version-history":[{"count":4,"href":"https:\/\/www.mission-21.org\/es\/wp-json\/wp\/v2\/pages\/4226\/revisions"}],"predecessor-version":[{"id":4749,"href":"https:\/\/www.mission-21.org\/es\/wp-json\/wp\/v2\/pages\/4226\/revisions\/4749"}],"up":[{"embeddable":true,"href":"https:\/\/www.mission-21.org\/es\/wp-json\/wp\/v2\/pages\/212"}],"wp:featuredmedia":[{"embeddable":true,"href":"https:\/\/www.mission-21.org\/es\/wp-json\/wp\/v2\/media\/4229"}],"wp:attachment":[{"href":"https:\/\/www.mission-21.org\/es\/wp-json\/wp\/v2\/media?parent=4226"}],"wp:term":[{"taxonomy":"hf_cat_page","embeddable":true,"href":"https:\/\/www.mission-21.org\/es\/wp-json\/wp\/v2\/hf_cat_page?post=4226"}],"curies":[{"name":"wp","href":"https:\/\/api.w.org\/{rel}","templated":true}]}}