{"id":5917,"date":"2022-11-30T16:19:04","date_gmt":"2022-11-30T15:19:04","guid":{"rendered":"https:\/\/www.mission-21.org\/?page_id=5917"},"modified":"2022-11-30T16:35:46","modified_gmt":"2022-11-30T15:35:46","slug":"campana-2029","status":"publish","type":"page","link":"https:\/\/www.mission-21.org\/es\/mitmachen\/parallax-error\/","title":{"rendered":"Error de paralaje"},"content":{"rendered":"<div class=\"fl-builder-content fl-builder-content-3660 fl-builder-template fl-builder-module-template fl-builder-global-templates-locked\" data-post-id=\"3660\"><div class=\"fl-module fl-module-pp-toc fl-node-xrvkwe8ihtn6 toc\" data-node=\"xrvkwe8ihtn6\">\n\t<div class=\"fl-module-content fl-node-content\">\n\t\t<div class=\"pp-toc-container\">\n\t\n\t<div class=\"pp-toc-body\">\n\t\t\t\t\t<ul class=\"pp-toc-list-wrapper pp-toc-list-icon\"><\/ul>\n\t\t\t\t<\/div>\n<\/div>\n\n\t<\/div>\n<\/div>\n<\/div><div class=\"uabb-js-breakpoint\" style=\"display: none;\"><\/div>\n\t\t\t<a href=\"\/es\/donar\/\" target=\"_self\" role=\"button\" aria-label=\"Donaciones\" rel=\"noopener\">\n\t\t\t\t\t\t\tDonaciones\n\t\t\t\t\t\t\t\t\t<img decoding=\"async\" src=\"https:\/\/www.mission-21.org\/wp-content\/uploads\/2022\/08\/csm_heat-icon_b1dbd40167.png\"\/>\n\t\t<\/a>\n\t\t\t<h1>La educaci\u00f3n determina lo que cosechamos en el futuro<\/h1>\t\t\t\n\t\t\t\t<p><strong>Con nuestra campa\u00f1a 2023 destacamos la importancia de la educaci\u00f3n para un desarrollo ecol\u00f3gicamente sostenible en Nigeria. La campa\u00f1a 2023 va del 10 de septiembre al Domingo de las Misiones.<\/strong><\/p>\n\t\t\t\t\t<a href=\"#\" id=\"fl-accordion--label-0\" tabindex=\"0\" aria-controls=\"fl-accordion--panel-0\">La situaci\u00f3n en Nigeria es precaria<\/a>\n\t\t\t\t\t<p>La situaci\u00f3n del abastecimiento en el noreste de Nigeria es precaria. Los cambios clim\u00e1ticos y los efectos de muchos a\u00f1os de uso insostenible de los recursos naturales amenazan los medios de subsistencia de muchas personas.<\/p>\n<p>Nigeria es rica en recursos naturales. Sin embargo, a menudo no se utilizan de forma sostenible y est\u00e1n desigualmente distribuidos. La regi\u00f3n tambi\u00e9n se caracteriza por las consecuencias del calentamiento global, como la prolongaci\u00f3n de las estaciones secas y el aumento de las precipitaciones. Otro problema es la sobreexplotaci\u00f3n de los recursos naturales. El suelo, por ejemplo, se est\u00e1 agotando por el uso excesivo de fertilizantes y pesticidas qu\u00edmicos. Se deforestan grandes zonas en busca de le\u00f1a y aumenta la contaminaci\u00f3n ambiental por residuos y pl\u00e1sticos. Los efectos son el aumento de la erosi\u00f3n del suelo, la disminuci\u00f3n de su fertilidad y la contaminaci\u00f3n de las aguas subterr\u00e1neas, lo que a su vez pone en peligro el abastecimiento de agua de gran parte de la poblaci\u00f3n.<\/p>\n\t<h2>Educaci\u00f3n en Nigeria y Suiza para un cambio sostenible<\/h2>\n<p>Junto con nuestros socios, estamos abordando este problema. Mediante nuestra labor educativa sobre el terreno, promovemos el uso sostenible de los recursos naturales y la protecci\u00f3n del medio ambiente. A trav\u00e9s de la educaci\u00f3n, ayudamos a garantizar que los peque\u00f1os agricultores y sus familias en las zonas rurales del noreste de Nigeria tengan la oportunidad de asegurar su sustento a largo plazo. Aprenden a practicar la agricultura agroecol\u00f3gica, a utilizar los recursos naturales de forma sostenible y a proteger el medio ambiente.<\/p>\n<p>Aqu\u00ed en Suiza, tambi\u00e9n utilizamos nuestros programas educativos para concienciar sobre un modo de vida que conserve los recursos y sea respetuoso con el medio ambiente. Facilitamos informaci\u00f3n sobre qu\u00e9 y c\u00f3mo podemos aprender para un futuro sostenible. De este modo, podemos contribuir a garantizar que una vida digna sea posible para todas las personas. En la primavera de 2023 le informaremos sobre nuestras correspondientes ofertas e ideas de campa\u00f1a.Mant\u00e9ngase informado y suscr\u00edbase a nuestro bolet\u00edn de campa\u00f1a.<\/p>\n<h2>\n\t\tMant\u00e9ngase al d\u00eda\n\t<\/h2>","protected":false},"excerpt":{"rendered":"<p>Spenden Bildung entscheidet, was wir in Zukunft ernten Mit unserer Kampagne 2023 beleuchten wir die Bedeutung von Bildung f\u00fcr eine \u00f6kologisch nachhaltige Entwicklung in Nigeria. Die Kampagne 2023 dauert vom 10. September bis zum Missionssonntag. Die Lage in Nigeria ist prek\u00e4r Die Versorgungslage im Nordosten Nigerias ist prek\u00e4r. Durch klimatische Ver\u00e4nderungen und die Auswirkungen einer [&hellip;]<\/p>\n","protected":false},"author":6,"featured_media":5914,"parent":212,"menu_order":0,"comment_status":"closed","ping_status":"closed","template":"","meta":{"_acf_changed":false,"_seopress_robots_primary_cat":"","_seopress_titles_title":"","_seopress_titles_desc":"","_seopress_robots_index":"","_searchwp_excluded":"1","site-sidebar-layout":"default","site-content-layout":"","ast-site-content-layout":"default","site-content-style":"default","site-sidebar-style":"default","ast-global-header-display":"","ast-banner-title-visibility":"","ast-main-header-display":"","ast-hfb-above-header-display":"","ast-hfb-below-header-display":"","ast-hfb-mobile-header-display":"","site-post-title":"","ast-breadcrumbs-content":"","ast-featured-img":"","footer-sml-layout":"","ast-disable-related-posts":"","theme-transparent-header-meta":"","adv-header-id-meta":"","stick-header-meta":"","header-above-stick-meta":"","header-main-stick-meta":"","header-below-stick-meta":"","astra-migrate-meta-layouts":"default","ast-page-background-enabled":"default","ast-page-background-meta":{"desktop":{"background-color":"var(--ast-global-color-4)","background-image":"","background-repeat":"repeat","background-position":"center center","background-size":"auto","background-attachment":"scroll","background-type":"","background-media":"","overlay-type":"","overlay-color":"","overlay-opacity":"","overlay-gradient":""},"tablet":{"background-color":"","background-image":"","background-repeat":"repeat","background-position":"center center","background-size":"auto","background-attachment":"scroll","background-type":"","background-media":"","overlay-type":"","overlay-color":"","overlay-opacity":"","overlay-gradient":""},"mobile":{"background-color":"","background-image":"","background-repeat":"repeat","background-position":"center center","background-size":"auto","background-attachment":"scroll","background-type":"","background-media":"","overlay-type":"","overlay-color":"","overlay-opacity":"","overlay-gradient":""}},"ast-content-background-meta":{"desktop":{"background-color":"var(--ast-global-color-5)","background-image":"","background-repeat":"repeat","background-position":"center center","background-size":"auto","background-attachment":"scroll","background-type":"","background-media":"","overlay-type":"","overlay-color":"","overlay-opacity":"","overlay-gradient":""},"tablet":{"background-color":"var(--ast-global-color-5)","background-image":"","background-repeat":"repeat","background-position":"center center","background-size":"auto","background-attachment":"scroll","background-type":"","background-media":"","overlay-type":"","overlay-color":"","overlay-opacity":"","overlay-gradient":""},"mobile":{"background-color":"var(--ast-global-color-5)","background-image":"","background-repeat":"repeat","background-position":"center center","background-size":"auto","background-attachment":"scroll","background-type":"","background-media":"","overlay-type":"","overlay-color":"","overlay-opacity":"","overlay-gradient":""}},"iawp_total_views":9,"footnotes":""},"hf_cat_page":[299,297,366],"class_list":["post-5917","page","type-page","status-publish","has-post-thumbnail"],"acf":[],"_links":{"self":[{"href":"https:\/\/www.mission-21.org\/es\/wp-json\/wp\/v2\/pages\/5917","targetHints":{"allow":["GET"]}}],"collection":[{"href":"https:\/\/www.mission-21.org\/es\/wp-json\/wp\/v2\/pages"}],"about":[{"href":"https:\/\/www.mission-21.org\/es\/wp-json\/wp\/v2\/types\/page"}],"author":[{"embeddable":true,"href":"https:\/\/www.mission-21.org\/es\/wp-json\/wp\/v2\/users\/6"}],"replies":[{"embeddable":true,"href":"https:\/\/www.mission-21.org\/es\/wp-json\/wp\/v2\/comments?post=5917"}],"version-history":[{"count":10,"href":"https:\/\/www.mission-21.org\/es\/wp-json\/wp\/v2\/pages\/5917\/revisions"}],"predecessor-version":[{"id":5929,"href":"https:\/\/www.mission-21.org\/es\/wp-json\/wp\/v2\/pages\/5917\/revisions\/5929"}],"up":[{"embeddable":true,"href":"https:\/\/www.mission-21.org\/es\/wp-json\/wp\/v2\/pages\/212"}],"wp:featuredmedia":[{"embeddable":true,"href":"https:\/\/www.mission-21.org\/es\/wp-json\/wp\/v2\/media\/5914"}],"wp:attachment":[{"href":"https:\/\/www.mission-21.org\/es\/wp-json\/wp\/v2\/media?parent=5917"}],"wp:term":[{"taxonomy":"hf_cat_page","embeddable":true,"href":"https:\/\/www.mission-21.org\/es\/wp-json\/wp\/v2\/hf_cat_page?post=5917"}],"curies":[{"name":"wp","href":"https:\/\/api.w.org\/{rel}","templated":true}]}}