{"id":6893,"date":"2023-02-09T10:42:39","date_gmt":"2023-02-09T09:42:39","guid":{"rendered":"https:\/\/www.mission-21.org\/?page_id=6893"},"modified":"2024-04-19T08:46:29","modified_gmt":"2024-04-19T06:46:29","slug":"calendario-estacional","status":"publish","type":"page","link":"https:\/\/www.mission-21.org\/es\/saisonkalender\/","title":{"rendered":"Calendario estacional"},"content":{"rendered":"<img decoding=\"async\" src=\"https:\/\/www.mission-21.org\/wp-content\/uploads\/2022\/08\/csm_header_news_d521d70e38.jpeg\" alt=\"csm header news d521d70e38\" itemprop=\"image\" height=\"688\" width=\"1680\" title=\"csm_Header_News_d521d70e38\" onerror=\"this.style.display='none'\"  \/>\n\t\t\t<p>Pida gratuitamente nuestro calendario de temporada: <\/p><h1>Bueno para la salud, bueno para el clima. <\/h1>\t\t\t\n\t\t\t\t<p>Nuestro calendario estacional le ayuda a comprar alimentos de temporada y regionales. De este modo, usted tambi\u00e9n puede hacer una valiosa contribuci\u00f3n al clima y hacer algo bueno por su salud.<\/p>\n<p>Comer predominantemente alimentos regionales y de temporada tiene muchas ventajas para el clima y nuestra salud. Los alimentos de temporada y de su propia regi\u00f3n no s\u00f3lo producen menos emisiones de CO2, sino que a menudo son m\u00e1s sanos y saben mejor. Nuestro calendario estacional est\u00e1 dise\u00f1ado para ayudarle e inspirarle en su cocina de temporada en casa.<\/p>\n<p><strong>\u00a1Muchas gracias por su solidaridad y donaci\u00f3n!<\/strong><\/p>\n\t\t\t\t<a href=\"https:\/\/www.mission-21.org\/wp-content\/uploads\/2023\/02\/saison.png\" target=\"_self\" itemprop=\"url\" rel=\"noopener\">\n\t\t\t\t<img decoding=\"async\" src=\"https:\/\/www.mission-21.org\/wp-content\/uploads\/2023\/02\/saison.png\" alt=\"temporada\" itemprop=\"image\" height=\"930\" width=\"665\" title=\"temporada\" onerror=\"this.style.display='none'\"  \/>\n\t\t\t\t<\/a>\n\t<p>Puede descargar el calendario estacional como p\u00f3ster e imprimirlo en A3 o encargarlo en nuestra tienda como p\u00f3ster atmosf\u00e9rico en formato A2 (42 x 59,4 cm). Gratis.<\/p>\n\t\t\t<a href=\"https:\/\/www.mission-21.org\/es\/carro-de-la-compra\/?add-to-cart=7150&#038;quantity=1\" target=\"_self\" rel=\"noopener\">\n\t\t\t\t\t\t\tDescargar cartel (PDF)\n\t\t\t\t\t<\/a>\n\t\t\t<a href=\"https:\/\/www.mission-21.org\/es\/tienda\/producto\/calendario-estacional\/?attribute_format=Print\" target=\"_self\" rel=\"noopener\">\n\t\t\t\t\t\t\t\u25ba Encargar p\u00f3ster como impresi\u00f3n\n\t\t\t\t\t<\/a>\n\t\t\t<a href=\"https:\/\/www.mission-21.org\/es\/donar\/?rnw-purpose=p3\" target=\"_self\" rel=\"noopener\">\n\t\t\t\t\t\t\t\u25ba Gracias por su donaci\u00f3n\n\t\t\t\t\t<\/a>\n\t<h3><strong>Nuestra labor educativa en el Sur<\/strong><\/h3>\n<p>Apoyamos a agricultores de \u00c1frica y Am\u00e9rica Latina con formaci\u00f3n en agricultura ecol\u00f3gicamente sostenible. Esto les permite asegurar su sustento a pesar de las consecuencias del cambio clim\u00e1tico.<\/p>\n\t\t\t\t<img decoding=\"async\" src=\"https:\/\/www.mission-21.org\/wp-content\/uploads\/2024\/04\/mission_21_kampagne2024_keyvisual_1-1.jpg\" alt=\"misi\u00f3n 21 campa\u00f1a2024 keyvisual 1 1\" itemprop=\"image\" height=\"1246\" width=\"1246\" title=\"Mission_21_Kampagne2024_Keyvisual_1-1\" onerror=\"this.style.display='none'\"  \/>\n\t\t\t<a href=\"https:\/\/www.mission-21.org\/es\/campana-2024\/\" target=\"_self\" role=\"button\" aria-label=\"A la campa\u00f1a 2024\" rel=\"noopener\">\n\t\t\t\t\t\t\tA la campa\u00f1a 2024\n\t\t<\/a>\n\t<p><strong>Apoye nuestra campa\u00f1a actual \"Aprender unos de otros, vivir de forma sostenible\" con un donativo o una colecta. Muchas gracias.<\/strong><\/p>\n<p><a href=\"https:\/\/www.mission-21.org\/es\/que-hacemos\/proyectos-y-socios\/?_themen=ernaehrungssouveraenitaet\">\u25ba M\u00e1s informaci\u00f3n sobre nuestros proyectos actuales sobre soberan\u00eda alimentaria aqu\u00ed.<\/a><\/p>\n\t<h3><strong>Solicite ahora nuestro bolet\u00edn<\/strong><\/h3>","protected":false},"excerpt":{"rendered":"<p>Bestellen Sie gratis unseren Saisonkalender: Gut f\u00fcr Ihre Gesundheit, gut f\u00fcrs Klima. Unser Saisonkalender unterst\u00fctzt Sie beim Einkauf von saisonalen und regionalen Lebensmitteln. So k\u00f6nnen auch Sie einen wertvollen Beitrag f\u00fcrs Klima leisten und tun ihrer Gesundheit etwas Gutes! Sich \u00fcberwiegend regional und saisonal zu ern\u00e4hren, hat viele Vorteile f\u00fcrs Klima und unsere Gesundheit. Lebensmittel [&hellip;]<\/p>\n","protected":false},"author":6,"featured_media":7131,"parent":0,"menu_order":0,"comment_status":"closed","ping_status":"closed","template":"","meta":{"_acf_changed":false,"_seopress_robots_primary_cat":"","_seopress_titles_title":"","_seopress_titles_desc":"","_seopress_robots_index":"yes","_searchwp_excluded":"1","site-sidebar-layout":"default","site-content-layout":"","ast-site-content-layout":"default","site-content-style":"default","site-sidebar-style":"default","ast-global-header-display":"","ast-banner-title-visibility":"","ast-main-header-display":"","ast-hfb-above-header-display":"","ast-hfb-below-header-display":"","ast-hfb-mobile-header-display":"","site-post-title":"","ast-breadcrumbs-content":"","ast-featured-img":"","footer-sml-layout":"","ast-disable-related-posts":"","theme-transparent-header-meta":"","adv-header-id-meta":"","stick-header-meta":"","header-above-stick-meta":"","header-main-stick-meta":"","header-below-stick-meta":"","astra-migrate-meta-layouts":"set","ast-page-background-enabled":"default","ast-page-background-meta":{"desktop":{"background-color":"var(--ast-global-color-4)","background-image":"","background-repeat":"repeat","background-position":"center center","background-size":"auto","background-attachment":"scroll","background-type":"","background-media":"","overlay-type":"","overlay-color":"","overlay-opacity":"","overlay-gradient":""},"tablet":{"background-color":"","background-image":"","background-repeat":"repeat","background-position":"center center","background-size":"auto","background-attachment":"scroll","background-type":"","background-media":"","overlay-type":"","overlay-color":"","overlay-opacity":"","overlay-gradient":""},"mobile":{"background-color":"","background-image":"","background-repeat":"repeat","background-position":"center center","background-size":"auto","background-attachment":"scroll","background-type":"","background-media":"","overlay-type":"","overlay-color":"","overlay-opacity":"","overlay-gradient":""}},"ast-content-background-meta":{"desktop":{"background-color":"var(--ast-global-color-5)","background-image":"","background-repeat":"repeat","background-position":"center center","background-size":"auto","background-attachment":"scroll","background-type":"","background-media":"","overlay-type":"","overlay-color":"","overlay-opacity":"","overlay-gradient":""},"tablet":{"background-color":"var(--ast-global-color-5)","background-image":"","background-repeat":"repeat","background-position":"center center","background-size":"auto","background-attachment":"scroll","background-type":"","background-media":"","overlay-type":"","overlay-color":"","overlay-opacity":"","overlay-gradient":""},"mobile":{"background-color":"var(--ast-global-color-5)","background-image":"","background-repeat":"repeat","background-position":"center center","background-size":"auto","background-attachment":"scroll","background-type":"","background-media":"","overlay-type":"","overlay-color":"","overlay-opacity":"","overlay-gradient":""}},"iawp_total_views":612,"footnotes":""},"hf_cat_page":[],"class_list":["post-6893","page","type-page","status-publish","has-post-thumbnail"],"acf":[],"_links":{"self":[{"href":"https:\/\/www.mission-21.org\/es\/wp-json\/wp\/v2\/pages\/6893","targetHints":{"allow":["GET"]}}],"collection":[{"href":"https:\/\/www.mission-21.org\/es\/wp-json\/wp\/v2\/pages"}],"about":[{"href":"https:\/\/www.mission-21.org\/es\/wp-json\/wp\/v2\/types\/page"}],"author":[{"embeddable":true,"href":"https:\/\/www.mission-21.org\/es\/wp-json\/wp\/v2\/users\/6"}],"replies":[{"embeddable":true,"href":"https:\/\/www.mission-21.org\/es\/wp-json\/wp\/v2\/comments?post=6893"}],"version-history":[{"count":11,"href":"https:\/\/www.mission-21.org\/es\/wp-json\/wp\/v2\/pages\/6893\/revisions"}],"predecessor-version":[{"id":12643,"href":"https:\/\/www.mission-21.org\/es\/wp-json\/wp\/v2\/pages\/6893\/revisions\/12643"}],"wp:featuredmedia":[{"embeddable":true,"href":"https:\/\/www.mission-21.org\/es\/wp-json\/wp\/v2\/media\/7131"}],"wp:attachment":[{"href":"https:\/\/www.mission-21.org\/es\/wp-json\/wp\/v2\/media?parent=6893"}],"wp:term":[{"taxonomy":"hf_cat_page","embeddable":true,"href":"https:\/\/www.mission-21.org\/es\/wp-json\/wp\/v2\/hf_cat_page?post=6893"}],"curies":[{"name":"wp","href":"https:\/\/api.w.org\/{rel}","templated":true}]}}