{"id":7215,"date":"2023-03-01T18:12:58","date_gmt":"2023-03-01T17:12:58","guid":{"rendered":"https:\/\/www.mission-21.org\/?page_id=7215"},"modified":"2026-01-14T14:29:14","modified_gmt":"2026-01-14T13:29:14","slug":"programa-embajada-de-la-juventud","status":"publish","type":"page","link":"https:\/\/www.mission-21.org\/es\/jugendbotschaftsprogramm\/","title":{"rendered":"Programa de la Embajada de la Juventud"},"content":{"rendered":"<h3>M\u00e1s de 14 pa\u00edses<\/h3>\t\t\t\n\t\t\t\t<p>Establezca contactos y conozca a gente de Asia, \u00c1frica, Europa y Am\u00e9rica Latina.<\/p>\n\t\t<h3>M\u00e1s de 60 participantes<\/h3>\t\t\t\n\t\t\t\t<p>Forme parte de una red de m\u00e1s de 60 antiguos alumnos y j\u00f3venes embajadores actuales.<\/p>\n\t\t\t\t<img decoding=\"async\" src=\"https:\/\/www.mission-21.org\/wp-content\/uploads\/bb-plugin\/cache\/minha-circle.jpg\" alt=\"minha\" title=\"Minha\" itemprop=\"image\"\/>\n\t\t\t\t<p>\"No hab\u00eda experimentado 'lugares seguros' muchas veces antes. As\u00ed que el tiempo que pas\u00e9 en Suiza con los otros j\u00f3venes fue como un milagro para m\u00ed. Sin confianza, no hay lugar seguro\".<\/p>\n<p>Minha, Corea del Sur<\/p>\n\t\t\t\t<img decoding=\"async\" src=\"https:\/\/www.mission-21.org\/wp-content\/uploads\/bb-plugin\/cache\/marina-staub-circle.jpg\" alt=\"polvo de marina\" title=\"Polvo marino\" itemprop=\"image\"\/>\n\t\t\t\t<p>\"Con las experiencias del programa, intentar\u00e9 tender m\u00e1s puentes en el futuro, ser un agente de cambio y contribuir a un mundo m\u00e1s pac\u00edfico\".<\/p>\n<p>Marina, Suiza<\/p>\n\t\t\t\t<img decoding=\"async\" src=\"https:\/\/www.mission-21.org\/wp-content\/uploads\/bb-plugin\/cache\/janet-circle.jpg\" alt=\" mg 9765\" title=\"NO.\" itemprop=\"image\"\/>\n\t\t\t\t<p>\"El programa me brind\u00f3 la oportunidad de ampliar mis conocimientos. Sobre todo para aprender a relacionarme con personas de una cultura totalmente distinta, con una perspectiva diferente de casi todo.\"<\/p>\n<p>Janet, Nigeria<\/p>\n\t\t\t\t<img decoding=\"async\" src=\"https:\/\/www.mission-21.org\/wp-content\/uploads\/bb-plugin\/cache\/january-circle.jpg\" alt=\"enero\" title=\"Enero\" itemprop=\"image\"\/>\n\t\t\t\t<p>\"Pasar tiempo con amigos de otros lugares, \u00a1nos enriquece! En este programa aprend\u00ed de las historias y perspectivas de los dem\u00e1s. Y pude aportar mis propias experiencias. As\u00ed nos reforzamos mutuamente como j\u00f3venes. No estamos solos ante el reto de llevar la fe cristiana a este mundo. Somos j\u00f3venes y podemos hacer cosas buenas por este mundo\".<\/p>\n<p>Januar, Indonesia<\/p>\n\t<p>El programa internacional de educaci\u00f3n e intercambio ofrece a j\u00f3venes adultos de \u00c1frica, Asia, Europa y Am\u00e9rica Latina la oportunidad de reunirse m\u00e1s all\u00e1 de las fronteras culturales. Los participantes debaten cuestiones urgentes en un mundo globalizado y buscan soluciones a trav\u00e9s del intercambio.<\/p>\n<p>Gasto de tiempo<\/p>\n<ul>\n<li>2 fines de semana de preparaci\u00f3n al a\u00f1o<\/li>\n<li>Visita de dos semanas de los embajadores internacionales de la juventud<\/li>\n<li>viaje de dos semanas a un pa\u00eds de \u00c1frica, Asia o Am\u00e9rica Latina<\/li>\n<li>unas horas de autoaprendizaje<\/li>\n<\/ul>\n<p>El programa es f\u00e1cilmente compatible con los estudios, el trabajo o la escuela. \u00bfEst\u00e1 planeando una estancia m\u00e1s larga en el extranjero y no est\u00e1 seguro de poder seguir participando? P\u00f3ngase en contacto con nosotros, seguro que encontramos una soluci\u00f3n.<\/p>\n<h2>\n\t\t\tObjetivos del programa\t<\/h2>\n\t<p>Los j\u00f3venes se adentran en un contexto diferente, reflexionan e intercambian sobre aspectos sociales, pol\u00edticos, econ\u00f3micos y religiosos desde distintas perspectivas.<\/p>\n<p>Los j\u00f3venes adultos mejoran sus competencias en comunicaci\u00f3n inter y transcultural, as\u00ed como interreligiosa. Esto les permite actuar como agentes de cambio en una sociedad plural y trabajar por la coexistencia pac\u00edfica.<\/p>\n<p>Los j\u00f3venes adultos adquieren competencias y son conscientes de la pluralidad\/diversidad para los trabajos y tareas en sus sociedades e iglesias.<\/p>\n<p>El intercambio internacional de j\u00f3venes refuerza la red internacional de j\u00f3venes adultos que trabajan como j\u00f3venes embajadores de la paz, la justicia y la protecci\u00f3n del medio ambiente.<\/p>\n<h2>\n\t\t\tParticipe en\t<\/h2>\n\t<p>La fase 2023-2025 del programa concluy\u00f3 con el viaje de los J\u00f3venes Embajadores Europeos a Indonesia. Se puede encontrar un informe en el <strong><a href=\"https:\/\/www.mission-21.org\/es\/informar-a\/publicaciones\/#pp-toc-xrvkwe8ihtn6-anchor-1\" target=\"_blank\" rel=\"noopener\">Edici\u00f3n 4\/2025<\/a>,<\/strong> p. 16-17, de nuestra revista \u201ebegegnen\u201c. Se anunciar\u00e1 la pr\u00f3xima fase del programa.\u00a0<\/p>\n<h2>\n\t\t\tLe damos las gracias.\t<\/h2>\n\t<p>El programa 2023-2025 ha contado con el generoso apoyo de la Fundaci\u00f3n Movetia y la Fundaci\u00f3n Wegweiser.<\/p>\n\t\t\t\t<img decoding=\"async\" src=\"https:\/\/www.mission-21.org\/wp-content\/uploads\/2024\/07\/logo-stiftung-wegweiser-web.jpg\" alt=\"imprimir\" itemprop=\"image\" height=\"1107\" width=\"2186\" title=\"Presi\u00f3n\" onerror=\"this.style.display='none'\" loading='lazy' \/>\n\t\t\t\t<img decoding=\"async\" src=\"https:\/\/www.mission-21.org\/wp-content\/uploads\/2024\/07\/logo_movetia_rgb_red_green.jpg\" alt=\"logo movetia rgb rojo verde\" itemprop=\"image\" height=\"184\" width=\"1248\" title=\"Logo_Movetia_RGB_Rojo_Verde\" onerror=\"this.style.display='none'\" loading='lazy' \/>\n<h2>\n\t\t\tEl equipo young@Mission21\t<\/h2>\n\t<p>Somos Mandula, Sarah, Jonas y Carole. Si tienes alguna pregunta, puedes ponerte en contacto con nosotros en cualquier momento.<\/p>\n\t\t\t<a href=\"mailto:young@mission-21.org\" target=\"_self\">\n\t\t\t\t\t\tEscribir e-mail\n\t\t\t\t\t<\/a>\n\t\t\t<a href=\"https:\/\/www.mission-21.org\/wp-content\/uploads\/2022\/12\/factsheet-tn-bedingungen-jubo2325_nov22_bg.pdf\" target=\"_self\">\n\t\t\t\t\t\tDescargar ficha informativa\n\t\t\t\t\t<\/a>\n\t\t\t<a href=\"https:\/\/wa.me\/41612602239\" target=\"_self\">\n\t\t\t\t\t\tWhatsApp\n\t\t\t\t\t<\/a>\n\t\t\t<a href=\"#FAQ\" target=\"_self\">\n\t\t\t\t\t\tPREGUNTAS FRECUENTES\n\t\t\t\t\t<\/a>\n<h2>\n\t\t\tFAQ - Preguntas m\u00e1s frecuentes\t<\/h2>\n\t\t\t\t\t\t\t\t\t\t<a href=\"#\" id=\"fl-accordion--icon-0\"  tabindex=\"0\"><i>Ampliar<\/i><\/a>\n\t\t\t\t\t<a href=\"#\"  id=\"fl-accordion--label-0\" tabindex=\"0\" aria-controls=\"fl-accordion--panel-0\">\u00bfNo est\u00e1 seguro de poder comprometerse durante 2 a\u00f1os?<\/a>\n\t\t\t\t\t<p>\u00bfEst\u00e1 planeando una estancia m\u00e1s larga en el extranjero o no est\u00e1 seguro, por otros motivos, de si puede \"comprometerse\" durante 2 a\u00f1os? P\u00f3ngase en contacto con nosotros, encontraremos una soluci\u00f3n para casi todo.<\/p>\n<p>A continuaci\u00f3n encontrar\u00e1 tambi\u00e9n una descripci\u00f3n del programa y del tiempo necesario (sujeto a cambios).<\/p>\n<p><strong>2023:<\/strong> En el primer a\u00f1o del programa, te reunir\u00e1s por primera vez con los dem\u00e1s participantes en un fin de semana de preparaci\u00f3n en noviembre. Tratar\u00e1s temas urgentes como la paz, la justicia, la educaci\u00f3n, la protecci\u00f3n del medio ambiente o la sensibilidad intercultural. Tambi\u00e9n formar\u00e1s t\u00e1ndem con un joven embajador internacional e intercambiar\u00e1s ideas con \u00e9l.<\/p>\n<p><strong>2024:<\/strong> En el segundo a\u00f1o, participar\u00e1s en la visita de dos semanas de los j\u00f3venes embajadores internacionales a Suiza. Como anfitri\u00f3n, debatir\u00e1s temas que te preocupan y vivir\u00e1s la experiencia del compa\u00f1erismo con personas de m\u00e1s de 10 pa\u00edses. Tambi\u00e9n preparar\u00e1s tu viaje al extranjero.<\/p>\n<p><strong>2025:<\/strong> En el verano de 2025, viajar\u00e1s durante dos o tres semanas en una peque\u00f1a delegaci\u00f3n a un pa\u00eds socio de Mission 21 en \u00c1frica, Asia o Am\u00e9rica Latina. Te har\u00e1s una idea del modo de vida local y conocer\u00e1s los proyectos de los socios de Mission 21. Har\u00e1s amigos internacionales, adquirir\u00e1s competencias transculturales y transmitir\u00e1s tu experiencia a tu entorno.<\/p>\n\t\t\t\t\t\t\t\t\t\t<a href=\"#\" id=\"fl-accordion--icon-1\"  tabindex=\"0\"><i>Ampliar<\/i><\/a>\n\t\t\t\t\t<a href=\"#\"  id=\"fl-accordion--label-1\" tabindex=\"0\" aria-controls=\"fl-accordion--panel-1\">\u00bfCu\u00e1nto tiempo debo dedicar?<\/a>\n\t\t\t\t\t<p>Es muy dif\u00edcil dar tiempos exactos para el esfuerzo del programa, ya que no todo el mundo necesita el mismo tiempo para las mismas tareas. Le pedimos que tenga esto en cuenta. Calculamos el siguiente esfuerzo medio:<\/p>\n<strong>2 fines de semana f\u00edsicos al a\u00f1o<\/strong><br \/>\nPrimer fin de semana de marzo y noviembre, de viernes por la tarde a domingo por la tarde.\n<strong>Aprox. 20h al a\u00f1o<\/strong><br \/>\nPara convocatorias en l\u00ednea, autoestudio individual, participaci\u00f3n, visitas\/viajes de preparaci\u00f3n, informes de reflexi\u00f3n.\n<strong>2024: 2 semanas para la visita<\/strong><br \/>\nLa visita a Suiza est\u00e1 prevista del 21 de junio al 8 de julio de 2024.\n<strong>2025: 2-3 semanas para viajes al extranjero<\/strong><br \/>\nVerano, fecha exacta a\u00fan por definir\n\t\t\t\t\t\t\t\t\t\t<a href=\"#\" id=\"fl-accordion--icon-2\"  tabindex=\"0\"><i>Ampliar<\/i><\/a>\n\t\t\t\t\t<a href=\"#\"  id=\"fl-accordion--label-2\" tabindex=\"0\" aria-controls=\"fl-accordion--panel-2\">\u00bfTengo que ser religioso para participar en el programa?<\/a>\n\t\t\t\t\t<p>No es necesario ser religioso para participar en el programa. Del mismo modo, todas las afiliaciones religiosas son bienvenidas. Hay que ser abierto y tolerante con las religiones y los temas relacionados. Dado que Mission 21 tiene un trasfondo cristiano, tambi\u00e9n trabajamos con muchas organizaciones asociadas o iglesias asociadas de trasfondo cristiano. Por lo tanto, el viaje suele transcurrir en un contexto de influencia religiosa. Algunos participantes en el programa viajar\u00e1n a Suiza desde este contexto. Por lo tanto, puede haber devociones o visitas a servicios religiosos durante el programa.<\/p>\n\t\t\t\t\t\t\t\t\t\t<a href=\"#\" id=\"fl-accordion--icon-3\"  tabindex=\"0\"><i>Ampliar<\/i><\/a>\n\t\t\t\t\t<a href=\"#\"  id=\"fl-accordion--label-3\" tabindex=\"0\" aria-controls=\"fl-accordion--panel-3\">\u00bfQu\u00e9 costes puedo esperar al inscribirme en el programa?<\/a>\n\t\t\t\t\t<p>Mission 21 colabora con fundaciones para el conjunto del programa y se esfuerza por mantener los costes bajos para los participantes. Como participante, pagas 800 CHF en total (200 CHF al a\u00f1o, m\u00e1s 200 CHF de contribuci\u00f3n solidaria para personas con bajos ingresos). Esto incluye: Los gastos de vuelo para el viaje, as\u00ed como el alojamiento y las comidas durante el viaje, los fines de semana y la visita.<\/p>\n<p>Los gastos de viaje a los fines de semana y los gastos de seguro, as\u00ed como cualquier aclaraci\u00f3n m\u00e9dica antes del viaje, tambi\u00e9n corren a cargo de los participantes. Si estos obst\u00e1culos financieros son demasiado elevados para usted, p\u00f3ngase en contacto con nosotros y comprobaremos con usted c\u00f3mo podemos proceder.<\/p>\n\t\t\t\t\t\t\t\t\t\t<a href=\"#\" id=\"fl-accordion--icon-4\"  tabindex=\"0\"><i>Ampliar<\/i><\/a>\n\t\t\t\t\t<a href=\"#\"  id=\"fl-accordion--label-4\" tabindex=\"0\" aria-controls=\"fl-accordion--panel-4\">\u00bfQu\u00e9 idiomas necesito saber para participar en el programa?<\/a>\n\t\t\t\t\t<p>Los fines de semana de preparaci\u00f3n se imparten en alem\u00e1n. Para el contacto y la visita con los embajadores internacionales de la juventud, as\u00ed como para tu viaje al extranjero, tambi\u00e9n es necesario un buen conocimiento del ingl\u00e9s. Si quieres hacer tu viaje a Am\u00e9rica Latina, el conocimiento del espa\u00f1ol es una ventaja.<\/p>\n\t\t\t\t\t\t\t\t\t\t<a href=\"#\" id=\"fl-accordion--icon-5\"  tabindex=\"0\"><i>Ampliar<\/i><\/a>\n\t\t\t\t\t<a href=\"#\"  id=\"fl-accordion--label-5\" tabindex=\"0\" aria-controls=\"fl-accordion--panel-5\">\u00bfQu\u00e9 conocimientos previos necesito para participar en el programa?<\/a>\n\t\t\t\t\t<p>Para el Programa Embajada de la Juventud 2023-2025 deben cumplirse los siguientes requisitos:<\/p>\n<ul>\n<li>Edad: entre 18 y 30 a\u00f1os (1995 - 2006)<\/li>\n<li>Buen dominio del ingl\u00e9s<\/li>\n<li>Apertura, motivaci\u00f3n y voluntad de participar en encuentros interculturales y adoptar nuevas perspectivas.<\/li>\n<li>Ninguna restricci\u00f3n sanitaria pertinente para un viaje a Asia, \u00c1frica o Am\u00e9rica Latina<\/li>\n<\/ul>\n\t\t\t\t\t\t\t\t\t\t<a href=\"#\" id=\"fl-accordion--icon-6\"  tabindex=\"0\"><i>Ampliar<\/i><\/a>\n\t\t\t\t\t<a href=\"#\"  id=\"fl-accordion--label-6\" tabindex=\"0\" aria-controls=\"fl-accordion--panel-6\">\u00bfTodav\u00eda eres menor de edad, pero te gustar\u00eda participar en el programa?<\/a>\n\t\t\t\t\t<p>\u00bfSer\u00e1s mayor de edad cuando lleguen los embajadores internacionales de la juventud (junio de 2024)? Entonces ponte en contacto con nosotros de todos modos.<\/p>\n\t\t\t\t\t\t\t\t\t\t<a href=\"#\" id=\"fl-accordion--icon-7\"  tabindex=\"0\"><i>Ampliar<\/i><\/a>\n\t\t\t\t\t<a href=\"#\"  id=\"fl-accordion--label-7\" tabindex=\"0\" aria-controls=\"fl-accordion--panel-7\">\u00bfQu\u00e9 tipo de certificado recibir\u00e9 al final del programa?<\/a>\n\t\t\t\t\t<p>Parte del programa internacional de j\u00f3venes embajadores es un certificado de competencia inter y transcultural del Instituto de Comunicaci\u00f3n y Liderazgo (IKF) y Mission 21. Para recibir este certificado, los j\u00f3venes embajadores* participan en los talleres de preparaci\u00f3n y evaluaci\u00f3n.<\/p>\n<p><a href=\"https:\/\/www.ikf.ch\/de\">Instituto IKF de Comunicaci\u00f3n y Liderazgo<\/a><\/p>\n\t\t\t\t\t\t\t\t\t\t<a href=\"#\" id=\"fl-accordion--icon-8\"  tabindex=\"0\"><i>Ampliar<\/i><\/a>\n\t\t\t\t\t<a href=\"#\"  id=\"fl-accordion--label-8\" tabindex=\"0\" aria-controls=\"fl-accordion--panel-8\">\u00bfQu\u00e9 es Misi\u00f3n 21?<\/a>\n\t\t\t\t\t<p>Mission 21 est\u00e1 comprometida en 20 pa\u00edses de \u00c1frica, Asia y Am\u00e9rica Latina en el marco de la cooperaci\u00f3n al desarrollo sostenible, as\u00ed como de la ayuda de emergencia y la reconstrucci\u00f3n. Este compromiso mundial se combina con programas de intercambio intercultural y cooperaci\u00f3n interreligiosa, as\u00ed como de fomento de la comprensi\u00f3n de las interrelaciones globales. Uno de estos programas es el Youth Embassy Programme, organizado y ejecutado por young@mission21. Young@mission21 ofrece a los j\u00f3venes adultos de todo el mundo la oportunidad de establecer redes y trabajar as\u00ed por el desarrollo sostenible.<\/p>\n<p><a href=\"https:\/\/www.mission-21.org\/es\/\">Misi\u00f3n 21 (mission-21.org)<\/a><\/p>\n<p>\u00bfQu\u00e9 relaci\u00f3n guarda Mission 21 con su pasado?<\/p>\n<p>Mission 21 reflexiona cr\u00edticamente sobre su pasado y se ocupa intensamente de \u00e9l. Por ello, Mission 21 gestiona el archivo interno de investigaci\u00f3n sobre la historia de las misiones. Mission 21 tambi\u00e9n ofrece diversos eventos sobre este tema, como la serie de eventos \"Mission-Colonialism Revisited\". Por eso es importante para nosotros la cooperaci\u00f3n internacional descolonizada. El aprendizaje mutuo est\u00e1 en primer plano. En el Programa Embajada de la Juventud, esto se refleja en el hecho de que participan j\u00f3venes adultos de \u00c1frica, Asia, Europa y Am\u00e9rica Latina, y todos pueden realizar un viaje al extranjero. El programa tambi\u00e9n ofrece la oportunidad de conocer la historia de Mission 21 y la cooperaci\u00f3n internacional actual.<\/p>\n<p><a href=\"https:\/\/www.mission-21.org\/es\/que-hacemos\/eventos\/mision-colonialismo-revisado\/\">Sobre la serie de actos \"Misi\u00f3n-Colonialismo revisitado<\/a><\/p>","protected":false},"excerpt":{"rendered":"<p>14+ L\u00e4nder Vernetze dich und lerne Menschen aus Asien, Afrika, Europa und Lateinamerika kennen. 60+ Teilnehmende Werde Teil eines Netzwerkes von \u00fcber 60 Alumni und aktuellen Jugendbotschafter*innen. \u00abI haven&#8217;t experienced &#8217;safe places&#8216; many times before. So the time in Switzerland with the other youth was like a miracle to me. Without trust, there is no [&hellip;]<\/p>\n","protected":false},"author":6,"featured_media":7218,"parent":0,"menu_order":0,"comment_status":"closed","ping_status":"closed","template":"","meta":{"_acf_changed":false,"_seopress_robots_primary_cat":"","_seopress_titles_title":"","_seopress_titles_desc":"","_seopress_robots_index":"","_searchwp_excluded":"","site-sidebar-layout":"default","site-content-layout":"","ast-site-content-layout":"default","site-content-style":"default","site-sidebar-style":"default","ast-global-header-display":"","ast-banner-title-visibility":"","ast-main-header-display":"","ast-hfb-above-header-display":"","ast-hfb-below-header-display":"","ast-hfb-mobile-header-display":"","site-post-title":"","ast-breadcrumbs-content":"","ast-featured-img":"","footer-sml-layout":"","ast-disable-related-posts":"","theme-transparent-header-meta":"","adv-header-id-meta":"","stick-header-meta":"","header-above-stick-meta":"","header-main-stick-meta":"","header-below-stick-meta":"","astra-migrate-meta-layouts":"default","ast-page-background-enabled":"default","ast-page-background-meta":{"desktop":{"background-color":"var(--ast-global-color-4)","background-image":"","background-repeat":"repeat","background-position":"center center","background-size":"auto","background-attachment":"scroll","background-type":"","background-media":"","overlay-type":"","overlay-color":"","overlay-opacity":"","overlay-gradient":""},"tablet":{"background-color":"","background-image":"","background-repeat":"repeat","background-position":"center center","background-size":"auto","background-attachment":"scroll","background-type":"","background-media":"","overlay-type":"","overlay-color":"","overlay-opacity":"","overlay-gradient":""},"mobile":{"background-color":"","background-image":"","background-repeat":"repeat","background-position":"center center","background-size":"auto","background-attachment":"scroll","background-type":"","background-media":"","overlay-type":"","overlay-color":"","overlay-opacity":"","overlay-gradient":""}},"ast-content-background-meta":{"desktop":{"background-color":"var(--ast-global-color-5)","background-image":"","background-repeat":"repeat","background-position":"center center","background-size":"auto","background-attachment":"scroll","background-type":"","background-media":"","overlay-type":"","overlay-color":"","overlay-opacity":"","overlay-gradient":""},"tablet":{"background-color":"var(--ast-global-color-5)","background-image":"","background-repeat":"repeat","background-position":"center center","background-size":"auto","background-attachment":"scroll","background-type":"","background-media":"","overlay-type":"","overlay-color":"","overlay-opacity":"","overlay-gradient":""},"mobile":{"background-color":"var(--ast-global-color-5)","background-image":"","background-repeat":"repeat","background-position":"center center","background-size":"auto","background-attachment":"scroll","background-type":"","background-media":"","overlay-type":"","overlay-color":"","overlay-opacity":"","overlay-gradient":""}},"iawp_total_views":1663,"footnotes":""},"hf_cat_page":[],"class_list":["post-7215","page","type-page","status-publish","has-post-thumbnail"],"acf":[],"_links":{"self":[{"href":"https:\/\/www.mission-21.org\/es\/wp-json\/wp\/v2\/pages\/7215","targetHints":{"allow":["GET"]}}],"collection":[{"href":"https:\/\/www.mission-21.org\/es\/wp-json\/wp\/v2\/pages"}],"about":[{"href":"https:\/\/www.mission-21.org\/es\/wp-json\/wp\/v2\/types\/page"}],"author":[{"embeddable":true,"href":"https:\/\/www.mission-21.org\/es\/wp-json\/wp\/v2\/users\/6"}],"replies":[{"embeddable":true,"href":"https:\/\/www.mission-21.org\/es\/wp-json\/wp\/v2\/comments?post=7215"}],"version-history":[{"count":11,"href":"https:\/\/www.mission-21.org\/es\/wp-json\/wp\/v2\/pages\/7215\/revisions"}],"predecessor-version":[{"id":19599,"href":"https:\/\/www.mission-21.org\/es\/wp-json\/wp\/v2\/pages\/7215\/revisions\/19599"}],"wp:featuredmedia":[{"embeddable":true,"href":"https:\/\/www.mission-21.org\/es\/wp-json\/wp\/v2\/media\/7218"}],"wp:attachment":[{"href":"https:\/\/www.mission-21.org\/es\/wp-json\/wp\/v2\/media?parent=7215"}],"wp:term":[{"taxonomy":"hf_cat_page","embeddable":true,"href":"https:\/\/www.mission-21.org\/es\/wp-json\/wp\/v2\/hf_cat_page?post=7215"}],"curies":[{"name":"wp","href":"https:\/\/api.w.org\/{rel}","templated":true}]}}