{"id":8224,"date":"2023-04-19T09:56:10","date_gmt":"2023-04-19T07:56:10","guid":{"rendered":"https:\/\/www.mission-21.org\/?page_id=8224"},"modified":"2025-08-05T13:17:47","modified_gmt":"2025-08-05T11:17:47","slug":"consejo-de-justicia-de-genero","status":"publish","type":"page","link":"https:\/\/www.mission-21.org\/es\/wer-wir-sind\/organisationsstruktur\/advisory-board-gender-justice\/","title":{"rendered":"Consejo Asesor Justicia de G\u00e9nero"},"content":{"rendered":"<div class=\"fl-builder-content fl-builder-content-3660 fl-builder-template fl-builder-module-template fl-builder-global-templates-locked\" data-post-id=\"3660\"><div class=\"fl-module fl-module-pp-toc fl-node-xrvkwe8ihtn6 toc\" data-node=\"xrvkwe8ihtn6\">\n\t<div class=\"fl-module-content fl-node-content\">\n\t\t<div class=\"pp-toc-container\">\n\t\n\t<div class=\"pp-toc-body\">\n\t\t\t\t\t<ul class=\"pp-toc-list-wrapper pp-toc-list-icon\"><\/ul>\n\t\t\t\t<\/div>\n<\/div>\n\n\t<\/div>\n<\/div>\n<\/div><div class=\"uabb-js-breakpoint\" style=\"display: none;\"><\/div>\n\t\t\t\t<img decoding=\"async\" src=\"https:\/\/www.mission-21.org\/wp-content\/uploads\/2023\/04\/monica-alvarez-2.png\" alt=\"monica alvarez 2\" itemprop=\"image\" height=\"1501\" width=\"1170\" title=\"M\u00f3nica \u00c1lvarez-2\" onerror=\"this.style.display='none'\" loading='lazy' \/>\n\t<h2>M\u00f3nica Trevi\u00f1o \u00c1lvarez<\/h2>\n<p><strong>Experto externo en cuestiones de g\u00e9nero<\/strong><\/p>\n<p>M\u00f3nica Trevi\u00f1o \u00c1lvarez es una te\u00f3loga feminista queer de M\u00e9xico.<\/p>\nSu trabajo se centra en las cuestiones LGBTIQ+ en un contexto religioso.<br \/>\nImparte cursos y escribe libros para j\u00f3venes sobre cuestiones LGBTIQ+ y trabaja con grupos de mujeres sobre el tema del aborto. Su principal \u00e1rea de trabajo es la violencia espiritual contra las personas queer.\n<p>Tiene un m\u00e1ster en Estudios de G\u00e9nero y Teolog\u00eda y es licenciada en Derechos Humanos y Estudios para la Paz.<\/p>\n\t\t\t\t<img decoding=\"async\" src=\"https:\/\/www.mission-21.org\/wp-content\/uploads\/2024\/09\/karoline-mora.jpeg\" alt=\"karoline mora\" itemprop=\"image\" height=\"1296\" width=\"972\" title=\"Karoline Mora\" onerror=\"this.style.display='none'\" loading='lazy' \/>\n\t<h2><strong>Karoline Mora Blanco<\/strong><\/h2>\n<strong>Coordinadora de Mujeres Am\u00e9rica Latina<br \/>\n<\/strong>\n<p>Karoline Mora Blanco es M\u00e1ster en Teolog\u00eda y Estudios de G\u00e9nero por la Universidad de KwaZulu-Natal, Sud\u00e1frica. De 2017 a 2018 fue profesora interina del Instituto de Estudios de la Mujer de la Universidad Nacional de Costa Rica. Desde 2021 es coordinadora de programas de formaci\u00f3n socio-teol\u00f3gica en la Direcci\u00f3n de Investigaci\u00f3n Ecum\u00e9nica (DEI) en San Jos\u00e9, Costa Rica. Ha trabajado como consultora en materiales teol\u00f3gicos y cuadernos de trabajo para ni\u00f1os y j\u00f3venes, as\u00ed como para adultos, con un enfoque en la violencia contra los ni\u00f1os y la justicia de g\u00e9nero. Tambi\u00e9n ha publicado varios libros sobre teolog\u00eda feminista, g\u00e9nero, sexualidad y religi\u00f3n.<\/p>\n\t\t\t\t<img decoding=\"async\" src=\"https:\/\/www.mission-21.org\/wp-content\/uploads\/2023\/04\/ira-imelda-2.png\" alt=\"ira imelda 2\" itemprop=\"image\" height=\"1501\" width=\"1170\" title=\"Ira Imelda-2\" onerror=\"this.style.display='none'\" loading='lazy' \/>\n\t<h2><strong>Ira Imelda<\/strong><\/h2>\n<strong>Coordinadora de Mujeres Asia<br \/>\n<\/strong>\n<p>Ira Imelda es ministra ordenada de la Iglesia Cristiana Pasundan (GKP) y trabaja en el Centro de Crisis para Mujeres Pasundan Durebang de Bandung. Lleva trabajando en cuestiones de justicia de g\u00e9nero desde que se licenci\u00f3 en 1997.<\/p>\n<p>Tambi\u00e9n ha colaborado en revistas y libros, ha realizado investigaciones relacionadas con la integraci\u00f3n de la perspectiva de g\u00e9nero en la pol\u00edtica y ha abogado activamente por la igualdad de g\u00e9nero y la inclusi\u00f3n social a escala nacional, en la provincia de Java Occidental y en las ciudades y distritos de Bandung.<\/p>\n<p>De 2019 a 2023, fue miembro del comit\u00e9 directivo nacional de un foro de servicios para mujeres v\u00edctimas de violencia de g\u00e9nero. Tambi\u00e9n participa en la ense\u00f1anza y es co-supervisora en la formaci\u00f3n de consejeros de la Asociaci\u00f3n de Consejeros Psicoespirituales de Indonesia. Fue elegida Coordinadora de la Asian Fellowship en diciembre de 2021.<\/p>\n\t\t\t\t<img decoding=\"async\" src=\"https:\/\/www.mission-21.org\/wp-content\/uploads\/2023\/04\/matthias-lutterbach-2.png\" alt=\"matthias lutterbach 2\" itemprop=\"image\" height=\"1501\" width=\"1170\" title=\"Matthias Lutterbach-2\" onerror=\"this.style.display='none'\" loading='lazy' \/>\n\t<h2>Matthias Luterbach<\/h2>\n<p><strong>Experto externo en cuestiones de g\u00e9nero<\/strong><\/p>\n<p>Matthias Luterbach realiza actualmente su doctorado en la Universidad de Basilea sobre el tema de las masculinidades y, como asistente en el Departamento de Estudios de G\u00e9nero, se encarga de coordinar la ense\u00f1anza de la asignatura. Tambi\u00e9n es miembro de la junta directiva de la Sociedad Suiza de Estudios de G\u00e9nero (SGGF) y co-iniciador y miembro del grupo de trabajo Transformaci\u00f3n de las Masculinidades.<\/p>\n<p>Anteriormente, fue miembro de la Comisi\u00f3n de Igualdad de Oportunidades Basel-Stadt, as\u00ed como asistente de investigaci\u00f3n en diversos proyectos de investigaci\u00f3n.<\/p>\n<p>Su trabajo se centra en la investigaci\u00f3n cr\u00edtica sobre los hombres y la(s) masculinidad(es), la transformaci\u00f3n de las formas de vida familiar, las relaciones de pareja y las relaciones de g\u00e9nero, la teor\u00eda cr\u00edtica social y de g\u00e9nero, la teor\u00eda\/cr\u00edtica feminista y la investigaci\u00f3n social cualitativa.<\/p>\n\t\t\t\t<img decoding=\"async\" src=\"https:\/\/www.mission-21.org\/wp-content\/uploads\/2022\/10\/csm_michal_maurer_vorstand_foto-gabriela-mueller_33a8937f63.jpg\" alt=\"csm michal maurer foto del consejo gabriela mueller 33a8937f63\" itemprop=\"image\" height=\"480\" width=\"360\" title=\"csm_Michal_Maurer_Junta directiva_foto-gabriela-mueller_33a8937f63\" onerror=\"this.style.display='none'\" loading='lazy' \/>\n\t<h2><strong>Michal Maurer<\/strong><\/h2>\n<p><strong>Presidente<\/strong><\/p>\n<p>Michal Maurer Pfenninger trabaj\u00f3 como pastora en las congregaciones de la di\u00e1spora en Sargans, Mels y Vilters-Wangs, y desde enero de 2024 trabaja como capellana en el Hospital Municipal de Z\u00farich. Estudi\u00f3 en las universidades de Z\u00farich, Basilea y Estrasburgo y particip\u00f3 durante mucho tiempo en la YMCA. Interesada por los idiomas y la gente, ha viajado mucho. Michal Maurer-Pfenninger est\u00e1 vinculada a Mission 21 a trav\u00e9s de un viaje a Camer\u00fan y su trabajo como embajadora de la juventud. Las personas que han luchado valientemente por la igualdad de g\u00e9nero la han inspirado durante muchos a\u00f1os.<\/p>\n\t\t\t\t<img decoding=\"async\" src=\"https:\/\/www.mission-21.org\/wp-content\/uploads\/2023\/04\/paska-aciya-2.png\" alt=\"paska aciya 2\" itemprop=\"image\" height=\"1501\" width=\"1170\" title=\"Paska Aciya-2\" onerror=\"this.style.display='none'\" loading='lazy' \/>\n\t<h2><strong>Paska Nimiriano<\/strong><\/h2>\n<strong>Coordinadora de Mujeres \u00c1frica<br \/>\n<\/strong>\n<p>Paska Nimiriano es licenciada en Teolog\u00eda y pastora principal de la comunidad Anywuak de Sud\u00e1n del Sur. A lo largo de los a\u00f1os, ha participado en diversos talleres sobre la aplicaci\u00f3n de procesos de paz y la defensa de los derechos humanos en el contexto de instituciones confesionales. En la \u00faltima d\u00e9cada, Paska Nimiriano ha trabajado en la capacitaci\u00f3n de las mujeres, la curaci\u00f3n de traumas y la reconciliaci\u00f3n para ayudarlas a superar su pasado. Tambi\u00e9n ha impartido cursos de liderazgo para mujeres y j\u00f3venes y organizado talleres sobre t\u00e9cnicas agr\u00edcolas, costura y artesan\u00eda.<\/p>\n<p>Es Coordinadora de Mujeres en la Asamblea Continental del S\u00ednodo de Misi\u00f3n 21.<\/p>\n\t\t\t\t<img decoding=\"async\" src=\"https:\/\/www.mission-21.org\/wp-content\/uploads\/2023\/04\/ilona-paganoni-2.png\" alt=\"ilona paganoni 2\" itemprop=\"image\" height=\"1501\" width=\"1170\" title=\"Ilona Paganoni-2\" onerror=\"this.style.display='none'\" loading='lazy' \/>\n\t<h2>Ilona Paganoni<\/h2>\n<p><strong>Experto externo en cuestiones de g\u00e9nero<\/strong><\/p>\n<p>Ilona Paganoni tiene un m\u00e1ster en desarrollo internacional y varios a\u00f1os de experiencia profesional en los campos del trabajo de desarrollo, gesti\u00f3n de proyectos y conocimientos, seguimiento y evaluaci\u00f3n, as\u00ed como liderazgo intercultural.<\/p>\n<p>Su trabajo se centra en el cambio social sostenible a trav\u00e9s de una programaci\u00f3n orientada al impacto y el fortalecimiento de las comunidades locales. Cuenta con varios a\u00f1os de experiencia en el extranjero, en Am\u00e9rica Central y Filipinas, y ha trabajado para Swissaid, las Naciones Unidas y C\u00e1ritas Suiza. En la actualidad, trabaja como Directora de Desarrollo Empresarial para NIRAS Suiza, entre otras cosas como apoyo para el seguimiento y la evaluaci\u00f3n de los mandatos de la COSUDE. Tambi\u00e9n es consultora independiente para ONG e instituciones p\u00fablicas suizas en el campo de la programaci\u00f3n orientada al impacto y la facilitaci\u00f3n de eventos de aprendizaje.<\/p>\n\t\t\t\t<img decoding=\"async\" src=\"https:\/\/www.mission-21.org\/wp-content\/uploads\/2024\/09\/funmi-para-mallam.png\" alt=\"funmi para mallam\" itemprop=\"image\" height=\"408\" width=\"345\" title=\"Funmi Para-Mallam\" onerror=\"this.style.display='none'\" loading='lazy' \/>\n\t<h2>Oluwafunmilayo Para-Mallam<\/h2>\n<p><strong>Experto externo en cuestiones de g\u00e9nero<\/strong><\/p>\n<p>La Prof. Dra. Oluwafunmilayo J. Para-Mallam es Directora de Estudios del Instituto Nacional de Estudios Pol\u00edticos y Estrat\u00e9gicos de Kuru (Nigeria). Doctora en Estudios de Desarrollo por la Universidad de Leeds (Inglaterra), es profesora de G\u00e9nero y Desarrollo, consultora y activista por la justicia de g\u00e9nero. Funmi Para-Mallam es Presidenta de la African Women's Leadership Network (AWLN), Nigeria, y miembro del Comit\u00e9 Asesor Presidencial de Alto Nivel sobre Igualdad de G\u00e9nero en Nigeria. Tambi\u00e9n es Coordinadora Nacional de Christian Women for Excellence and Empowerment in Nigerian Society (CWEENS), una red de mujeres para la promoci\u00f3n de la mujer y la lucha contra la violencia de g\u00e9nero.<\/p>\n\t\t\t\t<img decoding=\"async\" src=\"https:\/\/www.mission-21.org\/wp-content\/uploads\/2023\/12\/portraet_rivka-schunk_zvg-2023-12-06.jpg\" alt=\"lwf decimotercera asamblea, polonia 2023\" itemprop=\"image\" height=\"1559\" width=\"1170\" title=\"Decimotercera Asamblea de la FLM, Polonia 2023\" onerror=\"this.style.display='none'\" loading='lazy' \/>\n\t<h2>Rivka Schunk<\/h2>\n<p><strong>Coordinadora de Mujeres Europa<\/strong><\/p>\n<p>Rivka Schunk estudi\u00f3 teolog\u00eda y estudios jud\u00edos y es pastora evang\u00e9lica luterana ordenada. Desde 2021, trabaja como asistente de investigaci\u00f3n en el departamento de teolog\u00eda de la Federaci\u00f3n Luterana Mundial, donde tambi\u00e9n est\u00e1 comprometida con el fortalecimiento de la red mundial de mujeres luteranas a trav\u00e9s del trabajo program\u00e1tico sobre derechos humanos y justicia de g\u00e9nero. En la Iglesia Regional de W\u00fcrttemberg, es miembro del comit\u00e9 directivo del trabajo de mujeres de la VAG-W\u00fcrttemberg y volver\u00e1 a trabajar como pastora en la ciudad de Heilbronn a partir de enero de 2024.<\/p>\nAnteriormente, trabaj\u00f3 como ayudante de investigaci\u00f3n en la C\u00e1tedra de Nuevo Testamento y Juda\u00edsmo Antiguo de Tubinga y, desde su voluntariado all\u00ed, participa en una organizaci\u00f3n de patrocinio educativo en Paraguay.<br \/>\nEs Coordinadora de Mujeres en la Asamblea Continental del S\u00ednodo de Misi\u00f3n 21.\n\t\t\t\t<img decoding=\"async\" src=\"https:\/\/www.mission-21.org\/wp-content\/uploads\/2024\/07\/anders_stokholm1.png\" alt=\"estocolmo1 diferente\" itemprop=\"image\" height=\"858\" width=\"667\" title=\"Anders_Stokholm1\" onerror=\"this.style.display='none'\" loading='lazy' \/>\n\t<h2><strong>Anders Stokholm<\/strong><\/h2>\n<p><strong>Vicepresidente<\/strong><\/p>\n<p>Anders Stokholm trabaja ahora como pastor, tras haber sido durante muchos a\u00f1os alcalde de Frauenfeld (Turgovia). Anders Stokholm estudi\u00f3 Teolog\u00eda en Z\u00farich de 1983 a 1990 y complet\u00f3 su vicariato en el Grossm\u00fcnster. A continuaci\u00f3n, trabaj\u00f3 como p\u00e1rroco en Stein am Rhein de 1991 a 1998. De 1998 a 2002 trabaj\u00f3 como redactor en la Prensa Reformada de Z\u00farich y se form\u00f3 como periodista cualificado MAZ. De 2002 a 2008 dirigi\u00f3 la Fundaci\u00f3n Zukunft Thurgau y de 2008 a 2015 fue director del Centro de Seguridad Social de Thurgau. Con Mission 21 quiere ampliar su labor social en un contexto global. Est\u00e1 convencido de que cada d\u00eda ofrece una oportunidad para defender la igualdad de g\u00e9nero: en casa, en el trabajo y en la sociedad.<\/p>\n\t\t\t\t<img decoding=\"async\" src=\"https:\/\/www.mission-21.org\/wp-content\/uploads\/2023\/12\/ruth-ketsia-wangkai-gute-nachricht-protraet-hoch_2017.jpg\" alt=\"ruth ketsia wangkai buenas noticias perfil alto 2017\" itemprop=\"image\" height=\"1648\" width=\"1236\" title=\"Ruth Ketsia Wangkai Buenas noticias Protr\u00e4t-high_2017\" onerror=\"this.style.display='none'\" loading='lazy' \/>\n\t<h2>Ruth Ketsia Wangkei<\/h2>\n<p><strong>Experto externo en cuestiones de g\u00e9nero<\/strong><\/p>\nRuth Ketsia Wangkei fue ordenada pastora en la Iglesia Cristiana Evang\u00e9lica de Minahasa (GMIM) en 1984. Tras obtener un m\u00e1ster en Teolog\u00eda, trabaj\u00f3 como profesora en la Facultad de Teolog\u00eda de la Universidad Cristiana Indonesia de Tomohon entre 1992 y 2015. Interesada por la teolog\u00eda feminista, se uni\u00f3 a PERUATI<br \/>\n(Asociaci\u00f3n de Mujeres con Formaci\u00f3n Teol\u00f3gica de Indonesia), donde fue elegida Presidenta de la Junta Nacional en 2011. Desde 2019, se le ha confiado la labor de PERUATI como Asesora Nacional.\n<p>Adem\u00e1s de PERUATI, Ruth Ketsia Wangkei tambi\u00e9n participa en cuestiones feministas, multiculturales y period\u00edsticas, as\u00ed como en movimientos de base contra la violencia hacia las mujeres y los ni\u00f1os. Tambi\u00e9n colabora con el Tomohon Family Learning Center, que defiende los derechos humanos de las personas LGBTQI+ a escala local y nacional.<\/p>\n<p>Sus principales intereses son la justicia de g\u00e9nero, la teolog\u00eda feminista, los derechos humanos de la mujer y otras actividades de defensa.<\/p>\n\t\t\t\t<img decoding=\"async\" src=\"https:\/\/www.mission-21.org\/wp-content\/uploads\/2022\/10\/csm_evelyne_zinsstag_fako_f5cf1176f9.jpg\" alt=\"csm evelyne zinsstag fako f5cf1176f9\" itemprop=\"image\" height=\"450\" width=\"379\" title=\"csm_Evelyne_interest_day_FaKo_f5cf1176f9\" onerror=\"this.style.display='none'\" loading='lazy' \/>\n\t<h2>Evelyne Zinsstag<\/h2>\n<p><strong>Experto externo en cuestiones de g\u00e9nero<\/strong><\/p>\n<p>Evelyne Zinsstag estudi\u00f3 teolog\u00eda feminista y es pastora de la \u00c9glise fran\u00e7aise r\u00e9form\u00e9e de B\u00e2le desde 2018.<\/p>\n<p>Durante sus estudios trabaj\u00f3 en Mission 21 y desde entonces tambi\u00e9n ha estado muy implicada en la teolog\u00eda intercultural. Es miembro de Tsena Malalaka, la red intercontinental de te\u00f3logas feministas, y de la junta de EFECW (Foro Ecum\u00e9nico de Mujeres Cristianas Europeas) y de te\u00f3logas feministas de IG.<\/p>\n<p>De 2016 a 2022, fue miembro de la Comisi\u00f3n de Mujeres y G\u00e9nero de Misi\u00f3n 21.<\/p>\n<h2>\n\t\t\t Unidad de Mujeres y G\u00e9nero \t<\/h2>\n\t<p>M\u00e1s informaci\u00f3n sobre el trabajo de la Unidad de Mujeres y G\u00e9nero.\u00a0<a href=\"https:\/\/www.mission-21.org\/es\/quienes-somos\/unidad-de-personal-mujeres-y-genero\/\">\u25ba M\u00e1s informaci\u00f3n<\/a><\/p>","protected":false},"excerpt":{"rendered":"<p>Mo\u0301nica Trevin\u0303o A\u0301lvarez Externe Gender-Expertin Mo\u0301nica Trevin\u0303o A\u0301lvarez ist eine queer-feministische Theologin aus Mexiko. In ihrer Arbeit konzentriert sie sich auf LGBTIQ+-Themen in einem religi\u00f6sen Kontext. Sie gibt Kurse und schreibt B\u00fccher f\u00fcr Jugendliche \u00fcber LGBTIQ+-Themen und arbeitet mit Frauengruppen zum Thema Abtreibung. Ihr Hauptarbeitsgebiet ist die spirituelle Gewalt gegen queere Menschen. Sie hat einen [&hellip;]<\/p>\n","protected":false},"author":6,"featured_media":0,"parent":3194,"menu_order":0,"comment_status":"closed","ping_status":"closed","template":"","meta":{"_acf_changed":false,"_seopress_robots_primary_cat":"","_seopress_titles_title":"","_seopress_titles_desc":"","_seopress_robots_index":"","_searchwp_excluded":"","site-sidebar-layout":"default","site-content-layout":"","ast-site-content-layout":"default","site-content-style":"default","site-sidebar-style":"default","ast-global-header-display":"","ast-banner-title-visibility":"","ast-main-header-display":"","ast-hfb-above-header-display":"","ast-hfb-below-header-display":"","ast-hfb-mobile-header-display":"","site-post-title":"","ast-breadcrumbs-content":"","ast-featured-img":"","footer-sml-layout":"","ast-disable-related-posts":"","theme-transparent-header-meta":"","adv-header-id-meta":"","stick-header-meta":"","header-above-stick-meta":"","header-main-stick-meta":"","header-below-stick-meta":"","astra-migrate-meta-layouts":"set","ast-page-background-enabled":"default","ast-page-background-meta":{"desktop":{"background-color":"var(--ast-global-color-4)","background-image":"","background-repeat":"repeat","background-position":"center center","background-size":"auto","background-attachment":"scroll","background-type":"","background-media":"","overlay-type":"","overlay-color":"","overlay-opacity":"","overlay-gradient":""},"tablet":{"background-color":"","background-image":"","background-repeat":"repeat","background-position":"center center","background-size":"auto","background-attachment":"scroll","background-type":"","background-media":"","overlay-type":"","overlay-color":"","overlay-opacity":"","overlay-gradient":""},"mobile":{"background-color":"","background-image":"","background-repeat":"repeat","background-position":"center center","background-size":"auto","background-attachment":"scroll","background-type":"","background-media":"","overlay-type":"","overlay-color":"","overlay-opacity":"","overlay-gradient":""}},"ast-content-background-meta":{"desktop":{"background-color":"var(--ast-global-color-5)","background-image":"","background-repeat":"repeat","background-position":"center center","background-size":"auto","background-attachment":"scroll","background-type":"","background-media":"","overlay-type":"","overlay-color":"","overlay-opacity":"","overlay-gradient":""},"tablet":{"background-color":"var(--ast-global-color-5)","background-image":"","background-repeat":"repeat","background-position":"center center","background-size":"auto","background-attachment":"scroll","background-type":"","background-media":"","overlay-type":"","overlay-color":"","overlay-opacity":"","overlay-gradient":""},"mobile":{"background-color":"var(--ast-global-color-5)","background-image":"","background-repeat":"repeat","background-position":"center center","background-size":"auto","background-attachment":"scroll","background-type":"","background-media":"","overlay-type":"","overlay-color":"","overlay-opacity":"","overlay-gradient":""}},"iawp_total_views":658,"footnotes":""},"hf_cat_page":[297,302],"class_list":["post-8224","page","type-page","status-publish"],"acf":[],"_links":{"self":[{"href":"https:\/\/www.mission-21.org\/es\/wp-json\/wp\/v2\/pages\/8224","targetHints":{"allow":["GET"]}}],"collection":[{"href":"https:\/\/www.mission-21.org\/es\/wp-json\/wp\/v2\/pages"}],"about":[{"href":"https:\/\/www.mission-21.org\/es\/wp-json\/wp\/v2\/types\/page"}],"author":[{"embeddable":true,"href":"https:\/\/www.mission-21.org\/es\/wp-json\/wp\/v2\/users\/6"}],"replies":[{"embeddable":true,"href":"https:\/\/www.mission-21.org\/es\/wp-json\/wp\/v2\/comments?post=8224"}],"version-history":[{"count":11,"href":"https:\/\/www.mission-21.org\/es\/wp-json\/wp\/v2\/pages\/8224\/revisions"}],"predecessor-version":[{"id":17895,"href":"https:\/\/www.mission-21.org\/es\/wp-json\/wp\/v2\/pages\/8224\/revisions\/17895"}],"up":[{"embeddable":true,"href":"https:\/\/www.mission-21.org\/es\/wp-json\/wp\/v2\/pages\/3194"}],"wp:attachment":[{"href":"https:\/\/www.mission-21.org\/es\/wp-json\/wp\/v2\/media?parent=8224"}],"wp:term":[{"taxonomy":"hf_cat_page","embeddable":true,"href":"https:\/\/www.mission-21.org\/es\/wp-json\/wp\/v2\/hf_cat_page?post=8224"}],"curies":[{"name":"wp","href":"https:\/\/api.w.org\/{rel}","templated":true}]}}