{"id":9789,"date":"2023-08-03T11:16:27","date_gmt":"2023-08-03T09:16:27","guid":{"rendered":"https:\/\/www.mission-21.org\/?page_id=9789"},"modified":"2023-08-07T13:58:52","modified_gmt":"2023-08-07T11:58:52","slug":"vida-no-violenta-para-mujeres-y-ninos","status":"publish","type":"page","link":"https:\/\/www.mission-21.org\/es\/gewaltfreies-leben-fuer-frauen-und-kinder\/","title":{"rendered":"Vida no violenta para mujeres y ni\u00f1os"},"content":{"rendered":"<h1>\n\t\tNo a la violencia contra las mujeres y los ni\u00f1os\n\t<\/h1>\n\t<p>Las mujeres de la familia de Mar\u00eda han sido repetidamente objeto de violencia sexual por parte de los hombres. Los agresores ni siquiera se detienen ante los ni\u00f1os. El marido de Mar\u00eda y la polic\u00eda la abandonaron. En la Bolivia rural, su historia no es una excepci\u00f3n.<\/p>\n<p>Nuestra organizaci\u00f3n socia Fundaci\u00f3n Machaqa Amawta (FMA) ofrece protecci\u00f3n y acompa\u00f1amiento. El trabajo preventivo pretende proteger a los ni\u00f1os y j\u00f3venes de las agresiones y romper la espiral de violencia.<\/p>\n\t<strong>\u00danete a nosotros para proteger a estas mujeres y ni\u00f1os de las agresiones.<br \/>\n<\/strong><strong>Muchas gracias por su donaci\u00f3n.<\/strong>\n\t\t\t<a href=\"#Spenden\" target=\"_self\" role=\"button\" rel=\"noopener\">\n\t\t\t\t\t\t\tDonar ahora\n\t\t\t\t\t<\/a>\n\t\t\t<a href=\"https:\/\/www.mission-21.org\/es\/in-marias-family-communicate-men-with-violence\/\" target=\"_self\" role=\"button\" rel=\"noopener\">\n\t\t\t\t\t\t\tM\u00e1s sobre la historia de Mary\n\t\t\t\t\t<\/a>\n\t\t\t<a href=\"https:\/\/www.mission-21.org\/es\/proyectos\/superacion-violencia-permitir-autodeterminacion-2\/\" target=\"_self\" role=\"button\" rel=\"noopener\">\n\t\t\t\t\t\t\tM\u00e1s informaci\u00f3n sobre el proyecto\n\t\t\t\t\t<\/a>\n<h2>\n\t\tMuchas gracias por su donaci\u00f3n.\n\t<\/h2>\n\t\t\t\t<img decoding=\"async\" src=\"https:\/\/www.mission-21.org\/wp-content\/uploads\/2022\/10\/qr-rechnung.jpg\" alt=\"factura qr\" title=\"Factura QR\" itemprop=\"image\"\/>\n\t\t\t<h3>Donar ahorrando tasas<\/h3>\t\t\t\n\t\t\t\t<p>Una transferencia bancaria reduce los costes de transacci\u00f3n. Esto hace que su donaci\u00f3n sea especialmente eficaz. Descargue la factura, utilice los datos bancarios o el c\u00f3digo QR. Muchas gracias.<\/p>\n\t\t\t<a href=\"https:\/\/www.mission-21.org\/es\/descargar\/comprobante-de-pago\/\" target=\"_self\" role=\"button\" aria-label=\"Recibo de pago (PDF)\" rel=\"noopener\">\n\t\t\t\t\t\t\tRecibo de pago (PDF)\n\t\t<\/a>\n\t<strong>Cuenta de donaciones Suiza:<\/strong><br \/>\nIBAN: CH58 0900 0000 4072 6233 2<br \/>\nN\u00famero de exenci\u00f3n fiscal:<br \/>\nCHE-105.706.527\n\t<strong>Cuenta de donaciones de Alemania:<\/strong><br \/>\nCaja de Ahorros de L\u00f6rrach-Rheinfelden<br \/>\nSwift-BIC: SKLODE66<br \/>\nCUENTA BANCARIA: 683 500 48<br \/>\nIBAN: DE39 6835 0048 0001 0323 33<br \/>\nN\u00ba de cuenta : 1032333","protected":false},"excerpt":{"rendered":"<p>Keine Gewalt an Frauen und Kindern! Die Frauen in Marias Familie wurden wiederholt zum Ziel von sexueller Gewalt von M\u00e4nnern. Die T\u00e4ter machen auch vor Kindern nicht halt. Marias Ehemann und die Polizei liessen sie im Stich. Im l\u00e4ndlichen Bolivien ist ihre Geschichte keine Ausnahme. Unsere Partnerorganisation Fundaci\u00f3n Machaqa Amawta (FMA) bietet Schutz und Begleitung. [&hellip;]<\/p>\n","protected":false},"author":6,"featured_media":0,"parent":0,"menu_order":0,"comment_status":"closed","ping_status":"closed","template":"","meta":{"_acf_changed":false,"_seopress_robots_primary_cat":"","_seopress_titles_title":"","_seopress_titles_desc":"","_seopress_robots_index":"","_searchwp_excluded":"","site-sidebar-layout":"default","site-content-layout":"","ast-site-content-layout":"default","site-content-style":"default","site-sidebar-style":"default","ast-global-header-display":"","ast-banner-title-visibility":"","ast-main-header-display":"","ast-hfb-above-header-display":"","ast-hfb-below-header-display":"","ast-hfb-mobile-header-display":"","site-post-title":"","ast-breadcrumbs-content":"","ast-featured-img":"","footer-sml-layout":"","ast-disable-related-posts":"","theme-transparent-header-meta":"","adv-header-id-meta":"","stick-header-meta":"","header-above-stick-meta":"","header-main-stick-meta":"","header-below-stick-meta":"","astra-migrate-meta-layouts":"default","ast-page-background-enabled":"default","ast-page-background-meta":{"desktop":{"background-color":"var(--ast-global-color-4)","background-image":"","background-repeat":"repeat","background-position":"center center","background-size":"auto","background-attachment":"scroll","background-type":"","background-media":"","overlay-type":"","overlay-color":"","overlay-opacity":"","overlay-gradient":""},"tablet":{"background-color":"","background-image":"","background-repeat":"repeat","background-position":"center center","background-size":"auto","background-attachment":"scroll","background-type":"","background-media":"","overlay-type":"","overlay-color":"","overlay-opacity":"","overlay-gradient":""},"mobile":{"background-color":"","background-image":"","background-repeat":"repeat","background-position":"center center","background-size":"auto","background-attachment":"scroll","background-type":"","background-media":"","overlay-type":"","overlay-color":"","overlay-opacity":"","overlay-gradient":""}},"ast-content-background-meta":{"desktop":{"background-color":"var(--ast-global-color-5)","background-image":"","background-repeat":"repeat","background-position":"center center","background-size":"auto","background-attachment":"scroll","background-type":"","background-media":"","overlay-type":"","overlay-color":"","overlay-opacity":"","overlay-gradient":""},"tablet":{"background-color":"var(--ast-global-color-5)","background-image":"","background-repeat":"repeat","background-position":"center center","background-size":"auto","background-attachment":"scroll","background-type":"","background-media":"","overlay-type":"","overlay-color":"","overlay-opacity":"","overlay-gradient":""},"mobile":{"background-color":"var(--ast-global-color-5)","background-image":"","background-repeat":"repeat","background-position":"center center","background-size":"auto","background-attachment":"scroll","background-type":"","background-media":"","overlay-type":"","overlay-color":"","overlay-opacity":"","overlay-gradient":""}},"iawp_total_views":21,"footnotes":""},"hf_cat_page":[],"class_list":["post-9789","page","type-page","status-publish"],"acf":[],"_links":{"self":[{"href":"https:\/\/www.mission-21.org\/es\/wp-json\/wp\/v2\/pages\/9789","targetHints":{"allow":["GET"]}}],"collection":[{"href":"https:\/\/www.mission-21.org\/es\/wp-json\/wp\/v2\/pages"}],"about":[{"href":"https:\/\/www.mission-21.org\/es\/wp-json\/wp\/v2\/types\/page"}],"author":[{"embeddable":true,"href":"https:\/\/www.mission-21.org\/es\/wp-json\/wp\/v2\/users\/6"}],"replies":[{"embeddable":true,"href":"https:\/\/www.mission-21.org\/es\/wp-json\/wp\/v2\/comments?post=9789"}],"version-history":[{"count":11,"href":"https:\/\/www.mission-21.org\/es\/wp-json\/wp\/v2\/pages\/9789\/revisions"}],"predecessor-version":[{"id":9827,"href":"https:\/\/www.mission-21.org\/es\/wp-json\/wp\/v2\/pages\/9789\/revisions\/9827"}],"wp:attachment":[{"href":"https:\/\/www.mission-21.org\/es\/wp-json\/wp\/v2\/media?parent=9789"}],"wp:term":[{"taxonomy":"hf_cat_page","embeddable":true,"href":"https:\/\/www.mission-21.org\/es\/wp-json\/wp\/v2\/hf_cat_page?post=9789"}],"curies":[{"name":"wp","href":"https:\/\/api.w.org\/{rel}","templated":true}]}}