{"id":10366,"date":"2023-09-05T12:06:15","date_gmt":"2023-09-05T10:06:15","guid":{"rendered":"https:\/\/www.mission-21.org\/?page_id=10366"},"modified":"2024-04-11T09:04:51","modified_gmt":"2024-04-11T07:04:51","slug":"soberania-alimentaria-en-nigeria","status":"publish","type":"page","link":"https:\/\/www.mission-21.org\/fr\/ernahrungssouveranitat-in-nigeria-23\/","title":{"rendered":"\"L'\u00e9ducation d\u00e9termine ce que nous r\u00e9colterons \u00e0 l'avenir\""},"content":{"rendered":"<h1>L'\u00e9ducation d\u00e9termine ce que nous r\u00e9colterons \u00e0 l'avenir.<\/h1>\n<h1>Merci pour votre don !<\/h1>\n\t<p>Le Nigeria est de loin le pays le plus peupl\u00e9 d'Afrique. Environ 225 millions de personnes vivent dans cet \u00c9tat d'Afrique de l'Ouest et la population ne cesse d'augmenter. La pauvret\u00e9 est grande et l'agriculture nig\u00e9riane est sous pression, notamment en raison du changement climatique. Avec notre campagne 2023, nous montrons l'importance de l'\u00e9ducation pour un d\u00e9veloppement \u00e9cologiquement durable - au Nigeria mais aussi en Suisse.<\/p>\n\t<p><strong>Soutenez-nous pour que nos partenaires au Nigeria puissent former encore plus de paysans et de paysannes.<\/strong><\/p>\n<p><strong>Oui, je fais un don<\/strong><\/p>\n\t\t\t<a href=\"https:\/\/www.mission-21.org\/fr\/dons-campagne-2023\/?rnw-amount=20\" target=\"_self\" role=\"button\" rel=\"noopener\">\n\t\t\t\t\t\t\tCHF 20\n\t\t\t\t\t<\/a>\n\t\t\t<a href=\"https:\/\/www.mission-21.org\/fr\/dons-campagne-2023\/?rnw-amount=50\" target=\"_self\" role=\"button\" rel=\"noopener\">\n\t\t\t\t\t\t\tCHF 50\n\t\t\t\t\t<\/a>\n\t\t\t<a href=\"https:\/\/www.mission-21.org\/fr\/dons-campagne-2023\/?rnw-amount=100\" target=\"_self\" role=\"button\" rel=\"noopener\">\n\t\t\t\t\t\t\tCHF 100\n\t\t\t\t\t<\/a>\n\t\t\t<a href=\"https:\/\/www.mission-21.org\/fr\/dons-campagne-2023\/\" target=\"_self\" role=\"button\" rel=\"noopener\">\n\t\t\t\t\t\t\tCHF ...\n\t\t\t\t\t<\/a>\n\t<em>\"Si je pouvais nourrir ma famille en cultivant la terre, je n'aurais plus \u00e0 m'inqui\u00e9ter\".<\/em><br \/>\n<em>Ladi Zachariah, agricultrice nig\u00e9riane<\/em>\n<p>Ladi Zachariah vit avec ses fils dans le nord-est du Nigeria. Elle cultive des haricots, des arachides et du ma\u00efs pour nourrir sa famille. Mais les r\u00e9coltes sont mauvaises et Ladi dit : \"Nous n'avons pas assez \u00e0 manger\". Les sols deviennent de moins en moins fertiles, les s\u00e9cheresses et les inondations sont plus fr\u00e9quentes en raison du changement climatique.<\/p>\n<p>Bien que Ladi travaille dans les champs depuis son adolescence, les connaissances transmises ne l'aident pas suffisamment. C'est pourquoi les offres de formation de nos partenaires locaux sont importantes pour elle. Elle dit : \"J'ai beaucoup appris et je vais le transmettre aux autres\".<\/p>\n<p><strong>Notre film montre l'environnement dans lequel Ladi vit et travaille et l'importance de l'\u00e9ducation pour elle. <\/strong><\/p>\n<h3>\n\t\tLa situation au Nigeria est pr\u00e9caire\n\t<\/h3>\n\t\t\t <p>En raison de la croissance rapide de la population, le <strong>la surface agricole disponible par habitant<\/strong>.<\/p>\t\t\n\t\t\t <p>\u00c0 propos de <strong>40 % de la population vit en dessous du seuil de pauvret\u00e9<\/strong> et se trouve sur <strong>D\u00e9pendre de l'autosuffisance<\/strong>.<\/p>\t\t\n\t\t\t <p>La culture r\u00e9pandue avec <strong>les engrais synth\u00e9tiques \u00e9puisent le sol<\/strong> et diminue sa fertilit\u00e9.<\/p>\t\t\n\t\t\t <p>La situation est particuli\u00e8rement difficile dans le nord-est du pays o\u00f9 <strong>le changement climatique affecte les r\u00e9coltes et les ph\u00e9nom\u00e8nes m\u00e9t\u00e9orologiques extr\u00eames sont de plus en plus fr\u00e9quents<\/strong>.<\/p>\t\t\n\t\t\t <p><strong>la d\u00e9forestation, l'\u00e9rosion et la pollution par les d\u00e9chets et les eaux souterraines contamin\u00e9es<\/strong> r\u00e9duisent encore la qualit\u00e9 du sol.<\/p>\t\t\n<h3>\n\t\tCe que font Mission 21 et ses partenaires\n\t<\/h3>\n\t\t\t <p>Nos organisations partenaires <strong>forment des paysans dans le nord-est du pays<\/strong> dans l'agriculture durable, les cultures mixtes et les m\u00e9thodes de lutte contre les parasites respectueuses de l'environnement.<\/p>\t\t\n\t\t\t <p>Notre organisation partenaire promeut <strong>des fours \u00e0 haute efficacit\u00e9 \u00e9nerg\u00e9tique avec des instructions pratiques de construction et des moyens financiers<\/strong>.<\/p>\t\t\n\t\t\t <p>Sensibilisation \u00e0 <strong>la plantation d'arbres<\/strong><\/p>\t\t\n\t\t\t <p>Mission 21 promeut en Suisse <strong>avec des \u00e9v\u00e9nements \u00e9ducatifs et des id\u00e9es d'action<\/strong> un mode de vie respectueux de l'environnement et efficace dans l'utilisation des ressources.<\/p>\t\t\n\t\t\t<a href=\"https:\/\/www.mission-21.org\/fr\/projets\/education-pour-un-developpement-ecologique-durable-au-nigeria\/\" target=\"_blank\" role=\"button\" rel=\"noopener\">\n\t\t\t\t\t\t\t\u25ba Vers le projet\n\t\t\t\t\t<\/a>\n\t\t\t<h5>\u00c9ducation et souverainet\u00e9 alimentaire au Nigeria<\/h5><h3>C'est ce que nous avons r\u00e9alis\u00e9 en 2022 gr\u00e2ce \u00e0 notre travail de projet au Nigeria :<\/h3>\t\t\t\n\t\t\t\t<img decoding=\"async\" src=\"https:\/\/www.mission-21.org\/wp-content\/uploads\/2023\/03\/schaufel.png\" alt=\"pelle\" title=\"Pelle\" itemprop=\"image\"\/>\n\t\t<p>120<\/p>\t\t\t\n\t\t\t\t<p>Des agriculteurs form\u00e9s \u00e0 la culture agro-\u00e9cologique<\/p>\n\t\t\t\t<img decoding=\"async\" src=\"https:\/\/www.mission-21.org\/wp-content\/uploads\/2023\/03\/block.png\" alt=\"bloc\" title=\"Bloc\" itemprop=\"image\"\/>\n\t\t<p>130<\/p>\t\t\t\n\t\t\t\t<p>Paysans et paysannes form\u00e9s le<br \/>\"Journ\u00e9e des agriculteurs\"<\/p>\n\t\t\t\t<img decoding=\"async\" src=\"https:\/\/www.mission-21.org\/wp-content\/uploads\/2023\/03\/pflanze.png\" alt=\"plante\" title=\"Plante\" itemprop=\"image\"\/>\n\t\t<p>150<\/p>\t\t\t\n\t\t\t\t<p>Les agriculteurs sensibilis\u00e9s <br \/>pour la plantation d'arbres<\/p>\n\t\t\t\t<img decoding=\"async\" src=\"https:\/\/www.mission-21.org\/wp-content\/uploads\/2023\/03\/feuer.png\" alt=\"feu\" title=\"Feu\" itemprop=\"image\"\/>\n\t\t<p>142<\/p>\t\t\t\n\t\t\t\t<p>Les habitants* de cinq villages ont appris \u00e0 construire des fours \u00e0 faible consommation d'\u00e9nergie.<\/p>\n\t\t<h2>Soutenez-nous en faisant un don ou en achetant nos cartes de No\u00ebl<\/h2>\t\t\t\n<h3>\n\t\tCartes de No\u00ebl\n\t<\/h3>\n\t<p>Commandez nos cartes de No\u00ebl originales avec des illustrations de produits alimentaires r\u00e9gionaux du Nigeria et de Suisse.<\/p>\n<p>Par votre achat, vous soutenez nos projets d'\u00e9ducation au Nigeria et en Suisse pour un d\u00e9veloppement \u00e9cologiquement durable.<\/p>\n\t\t\t<a href=\"https:\/\/www.mission-21.org\/fr\/boutique\/produit\/cartes-de-noel-campagne-de-lasie-du-sud-est-3\/\" target=\"_self\" role=\"button\" rel=\"noopener\">\n\t\t\t\t\t\t\t\u25ba Commander maintenant\n\t\t\t\t\t<\/a>\n<h3>\n\t\tCalendrier saisonnier - pour notre climat\n\t<\/h3>\n\t<p>Le calendrier des saisons nous aide \u00e0 acheter des produits de saison et r\u00e9gionaux. Nous pouvons ainsi tous contribuer \u00e0 notre sant\u00e9 et au climat.<\/p>\n<p>Disponible gratuitement dans notre boutique.<\/p>\n\t\t\t<a href=\"https:\/\/www.mission-21.org\/fr\/cart\/?add-to-cart=7111&#038;quantity=1\" target=\"_self\" role=\"button\" rel=\"noopener\">\n\t\t\t\t\t\t\t\u25ba Commander maintenant\n\t\t\t\t\t<\/a>\n\t\t\t<a href=\"https:\/\/www.mission-21.org\/fr\/calendrier-des-saisons\/\" target=\"_self\" role=\"button\" rel=\"noopener\">\n\t\t\t\t\t\t\t\u25ba En savoir plus sur le calendrier des saisons\n\t\t\t\t\t<\/a>\n\t\t<h2>\u00c9v\u00e9nements<\/h2>\t\t\t\n\t\t\t<h3>Une \u00e9ducation \u00e0 savourer : World Arts avec musique et po\u00e9sie<\/h3>\t\t\t\n\t<p><strong>Peut \u00e9galement \u00eatre r\u00e9serv\u00e9 dans votre paroisse.<\/strong><\/p>\n<p>\"World Arts\" est un tour du monde musical et po\u00e9tique d'une heure.<\/p>\nLe duo Rebecca Hagmann et Priska Stampfli s'inspire de m\u00e9lodies et de chansons de tous les continents. Ils nous emm\u00e8nent autour du monde avec leur violoncelle et leur accord\u00e9on. Des po\u00e8mes issus d'autres cultures ouvrent une nouvelle compr\u00e9hension et d'autres acc\u00e8s \u00e0 un monde plein d'\u00e9motions.<br \/>\ndes diff\u00e9rences fascinantes. En outre, de la po\u00e9sie de jardin sur la croissance et le devenir : dans la nature, dans la cr\u00e9ation, dans la vie.\n\t\t\t\t<img decoding=\"async\" src=\"https:\/\/www.mission-21.org\/wp-content\/uploads\/2023\/07\/duo-rebecca-priska-900x675.jpg\" alt=\"duo rebecca priska\" itemprop=\"image\" height=\"675\" width=\"900\" title=\"duo-rebecca-priska\" onerror=\"this.style.display='none'\"  \/>\n\t<p><strong>Dimanche 17 septembre 2023, de 17 \u00e0 18 heures<\/strong><\/p>\n<h3>Arts du monde<\/h3>\n<p>dans le pavillon du jardin de Mission 21 \u00e0 B\u00e2le. Ensuite, snacks, boissons et promenade dans le jardin. Entr\u00e9e libre, collecte pour Mission 21.<\/p>\n<p><a href=\"https:\/\/www.mission-21.org\/fr\/evenement\/arts-du-monde\/\">\u25ba Vers l'inscription<\/a><\/p>\n\t\t\t\t<img decoding=\"async\" src=\"https:\/\/www.mission-21.org\/wp-content\/uploads\/2023\/08\/zeichenflaeche-1.png\" alt=\"zone de dessin 1\" itemprop=\"image\" height=\"1597\" width=\"1910\" title=\"Surface de dessin 1\" onerror=\"this.style.display='none'\"  \/>\n\t\t\t\t<img decoding=\"async\" src=\"https:\/\/www.mission-21.org\/wp-content\/plugins\/bb-plugin\/img\/pixel.png\" alt=\"\" itemprop=\"image\" onerror=\"this.style.display='none'\"  \/>\n<h2>\n\t\tFutur en tous genres \u00e0 Mission 21\n\t<\/h2>\n\t<p>Tu souhaites toi aussi t'engager pour un monde plus juste ? <strong>Alors rejoins la Mission 21 lors de la Journ\u00e9e Futur en tous genres du 9 novembre 2023.<\/strong> Tu auras un aper\u00e7u de la coop\u00e9ration internationale au d\u00e9veloppement, des relations mondiales et des diff\u00e9rents m\u00e9tiers au sein d'une organisation d'utilit\u00e9 publique.<\/p>\n<p><a href=\"https:\/\/www.mission-21.org\/fr\/participer\/former-notre-futur-ensemble\/\">\u25ba Inscrivez-vous maintenant !<\/a><\/p>\n\t\t<h2>Nos responsables de projet<\/h2>\t\t\t\n\t\t\t\t<img decoding=\"async\" src=\"https:\/\/www.mission-21.org\/wp-content\/uploads\/2023\/03\/yakubu-joseph.png\" alt=\"yakubu joseph\" itemprop=\"image\" height=\"216\" width=\"216\" title=\"Yakubu-Joseph\" onerror=\"this.style.display='none'\"  \/>\n\t<strong>Yakubu Joseph<br \/>\n<\/strong>Coordinateur Nigeria<strong><br \/>\n<\/strong>\n<p><em>\"Le probl\u00e8me de l'ins\u00e9curit\u00e9 alimentaire n\u00e9cessite une adaptation. Les pratiques agricoles doivent s'adapter aux probl\u00e8mes du changement climatique. Des technologies appropri\u00e9es seront utilis\u00e9es pour r\u00e9pondre aux besoins des populations sur la base des ressources disponibles\".<\/em><\/p>\n\t\t\t\t\t<a href=\"#\" id=\"fl-accordion--label-0\" tabindex=\"0\" aria-controls=\"fl-accordion--panel-0\">En savoir plus sur Yakubu Joseph<\/a>\n\t\t\t\t\t<p>Depuis octobre 2015, le Dr Yakubu Joseph travaille comme coordinateur de Mission 21 au Nigeria. Il est titulaire d'un doctorat en g\u00e9ographie et a \u00e9t\u00e9 collaborateur scientifique \u00e0 l'Institut de g\u00e9ographie de l'Universit\u00e9 de T\u00fcbingen. Il dispose en outre d'un MA en recherche internationale sur la paix et d'un MSC en sociologie. Yakubu Joseph accompagne les organisations partenaires, est responsable de l'assurance qualit\u00e9 sur place et conseille les organisations partenaires en Afrique dans le domaine de la promotion de la paix et de la s\u00e9curit\u00e9 alimentaire.<\/p>\n\t\t\t\t<img decoding=\"async\" src=\"https:\/\/www.mission-21.org\/wp-content\/uploads\/2023\/03\/janet-kefas.png\" alt=\"janet kefas\" itemprop=\"image\" height=\"216\" width=\"216\" title=\"Janet-Kefas\" onerror=\"this.style.display='none'\"  \/>\n\t<strong>Janet Kefas<br \/>\n<\/strong>Agronome et participante au programme d'ambassade de la jeunesse de Mission 21\n<p><em>\"Les agriculteurs et agricultrices n'ont souvent pas les moyens n\u00e9cessaires pour g\u00e9rer leur exploitation. L'acc\u00e8s au capital devrait \u00eatre facilit\u00e9. Il faudrait en outre cr\u00e9er davantage de postes de travail pour les \u00e9tudiants* agricoles\".<\/em><\/p>\n\t\t\t\t\t<a href=\"#\" id=\"fl-accordion--label-0\" tabindex=\"0\" aria-controls=\"fl-accordion--panel-0\">En savoir plus sur Janet Kefas<\/a>\n\t\t\t\t\tJanet Kefas de Mubi, \u00c9tat d'Adamawa, Nigeria, est une jeune agronome. Elle a termin\u00e9 ses \u00e9tudes en 2023, mais parall\u00e8lement \u00e0 la th\u00e9orie scolaire, elle a d\u00e9j\u00e0 acquis une exp\u00e9rience pratique dans l'agriculture. Elle a r\u00e9dig\u00e9 sa th\u00e8se de bachelor sur l'importance \u00e9conomique de la production de riz irrigu\u00e9 au Nigeria. Janet<br \/>\nKefas a particip\u00e9 au programme international d'ambassade de la jeunesse de la phase 2019-2022 de Mission 21.\n\t\t\t\t<img decoding=\"async\" src=\"https:\/\/www.mission-21.org\/wp-content\/uploads\/2022\/09\/mg_8618.jpg\" alt=\" mg 8618\" itemprop=\"image\" height=\"800\" width=\"800\" title=\"MG_8618\" onerror=\"this.style.display='none'\"  \/>\n\t<strong>Carola Jaeckel<br \/>\n<\/strong>Responsable de programme Nigeria<br \/>\nMission 21\n\t\t\t\t<img decoding=\"async\" src=\"https:\/\/www.mission-21.org\/wp-content\/uploads\/2023\/03\/100-jahre-eyn-kirsch-billi-e1679342169165.jpg\" alt=\"100 ans du RJE : Jochen Kirsch et joel Billi \u00e0 Abuja. Photo Yakubu Joseph\" itemprop=\"image\" height=\"903\" width=\"1205\" title=\"100 ans d&#039;EYN-Kirsch-Billi\" onerror=\"this.style.display='none'\"  \/>\n\t\t\t<h5>Actuel<\/h5><h3>100 ans d'EYN : grande c\u00e9l\u00e9bration du centenaire au Nigeria<\/h3>\t\t\t\n\t\t\t\t<p>L'\u00c9glise des fr\u00e8res et s\u0153urs du Nigeria (<a href=\"https:\/\/www.mission-21.org\/fr\/partenaire\/eyn-eglise-des-freres-et-soeurs\/\">EYN<\/a>) est une organisation partenaire importante pour Mission 21. Ensemble, nous travaillons \u00e0 la promotion de la paix, de l'\u00e9ducation et de la souverainet\u00e9 alimentaire. A l'occasion du centenaire de l'EYN, Jochen Kirsch, directeur de Mission 21, s'est rendu \u00e0 Abuja pour f\u00eater l'\u00e9v\u00e9nement avec les responsables de l'Eglise et la population, et pour transmettre les salutations de notre r\u00e9seau mondial.<\/p>\n<p><a href=\"https:\/\/www.mission-21.org\/fr\/100-annee-eyn-grand-jubile-en-nigeria\/\">\u25ba Lire l'article<\/a><\/p>\n\t\t\t\t<img decoding=\"async\" src=\"https:\/\/www.mission-21.org\/wp-content\/uploads\/2023\/04\/birsmattehof_web-54.jpg\" alt=\"L&#039;\u00e9quipe du BIrsmattehof \u00e0 Therwil, B\u00e2le-Campagne. Nicole Tanner est la troisi\u00e8me \u00e0 partir de la gauche.\" itemprop=\"image\" height=\"1188\" width=\"1583\" title=\"Birsmattehof_web-54\" onerror=\"this.style.display='none'\"  \/>\n\t\t\t<h5>Interview<\/h5><h3>Quand le bonheur est soudain si proche<\/h3>\t\t\t\n\t\t\t\t<p>Comment pouvons-nous contribuer nous-m\u00eames \u00e0 un syst\u00e8me alimentaire plus durable ? C'est sur ces questions que nous avons interview\u00e9 l'agricultrice Nicole Tanner du Birsmattehof, une ferme bio situ\u00e9e \u00e0 Therwil pr\u00e8s de B\u00e2le. Depuis 1981, la ferme Birsmattehof cultive des l\u00e9gumes selon les directives de Bio Suisse. De mani\u00e8re saisonni\u00e8re et diversifi\u00e9e.<\/p>\n<p><a href=\"https:\/\/www.mission-21.org\/fr\/quand-le-bonheur-est-soudain-si-proche\/\">\u25ba Lire l'interview<\/a><\/p>","protected":false},"excerpt":{"rendered":"<p>Bildung entscheidet, was wir in Zukunft ernten. Danke f\u00fcr Ihre Spende! Nigeria ist mit Abstand das bev\u00f6lkerungsreichste Land Afrikas. Rund 225 Millionen Menschen leben in dem westafrikanischen Bundesstaat und die Bev\u00f6lkerung nimmt stetig zu. Die Armut ist gross und die Landwirtschaft Nigerias ist unter Druck, auch wegen des Klimawandels. Wir zeigen auf, wie wichtig Bildung [&hellip;]<\/p>\n","protected":false},"author":14,"featured_media":8442,"parent":0,"menu_order":0,"comment_status":"closed","ping_status":"closed","template":"","meta":{"_acf_changed":false,"_seopress_robots_primary_cat":"","_seopress_titles_title":"","_seopress_titles_desc":"","_seopress_robots_index":"yes","_searchwp_excluded":"","site-sidebar-layout":"default","site-content-layout":"","ast-site-content-layout":"default","site-content-style":"default","site-sidebar-style":"default","ast-global-header-display":"","ast-banner-title-visibility":"","ast-main-header-display":"","ast-hfb-above-header-display":"","ast-hfb-below-header-display":"","ast-hfb-mobile-header-display":"","site-post-title":"","ast-breadcrumbs-content":"","ast-featured-img":"","footer-sml-layout":"","ast-disable-related-posts":"","theme-transparent-header-meta":"","adv-header-id-meta":"","stick-header-meta":"","header-above-stick-meta":"","header-main-stick-meta":"","header-below-stick-meta":"","astra-migrate-meta-layouts":"set","ast-page-background-enabled":"default","ast-page-background-meta":{"desktop":{"background-color":"var(--ast-global-color-4)","background-image":"","background-repeat":"repeat","background-position":"center center","background-size":"auto","background-attachment":"scroll","background-type":"","background-media":"","overlay-type":"","overlay-color":"","overlay-opacity":"","overlay-gradient":""},"tablet":{"background-color":"","background-image":"","background-repeat":"repeat","background-position":"center center","background-size":"auto","background-attachment":"scroll","background-type":"","background-media":"","overlay-type":"","overlay-color":"","overlay-opacity":"","overlay-gradient":""},"mobile":{"background-color":"","background-image":"","background-repeat":"repeat","background-position":"center center","background-size":"auto","background-attachment":"scroll","background-type":"","background-media":"","overlay-type":"","overlay-color":"","overlay-opacity":"","overlay-gradient":""}},"ast-content-background-meta":{"desktop":{"background-color":"var(--ast-global-color-5)","background-image":"","background-repeat":"repeat","background-position":"center center","background-size":"auto","background-attachment":"scroll","background-type":"","background-media":"","overlay-type":"","overlay-color":"","overlay-opacity":"","overlay-gradient":""},"tablet":{"background-color":"var(--ast-global-color-5)","background-image":"","background-repeat":"repeat","background-position":"center center","background-size":"auto","background-attachment":"scroll","background-type":"","background-media":"","overlay-type":"","overlay-color":"","overlay-opacity":"","overlay-gradient":""},"mobile":{"background-color":"var(--ast-global-color-5)","background-image":"","background-repeat":"repeat","background-position":"center center","background-size":"auto","background-attachment":"scroll","background-type":"","background-media":"","overlay-type":"","overlay-color":"","overlay-opacity":"","overlay-gradient":""}},"iawp_total_views":37,"footnotes":""},"hf_cat_page":[],"class_list":["post-10366","page","type-page","status-publish","has-post-thumbnail"],"acf":[],"_links":{"self":[{"href":"https:\/\/www.mission-21.org\/fr\/wp-json\/wp\/v2\/pages\/10366","targetHints":{"allow":["GET"]}}],"collection":[{"href":"https:\/\/www.mission-21.org\/fr\/wp-json\/wp\/v2\/pages"}],"about":[{"href":"https:\/\/www.mission-21.org\/fr\/wp-json\/wp\/v2\/types\/page"}],"author":[{"embeddable":true,"href":"https:\/\/www.mission-21.org\/fr\/wp-json\/wp\/v2\/users\/14"}],"replies":[{"embeddable":true,"href":"https:\/\/www.mission-21.org\/fr\/wp-json\/wp\/v2\/comments?post=10366"}],"version-history":[{"count":12,"href":"https:\/\/www.mission-21.org\/fr\/wp-json\/wp\/v2\/pages\/10366\/revisions"}],"predecessor-version":[{"id":12443,"href":"https:\/\/www.mission-21.org\/fr\/wp-json\/wp\/v2\/pages\/10366\/revisions\/12443"}],"wp:featuredmedia":[{"embeddable":true,"href":"https:\/\/www.mission-21.org\/fr\/wp-json\/wp\/v2\/media\/8442"}],"wp:attachment":[{"href":"https:\/\/www.mission-21.org\/fr\/wp-json\/wp\/v2\/media?parent=10366"}],"wp:term":[{"taxonomy":"hf_cat_page","embeddable":true,"href":"https:\/\/www.mission-21.org\/fr\/wp-json\/wp\/v2\/hf_cat_page?post=10366"}],"curies":[{"name":"wp","href":"https:\/\/api.w.org\/{rel}","templated":true}]}}