{"id":10442,"date":"2023-09-11T15:25:40","date_gmt":"2023-09-11T13:25:40","guid":{"rendered":"https:\/\/www.mission-21.org\/?page_id=10442"},"modified":"2023-09-14T18:15:02","modified_gmt":"2023-09-14T16:15:02","slug":"dons-campagne-2023","status":"publish","type":"page","link":"https:\/\/www.mission-21.org\/fr\/spenden-kampagne-2023\/","title":{"rendered":"Dons Souverainet\u00e9 alimentaire au Nigeria"},"content":{"rendered":"<h1>\n\t\tUn grand merci pour votre don !\n\t<\/h1>\n\t\t\t\t<img decoding=\"async\" src=\"https:\/\/www.mission-21.org\/wp-content\/uploads\/2022\/10\/qr-rechnung.jpg\" alt=\"qr facture\" title=\"Facture QR\" itemprop=\"image\"\/>\n\t\t<h3>Faites un don en \u00e9conomisant les frais<\/h3>\t\t\t\n\t\t\t\t<p>Un virement bancaire r\u00e9duit les frais de transaction. Ainsi, votre don est particuli\u00e8rement efficace. T\u00e9l\u00e9chargez la facture, utilisez les coordonn\u00e9es bancaires ou le code QR. Merci de tout c\u0153ur !<\/p>\n\t\t\t<a href=\"https:\/\/www.mission-21.org\/fr\/telecharger\/bulletin-de-versement\/\" target=\"_self\" role=\"button\" aria-label=\"Bulletin de versement (PDF)\" rel=\"noopener\">\n\t\t\t\t\t\t\tBulletin de versement (PDF)\n\t\t<\/a>\n\t<strong>Compte de dons Suisse :<\/strong><br \/>\nIBAN : CH58 0900 0000 4072 6233 2<br \/>\nNum\u00e9ro d'exon\u00e9ration fiscale :<br \/>\nCHE-105.706.527\n\t<strong>Compte de dons Allemagne :<\/strong><br \/>\nCaisse d'\u00e9pargne de L\u00f6rrach-Rheinfelden<br \/>\nBIC Swift : SKLODE66<br \/>\nNUM\u00c9RO DE COMPTE : 683 500 48<br \/>\nIBAN : DE39 6835 0048 0001 0323 33<br \/>\nN\u00b0 de compte : 1032333","protected":false},"excerpt":{"rendered":"<p>Herzlichen Dank f\u00fcr Ihre Spende! Spenden Sie geb\u00fchrensparend Eine Bank\u00fcberweisung reduziert die Transaktionskosten. So ist ihre Spende besonders effektiv. Laden Sie sich die Rechnung herunter, nutzen Sie die Bankverbindungen oder den QR-Code. Herzlichen Dank! Einzahlungsschein (PDF) Spendenkonto Schweiz: IBAN: CH58 0900 0000 4072 6233 2 Steuerbefreiungsnummer: CHE-105.706.527 Spendenkonto Deutschland: Sparkasse L\u00f6rrach-Rheinfelden Swift-BIC: SKLODE66 BLZ: 683 [&hellip;]<\/p>\n","protected":false},"author":6,"featured_media":0,"parent":0,"menu_order":0,"comment_status":"closed","ping_status":"closed","template":"","meta":{"_acf_changed":false,"_seopress_robots_primary_cat":"","_seopress_titles_title":"","_seopress_titles_desc":"","_seopress_robots_index":"","_searchwp_excluded":"","site-sidebar-layout":"default","site-content-layout":"","ast-site-content-layout":"default","site-content-style":"default","site-sidebar-style":"default","ast-global-header-display":"","ast-banner-title-visibility":"","ast-main-header-display":"","ast-hfb-above-header-display":"","ast-hfb-below-header-display":"","ast-hfb-mobile-header-display":"","site-post-title":"","ast-breadcrumbs-content":"","ast-featured-img":"","footer-sml-layout":"","ast-disable-related-posts":"","theme-transparent-header-meta":"","adv-header-id-meta":"","stick-header-meta":"","header-above-stick-meta":"","header-main-stick-meta":"","header-below-stick-meta":"","astra-migrate-meta-layouts":"default","ast-page-background-enabled":"default","ast-page-background-meta":{"desktop":{"background-color":"var(--ast-global-color-4)","background-image":"","background-repeat":"repeat","background-position":"center center","background-size":"auto","background-attachment":"scroll","background-type":"","background-media":"","overlay-type":"","overlay-color":"","overlay-opacity":"","overlay-gradient":""},"tablet":{"background-color":"","background-image":"","background-repeat":"repeat","background-position":"center center","background-size":"auto","background-attachment":"scroll","background-type":"","background-media":"","overlay-type":"","overlay-color":"","overlay-opacity":"","overlay-gradient":""},"mobile":{"background-color":"","background-image":"","background-repeat":"repeat","background-position":"center center","background-size":"auto","background-attachment":"scroll","background-type":"","background-media":"","overlay-type":"","overlay-color":"","overlay-opacity":"","overlay-gradient":""}},"ast-content-background-meta":{"desktop":{"background-color":"var(--ast-global-color-5)","background-image":"","background-repeat":"repeat","background-position":"center center","background-size":"auto","background-attachment":"scroll","background-type":"","background-media":"","overlay-type":"","overlay-color":"","overlay-opacity":"","overlay-gradient":""},"tablet":{"background-color":"var(--ast-global-color-5)","background-image":"","background-repeat":"repeat","background-position":"center center","background-size":"auto","background-attachment":"scroll","background-type":"","background-media":"","overlay-type":"","overlay-color":"","overlay-opacity":"","overlay-gradient":""},"mobile":{"background-color":"var(--ast-global-color-5)","background-image":"","background-repeat":"repeat","background-position":"center center","background-size":"auto","background-attachment":"scroll","background-type":"","background-media":"","overlay-type":"","overlay-color":"","overlay-opacity":"","overlay-gradient":""}},"iawp_total_views":33,"footnotes":""},"hf_cat_page":[],"class_list":["post-10442","page","type-page","status-publish"],"acf":[],"_links":{"self":[{"href":"https:\/\/www.mission-21.org\/fr\/wp-json\/wp\/v2\/pages\/10442","targetHints":{"allow":["GET"]}}],"collection":[{"href":"https:\/\/www.mission-21.org\/fr\/wp-json\/wp\/v2\/pages"}],"about":[{"href":"https:\/\/www.mission-21.org\/fr\/wp-json\/wp\/v2\/types\/page"}],"author":[{"embeddable":true,"href":"https:\/\/www.mission-21.org\/fr\/wp-json\/wp\/v2\/users\/6"}],"replies":[{"embeddable":true,"href":"https:\/\/www.mission-21.org\/fr\/wp-json\/wp\/v2\/comments?post=10442"}],"version-history":[{"count":8,"href":"https:\/\/www.mission-21.org\/fr\/wp-json\/wp\/v2\/pages\/10442\/revisions"}],"predecessor-version":[{"id":10506,"href":"https:\/\/www.mission-21.org\/fr\/wp-json\/wp\/v2\/pages\/10442\/revisions\/10506"}],"wp:attachment":[{"href":"https:\/\/www.mission-21.org\/fr\/wp-json\/wp\/v2\/media?parent=10442"}],"wp:term":[{"taxonomy":"hf_cat_page","embeddable":true,"href":"https:\/\/www.mission-21.org\/fr\/wp-json\/wp\/v2\/hf_cat_page?post=10442"}],"curies":[{"name":"wp","href":"https:\/\/api.w.org\/{rel}","templated":true}]}}