{"id":13755,"date":"2024-08-19T09:25:09","date_gmt":"2024-08-19T07:25:09","guid":{"rendered":"https:\/\/www.mission-21.org\/?page_id=13755"},"modified":"2025-03-19T13:43:06","modified_gmt":"2025-03-19T12:43:06","slug":"preview-campagne-2025","status":"publish","type":"page","link":"https:\/\/www.mission-21.org\/fr\/vorschau-kampagne-2025\/","title":{"rendered":"Aper\u00e7u de la campagne 2025"},"content":{"rendered":"<h1>Aper\u00e7u de la campagne 2025<\/h1>\t\t\t\n\t<h3>\"<strong>S'engager pour une soci\u00e9t\u00e9 pacifique<\/strong>\"<\/h3>\n<p><strong>A une \u00e9poque o\u00f9 le monde est marqu\u00e9 par des tensions et des conflits croissants, l'importance de la promotion de la paix passe plus que jamais au premier plan. Avec sa campagne 2025, Mission 21 s'engage de mani\u00e8re cibl\u00e9e pour la promotion de la paix et de la justice par la coop\u00e9ration interreligieuse et transculturelle.<\/strong><\/p>\n<p>La campagne s'inscrit dans le cadre des Objectifs de d\u00e9veloppement durable (ODD), en particulier l'ODD 16, qui vise \u00e0 promouvoir des soci\u00e9t\u00e9s pacifiques, \u00e9quitables et inclusives. Face aux d\u00e9fis pos\u00e9s par le changement climatique, les in\u00e9galit\u00e9s sociales et les tensions mondiales croissantes, Mission 21 met l'accent sur la pr\u00e9vention des conflits, la r\u00e9solution pacifique des conflits ainsi que le soutien psychosocial, le pardon et la r\u00e9conciliation.<\/p>\n<p>Mission 21 reconna\u00eet le r\u00f4le crucial des religions et du dialogue entre les diff\u00e9rentes croyances et cultures pour contribuer \u00e0 la r\u00e9solution des conflits et promouvoir une vie digne pour tous. L'accent est mis en particulier sur le travail effectu\u00e9 dans des pays comme le Nigeria, le Soudan du Sud et diff\u00e9rentes r\u00e9gions d'Asie, o\u00f9 la promotion de la paix, la pr\u00e9vention des conflits et la lutte contre la radicalisation sont essentielles.<\/p>\n<p><strong>Objectifs pour 2025<\/strong><\/p>\n<p>Par des campagnes cibl\u00e9es et un travail de sensibilisation, Mission 21 s'efforce de renforcer la conscience de l'importance de la paix et de la tol\u00e9rance et d'atteindre encore plus de personnes. La promotion interreligieuse et interculturelle de la paix est un \u00e9l\u00e9ment cl\u00e9 pour construire un avenir durable et harmonieux.<\/p>\n<p><strong>Votre soutien et votre participation<\/strong><\/p>\n<p>Mission 21 invite les paroisses \u00e0 participer activement \u00e0 la campagne et \u00e0 soutenir les mesures de promotion de la paix. En donnant aux gens les moyens de construire des relations pacifiques et \u00e9galitaires au-del\u00e0 des fronti\u00e8res religieuses, nous contribuons ensemble \u00e0 cr\u00e9er une soci\u00e9t\u00e9 bas\u00e9e sur les principes de tol\u00e9rance, de respect et d'\u00e9galit\u00e9.<\/p>\n<p><strong>Vous trouverez plus d'informations sur nos projets au Sud-Soudan, au Nigeria et en Indon\u00e9sie ainsi que sur les actions participatives et les \u00e9v\u00e9nements \u00e9ducatifs possibles sur cette page fin mars.<\/strong><\/p>\n\t<p><\/p><center><strong>P\u00e9riode de la campagne : du 7 septembre au dimanche de la mission du 1er Avent 2025<\/strong><\/center><p><\/p>\n\t\t\t\t<a href=\"https:\/\/www.mission-21.org\/fr\/un-activiste-de-la-paix-sur-les-conflits-au-soudan-du-sud-la-paix-ne-vient-pas-du-ciel\/\" target=\"_self\" itemprop=\"url\">\n\t\t\t\t<img decoding=\"async\" src=\"https:\/\/www.mission-21.org\/wp-content\/uploads\/2024\/12\/img_0047_korr43-600x450.png\" alt=\"img 0047 korr43\" itemprop=\"image\" height=\"450\" width=\"600\" title=\"IMG_0047_KORR43\" onerror=\"this.style.display='none'\">\n\t\t\t\t<\/a>\n<h2>\n\t\t<a href=\"https:\/\/www.mission-21.org\/fr\/un-activiste-de-la-paix-sur-les-conflits-au-soudan-du-sud-la-paix-ne-vient-pas-du-ciel\/\" title=\"Un militant pour la paix parle des conflits au Sud-Soudan : &quot;La paix ne tombe pas du ciel&quot;.\" target=\"_self\">\n\t\tUn militant pour la paix parle des conflits au Sud-Soudan : \"La paix ne tombe pas du ciel\".\n\t\t<\/a>\n\t<\/h2>\n<h2>\n\t\tDossier sur le Forum international 2024 pour la promotion de la paix interreligieuse et transculturelle :\n\t<\/h2>\n\t\t\t\t<img decoding=\"async\" src=\"https:\/\/www.mission-21.org\/wp-content\/uploads\/2024\/08\/forum-bild.png\" alt=\"forum image\" itemprop=\"image\" height=\"296\" width=\"822\" title=\"Forum image\" onerror=\"this.style.display='none'\">\n\t<p>Pour ceux qui ont manqu\u00e9 le forum, le dossier suivant propose des enregistrements vid\u00e9o de l'\u00e9v\u00e9nement (en anglais et en espagnol) ainsi que des informations sur les intervenants*, les textes et les pr\u00e9sentations.<\/p>\n<p><a href=\"https:\/\/www.mission-21.org\/fr\/forum-international-2024-dossier\/\">\u25ba vers le dossier<\/a><\/p>\n<h2>\n\t\tInformez-vous plus en d\u00e9tail sur la campagne lors de la plateforme Vision du monde du 21 mai 2025.\n\t<\/h2>\n\t<p><strong>La plate-forme Vision du monde permet aux collaborateurs des Eglises et \u00e0 d'autres personnes int\u00e9ress\u00e9es de se faire une id\u00e9e de la diversit\u00e9 des offres de Mission 21. Cela se fait par exemple sur la base de la campagne 2025 de Mission 21, qui met l'accent sur la collaboration interreligieuse pour la paix et la justice.<\/strong><\/p>\n<p>&nbsp;<\/p>\n<p><a href=\"https:\/\/www.refbejuso.ch\/agenda\/detail\/anlass\/94336?cHash=93c43236664785b7ad8ce488c3010c83\"><strong>\u2192 Plus d'informations et inscription<\/strong><\/a><\/p>\n<h2>\n\t\tAbonnez-vous \u00e0 notre newsletter de campagne\n\t<\/h2>\n<h4>\n\t\tet apprenez-en plus sur la campagne. Ensemble, nous pouvons faire la diff\u00e9rence !\n\t<\/h4>\n<h2>\n\t\tCampagnes pass\u00e9es\n\t<\/h2>\n\t\t\t<a href=\"https:\/\/www.mission-21.org\/fr\/participer\/campagne-2023\/\" target=\"_self\">\n\t\t\t\t\t\t\tCampagne 2023\n\t\t\t\t\t<\/a>\n\t\t\t<a href=\"https:\/\/www.mission-21.org\/fr\/campagne-2024\/\" target=\"_self\">\n\t\t\t\t\t\t\tCampagne 2024\n\t\t\t\t\t<\/a>","protected":false},"excerpt":{"rendered":"<p>Vorschau Kampagne 2025 \u00abEinstehen f\u00fcr eine friedliche Gesellschaft\u00bb In einer Zeit, in der die Welt von zunehmenden Spannungen und Konflikten gepr\u00e4gt ist, r\u00fcckt die Bedeutung von Friedensf\u00f6rderung mehr denn je in den Vordergrund. Mission 21 setzt sich mit ihrer Kampagne 2025 gezielt f\u00fcr die F\u00f6rderung von Frieden und Gerechtigkeit durch interreligi\u00f6se und transkulturelle Zusammenarbeit ein. [&hellip;]<\/p>\n","protected":false},"author":6,"featured_media":15441,"parent":0,"menu_order":0,"comment_status":"closed","ping_status":"closed","template":"","meta":{"_acf_changed":false,"_seopress_robots_primary_cat":"","_seopress_titles_title":"Vorschau Kampagne 2025 - %%sitetitle%%","_seopress_titles_desc":"Mission 21 setzt sich mit ihrer Kampagne 2025 gezielt f\u00fcr die F\u00f6rderung von Frieden und Gerechtigkeit durch interreligi\u00f6se und interkulturelle Zusammenarbeit ein.","_seopress_robots_index":"","_searchwp_excluded":"","site-sidebar-layout":"default","site-content-layout":"","ast-site-content-layout":"default","site-content-style":"default","site-sidebar-style":"default","ast-global-header-display":"","ast-banner-title-visibility":"","ast-main-header-display":"","ast-hfb-above-header-display":"","ast-hfb-below-header-display":"","ast-hfb-mobile-header-display":"","site-post-title":"","ast-breadcrumbs-content":"","ast-featured-img":"","footer-sml-layout":"","ast-disable-related-posts":"","theme-transparent-header-meta":"","adv-header-id-meta":"","stick-header-meta":"","header-above-stick-meta":"","header-main-stick-meta":"","header-below-stick-meta":"","astra-migrate-meta-layouts":"set","ast-page-background-enabled":"default","ast-page-background-meta":{"desktop":{"background-color":"var(--ast-global-color-4)","background-image":"","background-repeat":"repeat","background-position":"center center","background-size":"auto","background-attachment":"scroll","background-type":"","background-media":"","overlay-type":"","overlay-color":"","overlay-opacity":"","overlay-gradient":""},"tablet":{"background-color":"","background-image":"","background-repeat":"repeat","background-position":"center center","background-size":"auto","background-attachment":"scroll","background-type":"","background-media":"","overlay-type":"","overlay-color":"","overlay-opacity":"","overlay-gradient":""},"mobile":{"background-color":"","background-image":"","background-repeat":"repeat","background-position":"center center","background-size":"auto","background-attachment":"scroll","background-type":"","background-media":"","overlay-type":"","overlay-color":"","overlay-opacity":"","overlay-gradient":""}},"ast-content-background-meta":{"desktop":{"background-color":"var(--ast-global-color-5)","background-image":"","background-repeat":"repeat","background-position":"center center","background-size":"auto","background-attachment":"scroll","background-type":"","background-media":"","overlay-type":"","overlay-color":"","overlay-opacity":"","overlay-gradient":""},"tablet":{"background-color":"var(--ast-global-color-5)","background-image":"","background-repeat":"repeat","background-position":"center center","background-size":"auto","background-attachment":"scroll","background-type":"","background-media":"","overlay-type":"","overlay-color":"","overlay-opacity":"","overlay-gradient":""},"mobile":{"background-color":"var(--ast-global-color-5)","background-image":"","background-repeat":"repeat","background-position":"center center","background-size":"auto","background-attachment":"scroll","background-type":"","background-media":"","overlay-type":"","overlay-color":"","overlay-opacity":"","overlay-gradient":""}},"iawp_total_views":2204,"footnotes":""},"hf_cat_page":[],"class_list":["post-13755","page","type-page","status-publish","has-post-thumbnail"],"acf":[],"_links":{"self":[{"href":"https:\/\/www.mission-21.org\/fr\/wp-json\/wp\/v2\/pages\/13755","targetHints":{"allow":["GET"]}}],"collection":[{"href":"https:\/\/www.mission-21.org\/fr\/wp-json\/wp\/v2\/pages"}],"about":[{"href":"https:\/\/www.mission-21.org\/fr\/wp-json\/wp\/v2\/types\/page"}],"author":[{"embeddable":true,"href":"https:\/\/www.mission-21.org\/fr\/wp-json\/wp\/v2\/users\/6"}],"replies":[{"embeddable":true,"href":"https:\/\/www.mission-21.org\/fr\/wp-json\/wp\/v2\/comments?post=13755"}],"version-history":[{"count":11,"href":"https:\/\/www.mission-21.org\/fr\/wp-json\/wp\/v2\/pages\/13755\/revisions"}],"predecessor-version":[{"id":16753,"href":"https:\/\/www.mission-21.org\/fr\/wp-json\/wp\/v2\/pages\/13755\/revisions\/16753"}],"wp:featuredmedia":[{"embeddable":true,"href":"https:\/\/www.mission-21.org\/fr\/wp-json\/wp\/v2\/media\/15441"}],"wp:attachment":[{"href":"https:\/\/www.mission-21.org\/fr\/wp-json\/wp\/v2\/media?parent=13755"}],"wp:term":[{"taxonomy":"hf_cat_page","embeddable":true,"href":"https:\/\/www.mission-21.org\/fr\/wp-json\/wp\/v2\/hf_cat_page?post=13755"}],"curies":[{"name":"wp","href":"https:\/\/api.w.org\/{rel}","templated":true}]}}