{"id":14319,"date":"2024-09-17T09:37:04","date_gmt":"2024-09-17T07:37:04","guid":{"rendered":"https:\/\/www.mission-21.org\/?page_id=14319"},"modified":"2025-12-08T10:03:19","modified_gmt":"2025-12-08T09:03:19","slug":"contre-la-violence-envers-les-femmes","status":"publish","type":"page","link":"https:\/\/www.mission-21.org\/fr\/gegen-gewalt-an-frauen\/","title":{"rendered":"16 jours"},"content":{"rendered":"<meta itemprop=\"url\" content=\"https:\/\/www.mission-21.org\/wp-content\/uploads\/2025\/11\/bewegtvisual-16-tage-1300-x-600-px_1125.mp4\" \/><div style=\"width: 640px;\" class=\"wp-video\"><video muted class=\"wp-video-shortcode\" id=\"video-14319-1\" width=\"640\" height=\"360\" loop autoplay preload=\"metadata\" controls=\"controls\"><source type=\"video\/mp4\" src=\"https:\/\/www.mission-21.org\/wp-content\/uploads\/2025\/11\/bewegtvisual-16-tage-1300-x-600-px_1125.mp4?_=1\" \/><source type=\"video\/mp4\" src=\"https:\/\/www.mission-21.org\/wp-content\/uploads\/2025\/11\/bewegtvisual-16-tage-1300-x-600-px_1125.mp4?_=1\" \/><a href=\"https:\/\/www.mission-21.org\/wp-content\/uploads\/2025\/11\/bewegtvisual-16-tage-1300-x-600-px_1125.mp4\">https:\/\/www.mission-21.org\/wp-content\/uploads\/2025\/11\/bewegtvisual-16-tage-1300-x-600-px_1125.mp4<\/a><\/video><\/div>\t\n\t<h3><strong>L'engagement contre la violence envers les femmes et les enfants fait partie de l'engagement g\u00e9n\u00e9ral de Mission 21 pour l'\u00e9galit\u00e9 des genres. Nous aspirons \u00e0 l'\u00e9galit\u00e9 des sexes \u00e0 tous les niveaux. Celle-ci est atteinte lorsque tous les \u00eatres humains peuvent mener une vie exempte de discrimination, ind\u00e9pendamment de leur sexe et de leur orientation sexuelle.<\/strong><\/h3>\nPourtant, la violence li\u00e9e au genre est plus r\u00e9pandue dans le monde que beaucoup ne le pensent. Selon des donn\u00e9es r\u00e9centes, pr\u00e8s d'une femme sur trois a subi des violences physiques et\/ou sexuelles de la part d'un partenaire ou d'une autre personne au cours de sa vie. En Suisse aussi, la situation est grave : des \u00e9tudes montrent qu'environ une femme sur cinq a d\u00e9j\u00e0 subi des violences sexuelles.\nCes formes de violence traversent toutes les couches sociales et tous les espaces de vie, les manifestations vont de la d\u00e9valorisation et du harc\u00e8lement au viol ou au f\u00e9minicide (meurtre d'une femme en raison de son sexe) en passant par la violence psychologique.\nDans ce contexte, Mission 21 s'engage avec force contre la violence sexuelle \u00e0 l'\u00e9gard des femmes, en collaboration avec des organisations partenaires en Afrique, en Asie et en Am\u00e9rique latine, et souhaite, dans le cadre de la campagne annuelle de 16 jours <strong data-start=\"1259\" data-end=\"1300\">du 25 novembre au 10 d\u00e9cembre<\/strong> <strong>2025<\/strong> contribuer \u00e0 renforcer la pr\u00e9vention de la violence, \u00e0 rendre les faits plus visibles et \u00e0 offrir un soutien et une protection cibl\u00e9s.\nCette ann\u00e9e, la campagne se concentre en particulier sur <strong data-start=\"1463\" data-end=\"1512\">les femmes et les personnes handicap\u00e9es queer<\/strong> - en particulier ceux qui ont besoin d'un soutien. Des \u00e9tudes montrent que : Ce groupe est deux \u00e0 quatre fois plus expos\u00e9 \u00e0 la violence, aux abus de pouvoir, au contr\u00f4le et \u00e0 la n\u00e9gligence. Nous mettons ainsi l'accent sur un groupe cible fortement menac\u00e9, mais souvent peu visible.\n<p><strong>\u25ba Suivez-nous sur <a href=\"https:\/\/www.instagram.com\/gender.mission21\/profilecard\/?igsh=MTQxeWJreXA3czdwYg==\">Instagram<\/a>, sur\u00a0<a href=\"https:\/\/www.facebook.com\/mission21basel\/\">Facebook<\/a>\u00a0et\u00a0<a href=\"https:\/\/www.linkedin.com\/company\/690808\/\">Linkedin<\/a>.<\/strong><\/p>\n<h3>\n\t\t\tNous avons demand\u00e9 \u00e0 nos collaborateurs pourquoi la campagne des 16 jours est importante pour eux et comment ils s'engagent pour l'\u00e9galit\u00e9 des genres. Voici leurs r\u00e9ponses :\t<\/h3>\n\t\t<meta itemprop=\"url\" content=\"https:\/\/www.mission-21.org\/wp-content\/uploads\/2025\/12\/beitrag-mathias-16tgg_20251117.mp4\" \/><div style=\"width: 640px;\" class=\"wp-video\"><video class=\"wp-video-shortcode\" id=\"video-14319-2\" width=\"640\" height=\"360\" preload=\"metadata\" controls=\"controls\"><source type=\"video\/mp4\" src=\"https:\/\/www.mission-21.org\/wp-content\/uploads\/2025\/12\/beitrag-mathias-16tgg_20251117.mp4?_=2\" \/><source type=\"video\/mp4\" src=\"https:\/\/www.mission-21.org\/wp-content\/uploads\/2025\/12\/beitrag-mathias-16tgg_20251117.mp4?_=2\" \/><a href=\"https:\/\/www.mission-21.org\/wp-content\/uploads\/2025\/12\/beitrag-mathias-16tgg_20251117.mp4\">https:\/\/www.mission-21.org\/wp-content\/uploads\/2025\/12\/beitrag-mathias-16tgg_20251117.mp4<\/a><\/video><\/div>\t\n\t\t<meta itemprop=\"url\" content=\"https:\/\/www.mission-21.org\/wp-content\/uploads\/2025\/12\/design-ohne-titel-1.mp4\" \/><div style=\"width: 640px;\" class=\"wp-video\"><video class=\"wp-video-shortcode\" id=\"video-14319-3\" width=\"640\" height=\"360\" preload=\"metadata\" controls=\"controls\"><source type=\"video\/mp4\" src=\"https:\/\/www.mission-21.org\/wp-content\/uploads\/2025\/12\/design-ohne-titel-1.mp4?_=3\" \/><source type=\"video\/mp4\" src=\"https:\/\/www.mission-21.org\/wp-content\/uploads\/2025\/12\/design-ohne-titel-1.mp4?_=3\" \/><a href=\"https:\/\/www.mission-21.org\/wp-content\/uploads\/2025\/12\/design-ohne-titel-1.mp4\">https:\/\/www.mission-21.org\/wp-content\/uploads\/2025\/12\/design-ohne-titel-1.mp4<\/a><\/video><\/div>\t\n\t\t<meta itemprop=\"url\" content=\"https:\/\/www.mission-21.org\/wp-content\/uploads\/2025\/12\/kopie-von-design-ohne-titel.mp4\" \/><div style=\"width: 640px;\" class=\"wp-video\"><video class=\"wp-video-shortcode\" id=\"video-14319-4\" width=\"640\" height=\"360\" preload=\"metadata\" controls=\"controls\"><source type=\"video\/mp4\" src=\"https:\/\/www.mission-21.org\/wp-content\/uploads\/2025\/12\/kopie-von-design-ohne-titel.mp4?_=4\" \/><source type=\"video\/mp4\" src=\"https:\/\/www.mission-21.org\/wp-content\/uploads\/2025\/12\/kopie-von-design-ohne-titel.mp4?_=4\" \/><a href=\"https:\/\/www.mission-21.org\/wp-content\/uploads\/2025\/12\/kopie-von-design-ohne-titel.mp4\">https:\/\/www.mission-21.org\/wp-content\/uploads\/2025\/12\/kopie-von-design-ohne-titel.mp4<\/a><\/video><\/div>\t\n<h2>\n\t\t\tLes projets de Mission 21 en mati\u00e8re de lutte contre la violence sexualis\u00e9e\t<\/h2>\n\t\t\t\t\t\t\t\t\t\t\t\t\t\t<a href=\"https:\/\/www.mission-21.org\/fr\/projets\/femmes-au-soudan-promotion-dune-vie-active-et-autonome\/\" target=\"_self\" title=\"Autonomisation des femmes : pour une vie autod\u00e9termin\u00e9e au Sud-Soudan\">\n\t\t\t\t<img decoding=\"async\" src=\"https:\/\/www.mission-21.org\/wp-content\/uploads\/2022\/10\/suedsudan_koordination_179.1011-900x507.jpg\" alt=\"Coordination du Soudan du Sud 179.1011\" \/>\n\t\t\t\t<\/a>\n\t\t\t\t\t\t<h3>\n\t\t\t\t<a href=\"https:\/\/www.mission-21.org\/fr\/projets\/femmes-au-soudan-promotion-dune-vie-active-et-autonome\/\" title=\"Autonomisation des femmes : pour une vie autod\u00e9termin\u00e9e au Sud-Soudan\" tabindex=\"0\">Autonomisation des femmes : pour une vie autod\u00e9termin\u00e9e au Sud-Soudan<\/a>\t\t\t<\/h3>\n\t\t\t<a href=\"https:\/\/www.mission-21.org\/fr\/projets\/femmes-au-soudan-promotion-dune-vie-active-et-autonome\/\" title=\"Lire la suite\" target=\"_self\">En savoir plus \u2192<\/a>\t\t\n\t\t\t\t\t\t\t\t\t\t\t\t\t\t<a href=\"https:\/\/www.mission-21.org\/fr\/projets\/aide-durgence-et-reconstruction-au-cameroun\/\" target=\"_self\" title=\"Aide humanitaire au Cameroun\">\n\t\t\t\t<img decoding=\"async\" src=\"https:\/\/www.mission-21.org\/wp-content\/uploads\/2022\/10\/csm_kamerun_nothilfe_134.1003_01_neu_c8223b8f53-900x506.jpg\" alt=\"csm cameroun aide d&#039;urgence 134.1003 01 nouveau c8223b8f53\" \/>\n\t\t\t\t<\/a>\n\t\t\t\t\t\t<h3>\n\t\t\t\t<a href=\"https:\/\/www.mission-21.org\/fr\/projets\/aide-durgence-et-reconstruction-au-cameroun\/\" title=\"Aide humanitaire au Cameroun\" tabindex=\"0\">Aide humanitaire au Cameroun<\/a>\t\t\t<\/h3>\n\t\t\t<a href=\"https:\/\/www.mission-21.org\/fr\/projets\/aide-durgence-et-reconstruction-au-cameroun\/\" title=\"Lire la suite\" target=\"_self\">En savoir plus \u2192<\/a>\t\t\n\t\t\t\t\t\t\t\t\t\t\t\t\t\t<a href=\"https:\/\/www.mission-21.org\/fr\/projets\/aide-aux-femmes-violentes-en-asie\/\" target=\"_self\" title=\"Femmes victimes de violence en Asie : le renforcement par l&#039;empowerment\">\n\t\t\t\t<img decoding=\"async\" src=\"https:\/\/www.mission-21.org\/wp-content\/uploads\/2022\/09\/csm_indonesien_friede_225.1008_02_3c4e1c7f7f-300x169.jpg\" alt=\"\" \/>\n\t\t\t\t<\/a>\n\t\t\t\t\t\t<h3>\n\t\t\t\t<a href=\"https:\/\/www.mission-21.org\/fr\/projets\/aide-aux-femmes-violentes-en-asie\/\" title=\"Femmes victimes de violence en Asie : le renforcement par l&#039;empowerment\" tabindex=\"0\">Femmes victimes de violence en Asie : le renforcement par l'empowerment<\/a>\t\t\t<\/h3>\n\t\t\t<a href=\"https:\/\/www.mission-21.org\/fr\/projets\/aide-aux-femmes-violentes-en-asie\/\" title=\"Lire la suite\" target=\"_self\">En savoir plus \u2192<\/a>\t\t\n\t\t\t\t\t\t\t\t\t\t\t\t\t\t<a href=\"https:\/\/www.mission-21.org\/fr\/projets\/programme-pour-legalite-des-genres\/\" target=\"_self\" title=\"Fonds pour l&#039;\u00e9galit\u00e9 des genres : renforcer la souverainet\u00e9 alimentaire pour sortir de la violence contre les femmes\">\n\t\t\t\t<img decoding=\"async\" src=\"https:\/\/www.mission-21.org\/wp-content\/uploads\/2022\/09\/csm_frauenfoerderung_840.1005_01_bafe25a913-300x169.jpg\" alt=\"\" \/>\n\t\t\t\t<\/a>\n\t\t\t\t\t\t<h3>\n\t\t\t\t<a href=\"https:\/\/www.mission-21.org\/fr\/projets\/programme-pour-legalite-des-genres\/\" title=\"Fonds pour l&#039;\u00e9galit\u00e9 des genres : renforcer la souverainet\u00e9 alimentaire pour sortir de la violence contre les femmes\" tabindex=\"0\">Fonds pour l'\u00e9galit\u00e9 des genres : renforcer la souverainet\u00e9 alimentaire pour sortir de la violence contre les femmes<\/a>\t\t\t<\/h3>\n\t\t\t<a href=\"https:\/\/www.mission-21.org\/fr\/projets\/programme-pour-legalite-des-genres\/\" title=\"Lire la suite\" target=\"_self\">En savoir plus \u2192<\/a>\t\t\n\t\t\t\t\t\t\t\t\t\t\t\t\t\t<a href=\"https:\/\/www.mission-21.org\/fr\/projets\/education-pour-lavenir-au-nigeria\/\" target=\"_self\" title=\"L&#039;\u00e9ducation pour des femmes et des filles plus fortes au Nigeria\">\n\t\t\t\t<img decoding=\"async\" src=\"https:\/\/www.mission-21.org\/wp-content\/uploads\/2022\/09\/dsc01220-1-900x506.jpg\" alt=\"dsc01220 (1)\" \/>\n\t\t\t\t<\/a>\n\t\t\t\t\t\t<h3>\n\t\t\t\t<a href=\"https:\/\/www.mission-21.org\/fr\/projets\/education-pour-lavenir-au-nigeria\/\" title=\"L&#039;\u00e9ducation pour des femmes et des filles plus fortes au Nigeria\" tabindex=\"0\">L'\u00e9ducation pour des femmes et des filles plus fortes au Nigeria<\/a>\t\t\t<\/h3>\n\t\t\t<a href=\"https:\/\/www.mission-21.org\/fr\/projets\/education-pour-lavenir-au-nigeria\/\" title=\"Lire la suite\" target=\"_self\">En savoir plus \u2192<\/a>\t\t\n\t\t\t\t\t\t\t\t\t\t\t\t\t\t<a href=\"https:\/\/www.mission-21.org\/fr\/projets\/violence-suppression-autodetermination-rendre-possible\/\" target=\"_self\" title=\"Vaincre la violence sexosp\u00e9cifique - promouvoir l&#039;autod\u00e9termination et la justice\">\n\t\t\t\t<img decoding=\"async\" src=\"https:\/\/www.mission-21.org\/wp-content\/uploads\/2022\/09\/csm_peru_bildung_476.1011_04_30bf564551-300x169.jpg\" alt=\"\" \/>\n\t\t\t\t<\/a>\n\t\t\t\t\t\t<h3>\n\t\t\t\t<a href=\"https:\/\/www.mission-21.org\/fr\/projets\/violence-suppression-autodetermination-rendre-possible\/\" title=\"Vaincre la violence sexosp\u00e9cifique - promouvoir l&#039;autod\u00e9termination et la justice\" tabindex=\"0\">Vaincre la violence sexosp\u00e9cifique - promouvoir l'autod\u00e9termination et la justice<\/a>\t\t\t<\/h3>\n\t\t\t<a href=\"https:\/\/www.mission-21.org\/fr\/projets\/violence-suppression-autodetermination-rendre-possible\/\" title=\"Lire la suite\" target=\"_self\">En savoir plus \u2192<\/a>\t\t\n\t\t<h2><a href=\"http:\/\/www.mission-21.org\/fr\/ce-que-nous-faisons\/projets-et-partenaires\/?_themen=gendergerechtigkeit\" target=\"_self\">Travail d'\u00e9ducation de Mission 21<\/a><\/h2><p>Mission 21 propose des cours et des ateliers sur le th\u00e8me de l'\u00e9galit\u00e9 des genres. Dans le nouveau programme de formation 2026, il est par exemple possible de r\u00e9server les cours \"Gleiches Recht f\u00fcr all*e\" ainsi que \"Mit Courage gegen Hate Speech\". Le site <a href=\"https:\/\/www.mission-21.org\/fr\/qui-sommes-nous\/stabsstelle-frauen-und-gender\/\">Unit\u00e9 Femmes et genre<\/a> peut \u00eatre sollicit\u00e9 pour des conseils ou des expos\u00e9s.<\/p>\n<h2>\n\t\t\tFilms sur la violence sexualis\u00e9e\t<\/h2>\n\t<p>Les partenaires de Mission 21 en Am\u00e9rique latine ont produit des documentaires avec Animales de Monte sur leur travail.<\/p>\n<p>Le film <a href=\"https:\/\/vimeo.com\/953637810\">\"Processus strat\u00e9gique contre la violence \u00e0 l'\u00e9gard des femmes<\/a>L'article \"Le travail juridique de Flora Trist\u00e1n\" donne un aper\u00e7u du travail juridique de notre organisation partenaire Flora Trist\u00e1n. Celle-ci utilise le moyen de la conduite strat\u00e9gique de proc\u00e8s pour prot\u00e9ger les victimes de violences sexuelles. Le court-m\u00e9trage fait le portrait de ce travail \u00e0 travers l'intervention sur un f\u00e9minicide et d\u00e9crit la probl\u00e9matique des femmes et des filles \"disparues\". Un film tr\u00e8s important qui montre tr\u00e8s bien pourquoi le travail pour l'\u00e9galit\u00e9 des sexes doit \u00eatre men\u00e9 \u00e0 plusieurs niveaux et que nous aussi, ici au Nord, pourrions apporter notre contribution.<\/p>\n<p>Dans le film <a href=\"https:\/\/vimeo.com\/showcase\/11248750\/video\/941865220\">\"Les droits des femmes au P\u00e9rou\"<\/a> il s'agit du travail de l'organisation partenaire Flora Trist\u00e1n au P\u00e9rou, qui porte la protestation contre la violence envers les femmes dans la rue.\u00a0<\/p>\n<p>Le film <a href=\"https:\/\/vimeo.com\/851195825\">\"La v\u00e9rit\u00e9 sera r\u00e9v\u00e9l\u00e9e\"<\/a> avec notre organisation partenaire Fundaci\u00f3n Machaqa Amawta tourne autour de la violence sexualis\u00e9e en Bolivie. \u00a0<\/p>\n<h2>\n\t\t\tProjets pilotes sur la souverainet\u00e9 alimentaire et l'\u00e9limination de la violence sexuelle\t<\/h2>\n\t<!DOCTYPE html>\n<html lang=\"en\">\n<head>\n    <meta charset=\"UTF-8\"\/>\n    <meta name=\"viewport\" content=\"width=device-width, initial-scale=1.0\"\/>\n    <title>Bouton avec lien<\/title>\n    <style>\n        .button {\n            padding: 10px 20px;\n            border: none;\n            border-radius: 4px; \/* Slightly rounded corners *\/\n            background-color: #F28C28; \/* Green background *\/\n            color: white;\n            font-size: 18px;\n            cursor: pointer;\n        }\n        .button:hover {\n            background-color: #FFA500; \/* Darker green on hover *\/\n        }\n    <\/style>\n<\/head>\n<body>\n    <p>En 2025, cinq partenaires ont lanc\u00e9 des projets pilotes qui associent la pr\u00e9vention de la violence sexuelle et la souverainet\u00e9 alimentaire dans des approches int\u00e9gr\u00e9es. Pour cr\u00e9er un avenir dans lequel les gens pourront vivre \u00e0 l'abri de la violence et de la faim, la violence et l'ins\u00e9curit\u00e9 alimentaire doivent \u00eatre abord\u00e9es ensemble.\u00a0 <br \/>Le Fonds pour l'\u00e9galit\u00e9 des genres alloue des ressources financi\u00e8res aux programmes et aux organisations partenaires pour des projets pilotes. Ces derni\u00e8res peuvent ainsi r\u00e9agir rapidement aux \u00e9volutions sociales qui renforcent l'in\u00e9galit\u00e9 entre les sexes. Le th\u00e8me central du fonds est red\u00e9fini chaque ann\u00e9e en fonction des besoins des programmes et des projets. <br \/>(Le fonds pour l'\u00e9galit\u00e9 des genres porte le num\u00e9ro 840.1005)<\/p>\n    <button onclick=\"window.open('https:\/\/www.mission-21.org\/projekte\/programm-fuer-gendergerechtigkeit', '_blank')\">\n        En savoir plus sur les projets\n    <\/button>\n<\/body>\n<\/html>\n<h2>\n\t\t\tStructures\t<\/h2>\n\t<p>Mission 21 travaille avec la strat\u00e9gie du\u00a0<a href=\"https:\/\/www.mission-21.org\/fr\/qui-sommes-nous\/stabsstelle-frauen-und-gender\/#gendermainstreaming\">Int\u00e9gration de la dimension de genre<\/a>Tous les programmes et projets de Mission 21 doivent contribuer \u00e0 renforcer l'\u00e9galit\u00e9 des sexes. Sur le plan organisationnel, cela est ancr\u00e9 dans la <a href=\"https:\/\/www.mission-21.org\/fr\/qui-sommes-nous\/stabsstelle-frauen-und-gender\/\">Unit\u00e9 Femmes et genre<\/a> ainsi qu'avec le <a href=\"https:\/\/www.mission-21.org\/fr\/qui-sommes-nous\/structure-organisationnelle\/advisory-board-gender-justice\/\">Comit\u00e9 consultatif sur la justice entre les sexes<\/a>.<\/p>","protected":false},"excerpt":{"rendered":"<p>Das Engagement gegen Gewalt an Frauen und Kindern geh\u00f6rt zum generellen Einsatz von Mission 21 f\u00fcr Gendergerechtigkeit. Wir streben Gendergerechtigkeit auf allen Ebenen an. Diese ist erreicht, wenn alle Menschen ein Leben frei von Diskriminierung f\u00fchren k\u00f6nnen, unabh\u00e4ngig von ihrem Geschlecht und ihrer sexuellen Orientierung. Doch geschlechtsspezifische Gewalt ist weltweit weiter verbreitet, als viele glauben. [&hellip;]<\/p>\n","protected":false},"author":6,"featured_media":0,"parent":0,"menu_order":0,"comment_status":"closed","ping_status":"closed","template":"","meta":{"_acf_changed":false,"_seopress_robots_primary_cat":"","_seopress_titles_title":"","_seopress_titles_desc":"","_seopress_robots_index":"","_searchwp_excluded":"","site-sidebar-layout":"default","site-content-layout":"","ast-site-content-layout":"default","site-content-style":"default","site-sidebar-style":"default","ast-global-header-display":"","ast-banner-title-visibility":"","ast-main-header-display":"","ast-hfb-above-header-display":"","ast-hfb-below-header-display":"","ast-hfb-mobile-header-display":"","site-post-title":"","ast-breadcrumbs-content":"","ast-featured-img":"","footer-sml-layout":"","ast-disable-related-posts":"","theme-transparent-header-meta":"","adv-header-id-meta":"","stick-header-meta":"","header-above-stick-meta":"","header-main-stick-meta":"","header-below-stick-meta":"","astra-migrate-meta-layouts":"set","ast-page-background-enabled":"default","ast-page-background-meta":{"desktop":{"background-color":"var(--ast-global-color-4)","background-image":"","background-repeat":"repeat","background-position":"center center","background-size":"auto","background-attachment":"scroll","background-type":"","background-media":"","overlay-type":"","overlay-color":"","overlay-opacity":"","overlay-gradient":""},"tablet":{"background-color":"","background-image":"","background-repeat":"repeat","background-position":"center center","background-size":"auto","background-attachment":"scroll","background-type":"","background-media":"","overlay-type":"","overlay-color":"","overlay-opacity":"","overlay-gradient":""},"mobile":{"background-color":"","background-image":"","background-repeat":"repeat","background-position":"center center","background-size":"auto","background-attachment":"scroll","background-type":"","background-media":"","overlay-type":"","overlay-color":"","overlay-opacity":"","overlay-gradient":""}},"ast-content-background-meta":{"desktop":{"background-color":"var(--ast-global-color-5)","background-image":"","background-repeat":"repeat","background-position":"center center","background-size":"auto","background-attachment":"scroll","background-type":"","background-media":"","overlay-type":"","overlay-color":"","overlay-opacity":"","overlay-gradient":""},"tablet":{"background-color":"var(--ast-global-color-5)","background-image":"","background-repeat":"repeat","background-position":"center center","background-size":"auto","background-attachment":"scroll","background-type":"","background-media":"","overlay-type":"","overlay-color":"","overlay-opacity":"","overlay-gradient":""},"mobile":{"background-color":"var(--ast-global-color-5)","background-image":"","background-repeat":"repeat","background-position":"center center","background-size":"auto","background-attachment":"scroll","background-type":"","background-media":"","overlay-type":"","overlay-color":"","overlay-opacity":"","overlay-gradient":""}},"iawp_total_views":740,"footnotes":""},"hf_cat_page":[],"class_list":["post-14319","page","type-page","status-publish"],"acf":[],"_links":{"self":[{"href":"https:\/\/www.mission-21.org\/fr\/wp-json\/wp\/v2\/pages\/14319","targetHints":{"allow":["GET"]}}],"collection":[{"href":"https:\/\/www.mission-21.org\/fr\/wp-json\/wp\/v2\/pages"}],"about":[{"href":"https:\/\/www.mission-21.org\/fr\/wp-json\/wp\/v2\/types\/page"}],"author":[{"embeddable":true,"href":"https:\/\/www.mission-21.org\/fr\/wp-json\/wp\/v2\/users\/6"}],"replies":[{"embeddable":true,"href":"https:\/\/www.mission-21.org\/fr\/wp-json\/wp\/v2\/comments?post=14319"}],"version-history":[{"count":11,"href":"https:\/\/www.mission-21.org\/fr\/wp-json\/wp\/v2\/pages\/14319\/revisions"}],"predecessor-version":[{"id":19302,"href":"https:\/\/www.mission-21.org\/fr\/wp-json\/wp\/v2\/pages\/14319\/revisions\/19302"}],"wp:attachment":[{"href":"https:\/\/www.mission-21.org\/fr\/wp-json\/wp\/v2\/media?parent=14319"}],"wp:term":[{"taxonomy":"hf_cat_page","embeddable":true,"href":"https:\/\/www.mission-21.org\/fr\/wp-json\/wp\/v2\/hf_cat_page?post=14319"}],"curies":[{"name":"wp","href":"https:\/\/api.w.org\/{rel}","templated":true}]}}