{"id":17966,"date":"2025-09-09T09:10:11","date_gmt":"2025-09-09T07:10:11","guid":{"rendered":"https:\/\/www.mission-21.org\/?page_id=17966"},"modified":"2026-03-31T15:13:53","modified_gmt":"2026-03-31T13:13:53","slug":"lueur-d-espoir","status":"publish","type":"page","link":"https:\/\/www.mission-21.org\/fr\/lichtblick\/","title":{"rendered":"Lueur d'espoir 2026"},"content":{"rendered":"<img decoding=\"async\" src=\"https:\/\/www.mission-21.org\/wp-content\/uploads\/bb-plugin\/cache\/nora-300x300-circle-0225c072c73f73d53f5b5060de56e773-.png\" alt=\"nora\" itemprop=\"image\" height=\"300\" width=\"300\" title=\"Nora\" onerror=\"this.style.display='none'\" loading='lazy' \/>\n\t\t<h3>\"Gr\u00e2ce aux ateliers, nous pouvons inciter les gens \u00e0 penser au-del\u00e0 des fronti\u00e8res ethniques et \u00e0 agir ensemble\".<\/h3><p>Nora Zangabeyo, assistante sociale au Sud-Soudan<\/p>\n\t<p>Le Sud-Soudan est l'un des pays les plus pauvres du monde. La grande pauvret\u00e9 et aussi la violence font que le quotidien de la population est marqu\u00e9 par de nombreux conflits. Les femmes et les enfants sont particuli\u00e8rement touch\u00e9s. Les ateliers soutenus par Mission 21 sur la pr\u00e9vention des conflits et la promotion de la paix ainsi que le soutien psychosocial, qui est plus important que jamais, sont une lueur d'espoir dans leur quotidien.<\/p>\n\t\t<h3>\"Gr\u00e2ce aux formations, nous r\u00e9coltons plus de l\u00e9gumes, plus sains, et nous pouvons maintenir la fertilit\u00e9 de nos sols\".<\/h3><p>Elva Apaza Quispe, agricultrice p\u00e9ruvienne<\/p>\n\t\t\t\t<img decoding=\"async\" src=\"https:\/\/www.mission-21.org\/wp-content\/uploads\/bb-plugin\/cache\/ernaehrungssouveraenitaet-la-story-elva_q-1-300x300-circle-da85a9c87f7f8e7849291075f8e09a92-.jpg\" alt=\"souverainet\u00e9 alimentaire la, story elva\" itemprop=\"image\" height=\"300\" width=\"300\" title=\"Souverainet\u00e9 alimentaire LA, Story Elva\" onerror=\"this.style.display='none'\" loading='lazy' \/>\n\t<p>Elva et sa famille de huit personnes vivent dans les hauts plateaux des Andes, \u00e0 pr\u00e8s de 4000 m\u00e8tres d'altitude. Le sol est pauvre et difficile \u00e0 cultiver. Notre organisation partenaire locale soutient Elva Apaza en lui proposant des formations continues en agriculture durable. Elle a appris \u00e0 cultiver de mani\u00e8re plus diversifi\u00e9e dans une petite serre et \u00e0 fabriquer des engrais biologiques. Aujourd'hui, Elva Apaza r\u00e9colte suffisamment de l\u00e9gumes pour que sa famille puisse manger r\u00e9guli\u00e8rement et sainement.<\/p>\n\t\t\t\t<img decoding=\"async\" src=\"https:\/\/www.mission-21.org\/wp-content\/uploads\/bb-plugin\/cache\/img_0529-300x300-circle-90627cb7a8e2417caa28660eae843fbe-.jpg\" alt=\"img 0529\" itemprop=\"image\" height=\"300\" width=\"300\" title=\"img_0529\" onerror=\"this.style.display='none'\" loading='lazy' \/>\n\t\t<h3>\"J'ai beaucoup appris et je vais en faire profiter les autres\".<\/h3><p>Ladi Zachariah, agricultrice nig\u00e9riane<\/p>\n\t<p>Ladi Zachariah vit dans le nord-est du Nigeria. Elle cultive des haricots, des arachides et du ma\u00efs, mais les r\u00e9coltes sont mauvaises, car le r\u00e9chauffement climatique entra\u00eene des s\u00e9cheresses et des inondations plus fr\u00e9quentes. Gr\u00e2ce aux offres de formation des organisations partenaires locales de Mission 21, Ladi Zachariah compl\u00e8te les connaissances traditionnelles par des m\u00e9thodes agro-\u00e9cologiques. Elle peut ainsi r\u00e9colter davantage sur des sols plus sains et mieux nourrir sa famille.<\/p>\n\n\t<h1>Ce que nous avons r\u00e9alis\u00e9 avec nos organisations partenaires sur place<\/h1>\n\t\t\t\t\t<a href=\"#\"  id=\"fl-accordion--label-0\" tabindex=\"0\" aria-controls=\"fl-accordion--panel-0\">Promotion de la paix<\/a>\n\t\t\t\t\t\t\t\t\t\t\t<a href=\"#\" id=\"fl-accordion--icon-0\"  tabindex=\"0\"><i title=\"D\u00e9velopper\">D\u00e9velopper<\/i><\/a>\n\t\t\t\t\t<p>Ensemble, nous avons pu renforcer les femmes et les filles dans tous les domaines. Il s'agit notamment d'espaces s\u00fbrs pour \u00e9changer, partager et assimiler des exp\u00e9riences ainsi que pour se construire mutuellement. De plus, nous permettons aux femmes et aux filles de b\u00e9n\u00e9ficier d'une formation et d'un perfectionnement pr\u00e9cieux et nous les soutenons dans la construction de leur ind\u00e9pendance \u00e9conomique.<\/p>\n\t\t\t\t\t<a href=\"#\"  id=\"fl-accordion--label-1\" tabindex=\"0\" aria-controls=\"fl-accordion--panel-1\">Agro\u00e9cologie<\/a>\n\t\t\t\t\t\t\t\t\t\t\t<a href=\"#\" id=\"fl-accordion--icon-1\"  tabindex=\"0\"><i title=\"D\u00e9velopper\">D\u00e9velopper<\/i><\/a>\n\t\t\t\t\t<p>Gr\u00e2ce \u00e0 nos organisations partenaires, plus de 6000 personnes des hauts plateaux se forment d\u00e9j\u00e0 \u00e0 l'agro\u00e9cologie et \u00e0 la gestion \u00e9cologique de l'eau - des \u00e9l\u00e9ments importants pour plus de justice climatique.<\/p>\n\t\t\t\t\t<a href=\"#\"  id=\"fl-accordion--label-2\" tabindex=\"0\" aria-controls=\"fl-accordion--panel-2\">Pompes solaires, r\u00e9servoirs d'eau, p\u00e9pini\u00e8res<\/a>\n\t\t\t\t\t\t\t\t\t\t\t<a href=\"#\" id=\"fl-accordion--icon-2\"  tabindex=\"0\"><i title=\"D\u00e9velopper\">D\u00e9velopper<\/i><\/a>\n\t\t\t\t\t<p>En Tanzanie, nous avons install\u00e9 en 2024 deux pompes solaires et des r\u00e9servoirs d'eau suppl\u00e9mentaires avec nos organisations partenaires. Sur cinq sites, un approvisionnement fiable en eau potable fra\u00eeche et propre est d\u00e9sormais assur\u00e9 pour environ 3500 habitants*, ce qui contribue \u00e0 la justice climatique. De plus, les pompes irriguent \u00e9galement trois p\u00e9pini\u00e8res, qui constituent une base importante pour le reboisement.<\/p>\n\t\t\t\t\t<a href=\"#\"  id=\"fl-accordion--label-3\" tabindex=\"0\" aria-controls=\"fl-accordion--panel-3\">Serres<\/a>\n\t\t\t\t\t\t\t\t\t\t\t<a href=\"#\" id=\"fl-accordion--icon-3\"  tabindex=\"0\"><i title=\"D\u00e9velopper\">D\u00e9velopper<\/i><\/a>\n\t\t\t\t\t<p>De plus en plus de serres sont construites ou r\u00e9habilit\u00e9es en Bolivie et au P\u00e9rou. Par exemple, en 2023, 32 serres financ\u00e9es par l'\u00c9tat et laiss\u00e9es \u00e0 l'abandon ont \u00e9t\u00e9 r\u00e9activ\u00e9es. Gr\u00e2ce \u00e0 cette r\u00e9habilitation et aux connaissances agro\u00e9cologiques, 32 familles suppl\u00e9mentaires peuvent d\u00e9sormais cultiver et r\u00e9colter des l\u00e9gumes et des fruits sains.<\/p>\n\t\t\t\t\t<a href=\"#\"  id=\"fl-accordion--label-4\" tabindex=\"0\" aria-controls=\"fl-accordion--panel-4\">Reforestation et fours de cuisson \u00e0 faible consommation d'\u00e9nergie<\/a>\n\t\t\t\t\t\t\t\t\t\t\t<a href=\"#\" id=\"fl-accordion--icon-4\"  tabindex=\"0\"><i title=\"D\u00e9velopper\">D\u00e9velopper<\/i><\/a>\n\t\t\t\t\t<p>Au Nigeria, plus de 500 paysans se forment chaque ann\u00e9e \u00e0 l'agro\u00e9cologie, au reboisement et \u00e0 la gestion des ressources naturelles. De plus, gr\u00e2ce \u00e0 la formation et au soutien, nous permettons la construction de fours de cuisson efficaces sur le plan \u00e9nerg\u00e9tique et respectueux de l'environnement.<\/p>\n\t\t\t\t<img decoding=\"async\" src=\"https:\/\/www.mission-21.org\/wp-content\/uploads\/2022\/11\/logo_m21-de-weiss_20160310_vv-900x300.png\" alt=\"logo m21 de blanc 20160310 vv\" itemprop=\"image\" height=\"300\" width=\"900\" title=\"Logo_m21 de weiss_20160310_VV\" onerror=\"this.style.display='none'\" loading='lazy' \/>\n\t<p>&nbsp;<\/p>\n<p><a href=\"http:\/\/www.mission-21.org\/fr\/\">Mission 21<\/a> s'engage dans 15 pays d'Afrique, d'Asie et d'Am\u00e9rique latine dans le cadre de la coop\u00e9ration internationale pour le d\u00e9veloppement durable et de l'aide humanitaire pour la promotion de la paix, l'\u00e9ducation, la sant\u00e9, la souverainet\u00e9 alimentaire et l'\u00e9galit\u00e9 des sexes. Nous contribuons ainsi \u00e0 la r\u00e9alisation des objectifs de d\u00e9veloppement durable de l'ONU.<\/p>\n<p><a href=\"https:\/\/www.mission-21.org\/fr\/ce-que-nous-faisons\/climat\/\"><strong>&gt; En savoir plus sur nos projets dans le domaine de la justice climatique<\/strong><\/a><\/p>\n<p><a href=\"https:\/\/www.mission-21.org\/fr\/campagne-2030\/\"><strong>&gt; En savoir plus sur nos projets de promotion de la paix<\/strong><\/a><\/p>","protected":false},"excerpt":{"rendered":"<p>\u00abDank Workshops k\u00f6nnen wir die Menschen dazu bewegen, \u00fcber ethnische Grenzen hinweg zu denken und gemeinsam zu handeln.\u00bb Nora Zangabeyo, Sozialarbeiterin im S\u00fcdsudan Der S\u00fcdsudan geh\u00f6rt zu den \u00e4rmsten L\u00e4ndern der Welt. Die grosse Armut und auch Gewalt f\u00fchren dazu, dass der Alltag der Bev\u00f6lkerung von vielen Konflikten gepr\u00e4gt ist. Besonders betroffen sind Frauen und [&hellip;]<\/p>\n","protected":false},"author":30,"featured_media":11442,"parent":0,"menu_order":0,"comment_status":"closed","ping_status":"closed","template":"","meta":{"_acf_changed":false,"_seopress_robots_primary_cat":"","_seopress_titles_title":"","_seopress_titles_desc":"","_seopress_robots_index":"","_searchwp_excluded":"","site-sidebar-layout":"default","site-content-layout":"","ast-site-content-layout":"default","site-content-style":"default","site-sidebar-style":"default","ast-global-header-display":"disabled","ast-banner-title-visibility":"","ast-main-header-display":"","ast-hfb-above-header-display":"","ast-hfb-below-header-display":"","ast-hfb-mobile-header-display":"","site-post-title":"","ast-breadcrumbs-content":"","ast-featured-img":"","footer-sml-layout":"","ast-disable-related-posts":"","theme-transparent-header-meta":"","adv-header-id-meta":"","stick-header-meta":"","header-above-stick-meta":"","header-main-stick-meta":"","header-below-stick-meta":"","astra-migrate-meta-layouts":"set","ast-page-background-enabled":"default","ast-page-background-meta":{"desktop":{"background-color":"var(--ast-global-color-4)","background-image":"","background-repeat":"repeat","background-position":"center center","background-size":"auto","background-attachment":"scroll","background-type":"","background-media":"","overlay-type":"","overlay-color":"","overlay-opacity":"","overlay-gradient":""},"tablet":{"background-color":"","background-image":"","background-repeat":"repeat","background-position":"center center","background-size":"auto","background-attachment":"scroll","background-type":"","background-media":"","overlay-type":"","overlay-color":"","overlay-opacity":"","overlay-gradient":""},"mobile":{"background-color":"","background-image":"","background-repeat":"repeat","background-position":"center center","background-size":"auto","background-attachment":"scroll","background-type":"","background-media":"","overlay-type":"","overlay-color":"","overlay-opacity":"","overlay-gradient":""}},"ast-content-background-meta":{"desktop":{"background-color":"var(--ast-global-color-5)","background-image":"","background-repeat":"repeat","background-position":"center center","background-size":"auto","background-attachment":"scroll","background-type":"","background-media":"","overlay-type":"","overlay-color":"","overlay-opacity":"","overlay-gradient":""},"tablet":{"background-color":"var(--ast-global-color-5)","background-image":"","background-repeat":"repeat","background-position":"center center","background-size":"auto","background-attachment":"scroll","background-type":"","background-media":"","overlay-type":"","overlay-color":"","overlay-opacity":"","overlay-gradient":""},"mobile":{"background-color":"var(--ast-global-color-5)","background-image":"","background-repeat":"repeat","background-position":"center center","background-size":"auto","background-attachment":"scroll","background-type":"","background-media":"","overlay-type":"","overlay-color":"","overlay-opacity":"","overlay-gradient":""}},"iawp_total_views":1914,"footnotes":""},"hf_cat_page":[485,347],"class_list":["post-17966","page","type-page","status-publish","has-post-thumbnail"],"acf":[],"_links":{"self":[{"href":"https:\/\/www.mission-21.org\/fr\/wp-json\/wp\/v2\/pages\/17966","targetHints":{"allow":["GET"]}}],"collection":[{"href":"https:\/\/www.mission-21.org\/fr\/wp-json\/wp\/v2\/pages"}],"about":[{"href":"https:\/\/www.mission-21.org\/fr\/wp-json\/wp\/v2\/types\/page"}],"author":[{"embeddable":true,"href":"https:\/\/www.mission-21.org\/fr\/wp-json\/wp\/v2\/users\/30"}],"replies":[{"embeddable":true,"href":"https:\/\/www.mission-21.org\/fr\/wp-json\/wp\/v2\/comments?post=17966"}],"version-history":[{"count":10,"href":"https:\/\/www.mission-21.org\/fr\/wp-json\/wp\/v2\/pages\/17966\/revisions"}],"predecessor-version":[{"id":20174,"href":"https:\/\/www.mission-21.org\/fr\/wp-json\/wp\/v2\/pages\/17966\/revisions\/20174"}],"wp:featuredmedia":[{"embeddable":true,"href":"https:\/\/www.mission-21.org\/fr\/wp-json\/wp\/v2\/media\/11442"}],"wp:attachment":[{"href":"https:\/\/www.mission-21.org\/fr\/wp-json\/wp\/v2\/media?parent=17966"}],"wp:term":[{"taxonomy":"hf_cat_page","embeddable":true,"href":"https:\/\/www.mission-21.org\/fr\/wp-json\/wp\/v2\/hf_cat_page?post=17966"}],"curies":[{"name":"wp","href":"https:\/\/api.w.org\/{rel}","templated":true}]}}