{"id":20018,"date":"2026-04-07T09:15:51","date_gmt":"2026-04-07T07:15:51","guid":{"rendered":"https:\/\/www.mission-21.org\/?page_id=20018"},"modified":"2026-05-12T18:57:01","modified_gmt":"2026-05-12T16:57:01","slug":"advisors","status":"publish","type":"page","link":"https:\/\/www.mission-21.org\/fr\/was-wir-tun\/advisors\/","title":{"rendered":"Conseillers"},"content":{"rendered":"<figure itemscope itemtype=\"https:\/\/schema.org\/ImageObject\">\n\t\t\t\t<img decoding=\"async\" src=\"https:\/\/www.mission-21.org\/wp-content\/uploads\/2022\/08\/csm_header_news_d521d70e38.jpeg\" alt=\"csm header news d521d70e38\" height=\"688\" width=\"1680\" title=\"csm_Header_News_d521d70e38\" onerror=\"this.style.display='none'\" loading=\"lazy\" \/>\n\t<\/figure>\n\t\t\t<h2>La responsabilit\u00e9 dans le changement<\/h2>\t\t\t\n\t\t\t\t<p>Dans le cadre de leurs mandats, les interm\u00e9diaires charg\u00e9s du conseil dans le domaine des affaires familiales, des r\u00e8glements de succession, de la structuration du patrimoine ou de constellations comparables s'occupent de plus en plus souvent de questions d'engagement philanthropique.<br \/>Dans de tels contextes, il est utile de pouvoir situer les organisations partenaires ainsi que leurs structures institutionnelles, leurs m\u00e9thodes de travail et leurs m\u00e9canismes de contr\u00f4le.<\/p>\n<p>L'aper\u00e7u suivant donne en particulier aux partenaires de l'environnement interm\u00e9diaire un aper\u00e7u des aspects centraux de notre organisation et de notre travail.<\/p>\n\t<h2><strong>Bref portrait<\/strong><\/h2>\n<p>Mission 21 est une organisation internationale \u00e0 but non lucratif dont le si\u00e8ge est \u00e0 B\u00e2le. Elle est issue de la Mission de B\u00e2le, fond\u00e9e en 1815, et dispose de plus de 200 ans d'exp\u00e9rience dans la coop\u00e9ration internationale et l'aide humanitaire.<\/p>\n<p>Notre travail vise un impact durable, la justice et l'am\u00e9lioration des conditions de vie des groupes de population d\u00e9favoris\u00e9s. Pour ce faire, nous mettons en \u0153uvre, en collaboration avec nos organisations partenaires, des initiatives dans diff\u00e9rentes r\u00e9gions du monde et dans diff\u00e9rents contextes, en mettant l'accent sur les points suivants :<\/p>\n\t<link href=\"https:\/\/fonts.googleapis.com\/css2?family=Titillium+Web:wght@300;400;700&#038;display=swap\" rel=\"stylesheet\"\/>\n  <h3>Mission 21 en chiffres<\/h3>\n  <ul>\n    <li>200+ ans d'activit\u00e9 internationale<\/li>\n    <li>70+ organisations partenaires<\/li>\n    <li>Projets 60+<\/li>\n    <li>Employ\u00e9s de plus de 50 ans<\/li>\n    <li>14 pays<\/li>\n    <li>8 SDG en point de mire<\/li>\n  <\/ul>\n\t\t\t<a href=\"https:\/\/www.mission-21.org\/fr\/qui-sommes-nous\/\"  target=\"_blank\" rel=\"noopener\">\n\t\t\t\t\t\t\tEn savoir plus sur Mission 21\n\t\t\t\t\t<\/a>\n<figure itemscope itemtype=\"https:\/\/schema.org\/ImageObject\">\n\t\t\t\t<img decoding=\"async\" src=\"https:\/\/www.mission-21.org\/wp-content\/uploads\/2026\/03\/zewo-pwc-eduqua-logo-ohne-hintergrund.png\" alt=\"zewo, pwc, eduqua logo sans arri\u00e8re-plan\" height=\"1260\" width=\"1680\" title=\"Zewo, pwc, eduqua logo sans arri\u00e8re-plan\" onerror=\"this.style.display='none'\" loading=\"lazy\" \/>\n\t<\/figure>\n<h2>\n\t\t\tBonne gouvernance et normes\t<\/h2>\n\t<p>Nous disposons de structures de surveillance et de d\u00e9cision clairement d\u00e9finies et nous nous engageons \u00e0 g\u00e9rer les fonds qui nous sont confi\u00e9s de mani\u00e8re transparente et responsable.<\/p>\n<p>Parmi les \u00e9l\u00e9ments centraux de notre assurance qualit\u00e9 institutionnelle, on trouve notamment<\/p>\n' Reconnu d'utilit\u00e9 publique et exon\u00e9r\u00e9 d'imp\u00f4ts en Suisse<br \/>\n' R\u00e9vision externe des comptes annuels par PwC<br \/>\n' Certification ZEWO pour la transparence et l'utilisation des fonds<br \/>\n' Certification eduQua dans le domaine de l'\u00e9ducation des adultes<br \/>\n' Principes anti-corruption et de conformit\u00e9 (code de conduite)<br \/>\nPolitiques et directives \u00e9thiques sur la communication, le langage \u00e9quitable, la protection du climat et l'acceptation des dons\n\t\t\t<a href=\"https:\/\/www.mission-21.org\/fr\/informer\/shop-materiel-et-produits\/?_produkt_kategorie=informationen\"  target=\"_blank\" rel=\"noopener\">\n\t\t\t\t\t\t\tVers les rapports annuels\n\t\t\t\t\t<\/a>\n<h2>\n\t\t\tPr\u00e9sence internationale\t<\/h2>\n\t<p>Nous travaillons avec des programmes et des partenariats \u00e0 long terme dans certains pays d'Afrique, d'Asie et d'Am\u00e9rique latine, ainsi qu'en Suisse.<\/p>\n<p>Des bureaux de coordination r\u00e9gionaux assurent une coordination continue des programmes et permettent une collaboration \u00e9troite et une mise en \u0153uvre au niveau local par le biais d'organisations ancr\u00e9es localement.<\/p>\n<p>Vous trouverez sur la carte ci-contre un aper\u00e7u des pays dans lesquels nous sommes actuellement actifs.<\/p>\n\t\t\t<a href=\"https:\/\/www.mission-21.org\/fr\/ce-que-nous-faisons\/projets-et-partenaires\/\"  target=\"_blank\" rel=\"noopener\">\n\t\t\t\t\t\t\tEn savoir plus sur nos projets et programmes\n\t\t\t\t\t<\/a>\n\t<div class=\"map_wrapper\" id=\"map_wrapper_16209\">\n<div class=\"map_box\" style=\"max-width:2000px\">\n<div class=\"map_aspect_ratio\" style=\"padding-top:56%\" data-padding-top=\"56%\" data-padding-top-mobile=\"0%\">\n<div class=\"map_container\">\n<div class=\"map_render map_loading\" id=\"map_16209\"><\/div>\n<\/div>\n<\/div>\n<\/div>\n<\/div>\n<h2>\n\t\t\tOrientation vers les r\u00e9sultats\t<\/h2>\n\t<p>Nous d\u00e9veloppons nos programmes en \u00e9troite collaboration avec des partenaires locaux et les orientons vers des objectifs d'impact clairement formul\u00e9s.<\/p>\n<p>Afin de d\u00e9velopper en permanence la qualit\u00e9 et l'efficacit\u00e9 de ce travail, nous menons r\u00e9guli\u00e8rement des processus de suivi et d'\u00e9valuation. Les r\u00e9sultats sont int\u00e9gr\u00e9s dans la planification strat\u00e9gique. Des programmes s\u00e9lectionn\u00e9s sont en outre contr\u00f4l\u00e9s par des \u00e9valuations externes.<\/p>\n<p>Notre approche se fonde sur la cha\u00eene d'effets (th\u00e9orie du changement) d\u00e9crite ci-dessous.<\/p>\n      <h3>Ressources<\/h3>\n      <ul>\n        <li>Financement<\/li>\n        <li>Connaissances sp\u00e9cialis\u00e9es<\/li>\n        <li>R\u00e9seau international<\/li>\n      <\/ul>\n      <h3>Logique d'intervention<\/h3>\n      <ul>\n        <li>Renforcer les partenaires locaux<\/li>\n        <li>Accompagnement &amp; d\u00e9veloppement des comp\u00e9tences<\/li>\n        <li>Approches bas\u00e9es sur le dialogue et la situation<\/li>\n      <\/ul>\n      <h3>Changements<\/h3>\n      <ul>\n        <li>Responsabilit\u00e9 personnelle renforc\u00e9e<\/li>\n        <li>Am\u00e9lioration de l'acc\u00e8s aux ressources<\/li>\n        <li>Participation sociale et politique accrue<\/li>\n      <\/ul>\n      <h3>R\u00e9sultats<\/h3>\n      <ul>\n        <li>Structures locales fonctionnelles<\/li>\n        <li>Am\u00e9lioration des comp\u00e9tences et des processus<\/li>\n        <li>Programmes locaux dans des domaines d'action cl\u00e9s<\/li>\n      <\/ul>\n      <h3>Effet \u00e0 long terme<\/h3>\n      \n        Des structures sociales plus stables, plus \u00e9quitables et plus accessibles,\n        qui am\u00e9liorent durablement les perspectives de vie sur place.\n      \n<h2>\n\t\t\tOrientation vers les objectifs de durabilit\u00e9\t<\/h2>\n\t<p>Nous alignons nos activit\u00e9s sur certains objectifs de durabilit\u00e9 des Nations unies dans le cadre de l'Agenda 2030 (Sustainable Development Goals).<\/p>\n<p>Nos programmes contribuent notamment \u00e0 la promotion de la paix, de l'\u00e9ducation, de la sant\u00e9 et de la s\u00e9curit\u00e9 alimentaire. Il s'agit entre autres de<\/p>\n  <a href=\"https:\/\/www.mission-21.org\/fr\/paix\/\" target=\"_blank\">\n    16\n      Frieden,<br \/>\n      Justice<br \/>\n      et forte<br \/>\n      Institutions\n  <\/a>\n  <a href=\"https:\/\/www.mission-21.org\/fr\/ce-que-nous-faisons\/projets-et-partenaires\/?_search_test=armut\" target=\"_blank\">\n    1\n      Keine<br \/>\n      Pauvret\u00e9\n  <\/a>\n  <a href=\"https:\/\/www.mission-21.org\/fr\/ce-que-nous-faisons\/projets-et-partenaires\/?_search_test=armut&#038;_themen=ernaehrungssouveraenitaet\" target=\"_blank\">\n    2\n      Kein<br \/>\n      Faim\n  <\/a>\n  <a href=\"https:\/\/www.mission-21.org\/fr\/ce-que-nous-faisons\/projets-et-partenaires\/?_themen=gesundheit\" target=\"_blank\">\n    3\n      Gesundheit<br \/>\n      et<br \/>\n      Bien-\u00eatre\n  <\/a>\n  <a href=\"https:\/\/www.mission-21.org\/fr\/ce-que-nous-faisons\/projets-et-partenaires\/?_themen=bildung\" target=\"_blank\">\n    4\n      Hochwertige<br \/>\n      \u00c9ducation\n  <\/a>\n  <a href=\"https:\/\/www.mission-21.org\/fr\/ce-que-nous-faisons\/projets-et-partenaires\/?_themen=gendergerechtigkeit\" target=\"_blank\">\n    5\n      Geschlechter-<br \/>\n      \u00e9galit\u00e9\n  <\/a>\n  <a href=\"https:\/\/www.mission-21.org\/fr\/ce-que-nous-faisons\/projets-et-partenaires\/?_themen=bildung-fuer-den-sozialen-wandel\" target=\"_blank\">\n    8\n      Menschenw\u00fcrdige<br \/>\n      Travail et<br \/>\n      \u00c9conomie-<br \/>\n      croissance\n  <\/a>\n  <a href=\"https:\/\/www.mission-21.org\/fr\/ce-que-nous-faisons\/projets-et-partenaires\/?_themen=gendergerechtigkeit\" target=\"_blank\">\n    10\n      Weniger<br \/>\n      In\u00e9galit\u00e9s\n  <\/a>\n<style>\n.sdg-grid{\n  display:grid;\n  grid-template-columns:repeat(4,150px);\n  gap:14px;\n  margin:30px 0;\n}\n.sdg-card{\n  width:150px;\n  height:150px;\n  padding:16px 18px;\n  box-sizing:border-box;\n  color:#fff;\n  text-decoration:none;\n  display:flex;\n  flex-direction:column;\n  justify-content:flex-start;\n  overflow:hidden;\n  transition:all .25s ease;\n}\n.sdg-card:hover{\n  transform:translateY(-4px);\n  filter:brightness(1.08);\n}\n.sdg-number{\n  font-size:46px;\n  font-weight:800;\n  line-height:1;\n  margin-bottom:12px;\n}\n.sdg-title{\n  font-size:15px;\n  line-height:1.15;\n  font-weight:500;\n}\n\/* Sonderregel SDG 16 *\/\n.sdg16 .sdg-number{\n  font-size:38px;\n  margin-bottom:8px;\n}\n.sdg16 .sdg-title{\n  font-size:13px;\n  line-height:1.1;\n}\n\/* Sonderregel SDG 8 *\/\n.sdg8 .sdg-number{\n  font-size:40px;\n  margin-bottom:8px;\n}\n.sdg8 .sdg-title{\n  font-size:12px;\n  line-height:1.05;\n}\n\/* Farben *\/\n.sdg16{\n  background:#00689D;\n}\n.sdg1{\n  background:#E5243B;\n}\n.sdg2{\n  background:#DDA63A;\n}\n.sdg3{\n  background:#4C9F38;\n}\n.sdg4{\n  background:#C5192D;\n}\n.sdg5{\n  background:#FF3A21;\n}\n.sdg8{\n  background:#A21942;\n}\n.sdg10{\n  background:#DD1367;\n}\n\/* Tablet *\/\n@media(max-width:900px){\n  .sdg-grid{\n    grid-template-columns:repeat(2,150px);\n  }\n}\n\/* Mobile *\/\n@media(max-width:500px){\n  .sdg-grid{\n    grid-template-columns:1fr;\n  }\n  .sdg-card{\n    width:100%;\n    max-width:220px;\n  }\n}\n<\/style>\n<figure itemscope itemtype=\"https:\/\/schema.org\/ImageObject\">\n\t\t\t\t<img decoding=\"async\" src=\"https:\/\/www.mission-21.org\/wp-content\/uploads\/2026\/03\/logos-netzwerke-ohne-hintergrund-600x450.png\" alt=\"r\u00e9seaux logos sans arri\u00e8re-plan\" height=\"450\" width=\"600\" title=\"Logos R\u00e9seaux sans arri\u00e8re-plan\" onerror=\"this.style.display='none'\" loading=\"lazy\" \/>\n\t<\/figure>\n<h2>\n\t\t\tR\u00e9seaux\t<\/h2>\n\t<p>Nous faisons partie de plusieurs r\u00e9seaux nationaux et internationaux dans le domaine de la coop\u00e9ration au d\u00e9veloppement et de la philanthropie.<\/p>\n<p>Ces coop\u00e9rations permettent des \u00e9changes professionnels, des normes communes ainsi qu'une collaboration coordonn\u00e9e avec des organisations partenaires dans le monde entier.<\/p>\n<h2>\n\t\t\tLes reportages vid\u00e9o suivants donnent un aper\u00e7u de nos programmes et projets dans diff\u00e9rentes r\u00e9gions : \t<\/h2>\n    <a href=\"https:\/\/vimeo.com\/851195532\" target=\"_blank\" rel=\"noopener\">\n      <img decoding=\"async\" src=\"https:\/\/www.mission-21.org\/wp-content\/uploads\/2026\/04\/thumbnail_doku-lateinamerika.jpg\" alt=\"Souverainet\u00e9 alimentaire en Am\u00e9rique latine\"\/>\n    <\/a>\n      <h3>Souverainet\u00e9 alimentaire en Am\u00e9rique latine<\/h3>\n      <p>Une s\u00e9rie de cinq documentaires sur le travail de Mission 21 pour promouvoir la souverainet\u00e9 alimentaire et l'agriculture durable sur les hauts plateaux.<\/p>\n    <a href=\"https:\/\/vimeo.com\/417983256\" target=\"_blank\" rel=\"noopener\">\n      <img decoding=\"async\" src=\"https:\/\/www.mission-21.org\/wp-content\/uploads\/2026\/04\/thumbnail_film-suedsudan.jpg\" alt=\"Le r\u00eave de paix au Sud-Soudan\"\/>\n    <\/a>\n      <h3>Le r\u00eave de paix au Sud-Soudan<\/h3>\n      <p>Un aper\u00e7u du travail de Mission 21 au centre pour enfants Muhaba et de la vie des enfants qui y trouvent protection et perspectives.<\/p>\n    <a href=\"https:\/\/www.srf.ch\/play\/tv\/mitenand\/video\/hongkong---gegen-die-ausbeutung-von-hausangestellten?urn=urn:srf:video:c7ea8668-db05-4878-a927-1f3c77f30a00\" target=\"_blank\" rel=\"noopener\">\n      <img decoding=\"async\" src=\"https:\/\/www.mission-21.org\/wp-content\/uploads\/2026\/04\/thumbnail_film-hongkong.jpg\" alt=\"Contre l&#039;exploitation des travailleurs domestiques \u00e0 Hong Kong\"\/>\n    <\/a>\n      <h3>Contre l'exploitation des travailleurs domestiques \u00e0 Hong Kong<\/h3>\n      <p>Un reportage de l'\u00e9mission de la SRF <em>avec nous<\/em> sur le travail de Mission 21 sur le terrain et son engagement pour les droits des travailleurs domestiques.<\/p>\n<h2>\n\t\t\tPublication\t<\/h2>\n\t<p>Vous pouvez commander ou t\u00e9l\u00e9charger ici un briefing compact contenant des informations de fond sur notre travail ainsi que sur la mani\u00e8re de le situer dans le contexte du conseil.<\/p>\n\t<iframe width=\"620px\" height=\"481px\" src=\"https:\/\/www.yumpu.com\/de\/embed\/view\/jMrzvZ9IJ6ERyGsu\" frameborder=\"0\" allowfullscreen=\"true\"  allowtransparency=\"true\"><\/iframe>\n<figure itemscope itemtype=\"https:\/\/schema.org\/ImageObject\">\n\t\t\t\t<img decoding=\"async\" src=\"https:\/\/www.mission-21.org\/wp-content\/uploads\/2026\/05\/picture-tc-300x300.jpeg\" alt=\"Christian Tohm\u00e9\" height=\"300\" width=\"300\" title=\"image tc\" onerror=\"this.style.display='none'\" loading=\"lazy\" \/>\n\t<\/figure>\n<h2>\n\t\t\tVotre contact\t<\/h2>\n\t<strong>Christian Tohm\u00e9<\/strong><br \/>\nConseiller principal, Philanthropie\n<p>Christian.Tohme@mission-21.org | +41 61 260 23 40<\/p>\n<p>Nous nous tenons \u00e0 votre disposition, ainsi qu'\u00e0 celle de vos clients, pour un entretien ou des informations compl\u00e9mentaires. Sur demande, nos responsables de programme se feront un plaisir de vous donner personnellement un aper\u00e7u approfondi de leur travail sur place.<\/p>","protected":false},"excerpt":{"rendered":"<p>Verantwortung im Wandel Beratende Intermedi\u00e4re im Umfeld von Familienbelangen, Nachlassregelungen, Verm\u00f6gensstrukturierung oder vergleichbaren Konstellationen befassen sich im Rahmen ihrer Mandate zunehmend auch mit Fragen philanthropischen Engagements.In solchen Kontexten ist es hilfreich, Partnerorganisationen sowie ihre institutionellen Strukturen, Arbeitsweisen und Kontrollmechanismen einordnen zu k\u00f6nnen. Die folgende \u00dcbersicht gibt insbesondere Partnerinnen und Partnern im intermedi\u00e4ren Umfeld einen Einblick [&hellip;]<\/p>\n","protected":false},"author":32,"featured_media":20020,"parent":205,"menu_order":0,"comment_status":"closed","ping_status":"closed","template":"","meta":{"_acf_changed":false,"_seopress_robots_primary_cat":"","_seopress_titles_title":"","_seopress_titles_desc":"","_seopress_robots_index":"","_searchwp_excluded":"","site-sidebar-layout":"default","site-content-layout":"","ast-site-content-layout":"default","site-content-style":"default","site-sidebar-style":"default","ast-global-header-display":"","ast-banner-title-visibility":"","ast-main-header-display":"","ast-hfb-above-header-display":"","ast-hfb-below-header-display":"","ast-hfb-mobile-header-display":"","site-post-title":"","ast-breadcrumbs-content":"","ast-featured-img":"","footer-sml-layout":"","ast-disable-related-posts":"","theme-transparent-header-meta":"","adv-header-id-meta":"","stick-header-meta":"","header-above-stick-meta":"","header-main-stick-meta":"","header-below-stick-meta":"","astra-migrate-meta-layouts":"set","ast-page-background-enabled":"default","ast-page-background-meta":{"desktop":{"background-color":"var(--ast-global-color-4)","background-image":"","background-repeat":"repeat","background-position":"center center","background-size":"auto","background-attachment":"scroll","background-type":"","background-media":"","overlay-type":"","overlay-color":"","overlay-opacity":"","overlay-gradient":""},"tablet":{"background-color":"","background-image":"","background-repeat":"repeat","background-position":"center center","background-size":"auto","background-attachment":"scroll","background-type":"","background-media":"","overlay-type":"","overlay-color":"","overlay-opacity":"","overlay-gradient":""},"mobile":{"background-color":"","background-image":"","background-repeat":"repeat","background-position":"center center","background-size":"auto","background-attachment":"scroll","background-type":"","background-media":"","overlay-type":"","overlay-color":"","overlay-opacity":"","overlay-gradient":""}},"ast-content-background-meta":{"desktop":{"background-color":"var(--ast-global-color-5)","background-image":"","background-repeat":"repeat","background-position":"center center","background-size":"auto","background-attachment":"scroll","background-type":"","background-media":"","overlay-type":"","overlay-color":"","overlay-opacity":"","overlay-gradient":""},"tablet":{"background-color":"var(--ast-global-color-5)","background-image":"","background-repeat":"repeat","background-position":"center center","background-size":"auto","background-attachment":"scroll","background-type":"","background-media":"","overlay-type":"","overlay-color":"","overlay-opacity":"","overlay-gradient":""},"mobile":{"background-color":"var(--ast-global-color-5)","background-image":"","background-repeat":"repeat","background-position":"center center","background-size":"auto","background-attachment":"scroll","background-type":"","background-media":"","overlay-type":"","overlay-color":"","overlay-opacity":"","overlay-gradient":""}},"iawp_total_views":77,"footnotes":""},"hf_cat_page":[302],"class_list":["post-20018","page","type-page","status-publish","has-post-thumbnail"],"acf":[],"_links":{"self":[{"href":"https:\/\/www.mission-21.org\/fr\/wp-json\/wp\/v2\/pages\/20018","targetHints":{"allow":["GET"]}}],"collection":[{"href":"https:\/\/www.mission-21.org\/fr\/wp-json\/wp\/v2\/pages"}],"about":[{"href":"https:\/\/www.mission-21.org\/fr\/wp-json\/wp\/v2\/types\/page"}],"author":[{"embeddable":true,"href":"https:\/\/www.mission-21.org\/fr\/wp-json\/wp\/v2\/users\/32"}],"replies":[{"embeddable":true,"href":"https:\/\/www.mission-21.org\/fr\/wp-json\/wp\/v2\/comments?post=20018"}],"version-history":[{"count":11,"href":"https:\/\/www.mission-21.org\/fr\/wp-json\/wp\/v2\/pages\/20018\/revisions"}],"predecessor-version":[{"id":20519,"href":"https:\/\/www.mission-21.org\/fr\/wp-json\/wp\/v2\/pages\/20018\/revisions\/20519"}],"up":[{"embeddable":true,"href":"https:\/\/www.mission-21.org\/fr\/wp-json\/wp\/v2\/pages\/205"}],"wp:featuredmedia":[{"embeddable":true,"href":"https:\/\/www.mission-21.org\/fr\/wp-json\/wp\/v2\/media\/20020"}],"wp:attachment":[{"href":"https:\/\/www.mission-21.org\/fr\/wp-json\/wp\/v2\/media?parent=20018"}],"wp:term":[{"taxonomy":"hf_cat_page","embeddable":true,"href":"https:\/\/www.mission-21.org\/fr\/wp-json\/wp\/v2\/hf_cat_page?post=20018"}],"curies":[{"name":"wp","href":"https:\/\/api.w.org\/{rel}","templated":true}]}}