{"id":20083,"date":"2026-03-26T16:51:58","date_gmt":"2026-03-26T15:51:58","guid":{"rendered":"https:\/\/www.mission-21.org\/?page_id=20083"},"modified":"2026-04-14T15:47:44","modified_gmt":"2026-04-14T13:47:44","slug":"un-soutien-fiable-en-periode-dinstabilite","status":"publish","type":"page","link":"https:\/\/www.mission-21.org\/fr\/kampagne-2026\/zuverlaessige-unterstuetzung-in-instabilen-zeiten\/","title":{"rendered":"Un soutien fiable en p\u00e9riode d'instabilit\u00e9"},"content":{"rendered":"<h2>Un soutien fiable en p\u00e9riode d'instabilit\u00e9<\/h2>\n<p><strong>Quand on entend \u00abIndon\u00e9sie\u00bb, on pense souvent \u00e0 l'\u00eele de r\u00eave de Bali, aux plages de sable paradisiaques, aux for\u00eats tropicales luxuriantes et \u00e0 la grande diversit\u00e9 culturelle. Si l'on s'int\u00e9resse d'un peu plus pr\u00e8s au quatri\u00e8me pays le plus peupl\u00e9 de la plan\u00e8te, on constate aussi qu'il existe de grands d\u00e9fis, parmi lesquels la violence envers les femmes et les enfants.<\/strong><\/p>\n<p>Une enqu\u00eate nationale montre qu'une femme indon\u00e9sienne sur quatre a d\u00e9j\u00e0 subi des violences physiques ou sexuelles - deux des formes les plus courantes de violence li\u00e9e au genre. En revanche, seule une petite partie de ces cas a \u00e9t\u00e9 enregistr\u00e9e par la police. De nombreuses personnes concern\u00e9es ne signalent pas les d\u00e9lits de violence - par peur, en raison de la stigmatisation sociale ou par manque de confiance dans les autorit\u00e9s.<\/p>\n<p>Dans la soci\u00e9t\u00e9 indon\u00e9sienne, de nombreuses femmes sont structurellement d\u00e9savantag\u00e9es, les \u00e9pouses \u00e9tant m\u00eame subordonn\u00e9es \u00e0 leurs maris sur le plan du droit civil. L\u00e9galement, les femmes sont par exemple consid\u00e9r\u00e9es comme coupables si elles s'\u00e9loignent de leur mari en raison de violences domestiques. Les filles peuvent conna\u00eetre des variantes extr\u00eames de la domination \u00e9trang\u00e8re : Malgr\u00e9 l'interdiction, plus d'un million de mineures indon\u00e9siennes sont mari\u00e9es de force chaque ann\u00e9e.<\/p>\n\t<p><small>Impressions de Bandung (Java Ouest, Indon\u00e9sie), 2026. Photo : Rosa Panggabean pour Mission 21.<\/small><\/p>\n\t<h3>Mettre fin \u00e0 la traite des \u00eatres humains et \u00e0 la violence<\/h3>\n<p>Les difficult\u00e9s financi\u00e8res, les normes patriarcales ainsi que la pression familiale poussent \u00e9galement de nombreuses Indon\u00e9siennes \u00e0 migrer vers les villes ou \u00e0 chercher un emploi \u00e0 l'\u00e9tranger. Actuellement, environ six millions de femmes indon\u00e9siennes travaillent \u00e0 l'\u00e9tranger. La plupart du temps, elles sont plac\u00e9es par des agences en tant qu'employ\u00e9es de maison ou personnel soignant, tout en \u00e9tant financi\u00e8rement d\u00e9pendantes de ces agences.<\/p>\n<p>A Hong Kong, o\u00f9 travaillent environ 150'000 Indon\u00e9siennes, les employ\u00e9es de maison sont particuli\u00e8rement vuln\u00e9rables \u00e0 l'exploitation et aux abus en raison de l'obligation de r\u00e9sidence chez l'employeur. Mission 21 y soutient l'organisation partenaire \u00abChristian Action\u00bb, qui offre aux femmes concern\u00e9es un logement d'urgence ainsi qu'un accompagnement juridique et psychosocial. En outre, nous nous engageons en Indon\u00e9sie avec des organisations partenaires dans la pr\u00e9vention afin d'emp\u00eacher la traite des \u00eatres humains et la violence. Pour ce faire, nous travaillons aussi bien avec des \u00e9glises qu'avec des organisations interreligieuses et renfor\u00e7ons les femmes au-del\u00e0 des fronti\u00e8res religieuses.<\/p>\n<h3>Les acquis sociaux sous pression<\/h3>\n<p>Depuis l'\u00e9lection du pr\u00e9sident Prabowo Subianto en 2024, les progr\u00e8s en mati\u00e8re d'\u00e9galit\u00e9 sont \u00e0 nouveau remis en question par les responsables politiques - par exemple une loi pionni\u00e8re de 2022 qui a en fait apport\u00e9 des am\u00e9liorations d\u00e9cisives dans la lutte contre les violences sexistes et sexuelles.<\/p>\n<p>La situation politique et sociale de plus en plus instable rend le travail de nos organisations partenaires locales plus difficile et en m\u00eame temps d'autant plus important. Culturellement et religieusement, elles sont \u00e9troitement li\u00e9es \u00e0 la population et jouissent de sa confiance. C'est ce que montre par exemple le \u00abPasundan Durebang Center\u00bb \u00e0 Bandung (Java Ouest). Les femmes et les enfants victimes de violence ainsi que les personnes aux multiples identit\u00e9s de genre et orientations sexuelles y trouvent une protection et un accompagnement vari\u00e9, par exemple par la psychologue Taty P. Suandi et le pasteur Cliff Edward Kasakeyan. Apprendre votre travail <a href=\"https:\/\/www.mission-21.org\/fr\/apercu-de-la-campagne-2026\/taty-p-suandi-et-cliff-edward-kasakeyan-deux-voix-contre-le-silence\/\">ici<\/a> conna\u00eetre.<\/p>\n  <h3>Contexte : la situation actuelle en Indon\u00e9sie<\/h3>\n  \n    Vous souhaitez en savoir plus sur le contexte sociopolitique dans lequel s'inscrivent nos projets ?\n    Un an apr\u00e8s l'arriv\u00e9e au pouvoir du pr\u00e9sident Prabowo, l'organisation de d\u00e9fense des droits de l'homme \n    <strong>Regardez l'Indon\u00e9sie !<\/strong> Bilan . L'article propose une analyse approfondie de la situation actuelle\n    Les d\u00e9veloppements et les d\u00e9fis auxquels la soci\u00e9t\u00e9 civile indon\u00e9sienne est actuellement confront\u00e9e.\n  \n  <a href=\"https:\/\/www.watchindonesia.de\/de\/article\/23087.indonesien-ein-jahr-regierung-unter-prabowo-wo-steht-das-land.html\" \n     target=\"_blank\" \n     rel=\"noopener\">\n     Cliquez ici pour lire le rapport de Watch Indonesia ! \u2192\n  <\/a>\n\t\t\t<h3>Deux voix contre la violence<\/h3>\t\t\t\n\t\t\t\t<p>En Indon\u00e9sie, une psychologue et un pasteur regardent l\u00e0 o\u00f9 d'autres d\u00e9tournent le regard. D\u00e9couvrez comment Taty P. Suandi et Cliff Edward Kasakeyan brisent ensemble les tabous et ouvrent de nouvelles perspectives aux personnes concern\u00e9es.<\/p>\n<a href=\"https:\/\/www.mission-21.org\/fr\/campagne-2031\/taty-p-suandi-et-cliff-edward-kasakeyan-deux-voix-contre-le-silence\/\" target=\"_self\">Voir toute l'histoire \u2192<\/a>\t\t\t\n\t\t\n\t\t\t<a href=\"https:\/\/www.mission-21.org\/fr\/campagne-2031\/\"  target=\"_self\">\n\t\t\t\t\t\t\t\u2190 Retour \u00e0 l'aper\u00e7u : Ensemble contre la violence\n\t\t\t\t\t<\/a>","protected":false},"excerpt":{"rendered":"<p>Zuverl\u00e4ssige Unterst\u00fctzung in instabilen Zeiten Wer \u00abIndonesien\u00bb h\u00f6rt, denkt oftmals an die Trauminsel Bali, paradiesische Sandstr\u00e4nde, \u00fcppige Regenw\u00e4lder und eine grosse kulturelle Vielfalt. Befasst man sich etwas n\u00e4her mit dem bev\u00f6lkerungsm\u00e4ssig viertgr\u00f6ssten Staat der Erde, lassen sich auch grosse Herausforderungen erkennen &#8211; zu diesen geh\u00f6rt Gewalt an Frauen und Kindern. Eine nationale Befragung zeigt, dass [&hellip;]<\/p>\n","protected":false},"author":34,"featured_media":0,"parent":20107,"menu_order":0,"comment_status":"closed","ping_status":"closed","template":"","meta":{"_acf_changed":false,"_seopress_robots_primary_cat":"","_seopress_titles_title":"","_seopress_titles_desc":"","_seopress_robots_index":"","_searchwp_excluded":"","site-sidebar-layout":"default","site-content-layout":"","ast-site-content-layout":"default","site-content-style":"default","site-sidebar-style":"default","ast-global-header-display":"","ast-banner-title-visibility":"","ast-main-header-display":"","ast-hfb-above-header-display":"","ast-hfb-below-header-display":"","ast-hfb-mobile-header-display":"","site-post-title":"","ast-breadcrumbs-content":"","ast-featured-img":"","footer-sml-layout":"","ast-disable-related-posts":"","theme-transparent-header-meta":"","adv-header-id-meta":"","stick-header-meta":"","header-above-stick-meta":"","header-main-stick-meta":"","header-below-stick-meta":"","astra-migrate-meta-layouts":"set","ast-page-background-enabled":"default","ast-page-background-meta":{"desktop":{"background-color":"var(--ast-global-color-4)","background-image":"","background-repeat":"repeat","background-position":"center center","background-size":"auto","background-attachment":"scroll","background-type":"","background-media":"","overlay-type":"","overlay-color":"","overlay-opacity":"","overlay-gradient":""},"tablet":{"background-color":"","background-image":"","background-repeat":"repeat","background-position":"center center","background-size":"auto","background-attachment":"scroll","background-type":"","background-media":"","overlay-type":"","overlay-color":"","overlay-opacity":"","overlay-gradient":""},"mobile":{"background-color":"","background-image":"","background-repeat":"repeat","background-position":"center center","background-size":"auto","background-attachment":"scroll","background-type":"","background-media":"","overlay-type":"","overlay-color":"","overlay-opacity":"","overlay-gradient":""}},"ast-content-background-meta":{"desktop":{"background-color":"var(--ast-global-color-5)","background-image":"","background-repeat":"repeat","background-position":"center center","background-size":"auto","background-attachment":"scroll","background-type":"","background-media":"","overlay-type":"","overlay-color":"","overlay-opacity":"","overlay-gradient":""},"tablet":{"background-color":"var(--ast-global-color-5)","background-image":"","background-repeat":"repeat","background-position":"center center","background-size":"auto","background-attachment":"scroll","background-type":"","background-media":"","overlay-type":"","overlay-color":"","overlay-opacity":"","overlay-gradient":""},"mobile":{"background-color":"var(--ast-global-color-5)","background-image":"","background-repeat":"repeat","background-position":"center center","background-size":"auto","background-attachment":"scroll","background-type":"","background-media":"","overlay-type":"","overlay-color":"","overlay-opacity":"","overlay-gradient":""}},"iawp_total_views":60,"footnotes":""},"hf_cat_page":[],"class_list":["post-20083","page","type-page","status-publish"],"acf":[],"_links":{"self":[{"href":"https:\/\/www.mission-21.org\/fr\/wp-json\/wp\/v2\/pages\/20083","targetHints":{"allow":["GET"]}}],"collection":[{"href":"https:\/\/www.mission-21.org\/fr\/wp-json\/wp\/v2\/pages"}],"about":[{"href":"https:\/\/www.mission-21.org\/fr\/wp-json\/wp\/v2\/types\/page"}],"author":[{"embeddable":true,"href":"https:\/\/www.mission-21.org\/fr\/wp-json\/wp\/v2\/users\/34"}],"replies":[{"embeddable":true,"href":"https:\/\/www.mission-21.org\/fr\/wp-json\/wp\/v2\/comments?post=20083"}],"version-history":[{"count":10,"href":"https:\/\/www.mission-21.org\/fr\/wp-json\/wp\/v2\/pages\/20083\/revisions"}],"predecessor-version":[{"id":20253,"href":"https:\/\/www.mission-21.org\/fr\/wp-json\/wp\/v2\/pages\/20083\/revisions\/20253"}],"up":[{"embeddable":true,"href":"https:\/\/www.mission-21.org\/fr\/wp-json\/wp\/v2\/pages\/20107"}],"wp:attachment":[{"href":"https:\/\/www.mission-21.org\/fr\/wp-json\/wp\/v2\/media?parent=20083"}],"wp:term":[{"taxonomy":"hf_cat_page","embeddable":true,"href":"https:\/\/www.mission-21.org\/fr\/wp-json\/wp\/v2\/hf_cat_page?post=20083"}],"curies":[{"name":"wp","href":"https:\/\/api.w.org\/{rel}","templated":true}]}}