{"id":20099,"date":"2026-03-27T08:58:49","date_gmt":"2026-03-27T07:58:49","guid":{"rendered":"https:\/\/www.mission-21.org\/?page_id=20099"},"modified":"2026-04-16T08:59:53","modified_gmt":"2026-04-16T06:59:53","slug":"impulsions-pour-la-pratique","status":"publish","type":"page","link":"https:\/\/www.mission-21.org\/fr\/kampagne-2026\/impulse-fuer-die-praxis\/","title":{"rendered":"Impulsions pour la pratique"},"content":{"rendered":"<h2>\n\t\t\tImpulsions pour la pratique : ensemble contre la violence\t<\/h2>\n\t<p>La violence sexiste et sexuelle est r\u00e9pandue dans le monde entier - de plus en plus dans l'espace num\u00e9rique \u00e9galement. Les lieux de formation tels que les \u00e9coles et les paroisses ont une responsabilit\u00e9 particuli\u00e8re dans la pr\u00e9vention, le renforcement des comp\u00e9tences d'action et la cr\u00e9ation d'espaces s\u00fbrs - en Suisse \u00e9galement. L'engagement conscient en faveur de la protection et des droits de l'homme n\u00e9cessite une orientation, des connaissances et de la pratique. Avec nos offres de formation, nous vous fournissons des approches et des id\u00e9es sensibles aux traumatismes pour l'enseignement et la formation des adultes.<\/p>\n\t\t\t<h3>Comment parler de la violence avec les enfants et les adolescents ?<\/h3>\t\t\t\n\t\t\t\t<p>L'approche p\u00e9dagogique du th\u00e8me de la violence est extr\u00eamement pertinente. Il est essentiel d'adopter une approche sensible aux traumatismes et adapt\u00e9e \u00e0 l'\u00e2ge dans un environnement d'apprentissage prot\u00e9g\u00e9.<\/p>\n<ul>\n<li><strong>Information et r\u00e9flexion :<\/strong> Les apprenants re\u00e7oivent des informations factuelles sur les diff\u00e9rentes formes de violence et ont l'occasion de poser des questions et de r\u00e9fl\u00e9chir aux contextes sociaux.<\/li>\n<li><strong>Strictement volontaire :<\/strong> Les exp\u00e9riences personnelles peuvent \u00eatre partag\u00e9es, mais la participation doit toujours rester volontaire.<\/li>\n<li><strong>Une direction attentive :<\/strong> Les enseignants sont tenus d'\u00e9couter attentivement, de ne pas pousser et de prendre les limites au s\u00e9rieux.<\/li>\n<li><strong>Des solutions communes :<\/strong> L'objectif est de cr\u00e9er un climat de confiance dans lequel la violence est nomm\u00e9e, reconnue comme une injustice et o\u00f9 des possibilit\u00e9s concr\u00e8tes de pr\u00e9vention et d'action sont \u00e9labor\u00e9es en commun.<\/li>\n<\/ul>\n<a href=\"https:\/\/www.mission-21.org\/wp-content\/uploads\/2026\/04\/m1_didaktische-hinweise_impulsheft-2026.pdf\" target=\"_blank\" rel=\"noopener\">Informations compl\u00e9mentaires (PDF)<\/a>\t\t\t\n\t\t\t\t<img decoding=\"async\" src=\"https:\/\/www.mission-21.org\/wp-content\/uploads\/2026\/04\/kampagne-2026-portraet-taty-p.-suandi-600x900.jpg\" alt=\"campagne 2026 portrait taty p. suandi\" title=\"Campagne 2026 - Portrait de Taty P. Suandi\" itemprop=\"image\"\/>\n\t\t<h3>Photo story : Un lieu pour un nouvel espoir<\/h3>\t\t\t\n\t\t\t\tTaty P. Suandi est psychologue clinicienne sur l'\u00eele indon\u00e9sienne de Java. Dans un reportage photo, elle nous emm\u00e8ne dans le Pasundan Durebang (\u00abla maison de ma s\u0153ur\u00bb) de l'\u00e9glise \u00e9vang\u00e9lique Pasundan.<br \/>\nLes images donnent un aper\u00e7u de leur travail et de leur engagement contre la violence envers les femmes et les enfants. Nous voyons des lieux de calme et de protection, comme une petite chambre dans le centre de Bandung, et d\u00e9couvrons la force motivante de petits gestes - comme les messages d'encouragement sur le tableau d'affichage.\n<p><a href=\"https:\/\/www.mission-21.org\/wp-content\/uploads\/2026\/04\/m3_fotostory_impulsheft-2026.pdf\" target=\"_blank\" rel=\"noopener\">Informations compl\u00e9mentaires (PDF)<\/a><\/p>\n<a href=\"https:\/\/www.mission-21.org\/wp-content\/uploads\/2026\/04\/m3_fotostory_impulsheft-2026_lowres.pptx\" target=\"_blank\" rel=\"noopener\">Pr\u00e9sentation de l'histoire photo (PPT)<\/a>\t\t\t\n\t\t\t<h3>Une le\u00e7on : Stop \u00e0 la violence<\/h3>\t\t\t\n\t\t\t\t<p>Le projet \u00abPasundan Durebang Center\u00bb se pr\u00eate bien \u00e0 une le\u00e7on sur le th\u00e8me \u00abVaincre la violence\u00bb dans l'enseignement secondaire, mais aussi d\u00e8s le cycle 2 de l'enseignement primaire. Une le\u00e7on interactive de 90 minutes pourrait comporter trois \u00e9tapes :<\/p>\n<ol>\n<li><strong>Indonesien und das Zentrum &#8211; eine Spurensuche:<\/strong> Les jeunes collectent des quiz sur un pays fascinant et d\u00e9couvrent le Durebang Center de Bandung \u00e0 l'aide d'un reportage photo.<\/li>\n<li><strong>Stop der Gewalt &#8211; was k\u00f6nnen wir tun?<\/strong> En s'appuyant sur l'histoire de la psychologue Taty P. Suandi et sur deux gestes simples (la main qui se d\u00e9fend et celle qui porte), les jeunes discutent du soutien dont ont besoin les personnes victimes de violence.<\/li>\n<li><strong>Soutien apr\u00e8s des exp\u00e9riences \u00e9prouvantes :<\/strong> Les jeunes \u00e9changent des notions, des images et une histoire biblique qui peuvent les aider \u00e0 se construire dans des situations critiques.<\/li>\n<\/ol>\n<a href=\"https:\/\/www.mission-21.org\/wp-content\/uploads\/2026\/04\/m2_unterrichtslektion_impulsheft-2026.pdf\" target=\"_blank\" rel=\"noopener\">Informations compl\u00e9mentaires (PDF)<\/a>\t\t\t\n\t\t\t\t<img decoding=\"async\" src=\"https:\/\/www.mission-21.org\/wp-content\/uploads\/2026\/04\/jubos-2024-raysa-diaz-romero_bearbeitet-300x300.jpg\" alt=\"jubos 2024 raysa d\u00edaz romero \u00e9dit\u00e9\" title=\"Jubos 2024 - Raysa D\u00edaz Romero_\u00e9dit\u00e9\" itemprop=\"image\"\/>\n\t\t<h3>Droits des femmes et changement social<\/h3>\t\t\t\n\t\t\t\t<p>La sociologue Raysa D\u00edaz Romero travaille au P\u00e9rou pour Flora Trist\u00e1n, une organisation partenaire de Mission 21 qui lutte pour les droits des femmes et contre la violence. D\u00e9couvrez dans l'interview comment une jeune g\u00e9n\u00e9ration fa\u00e7onne le changement social. Pour Raysa D\u00edaz, c'est clair : \u00abSi tu es f\u00e9ministe, tu veux changer le monde\u00bb.<\/p>\n<p>Pour aller plus loin, trois courts-m\u00e9trages documentaires impressionnants sont disponibles, qui mettent en lumi\u00e8re le contexte du travail de Flora Trist\u00e1n et les d\u00e9fis sociaux actuels :<\/p>\n<ul>\n<li><a href=\"https:\/\/vimeo.com\/showcase\/11248750?video=941865220\" target=\"_blank\" rel=\"noopener\">Protestation sociale pour l'\u00e9galit\u00e9 des sexes et la d\u00e9mocratie au P\u00e9rou (10 min.)<\/a><\/li>\n<li><a href=\"https:\/\/vimeo.com\/showcase\/11248750?video=953637810\" target=\"_blank\" rel=\"noopener\">Conseil juridique pour les victimes de violences sexuelles chez Flora Trist\u00e1n (17 min.)<\/a><\/li>\n<li><a href=\"https:\/\/vimeo.com\/showcase\/11248750?video=851195825\" target=\"_blank\" rel=\"noopener\">Die Wahrheit wird ans Licht kommen &#8211; Kontext Bolivien (11 Min.)<\/a><\/li>\n<\/ul>\n<a href=\"https:\/\/www.mission-21.org\/wp-content\/uploads\/2026\/04\/m4_frauenrechte-in-peru_impulsheft-2026.pdf\" target=\"_blank\" rel=\"noopener\">Informations compl\u00e9mentaires (PDF)<\/a>\t\t\t\n<h2>\n\t\t\tImpulsions spirituelles pour les services religieux et les d\u00e9votions\t<\/h2>\n\t<p>Th\u00e9matisez l'\u00e9limination de la violence et de l'oppression dans votre culte. Des m\u00e9ditations en images, des interpr\u00e9tations de la Bible et des pri\u00e8res offrent des impulsions provenant d'Eglises et d'organisations partenaires pour la protection et l'autonomisation des personnes.<\/p>\n\t\t\t<h3>M\u00e9ditation en images : Le Magnificat<\/h3>\t\t\n\t\t\t\t<img decoding=\"async\" src=\"https:\/\/www.mission-21.org\/wp-content\/uploads\/2026\/04\/19a_timur-poerwowidagdo-indonesien_lk-146-55_print.jpg\" alt=\"19a timur poerwowidagdo (indon\u00e9sie) lk 1,46 55 print\" title=\"19a_Timur Poerwowidagdo (Indon\u00e9sie)_Lc 1,46-55_print\" itemprop=\"image\"\/>\n\t\t\t\t\n    Timur Indyah Poerwowidagdo, Magnificat I (2009)\n\n<p>Une femme en robe rouge s'approprie l'espace : dans un mouvement de danse, elle \u00e9tend largement ses bras. Elle a retir\u00e9 son foulard bleu de ses \u00e9paules et l'a d\u00e9ploy\u00e9 comme une voile. Droite, elle d\u00e9ploie sa danse et son chant. C'est Marie, la m\u00e8re de J\u00e9sus, qui chante son Magnificat.<\/p>\n<p>Le tableau de l'artiste indon\u00e9sien Timur Indyah Poerwowidagdo (n\u00e9 en 1941) illustre d'o\u00f9 Marie tire son \u00e9lan et sa force. L'artiste rend cela visible par un symbole : une spirale rouge. Marie reconna\u00eet une lumi\u00e8re qui se l\u00e8ve pour elle comme le soleil. Elle suit un chemin qui s'ouvre devant elle comme un sentier qui sort du labyrinthe.<\/p>\n<p>La promesse de Dieu est au-dessus de sa vie comme une aur\u00e9ole. Dans un mouvement circulaire, elle ressent la force de Dieu. Elle laisse l'immobilit\u00e9 derri\u00e8re elle, la rigidit\u00e9 se dissipe, car avec le soutien de Dieu, les rapports de force structurels changent.<\/p>\n<p>S\u00fbre d'elle, Marie se projette dans l'avenir et prend sa place : \u00abMon \u00e2me loue Dieu, et mon esprit exulte en Dieu, mon salut, parce que Dieu a jet\u00e9 les yeux sur moi et sur ma situation\u00bb. (Luc 1,46-48)<\/p>\n<a href=\"https:\/\/www.mission-21.org\/wp-content\/uploads\/2026\/04\/m5_bildmeditation_impulsheft-2026.pdf\" target=\"_blank\" rel=\"noopener\">Informations compl\u00e9mentaires (PDF)<\/a>\t\t\t\n\t\t\t<h3>Interpr\u00e9tations de la Bible relues<\/h3>\t\t\t\n\t\t\t\t<p>La th\u00e9ologie f\u00e9ministe relie directement les textes bibliques \u00e0 la r\u00e9alit\u00e9 d'aujourd'hui et \u00e0 l'engagement mondial contre la violence structurelle et domestique.<\/p>\n<ul>\n<li><strong>Marie et Marthe :<\/strong> Ruth Vindas, du Costa Rica, lit Luc 10,38-42 sur fond d'exp\u00e9riences de violence en Am\u00e9rique latine.<\/li>\n<li><strong>La bataille de Jacob au Jabbok :<\/strong> Ira Imelda d'Indon\u00e9sie relie l'histoire de Gen\u00e8se 32,23-33 \u00e0 l'engagement contre la violence dans son pays.<\/li>\n<\/ul>\n<a href=\"https:\/\/www.mission-21.org\/wp-content\/uploads\/2026\/04\/m6_bibelauslegungen_impulsheft-2026.pdf\" target=\"_blank\" rel=\"noopener\">Informations compl\u00e9mentaires (PDF)<\/a>\t\t\t\n\t\t\t<h3>Pri\u00e8res et chants : des voix du monde entier<\/h3>\t\t\t\n\t\t\t\t<p>\u00abQuand j'\u00e9tais enfant, mes parents m'ont appris que toi, Dieu, tu existais. Je ne t'ai jamais vu, mais leur foi m'a dit que tu me connaissais et que tu savais ce que je traversais.<\/p>\n<p>Maintenant, il n'y a plus que toi et moi. Je ne sais pas ce qui se passera demain, ce soir, dans une heure, ni m\u00eame dans quelques minutes. Je sais que j'ai tr\u00e8s peur de tout et de tous...\u00bb.\u00bb<\/p>\n<p>Cette pri\u00e8re donne un aper\u00e7u des exp\u00e9riences d'une jeune femme dans un pays \u00e9tranger et est tir\u00e9e du livre de pri\u00e8res b\u00e2lois \u00abDu weisst, wer wir sind\u00bb. On y trouve \u00e9galement des pri\u00e8res touchantes d'\u00c9thiopie, du Myanmar, de Colombie et de nombreux autres pays.<\/p>\n<a href=\"https:\/\/www.mission-21.org\/wp-content\/uploads\/2026\/04\/m7_gebete-und-lieder_impulsheft-2026.pdf\" target=\"_blank\" rel=\"noopener\">Informations compl\u00e9mentaires (PDF)<\/a>\t\t\t\n<h2>\n\t\t\tLe dialogue interreligieux : Le Live-Talk pour les groupes de conf\t<\/h2>\n\t<p>Le respect et les rencontres pacifiques entre les religions sont une base solide pour pr\u00e9venir les conflits et la violence. Introduisez ce dialogue de mani\u00e8re interactive et authentique dans vos cours : nos jeunes ambassadrices suisses Nina et Rahel ont particip\u00e9 au \u00abInternational Youth Interfaith Camp\u00bb en Indon\u00e9sie. Dans un Live-Talk gratuit de 20 minutes, elles racontent leurs exp\u00e9riences directement dans votre groupe de conf et r\u00e9pondent aux questions des jeunes. Ce dialogue commun permet d'\u00e9liminer les pr\u00e9jug\u00e9s et de comprendre pourquoi la cohabitation pacifique au-del\u00e0 des fronti\u00e8res religieuses nous concerne tous.<\/p>\n\t\t\t\t\n    \u00abLa diversit\u00e9 v\u00e9cue au camp m'a confort\u00e9 dans ma perception plus consciente de la diff\u00e9rence. Il est devenu encore plus important pour moi d'\u00e9couter ouvertement d'autres perspectives tout en d\u00e9fendant mes propres points de vue\u00bb.\u00bb\n\n<p>&#8211; Nina, Jugendbotschafterin<\/p>\n\t\t\t\t\n    \u00abSo viele junge Menschen setzen sich in Indonesien aktiv f\u00fcr interreligi\u00f6sen Dialog ein. In der Schweiz ist das Zusammenleben verschiedener Religionen genauso aktuell &#8211; aber kaum ein Thema unter jungen Menschen.\u00bb\n\n<p>&#8211; Rahel, Jugendbotschafterin<\/p>\n\t\t\t<a href=\"mailto:young@mission-21.org\" title=\"\u2709\ufe0f Demander un rendez-vous pour un appel vid\u00e9o\" target=\"_blank\" rel=\"noopener\"  role=\"button\" aria-label=\"\u2709\ufe0f Demander un rendez-vous pour un appel vid\u00e9o\">\n\t\t\t\t\t\t\t\u2709\ufe0f Demander un rendez-vous pour un appel vid\u00e9o\n\t\t<\/a>\n\t<style>\n\/* Sektion E - Download Grid Styling *\/\n.m21-download-section {\n    font-family: 'Titillium Web', sans-serif;\n    margin: 40px 0;\n}\n.m21-download-section h2 {\n    color: #000000;\n    font-weight: 600;\n    font-size: 32px;\n    margin-bottom: 10px; \/* Reduziert f\u00fcr den Untertitel *\/\n}\n.m21-download-intro {\n    font-size: 18px;\n    color: #333333;\n    margin-bottom: 30px;\n    line-height: 1.5;\n}\n.m21-download-grid {\n    display: flex;\n    flex-wrap: wrap;\n    gap: 30px;\n    color: #333333;\n}\n.m21-column {\n    flex: 1 1 calc(33.333% - 30px);\n    min-width: 280px;\n    border-top: 3px solid #8DB61D;\n    padding-top: 20px;\n}\n.m21-column h3 {\n    color: #000000;\n    font-weight: 600;\n    font-size: 25px;\n    margin-bottom: 20px;\n    line-height: 1.2;\n}\n.m21-column ul {\n    list-style: none;\n    padding: 0;\n    margin: 0;\n}\n.m21-column li {\n    margin-bottom: 1.25em;\n    padding-left: 28px;\n    position: relative;\n    line-height: 1.4;\n}\n\/* Echtes SVG Download-Icon *\/\n.m21-column li::before {\n    content: '';\n    position: absolute;\n    left: 0;\n    top: 3px;\n    width: 16px;\n    height: 16px;\n    background-image: url(\"data:image\/svg+xml,%3Csvg xmlns='http:\/\/www.w3.org\/2000\/svg' viewBox='0 0 512 512' fill='%23254E9C'%3E%3Cpath d='M288 32c0-17.7-14.3-32-32-32s-32 14.3-32 32V274.7l-73.4-73.4c-12.5-12.5-32.8-12.5-45.3 0s-12.5 32.8 0 45.3l128 128c12.5 12.5 32.8 12.5 45.3 0l128-128c12.5-12.5 12.5-32.8 0-45.3s-32.8-12.5-45.3 0L288 274.7V32zM64 352c-35.3 0-64 28.7-64 64v32c0 35.3 28.7 64 64 64H448c35.3 0 64-28.7 64-64V416c0-35.3-28.7-64-64-64H346.5l-45.3 45.3c-25 25-65.5 25-90.5 0L165.5 352H64zm368 56a24 24 0 1 1 0 48 24 24 0 1 1 0-48z'\/%3E%3C\/svg%3E\");\n    background-size: contain;\n    background-repeat: no-repeat;\n}\n.m21-column a {\n    color: #254E9C;\n    text-decoration: none;\n    transition: color 0.3s ease;\n}\n.m21-column a:hover {\n    color: #F28D1B;\n    text-decoration: underline;\n}\n@media (max-width: 768px) {\n    .m21-column {\n        flex: 1 1 100%;\n    }\n}\n<\/style>\n    <h2>Tous les mat\u00e9riaux en un coup d'\u0153il<\/h2>\n    <p>Vous trouverez ici tous les t\u00e9l\u00e9chargements compl\u00e9mentaires et le mat\u00e9riel de travail correspondant aux pages 12 \u00e0 14 du cahier d'id\u00e9es de la campagne 2026.<\/p>\n            <h3>Cahier d'id\u00e9es page 12 :<\/h3>\n            <ul>\n                <li><a href=\"https:\/\/www.mission-21.org\/wp-content\/uploads\/2026\/04\/m1_didaktische-hinweise_impulsheft-2026.pdf\" target=\"_blank\">Comment parler de la violence avec les enfants et les adolescents ?<\/a><\/li>\n                <li><a href=\"https:\/\/www.mission-21.org\/wp-content\/uploads\/2026\/04\/m2_unterrichtslektion_impulsheft-2026.pdf\" target=\"_blank\">Une le\u00e7on : Stop \u00e0 la violence<\/a><\/li>\n            <\/ul>\n            <h3>Cahier d'id\u00e9es page 13 :<\/h3>\n            <ul>\n                <li><a href=\"https:\/\/www.mission-21.org\/wp-content\/uploads\/2026\/04\/m3_fotostory_impulsheft-2026.pdf\" target=\"_blank\">Photo story : Un lieu pour un nouvel espoir<\/a><\/li>\n                <li><a href=\"https:\/\/www.mission-21.org\/wp-content\/uploads\/2026\/04\/m3_fotostory_impulsheft-2026_lowres.pptx\" target=\"_blank\">Pr\u00e9sentation de l'histoire photo (PPT)<\/a><\/li> <li><a href=\"https:\/\/www.mission-21.org\/wp-content\/uploads\/2026\/04\/m4_frauenrechte-in-peru_impulsheft-2026.pdf\" target=\"_blank\">Focus sur les droits des femmes et le changement social<\/a><\/li>\n            <\/ul>\n            <h3>Cahier d'id\u00e9es page 14 :<\/h3>\n            <ul>\n                <li><a href=\"https:\/\/www.mission-21.org\/wp-content\/uploads\/2026\/04\/m5_bildmeditation_impulsheft-2026.pdf\" target=\"_blank\">M\u00e9ditation en images : Le Magnificat<\/a><\/li>\n                <li><a href=\"https:\/\/www.mission-21.org\/wp-content\/uploads\/2026\/04\/m6_bibelauslegungen_impulsheft-2026.pdf\" target=\"_blank\">Interpr\u00e9tations de la Bible relues<\/a><\/li>\n                <li><a href=\"https:\/\/www.mission-21.org\/wp-content\/uploads\/2026\/04\/m7_gebete-und-lieder_impulsheft-2026.pdf\" target=\"_blank\">Pri\u00e8res et chants : des voix du monde entier<\/a><\/li>\n            <\/ul>\n    <h2>\n        Ensemble contre la violence\n    <\/h2>\n    \n        Prot\u00e9ger les personnes. Renforcer les points forts. Changer.\n    \n    <a href=\"https:\/\/www.mission-21.org\/fr\/campagne-2031\/\" \n       onmouseover=\"this.style.backgroundColor='#D97912'; this.style.transform='translateY(-2px)';\" \n       onmouseout=\"this.style.backgroundColor='#F28D1B'; this.style.transform='translateY(0)';\">\n        Vers l'aper\u00e7u de la campagne \u2192\n    <\/a>","protected":false},"excerpt":{"rendered":"<p>Impulse f\u00fcr die Praxis: Gemeinsam gegen Gewalt Geschlechtsspezifische und sexualisierte Gewalt ist weltweit verbreitet &#8211; zunehmend auch im digitalen Raum. Bildungsorte wie Schulen und Kirchgemeinden tragen bei der Pr\u00e4vention, der St\u00e4rkung von Handlungskompetenz und dem Schaffen sicherer R\u00e4ume eine besondere Verantwortung &#8211; auch in der Schweiz. Der bewusste Einsatz f\u00fcr Schutz und Menschenrechte braucht Orientierung, [&hellip;]<\/p>\n","protected":false},"author":34,"featured_media":0,"parent":20107,"menu_order":0,"comment_status":"closed","ping_status":"closed","template":"","meta":{"_acf_changed":false,"_seopress_robots_primary_cat":"","_seopress_titles_title":"","_seopress_titles_desc":"","_seopress_robots_index":"","_searchwp_excluded":"","site-sidebar-layout":"default","site-content-layout":"","ast-site-content-layout":"default","site-content-style":"default","site-sidebar-style":"default","ast-global-header-display":"","ast-banner-title-visibility":"","ast-main-header-display":"","ast-hfb-above-header-display":"","ast-hfb-below-header-display":"","ast-hfb-mobile-header-display":"","site-post-title":"","ast-breadcrumbs-content":"","ast-featured-img":"","footer-sml-layout":"","ast-disable-related-posts":"","theme-transparent-header-meta":"","adv-header-id-meta":"","stick-header-meta":"","header-above-stick-meta":"","header-main-stick-meta":"","header-below-stick-meta":"","astra-migrate-meta-layouts":"set","ast-page-background-enabled":"default","ast-page-background-meta":{"desktop":{"background-color":"var(--ast-global-color-4)","background-image":"","background-repeat":"repeat","background-position":"center center","background-size":"auto","background-attachment":"scroll","background-type":"","background-media":"","overlay-type":"","overlay-color":"","overlay-opacity":"","overlay-gradient":""},"tablet":{"background-color":"","background-image":"","background-repeat":"repeat","background-position":"center center","background-size":"auto","background-attachment":"scroll","background-type":"","background-media":"","overlay-type":"","overlay-color":"","overlay-opacity":"","overlay-gradient":""},"mobile":{"background-color":"","background-image":"","background-repeat":"repeat","background-position":"center center","background-size":"auto","background-attachment":"scroll","background-type":"","background-media":"","overlay-type":"","overlay-color":"","overlay-opacity":"","overlay-gradient":""}},"ast-content-background-meta":{"desktop":{"background-color":"var(--ast-global-color-5)","background-image":"","background-repeat":"repeat","background-position":"center center","background-size":"auto","background-attachment":"scroll","background-type":"","background-media":"","overlay-type":"","overlay-color":"","overlay-opacity":"","overlay-gradient":""},"tablet":{"background-color":"var(--ast-global-color-5)","background-image":"","background-repeat":"repeat","background-position":"center center","background-size":"auto","background-attachment":"scroll","background-type":"","background-media":"","overlay-type":"","overlay-color":"","overlay-opacity":"","overlay-gradient":""},"mobile":{"background-color":"var(--ast-global-color-5)","background-image":"","background-repeat":"repeat","background-position":"center center","background-size":"auto","background-attachment":"scroll","background-type":"","background-media":"","overlay-type":"","overlay-color":"","overlay-opacity":"","overlay-gradient":""}},"iawp_total_views":55,"footnotes":""},"hf_cat_page":[],"class_list":["post-20099","page","type-page","status-publish"],"acf":[],"_links":{"self":[{"href":"https:\/\/www.mission-21.org\/fr\/wp-json\/wp\/v2\/pages\/20099","targetHints":{"allow":["GET"]}}],"collection":[{"href":"https:\/\/www.mission-21.org\/fr\/wp-json\/wp\/v2\/pages"}],"about":[{"href":"https:\/\/www.mission-21.org\/fr\/wp-json\/wp\/v2\/types\/page"}],"author":[{"embeddable":true,"href":"https:\/\/www.mission-21.org\/fr\/wp-json\/wp\/v2\/users\/34"}],"replies":[{"embeddable":true,"href":"https:\/\/www.mission-21.org\/fr\/wp-json\/wp\/v2\/comments?post=20099"}],"version-history":[{"count":9,"href":"https:\/\/www.mission-21.org\/fr\/wp-json\/wp\/v2\/pages\/20099\/revisions"}],"predecessor-version":[{"id":20274,"href":"https:\/\/www.mission-21.org\/fr\/wp-json\/wp\/v2\/pages\/20099\/revisions\/20274"}],"up":[{"embeddable":true,"href":"https:\/\/www.mission-21.org\/fr\/wp-json\/wp\/v2\/pages\/20107"}],"wp:attachment":[{"href":"https:\/\/www.mission-21.org\/fr\/wp-json\/wp\/v2\/media?parent=20099"}],"wp:term":[{"taxonomy":"hf_cat_page","embeddable":true,"href":"https:\/\/www.mission-21.org\/fr\/wp-json\/wp\/v2\/hf_cat_page?post=20099"}],"curies":[{"name":"wp","href":"https:\/\/api.w.org\/{rel}","templated":true}]}}