{"id":20176,"date":"2026-04-01T11:29:09","date_gmt":"2026-04-01T09:29:09","guid":{"rendered":"https:\/\/www.mission-21.org\/?page_id=20176"},"modified":"2026-04-01T11:29:09","modified_gmt":"2026-04-01T09:29:09","slug":"inscription-a-la-newsletter","status":"publish","type":"page","link":"https:\/\/www.mission-21.org\/fr\/newsletter-anmeldung\/","title":{"rendered":"Inscription \u00e0 la newsletter"},"content":{"rendered":"<h2>\n\t\t\tRestez inform\u00e9 - avec notre newsletter\t<\/h2>\n\t<p>Recevez r\u00e9guli\u00e8rement un aper\u00e7u de notre travail, des projets actuels ainsi que des informations de fond et des d\u00e9veloppements - directement dans votre bo\u00eete aux lettres.<\/p>\nAvec notre newsletter, nous vous informons sur :\n- les projets et d\u00e9veloppements actuels<br data-start=\"466\" data-end=\"469\" \/>- Arri\u00e8re-plans et histoires de notre travail<br data-start=\"518\" data-end=\"521\" \/>- Manifestations et possibilit\u00e9s d'engagement<br data-start=\"571\" data-end=\"574\" \/>- des contenus s\u00e9lectionn\u00e9s que nous partageons exclusivement dans la newsletter.\nVous restez ainsi inform\u00e9 de mani\u00e8re compacte et fiable.","protected":false},"excerpt":{"rendered":"<p>Bleiben Sie informiert &#8211; mit unserem Newsletter Erhalten Sie regelm\u00e4ssig Einblicke in unsere Arbeit, aktuelle Projekte sowie Hintergr\u00fcnde und Entwicklungen &#8211; direkt in Ihr Postfach. Mit unserem Newsletter informieren wir Sie \u00fcber: &#8211; aktuelle Projekte und Entwicklungen&#8211; Hintergr\u00fcnde und Geschichten aus unserer Arbeit&#8211; Veranstaltungen und M\u00f6glichkeiten zum Engagement&#8211; ausgew\u00e4hlte Inhalte, die wir exklusiv im Newsletter [&hellip;]<\/p>\n","protected":false},"author":32,"featured_media":0,"parent":0,"menu_order":0,"comment_status":"closed","ping_status":"closed","template":"","meta":{"_acf_changed":false,"_seopress_robots_primary_cat":"","_seopress_titles_title":"","_seopress_titles_desc":"","_seopress_robots_index":"","_searchwp_excluded":"","site-sidebar-layout":"default","site-content-layout":"","ast-site-content-layout":"default","site-content-style":"default","site-sidebar-style":"default","ast-global-header-display":"","ast-banner-title-visibility":"","ast-main-header-display":"","ast-hfb-above-header-display":"","ast-hfb-below-header-display":"","ast-hfb-mobile-header-display":"","site-post-title":"","ast-breadcrumbs-content":"","ast-featured-img":"","footer-sml-layout":"","ast-disable-related-posts":"","theme-transparent-header-meta":"","adv-header-id-meta":"","stick-header-meta":"","header-above-stick-meta":"","header-main-stick-meta":"","header-below-stick-meta":"","astra-migrate-meta-layouts":"set","ast-page-background-enabled":"default","ast-page-background-meta":{"desktop":{"background-color":"var(--ast-global-color-4)","background-image":"","background-repeat":"repeat","background-position":"center center","background-size":"auto","background-attachment":"scroll","background-type":"","background-media":"","overlay-type":"","overlay-color":"","overlay-opacity":"","overlay-gradient":""},"tablet":{"background-color":"","background-image":"","background-repeat":"repeat","background-position":"center center","background-size":"auto","background-attachment":"scroll","background-type":"","background-media":"","overlay-type":"","overlay-color":"","overlay-opacity":"","overlay-gradient":""},"mobile":{"background-color":"","background-image":"","background-repeat":"repeat","background-position":"center center","background-size":"auto","background-attachment":"scroll","background-type":"","background-media":"","overlay-type":"","overlay-color":"","overlay-opacity":"","overlay-gradient":""}},"ast-content-background-meta":{"desktop":{"background-color":"var(--ast-global-color-5)","background-image":"","background-repeat":"repeat","background-position":"center center","background-size":"auto","background-attachment":"scroll","background-type":"","background-media":"","overlay-type":"","overlay-color":"","overlay-opacity":"","overlay-gradient":""},"tablet":{"background-color":"var(--ast-global-color-5)","background-image":"","background-repeat":"repeat","background-position":"center center","background-size":"auto","background-attachment":"scroll","background-type":"","background-media":"","overlay-type":"","overlay-color":"","overlay-opacity":"","overlay-gradient":""},"mobile":{"background-color":"var(--ast-global-color-5)","background-image":"","background-repeat":"repeat","background-position":"center center","background-size":"auto","background-attachment":"scroll","background-type":"","background-media":"","overlay-type":"","overlay-color":"","overlay-opacity":"","overlay-gradient":""}},"iawp_total_views":22,"footnotes":""},"hf_cat_page":[],"class_list":["post-20176","page","type-page","status-publish"],"acf":[],"_links":{"self":[{"href":"https:\/\/www.mission-21.org\/fr\/wp-json\/wp\/v2\/pages\/20176","targetHints":{"allow":["GET"]}}],"collection":[{"href":"https:\/\/www.mission-21.org\/fr\/wp-json\/wp\/v2\/pages"}],"about":[{"href":"https:\/\/www.mission-21.org\/fr\/wp-json\/wp\/v2\/types\/page"}],"author":[{"embeddable":true,"href":"https:\/\/www.mission-21.org\/fr\/wp-json\/wp\/v2\/users\/32"}],"replies":[{"embeddable":true,"href":"https:\/\/www.mission-21.org\/fr\/wp-json\/wp\/v2\/comments?post=20176"}],"version-history":[{"count":2,"href":"https:\/\/www.mission-21.org\/fr\/wp-json\/wp\/v2\/pages\/20176\/revisions"}],"predecessor-version":[{"id":20182,"href":"https:\/\/www.mission-21.org\/fr\/wp-json\/wp\/v2\/pages\/20176\/revisions\/20182"}],"wp:attachment":[{"href":"https:\/\/www.mission-21.org\/fr\/wp-json\/wp\/v2\/media?parent=20176"}],"wp:term":[{"taxonomy":"hf_cat_page","embeddable":true,"href":"https:\/\/www.mission-21.org\/fr\/wp-json\/wp\/v2\/hf_cat_page?post=20176"}],"curies":[{"name":"wp","href":"https:\/\/api.w.org\/{rel}","templated":true}]}}