{"id":20319,"date":"2026-04-27T13:42:30","date_gmt":"2026-04-27T11:42:30","guid":{"rendered":"https:\/\/www.mission-21.org\/?page_id=20319"},"modified":"2026-04-27T14:43:31","modified_gmt":"2026-04-27T12:43:31","slug":"nous-avons-besoin-de-beaucoup-plus-de-ressources-pour-la-prevention-et-la-protection","status":"publish","type":"page","link":"https:\/\/www.mission-21.org\/fr\/kampagne-2026\/wir-brauchen-deutlichmehr-ressourcen-fuerpraevention-und-schutz\/","title":{"rendered":"Nous avons besoin de beaucoup plus de ressources pour la pr\u00e9vention et la protection"},"content":{"rendered":"<h2>Interview de Barbara Heer : protection et pr\u00e9vention<\/h2>\n        <img decoding=\"async\" src=\"https:\/\/www.mission-21.org\/wp-content\/uploads\/2026\/04\/barbara_heer_800x800.jpg\" \n             alt=\"Portrait de Barbara Heer, responsable de l&#039;\u00e9galit\u00e9 des chances \u00e0 Mission 21\"\/>\n    \n        La violence li\u00e9e au sexe est aussi une r\u00e9alit\u00e9 en Suisse. Barbara Heer, charg\u00e9e de l'\u00e9galit\u00e9 \u00e0 Mission 21, explique quelle est la responsabilit\u00e9 des Eglises, pourquoi les concepts de protection contraignants sont essentiels et pourquoi les hommes jouent un r\u00f4le central dans le changement.\n    \n    <h3>En quoi consiste ton travail en tant que responsable de l'\u00e9tat-major Femmes et genre \u00e0 Mission 21 ?<\/h3>\n    \n        Je conseille tous les collaborateurs et la direction de Mission 21 sur le th\u00e8me de l'\u00e9galit\u00e9 des genres et m'assure qu'ils disposent des outils et des connaissances n\u00e9cessaires. En outre, j'initie par exemple avec d'autres sp\u00e9cialistes des champs th\u00e9matiques pour des projets pilotes innovants dans notre r\u00e9seau, comme r\u00e9cemment le th\u00e8me des masculinit\u00e9s.\n    \n    \n        Les hommes et les images des hommes jouent un r\u00f4le cl\u00e9 sur la voie d'une plus grande \u00e9quit\u00e9 entre les sexes et de la pr\u00e9vention de la violence li\u00e9e au genre. Il est important de remettre en question les repr\u00e9sentations n\u00e9fastes de la masculinit\u00e9 qui peuvent favoriser ou justifier la violence.\n    \n        \n            \u00abLes hommes et les images des hommes jouent un r\u00f4le cl\u00e9 sur la voie d'une plus grande \u00e9galit\u00e9 entre les sexes\u00bb.\n        \n    \n        Parall\u00e8lement, les images \u00e9troites des genres limitent \u00e9galement la libert\u00e9 des hommes et des gar\u00e7ons - souvent avec des cons\u00e9quences sur leur sant\u00e9 mentale. Enfin, il faut reconna\u00eetre que les hommes sont aussi concern\u00e9s par la violence sexuelle.\n    \n    <h3>Les rapports entre les sexes varient dans le monde entier. Comment Mission 21 aborde-t-elle cette question ?<\/h3>\n    \n        Ce que signifie l'\u00e9galit\u00e9 des sexes varie d'un contexte \u00e0 l'autre et fait \u00e9galement partie d'un processus de n\u00e9gociation sociale au sein d'un m\u00eame pays. Les \u00e9glises et organisations partenaires de Mission 21 qui s'engagent de mani\u00e8re cibl\u00e9e contre la violence sexosp\u00e9cifique connaissent bien les causes structurelles sur place et savent comment les aborder.\n    \n    \n        Mission 21 dispose en outre d'un conseil consultatif international sur l'\u00e9galit\u00e9 des sexes. Nous y soumettons notre travail \u00e0 un d\u00e9bat critique.\n    \n    <h3>Y a-t-il des parall\u00e8les ou des diff\u00e9rences entre la situation en Suisse et en Indon\u00e9sie ?<\/h3>\n    \n        Les deux pays sont confront\u00e9s \u00e0 un nombre \u00e9lev\u00e9 de cas, \u00e0 un nombre de cas non d\u00e9clar\u00e9s difficile \u00e0 recenser et \u00e0 une importance croissante de la violence num\u00e9rique. Les personnes victimes de discriminations multiples sont particuli\u00e8rement touch\u00e9es. Dans les deux contextes, la soci\u00e9t\u00e9 civile et l'Etat travaillent intens\u00e9ment au d\u00e9veloppement de mesures de protection et au renforcement des lois. En Suisse, la r\u00e9vision du droit p\u00e9nal en mati\u00e8re sexuelle est mise en \u0153uvre depuis l'\u00e9t\u00e9 2025. En Indon\u00e9sie, une loi tourn\u00e9e vers l'avenir a \u00e9t\u00e9 adopt\u00e9e en 2022, mais elle est \u00e0 nouveau remise en question par les d\u00e9veloppements politiques actuels.\n    \n    \n        En ce qui concerne les mariages forc\u00e9s et la traite des \u00eatres humains, l'Indon\u00e9sie conna\u00eet une plus grande pr\u00e9valence. De plus, l'acc\u00e8s aux abris et \u00e0 la police est tr\u00e8s pr\u00e9caire en Indon\u00e9sie, selon les r\u00e9gions.\n    \n    \n        Les lacunes juridiques et les carences dans l'application des lois sont encore une fois nettement plus importantes en Indon\u00e9sie. Souvent, la soci\u00e9t\u00e9 civile assume des fonctions cl\u00e9s, comme dans le centre de protection Pasundan Durebang, que Mission 21 cofinance. En Suisse aussi, les ONG jouent un r\u00f4le important, mais elles peuvent davantage compter sur les fonds publics.\n    \n    <h3>Quel r\u00f4le les \u00c9glises suisses peuvent-elles jouer ?<\/h3>\n    \n        Comme nous le savons, la violence li\u00e9e au sexe et la violence sexuelle peuvent \u00e9galement se produire dans les \u00e9glises. Les religions sont r\u00e9guli\u00e8rement utilis\u00e9es \u00e0 mauvais escient pour attribuer aux femmes une pr\u00e9tendue inf\u00e9riorit\u00e9 ou pour l\u00e9gitimer des attitudes homophobes. Les Eglises et les pasteur-e-s peuvent s'engager de mani\u00e8re d\u00e9terminante contre cette pratique en prenant en compte les droits humains et en condamnant toutes les formes de violence.\n    \n        \n            \u00abLes \u00e9glises doivent garantir des espaces s\u00fbrs\u00bb\n        \n    \n        Les \u00e9glises doivent garantir des espaces s\u00fbrs et il est conseill\u00e9 d'avoir et de mettre en \u0153uvre des r\u00e8glements contre la violence li\u00e9e au sexe et \u00e0 la sexualit\u00e9. Toutes les \u00e9glises partenaires de Mission 21 disposent de tels r\u00e8glements.\n    \n    \n        Il est \u00e9galement important de prendre conscience que la violence sexiste et sexuelle est une probl\u00e9matique importante, souvent invisible. Une grande sensibilit\u00e9 aux traumatismes de la part des aum\u00f4niers et des conseillers sociaux de l'Eglise est donc d'une importance capitale.\n    \n    <h3>Y a-t-il des changements sociaux que tu consid\u00e8res comme n\u00e9cessaires ?<\/h3>\n    \n        Outre l'implication des hommes et la modification des images de genre, nous avons notamment besoin de plus de ressources pour la pr\u00e9vention, la protection et le soutien des personnes concern\u00e9es.\n    \n    \n        D'autres mesures sont n\u00e9cessaires pour lever les tabous : de nombreuses personnes concern\u00e9es ne parlent pas de leurs exp\u00e9riences pendant toute leur vie, parce que l'environnement global rend les d\u00e9passements de limites tabous ou les relativise. La campagne de Mission 21 souhaite contribuer \u00e0 l'am\u00e9lioration de tous ces th\u00e8mes.\n    \n\t\t\t<h3>Indon\u00e9sie : entre paradis de vacances et dure r\u00e9alit\u00e9<\/h3>\t\t\t\n\t\t\t\t<p>La recherche de travail conduit de nombreuses femmes \u00e0 l'\u00e9tranger, mais comporte souvent le risque d'exploitation et de violence. D\u00e9couvrez comment Mission 21, en collaboration avec des organisations partenaires locales, renforce les femmes au-del\u00e0 des fronti\u00e8res religieuses et leur offre un soutien fiable ainsi que des espaces de protection.<\/p>\n<a href=\"https:\/\/www.mission-21.org\/fr\/campagne-2031\/un-soutien-fiable-en-periode-dinstabilite\/\" target=\"_self\">Lire le contexte \u2192<\/a>\t\t\t\n\t\t\t<h3>Deux voix contre la violence<\/h3>\t\t\t\n\t\t\t\t<p>En Indon\u00e9sie, une psychologue et un pasteur regardent l\u00e0 o\u00f9 d'autres d\u00e9tournent le regard. D\u00e9couvrez comment Taty P. Suandi et Cliff Edward Kasakeyan brisent ensemble les tabous et ouvrent de nouvelles perspectives aux personnes concern\u00e9es.<\/p>\n<a href=\"https:\/\/www.mission-21.org\/fr\/campagne-2031\/taty-p-suandi-et-cliff-edward-kasakeyan-deux-voix-contre-le-silence\/\" target=\"_self\">Voir toute l'histoire \u2192<\/a>\t\t\t\n    <h3>\n        Campagne \u00abEnsemble contre la violence\u00bb\n    <\/h3>\n    <a href=\"https:\/\/www.mission-21.org\/fr\/campagne-2031\/ensemble-contre-la-violence\/\" \n       onmouseover=\"this.style.backgroundColor='#1a3a75'; this.style.transform='translateY(-2px)';\" \n       onmouseout=\"this.style.backgroundColor='#254E9C'; this.style.transform='translateY(0)';\">\n        \u2190 Retour \u00e0 l'aper\u00e7u\n    <\/a>\n    \n        Ensemble, nous pouvons vaincre la violence : \n        <a href=\"https:\/\/www.mission-21.org\/fr\/faire-un-don\/?zweck=kampagne2026\" \n           onmouseover=\"this.style.color='#D97912';\"\n           onmouseout=\"this.style.color='#F28D1B';\">\n            Faire un don maintenant\n        <\/a>","protected":false},"excerpt":{"rendered":"<p>Interview mit Barbara Heer: Schutz und Pr\u00e4vention Geschlechtsbezogene Gewalt ist auch in der Schweiz Realit\u00e4t. Barbara Heer, Gleichstellungsbeauftragte von Mission 21, erkl\u00e4rt, welche Verantwortung Kirchen tragen, warum verbindliche Schutzkonzepte zentral sind und wieso M\u00e4nner eine zentrale Rolle f\u00fcr den Wandel spielen. Wie sieht Deine Arbeit als Leiterin Stabsstelle Frauen und Gender bei Mission 21 aus? [&hellip;]<\/p>\n","protected":false},"author":34,"featured_media":0,"parent":20107,"menu_order":0,"comment_status":"closed","ping_status":"closed","template":"","meta":{"_acf_changed":false,"_seopress_robots_primary_cat":"","_seopress_titles_title":"Schutz vor Gewalt: Interview mit Barbara Heer","_seopress_titles_desc":"","_seopress_robots_index":"","_searchwp_excluded":"","site-sidebar-layout":"default","site-content-layout":"","ast-site-content-layout":"default","site-content-style":"default","site-sidebar-style":"default","ast-global-header-display":"","ast-banner-title-visibility":"","ast-main-header-display":"","ast-hfb-above-header-display":"","ast-hfb-below-header-display":"","ast-hfb-mobile-header-display":"","site-post-title":"","ast-breadcrumbs-content":"","ast-featured-img":"","footer-sml-layout":"","ast-disable-related-posts":"","theme-transparent-header-meta":"","adv-header-id-meta":"","stick-header-meta":"","header-above-stick-meta":"","header-main-stick-meta":"","header-below-stick-meta":"","astra-migrate-meta-layouts":"set","ast-page-background-enabled":"default","ast-page-background-meta":{"desktop":{"background-color":"var(--ast-global-color-4)","background-image":"","background-repeat":"repeat","background-position":"center center","background-size":"auto","background-attachment":"scroll","background-type":"","background-media":"","overlay-type":"","overlay-color":"","overlay-opacity":"","overlay-gradient":""},"tablet":{"background-color":"","background-image":"","background-repeat":"repeat","background-position":"center center","background-size":"auto","background-attachment":"scroll","background-type":"","background-media":"","overlay-type":"","overlay-color":"","overlay-opacity":"","overlay-gradient":""},"mobile":{"background-color":"","background-image":"","background-repeat":"repeat","background-position":"center center","background-size":"auto","background-attachment":"scroll","background-type":"","background-media":"","overlay-type":"","overlay-color":"","overlay-opacity":"","overlay-gradient":""}},"ast-content-background-meta":{"desktop":{"background-color":"var(--ast-global-color-5)","background-image":"","background-repeat":"repeat","background-position":"center center","background-size":"auto","background-attachment":"scroll","background-type":"","background-media":"","overlay-type":"","overlay-color":"","overlay-opacity":"","overlay-gradient":""},"tablet":{"background-color":"var(--ast-global-color-5)","background-image":"","background-repeat":"repeat","background-position":"center center","background-size":"auto","background-attachment":"scroll","background-type":"","background-media":"","overlay-type":"","overlay-color":"","overlay-opacity":"","overlay-gradient":""},"mobile":{"background-color":"var(--ast-global-color-5)","background-image":"","background-repeat":"repeat","background-position":"center center","background-size":"auto","background-attachment":"scroll","background-type":"","background-media":"","overlay-type":"","overlay-color":"","overlay-opacity":"","overlay-gradient":""}},"iawp_total_views":32,"footnotes":""},"hf_cat_page":[],"class_list":["post-20319","page","type-page","status-publish"],"acf":[],"_links":{"self":[{"href":"https:\/\/www.mission-21.org\/fr\/wp-json\/wp\/v2\/pages\/20319","targetHints":{"allow":["GET"]}}],"collection":[{"href":"https:\/\/www.mission-21.org\/fr\/wp-json\/wp\/v2\/pages"}],"about":[{"href":"https:\/\/www.mission-21.org\/fr\/wp-json\/wp\/v2\/types\/page"}],"author":[{"embeddable":true,"href":"https:\/\/www.mission-21.org\/fr\/wp-json\/wp\/v2\/users\/34"}],"replies":[{"embeddable":true,"href":"https:\/\/www.mission-21.org\/fr\/wp-json\/wp\/v2\/comments?post=20319"}],"version-history":[{"count":10,"href":"https:\/\/www.mission-21.org\/fr\/wp-json\/wp\/v2\/pages\/20319\/revisions"}],"predecessor-version":[{"id":20339,"href":"https:\/\/www.mission-21.org\/fr\/wp-json\/wp\/v2\/pages\/20319\/revisions\/20339"}],"up":[{"embeddable":true,"href":"https:\/\/www.mission-21.org\/fr\/wp-json\/wp\/v2\/pages\/20107"}],"wp:attachment":[{"href":"https:\/\/www.mission-21.org\/fr\/wp-json\/wp\/v2\/media?parent=20319"}],"wp:term":[{"taxonomy":"hf_cat_page","embeddable":true,"href":"https:\/\/www.mission-21.org\/fr\/wp-json\/wp\/v2\/hf_cat_page?post=20319"}],"curies":[{"name":"wp","href":"https:\/\/api.w.org\/{rel}","templated":true}]}}