{"id":205,"date":"2022-08-17T19:56:35","date_gmt":"2022-08-17T17:56:35","guid":{"rendered":"https:\/\/www.mission-21.org\/?page_id=205"},"modified":"2026-04-07T16:21:55","modified_gmt":"2026-04-07T14:21:55","slug":"ce-que-nous-faisons","status":"publish","type":"page","link":"https:\/\/www.mission-21.org\/fr\/was-wir-tun\/","title":{"rendered":"Ce que nous faisons"},"content":{"rendered":"<img decoding=\"async\" src=\"https:\/\/www.mission-21.org\/wp-content\/uploads\/2022\/08\/csm_header_news_d521d70e38.jpeg\" alt=\"csm header news d521d70e38\" itemprop=\"image\" height=\"688\" width=\"1680\" title=\"csm_Header_News_d521d70e38\" onerror=\"this.style.display='none'\" loading='lazy' \/>\n\t\t<a href=\"https:\/\/www.mission-21.org\/fr\/ce-que-nous-faisons\/projets-et-partenaires\/\" title=\"Afficher le contenu du panneau d&#039;affichage\" target=\"_self\"  aria-label=\"\u00c9l\u00e9ment de courrier\"><\/a>\t\t\n\t<meta itemscope itemprop=\"mainEntityOfPage\" itemtype=\"https:\/\/schema.org\/WebPage\" itemid=\"https:\/\/www.mission-21.org\/was-wir-tun\/projekte-und-partner\/\" content=\"Projekte und Partner\" \/><meta itemprop=\"datePublished\" content=\"2022-08-17\" \/><meta itemprop=\"dateModified\" content=\"2025-10-23\" \/><meta itemprop=\"name\" content=\"Mission 21\"\/><meta itemprop=\"url\" content=\"https:\/\/www.mission-21.org\/wp-content\/uploads\/2022\/08\/de-blau.svg\"\/><meta itemprop=\"url\" content=\"https:\/\/www.mission-21.org\/author\/ms_i2r4b8vl\/\" \/><meta itemprop=\"name\" content=\"Michael Salzer\" \/><meta itemprop=\"url\" content=\"https:\/\/www.mission-21.org\/wp-content\/uploads\/2022\/10\/karte.png\" \/><meta itemprop=\"width\" content=\"1680\" \/><meta itemprop=\"height\" content=\"884\" \/><meta itemprop=\"interactionType\" content=\"https:\/\/schema.org\/CommentAction\" \/><meta itemprop=\"userInteractionCount\" content=\"0\" \/>\n\t<a href='https:\/\/www.mission-21.org\/fr\/ce-que-nous-faisons\/projets-et-partenaires\/' title='Projets et partenaires'><img width=\"660\" height=\"360\" src=\"https:\/\/www.mission-21.org\/wp-content\/uploads\/2022\/10\/karte-660x360.png\" alt=\"carte\" itemprop=\"image\" decoding=\"async\" \/><\/a>\n<h3><a href='https:\/\/www.mission-21.org\/fr\/ce-que-nous-faisons\/projets-et-partenaires\/' title='Projets et partenaires'>Projets et partenaires<\/a><\/h3>\n\t\t<a href=\"https:\/\/www.mission-21.org\/fr\/ce-que-nous-faisons\/pays-du-projet\/\" title=\"Afficher le contenu du panneau d&#039;affichage\" target=\"_self\"  aria-label=\"\u00c9l\u00e9ment de courrier\"><\/a>\t\t\n\t<meta itemscope itemprop=\"mainEntityOfPage\" itemtype=\"https:\/\/schema.org\/WebPage\" itemid=\"https:\/\/www.mission-21.org\/was-wir-tun\/projektlaender\/\" content=\"Projektl\u00e4nder\" \/><meta itemprop=\"datePublished\" content=\"2022-08-27\" \/><meta itemprop=\"dateModified\" content=\"2026-01-21\" \/><meta itemprop=\"name\" content=\"Mission 21\"\/><meta itemprop=\"url\" content=\"https:\/\/www.mission-21.org\/wp-content\/uploads\/2022\/08\/de-blau.svg\"\/><meta itemprop=\"url\" content=\"https:\/\/www.mission-21.org\/author\/ms_i2r4b8vl\/\" \/><meta itemprop=\"name\" content=\"Michael Salzer\" \/><meta itemprop=\"url\" content=\"https:\/\/www.mission-21.org\/wp-content\/uploads\/2022\/08\/csm_header_projektlander_f6db82aea5.jpg\" \/><meta itemprop=\"width\" content=\"1680\" \/><meta itemprop=\"height\" content=\"797\" \/><meta itemprop=\"interactionType\" content=\"https:\/\/schema.org\/CommentAction\" \/><meta itemprop=\"userInteractionCount\" content=\"0\" \/>\n\t<a href='https:\/\/www.mission-21.org\/fr\/ce-que-nous-faisons\/pays-du-projet\/' title='Pays du projet'><img width=\"660\" height=\"360\" src=\"https:\/\/www.mission-21.org\/wp-content\/uploads\/2022\/08\/csm_header_projektlander_f6db82aea5-660x360.jpg\" alt=\"csm header projectlander f6db82aea5\" itemprop=\"image\" decoding=\"async\" \/><\/a>\n<h3><a href='https:\/\/www.mission-21.org\/fr\/ce-que-nous-faisons\/pays-du-projet\/' title='Pays du projet'>Pays du projet<\/a><\/h3>\n\t\t<a href=\"https:\/\/www.mission-21.org\/fr\/ce-que-nous-faisons\/international-institutions\/\" title=\"Afficher le contenu du panneau d&#039;affichage\" target=\"_self\"  aria-label=\"\u00c9l\u00e9ment de courrier\"><\/a>\t\t\n\t<meta itemscope itemprop=\"mainEntityOfPage\" itemtype=\"https:\/\/schema.org\/WebPage\" itemid=\"https:\/\/www.mission-21.org\/was-wir-tun\/internationale-einsaetze\/\" content=\"Internationale Eins\u00e4tze\" \/><meta itemprop=\"datePublished\" content=\"2022-08-22\" \/><meta itemprop=\"dateModified\" content=\"2022-11-01\" \/><meta itemprop=\"name\" content=\"Mission 21\"\/><meta itemprop=\"url\" content=\"https:\/\/www.mission-21.org\/wp-content\/uploads\/2022\/08\/de-blau.svg\"\/><meta itemprop=\"url\" content=\"https:\/\/www.mission-21.org\/author\/ms_i2r4b8vl\/\" \/><meta itemprop=\"name\" content=\"Michael Salzer\" \/><meta itemprop=\"url\" content=\"https:\/\/www.mission-21.org\/wp-content\/uploads\/2022\/08\/csm_header_internationale_einsaetze_9fded37ae8.jpeg\" \/><meta itemprop=\"width\" content=\"1680\" \/><meta itemprop=\"height\" content=\"790\" \/><meta itemprop=\"interactionType\" content=\"https:\/\/schema.org\/CommentAction\" \/><meta itemprop=\"userInteractionCount\" content=\"0\" \/>\n\t<a href='https:\/\/www.mission-21.org\/fr\/ce-que-nous-faisons\/international-institutions\/' title='Missions internationales'><img width=\"660\" height=\"360\" src=\"https:\/\/www.mission-21.org\/wp-content\/uploads\/2022\/08\/csm_header_internationale_einsaetze_9fded37ae8-660x360.jpeg\" alt=\"csm header international inserts 9fded37ae8\" itemprop=\"image\" decoding=\"async\" \/><\/a>\n<h3><a href='https:\/\/www.mission-21.org\/fr\/ce-que-nous-faisons\/international-institutions\/' title='Missions internationales'>Missions internationales<\/a><\/h3>\n\t\t<a href=\"https:\/\/www.mission-21.org\/fr\/ce-que-nous-faisons\/evenements-3\/\" title=\"Afficher le contenu du panneau d&#039;affichage\" target=\"_self\"  aria-label=\"\u00c9l\u00e9ment de courrier\"><\/a>\t\t\n\t<meta itemscope itemprop=\"mainEntityOfPage\" itemtype=\"https:\/\/schema.org\/WebPage\" itemid=\"https:\/\/www.mission-21.org\/was-wir-tun\/bildungsveranstaltungen\/\" content=\"Bildungsveranstaltungen\" \/><meta itemprop=\"datePublished\" content=\"2024-09-26\" \/><meta itemprop=\"dateModified\" content=\"2026-02-26\" \/><meta itemprop=\"name\" content=\"Mission 21\"\/><meta itemprop=\"url\" content=\"https:\/\/www.mission-21.org\/wp-content\/uploads\/2022\/08\/de-blau.svg\"\/><meta itemprop=\"url\" content=\"https:\/\/www.mission-21.org\/author\/samuel\/\" \/><meta itemprop=\"name\" content=\"Samuel Rink\" \/><meta itemprop=\"url\" content=\"https:\/\/www.mission-21.org\/wp-content\/uploads\/2022\/09\/csm_header_veranstaltungen_und_events_810afea622.jpg\" \/><meta itemprop=\"width\" content=\"1680\" \/><meta itemprop=\"height\" content=\"939\" \/><meta itemprop=\"interactionType\" content=\"https:\/\/schema.org\/CommentAction\" \/><meta itemprop=\"userInteractionCount\" content=\"0\" \/>\n\t<a href='https:\/\/www.mission-21.org\/fr\/ce-que-nous-faisons\/evenements-3\/' title='Manifestations \u00e9ducatives'><img width=\"660\" height=\"360\" src=\"https:\/\/www.mission-21.org\/wp-content\/uploads\/2022\/09\/csm_header_veranstaltungen_und_events_810afea622-660x360.jpg\" alt=\"csm header manifestations et \u00e9v\u00e9nements 810afea622\" itemprop=\"image\" decoding=\"async\" \/><\/a>\n<h3><a href='https:\/\/www.mission-21.org\/fr\/ce-que-nous-faisons\/evenements-3\/' title='Manifestations \u00e9ducatives'>Manifestations \u00e9ducatives<\/a><\/h3>\n\t\t<a href=\"https:\/\/www.mission-21.org\/fr\/ce-que-nous-faisons\/evenements\/mission-colonialisme-revisite\/\" title=\"Afficher le contenu du panneau d&#039;affichage\" target=\"_self\"  aria-label=\"\u00c9l\u00e9ment de courrier\"><\/a>\t\t\n\t<meta itemscope itemprop=\"mainEntityOfPage\" itemtype=\"https:\/\/schema.org\/WebPage\" itemid=\"https:\/\/www.mission-21.org\/was-wir-tun\/veranstaltungen\/mission-colonialism-revisited\/\" content=\"Mission &#8211; Colonialism Revisited\" \/><meta itemprop=\"datePublished\" content=\"2022-10-14\" \/><meta itemprop=\"dateModified\" content=\"2025-12-01\" \/><meta itemprop=\"name\" content=\"Mission 21\"\/><meta itemprop=\"url\" content=\"https:\/\/www.mission-21.org\/wp-content\/uploads\/2022\/08\/de-blau.svg\"\/><meta itemprop=\"url\" content=\"https:\/\/www.mission-21.org\/author\/ms_i2r4b8vl\/\" \/><meta itemprop=\"name\" content=\"Michael Salzer\" \/><meta itemprop=\"url\" content=\"https:\/\/www.mission-21.org\/wp-content\/uploads\/2023\/09\/ql-30.002.0045-scaled.jpg\" \/><meta itemprop=\"width\" content=\"2560\" \/><meta itemprop=\"height\" content=\"1219\" \/><meta itemprop=\"interactionType\" content=\"https:\/\/schema.org\/CommentAction\" \/><meta itemprop=\"userInteractionCount\" content=\"0\" \/>\n\t<a href='https:\/\/www.mission-21.org\/fr\/ce-que-nous-faisons\/evenements\/mission-colonialisme-revisite\/' title='Mission - Colonialisme revisit\u00e9'><img width=\"660\" height=\"360\" src=\"https:\/\/www.mission-21.org\/wp-content\/uploads\/2023\/09\/ql-30.002.0045-660x360.jpg\" alt=\"ql 30.002.0045\" itemprop=\"image\" decoding=\"async\" srcset=\"https:\/\/www.mission-21.org\/wp-content\/uploads\/2023\/09\/ql-30.002.0045-660x360.jpg 660w, https:\/\/www.mission-21.org\/wp-content\/uploads\/2023\/09\/ql-30.002.0045-18x9.jpg 18w\" sizes=\"(max-width: 660px) 100vw, 660px\" \/><\/a>\n<h3><a href='https:\/\/www.mission-21.org\/fr\/ce-que-nous-faisons\/evenements\/mission-colonialisme-revisite\/' title='Mission - Colonialisme revisit\u00e9'>Mission - Colonialisme revisit\u00e9<\/a><\/h3>\n\t\t<a href=\"https:\/\/www.mission-21.org\/fr\/ce-que-nous-faisons\/specialistes-conferences\/\" title=\"Afficher le contenu du panneau d&#039;affichage\" target=\"_self\"  aria-label=\"\u00c9l\u00e9ment de courrier\"><\/a>\t\t\n\t<meta itemscope itemprop=\"mainEntityOfPage\" itemtype=\"https:\/\/schema.org\/WebPage\" itemid=\"https:\/\/www.mission-21.org\/was-wir-tun\/fachpersonen-fuer-vortraege\/\" content=\"Fachpersonen f\u00fcr Vortr\u00e4ge\" \/><meta itemprop=\"datePublished\" content=\"2022-09-29\" \/><meta itemprop=\"dateModified\" content=\"2025-07-22\" \/><meta itemprop=\"name\" content=\"Mission 21\"\/><meta itemprop=\"url\" content=\"https:\/\/www.mission-21.org\/wp-content\/uploads\/2022\/08\/de-blau.svg\"\/><meta itemprop=\"url\" content=\"https:\/\/www.mission-21.org\/author\/ms_i2r4b8vl\/\" \/><meta itemprop=\"name\" content=\"Michael Salzer\" \/><meta itemprop=\"url\" content=\"https:\/\/www.mission-21.org\/wp-content\/uploads\/2022\/09\/csm_header_fachpersonen_vortraege_265ca9f0f1-1.jpg\" \/><meta itemprop=\"width\" content=\"1680\" \/><meta itemprop=\"height\" content=\"914\" \/><meta itemprop=\"interactionType\" content=\"https:\/\/schema.org\/CommentAction\" \/><meta itemprop=\"userInteractionCount\" content=\"0\" \/>\n\t<a href='https:\/\/www.mission-21.org\/fr\/ce-que-nous-faisons\/specialistes-conferences\/' title='Sp\u00e9cialistes pour les conf\u00e9rences'><img width=\"660\" height=\"360\" src=\"https:\/\/www.mission-21.org\/wp-content\/uploads\/2022\/09\/csm_header_fachpersonen_vortraege_265ca9f0f1-1-660x360.jpg\" alt=\"csm header professionnels conf\u00e9rences 265ca9f0f1\" itemprop=\"image\" decoding=\"async\" srcset=\"https:\/\/www.mission-21.org\/wp-content\/uploads\/2022\/09\/csm_header_fachpersonen_vortraege_265ca9f0f1-1-660x360.jpg 660w, https:\/\/www.mission-21.org\/wp-content\/uploads\/2022\/09\/csm_header_fachpersonen_vortraege_265ca9f0f1-1-300x163.jpg 300w, https:\/\/www.mission-21.org\/wp-content\/uploads\/2022\/09\/csm_header_fachpersonen_vortraege_265ca9f0f1-1-600x326.jpg 600w, https:\/\/www.mission-21.org\/wp-content\/uploads\/2022\/09\/csm_header_fachpersonen_vortraege_265ca9f0f1-1-900x489.jpg 900w, https:\/\/www.mission-21.org\/wp-content\/uploads\/2022\/09\/csm_header_fachpersonen_vortraege_265ca9f0f1-1-1200x653.jpg 1200w, https:\/\/www.mission-21.org\/wp-content\/uploads\/2022\/09\/csm_header_fachpersonen_vortraege_265ca9f0f1-1-768x418.jpg 768w, https:\/\/www.mission-21.org\/wp-content\/uploads\/2022\/09\/csm_header_fachpersonen_vortraege_265ca9f0f1-1-1536x835.jpg 1536w, https:\/\/www.mission-21.org\/wp-content\/uploads\/2022\/09\/csm_header_fachpersonen_vortraege_265ca9f0f1-1.jpg 1680w\" sizes=\"(max-width: 660px) 100vw, 660px\" \/><\/a>\n<h3><a href='https:\/\/www.mission-21.org\/fr\/ce-que-nous-faisons\/specialistes-conferences\/' title='Sp\u00e9cialistes pour les conf\u00e9rences'>Sp\u00e9cialistes pour les conf\u00e9rences<\/a><\/h3>\n\t\t<a href=\"https:\/\/www.mission-21.org\/fr\/ce-que-nous-faisons\/offres-de-formation\/\" title=\"Afficher le contenu du panneau d&#039;affichage\" target=\"_self\"  aria-label=\"\u00c9l\u00e9ment de courrier\"><\/a>\t\t\n\t<meta itemscope itemprop=\"mainEntityOfPage\" itemtype=\"https:\/\/schema.org\/WebPage\" itemid=\"https:\/\/www.mission-21.org\/was-wir-tun\/bildungsangebote\/\" content=\"Bildungsangebote\" \/><meta itemprop=\"datePublished\" content=\"2024-11-18\" \/><meta itemprop=\"dateModified\" content=\"2026-03-27\" \/><meta itemprop=\"name\" content=\"Mission 21\"\/><meta itemprop=\"url\" content=\"https:\/\/www.mission-21.org\/wp-content\/uploads\/2022\/08\/de-blau.svg\"\/><meta itemprop=\"url\" content=\"https:\/\/www.mission-21.org\/author\/fabrizio\/\" \/><meta itemprop=\"name\" content=\"Fabrizio Fracassi\" \/><meta itemprop=\"url\" content=\"https:\/\/www.mission-21.org\/wp-content\/uploads\/2025\/01\/jubo-gruppenbild_dsc_1188_kopie-vier-zu-drei-scaled-1.jpg\" \/><meta itemprop=\"width\" content=\"2560\" \/><meta itemprop=\"height\" content=\"1255\" \/><meta itemprop=\"interactionType\" content=\"https:\/\/schema.org\/CommentAction\" \/><meta itemprop=\"userInteractionCount\" content=\"0\" \/>\n\t<a href='https:\/\/www.mission-21.org\/fr\/ce-que-nous-faisons\/offres-de-formation\/' title='Offres de formation'><img width=\"660\" height=\"360\" src=\"https:\/\/www.mission-21.org\/wp-content\/uploads\/2025\/01\/jubo-gruppenbild_dsc_1188_kopie-vier-zu-drei-scaled-1-660x360.jpg\" alt=\"jubo photo de groupe dsc 1188 copie quatre \u00e0 trois scaled\" itemprop=\"image\" decoding=\"async\" srcset=\"https:\/\/www.mission-21.org\/wp-content\/uploads\/2025\/01\/jubo-gruppenbild_dsc_1188_kopie-vier-zu-drei-scaled-1-660x360.jpg 660w, https:\/\/www.mission-21.org\/wp-content\/uploads\/2025\/01\/jubo-gruppenbild_dsc_1188_kopie-vier-zu-drei-scaled-1-18x9.jpg 18w\" sizes=\"(max-width: 660px) 100vw, 660px\" \/><\/a>\n<h3><a href='https:\/\/www.mission-21.org\/fr\/ce-que-nous-faisons\/offres-de-formation\/' title='Offres de formation'>Offres de formation<\/a><\/h3>\n\t\t<a href=\"https:\/\/www.mission-21.org\/fr\/ce-que-nous-faisons\/recherche\/\" title=\"Afficher le contenu du panneau d&#039;affichage\" target=\"_self\"  aria-label=\"\u00c9l\u00e9ment de courrier\"><\/a>\t\t\n\t<meta itemscope itemprop=\"mainEntityOfPage\" itemtype=\"https:\/\/schema.org\/WebPage\" itemid=\"https:\/\/www.mission-21.org\/was-wir-tun\/forschung\/\" content=\"Forschung\" \/><meta itemprop=\"datePublished\" content=\"2022-09-29\" \/><meta itemprop=\"dateModified\" content=\"2025-11-12\" \/><meta itemprop=\"name\" content=\"Mission 21\"\/><meta itemprop=\"url\" content=\"https:\/\/www.mission-21.org\/wp-content\/uploads\/2022\/08\/de-blau.svg\"\/><meta itemprop=\"url\" content=\"https:\/\/www.mission-21.org\/author\/ms_i2r4b8vl\/\" \/><meta itemprop=\"name\" content=\"Michael Salzer\" \/><meta itemprop=\"url\" content=\"https:\/\/www.mission-21.org\/wp-content\/uploads\/2022\/09\/csm_header_forschung_ed873c819b-1.jpg\" \/><meta itemprop=\"width\" content=\"1680\" \/><meta itemprop=\"height\" content=\"740\" \/><meta itemprop=\"interactionType\" content=\"https:\/\/schema.org\/CommentAction\" \/><meta itemprop=\"userInteractionCount\" content=\"0\" \/>\n\t<a href='https:\/\/www.mission-21.org\/fr\/ce-que-nous-faisons\/recherche\/' title='Recherche'><img width=\"660\" height=\"360\" src=\"https:\/\/www.mission-21.org\/wp-content\/uploads\/2022\/09\/csm_header_forschung_ed873c819b-1-660x360.jpg\" alt=\"csm header recherche ed873c819b\" itemprop=\"image\" decoding=\"async\" \/><\/a>\n<h3><a href='https:\/\/www.mission-21.org\/fr\/ce-que-nous-faisons\/recherche\/' title='Recherche'>Recherche<\/a><\/h3>","protected":false},"excerpt":{"rendered":"<p>Projets et partenaires Pays de projets Engagements internationaux Manifestations \u00e9ducatives Mission - Colonialism Revisited Sp\u00e9cialistes des conf\u00e9rences Offres \u00e9ducatives Recherche<\/p>","protected":false},"author":1,"featured_media":4176,"parent":0,"menu_order":0,"comment_status":"closed","ping_status":"closed","template":"","meta":{"_acf_changed":false,"_seopress_robots_primary_cat":"","_seopress_titles_title":"","_seopress_titles_desc":"","_seopress_robots_index":"","_searchwp_excluded":"","site-sidebar-layout":"default","site-content-layout":"","ast-site-content-layout":"default","site-content-style":"default","site-sidebar-style":"default","ast-global-header-display":"","ast-banner-title-visibility":"","ast-main-header-display":"","ast-hfb-above-header-display":"","ast-hfb-below-header-display":"","ast-hfb-mobile-header-display":"","site-post-title":"","ast-breadcrumbs-content":"","ast-featured-img":"","footer-sml-layout":"","ast-disable-related-posts":"","theme-transparent-header-meta":"","adv-header-id-meta":"","stick-header-meta":"","header-above-stick-meta":"","header-main-stick-meta":"","header-below-stick-meta":"","astra-migrate-meta-layouts":"set","ast-page-background-enabled":"default","ast-page-background-meta":{"desktop":{"background-color":"var(--ast-global-color-4)","background-image":"","background-repeat":"repeat","background-position":"center center","background-size":"auto","background-attachment":"scroll","background-type":"","background-media":"","overlay-type":"","overlay-color":"","overlay-opacity":"","overlay-gradient":""},"tablet":{"background-color":"","background-image":"","background-repeat":"repeat","background-position":"center center","background-size":"auto","background-attachment":"scroll","background-type":"","background-media":"","overlay-type":"","overlay-color":"","overlay-opacity":"","overlay-gradient":""},"mobile":{"background-color":"","background-image":"","background-repeat":"repeat","background-position":"center center","background-size":"auto","background-attachment":"scroll","background-type":"","background-media":"","overlay-type":"","overlay-color":"","overlay-opacity":"","overlay-gradient":""}},"ast-content-background-meta":{"desktop":{"background-color":"var(--ast-global-color-5)","background-image":"","background-repeat":"repeat","background-position":"center center","background-size":"auto","background-attachment":"scroll","background-type":"","background-media":"","overlay-type":"","overlay-color":"","overlay-opacity":"","overlay-gradient":""},"tablet":{"background-color":"var(--ast-global-color-5)","background-image":"","background-repeat":"repeat","background-position":"center center","background-size":"auto","background-attachment":"scroll","background-type":"","background-media":"","overlay-type":"","overlay-color":"","overlay-opacity":"","overlay-gradient":""},"mobile":{"background-color":"var(--ast-global-color-5)","background-image":"","background-repeat":"repeat","background-position":"center center","background-size":"auto","background-attachment":"scroll","background-type":"","background-media":"","overlay-type":"","overlay-color":"","overlay-opacity":"","overlay-gradient":""}},"iawp_total_views":3149,"footnotes":""},"hf_cat_page":[300],"class_list":["post-205","page","type-page","status-publish","has-post-thumbnail"],"acf":[],"_links":{"self":[{"href":"https:\/\/www.mission-21.org\/fr\/wp-json\/wp\/v2\/pages\/205","targetHints":{"allow":["GET"]}}],"collection":[{"href":"https:\/\/www.mission-21.org\/fr\/wp-json\/wp\/v2\/pages"}],"about":[{"href":"https:\/\/www.mission-21.org\/fr\/wp-json\/wp\/v2\/types\/page"}],"author":[{"embeddable":true,"href":"https:\/\/www.mission-21.org\/fr\/wp-json\/wp\/v2\/users\/1"}],"replies":[{"embeddable":true,"href":"https:\/\/www.mission-21.org\/fr\/wp-json\/wp\/v2\/comments?post=205"}],"version-history":[{"count":11,"href":"https:\/\/www.mission-21.org\/fr\/wp-json\/wp\/v2\/pages\/205\/revisions"}],"predecessor-version":[{"id":20197,"href":"https:\/\/www.mission-21.org\/fr\/wp-json\/wp\/v2\/pages\/205\/revisions\/20197"}],"wp:featuredmedia":[{"embeddable":true,"href":"https:\/\/www.mission-21.org\/fr\/wp-json\/wp\/v2\/media\/4176"}],"wp:attachment":[{"href":"https:\/\/www.mission-21.org\/fr\/wp-json\/wp\/v2\/media?parent=205"}],"wp:term":[{"taxonomy":"hf_cat_page","embeddable":true,"href":"https:\/\/www.mission-21.org\/fr\/wp-json\/wp\/v2\/hf_cat_page?post=205"}],"curies":[{"name":"wp","href":"https:\/\/api.w.org\/{rel}","templated":true}]}}