{"id":212,"date":"2022-08-17T19:57:15","date_gmt":"2022-08-17T17:57:15","guid":{"rendered":"https:\/\/www.mission-21.org\/?page_id=212"},"modified":"2026-03-27T17:29:44","modified_gmt":"2026-03-27T16:29:44","slug":"participer","status":"publish","type":"page","link":"https:\/\/www.mission-21.org\/fr\/mitmachen\/","title":{"rendered":"Participer"},"content":{"rendered":"<img decoding=\"async\" src=\"https:\/\/www.mission-21.org\/wp-content\/uploads\/2022\/08\/csm_header_news_d521d70e38.jpeg\" alt=\"csm header news d521d70e38\" itemprop=\"image\" height=\"688\" width=\"1680\" title=\"csm_Header_News_d521d70e38\" onerror=\"this.style.display='none'\" loading='lazy' \/>\n\t\t<a href=\"https:\/\/www.mission-21.org\/fr\/campagne-2031\/\" title=\"Afficher le contenu du panneau d&#039;affichage\" target=\"_self\"  aria-label=\"\u00c9l\u00e9ment de courrier\"><\/a>\t\t\n\t<meta itemscope itemprop=\"mainEntityOfPage\" itemtype=\"https:\/\/schema.org\/WebPage\" itemid=\"https:\/\/www.mission-21.org\/kampagne-2026\/\" content=\"Kampagne 2026\" \/><meta itemprop=\"datePublished\" content=\"2026-03-27\" \/><meta itemprop=\"dateModified\" content=\"2026-03-27\" \/><meta itemprop=\"name\" content=\"Mission 21\"\/><meta itemprop=\"url\" content=\"https:\/\/www.mission-21.org\/wp-content\/uploads\/2022\/08\/de-blau.svg\"\/><meta itemprop=\"url\" content=\"https:\/\/www.mission-21.org\/author\/martin-vonwylmission-21-org\/\" \/><meta itemprop=\"name\" content=\"Martin von Wyl\" \/><meta itemprop=\"url\" content=\"https:\/\/www.mission-21.org\/wp-content\/uploads\/2026\/03\/keyvisual-kampagne-2026.jpg\" \/><meta itemprop=\"width\" content=\"2560\" \/><meta itemprop=\"height\" content=\"1707\" \/><meta itemprop=\"interactionType\" content=\"https:\/\/schema.org\/CommentAction\" \/><meta itemprop=\"userInteractionCount\" content=\"0\" \/>\n\t<a href='https:\/\/www.mission-21.org\/fr\/campagne-2031\/' title='Campagne 2026'><img width=\"660\" height=\"360\" src=\"https:\/\/www.mission-21.org\/wp-content\/uploads\/2026\/03\/keyvisual-kampagne-2026-660x360.jpg\" alt=\"keyvisual campagne 2026\" itemprop=\"image\" decoding=\"async\" \/><\/a>\n<h3><a href='https:\/\/www.mission-21.org\/fr\/campagne-2031\/' title='Campagne 2026'>Campagne 2026<\/a><\/h3>\n\t\t<a href=\"https:\/\/www.mission-21.org\/fr\/participer\/youngmission21\/\" title=\"Afficher le contenu du panneau d&#039;affichage\" target=\"_self\"  aria-label=\"\u00c9l\u00e9ment de courrier\"><\/a>\t\t\n\t<meta itemscope itemprop=\"mainEntityOfPage\" itemtype=\"https:\/\/schema.org\/WebPage\" itemid=\"https:\/\/www.mission-21.org\/mitmachen\/youngmission21\/\" content=\"young@mission21\" \/><meta itemprop=\"datePublished\" content=\"2022-10-06\" \/><meta itemprop=\"dateModified\" content=\"2026-03-27\" \/><meta itemprop=\"name\" content=\"Mission 21\"\/><meta itemprop=\"url\" content=\"https:\/\/www.mission-21.org\/wp-content\/uploads\/2022\/08\/de-blau.svg\"\/><meta itemprop=\"url\" content=\"https:\/\/www.mission-21.org\/author\/ms_i2r4b8vl\/\" \/><meta itemprop=\"name\" content=\"Michael Salzer\" \/><meta itemprop=\"url\" content=\"https:\/\/www.mission-21.org\/wp-content\/uploads\/2022\/10\/csm_header_young_6a72bb2848.jpg\" \/><meta itemprop=\"width\" content=\"1680\" \/><meta itemprop=\"height\" content=\"713\" \/><meta itemprop=\"interactionType\" content=\"https:\/\/schema.org\/CommentAction\" \/><meta itemprop=\"userInteractionCount\" content=\"0\" \/>\n\t<a href='https:\/\/www.mission-21.org\/fr\/participer\/youngmission21\/' title='young@mission21'><img width=\"660\" height=\"360\" src=\"https:\/\/www.mission-21.org\/wp-content\/uploads\/2022\/10\/csm_header_young_6a72bb2848-660x360.jpg\" alt=\"csm header young 6a72bb2848\" itemprop=\"image\" decoding=\"async\" \/><\/a>\n<h3><a href='https:\/\/www.mission-21.org\/fr\/participer\/youngmission21\/' title='young@mission21'>young@mission21<\/a><\/h3>\n\t\t<a href=\"https:\/\/www.mission-21.org\/fr\/participer\/paroisses-engagees\/\" title=\"Afficher le contenu du panneau d&#039;affichage\" target=\"_self\"  aria-label=\"\u00c9l\u00e9ment de courrier\"><\/a>\t\t\n\t<meta itemscope itemprop=\"mainEntityOfPage\" itemtype=\"https:\/\/schema.org\/WebPage\" itemid=\"https:\/\/www.mission-21.org\/mitmachen\/engagierte-kirchgemeinden\/\" content=\"Engagierte Kirchgemeinden\" \/><meta itemprop=\"datePublished\" content=\"2022-09-28\" \/><meta itemprop=\"dateModified\" content=\"2025-10-13\" \/><meta itemprop=\"name\" content=\"Mission 21\"\/><meta itemprop=\"url\" content=\"https:\/\/www.mission-21.org\/wp-content\/uploads\/2022\/08\/de-blau.svg\"\/><meta itemprop=\"url\" content=\"https:\/\/www.mission-21.org\/author\/ms_i2r4b8vl\/\" \/><meta itemprop=\"name\" content=\"Michael Salzer\" \/><meta itemprop=\"url\" content=\"https:\/\/www.mission-21.org\/wp-content\/uploads\/2022\/09\/csm_header_engagierte_kirchgemeinden_3b1ff89aaf.jpg\" \/><meta itemprop=\"width\" content=\"1680\" \/><meta itemprop=\"height\" content=\"722\" \/><meta itemprop=\"interactionType\" content=\"https:\/\/schema.org\/CommentAction\" \/><meta itemprop=\"userInteractionCount\" content=\"0\" \/>\n\t<a href='https:\/\/www.mission-21.org\/fr\/participer\/paroisses-engagees\/' title='Des paroisses engag\u00e9es'><img width=\"660\" height=\"360\" src=\"https:\/\/www.mission-21.org\/wp-content\/uploads\/2022\/09\/csm_header_engagierte_kirchgemeinden_3b1ff89aaf-660x360.jpg\" alt=\"\" itemprop=\"image\" decoding=\"async\" \/><\/a>\n<h3><a href='https:\/\/www.mission-21.org\/fr\/participer\/paroisses-engagees\/' title='Des paroisses engag\u00e9es'>Des paroisses engag\u00e9es<\/a><\/h3>\n\t\t<a href=\"https:\/\/www.mission-21.org\/fr\/participer\/benevolat\/\" title=\"Afficher le contenu du panneau d&#039;affichage\" target=\"_self\"  aria-label=\"\u00c9l\u00e9ment de courrier\"><\/a>\t\t\n\t<meta itemscope itemprop=\"mainEntityOfPage\" itemtype=\"https:\/\/schema.org\/WebPage\" itemid=\"https:\/\/www.mission-21.org\/mitmachen\/freiwillige-mitarbeit\/\" content=\"Freiwillige Mitarbeit\" \/><meta itemprop=\"datePublished\" content=\"2022-09-28\" \/><meta itemprop=\"dateModified\" content=\"2024-12-12\" \/><meta itemprop=\"name\" content=\"Mission 21\"\/><meta itemprop=\"url\" content=\"https:\/\/www.mission-21.org\/wp-content\/uploads\/2022\/08\/de-blau.svg\"\/><meta itemprop=\"url\" content=\"https:\/\/www.mission-21.org\/author\/ms_i2r4b8vl\/\" \/><meta itemprop=\"name\" content=\"Michael Salzer\" \/><meta itemprop=\"url\" content=\"https:\/\/www.mission-21.org\/wp-content\/uploads\/2022\/09\/csm_freiwillige_mitarbeit_header_2021_fd82cb5a59.jpg\" \/><meta itemprop=\"width\" content=\"1680\" \/><meta itemprop=\"height\" content=\"962\" \/><meta itemprop=\"interactionType\" content=\"https:\/\/schema.org\/CommentAction\" \/><meta itemprop=\"userInteractionCount\" content=\"0\" \/>\n\t<a href='https:\/\/www.mission-21.org\/fr\/participer\/benevolat\/' title='B\u00e9n\u00e9volat'><img width=\"660\" height=\"360\" src=\"https:\/\/www.mission-21.org\/wp-content\/uploads\/2022\/09\/csm_freiwillige_mitarbeit_header_2021_fd82cb5a59-660x360.jpg\" alt=\"\" itemprop=\"image\" decoding=\"async\" \/><\/a>\n<h3><a href='https:\/\/www.mission-21.org\/fr\/participer\/benevolat\/' title='B\u00e9n\u00e9volat'>B\u00e9n\u00e9volat<\/a><\/h3>\n\t\t<a href=\"https:\/\/www.mission-21.org\/fr\/informer\/shop-materiel-et-produits\/\" title=\"Afficher le contenu du panneau d&#039;affichage\" target=\"_self\"  aria-label=\"\u00c9l\u00e9ment de courrier\"><\/a>\t\t\n\t<meta itemscope itemprop=\"mainEntityOfPage\" itemtype=\"https:\/\/schema.org\/WebPage\" itemid=\"https:\/\/www.mission-21.org\/informieren\/shop-material-und-produkte\/\" content=\"Shop \/ Material und Produkte\" \/><meta itemprop=\"datePublished\" content=\"2022-09-21\" \/><meta itemprop=\"dateModified\" content=\"2026-03-27\" \/><meta itemprop=\"name\" content=\"Mission 21\"\/><meta itemprop=\"url\" content=\"https:\/\/www.mission-21.org\/wp-content\/uploads\/2022\/08\/de-blau.svg\"\/><meta itemprop=\"url\" content=\"https:\/\/www.mission-21.org\/author\/ms_i2r4b8vl\/\" \/><meta itemprop=\"name\" content=\"Michael Salzer\" \/><meta itemprop=\"url\" content=\"https:\/\/www.mission-21.org\/wp-content\/uploads\/2026\/03\/ungkin-story-malaysia-e1774626377508.jpg\" \/><meta itemprop=\"width\" content=\"2000\" \/><meta itemprop=\"height\" content=\"1167\" \/><meta itemprop=\"interactionType\" content=\"https:\/\/schema.org\/CommentAction\" \/><meta itemprop=\"userInteractionCount\" content=\"0\" \/>\n\t<a href='https:\/\/www.mission-21.org\/fr\/informer\/shop-materiel-et-produits\/' title='Boutique \/ Mat\u00e9riel et produits'><img width=\"660\" height=\"360\" src=\"https:\/\/www.mission-21.org\/wp-content\/uploads\/2026\/03\/ungkin-story-malaysia-e1774626377508-660x360.jpg\" alt=\"l&#039;histoire d&#039;ungkin, malaisie\" itemprop=\"image\" decoding=\"async\" \/><\/a>\n<h3><a href='https:\/\/www.mission-21.org\/fr\/informer\/shop-materiel-et-produits\/' title='Boutique \/ Mat\u00e9riel et produits'>Boutique \/ Mat\u00e9riel et produits<\/a><\/h3>\n\t\t<a href=\"https:\/\/www.mission-21.org\/fr\/calendrier-des-saisons\/\" title=\"Afficher le contenu du panneau d&#039;affichage\" target=\"_self\"  aria-label=\"\u00c9l\u00e9ment de courrier\"><\/a>\t\t\n\t<meta itemscope itemprop=\"mainEntityOfPage\" itemtype=\"https:\/\/schema.org\/WebPage\" itemid=\"https:\/\/www.mission-21.org\/saisonkalender\/\" content=\"Saisonkalender\" \/><meta itemprop=\"datePublished\" content=\"2023-02-09\" \/><meta itemprop=\"dateModified\" content=\"2024-04-19\" \/><meta itemprop=\"name\" content=\"Mission 21\"\/><meta itemprop=\"url\" content=\"https:\/\/www.mission-21.org\/wp-content\/uploads\/2022\/08\/de-blau.svg\"\/><meta itemprop=\"url\" content=\"https:\/\/www.mission-21.org\/author\/samuel\/\" \/><meta itemprop=\"name\" content=\"Samuel Rink\" \/><meta itemprop=\"url\" content=\"https:\/\/www.mission-21.org\/wp-content\/uploads\/2023\/02\/header.jpg\" \/><meta itemprop=\"width\" content=\"1536\" \/><meta itemprop=\"height\" content=\"722\" \/><meta itemprop=\"interactionType\" content=\"https:\/\/schema.org\/CommentAction\" \/><meta itemprop=\"userInteractionCount\" content=\"0\" \/>\n\t<a href='https:\/\/www.mission-21.org\/fr\/calendrier-des-saisons\/' title='Calendrier des saisons'><img width=\"660\" height=\"360\" src=\"https:\/\/www.mission-21.org\/wp-content\/uploads\/2023\/02\/header-660x360.jpg\" alt=\"en-t\u00eate\" itemprop=\"image\" decoding=\"async\" \/><\/a>\n<h3><a href='https:\/\/www.mission-21.org\/fr\/calendrier-des-saisons\/' title='Calendrier des saisons'>Calendrier des saisons<\/a><\/h3>","protected":false},"excerpt":{"rendered":"<p>Campagne 2026 young@mission21 Paroisses engag\u00e9es Collaboration b\u00e9n\u00e9vole Boutique \/ Mat\u00e9riel et produits Calendrier saisonnier<\/p>","protected":false},"author":1,"featured_media":4560,"parent":0,"menu_order":0,"comment_status":"closed","ping_status":"closed","template":"","meta":{"_acf_changed":false,"_seopress_robots_primary_cat":"","_seopress_titles_title":"","_seopress_titles_desc":"","_seopress_robots_index":"","_searchwp_excluded":"","site-sidebar-layout":"default","site-content-layout":"","ast-site-content-layout":"default","site-content-style":"default","site-sidebar-style":"default","ast-global-header-display":"","ast-banner-title-visibility":"","ast-main-header-display":"","ast-hfb-above-header-display":"","ast-hfb-below-header-display":"","ast-hfb-mobile-header-display":"","site-post-title":"","ast-breadcrumbs-content":"","ast-featured-img":"","footer-sml-layout":"","ast-disable-related-posts":"","theme-transparent-header-meta":"","adv-header-id-meta":"","stick-header-meta":"","header-above-stick-meta":"","header-main-stick-meta":"","header-below-stick-meta":"","astra-migrate-meta-layouts":"set","ast-page-background-enabled":"default","ast-page-background-meta":{"desktop":{"background-color":"var(--ast-global-color-4)","background-image":"","background-repeat":"repeat","background-position":"center center","background-size":"auto","background-attachment":"scroll","background-type":"","background-media":"","overlay-type":"","overlay-color":"","overlay-opacity":"","overlay-gradient":""},"tablet":{"background-color":"","background-image":"","background-repeat":"repeat","background-position":"center center","background-size":"auto","background-attachment":"scroll","background-type":"","background-media":"","overlay-type":"","overlay-color":"","overlay-opacity":"","overlay-gradient":""},"mobile":{"background-color":"","background-image":"","background-repeat":"repeat","background-position":"center center","background-size":"auto","background-attachment":"scroll","background-type":"","background-media":"","overlay-type":"","overlay-color":"","overlay-opacity":"","overlay-gradient":""}},"ast-content-background-meta":{"desktop":{"background-color":"var(--ast-global-color-5)","background-image":"","background-repeat":"repeat","background-position":"center center","background-size":"auto","background-attachment":"scroll","background-type":"","background-media":"","overlay-type":"","overlay-color":"","overlay-opacity":"","overlay-gradient":""},"tablet":{"background-color":"var(--ast-global-color-5)","background-image":"","background-repeat":"repeat","background-position":"center center","background-size":"auto","background-attachment":"scroll","background-type":"","background-media":"","overlay-type":"","overlay-color":"","overlay-opacity":"","overlay-gradient":""},"mobile":{"background-color":"var(--ast-global-color-5)","background-image":"","background-repeat":"repeat","background-position":"center center","background-size":"auto","background-attachment":"scroll","background-type":"","background-media":"","overlay-type":"","overlay-color":"","overlay-opacity":"","overlay-gradient":""}},"iawp_total_views":1516,"footnotes":""},"hf_cat_page":[297],"class_list":["post-212","page","type-page","status-publish","has-post-thumbnail"],"acf":[],"_links":{"self":[{"href":"https:\/\/www.mission-21.org\/fr\/wp-json\/wp\/v2\/pages\/212","targetHints":{"allow":["GET"]}}],"collection":[{"href":"https:\/\/www.mission-21.org\/fr\/wp-json\/wp\/v2\/pages"}],"about":[{"href":"https:\/\/www.mission-21.org\/fr\/wp-json\/wp\/v2\/types\/page"}],"author":[{"embeddable":true,"href":"https:\/\/www.mission-21.org\/fr\/wp-json\/wp\/v2\/users\/1"}],"replies":[{"embeddable":true,"href":"https:\/\/www.mission-21.org\/fr\/wp-json\/wp\/v2\/comments?post=212"}],"version-history":[{"count":11,"href":"https:\/\/www.mission-21.org\/fr\/wp-json\/wp\/v2\/pages\/212\/revisions"}],"predecessor-version":[{"id":20135,"href":"https:\/\/www.mission-21.org\/fr\/wp-json\/wp\/v2\/pages\/212\/revisions\/20135"}],"wp:featuredmedia":[{"embeddable":true,"href":"https:\/\/www.mission-21.org\/fr\/wp-json\/wp\/v2\/media\/4560"}],"wp:attachment":[{"href":"https:\/\/www.mission-21.org\/fr\/wp-json\/wp\/v2\/media?parent=212"}],"wp:term":[{"taxonomy":"hf_cat_page","embeddable":true,"href":"https:\/\/www.mission-21.org\/fr\/wp-json\/wp\/v2\/hf_cat_page?post=212"}],"curies":[{"name":"wp","href":"https:\/\/api.w.org\/{rel}","templated":true}]}}