{"id":215,"date":"2022-08-17T19:57:26","date_gmt":"2022-08-17T17:57:26","guid":{"rendered":"https:\/\/www.mission-21.org\/?page_id=215"},"modified":"2023-05-23T09:55:45","modified_gmt":"2023-05-23T07:55:45","slug":"informer","status":"publish","type":"page","link":"https:\/\/www.mission-21.org\/fr\/informieren\/","title":{"rendered":"Informer"},"content":{"rendered":"<img decoding=\"async\" src=\"https:\/\/www.mission-21.org\/wp-content\/uploads\/2022\/08\/csm_header_news_d521d70e38.jpeg\" alt=\"csm header news d521d70e38\" itemprop=\"image\" height=\"688\" width=\"1680\" title=\"csm_Header_News_d521d70e38\" onerror=\"this.style.display='none'\"  \/>\n\t\t<a href=\"https:\/\/www.mission-21.org\/fr\/informer\/publications\/\" target=\"_self\" rel=\"noopener\"><\/a>\t\t\n\t<meta itemscope itemprop=\"mainEntityOfPage\" itemtype=\"https:\/\/schema.org\/WebPage\" itemid=\"https:\/\/www.mission-21.org\/informieren\/publikationen\/\" content=\"Publikationen\" \/><meta itemprop=\"datePublished\" content=\"2022-08-17\" \/><meta itemprop=\"dateModified\" content=\"2023-04-24\" \/><meta itemprop=\"name\" content=\"Mission 21\"\/><meta itemprop=\"url\" content=\"https:\/\/www.mission-21.org\/wp-content\/uploads\/2022\/08\/de-blau.svg\"\/><meta itemprop=\"url\" content=\"https:\/\/www.mission-21.org\/author\/ms_i2r4b8vl\/\" \/><meta itemprop=\"name\" content=\"Michael Salzer\" \/><meta itemprop=\"url\" content=\"https:\/\/www.mission-21.org\/wp-content\/uploads\/2022\/10\/csm_header_publikationen_8f6645740c.jpg\" \/><meta itemprop=\"width\" content=\"1680\" \/><meta itemprop=\"height\" content=\"823\" \/><meta itemprop=\"interactionType\" content=\"https:\/\/schema.org\/CommentAction\" \/><meta itemprop=\"userInteractionCount\" content=\"0\" \/>\n\t<a href='https:\/\/www.mission-21.org\/fr\/informer\/publications\/' title='Publications'><img width=\"660\" height=\"360\" src=\"https:\/\/www.mission-21.org\/wp-content\/uploads\/2022\/10\/csm_header_publikationen_8f6645740c-660x360.jpg\" alt=\"csm header publications 8f6645740c\" decoding=\"async\" itemprop=\"image\" loading=\"lazy\" \/><\/a>\n<h3><a href='https:\/\/www.mission-21.org\/fr\/informer\/publications\/' title='Publications'>Publications<\/a><\/h3>\n\t\t<a href=\"https:\/\/www.mission-21.org\/fr\/informer\/shop-materiel-et-produits\/\" target=\"_self\" rel=\"noopener\"><\/a>\t\t\n\t<meta itemscope itemprop=\"mainEntityOfPage\" itemtype=\"https:\/\/schema.org\/WebPage\" itemid=\"https:\/\/www.mission-21.org\/informieren\/shop-material-und-produkte\/\" content=\"Shop \/ Material und Produkte\" \/><meta itemprop=\"datePublished\" content=\"2022-09-21\" \/><meta itemprop=\"dateModified\" content=\"2023-03-02\" \/><meta itemprop=\"name\" content=\"Mission 21\"\/><meta itemprop=\"url\" content=\"https:\/\/www.mission-21.org\/wp-content\/uploads\/2022\/08\/de-blau.svg\"\/><meta itemprop=\"url\" content=\"https:\/\/www.mission-21.org\/author\/ms_i2r4b8vl\/\" \/><meta itemprop=\"name\" content=\"Michael Salzer\" \/><meta itemprop=\"url\" content=\"https:\/\/www.mission-21.org\/wp-content\/uploads\/2022\/09\/csm_header_shop_c48c259693.jpeg\" \/><meta itemprop=\"width\" content=\"1680\" \/><meta itemprop=\"height\" content=\"962\" \/><meta itemprop=\"interactionType\" content=\"https:\/\/schema.org\/CommentAction\" \/><meta itemprop=\"userInteractionCount\" content=\"0\" \/>\n\t<a href='https:\/\/www.mission-21.org\/fr\/informer\/shop-materiel-et-produits\/' title='Boutique \/ Mat\u00e9riel et produits'><img width=\"660\" height=\"360\" src=\"https:\/\/www.mission-21.org\/wp-content\/uploads\/2022\/09\/csm_header_shop_c48c259693-660x360.jpeg\" alt=\"csm header shop c48c259693\" decoding=\"async\" itemprop=\"image\" loading=\"lazy\" \/><\/a>\n<h3><a href='https:\/\/www.mission-21.org\/fr\/informer\/shop-materiel-et-produits\/' title='Boutique \/ Mat\u00e9riel et produits'>Boutique \/ Mat\u00e9riel et produits<\/a><\/h3>\n\t\t<a href=\"https:\/\/www.mission-21.org\/fr\/informer\/medienstelle\/\" target=\"_self\" rel=\"noopener\"><\/a>\t\t\n\t<meta itemscope itemprop=\"mainEntityOfPage\" itemtype=\"https:\/\/schema.org\/WebPage\" itemid=\"https:\/\/www.mission-21.org\/informieren\/medienstelle\/\" content=\"Medienstelle\" \/><meta itemprop=\"datePublished\" content=\"2022-08-17\" \/><meta itemprop=\"dateModified\" content=\"2022-11-17\" \/><meta itemprop=\"name\" content=\"Mission 21\"\/><meta itemprop=\"url\" content=\"https:\/\/www.mission-21.org\/wp-content\/uploads\/2022\/08\/de-blau.svg\"\/><meta itemprop=\"url\" content=\"https:\/\/www.mission-21.org\/author\/ms_i2r4b8vl\/\" \/><meta itemprop=\"name\" content=\"Michael Salzer\" \/><meta itemprop=\"url\" content=\"https:\/\/www.mission-21.org\/wp-content\/uploads\/2022\/10\/csm_header_medienstelle_9bce9da2dd.jpg\" \/><meta itemprop=\"width\" content=\"1680\" \/><meta itemprop=\"height\" content=\"785\" \/><meta itemprop=\"interactionType\" content=\"https:\/\/schema.org\/CommentAction\" \/><meta itemprop=\"userInteractionCount\" content=\"0\" \/>\n\t<a href='https:\/\/www.mission-21.org\/fr\/informer\/medienstelle\/' title='Service de presse'><img width=\"660\" height=\"360\" src=\"https:\/\/www.mission-21.org\/wp-content\/uploads\/2022\/10\/csm_header_medienstelle_9bce9da2dd-660x360.jpg\" alt=\"csm header medienstelle 9bce9da2dd\" decoding=\"async\" itemprop=\"image\" loading=\"lazy\" \/><\/a>\n<h3><a href='https:\/\/www.mission-21.org\/fr\/informer\/medienstelle\/' title='Service de presse'>Service de presse<\/a><\/h3>\n\t\t<a href=\"https:\/\/www.mission-21.org\/fr\/informer\/news\/\" target=\"_self\" rel=\"noopener\"><\/a>\t\t\n\t<meta itemscope itemprop=\"mainEntityOfPage\" itemtype=\"https:\/\/schema.org\/WebPage\" itemid=\"https:\/\/www.mission-21.org\/informieren\/news\/\" content=\"News\" \/><meta itemprop=\"datePublished\" content=\"2022-08-17\" \/><meta itemprop=\"dateModified\" content=\"2023-05-17\" \/><meta itemprop=\"name\" content=\"Mission 21\"\/><meta itemprop=\"url\" content=\"https:\/\/www.mission-21.org\/wp-content\/uploads\/2022\/08\/de-blau.svg\"\/><meta itemprop=\"url\" content=\"https:\/\/www.mission-21.org\/author\/ms_i2r4b8vl\/\" \/><meta itemprop=\"name\" content=\"Michael Salzer\" \/><meta itemprop=\"url\" content=\"https:\/\/www.mission-21.org\/wp-content\/uploads\/2022\/08\/csm_header_news_d521d70e38.jpeg\" \/><meta itemprop=\"width\" content=\"1680\" \/><meta itemprop=\"height\" content=\"688\" \/><meta itemprop=\"interactionType\" content=\"https:\/\/schema.org\/CommentAction\" \/><meta itemprop=\"userInteractionCount\" content=\"0\" \/>\n\t<a href='https:\/\/www.mission-21.org\/fr\/informer\/news\/' title='Actualit\u00e9s'><img width=\"660\" height=\"360\" src=\"https:\/\/www.mission-21.org\/wp-content\/uploads\/2022\/08\/csm_header_news_d521d70e38-660x360.jpeg\" alt=\"csm header news d521d70e38\" decoding=\"async\" itemprop=\"image\" loading=\"lazy\" \/><\/a>\n<h3><a href='https:\/\/www.mission-21.org\/fr\/informer\/news\/' title='Actualit\u00e9s'>Actualit\u00e9s<\/a><\/h3>\n\t\t<a href=\"https:\/\/www.mission-21.org\/fr\/ce-que-nous-faisons\/recherche\/bibliotheque-specialisee\/\" target=\"_self\" rel=\"noopener\"><\/a>\t\t\n\t<meta itemscope itemprop=\"mainEntityOfPage\" itemtype=\"https:\/\/schema.org\/WebPage\" itemid=\"https:\/\/www.mission-21.org\/was-wir-tun\/forschung\/fachbibliothek\/\" content=\"Fachbibliothek\" \/><meta itemprop=\"datePublished\" content=\"2022-10-14\" \/><meta itemprop=\"dateModified\" content=\"2022-11-01\" \/><meta itemprop=\"name\" content=\"Mission 21\"\/><meta itemprop=\"url\" content=\"https:\/\/www.mission-21.org\/wp-content\/uploads\/2022\/08\/de-blau.svg\"\/><meta itemprop=\"url\" content=\"https:\/\/www.mission-21.org\/author\/ms_i2r4b8vl\/\" \/><meta itemprop=\"name\" content=\"Michael Salzer\" \/><meta itemprop=\"url\" content=\"https:\/\/www.mission-21.org\/wp-content\/uploads\/2022\/10\/csm_bibliothek_header_2019_d462c21c71.jpg\" \/><meta itemprop=\"width\" content=\"1680\" \/><meta itemprop=\"height\" content=\"814\" \/><meta itemprop=\"interactionType\" content=\"https:\/\/schema.org\/CommentAction\" \/><meta itemprop=\"userInteractionCount\" content=\"0\" \/>\n\t<a href='https:\/\/www.mission-21.org\/fr\/ce-que-nous-faisons\/recherche\/bibliotheque-specialisee\/' title='Biblioth\u00e8que sp\u00e9cialis\u00e9e'><img width=\"660\" height=\"360\" src=\"https:\/\/www.mission-21.org\/wp-content\/uploads\/2022\/10\/csm_bibliothek_header_2019_d462c21c71-660x360.jpg\" alt=\"csm biblioth\u00e8que en-t\u00eate 2019 d462c21c71\" decoding=\"async\" itemprop=\"image\" loading=\"lazy\" \/><\/a>\n<h3><a href='https:\/\/www.mission-21.org\/fr\/ce-que-nous-faisons\/recherche\/bibliotheque-specialisee\/' title='Biblioth\u00e8que sp\u00e9cialis\u00e9e'>Biblioth\u00e8que sp\u00e9cialis\u00e9e<\/a><\/h3>\n\t\t<a href=\"https:\/\/www.mission-21.org\/fr\/ce-que-nous-faisons\/recherche\/archives-de-la-recherche\/\" target=\"_self\" rel=\"noopener\"><\/a>\t\t\n\t<meta itemscope itemprop=\"mainEntityOfPage\" itemtype=\"https:\/\/schema.org\/WebPage\" itemid=\"https:\/\/www.mission-21.org\/was-wir-tun\/forschung\/forschungsarchiv\/\" content=\"Forschungsarchiv\" \/><meta itemprop=\"datePublished\" content=\"2022-10-14\" \/><meta itemprop=\"dateModified\" content=\"2023-03-06\" \/><meta itemprop=\"name\" content=\"Mission 21\"\/><meta itemprop=\"url\" content=\"https:\/\/www.mission-21.org\/wp-content\/uploads\/2022\/08\/de-blau.svg\"\/><meta itemprop=\"url\" content=\"https:\/\/www.mission-21.org\/author\/ms_i2r4b8vl\/\" \/><meta itemprop=\"name\" content=\"Michael Salzer\" \/><meta itemprop=\"url\" content=\"https:\/\/www.mission-21.org\/wp-content\/uploads\/2022\/10\/csm_header_archiv_83fea4df77.jpg\" \/><meta itemprop=\"width\" content=\"1680\" \/><meta itemprop=\"height\" content=\"783\" \/><meta itemprop=\"interactionType\" content=\"https:\/\/schema.org\/CommentAction\" \/><meta itemprop=\"userInteractionCount\" content=\"0\" \/>\n\t<a href='https:\/\/www.mission-21.org\/fr\/ce-que-nous-faisons\/recherche\/archives-de-la-recherche\/' title='Archives de recherche'><img width=\"660\" height=\"360\" src=\"https:\/\/www.mission-21.org\/wp-content\/uploads\/2022\/10\/csm_header_archiv_83fea4df77-660x360.jpg\" alt=\"csm header archive 83fea4df77\" decoding=\"async\" itemprop=\"image\" loading=\"lazy\" \/><\/a>\n<h3><a href='https:\/\/www.mission-21.org\/fr\/ce-que-nous-faisons\/recherche\/archives-de-la-recherche\/' title='Archives de recherche'>Archives de recherche<\/a><\/h3>\n<h2>\n\t\tActualit\u00e9s\n\t<\/h2>\n\t\t\t\t\t\t\t\t\t\t\t\t\t\t<a href=\"https:\/\/www.mission-21.org\/fr\/justice-sociale-exige-justice-climatique\/\" target=\"_self\" title=\"La justice sociale implique la justice climatique\" rel=\"noopener\">\n\t\t\t\t<img decoding=\"async\" src=\"https:\/\/www.mission-21.org\/wp-content\/uploads\/2023\/05\/ja-klimaschutz-gesetz-18-juni-2023-900x675.png\" alt=\"oui loi sur la protection du climat 18 juin 2023\" \/>\n\t\t\t\t<\/a>\n\t\t\t\t\t\t<h4>\n\t\t\t\t<a href=\"https:\/\/www.mission-21.org\/fr\/justice-sociale-exige-justice-climatique\/\" title=\"La justice sociale implique la justice climatique\" tabindex=\"0\">La justice sociale implique la justice climatique<\/a>\t\t\t<\/h4>\n\t\t\t\t\t\t\t<h5>\n\t\t\t16 mai 2023\t\t\t\n\t\t\t\t\t\t\t<\/h5>\n\t\t\t\t\t\t\t\t\t\t\t\t\t\t<a href=\"https:\/\/www.mission-21.org\/fr\/invite-aux-archives-de-recherche-de-mission-21\/\" target=\"_self\" title=\"Invit\u00e9 aux archives de recherche de Mission 21\" rel=\"noopener\">\n\t\t\t\t<img decoding=\"async\" src=\"https:\/\/www.mission-21.org\/wp-content\/uploads\/2023\/05\/patrick_moser_bei_archivfuehrung-900x675.jpg\" alt=\"patrick moser lors de la visite des archives\" \/>\n\t\t\t\t<\/a>\n\t\t\t\t\t\t<h4>\n\t\t\t\t<a href=\"https:\/\/www.mission-21.org\/fr\/invite-aux-archives-de-recherche-de-mission-21\/\" title=\"Invit\u00e9 aux archives de recherche de Mission 21\" tabindex=\"0\">Invit\u00e9 aux archives de recherche de Mission 21<\/a>\t\t\t<\/h4>\n\t\t\t\t\t\t\t<h5>\n\t\t\t12 mai 2023\t\t\t\n\t\t\t\t\t\t\t<\/h5>\n\t\t\t\t\t\t\t\t\t\t\t\t\t\t<a href=\"https:\/\/www.mission-21.org\/fr\/aventure-theologique-en-amerique-latine\/\" target=\"_self\" title=\"Aventures th\u00e9ologiques en Am\u00e9rique latine\" rel=\"noopener\">\n\t\t\t\t<img decoding=\"async\" src=\"https:\/\/www.mission-21.org\/wp-content\/uploads\/2023\/05\/pic-rundbrief-gloor-mai-2023-900x675.jpg\" alt=\"\u00c9tudiants au Seminario Andino San Pablo \u00e0 Huancayo. Photo Daniel Gloor\" \/>\n\t\t\t\t<\/a>\n\t\t\t\t\t\t<h4>\n\t\t\t\t<a href=\"https:\/\/www.mission-21.org\/fr\/aventure-theologique-en-amerique-latine\/\" title=\"Aventures th\u00e9ologiques en Am\u00e9rique latine\" tabindex=\"0\">Aventures th\u00e9ologiques en Am\u00e9rique latine<\/a>\t\t\t<\/h4>\n\t\t\t\t\t\t\t<h5>\n\t\t\t8 mai 2023\t\t\t\n\t\t\t\t\t\t\t<\/h5>","protected":false},"excerpt":{"rendered":"<p>Publications Boutique \/ Mat\u00e9riel et produits Service des m\u00e9dias Actualit\u00e9s Biblioth\u00e8que sp\u00e9cialis\u00e9e Archives de recherche Actualit\u00e9s La justice sociale implique la justice climatique 16 mai 2023 Invit\u00e9 aux archives de recherche de Mission 21 12 mai 2023 Aventures th\u00e9ologiques en Am\u00e9rique latine 8 mai 2023<\/p>","protected":false},"author":1,"featured_media":4563,"parent":0,"menu_order":0,"comment_status":"closed","ping_status":"closed","template":"","meta":{"_acf_changed":false,"_seopress_robots_primary_cat":"","_seopress_titles_title":"","_seopress_titles_desc":"","_seopress_robots_index":"","_searchwp_excluded":"","site-sidebar-layout":"default","site-content-layout":"","ast-site-content-layout":"default","site-content-style":"default","site-sidebar-style":"default","ast-global-header-display":"","ast-banner-title-visibility":"","ast-main-header-display":"","ast-hfb-above-header-display":"","ast-hfb-below-header-display":"","ast-hfb-mobile-header-display":"","site-post-title":"","ast-breadcrumbs-content":"","ast-featured-img":"","footer-sml-layout":"","ast-disable-related-posts":"","theme-transparent-header-meta":"","adv-header-id-meta":"","stick-header-meta":"","header-above-stick-meta":"","header-main-stick-meta":"","header-below-stick-meta":"","astra-migrate-meta-layouts":"default","ast-page-background-enabled":"default","ast-page-background-meta":{"desktop":{"background-color":"var(--ast-global-color-4)","background-image":"","background-repeat":"repeat","background-position":"center center","background-size":"auto","background-attachment":"scroll","background-type":"","background-media":"","overlay-type":"","overlay-color":"","overlay-opacity":"","overlay-gradient":""},"tablet":{"background-color":"","background-image":"","background-repeat":"repeat","background-position":"center center","background-size":"auto","background-attachment":"scroll","background-type":"","background-media":"","overlay-type":"","overlay-color":"","overlay-opacity":"","overlay-gradient":""},"mobile":{"background-color":"","background-image":"","background-repeat":"repeat","background-position":"center center","background-size":"auto","background-attachment":"scroll","background-type":"","background-media":"","overlay-type":"","overlay-color":"","overlay-opacity":"","overlay-gradient":""}},"ast-content-background-meta":{"desktop":{"background-color":"var(--ast-global-color-5)","background-image":"","background-repeat":"repeat","background-position":"center center","background-size":"auto","background-attachment":"scroll","background-type":"","background-media":"","overlay-type":"","overlay-color":"","overlay-opacity":"","overlay-gradient":""},"tablet":{"background-color":"var(--ast-global-color-5)","background-image":"","background-repeat":"repeat","background-position":"center center","background-size":"auto","background-attachment":"scroll","background-type":"","background-media":"","overlay-type":"","overlay-color":"","overlay-opacity":"","overlay-gradient":""},"mobile":{"background-color":"var(--ast-global-color-5)","background-image":"","background-repeat":"repeat","background-position":"center center","background-size":"auto","background-attachment":"scroll","background-type":"","background-media":"","overlay-type":"","overlay-color":"","overlay-opacity":"","overlay-gradient":""}},"iawp_total_views":995,"footnotes":""},"hf_cat_page":[301],"class_list":["post-215","page","type-page","status-publish","has-post-thumbnail"],"acf":[],"_links":{"self":[{"href":"https:\/\/www.mission-21.org\/fr\/wp-json\/wp\/v2\/pages\/215","targetHints":{"allow":["GET"]}}],"collection":[{"href":"https:\/\/www.mission-21.org\/fr\/wp-json\/wp\/v2\/pages"}],"about":[{"href":"https:\/\/www.mission-21.org\/fr\/wp-json\/wp\/v2\/types\/page"}],"author":[{"embeddable":true,"href":"https:\/\/www.mission-21.org\/fr\/wp-json\/wp\/v2\/users\/1"}],"replies":[{"embeddable":true,"href":"https:\/\/www.mission-21.org\/fr\/wp-json\/wp\/v2\/comments?post=215"}],"version-history":[{"count":6,"href":"https:\/\/www.mission-21.org\/fr\/wp-json\/wp\/v2\/pages\/215\/revisions"}],"predecessor-version":[{"id":8805,"href":"https:\/\/www.mission-21.org\/fr\/wp-json\/wp\/v2\/pages\/215\/revisions\/8805"}],"wp:featuredmedia":[{"embeddable":true,"href":"https:\/\/www.mission-21.org\/fr\/wp-json\/wp\/v2\/media\/4563"}],"wp:attachment":[{"href":"https:\/\/www.mission-21.org\/fr\/wp-json\/wp\/v2\/media?parent=215"}],"wp:term":[{"taxonomy":"hf_cat_page","embeddable":true,"href":"https:\/\/www.mission-21.org\/fr\/wp-json\/wp\/v2\/hf_cat_page?post=215"}],"curies":[{"name":"wp","href":"https:\/\/api.w.org\/{rel}","templated":true}]}}