{"id":221,"date":"2022-08-17T19:57:52","date_gmt":"2022-08-17T17:57:52","guid":{"rendered":"https:\/\/www.mission-21.org\/?page_id=221"},"modified":"2026-03-19T11:12:55","modified_gmt":"2026-03-19T10:12:55","slug":"faire-un-don","status":"publish","type":"page","link":"https:\/\/www.mission-21.org\/fr\/spenden\/","title":{"rendered":"Dons"},"content":{"rendered":"<img decoding=\"async\" src=\"https:\/\/www.mission-21.org\/wp-content\/uploads\/2022\/08\/csm_header_news_d521d70e38.jpeg\" alt=\"csm header news d521d70e38\" itemprop=\"image\" height=\"688\" width=\"1680\" title=\"csm_Header_News_d521d70e38\" onerror=\"this.style.display='none'\" loading='lazy' \/>\n\t<!-- F\u00fcgen Sie dieses Element in Ihrem WordPress-Editor ein -->\n\n\n<h3>\n\t\t\t\u00c9conomiser des frais lors d'un don\t<\/h3>\n\t<p>Les frais de transaction varient en fonction du moyen de paiement choisi. Les paiements par e-banking avec le bulletin de versement et le code QR (voir ci-dessous) ou sur le num\u00e9ro IBAN sont gratuits.<\/p>\n<p>Vous pouvez \u00e9galement mettre en place gratuitement un pr\u00e9l\u00e8vement automatique ou un ordre permanent via votre banque.<\/p>\n<p>Des frais de transaction sont appliqu\u00e9s par les fournisseurs en ligne : TWINT 1,3%, cartes de cr\u00e9dit 1,5-2,3%, Postfinance 1,5%, Paypal 3,4%. Les versements par la poste co\u00fbtent entre 1,20 et 3,95 CHF.<\/p>\n\t\t\t<a href=\"https:\/\/www.mission-21.org\/fileadmin\/user_upload\/Spenden_mit_EZS.pdf\" title=\"\u25ba Bulletin de versement (PDF)\" target=\"_blank\" rel=\"noopener\"  role=\"button\" aria-label=\"\u25ba Bulletin de versement (PDF)\">\n\t\t\t\t\t\t\t\u25ba Bulletin de versement (PDF)\n\t\t<\/a>\n\t\t\t\t\t\t\t\t\t\t<a href=\"#\" id=\"fl-accordion--icon-0\"  tabindex=\"0\"><i>D\u00e9velopper<\/i><\/a>\n\t\t\t\t\t<a href=\"#\"  id=\"fl-accordion--label-0\" tabindex=\"0\" aria-controls=\"fl-accordion--panel-0\">Code QR<\/a>\n\t\t\t\t\t<p><img decoding=\"async\" src=\"https:\/\/www.mission-21.org\/wp-content\/uploads\/2022\/10\/qr-rechnung.jpg\" alt=\"qr facture\" width=\"500\" height=\"500\" \/><\/p>\n\t\t\t\t<img decoding=\"async\" src=\"https:\/\/www.mission-21.org\/wp-content\/uploads\/2022\/09\/csm_missionshaus_basel_profilbild_f6a735181e-1200x674.jpg\" alt=\"csm missionhaus basel photo de profil f6a735181e\" title=\"csm_Missionshaus_Basel_photo_de_profil_f6a735181e\" itemprop=\"image\"\/>\n\t\t<h3>Contact<\/h3>\t\t\t\n<p>Mission 21<br \/>Missionsstrasse 21<br \/>4055 B\u00e2le<br \/><a href=\"https:\/\/goo.gl\/maps\/ezkExEpULqu\" target=\"_blank\" rel=\"noopener\">\u25ba Afficher la carte<\/a><\/p>\n<p>T\u00e9l : +41 (0)61 260 21 20<br \/><a>\u25ba Courrier \u00e9lectronique<\/a><\/p>","protected":false},"excerpt":{"rendered":"<p>Geb\u00fchren sparen beim Spenden Je nach gew\u00e4hltem Zahlungsmittel fallen unterschiedliche Transaktionsgeb\u00fchren an. Kostenfrei sind Zahlungen per E-Banking mit dem Einzahlungsschein und QR-Code (siehe unten) oder auf die IBAN-Nummer. Sie k\u00f6nnen auch via Ihre Bank kostenfrei ein Lastschriftverfahren oder einen Dauerauftrag einrichten. Bei Online-Anbietern fallen Transaktionsgeb\u00fchren an: TWINT 1,3%, Kreditkarten 1,5-2,3%, Postfinance 1,5%, Paypal 3,4%. Einzahlungen [&hellip;]<\/p>\n","protected":false},"author":1,"featured_media":3005,"parent":0,"menu_order":0,"comment_status":"closed","ping_status":"closed","template":"","meta":{"_acf_changed":false,"_seopress_robots_primary_cat":"","_seopress_titles_title":"","_seopress_titles_desc":"","_seopress_robots_index":"","_searchwp_excluded":"","site-sidebar-layout":"default","site-content-layout":"","ast-site-content-layout":"default","site-content-style":"default","site-sidebar-style":"default","ast-global-header-display":"","ast-banner-title-visibility":"","ast-main-header-display":"","ast-hfb-above-header-display":"","ast-hfb-below-header-display":"","ast-hfb-mobile-header-display":"","site-post-title":"","ast-breadcrumbs-content":"","ast-featured-img":"","footer-sml-layout":"","ast-disable-related-posts":"","theme-transparent-header-meta":"","adv-header-id-meta":"","stick-header-meta":"","header-above-stick-meta":"","header-main-stick-meta":"","header-below-stick-meta":"","astra-migrate-meta-layouts":"set","ast-page-background-enabled":"default","ast-page-background-meta":{"desktop":{"background-color":"var(--ast-global-color-4)","background-image":"","background-repeat":"repeat","background-position":"center center","background-size":"auto","background-attachment":"scroll","background-type":"","background-media":"","overlay-type":"","overlay-color":"","overlay-opacity":"","overlay-gradient":""},"tablet":{"background-color":"","background-image":"","background-repeat":"repeat","background-position":"center center","background-size":"auto","background-attachment":"scroll","background-type":"","background-media":"","overlay-type":"","overlay-color":"","overlay-opacity":"","overlay-gradient":""},"mobile":{"background-color":"","background-image":"","background-repeat":"repeat","background-position":"center center","background-size":"auto","background-attachment":"scroll","background-type":"","background-media":"","overlay-type":"","overlay-color":"","overlay-opacity":"","overlay-gradient":""}},"ast-content-background-meta":{"desktop":{"background-color":"var(--ast-global-color-5)","background-image":"","background-repeat":"repeat","background-position":"center center","background-size":"auto","background-attachment":"scroll","background-type":"","background-media":"","overlay-type":"","overlay-color":"","overlay-opacity":"","overlay-gradient":""},"tablet":{"background-color":"var(--ast-global-color-5)","background-image":"","background-repeat":"repeat","background-position":"center center","background-size":"auto","background-attachment":"scroll","background-type":"","background-media":"","overlay-type":"","overlay-color":"","overlay-opacity":"","overlay-gradient":""},"mobile":{"background-color":"var(--ast-global-color-5)","background-image":"","background-repeat":"repeat","background-position":"center center","background-size":"auto","background-attachment":"scroll","background-type":"","background-media":"","overlay-type":"","overlay-color":"","overlay-opacity":"","overlay-gradient":""}},"iawp_total_views":6217,"footnotes":""},"hf_cat_page":[303],"class_list":["post-221","page","type-page","status-publish","has-post-thumbnail"],"acf":[],"_links":{"self":[{"href":"https:\/\/www.mission-21.org\/fr\/wp-json\/wp\/v2\/pages\/221","targetHints":{"allow":["GET"]}}],"collection":[{"href":"https:\/\/www.mission-21.org\/fr\/wp-json\/wp\/v2\/pages"}],"about":[{"href":"https:\/\/www.mission-21.org\/fr\/wp-json\/wp\/v2\/types\/page"}],"author":[{"embeddable":true,"href":"https:\/\/www.mission-21.org\/fr\/wp-json\/wp\/v2\/users\/1"}],"replies":[{"embeddable":true,"href":"https:\/\/www.mission-21.org\/fr\/wp-json\/wp\/v2\/comments?post=221"}],"version-history":[{"count":11,"href":"https:\/\/www.mission-21.org\/fr\/wp-json\/wp\/v2\/pages\/221\/revisions"}],"predecessor-version":[{"id":20015,"href":"https:\/\/www.mission-21.org\/fr\/wp-json\/wp\/v2\/pages\/221\/revisions\/20015"}],"wp:featuredmedia":[{"embeddable":true,"href":"https:\/\/www.mission-21.org\/fr\/wp-json\/wp\/v2\/media\/3005"}],"wp:attachment":[{"href":"https:\/\/www.mission-21.org\/fr\/wp-json\/wp\/v2\/media?parent=221"}],"wp:term":[{"taxonomy":"hf_cat_page","embeddable":true,"href":"https:\/\/www.mission-21.org\/fr\/wp-json\/wp\/v2\/hf_cat_page?post=221"}],"curies":[{"name":"wp","href":"https:\/\/api.w.org\/{rel}","templated":true}]}}