{"id":224,"date":"2022-08-17T19:58:17","date_gmt":"2022-08-17T17:58:17","guid":{"rendered":"https:\/\/www.mission-21.org\/?page_id=224"},"modified":"2025-12-09T16:25:12","modified_gmt":"2025-12-09T15:25:12","slug":"heritage-et-legate","status":"publish","type":"page","link":"https:\/\/www.mission-21.org\/fr\/spenden\/erbschaft-und-legate\/","title":{"rendered":"H\u00e9ritage et legs"},"content":{"rendered":"<img decoding=\"async\" src=\"https:\/\/www.mission-21.org\/wp-content\/uploads\/2022\/08\/csm_header_news_d521d70e38.jpeg\" alt=\"csm header news d521d70e38\" itemprop=\"image\" height=\"688\" width=\"1680\" title=\"csm_Header_News_d521d70e38\" onerror=\"this.style.display='none'\" loading='lazy' \/>\n\t<h2><strong>Faites un geste !<\/strong><\/h2>\n<p>Souhaitez-vous permettre aux personnes d\u00e9favoris\u00e9es dans les pays pauvres de vivre dans la dignit\u00e9 et avec de meilleures chances pour l'avenir ? Et exprimer l'importance que vous accordez \u00e0 la communaut\u00e9 de l'Eglise universelle ? Mission 21 s'engage dans 15 pays d'Afrique, d'Asie et d'Am\u00e9rique latine dans le cadre de la coop\u00e9ration internationale pour le d\u00e9veloppement durable et de l'aide humanitaire pour la promotion de la paix, l'\u00e9ducation, la sant\u00e9, la souverainet\u00e9 alimentaire et l'\u00e9galit\u00e9 des sexes.<\/p>\n<h2><strong>Ce que peut faire votre succession<\/strong><\/h2>\n<p>Il existe plusieurs fa\u00e7ons de soutenir les activit\u00e9s de Mission 21 et de ses \u00c9glises et organisations partenaires, par exemple en <a href=\"https:\/\/www.mission-21.org\/fr\/faire-un-don\/don-au-evenement\/\">un don en cas de d\u00e9c\u00e8s, d'anniversaire ou de mariage<\/a> ou par des dons en nature tels que des titres ou des biens immobiliers. Avec un legs ou un h\u00e9ritage, vous assurez notre travail de projet \u00e0 long terme et de mani\u00e8re durable. Vous pouvez ainsi faire le bien bien au-del\u00e0 de votre temps. Un legs permet par exemple ce qui suit :<\/p>\n\t\t\t <p>Une jeune fille re\u00e7oit enfin une \u00e9ducation. En effet, de nouvelles \u00e9coles sont en cours de construction.<\/p>\t\t\n\t\t\t <p>En Bolivie, un paysan est form\u00e9 \u00e0 l'agriculture durable et assure ainsi la survie de sa famille.<\/p>\t\t\n\t\t\t <p>En Malaisie, des th\u00e9ologiens sont form\u00e9s au dialogue interreligieux et interethnique et agissent comme artisans de la paix.<\/p>\t\t\n\t<h2>Des histoires \u00e9mouvantes<\/h2>\n<p>Lorsque des personnes font un legs \u00e0 Mission 21, c'est une preuve de confiance importante. Cela montre un engagement humain profond qui nous permet de soutenir des personnes en Afrique, en Asie et en Am\u00e9rique latine.<\/p>\n<p>Il arrive que des membres de la famille ou des amis nous donnent un aper\u00e7u de la vie de ceux qui ont tant appr\u00e9ci\u00e9 notre travail. En reconnaissance de leur contribution, nous souhaitons rendre hommage \u00e0 leur m\u00e9moire et \u00e0 celle de leurs proches. Bien entendu, nous respectons leur souhait d'anonymat et ne publions que les informations obtenues apr\u00e8s consultation et qui sont dans l'int\u00e9r\u00eat de la personne d\u00e9c\u00e9d\u00e9e ou de ses proches.<\/p>\n\t<h4>En m\u00e9moire de Lisa Meyer<\/h4>\n<p>Lisa Meyer, n\u00e9e en 1936 \u00e0 Grindelwald, a travaill\u00e9 pendant plus de 13 ans comme infirmi\u00e8re pour la Mission de B\u00e2le en Afrique. Elle ne s'est pas seulement engag\u00e9e dans la salle d'op\u00e9ration, mais a \u00e9galement fourni un travail exceptionnel dans un service de l\u00e8pre, o\u00f9 elle a trait\u00e9 d'innombrables patients et lutt\u00e9 contre la stigmatisation de la maladie.<\/p>\n<p>Apr\u00e8s son retour en Suisse, elle est rest\u00e9e tr\u00e8s proche de Mission 21, a assist\u00e9 \u00e0 des journ\u00e9es d'anciens \u00e9l\u00e8ves et a soutenu nos projets par des dons. Elle est d\u00e9c\u00e9d\u00e9e \u00e0 l'\u00e2ge de 88 ans, mais son h\u00e9ritage perdure : elle a g\u00e9n\u00e9reusement pris soin de Mission 21 dans son testament.<\/p>\n<p>C'est avec gratitude pour sa profonde confiance et sa longue fid\u00e9lit\u00e9 que nous nous souvenons de Lisa Meyer, dont l'engagement pour les autres se poursuit au-del\u00e0 de la mort.<\/p>\n\t\t\t\t<img decoding=\"async\" src=\"https:\/\/www.mission-21.org\/wp-content\/uploads\/2024\/12\/meyer-liseli_1965-002-1.jpg\" alt=\"meyer liseli 1965 ( 002 )\" itemprop=\"image\" height=\"733\" width=\"643\" title=\"Meyer Liseli_1965 ( 002 )\" onerror=\"this.style.display='none'\" loading='lazy' \/>\n\t<h4>En m\u00e9moire de Ruth Kunz<\/h4>\n<p>Ruth Kunz, n\u00e9e en 1931 \u00e0 Wetzikon, a soutenu Mission 21 avec un grand engagement pendant pr\u00e8s de 20 ans. Son aide pr\u00e9cieuse a contribu\u00e9 de mani\u00e8re d\u00e9cisive \u00e0 nos projets et a atteint de nombreuses personnes dans le besoin.<\/p>\n<p>Ruth Kunz, reconnaissante de sa g\u00e9n\u00e9rosit\u00e9, a gratifi\u00e9 Mission 21 dans son testament. Son h\u00e9ritage continue \u00e0 vivre dans nos c\u0153urs et nous permet de poursuivre notre important travail.<\/p>\n<p>Nous la remercions chaleureusement pour sa confiance et sa fid\u00e9lit\u00e9 de longue date. L'engagement de Ruth Kunz continuera \u00e0 faire une diff\u00e9rence significative dans la vie de nombreuses personnes, m\u00eame apr\u00e8s sa mort.<\/p>\n\t<h2><strong>Consignez vos derni\u00e8res volont\u00e9s !<\/strong><\/h2>\n<p>Il est important que vous d\u00e9terminiez \u00e0 temps ce qu'il adviendra de votre succession apr\u00e8s votre d\u00e9c\u00e8s. Nos publications \"Transmettre - continuer \u00e0 agir : Votre h\u00e9ritage pour l'avenir\" et \"Mes derni\u00e8res volont\u00e9s\" vous aideront \u00e0 planifier.<\/p>\n<p>La brochure <strong>\"Transmettre - continuer \u00e0 agir : Votre h\u00e9ritage pour l'avenir\".<\/strong> donne un aper\u00e7u de la situation actuelle et future en mati\u00e8re de droit successoral et montre des exemples de ce \u00e0 quoi peut ressembler un testament. <strong>\"<\/strong><strong>Mes derni\u00e8res volont\u00e9s\"<\/strong> propose une check-list pour les proches sur ce dont il faut tenir compte et ce qu'il faut faire apr\u00e8s un d\u00e9c\u00e8s. Les deux publications peuvent \u00eatre command\u00e9es gratuitement aupr\u00e8s de Mission 21 ou t\u00e9l\u00e9charg\u00e9es en format PDF :<\/p>\n\t\t<ul>\n<li>\n\t\t<a href=\"https:\/\/www.mission-21.org\/fr\/boutique\/produit\/legatebrochure-mon-memoire-de-lavenir\/\"><img width=\"300\" height=\"426\" src=\"https:\/\/www.mission-21.org\/wp-content\/uploads\/2022\/09\/titelbild_legatebroschuere_2025-300x426.png\" alt=\"brochure &quot;mes derni\u00e8res volont\u00e9s&quot;\" decoding=\"async\" srcset=\"https:\/\/www.mission-21.org\/wp-content\/uploads\/2022\/09\/titelbild_legatebroschuere_2025-300x426.png 300w, https:\/\/www.mission-21.org\/wp-content\/uploads\/2022\/09\/titelbild_legatebroschuere_2025-8x12.png 8w, https:\/\/www.mission-21.org\/wp-content\/uploads\/2022\/09\/titelbild_legatebroschuere_2025.png 477w\" sizes=\"(max-width: 300px) 100vw, 300px\" \/><\/a><a href=\"https:\/\/www.mission-21.org\/fr\/boutique\/produit\/legatebrochure-mon-memoire-de-lavenir\/\" data-product_id=\"2726\">Choisir la version<\/a><a href=\"https:\/\/www.mission-21.org\/fr\/boutique\/produit\/legatebrochure-mon-memoire-de-lavenir\/\"><h2>Brochure \"Votre h\u00e9ritage pour l'avenir<\/h2><\/a>\t\n<\/li>\n<li>\n\t\t<a href=\"https:\/\/www.mission-21.org\/fr\/boutique\/produit\/brochure-mon-dernier-voeu\/\"><img width=\"300\" height=\"423\" src=\"https:\/\/www.mission-21.org\/wp-content\/uploads\/2022\/09\/titelbild_meine-letzten-wuensche_2025-300x423.png\" alt=\"brochure &quot;mes derni\u00e8res volont\u00e9s&quot;\" decoding=\"async\" srcset=\"https:\/\/www.mission-21.org\/wp-content\/uploads\/2022\/09\/titelbild_meine-letzten-wuensche_2025-300x423.png 300w, https:\/\/www.mission-21.org\/wp-content\/uploads\/2022\/09\/titelbild_meine-letzten-wuensche_2025-9x12.png 9w, https:\/\/www.mission-21.org\/wp-content\/uploads\/2022\/09\/titelbild_meine-letzten-wuensche_2025.png 482w\" sizes=\"(max-width: 300px) 100vw, 300px\" \/><\/a><a href=\"https:\/\/www.mission-21.org\/fr\/boutique\/produit\/brochure-mon-dernier-voeu\/\" data-product_id=\"2728\">Choisir la version<\/a><a href=\"https:\/\/www.mission-21.org\/fr\/boutique\/produit\/brochure-mon-dernier-voeu\/\"><h2>Brochure \"Mes derni\u00e8res volont\u00e9s<\/h2><\/a>\t\n<\/li>\n<\/ul>\n\t\t<!--\n\t\t-->\n\t\t\t\t\t\t<a href=\"#\" id=\"uabb-quick-view-close\"><\/a>\n\t\t<a href=\"https:\/\/www.mission-21.org\/fr\/equipe\/stefanie-schaad-2\/\" title=\"Afficher le contenu du panneau d&#039;affichage\" target=\"_self\"  aria-label=\"\u00c9l\u00e9ment de courrier\"><\/a>\t\t\n\t<meta itemscope itemprop=\"mainEntityOfPage\" itemtype=\"https:\/\/schema.org\/WebPage\" itemid=\"https:\/\/www.mission-21.org\/team\/stefanie-schaad\/\" content=\"Stefanie Schaad\" \/><meta itemprop=\"datePublished\" content=\"2024-06-20\" \/><meta itemprop=\"dateModified\" content=\"2024-06-27\" \/><meta itemprop=\"name\" content=\"Mission 21\"\/><meta itemprop=\"url\" content=\"https:\/\/www.mission-21.org\/wp-content\/uploads\/2022\/08\/de-blau.svg\"\/><meta itemprop=\"url\" content=\"https:\/\/www.mission-21.org\/author\/ms_i2r4b8vl\/\" \/><meta itemprop=\"name\" content=\"Michael Salzer\" \/><meta itemprop=\"url\" content=\"https:\/\/www.mission-21.org\/wp-content\/uploads\/2024\/06\/stefanie_schaad-1.png\" \/><meta itemprop=\"width\" content=\"654\" \/><meta itemprop=\"height\" content=\"787\" \/><meta itemprop=\"interactionType\" content=\"https:\/\/schema.org\/CommentAction\" \/><meta itemprop=\"userInteractionCount\" content=\"0\" \/>\n\t<img width=\"654\" height=\"787\" src=\"https:\/\/www.mission-21.org\/wp-content\/uploads\/2024\/06\/stefanie_schaad-1.png\" alt=\"stefanie schaad\" itemprop=\"image\" decoding=\"async\" srcset=\"https:\/\/www.mission-21.org\/wp-content\/uploads\/2024\/06\/stefanie_schaad-1.png 654w, https:\/\/www.mission-21.org\/wp-content\/uploads\/2024\/06\/stefanie_schaad-1-10x12.png 10w, https:\/\/www.mission-21.org\/wp-content\/uploads\/2024\/06\/stefanie_schaad-1-300x361.png 300w, https:\/\/www.mission-21.org\/wp-content\/uploads\/2024\/06\/stefanie_schaad-1-600x722.png 600w\" sizes=\"(max-width: 654px) 100vw, 654px\" \/>\n<h3>Stefanie Schaad<\/h3>\n<p>H\u00e9ritages et legs responsables<\/p>\n<p>41 (0)61 260 22 28<\/p>\n<p><a href=\"mailto:stefanie.schaad@mission-21.org\">\u25ba Courrier \u00e9lectronique<\/a><\/p>","protected":false},"excerpt":{"rendered":"<p>Setzen Sie ein Zeichen! M\u00f6chten Sie benachteiligten Menschen in \u00e4rmeren L\u00e4ndern ein Leben in W\u00fcrde und mit besseren Chancen f\u00fcr die Zukunft erm\u00f6glichen? Und zum Ausdruck bringen, dass Ihnen die Gemeinschaft der weltweiten Kirche ein wichtiges Anliegen ist? Mission 21 engagiert sich in 15 L\u00e4ndern in Afrika, Asien und Lateinamerika im Rahmen von internationaler Zusammenarbeit [&hellip;]<\/p>\n","protected":false},"author":1,"featured_media":3025,"parent":221,"menu_order":0,"comment_status":"closed","ping_status":"closed","template":"","meta":{"_acf_changed":false,"_seopress_robots_primary_cat":"","_seopress_titles_title":"","_seopress_titles_desc":"","_seopress_robots_index":"","_searchwp_excluded":"","site-sidebar-layout":"default","site-content-layout":"","ast-site-content-layout":"default","site-content-style":"default","site-sidebar-style":"default","ast-global-header-display":"","ast-banner-title-visibility":"","ast-main-header-display":"","ast-hfb-above-header-display":"","ast-hfb-below-header-display":"","ast-hfb-mobile-header-display":"","site-post-title":"","ast-breadcrumbs-content":"","ast-featured-img":"","footer-sml-layout":"","ast-disable-related-posts":"","theme-transparent-header-meta":"","adv-header-id-meta":"","stick-header-meta":"","header-above-stick-meta":"","header-main-stick-meta":"","header-below-stick-meta":"","astra-migrate-meta-layouts":"set","ast-page-background-enabled":"default","ast-page-background-meta":{"desktop":{"background-color":"var(--ast-global-color-4)","background-image":"","background-repeat":"repeat","background-position":"center center","background-size":"auto","background-attachment":"scroll","background-type":"","background-media":"","overlay-type":"","overlay-color":"","overlay-opacity":"","overlay-gradient":""},"tablet":{"background-color":"","background-image":"","background-repeat":"repeat","background-position":"center center","background-size":"auto","background-attachment":"scroll","background-type":"","background-media":"","overlay-type":"","overlay-color":"","overlay-opacity":"","overlay-gradient":""},"mobile":{"background-color":"","background-image":"","background-repeat":"repeat","background-position":"center center","background-size":"auto","background-attachment":"scroll","background-type":"","background-media":"","overlay-type":"","overlay-color":"","overlay-opacity":"","overlay-gradient":""}},"ast-content-background-meta":{"desktop":{"background-color":"var(--ast-global-color-5)","background-image":"","background-repeat":"repeat","background-position":"center center","background-size":"auto","background-attachment":"scroll","background-type":"","background-media":"","overlay-type":"","overlay-color":"","overlay-opacity":"","overlay-gradient":""},"tablet":{"background-color":"var(--ast-global-color-5)","background-image":"","background-repeat":"repeat","background-position":"center center","background-size":"auto","background-attachment":"scroll","background-type":"","background-media":"","overlay-type":"","overlay-color":"","overlay-opacity":"","overlay-gradient":""},"mobile":{"background-color":"var(--ast-global-color-5)","background-image":"","background-repeat":"repeat","background-position":"center center","background-size":"auto","background-attachment":"scroll","background-type":"","background-media":"","overlay-type":"","overlay-color":"","overlay-opacity":"","overlay-gradient":""}},"iawp_total_views":404,"footnotes":""},"hf_cat_page":[303],"class_list":["post-224","page","type-page","status-publish","has-post-thumbnail"],"acf":[],"_links":{"self":[{"href":"https:\/\/www.mission-21.org\/fr\/wp-json\/wp\/v2\/pages\/224","targetHints":{"allow":["GET"]}}],"collection":[{"href":"https:\/\/www.mission-21.org\/fr\/wp-json\/wp\/v2\/pages"}],"about":[{"href":"https:\/\/www.mission-21.org\/fr\/wp-json\/wp\/v2\/types\/page"}],"author":[{"embeddable":true,"href":"https:\/\/www.mission-21.org\/fr\/wp-json\/wp\/v2\/users\/1"}],"replies":[{"embeddable":true,"href":"https:\/\/www.mission-21.org\/fr\/wp-json\/wp\/v2\/comments?post=224"}],"version-history":[{"count":11,"href":"https:\/\/www.mission-21.org\/fr\/wp-json\/wp\/v2\/pages\/224\/revisions"}],"predecessor-version":[{"id":19312,"href":"https:\/\/www.mission-21.org\/fr\/wp-json\/wp\/v2\/pages\/224\/revisions\/19312"}],"up":[{"embeddable":true,"href":"https:\/\/www.mission-21.org\/fr\/wp-json\/wp\/v2\/pages\/221"}],"wp:featuredmedia":[{"embeddable":true,"href":"https:\/\/www.mission-21.org\/fr\/wp-json\/wp\/v2\/media\/3025"}],"wp:attachment":[{"href":"https:\/\/www.mission-21.org\/fr\/wp-json\/wp\/v2\/media?parent=224"}],"wp:term":[{"taxonomy":"hf_cat_page","embeddable":true,"href":"https:\/\/www.mission-21.org\/fr\/wp-json\/wp\/v2\/hf_cat_page?post=224"}],"curies":[{"name":"wp","href":"https:\/\/api.w.org\/{rel}","templated":true}]}}