{"id":2967,"date":"2022-09-26T14:59:00","date_gmt":"2022-09-26T12:59:00","guid":{"rendered":"https:\/\/www.mission-21.org\/?page_id=2967"},"modified":"2025-08-11T11:45:29","modified_gmt":"2025-08-11T09:45:29","slug":"mentions-legales","status":"publish","type":"page","link":"https:\/\/www.mission-21.org\/fr\/impressum\/","title":{"rendered":"Mentions l\u00e9gales"},"content":{"rendered":"<img decoding=\"async\" src=\"https:\/\/www.mission-21.org\/wp-content\/uploads\/2022\/08\/csm_header_news_d521d70e38.jpeg\" alt=\"csm header news d521d70e38\" itemprop=\"image\" height=\"688\" width=\"1680\" title=\"csm_Header_News_d521d70e38\" onerror=\"this.style.display='none'\" loading='lazy' \/>\n\t<h1>Mentions l\u00e9gales<\/h1>\n<h3>\u00c9diteur<\/h3>\n\t<strong>Mission 21<\/strong><br \/>\nMission Protestante B\u00e2le<br \/>\nMissionsstrasse 21<br \/>\n4009 B\u00e2le, Suisse<br \/>\nT\u00e9l : +41 (0)61 260 21 20<br \/>\n<a title=\"Info Mission 21\" href=\"mailto:info@mission-21.org\" data-cke-saved-href=\"mailto:info@mission-21.org\">\u25ba Courrier \u00e9lectronique<\/a>\n\t<strong>Direction de la communication et du marketing, membre de la direction<\/strong><br \/>\n<a title=\"Dario Br\u00fchlmann\" href=\"mailto:gaby.ullrich@mission-21.org\" data-cke-saved-href=\"mailto:gaby.ullrich@mission-21.org\">Gaby Ullrich<\/a>\n<strong>Contact \u00e9quipe web<\/strong><br \/>\n<a title=\"webmaster\" href=\"mailto:webmaster@mission-21.org\" data-cke-saved-href=\"mailto:webmaster@mission-21.org\">\u25ba Courrier \u00e9lectronique<\/a>\n<strong>Service web<\/strong><br \/>\nflink think GmbH, Hohenrainstrasse 26c, 4133 Pratteln\n<h3>Responsabilit\u00e9 et droits d'utilisation<\/h3>\n<p>Le contenu de ce site Internet est \u00e9labor\u00e9 par Mission 21 en toute bonne foi. Toutefois, Mission 21 d\u00e9cline toute responsabilit\u00e9 en cas de d\u00e9fauts ou de dommages r\u00e9sultant de l'utilisation de ce site. Les remarques concernant les erreurs sont les bienvenues.<\/p>\n<p><a title=\"Webmaster\" href=\"mailto:webmaster@mission-21.org\" data-cke-saved-href=\"mailto:webmaster@mission-21.org\">\u25ba Courrier \u00e9lectronique<\/a><\/p>\n<p>Sauf indication contraire, les droits d'auteur et d'utilisation de tous les contenus de ce site web appartiennent \u00e0 Mission 21. Ils peuvent toutefois \u00eatre utilis\u00e9s par des tiers dans le cadre des conditions d'utilisation.<\/p>","protected":false},"excerpt":{"rendered":"<p>Impressum Herausgeberin Mission 21 Evangelisches Missionswerk Basel Missionsstrasse 21 4009 Basel, Schweiz Tel: +41 (0)61 260 21 20 \u25ba E-Mail Leitung Kommunikation und Marketing, Mitglied der Gesch\u00e4ftsleitung Gaby Ullrich Kontakt Webteam \u25ba E-Mail Webdienstleistung flink think GmbH, Hohenrainstrasse 26c, 4133 Pratteln Haftung und Nutzungsrechte Die Inhalte dieser Website erstellt Mission 21 nach bestem Wissen und [&hellip;]<\/p>\n","protected":false},"author":1,"featured_media":2969,"parent":0,"menu_order":0,"comment_status":"closed","ping_status":"closed","template":"","meta":{"_acf_changed":false,"_seopress_robots_primary_cat":"","_seopress_titles_title":"","_seopress_titles_desc":"","_seopress_robots_index":"","_searchwp_excluded":"","site-sidebar-layout":"default","site-content-layout":"","ast-site-content-layout":"default","site-content-style":"default","site-sidebar-style":"default","ast-global-header-display":"","ast-banner-title-visibility":"","ast-main-header-display":"","ast-hfb-above-header-display":"","ast-hfb-below-header-display":"","ast-hfb-mobile-header-display":"","site-post-title":"","ast-breadcrumbs-content":"","ast-featured-img":"","footer-sml-layout":"","ast-disable-related-posts":"","theme-transparent-header-meta":"","adv-header-id-meta":"","stick-header-meta":"","header-above-stick-meta":"","header-main-stick-meta":"","header-below-stick-meta":"","astra-migrate-meta-layouts":"default","ast-page-background-enabled":"default","ast-page-background-meta":{"desktop":{"background-color":"var(--ast-global-color-4)","background-image":"","background-repeat":"repeat","background-position":"center center","background-size":"auto","background-attachment":"scroll","background-type":"","background-media":"","overlay-type":"","overlay-color":"","overlay-opacity":"","overlay-gradient":""},"tablet":{"background-color":"","background-image":"","background-repeat":"repeat","background-position":"center center","background-size":"auto","background-attachment":"scroll","background-type":"","background-media":"","overlay-type":"","overlay-color":"","overlay-opacity":"","overlay-gradient":""},"mobile":{"background-color":"","background-image":"","background-repeat":"repeat","background-position":"center center","background-size":"auto","background-attachment":"scroll","background-type":"","background-media":"","overlay-type":"","overlay-color":"","overlay-opacity":"","overlay-gradient":""}},"ast-content-background-meta":{"desktop":{"background-color":"var(--ast-global-color-5)","background-image":"","background-repeat":"repeat","background-position":"center center","background-size":"auto","background-attachment":"scroll","background-type":"","background-media":"","overlay-type":"","overlay-color":"","overlay-opacity":"","overlay-gradient":""},"tablet":{"background-color":"var(--ast-global-color-5)","background-image":"","background-repeat":"repeat","background-position":"center center","background-size":"auto","background-attachment":"scroll","background-type":"","background-media":"","overlay-type":"","overlay-color":"","overlay-opacity":"","overlay-gradient":""},"mobile":{"background-color":"var(--ast-global-color-5)","background-image":"","background-repeat":"repeat","background-position":"center center","background-size":"auto","background-attachment":"scroll","background-type":"","background-media":"","overlay-type":"","overlay-color":"","overlay-opacity":"","overlay-gradient":""}},"iawp_total_views":348,"footnotes":""},"hf_cat_page":[304],"class_list":["post-2967","page","type-page","status-publish","has-post-thumbnail"],"acf":[],"_links":{"self":[{"href":"https:\/\/www.mission-21.org\/fr\/wp-json\/wp\/v2\/pages\/2967","targetHints":{"allow":["GET"]}}],"collection":[{"href":"https:\/\/www.mission-21.org\/fr\/wp-json\/wp\/v2\/pages"}],"about":[{"href":"https:\/\/www.mission-21.org\/fr\/wp-json\/wp\/v2\/types\/page"}],"author":[{"embeddable":true,"href":"https:\/\/www.mission-21.org\/fr\/wp-json\/wp\/v2\/users\/1"}],"replies":[{"embeddable":true,"href":"https:\/\/www.mission-21.org\/fr\/wp-json\/wp\/v2\/comments?post=2967"}],"version-history":[{"count":11,"href":"https:\/\/www.mission-21.org\/fr\/wp-json\/wp\/v2\/pages\/2967\/revisions"}],"predecessor-version":[{"id":17919,"href":"https:\/\/www.mission-21.org\/fr\/wp-json\/wp\/v2\/pages\/2967\/revisions\/17919"}],"wp:featuredmedia":[{"embeddable":true,"href":"https:\/\/www.mission-21.org\/fr\/wp-json\/wp\/v2\/media\/2969"}],"wp:attachment":[{"href":"https:\/\/www.mission-21.org\/fr\/wp-json\/wp\/v2\/media?parent=2967"}],"wp:term":[{"taxonomy":"hf_cat_page","embeddable":true,"href":"https:\/\/www.mission-21.org\/fr\/wp-json\/wp\/v2\/hf_cat_page?post=2967"}],"curies":[{"name":"wp","href":"https:\/\/api.w.org\/{rel}","templated":true}]}}