{"id":3028,"date":"2022-09-27T09:10:12","date_gmt":"2022-09-27T07:10:12","guid":{"rendered":"https:\/\/www.mission-21.org\/?page_id=3028"},"modified":"2022-09-27T09:10:56","modified_gmt":"2022-09-27T07:10:56","slug":"plan-du-site","status":"publish","type":"page","link":"https:\/\/www.mission-21.org\/fr\/sitemap\/","title":{"rendered":"Plan du site"},"content":{"rendered":"<h1>Plan du site<\/h1>\t\t\t\n\t\t\t\t<div class=\"wrap-html-sitemap sp-html-sitemap\"><div class=\"sp-wrap-cpt\"><h2 class=\"sp-cpt-name\">Pages<\/h2><ul class=\"sp-list-posts sp-cpt-hierarchical\"><li class=\"page_item page-item-9217 menu-item\"><a href=\"https:\/\/www.mission-21.org\/fr\/internationales-forum-23\/\" class=\"menu-link\">Forum international<\/a><\/li><li class=\"page_item page-item-5126 menu-item\"><a href=\"https:\/\/www.mission-21.org\/fr\/lichtblick-danke\/\" class=\"menu-link\">Lueur d'espoir Merci<\/a><\/li><li class=\"page_item page-item-6151 menu-item\"><a href=\"https:\/\/www.mission-21.org\/fr\/spenden-fur-ernahrungssouveranitat-in-der-dr-kongo\/\" class=\"menu-link\">Dons pour la souverainet\u00e9 alimentaire en RDC<\/a><\/li><li class=\"page_item page-item-19727 menu-item\"><a href=\"https:\/\/www.mission-21.org\/fr\/sprachleitfaden\/\" class=\"menu-link\">Guide linguistique<\/a><\/li><li class=\"page_item page-item-18707 menu-item\"><a href=\"https:\/\/www.mission-21.org\/fr\/spenden-copy-2\/\" class=\"menu-link\">TDons<\/a><\/li><li class=\"page_item page-item-19746 menu-item\"><a href=\"https:\/\/www.mission-21.org\/fr\/fasten-mehr-als-verzicht\/\" class=\"menu-link\">Le je\u00fbne - plus qu'un simple renoncement<\/a><\/li><li class=\"page_item page-item-17966 menu-item\"><a href=\"https:\/\/www.mission-21.org\/fr\/lichtblick\/\" class=\"menu-link\">Lueur d'espoir 2026<\/a><\/li><li class=\"page_item page-item-7215 menu-item\"><a href=\"https:\/\/www.mission-21.org\/fr\/jugendbotschaftsprogramm\/\" class=\"menu-link\">Programme d'ambassade de la jeunesse<\/a><\/li><li class=\"page_item page-item-9789 menu-item\"><a href=\"https:\/\/www.mission-21.org\/fr\/gewaltfreies-leben-fuer-frauen-und-kinder\/\" class=\"menu-link\">Vivre sans violence pour les femmes et les enfants<\/a><\/li><li class=\"page_item page-item-5954 menu-item\"><a href=\"https:\/\/www.mission-21.org\/fr\/anmeldung-newsletter\/\" class=\"menu-link\">Inscription \u00e0 la newsletter<\/a><\/li><li class=\"page_item page-item-4678 menu-item\"><a href=\"https:\/\/www.mission-21.org\/fr\/spenden-afrika\/\" class=\"menu-link\">Dons pour l'Afrique<\/a><\/li><li class=\"page_item page-item-4683 menu-item\"><a href=\"https:\/\/www.mission-21.org\/fr\/spenden-lateinamerika\/\" class=\"menu-link\">Dons pour l'Am\u00e9rique latine<\/a><\/li><li class=\"page_item page-item-4686 menu-item\"><a href=\"https:\/\/www.mission-21.org\/fr\/spenden-asien\/\" class=\"menu-link\">Dons pour l'Asie<\/a><\/li><li class=\"page_item page-item-352 menu-item\"><a href=\"https:\/\/www.mission-21.org\/fr\/\" class=\"menu-link\">Page d'accueil<\/a><\/li><li class=\"page_item page-item-16756 menu-item\"><a href=\"https:\/\/www.mission-21.org\/fr\/kampagne-2025\/\" class=\"menu-link\">Campagne 2025<\/a><\/li><li class=\"page_item page-item-19063 menu-item\"><a href=\"https:\/\/www.mission-21.org\/fr\/internationales-forum-2025-rueckblick\/\" class=\"menu-link\">Forum international 2025 R\u00e9trospective<\/a><\/li><li class=\"page_item page-item-13451 menu-item\"><a href=\"https:\/\/www.mission-21.org\/fr\/abmeldung\/\" class=\"menu-link\">D\u00e9sinscription<\/a><\/li><li class=\"page_item page-item-20107 menu-item\"><a href=\"https:\/\/www.mission-21.org\/fr\/kampagne-2026\/\" class=\"menu-link\">Campagne 2026<\/a><ul class='children'><li class=\"page_item page-item-20048 menu-item\"><a href=\"https:\/\/www.mission-21.org\/fr\/kampagne-2026\/gemeinsam-gegen-gewalt\/\" class=\"menu-link\">Ensemble contre la violence - Campagne 2026<\/a><\/li><li class=\"page_item page-item-20058 menu-item\"><a href=\"https:\/\/www.mission-21.org\/fr\/kampagne-2026\/taty-p-suandi-und-cliff-edward-kasakeyan-zwei-stimmen-gegen-das-schweigen\/\" class=\"menu-link\">taty p suandi et cliff edward kasakeyan deux voix contre le silence<\/a><\/li><li class=\"page_item page-item-20083 menu-item\"><a href=\"https:\/\/www.mission-21.org\/fr\/kampagne-2026\/zuverlaessige-unterstuetzung-in-instabilen-zeiten\/\" class=\"menu-link\">Un soutien fiable en p\u00e9riode d'instabilit\u00e9<\/a><\/li><li class=\"page_item page-item-20099 menu-item\"><a href=\"https:\/\/www.mission-21.org\/fr\/kampagne-2026\/impulse-fuer-die-praxis\/\" class=\"menu-link\">Impulsions pour la pratique<\/a><\/li><\/ul><\/li><li class=\"page_item page-item-2962 menu-item\"><a href=\"https:\/\/www.mission-21.org\/fr\/datenschutz\/\" class=\"menu-link\">D\u00e9claration de confidentialit\u00e9<\/a><\/li><li class=\"page_item page-item-2967 menu-item\"><a href=\"https:\/\/www.mission-21.org\/fr\/impressum\/\" class=\"menu-link\">Mentions l\u00e9gales<\/a><\/li><li class=\"page_item page-item-2972 menu-item\"><a href=\"https:\/\/www.mission-21.org\/fr\/faqs\/\" class=\"menu-link\">Foire aux questions - FAQs<\/a><\/li><li class=\"page_item page-item-18332 menu-item\"><a href=\"https:\/\/www.mission-21.org\/fr\/kampagne-2025-nigeria\/\" class=\"menu-link\">Campagne 2025 : Nigeria<\/a><\/li><li class=\"page_item page-item-14501 menu-item\"><a href=\"https:\/\/www.mission-21.org\/fr\/internationales-forum-2024-dossier\/\" class=\"menu-link\">Dossier du Forum international 2024<\/a><\/li><li class=\"page_item page-item-2987 menu-item\"><a href=\"https:\/\/www.mission-21.org\/fr\/agbs\/\" class=\"menu-link\">Conditions g\u00e9n\u00e9rales de vente (CGV)<\/a><\/li><li class=\"page_item page-item-4016 menu-item\"><a href=\"https:\/\/www.mission-21.org\/fr\/downloads\/\" class=\"menu-link\">T\u00e9l\u00e9chargements<\/a><\/li><li class=\"page_item page-item-18352 menu-item\"><a href=\"https:\/\/www.mission-21.org\/fr\/kampagne-2025-sudsudan\/\" class=\"menu-link\">Campagne 2025 : Sud-Soudan<\/a><\/li><li class=\"page_item page-item-19633 menu-item\"><a href=\"https:\/\/www.mission-21.org\/fr\/umfrage-zum-begegnen\/\" class=\"menu-link\">Sondage sur la rencontre<\/a><\/li><li class=\"page_item page-item-13749 menu-item\"><a href=\"https:\/\/www.mission-21.org\/fr\/internationales-forum-2024\/\" class=\"menu-link\">Forum international 2024 Aper\u00e7u<\/a><\/li><li class=\"page_item page-item-18359 menu-item\"><a href=\"https:\/\/www.mission-21.org\/fr\/kampagne-2025-indonesien\/\" class=\"menu-link\">Campagne 2025 : Indon\u00e9sie<\/a><\/li><li class=\"page_item page-item-13755 menu-item\"><a href=\"https:\/\/www.mission-21.org\/fr\/vorschau-kampagne-2025\/\" class=\"menu-link\">Aper\u00e7u de la campagne 2025<\/a><\/li><li class=\"page_item page-item-17855 menu-item\"><a href=\"https:\/\/www.mission-21.org\/fr\/vorschau-kampagne-2026\/\" class=\"menu-link\">Aper\u00e7u de la campagne 2026<\/a><\/li><li class=\"page_item page-item-10442 menu-item\"><a href=\"https:\/\/www.mission-21.org\/fr\/spenden-kampagne-2023\/\" class=\"menu-link\">Dons Souverainet\u00e9 alimentaire au Nigeria<\/a><\/li><li class=\"page_item page-item-205 menu-item\"><a href=\"https:\/\/www.mission-21.org\/fr\/was-wir-tun\/\" class=\"menu-link\">Ce que nous faisons<\/a><ul class='children'><li class=\"page_item page-item-2604 menu-item\"><a href=\"https:\/\/www.mission-21.org\/fr\/was-wir-tun\/partner\/\" class=\"menu-link\">Partenaire<\/a><\/li><li class=\"page_item page-item-14636 menu-item\"><a href=\"https:\/\/www.mission-21.org\/fr\/was-wir-tun\/bildungsveranstaltungen\/\" class=\"menu-link\">Manifestations \u00e9ducatives<\/a><\/li><li class=\"page_item page-item-20018 menu-item\"><a href=\"https:\/\/www.mission-21.org\/fr\/was-wir-tun\/advisors\/\" class=\"menu-link\">Conseillers<\/a><\/li><li class=\"page_item page-item-3636 menu-item\"><a href=\"https:\/\/www.mission-21.org\/fr\/was-wir-tun\/klima\/\" class=\"menu-link\">Pour la justice climatique et la protection de l'environnement<\/a><\/li><li class=\"page_item page-item-2107 menu-item\"><a href=\"https:\/\/www.mission-21.org\/fr\/was-wir-tun\/veranstaltungen\/\" class=\"menu-link\">\u00c9v\u00e9nements<\/a><ul class='children'><li class=\"page_item page-item-3219 menu-item\"><a href=\"https:\/\/www.mission-21.org\/fr\/was-wir-tun\/veranstaltungen\/decolonize-aid\/\" class=\"menu-link\">D\u00e9coloniser l'aide<\/a><\/li><li class=\"page_item page-item-10183 menu-item\"><a href=\"https:\/\/www.mission-21.org\/fr\/was-wir-tun\/veranstaltungen\/international-forum-dossier\/\" class=\"menu-link\">Forum international<\/a><\/li><li class=\"page_item page-item-4081 menu-item\"><a href=\"https:\/\/www.mission-21.org\/fr\/was-wir-tun\/veranstaltungen\/mission-colonialism-revisited\/\" class=\"menu-link\">Mission - Colonialisme revisit\u00e9<\/a><\/li><li class=\"page_item page-item-4539 menu-item\"><a href=\"https:\/\/www.mission-21.org\/fr\/was-wir-tun\/veranstaltungen\/summer-school-2021\/\" class=\"menu-link\">\u00c9cole d'\u00e9t\u00e9 2021<\/a><\/li><\/ul><\/li><li class=\"page_item page-item-3916 menu-item\"><a href=\"https:\/\/www.mission-21.org\/fr\/was-wir-tun\/internationale-mitarbeitende\/\" class=\"menu-link\">Collaborateurs internationaux<\/a><\/li><li class=\"page_item page-item-3210 menu-item\"><a href=\"https:\/\/www.mission-21.org\/fr\/was-wir-tun\/archiv-veranstaltungen\/\" class=\"menu-link\">Archives des \u00e9v\u00e9nements<\/a><\/li><li class=\"page_item page-item-408 menu-item\"><a href=\"https:\/\/www.mission-21.org\/fr\/was-wir-tun\/internationale-einsaetze\/\" class=\"menu-link\">Missions internationales<\/a><\/li><li class=\"page_item page-item-3229 menu-item\"><a href=\"https:\/\/www.mission-21.org\/fr\/was-wir-tun\/fachpersonen-fuer-vortraege\/\" class=\"menu-link\">Sp\u00e9cialistes pour les conf\u00e9rences<\/a><\/li><li class=\"page_item page-item-14759 menu-item\"><a href=\"https:\/\/www.mission-21.org\/fr\/was-wir-tun\/bildungsangebote\/\" class=\"menu-link\">Offres de formation<\/a><\/li><li class=\"page_item page-item-3257 menu-item\"><a href=\"https:\/\/www.mission-21.org\/fr\/was-wir-tun\/forschung\/\" class=\"menu-link\">Recherche<\/a><ul class='children'><li class=\"page_item page-item-4122 menu-item\"><a href=\"https:\/\/www.mission-21.org\/fr\/was-wir-tun\/forschung\/forschungsarchiv\/\" class=\"menu-link\">Archives de recherche<\/a><\/li><\/ul><\/li><li class=\"page_item page-item-448 menu-item\"><a href=\"https:\/\/www.mission-21.org\/fr\/was-wir-tun\/projektlaender\/\" class=\"menu-link\">Pays du projet<\/a><\/li><li class=\"page_item page-item-208 menu-item\"><a href=\"https:\/\/www.mission-21.org\/fr\/was-wir-tun\/projekte-und-partner\/\" class=\"menu-link\">Projets et partenaires<\/a><ul class='children'><li class=\"page_item page-item-8773 menu-item\"><a href=\"https:\/\/www.mission-21.org\/fr\/was-wir-tun\/projekte-und-partner\/unsere-projekte-zur-ernaehrungssouveraenitaet\/\" class=\"menu-link\">Nos projets de souverainet\u00e9 alimentaire<\/a><\/li><\/ul><\/li><li class=\"page_item page-item-3284 menu-item\"><a href=\"https:\/\/www.mission-21.org\/fr\/was-wir-tun\/summer-school-2021\/\" class=\"menu-link\">\u00c9cole d'\u00e9t\u00e9 en ligne 2021<\/a><\/li><\/ul><\/li><li class=\"page_item page-item-20176 menu-item\"><a href=\"https:\/\/www.mission-21.org\/fr\/newsletter-anmeldung\/\" class=\"menu-link\">Inscription \u00e0 la newsletter<\/a><\/li><li class=\"page_item page-item-212 menu-item\"><a href=\"https:\/\/www.mission-21.org\/fr\/mitmachen\/\" class=\"menu-link\">Participer<\/a><ul class='children'><li class=\"page_item page-item-3847 menu-item\"><a href=\"https:\/\/www.mission-21.org\/fr\/mitmachen\/kampagne-2022\/\" class=\"menu-link\">Campagne 2022 : \"Gr\u00e2ce \u00e0 l'\u00e9ducation, nous d\u00e9terminons nous-m\u00eames notre avenir\".<\/a><\/li><li class=\"page_item page-item-5917 menu-item\"><a href=\"https:\/\/www.mission-21.org\/fr\/mitmachen\/parallax-error\/\" class=\"menu-link\">Erreur de parallaxe<\/a><\/li><li class=\"page_item page-item-3695 menu-item\"><a href=\"https:\/\/www.mission-21.org\/fr\/mitmachen\/kampagne-2021\/\" class=\"menu-link\">Campagne 2021 : Notre avenir, nous le construisons ensemble<\/a><\/li><li class=\"page_item page-item-4226 menu-item\"><a href=\"https:\/\/www.mission-21.org\/fr\/mitmachen\/hilfe-fuer-den-sudsudan\/\" class=\"menu-link\">Aide au Sud-Soudan<\/a><\/li><li class=\"page_item page-item-3497 menu-item\"><a href=\"https:\/\/www.mission-21.org\/fr\/mitmachen\/youngmission21\/\" class=\"menu-link\">young@mission21<\/a><ul class='children'><li class=\"page_item page-item-19818 menu-item\"><a href=\"https:\/\/www.mission-21.org\/fr\/mitmachen\/youngmission21\/youthsummit2026\/\" class=\"menu-link\">Sommet de la jeunesse 2026<\/a><\/li><li class=\"page_item page-item-3977 menu-item\"><a href=\"https:\/\/www.mission-21.org\/fr\/mitmachen\/youngmission21\/jointaction\/\" class=\"menu-link\">JointAction<\/a><\/li><\/ul><\/li><li class=\"page_item page-item-3503 menu-item\"><a href=\"https:\/\/www.mission-21.org\/fr\/mitmachen\/zeichenderhoffnung\/\" class=\"menu-link\">Participez \u00e0 la campagne : Faites un #signed'espoir<\/a><\/li><li class=\"page_item page-item-3040 menu-item\"><a href=\"https:\/\/www.mission-21.org\/fr\/mitmachen\/engagierte-kirchgemeinden\/\" class=\"menu-link\">Des paroisses engag\u00e9es<\/a><\/li><li class=\"page_item page-item-3043 menu-item\"><a href=\"https:\/\/www.mission-21.org\/fr\/mitmachen\/freiwillige-mitarbeit\/\" class=\"menu-link\">B\u00e9n\u00e9volat<\/a><ul class='children'><li class=\"page_item page-item-4137 menu-item\"><a href=\"https:\/\/www.mission-21.org\/fr\/mitmachen\/freiwillige-mitarbeit\/kollektenverein\/\" class=\"menu-link\">Association de collecte<\/a><\/li><\/ul><\/li><li class=\"page_item page-item-3046 menu-item\"><a href=\"https:\/\/www.mission-21.org\/fr\/mitmachen\/advocacy\/\" class=\"menu-link\">Plaidoyer<\/a><ul class='children'><li class=\"page_item page-item-4147 menu-item\"><a href=\"https:\/\/www.mission-21.org\/fr\/mitmachen\/advocacy\/advocacy-religionsfreiheit\/\" class=\"menu-link\">Plaidoyer pour la libert\u00e9 religieuse<\/a><\/li><\/ul><\/li><\/ul><\/li><li class=\"page_item page-item-3028 menu-item\"><a href=\"https:\/\/www.mission-21.org\/fr\/sitemap\/\" class=\"menu-link\">Plan du site<\/a><\/li><li class=\"page_item page-item-215 menu-item\"><a href=\"https:\/\/www.mission-21.org\/fr\/informieren\/\" class=\"menu-link\">Informer<\/a><ul class='children'><li class=\"page_item page-item-320 menu-item\"><a href=\"https:\/\/www.mission-21.org\/fr\/informieren\/publikationen\/\" class=\"menu-link\">Publications<\/a><\/li><li class=\"page_item page-item-323 menu-item\"><a href=\"https:\/\/www.mission-21.org\/fr\/informieren\/medienstelle\/\" class=\"menu-link\">Service de presse<\/a><\/li><li class=\"page_item page-item-326 menu-item\"><a href=\"https:\/\/www.mission-21.org\/fr\/informieren\/news\/\" class=\"menu-link\">Actualit\u00e9s<\/a><\/li><li class=\"page_item page-item-2774 menu-item\"><a href=\"https:\/\/www.mission-21.org\/fr\/informieren\/shop-material-und-produkte\/\" class=\"menu-link\">Boutique \/ Mat\u00e9riel et produits<\/a><\/li><\/ul><\/li><li class=\"page_item page-item-218 menu-item\"><a href=\"https:\/\/www.mission-21.org\/fr\/wer-wir-sind\/\" class=\"menu-link\">Qui sommes-nous ?<\/a><ul class='children'><li class=\"page_item page-item-3379 menu-item\"><a href=\"https:\/\/www.mission-21.org\/fr\/wer-wir-sind\/netzwerk\/\" class=\"menu-link\">R\u00e9seau<\/a><\/li><li class=\"page_item page-item-3892 menu-item\"><a href=\"https:\/\/www.mission-21.org\/fr\/wer-wir-sind\/missionssynode\/\" class=\"menu-link\">Synode missionnaire<\/a><\/li><li class=\"page_item page-item-3418 menu-item\"><a href=\"https:\/\/www.mission-21.org\/fr\/wer-wir-sind\/missionssynode-2022\/\" class=\"menu-link\">Synode missionnaire 2022<\/a><\/li><li class=\"page_item page-item-3183 menu-item\"><a href=\"https:\/\/www.mission-21.org\/fr\/wer-wir-sind\/kontakt\/\" class=\"menu-link\">Contact<\/a><\/li><li class=\"page_item page-item-3188 menu-item\"><a href=\"https:\/\/www.mission-21.org\/fr\/wer-wir-sind\/missionssynode-aktuell\/\" class=\"menu-link\">Synode missionnaire actuel<\/a><\/li><li class=\"page_item page-item-3194 menu-item\"><a href=\"https:\/\/www.mission-21.org\/fr\/wer-wir-sind\/organisationsstruktur\/\" class=\"menu-link\">Structure organisationnelle<\/a><ul class='children'><li class=\"page_item page-item-8224 menu-item\"><a href=\"https:\/\/www.mission-21.org\/fr\/wer-wir-sind\/organisationsstruktur\/advisory-board-gender-justice\/\" class=\"menu-link\">Comit\u00e9 consultatif Justice de genre<\/a><\/li><\/ul><\/li><li class=\"page_item page-item-3200 menu-item\"><a href=\"https:\/\/www.mission-21.org\/fr\/wer-wir-sind\/portraet\/\" class=\"menu-link\">Portrait<\/a><\/li><li class=\"page_item page-item-3296 menu-item\"><a href=\"https:\/\/www.mission-21.org\/fr\/wer-wir-sind\/stabsstelle-frauen-und-gender\/\" class=\"menu-link\">Unit\u00e9 Femmes et genre<\/a><\/li><li class=\"page_item page-item-3325 menu-item\"><a href=\"https:\/\/www.mission-21.org\/fr\/wer-wir-sind\/jobs\/\" class=\"menu-link\">Emplois<\/a><\/li><\/ul><\/li><li class=\"page_item page-item-221 menu-item\"><a href=\"https:\/\/www.mission-21.org\/fr\/spenden\/\" class=\"menu-link\">Dons<\/a><ul class='children'><li class=\"page_item page-item-224 menu-item\"><a href=\"https:\/\/www.mission-21.org\/fr\/spenden\/erbschaft-und-legate\/\" class=\"menu-link\">H\u00e9ritage et legs<\/a><\/li><li class=\"page_item page-item-227 menu-item\"><a href=\"https:\/\/www.mission-21.org\/fr\/spenden\/spenden-zum-ereignis\/\" class=\"menu-link\">Dons pour l'\u00e9v\u00e9nement<\/a><\/li><\/ul><\/li><li class=\"page_item page-item-9952 menu-item\"><a href=\"https:\/\/www.mission-21.org\/fr\/kampagne-2024\/\" class=\"menu-link\">Campagne 2024<\/a><\/li><li class=\"page_item page-item-14319 menu-item\"><a href=\"https:\/\/www.mission-21.org\/fr\/gegen-gewalt-an-frauen\/\" class=\"menu-link\">16 jours<\/a><\/li><li class=\"page_item page-item-496 menu-item\"><a href=\"https:\/\/www.mission-21.org\/fr\/shop\/\" class=\"menu-link\">Boutique<\/a><\/li><li class=\"page_item page-item-497 menu-item\"><a href=\"https:\/\/www.mission-21.org\/fr\/warenkorb\/\" class=\"menu-link\">Panier d'achat<\/a><\/li><li class=\"page_item page-item-498 menu-item\"><a href=\"https:\/\/www.mission-21.org\/fr\/kasse\/\" class=\"menu-link\">Caisse<\/a><\/li><li class=\"page_item page-item-499 menu-item\"><a href=\"https:\/\/www.mission-21.org\/fr\/mein-konto\/\" class=\"menu-link\">Mon compte<\/a><\/li><\/ul><\/div><\/div>","protected":false},"excerpt":{"rendered":"<p>Plan du site<\/p>","protected":false},"author":1,"featured_media":0,"parent":0,"menu_order":0,"comment_status":"closed","ping_status":"closed","template":"","meta":{"_acf_changed":false,"_seopress_robots_primary_cat":"","_seopress_titles_title":"","_seopress_titles_desc":"","_seopress_robots_index":"","_searchwp_excluded":"","site-sidebar-layout":"default","site-content-layout":"","ast-site-content-layout":"default","site-content-style":"default","site-sidebar-style":"default","ast-global-header-display":"","ast-banner-title-visibility":"","ast-main-header-display":"","ast-hfb-above-header-display":"","ast-hfb-below-header-display":"","ast-hfb-mobile-header-display":"","site-post-title":"","ast-breadcrumbs-content":"","ast-featured-img":"","footer-sml-layout":"","ast-disable-related-posts":"","theme-transparent-header-meta":"","adv-header-id-meta":"","stick-header-meta":"","header-above-stick-meta":"","header-main-stick-meta":"","header-below-stick-meta":"","astra-migrate-meta-layouts":"default","ast-page-background-enabled":"default","ast-page-background-meta":{"desktop":{"background-color":"var(--ast-global-color-4)","background-image":"","background-repeat":"repeat","background-position":"center center","background-size":"auto","background-attachment":"scroll","background-type":"","background-media":"","overlay-type":"","overlay-color":"","overlay-opacity":"","overlay-gradient":""},"tablet":{"background-color":"","background-image":"","background-repeat":"repeat","background-position":"center center","background-size":"auto","background-attachment":"scroll","background-type":"","background-media":"","overlay-type":"","overlay-color":"","overlay-opacity":"","overlay-gradient":""},"mobile":{"background-color":"","background-image":"","background-repeat":"repeat","background-position":"center center","background-size":"auto","background-attachment":"scroll","background-type":"","background-media":"","overlay-type":"","overlay-color":"","overlay-opacity":"","overlay-gradient":""}},"ast-content-background-meta":{"desktop":{"background-color":"var(--ast-global-color-5)","background-image":"","background-repeat":"repeat","background-position":"center center","background-size":"auto","background-attachment":"scroll","background-type":"","background-media":"","overlay-type":"","overlay-color":"","overlay-opacity":"","overlay-gradient":""},"tablet":{"background-color":"var(--ast-global-color-5)","background-image":"","background-repeat":"repeat","background-position":"center center","background-size":"auto","background-attachment":"scroll","background-type":"","background-media":"","overlay-type":"","overlay-color":"","overlay-opacity":"","overlay-gradient":""},"mobile":{"background-color":"var(--ast-global-color-5)","background-image":"","background-repeat":"repeat","background-position":"center center","background-size":"auto","background-attachment":"scroll","background-type":"","background-media":"","overlay-type":"","overlay-color":"","overlay-opacity":"","overlay-gradient":""}},"iawp_total_views":5,"footnotes":""},"hf_cat_page":[304],"class_list":["post-3028","page","type-page","status-publish"],"acf":[],"_links":{"self":[{"href":"https:\/\/www.mission-21.org\/fr\/wp-json\/wp\/v2\/pages\/3028","targetHints":{"allow":["GET"]}}],"collection":[{"href":"https:\/\/www.mission-21.org\/fr\/wp-json\/wp\/v2\/pages"}],"about":[{"href":"https:\/\/www.mission-21.org\/fr\/wp-json\/wp\/v2\/types\/page"}],"author":[{"embeddable":true,"href":"https:\/\/www.mission-21.org\/fr\/wp-json\/wp\/v2\/users\/1"}],"replies":[{"embeddable":true,"href":"https:\/\/www.mission-21.org\/fr\/wp-json\/wp\/v2\/comments?post=3028"}],"version-history":[{"count":2,"href":"https:\/\/www.mission-21.org\/fr\/wp-json\/wp\/v2\/pages\/3028\/revisions"}],"predecessor-version":[{"id":3031,"href":"https:\/\/www.mission-21.org\/fr\/wp-json\/wp\/v2\/pages\/3028\/revisions\/3031"}],"wp:attachment":[{"href":"https:\/\/www.mission-21.org\/fr\/wp-json\/wp\/v2\/media?parent=3028"}],"wp:term":[{"taxonomy":"hf_cat_page","embeddable":true,"href":"https:\/\/www.mission-21.org\/fr\/wp-json\/wp\/v2\/hf_cat_page?post=3028"}],"curies":[{"name":"wp","href":"https:\/\/api.w.org\/{rel}","templated":true}]}}