{"id":3040,"date":"2022-09-28T09:05:15","date_gmt":"2022-09-28T07:05:15","guid":{"rendered":"https:\/\/www.mission-21.org\/engagierte-kirchgemeinden\/"},"modified":"2025-10-13T15:12:46","modified_gmt":"2025-10-13T13:12:46","slug":"paroisses-engagees","status":"publish","type":"page","link":"https:\/\/www.mission-21.org\/fr\/mitmachen\/engagierte-kirchgemeinden\/","title":{"rendered":"Des paroisses engag\u00e9es"},"content":{"rendered":"<img decoding=\"async\" src=\"https:\/\/www.mission-21.org\/wp-content\/uploads\/2022\/08\/csm_header_news_d521d70e38.jpeg\" alt=\"csm header news d521d70e38\" itemprop=\"image\" height=\"688\" width=\"1680\" title=\"csm_Header_News_d521d70e38\" onerror=\"this.style.display='none'\" loading='lazy' \/>\n\t<div class=\"fl-builder-content fl-builder-content-3660 fl-builder-template fl-builder-module-template fl-builder-global-templates-locked\" data-post-id=\"3660\"><div class=\"fl-module fl-module-pp-toc fl-node-xrvkwe8ihtn6 toc\" data-node=\"xrvkwe8ihtn6\">\n\t<div class=\"fl-module-content fl-node-content\">\n\t\t<div class=\"pp-toc-container\">\n\t\n\t<div class=\"pp-toc-body\">\n\t\t\t\t\t<ul class=\"pp-toc-list-wrapper pp-toc-list-icon\"><\/ul>\n\t\t\t\t<\/div>\n<\/div>\n\n\t<\/div>\n<\/div>\n<\/div><div class=\"uabb-js-breakpoint\" style=\"display: none;\"><\/div>\n\t\t\t<a href=\"\/fr\/faire-un-don\/\" title=\"Cliquez ici\" target=\"_self\"   role=\"button\" aria-label=\"Dons\">\n\t\t\t\t\t\t\tDons\n\t\t\t\t\t\t\t\t\t<img decoding=\"async\" src=\"https:\/\/www.mission-21.org\/wp-content\/uploads\/2022\/08\/csm_heat-icon_b1dbd40167.png\"\/>\n\t\t<\/a>\n\t\t\t<h1>Bo\u00eete d'information<\/h1>\t\t\t\n<p>Vous souhaitez vous engager en tant que paroisse pour Mission 21 ? Vous \u00eates \u00e0 la bonne adresse : nous offrons une multitude de possibilit\u00e9s de participer \u00e0 l'Eglise universelle, de contribuer \u00e0 notre communaut\u00e9 d'apprentissage internationale et de travailler d'\u00e9gal \u00e0 \u00e9gal avec les Eglises et les organisations interreligieuses du monde entier pour un monde plus juste. Le contact personnel nous tient \u00e0 c\u0153ur. Ensemble, nous \u00e9largissons les horizons !<\/p>\n<p><strong>Remarque importante : <br \/>Si, en tant que paroisse, vous souhaitez soutenir le travail de Mission 21, en particulier des projets dans le cadre de la campagne \u0153cum\u00e9nique, les paiements doivent \u00eatre vers\u00e9s directement \u00e0 Mission 21 (compte de dons : CH58 0900 0000 4072 6233 2). Un virement via l'EPER (anciennement <em>Pain pour le prochain)<\/em> n'est plus possible.<\/strong><\/p>\n\t\t\t<h2>Collectes et donations<\/h2>\t\t\t\n\t\t\t\t<p>\u00a0<\/p>\n<p>De nombreuses paroisses soutiennent r\u00e9guli\u00e8rement Mission 21 par des dons, des collectes et des collectes. Elles donnent ainsi un signe concret \u00e0 l'Eglise universelle. En soutenant notre travail de programme et de projet, vous permettez \u00e0 des personnes vivant dans des r\u00e9gions pauvres du monde d'avoir de meilleures conditions de vie et d'\u00eatre plus autonomes \u00e0 long terme. Nous vous remercions chaleureusement de votre attachement \u00e0 notre travail.<\/p>\n<p>Gr\u00e2ce \u00e0 notre r\u00e9seau international d'\u00e9glises et \u00e0 notre histoire de plus de 200 ans, nous vous offrons des propositions vari\u00e9es et de l'inspiration pour votre culte, du mat\u00e9riel de travail attrayant pour l'enseignement ou des id\u00e9es pour des appels \u00e0 la collecte. Vous trouverez un aper\u00e7u du mat\u00e9riel dans notre\u00a0<a href=\"https:\/\/www.mission-21.org\/fr\/informer\/shop-materiel-et-produits\/\" target=\"_blank\" rel=\"noopener\">\u25ba Boutique<\/a>.\u00a0<\/p>\n<p>Jacqueline Brunner est responsable des partenariats eccl\u00e9siaux et vous aide \u00e0 choisir un projet appropri\u00e9. Si vous le souhaitez, nous pouvons vous conseiller sur la r\u00e9daction de textes pour l'appel \u00e0 la collecte ou mettre \u00e0 votre disposition du mat\u00e9riel.<\/p>\n\t\t<a href=\"https:\/\/www.mission-21.org\/fr\/equipe\/jacqueline-brunner\/\" title=\"Afficher le contenu du panneau d&#039;affichage\" target=\"_self\"  aria-label=\"\u00c9l\u00e9ment de courrier\"><\/a>\t\t\n\t<meta itemscope itemprop=\"mainEntityOfPage\" itemtype=\"https:\/\/schema.org\/WebPage\" itemid=\"https:\/\/www.mission-21.org\/team\/jacqueline-brunner\/\" content=\"Jacqueline Brunner\" \/><meta itemprop=\"datePublished\" content=\"2022-10-11\" \/><meta itemprop=\"dateModified\" content=\"2025-03-06\" \/><meta itemprop=\"name\" content=\"Mission 21\"\/><meta itemprop=\"url\" content=\"https:\/\/www.mission-21.org\/wp-content\/uploads\/2022\/08\/de-blau.svg\"\/><meta itemprop=\"url\" content=\"https:\/\/www.mission-21.org\/author\/fabrizio\/\" \/><meta itemprop=\"name\" content=\"Fabrizio Fracassi\" \/><meta itemprop=\"url\" content=\"https:\/\/www.mission-21.org\/wp-content\/uploads\/2022\/10\/jacqueline.jpg\" \/><meta itemprop=\"width\" content=\"600\" \/><meta itemprop=\"height\" content=\"600\" \/><meta itemprop=\"interactionType\" content=\"https:\/\/schema.org\/CommentAction\" \/><meta itemprop=\"userInteractionCount\" content=\"0\" \/>\n\t<img width=\"600\" height=\"600\" src=\"https:\/\/www.mission-21.org\/wp-content\/uploads\/2022\/10\/jacqueline.jpg\" alt=\"jacqueline\" itemprop=\"image\" decoding=\"async\" srcset=\"https:\/\/www.mission-21.org\/wp-content\/uploads\/2022\/10\/jacqueline.jpg 600w, https:\/\/www.mission-21.org\/wp-content\/uploads\/2022\/10\/jacqueline-300x300.jpg 300w, https:\/\/www.mission-21.org\/wp-content\/uploads\/2022\/10\/jacqueline-12x12.jpg 12w, https:\/\/www.mission-21.org\/wp-content\/uploads\/2022\/10\/jacqueline-100x100.jpg 100w\" sizes=\"(max-width: 600px) 100vw, 600px\" \/>\n<h3>Jacqueline Brunner<\/h3>\n<p>Responsable de l'\u00e9quipe Partenariats avec l'\u00c9glise<\/p>\n<p>T\u00e9l. 061 260 23 37<br \/><a href=\"mailto:jacqueline.brunner@mission-21.org\">\u25ba Courrier \u00e9lectronique<\/a><\/p>\n<h2>\n\t\t\tCampagne 2025\t<\/h2>\n\t\t\t\t<img decoding=\"async\" src=\"https:\/\/www.mission-21.org\/wp-content\/uploads\/2024\/11\/kampagne-2025-mission-21-mit-maske-scaled_4zu3-copy.jpg\" alt=\"campagne 2025 mission 21 avec masque scaled 4zu3 copy\" itemprop=\"image\" height=\"1707\" width=\"2276\" title=\"campagne-2025-mission-21-avec-masque-scaled_4zu3 - Copy\" onerror=\"this.style.display='none'\" loading='lazy' \/>\n<p><strong>\"S'engager pour une soci\u00e9t\u00e9 pacifique\"<\/strong><\/p>\n<p>A une \u00e9poque o\u00f9 le monde est marqu\u00e9 par des tensions et des conflits croissants, l'importance de la promotion de la paix passe plus que jamais au premier plan. Avec sa campagne 2025, Mission 21 s'engage de mani\u00e8re cibl\u00e9e pour la promotion de la paix et de la justice par la coop\u00e9ration interreligieuse et transculturelle.<\/p>\n<p>Qu'il s'agisse d'un culte, d'une formation pour adultes, d'une journ\u00e9e de soupe, de la vente de cartes de No\u00ebl ou d'une soir\u00e9e cin\u00e9ma, nous vous proposons de nombreuses possibilit\u00e9s d'int\u00e9grer les th\u00e8mes de la souverainet\u00e9 alimentaire et de la justice climatique dans votre travail communal.<\/p>\n<p><a href=\"https:\/\/www.mission-21.org\/fr\/preview-campagne-2025\/\" target=\"_blank\" rel=\"noopener\">\u25ba Plus d'infos sur la campagne<\/a><\/p>\n<p>&nbsp;<\/p>\n\t\t\t<h2>Partenariats<\/h2>\t\t\t\n\t\t\t\t<p>En devenant partenaire, vous et votre paroisse devenez un membre actif de notre r\u00e9seau et faites partie de la communaut\u00e9 internationale d'apprentissage.<\/p>\n\t\t\t\t\t<a href=\"#\"  id=\"fl-accordion--label-0\" tabindex=\"0\" aria-controls=\"fl-accordion--panel-0\">Partenariat de projet\/th\u00e9matique<\/a>\n\t\t\t\t\t\t\t\t\t\t\t<a href=\"#\" id=\"fl-accordion--icon-0\"  tabindex=\"0\"><i title=\"Collapse\">Collapse<\/i><\/a>\n<p>Un partenariat de projet\/th\u00e9matique offre un cadre \u00e0 votre engagement local au nom de l'Eglise universelle. Il cr\u00e9e un espace de profondeur et de participation, associe coop\u00e9ration au d\u00e9veloppement et communaut\u00e9 d'apprentissage et combine, outre un soutien financier, un accompagnement de fond.<\/p>\n<p>Un tel engagement est g\u00e9n\u00e9ralement limit\u00e9 \u00e0 une certaine p\u00e9riode et offre donc ensuite la possibilit\u00e9 de r\u00e9orienter l'accent de mani\u00e8re flexible. Pendant le partenariat, nous vous accompagnons avec des nouvelles, des informations de fond et, si possible, des possibilit\u00e9s de rencontres num\u00e9riques ou physiques. Avec un partenariat de projet\/th\u00e9matique, vous \u00eates en relation de partenariat avec Mission 21 et, via nous, avec nos partenaires \u00e0 l'\u00e9tranger.<\/p>\n<ul>\n<li>\n<a href=\"https:\/\/www.mission-21.org\/fileadmin\/Webseite_Mission_21\/Kirchgemeinden\/Factsheet_Projektpartnerschaften_Mission_21_20211220_KI.pdf\">\u00c9tape par \u00e9tape vers le partenariat de projet<\/a>\n<\/li>\n<\/ul>\n\t\t\t\t\t<a href=\"#\"  id=\"fl-accordion--label-1\" tabindex=\"0\" aria-controls=\"fl-accordion--panel-1\">Jumelage d'\u00e9glises<\/a>\n\t\t\t\t\t\t\t\t\t\t\t<a href=\"#\" id=\"fl-accordion--icon-1\"  tabindex=\"0\"><i title=\"D\u00e9velopper\">D\u00e9velopper<\/i><\/a>\n<p>Mission 21 vit de l'\u00e9change vivant entre des personnes engag\u00e9es sur tous les continents. Les partenariats d'\u00e9glises repr\u00e9sentent une forme de partenariat tr\u00e8s intensive et \u00e0 long terme. Contrairement aux partenariats de projets\/th\u00e9matiques, les Eglises en Suisse et \u00e0 l'\u00e9tranger sont en contact les unes avec les autres. Des activit\u00e9s suppl\u00e9mentaires concernent notamment l'\u00e9change th\u00e9ologique commun.<\/p>\n<p>En raison de contextes politiques difficiles, de tels partenariats eccl\u00e9siaux intensifs et \u00e0 long terme ne sont actuellement possibles que de mani\u00e8re tr\u00e8s limit\u00e9e avec nos Eglises partenaires \u00e0 l'\u00e9tranger. Ils n\u00e9cessitent en outre une clarification des attentes r\u00e9ciproques et des groupes de personnes engag\u00e9es de part et d'autre. En dehors des possibilit\u00e9s offertes dans le cadre d'un partenariat de projet\/th\u00e9matique, Mission 21 ne peut proposer des offres suppl\u00e9mentaires qu'apr\u00e8s un accord individuel. Nous nous effor\u00e7ons d'int\u00e9grer et d'exploiter les synergies avec les offres et les opportunit\u00e9s existantes (par exemple dans le cadre des visites pendant le Synode missionnaire).<\/p>\n\t\t\t<h2>Travail \u00e9ducatif et rencontres inspirantes<\/h2>\t\t\t\n<p>Que ce soit pour la classe de confirmation, le groupe de seniors ou pendant la retraite de l'administration eccl\u00e9siastique, nos offres de formation vous offrent un aper\u00e7u des relations globales et des exp\u00e9riences transfrontali\u00e8res.<br \/><a href=\"https:\/\/www.mission-21.org\/fr\/ce-que-nous-faisons\/offre-de-formation\/\" target=\"_blank\" rel=\"noopener\">\u25ba Offres de formation de Mission 21<\/a><\/p>\n<p>Nous nous ferons un plaisir de passer chez vous. Nos sp\u00e9cialistes vous donneront un aper\u00e7u vivant de nos programmes et projets de coop\u00e9ration au d\u00e9veloppement. Des invit\u00e9s d'Afrique, d'Asie et d'Am\u00e9rique latine t\u00e9moignent \u00e9galement de premi\u00e8re main de la vie dans leur pays. Ils sont \u00e0 votre disposition pour des s\u00e9ances d'information, des services religieux, des cours et des manifestations de remerciement. <br \/><a href=\"https:\/\/www.mission-21.org\/fr\/ce-que-nous-faisons\/specialiste-des-conferences\/\" target=\"_blank\" rel=\"noopener\">\u25ba Sp\u00e9cialistes pour les conf\u00e9rences<\/a><\/p>\n\t\t\t\t<img decoding=\"async\" src=\"https:\/\/www.mission-21.org\/wp-content\/uploads\/2022\/09\/csm_bildung_kurse_erwachsene_45fba44ee7-900x675.jpg\" alt=\"csm formation cours adultes 45fba44ee7\" itemprop=\"image\" height=\"675\" width=\"900\" title=\"csm_formation_cours_adultes_45fba44ee7\" onerror=\"this.style.display='none'\" loading='lazy' \/>\n<h2>\n\t\t\tBazars dans les paroisses\t<\/h2>\n\t\t\t\t<img decoding=\"async\" src=\"https:\/\/www.mission-21.org\/wp-content\/uploads\/2022\/09\/csm_basar_kirchgemeinden_eb54b2189a.jpg\" alt=\"csm bazar paroisses eb54b2189a\" itemprop=\"image\" height=\"944\" width=\"1680\" title=\"csm_bazar_paroisses_eb54b2189a\" onerror=\"this.style.display='none'\" loading='lazy' \/>\n\t<p>Un bazar cr\u00e9e un lieu et un espace pour les rencontres, les discussions, les travaux cr\u00e9atifs et les \u00e9changes. Jeunes et moins jeunes se rencontrent et s'associent pour faire du bien ensemble.<\/p>\n<p>Traditionnellement, les bazars organis\u00e9s dans les paroisses servent aussi \u00e0 ouvrir des fen\u00eatres sur l'\u00c9glise mondiale. Pr\u00e9sentez l'un de nos projets et r\u00e9coltez des fonds pour celui-ci ! Nous vous soutenons volontiers dans le choix et la pr\u00e9sentation du projet ainsi que dans la fourniture de mat\u00e9riel pour le jour du bazar.<\/p>\n<p><a href=\"https:\/\/www.mission-21.org\/fileadmin\/Webseite_Mission_21\/Kirchgemeinden\/Leitfaden_Basar.pdf\" target=\"_blank\" rel=\"noopener\">\u25ba T\u00e9l\u00e9charger le guide des bazars<\/a><\/p>","protected":false},"excerpt":{"rendered":"<p>Spenden Info Box M\u00f6chten Sie sich als Kirchgemeinde f\u00fcr Mission 21 engagieren? Hier sind Sie richtig: Wir bieten eine F\u00fclle von M\u00f6glichkeiten, an der weltweiten Kirche teilzuhaben, an unserer internationalen Lerngemeinschaft mitzuwirken und auf\u00a0Augenh\u00f6he gemeinsam mit Kirchen und interreligi\u00f6sen Organisationen weltweit an einer gerechteren Welt zu arbeiten. Der pers\u00f6nliche Kontakt liegt uns am Herzen. Gemeinsam [&hellip;]<\/p>\n","protected":false},"author":1,"featured_media":3042,"parent":212,"menu_order":0,"comment_status":"closed","ping_status":"closed","template":"","meta":{"_acf_changed":false,"_seopress_robots_primary_cat":"","_seopress_titles_title":"","_seopress_titles_desc":"","_seopress_robots_index":"","_searchwp_excluded":"","site-sidebar-layout":"default","site-content-layout":"","ast-site-content-layout":"default","site-content-style":"default","site-sidebar-style":"default","ast-global-header-display":"","ast-banner-title-visibility":"","ast-main-header-display":"","ast-hfb-above-header-display":"","ast-hfb-below-header-display":"","ast-hfb-mobile-header-display":"","site-post-title":"","ast-breadcrumbs-content":"","ast-featured-img":"","footer-sml-layout":"","ast-disable-related-posts":"","theme-transparent-header-meta":"","adv-header-id-meta":"","stick-header-meta":"","header-above-stick-meta":"","header-main-stick-meta":"","header-below-stick-meta":"","astra-migrate-meta-layouts":"set","ast-page-background-enabled":"default","ast-page-background-meta":{"desktop":{"background-color":"var(--ast-global-color-4)","background-image":"","background-repeat":"repeat","background-position":"center center","background-size":"auto","background-attachment":"scroll","background-type":"","background-media":"","overlay-type":"","overlay-color":"","overlay-opacity":"","overlay-gradient":""},"tablet":{"background-color":"","background-image":"","background-repeat":"repeat","background-position":"center center","background-size":"auto","background-attachment":"scroll","background-type":"","background-media":"","overlay-type":"","overlay-color":"","overlay-opacity":"","overlay-gradient":""},"mobile":{"background-color":"","background-image":"","background-repeat":"repeat","background-position":"center center","background-size":"auto","background-attachment":"scroll","background-type":"","background-media":"","overlay-type":"","overlay-color":"","overlay-opacity":"","overlay-gradient":""}},"ast-content-background-meta":{"desktop":{"background-color":"var(--ast-global-color-5)","background-image":"","background-repeat":"repeat","background-position":"center center","background-size":"auto","background-attachment":"scroll","background-type":"","background-media":"","overlay-type":"","overlay-color":"","overlay-opacity":"","overlay-gradient":""},"tablet":{"background-color":"var(--ast-global-color-5)","background-image":"","background-repeat":"repeat","background-position":"center center","background-size":"auto","background-attachment":"scroll","background-type":"","background-media":"","overlay-type":"","overlay-color":"","overlay-opacity":"","overlay-gradient":""},"mobile":{"background-color":"var(--ast-global-color-5)","background-image":"","background-repeat":"repeat","background-position":"center center","background-size":"auto","background-attachment":"scroll","background-type":"","background-media":"","overlay-type":"","overlay-color":"","overlay-opacity":"","overlay-gradient":""}},"iawp_total_views":875,"footnotes":""},"hf_cat_page":[297],"class_list":["post-3040","page","type-page","status-publish","has-post-thumbnail"],"acf":[],"_links":{"self":[{"href":"https:\/\/www.mission-21.org\/fr\/wp-json\/wp\/v2\/pages\/3040","targetHints":{"allow":["GET"]}}],"collection":[{"href":"https:\/\/www.mission-21.org\/fr\/wp-json\/wp\/v2\/pages"}],"about":[{"href":"https:\/\/www.mission-21.org\/fr\/wp-json\/wp\/v2\/types\/page"}],"author":[{"embeddable":true,"href":"https:\/\/www.mission-21.org\/fr\/wp-json\/wp\/v2\/users\/1"}],"replies":[{"embeddable":true,"href":"https:\/\/www.mission-21.org\/fr\/wp-json\/wp\/v2\/comments?post=3040"}],"version-history":[{"count":11,"href":"https:\/\/www.mission-21.org\/fr\/wp-json\/wp\/v2\/pages\/3040\/revisions"}],"predecessor-version":[{"id":18864,"href":"https:\/\/www.mission-21.org\/fr\/wp-json\/wp\/v2\/pages\/3040\/revisions\/18864"}],"up":[{"embeddable":true,"href":"https:\/\/www.mission-21.org\/fr\/wp-json\/wp\/v2\/pages\/212"}],"wp:featuredmedia":[{"embeddable":true,"href":"https:\/\/www.mission-21.org\/fr\/wp-json\/wp\/v2\/media\/3042"}],"wp:attachment":[{"href":"https:\/\/www.mission-21.org\/fr\/wp-json\/wp\/v2\/media?parent=3040"}],"wp:term":[{"taxonomy":"hf_cat_page","embeddable":true,"href":"https:\/\/www.mission-21.org\/fr\/wp-json\/wp\/v2\/hf_cat_page?post=3040"}],"curies":[{"name":"wp","href":"https:\/\/api.w.org\/{rel}","templated":true}]}}