{"id":3043,"date":"2022-09-28T09:05:15","date_gmt":"2022-09-28T07:05:15","guid":{"rendered":"https:\/\/www.mission-21.org\/freiwillige-mitarbeit\/"},"modified":"2024-12-12T15:14:28","modified_gmt":"2024-12-12T14:14:28","slug":"benevolat","status":"publish","type":"page","link":"https:\/\/www.mission-21.org\/fr\/mitmachen\/freiwillige-mitarbeit\/","title":{"rendered":"B\u00e9n\u00e9volat"},"content":{"rendered":"<img decoding=\"async\" src=\"https:\/\/www.mission-21.org\/wp-content\/uploads\/2022\/08\/csm_header_news_d521d70e38.jpeg\" alt=\"csm header news d521d70e38\" itemprop=\"image\" height=\"688\" width=\"1680\" title=\"csm_Header_News_d521d70e38\" onerror=\"this.style.display='none'\"  \/>\n\t<div class=\"fl-builder-content fl-builder-content-3660 fl-builder-template fl-builder-module-template fl-builder-global-templates-locked\" data-post-id=\"3660\"><div class=\"fl-module fl-module-pp-toc fl-node-xrvkwe8ihtn6 toc\" data-node=\"xrvkwe8ihtn6\">\n\t<div class=\"fl-module-content fl-node-content\">\n\t\t<div class=\"pp-toc-container\">\n\t\n\t<div class=\"pp-toc-body\">\n\t\t\t\t\t<ul class=\"pp-toc-list-wrapper pp-toc-list-icon\"><\/ul>\n\t\t\t\t<\/div>\n<\/div>\n\n\t<\/div>\n<\/div>\n<\/div><div class=\"uabb-js-breakpoint\" style=\"display: none;\"><\/div>\n\t\t\t<a href=\"\/fr\/faire-un-don\/\" title=\"Cliquez ici\" target=\"_self\" role=\"button\" aria-label=\"Dons\" rel=\"noopener\">\n\t\t\t\t\t\t\tDons\n\t\t\t\t\t\t\t\t\t<img decoding=\"async\" src=\"https:\/\/www.mission-21.org\/wp-content\/uploads\/2022\/08\/csm_heat-icon_b1dbd40167.png\"\/>\n\t\t<\/a>\n<h2>\n\t\tPrendre contact\n\t<\/h2>\n\t<p>Vous avez des questions sur un engagement b\u00e9n\u00e9vole \u00e0 Mission 21 et sur les possibilit\u00e9s de vous engager chez nous ? Nous nous ferons un plaisir de vous conseiller lors d'un entretien personnel.<\/p>\n<p>Nous nous r\u00e9jouissons de votre <a href=\"mailto:info@mission-21.org\">\u25ba Prise de contact<\/a>.<\/p>\n<h2>\n\t\tVous souhaitez vous engager pour Mission 21\n\t<\/h2>\n\t\t\t\t<img decoding=\"async\" src=\"https:\/\/www.mission-21.org\/wp-content\/uploads\/2022\/09\/csm_freiwillige_mitarbeit_suppenaktion_2c31f24fd0-900x506.jpg\" alt=\"csm b\u00e9n\u00e9volat action soupe 2c31f24fd0\" itemprop=\"image\" height=\"506\" width=\"900\" title=\"csm_collaboration_b\u00e9n\u00e9vole_action_soupe_2c31f24fd0\" onerror=\"this.style.display='none'\"  \/>\n<p>Pour soutenir le travail de Mission 21, nous recherchons des b\u00e9n\u00e9voles pour travailler au si\u00e8ge \u00e0 B\u00e2le. Vous pouvez \u00eatre actif de mani\u00e8re ponctuelle aupr\u00e8s de :<\/p>\n<ul>\n<li>Manifestations plus importantes<\/li>\n<li>Pour nos <a href=\"https:\/\/www.mission-21.org\/fr\/participer\/campagne-2021\/\">Campagne<\/a><\/li>\n<li>Dans le r\u00e9seau de <a href=\"https:\/\/www.mission-21.org\/fr\/youngmission21\/\">young@mission21<\/a><\/li>\n<\/ul>\n<p>N'h\u00e9sitez pas \u00e0 nous contacter.<\/p>\n<h2>\n\t\t<a href=\"https:\/\/www.mission-21.org\/fr\/participer\/youngmission21\/\" title=\"R\u00e9seau de jeunes young@mission21\" target=\"_blank\" rel=\"noopener\">\n\t\tR\u00e9seau de jeunes young@mission21\n\t\t<\/a>\n\t<\/h2>\n\t<p><strong>young@mission21<\/strong> est le r\u00e9seau de Mission 21 pour les jeunes adultes. Nous nous engageons pour l'\u00e9change culturel entre jeunes adultes du monde entier et pour un monde juste.<\/p>\n<p>Le site <a href=\"https:\/\/www.mission-21.org\/fr\/programme-dambassades-pour-la-jeunesse\/\" target=\"_blank\" rel=\"noopener\">Programme d'ambassade de la jeunesse<\/a> de young@mission21 offre aux jeunes adultes d'Afrique, d'Asie, d'Europe et d'Am\u00e9rique latine la possibilit\u00e9 de faire connaissance les uns avec les autres, de se pencher sur des questions urgentes dans un monde globalis\u00e9 et de chercher ensemble des solutions.<\/p>\n<p>Sur le site <a href=\"https:\/\/www.mission-21.org\/fr\/participer\/youngmission21\/\" target=\"_blank\" rel=\"noopener\">Programme d'exposition des professionnels (PEP !)<\/a> tu combines l'engagement dans un projet de notre institution partenaire avec une formation continue. pendant l'engagement de six \u00e0 douze mois, tu approfondis tes connaissances professionnelles et d\u00e9veloppes des comp\u00e9tences sociales interculturelles.<\/p>\n\t\t\t\t<img decoding=\"async\" src=\"https:\/\/www.mission-21.org\/wp-content\/uploads\/2024\/11\/team-young_20241119_4zu3.jpg\" alt=\"team young 20241119 4zu3\" itemprop=\"image\" height=\"1200\" width=\"1600\" title=\"Team-young_20241119_4zu3\" onerror=\"this.style.display='none'\"  \/>\n\t\t\u00c9quipe young@mission21 : Sarah, Mandula, Barbara, Carole","protected":false},"excerpt":{"rendered":"<p>Spenden Kontakt aufnehmen Haben Sie Fragen zu einem freiwilligen Engagement bei Mission 21 und M\u00f6glichkeiten, sich bei uns zu engagieren? Gerne beraten wir Sie bei einem pers\u00f6nlichen Gespr\u00e4ch. Wir freuen uns \u00fcber Ihre \u25ba Kontaktaufnahme. Sie m\u00f6chten sich f\u00fcr Mission 21 engagieren Zur Unterst\u00fctzung der Arbeit von Mission 21 suchen wir Freiwillige zur Mitarbeit am [&hellip;]<\/p>\n","protected":false},"author":1,"featured_media":3045,"parent":212,"menu_order":0,"comment_status":"closed","ping_status":"closed","template":"","meta":{"_acf_changed":false,"_seopress_robots_primary_cat":"","_seopress_titles_title":"","_seopress_titles_desc":"","_seopress_robots_index":"","_searchwp_excluded":"","site-sidebar-layout":"default","site-content-layout":"","ast-site-content-layout":"default","site-content-style":"default","site-sidebar-style":"default","ast-global-header-display":"","ast-banner-title-visibility":"","ast-main-header-display":"","ast-hfb-above-header-display":"","ast-hfb-below-header-display":"","ast-hfb-mobile-header-display":"","site-post-title":"","ast-breadcrumbs-content":"","ast-featured-img":"","footer-sml-layout":"","ast-disable-related-posts":"","theme-transparent-header-meta":"","adv-header-id-meta":"","stick-header-meta":"","header-above-stick-meta":"","header-main-stick-meta":"","header-below-stick-meta":"","astra-migrate-meta-layouts":"set","ast-page-background-enabled":"default","ast-page-background-meta":{"desktop":{"background-color":"var(--ast-global-color-4)","background-image":"","background-repeat":"repeat","background-position":"center center","background-size":"auto","background-attachment":"scroll","background-type":"","background-media":"","overlay-type":"","overlay-color":"","overlay-opacity":"","overlay-gradient":""},"tablet":{"background-color":"","background-image":"","background-repeat":"repeat","background-position":"center center","background-size":"auto","background-attachment":"scroll","background-type":"","background-media":"","overlay-type":"","overlay-color":"","overlay-opacity":"","overlay-gradient":""},"mobile":{"background-color":"","background-image":"","background-repeat":"repeat","background-position":"center center","background-size":"auto","background-attachment":"scroll","background-type":"","background-media":"","overlay-type":"","overlay-color":"","overlay-opacity":"","overlay-gradient":""}},"ast-content-background-meta":{"desktop":{"background-color":"var(--ast-global-color-5)","background-image":"","background-repeat":"repeat","background-position":"center center","background-size":"auto","background-attachment":"scroll","background-type":"","background-media":"","overlay-type":"","overlay-color":"","overlay-opacity":"","overlay-gradient":""},"tablet":{"background-color":"var(--ast-global-color-5)","background-image":"","background-repeat":"repeat","background-position":"center center","background-size":"auto","background-attachment":"scroll","background-type":"","background-media":"","overlay-type":"","overlay-color":"","overlay-opacity":"","overlay-gradient":""},"mobile":{"background-color":"var(--ast-global-color-5)","background-image":"","background-repeat":"repeat","background-position":"center center","background-size":"auto","background-attachment":"scroll","background-type":"","background-media":"","overlay-type":"","overlay-color":"","overlay-opacity":"","overlay-gradient":""}},"iawp_total_views":3101,"footnotes":""},"hf_cat_page":[297],"class_list":["post-3043","page","type-page","status-publish","has-post-thumbnail"],"acf":[],"_links":{"self":[{"href":"https:\/\/www.mission-21.org\/fr\/wp-json\/wp\/v2\/pages\/3043","targetHints":{"allow":["GET"]}}],"collection":[{"href":"https:\/\/www.mission-21.org\/fr\/wp-json\/wp\/v2\/pages"}],"about":[{"href":"https:\/\/www.mission-21.org\/fr\/wp-json\/wp\/v2\/types\/page"}],"author":[{"embeddable":true,"href":"https:\/\/www.mission-21.org\/fr\/wp-json\/wp\/v2\/users\/1"}],"replies":[{"embeddable":true,"href":"https:\/\/www.mission-21.org\/fr\/wp-json\/wp\/v2\/comments?post=3043"}],"version-history":[{"count":11,"href":"https:\/\/www.mission-21.org\/fr\/wp-json\/wp\/v2\/pages\/3043\/revisions"}],"predecessor-version":[{"id":15600,"href":"https:\/\/www.mission-21.org\/fr\/wp-json\/wp\/v2\/pages\/3043\/revisions\/15600"}],"up":[{"embeddable":true,"href":"https:\/\/www.mission-21.org\/fr\/wp-json\/wp\/v2\/pages\/212"}],"wp:featuredmedia":[{"embeddable":true,"href":"https:\/\/www.mission-21.org\/fr\/wp-json\/wp\/v2\/media\/3045"}],"wp:attachment":[{"href":"https:\/\/www.mission-21.org\/fr\/wp-json\/wp\/v2\/media?parent=3043"}],"wp:term":[{"taxonomy":"hf_cat_page","embeddable":true,"href":"https:\/\/www.mission-21.org\/fr\/wp-json\/wp\/v2\/hf_cat_page?post=3043"}],"curies":[{"name":"wp","href":"https:\/\/api.w.org\/{rel}","templated":true}]}}