{"id":3046,"date":"2022-09-28T09:05:15","date_gmt":"2022-09-28T07:05:15","guid":{"rendered":"https:\/\/www.mission-21.org\/advocacy\/"},"modified":"2023-04-20T08:53:07","modified_gmt":"2023-04-20T06:53:07","slug":"advocacy","status":"publish","type":"page","link":"https:\/\/www.mission-21.org\/fr\/mitmachen\/advocacy\/","title":{"rendered":"Plaidoyer"},"content":{"rendered":"<img decoding=\"async\" src=\"https:\/\/www.mission-21.org\/wp-content\/uploads\/2022\/08\/csm_header_news_d521d70e38.jpeg\" alt=\"csm header news d521d70e38\" itemprop=\"image\" height=\"688\" width=\"1680\" title=\"csm_Header_News_d521d70e38\" onerror=\"this.style.display='none'\"  \/>\n\t<div class=\"fl-builder-content fl-builder-content-3660 fl-builder-template fl-builder-module-template fl-builder-global-templates-locked\" data-post-id=\"3660\"><div class=\"fl-module fl-module-pp-toc fl-node-xrvkwe8ihtn6 toc\" data-node=\"xrvkwe8ihtn6\">\n\t<div class=\"fl-module-content fl-node-content\">\n\t\t<div class=\"pp-toc-container\">\n\t\n\t<div class=\"pp-toc-body\">\n\t\t\t\t\t<ul class=\"pp-toc-list-wrapper pp-toc-list-icon\"><\/ul>\n\t\t\t\t<\/div>\n<\/div>\n\n\t<\/div>\n<\/div>\n<\/div><div class=\"uabb-js-breakpoint\" style=\"display: none;\"><\/div>\n\t\t\t<a href=\"\/fr\/faire-un-don\/\" target=\"_self\" role=\"button\" aria-label=\"Dons\" rel=\"noopener\">\n\t\t\t\t\t\t\tDons\n\t\t\t\t\t\t\t\t\t<img decoding=\"async\" src=\"https:\/\/www.mission-21.org\/wp-content\/uploads\/2022\/08\/csm_heat-icon_b1dbd40167.png\"\/>\n\t\t<\/a>\n\t\t\t<h1>Bo\u00eete d'information<\/h1>\t\t\t\n\t\t\t\t<p>Advocacy signifie \"plaidoyer\" ou \"intercession\". Son objectif est d'am\u00e9liorer les conditions de vie des personnes d\u00e9favoris\u00e9es et vuln\u00e9rables en collaboration avec elles. Mission 21 est sp\u00e9cialis\u00e9e dans le plaidoyer pour l'\u00e9galit\u00e9 des genres. Nous voulons donner aux personnes les moyens de s'exprimer plus clairement en public pour d\u00e9fendre leurs int\u00e9r\u00eats et une vie digne, et de faire valoir leurs droits.<\/p>\n<h2>\n\t\t \u00c9galit\u00e9 des sexes \n\t<\/h2>\n\t\t\t\t<img decoding=\"async\" src=\"https:\/\/www.mission-21.org\/wp-content\/uploads\/2022\/09\/csm_frauenkonferenz_2018_iwalkwith_aefd6ffed7.jpg\" alt=\"conf\u00e9rence des femmes csm 2018 iwalkwith aefd6ffed7\" itemprop=\"image\" height=\"878\" width=\"1170\" title=\"csm_Frauenkonferenz_2018_iwalkwith_aefd6ffed7\" onerror=\"this.style.display='none'\"  \/>\n\t<p>De nombreuses femmes et filles sont encore victimes de discrimination et de violence fond\u00e9es sur le genre. Leurs possibilit\u00e9s de participer \u00e0 la prise de d\u00e9cision et d'influencer activement leur propre soci\u00e9t\u00e9 sont souvent limit\u00e9es. Mission 21 aspire \u00e0 un monde dans lequel les droits humains s'appliquent sans restriction \u00e0 tous les sexes. Par notre travail de plaidoyer, nous accompagnons les personnes qui s'engagent pour les droits humains des femmes, nous les formons et les pr\u00e9parons \u00e0 transmettre leur savoir. La religion et la foi soutiennent les femmes et les hommes dans ce processus de d\u00e9fense de leurs droits. Chaque ann\u00e9e, nous organisons des ateliers de plaidoyer sur des th\u00e8mes tels que la th\u00e9ologie contextuelle, le leadership int\u00e9gral et les m\u00e9canismes de l'ONU.<\/p>\n<p><a href=\"https:\/\/www.mission-21.org\/fr\/qui-sommes-nous\/stabsstelle-frauen-und-gender\/\">\u25ba en savoir plus sur notre travail pour les droits humains des femmes<\/a><\/p>\n<p><a href=\"https:\/\/www.mission-21.org\/fr\/ce-que-nous-faisons\/projets-et-partenaires\/projet\/programme-pour-legalite-des-genres\/\" target=\"_self\" rel=\"noopener\">\u25ba Programme pour l'\u00e9galit\u00e9 des genres<\/a><\/p>\n<h2>\n\t\tLibert\u00e9 de religion\n\t<\/h2>\n\t\t\t\t<img decoding=\"async\" src=\"https:\/\/www.mission-21.org\/wp-content\/uploads\/2022\/09\/csm_religionsfreiheit_1e7b5ca29b.jpg\" alt=\"csm libert\u00e9 de religion 1e7b5ca29b\" itemprop=\"image\" height=\"878\" width=\"1170\" title=\"csm_libert\u00e9_religieuse_1e7b5ca29b\" onerror=\"this.style.display='none'\"  \/>\n\t<p>Au nom de la religion, des conflits et des atrocit\u00e9s sont r\u00e9guli\u00e8rement perp\u00e9tr\u00e9s contre des membres d'autres communaut\u00e9s religieuses. Mission 21 m\u00e8ne un travail de plaidoyer afin de faire fructifier le potentiel de la religion pour la paix. En collaboration avec nos \u00e9glises et organisations partenaires, nous encourageons les formations continues en mati\u00e8re de travail interreligieux pour la paix. Nous collaborons avec des organisations d'autres religions au-del\u00e0 des fronti\u00e8res ethniques et religieuses et renfor\u00e7ons la confiance entre les communaut\u00e9s religieuses. Chaque ann\u00e9e, nous organisons un colloque sur le travail interreligieux pour la paix en Suisse. Lors d'anniversaires symboliques comme la Journ\u00e9e des droits de l'homme (10 d\u00e9cembre), nous prenons la parole en public et posons des jalons pour la libert\u00e9 de religion.<\/p>\n<p><a href=\"https:\/\/www.mission-21.org\/fr\/participer\/advocacy\/advocacy-liberte-de-religion\/\">\u25ba en savoir plus sur le plaidoyer pour la libert\u00e9 religieuse<\/a><\/p>\n<p>&nbsp;<\/p>","protected":false},"excerpt":{"rendered":"<p>Spenden Info Box Advocacy bedeutet &#8222;Anwaltschaft&#8220; oder &#8222;F\u00fcrsprache&#8220;. Ihr Ziel ist es, die Lebensumst\u00e4nde von benachteiligten und vulnerablen Menschen gemeinsam mit ihnen zu verbessern. Mission 21 ist spezialisiert auf Advocacy f\u00fcr Gendergerechtigkeit. Wir wollen Menschen bef\u00e4higen, dass sie \u00f6ffentlich deutlicher f\u00fcr ihre Anliegen und ein Leben in W\u00fcrde auftreten und ihre Rechte einfordern k\u00f6nnen. Geschlechtergerechtigkeit [&hellip;]<\/p>\n","protected":false},"author":1,"featured_media":3048,"parent":212,"menu_order":0,"comment_status":"closed","ping_status":"closed","template":"","meta":{"_acf_changed":false,"_seopress_robots_primary_cat":"","_seopress_titles_title":"","_seopress_titles_desc":"","_seopress_robots_index":"","_searchwp_excluded":"","site-sidebar-layout":"default","site-content-layout":"","ast-site-content-layout":"default","site-content-style":"default","site-sidebar-style":"default","ast-global-header-display":"","ast-banner-title-visibility":"","ast-main-header-display":"","ast-hfb-above-header-display":"","ast-hfb-below-header-display":"","ast-hfb-mobile-header-display":"","site-post-title":"","ast-breadcrumbs-content":"","ast-featured-img":"","footer-sml-layout":"","ast-disable-related-posts":"","theme-transparent-header-meta":"","adv-header-id-meta":"","stick-header-meta":"","header-above-stick-meta":"","header-main-stick-meta":"","header-below-stick-meta":"","astra-migrate-meta-layouts":"default","ast-page-background-enabled":"default","ast-page-background-meta":{"desktop":{"background-color":"var(--ast-global-color-4)","background-image":"","background-repeat":"repeat","background-position":"center center","background-size":"auto","background-attachment":"scroll","background-type":"","background-media":"","overlay-type":"","overlay-color":"","overlay-opacity":"","overlay-gradient":""},"tablet":{"background-color":"","background-image":"","background-repeat":"repeat","background-position":"center center","background-size":"auto","background-attachment":"scroll","background-type":"","background-media":"","overlay-type":"","overlay-color":"","overlay-opacity":"","overlay-gradient":""},"mobile":{"background-color":"","background-image":"","background-repeat":"repeat","background-position":"center center","background-size":"auto","background-attachment":"scroll","background-type":"","background-media":"","overlay-type":"","overlay-color":"","overlay-opacity":"","overlay-gradient":""}},"ast-content-background-meta":{"desktop":{"background-color":"var(--ast-global-color-5)","background-image":"","background-repeat":"repeat","background-position":"center center","background-size":"auto","background-attachment":"scroll","background-type":"","background-media":"","overlay-type":"","overlay-color":"","overlay-opacity":"","overlay-gradient":""},"tablet":{"background-color":"var(--ast-global-color-5)","background-image":"","background-repeat":"repeat","background-position":"center center","background-size":"auto","background-attachment":"scroll","background-type":"","background-media":"","overlay-type":"","overlay-color":"","overlay-opacity":"","overlay-gradient":""},"mobile":{"background-color":"var(--ast-global-color-5)","background-image":"","background-repeat":"repeat","background-position":"center center","background-size":"auto","background-attachment":"scroll","background-type":"","background-media":"","overlay-type":"","overlay-color":"","overlay-opacity":"","overlay-gradient":""}},"iawp_total_views":32,"footnotes":""},"hf_cat_page":[297],"class_list":["post-3046","page","type-page","status-publish","has-post-thumbnail"],"acf":[],"_links":{"self":[{"href":"https:\/\/www.mission-21.org\/fr\/wp-json\/wp\/v2\/pages\/3046","targetHints":{"allow":["GET"]}}],"collection":[{"href":"https:\/\/www.mission-21.org\/fr\/wp-json\/wp\/v2\/pages"}],"about":[{"href":"https:\/\/www.mission-21.org\/fr\/wp-json\/wp\/v2\/types\/page"}],"author":[{"embeddable":true,"href":"https:\/\/www.mission-21.org\/fr\/wp-json\/wp\/v2\/users\/1"}],"replies":[{"embeddable":true,"href":"https:\/\/www.mission-21.org\/fr\/wp-json\/wp\/v2\/comments?post=3046"}],"version-history":[{"count":5,"href":"https:\/\/www.mission-21.org\/fr\/wp-json\/wp\/v2\/pages\/3046\/revisions"}],"predecessor-version":[{"id":8283,"href":"https:\/\/www.mission-21.org\/fr\/wp-json\/wp\/v2\/pages\/3046\/revisions\/8283"}],"up":[{"embeddable":true,"href":"https:\/\/www.mission-21.org\/fr\/wp-json\/wp\/v2\/pages\/212"}],"wp:featuredmedia":[{"embeddable":true,"href":"https:\/\/www.mission-21.org\/fr\/wp-json\/wp\/v2\/media\/3048"}],"wp:attachment":[{"href":"https:\/\/www.mission-21.org\/fr\/wp-json\/wp\/v2\/media?parent=3046"}],"wp:term":[{"taxonomy":"hf_cat_page","embeddable":true,"href":"https:\/\/www.mission-21.org\/fr\/wp-json\/wp\/v2\/hf_cat_page?post=3046"}],"curies":[{"name":"wp","href":"https:\/\/api.w.org\/{rel}","templated":true}]}}