{"id":3210,"date":"2022-09-29T20:04:12","date_gmt":"2022-09-29T18:04:12","guid":{"rendered":"https:\/\/www.mission-21.org\/?page_id=3210"},"modified":"2026-03-03T15:01:55","modified_gmt":"2026-03-03T14:01:55","slug":"evenements-darchives","status":"publish","type":"page","link":"https:\/\/www.mission-21.org\/fr\/was-wir-tun\/archiv-veranstaltungen\/","title":{"rendered":"Archives des \u00e9v\u00e9nements"},"content":{"rendered":"<img decoding=\"async\" src=\"https:\/\/www.mission-21.org\/wp-content\/uploads\/2022\/08\/csm_header_news_d521d70e38.jpeg\" alt=\"csm header news d521d70e38\" itemprop=\"image\" height=\"688\" width=\"1680\" title=\"csm_Header_News_d521d70e38\" onerror=\"this.style.display='none'\" loading='lazy' \/>\n\t<div class=\"fl-builder-content fl-builder-content-3660 fl-builder-template fl-builder-module-template fl-builder-global-templates-locked\" data-post-id=\"3660\"><div class=\"fl-module fl-module-pp-toc fl-node-xrvkwe8ihtn6 toc\" data-node=\"xrvkwe8ihtn6\">\n\t<div class=\"fl-module-content fl-node-content\">\n\t\t<div class=\"pp-toc-container\">\n\t\n\t<div class=\"pp-toc-body\">\n\t\t\t\t\t<ul class=\"pp-toc-list-wrapper pp-toc-list-icon\"><\/ul>\n\t\t\t\t<\/div>\n<\/div>\n\n\t<\/div>\n<\/div>\n<\/div><div class=\"uabb-js-breakpoint\" style=\"display: none;\"><\/div>\n<h2>\n\t\t\tDossiers des webinaires\t<\/h2>\n\t\t\t\t<img decoding=\"async\" src=\"https:\/\/www.mission-21.org\/wp-content\/uploads\/2025\/09\/keyvisual_internationales-forum-2025-titel_final-mit-logo_weiss_3-zu-2_20250805_nd-e1762157628562.png\" alt=\"keyvisual forum international 2025 titre final avec logo blanc 3 sur 2 20250805 nd\" title=\"keyvisual_internationales-forum-2025-titel_final-mit-logo_weiss_3-zu-2_20250805_nd\" itemprop=\"image\"\/>\n\t\t<h3>Forum international pour la promotion de la paix interreligieuse et transculturelle<\/h3>\t\t\t\n<p>Le troisi\u00e8me Forum international pour la promotion de la paix interreligieuse et transculturelle a eu lieu en ligne les 23 et 24 octobre 2025. Sous le slogan \u00abPeace on Earth. Peace with the Earth\u00bb, la paix avec la Terre. des intervenants* et des participants du monde entier ont \u00e9chang\u00e9 sur la mani\u00e8re dont la paix, la justice et la responsabilit\u00e9 \u00e9cologique sont li\u00e9es. Deux jours de voix inspirantes, de perspectives vari\u00e9es et de visions communes pour un avenir plus pacifique et plus durable.<\/p>\n<a href=\"https:\/\/www.mission-21.org\/fr\/forum-international-2025-retrospective\/\" target=\"_self\">\u25ba Vers le dossier<\/a>\t\t\t\n\t\t\t\t<img decoding=\"async\" src=\"https:\/\/www.mission-21.org\/wp-content\/uploads\/2024\/08\/forum-bild.png\" alt=\"forum image\" title=\"Forum image\" itemprop=\"image\"\/>\n\t\t<h3>Forum international pour la promotion de la paix interreligieuse et transculturelle<\/h3>\t\t\t\n<p>Pour de nombreuses \u00e9glises et organisations partenaires de Mission 21, le travail interreligieux et transculturel pour la paix est un th\u00e8me existentiel, car elles vivent et travaillent dans des r\u00e9gions en crise et en conflit. En 2023, Mission 21 a donc lanc\u00e9 une s\u00e9rie de webinaires sur la promotion de la paix. Les 18 et 19 septembre 2024 a eu lieu la deuxi\u00e8me \u00e9dition du forum international, qui a de nouveau r\u00e9uni plus de 100 participants de quatre continents pour un \u00e9change intensif.<\/p>\n<a href=\"https:\/\/www.mission-21.org\/fr\/forum-international-2024-dossier\/\" target=\"_self\">\u25ba Vers le dossier<\/a>\t\t\t\n\t\t\t\t<img decoding=\"async\" src=\"https:\/\/www.mission-21.org\/wp-content\/uploads\/2022\/09\/csm_zeichenflaeche_11_5ea811d50f-900x451.png\" alt=\"csm surface de dessin 11 5ea811d50f\" title=\"csm_Zeichenflaeche_11_5ea811d50f\" itemprop=\"image\"\/>\n\t\t<h3>D\u00e9coloniser l'aide ?<\/h3>\t\t\t\n<p>Un regard honn\u00eate sur les in\u00e9galit\u00e9s de pouvoir qui persistent dans la coop\u00e9ration au d\u00e9veloppement et une recherche commune de nouvelles strat\u00e9gies de coop\u00e9ration d'\u00e9gal \u00e0 \u00e9gal. Avec des institutions partenaires de quatre continents.<\/p>\n<a href=\"https:\/\/www.mission-21.org\/fr\/ce-que-nous-faisons\/evenements\/decolonize-aid\/\" target=\"_self\">\u25ba Vers le dossier<\/a>\t\t\t\n\t\t\t\t<img decoding=\"async\" src=\"https:\/\/www.mission-21.org\/wp-content\/uploads\/2022\/09\/mission_21_summer_school_2021_banner_1080x2160_v3-900x450.jpg\" alt=\"mission 21 summer school 2021 banni\u00e8re 1080x2160 v3\" title=\"Mission_21_Summer_School_2021_Banner_1080x2160_v3\" itemprop=\"image\"\/>\n\t\t<h3>Mission et Eglise - entre racisme et respect<\/h3>\t\t\t\n\t\t\t\t<p>L'histoire de l'activit\u00e9 missionnaire de l'Europe dans le monde est ambivalente : on y trouve des exemples de rencontres respectueuses, mais aussi d'arrogance occidentale, voire de comportement raciste. Comment l'histoire de la mission et les relations eccl\u00e9siales actuelles sont-elles per\u00e7ues du point de vue de l'Afrique, de l'Asie, de l'Am\u00e9rique latine et de l'Europe ?<\/p>\n<a href=\"https:\/\/www.mission-21.org\/fr\/summer-school-2021\/\" target=\"_self\">\u25ba Vers le dossier<\/a>\t\t\t\n\t\t\t\t<img decoding=\"async\" src=\"https:\/\/www.mission-21.org\/wp-content\/uploads\/2022\/10\/csm_kolonialismus_und_mission_c19cf735ff.jpg\" alt=\"csm colonialisme et mission c19cf735ff\" title=\"csm_colonialisme_et_mission_c19cf735ff\" itemprop=\"image\"\/>\n\t\t<h3>Mission - Colonialisme revisit\u00e9<\/h3>\t\t\t\n\t\t\t\t<p>Quel r\u00f4le les soci\u00e9t\u00e9s missionnaires chr\u00e9tiennes ont-elles jou\u00e9 dans le contexte de l'esclavage et du colonialisme ? Y a-t-il des points de contact historiques avec le racisme et la discrimination ? Mission 21 met en lumi\u00e8re l'histoire complexe de la mission, du colonialisme et de l'esclavage afin d'aiguiser l'attention pour le d\u00e9bat social actuel sur le racisme et la discrimination.<\/p>\n<a href=\"https:\/\/www.mission-21.org\/fr\/ce-que-nous-faisons\/evenements\/mission-colonialisme-revisite\/\" target=\"_self\">\u25ba Vers le dossier<\/a>\t\t\t\n<h2>\n\t\t\tVid\u00e9os des webinaires\t<\/h2>\n\t<a href=\"https:\/\/vimeo.com\/1031110606?share=copy#t=0\" target=\"_blank\" rel=\"noopener\" aria-label=\"Aller sur https:\/\/vimeo.com\/1031110606?share=copy#t=0\"><\/a>\n\t\t\t<h3>La Bible et la crise climatique<\/h3>\t\t\n\t\t\t\t<img decoding=\"async\" src=\"https:\/\/www.mission-21.org\/wp-content\/uploads\/2024\/11\/bible_and_climate_crisis.jpg\" alt=\"bible et crise climatique\" title=\"bible_and_climate_crisis\" itemprop=\"image\"\/>\n\t<a href=\"https:\/\/vimeo.com\/450723777\" target=\"_blank\" rel=\"noopener\" aria-label=\"Aller sur https:\/\/vimeo.com\/450723777\"><\/a>\n\t\t\t<h3>Summer School : Impact des protestations (Session 1)<\/h3>\t\t\n\t\t\t\t<img decoding=\"async\" src=\"https:\/\/www.mission-21.org\/wp-content\/uploads\/2022\/10\/csm_summer_school_session_1_3b27fd2d5a.jpg\" alt=\"csm summer school session 1 3b27fd2d5a\" title=\"csm_Summer_School_Session_1_3b27fd2d5a\" itemprop=\"image\"\/>\n\t<a href=\"https:\/\/vimeo.com\/773232040\" target=\"_blank\" rel=\"noopener\" aria-label=\"Aller sur https:\/\/vimeo.com\/773232040\"><\/a>\n\t\t\t<h3>Dialog International Online : \"(Anti-)racisme dans diff\u00e9rentes religions\".<\/h3>\t\t\n\t\t\t\t<img decoding=\"async\" src=\"https:\/\/www.mission-21.org\/wp-content\/uploads\/2022\/11\/casademujer-suma-jacana-900x507.jpg\" alt=\"casademujer suma jacana\" title=\"casademujer-suma-jacana\" itemprop=\"image\"\/>\n\t<a href=\"https:\/\/vimeo.com\/651453371\" target=\"_blank\" rel=\"noopener\" aria-label=\"Aller sur https:\/\/vimeo.com\/651453371\"><\/a>\n\t\t\t<h3>Dialog International : Droit \u00e0 l'\u00e9ducation pour les filles et les femmes en Tanzanie<\/h3>\t\t\n\t\t\t\t<img decoding=\"async\" src=\"https:\/\/www.mission-21.org\/wp-content\/uploads\/2022\/10\/csm_mary_kategile_8451b5a499-900x507.jpg\" alt=\"csm mary kategile 8451b5a499\" title=\"csm_Mary_Kategile_8451b5a499\" itemprop=\"image\"\/>\n\t<a href=\"https:\/\/vimeo.com\/704484082\" target=\"_blank\" rel=\"noopener\" aria-label=\"Aller sur https:\/\/vimeo.com\/704484082\"><\/a>\n\t\t\t<h3>Dialog International Online : \"(Anti-)racisme dans diff\u00e9rentes religions\".<\/h3>\t\t\n\t\t\t\t<img decoding=\"async\" src=\"https:\/\/www.mission-21.org\/wp-content\/uploads\/2022\/09\/mission_21_summer_school_2021_banner_1080x2160_v3-900x450.jpg\" alt=\"mission 21 summer school 2021 banni\u00e8re 1080x2160 v3\" title=\"Mission_21_Summer_School_2021_Banner_1080x2160_v3\" itemprop=\"image\"\/>\n\t<a href=\"https:\/\/vimeo.com\/680024179\" target=\"_blank\" rel=\"noopener\" aria-label=\"Aller sur https:\/\/vimeo.com\/680024179\"><\/a>\n\t\t\t<h3>Dialog International : Lire la Bible avec un autre regard<\/h3>\t\t\n\t\t\t\t<img decoding=\"async\" src=\"https:\/\/www.mission-21.org\/wp-content\/uploads\/2022\/10\/csm_dialog_f431895476-900x507.jpg\" alt=\"csm dialogue f431895476\" title=\"csm_dialog_f431895476\" itemprop=\"image\"\/>\n\t<a href=\"https:\/\/vimeo.com\/640260572\" target=\"_blank\" rel=\"noopener\" aria-label=\"Aller sur https:\/\/vimeo.com\/640260572\"><\/a>\n\t\t\t<h3>Dialog International : Nigeria - Conflit interreligieux ou guerre climatique ?<\/h3>\t\t\n\t\t\t\t<img decoding=\"async\" src=\"https:\/\/www.mission-21.org\/wp-content\/uploads\/2022\/10\/csm_bild1_dec0b19aaa.jpg\" alt=\"csm image1 dec0b19aaa\" title=\"csm_image1_dec0b19aaa\" itemprop=\"image\"\/>\n\t<a href=\"https:\/\/vimeo.com\/526135753\" target=\"_blank\" rel=\"noopener\" aria-label=\"Aller sur https:\/\/vimeo.com\/526135753\"><\/a>\n\t\t\t<h3>Dialog International : Religion et d\u00e9veloppement<\/h3>\t\t\n\t\t\t\t<img decoding=\"async\" src=\"https:\/\/www.mission-21.org\/wp-content\/uploads\/2022\/10\/csm_religion_und_entwicklung_video_6c19b12065-900x507.jpg\" alt=\"csm religion et d\u00e9veloppement vid\u00e9o 6c19b12065\" title=\"csm_Religion_und_Entwicklung_Video_6c19b12065\" itemprop=\"image\"\/>\n\t<a href=\"https:\/\/vimeo.com\/430636693\" target=\"_blank\" rel=\"noopener\" aria-label=\"Aller sur https:\/\/vimeo.com\/430636693\"><\/a>\n\t\t\t<h3>Dialog International : Le mouvement d\u00e9mocratique de Hong Kong<\/h3>\t\t\n\t\t\t\t<img decoding=\"async\" src=\"https:\/\/www.mission-21.org\/wp-content\/uploads\/2022\/10\/csm_facebook_stream_dialog_international_hongkong_cbuess_31eb7d9986.jpg\" alt=\"csm facebook stream dialogue international hong Kong cbuess 31eb7d9986\" title=\"csm_Facebook_Stream_Dialog_International_Hongkong_CBuess_31eb7d9986\" itemprop=\"image\"\/>\n\t<a href=\"https:\/\/vimeo.com\/460848449\" target=\"_blank\" rel=\"noopener\" aria-label=\"Aller sur https:\/\/vimeo.com\/460848449\"><\/a>\n\t\t\t<h3>Dialog International : Espoir de paix au Sud-Soudan<\/h3>\t\t\n\t\t\t\t<img decoding=\"async\" src=\"https:\/\/www.mission-21.org\/wp-content\/uploads\/2022\/10\/csm_webinar_suedsudan_20200921_fff0fa732a.jpg\" alt=\"csm webinar suedsudan 20200921 fff0fa732a\" title=\"csm_Webinar_Suedsudan_20200921_fff0fa732a\" itemprop=\"image\"\/>\n<h2>\n\t\t\tRapports sur les \u00e9v\u00e9nements\t<\/h2>\n\t\t\t\t\t\t\t\t\t\t\t\t\t\t<a href=\"https:\/\/www.mission-21.org\/fr\/le-forum-de-mission-21-pour-la-paix-avec-la-terre-donne-des-impulsions-inspirantes\/\" target=\"_self\" title=\"Paix avec la Terre : le forum de Mission 21 donne des impulsions inspirantes\">\n\t\t\t\t<img decoding=\"async\" src=\"https:\/\/www.mission-21.org\/wp-content\/uploads\/2025\/10\/foto_international-forum-2025b_20251024_cwe_neu_4-zu-3-900x675.jpg\" alt=\"Une capture d&#039;\u00e9cran avec des participants au &quot;Forum 2025&quot; en ligne de Mission 21\" \/>\n\t\t\t\t<\/a>\n\t\t\t\t\t\t<h4>\n\t\t\t\t<a href=\"https:\/\/www.mission-21.org\/fr\/le-forum-de-mission-21-pour-la-paix-avec-la-terre-donne-des-impulsions-inspirantes\/\" title=\"Paix avec la Terre : le forum de Mission 21 donne des impulsions inspirantes\">Paix avec la Terre : le forum de Mission 21 donne des impulsions inspirantes<\/a>\t\t\t<\/h4>\n\t\t\t\t\t\t\t<h5>\n\t\t\t3 novembre 2025\t\t\t\n\t\t\t\t\t\t\t<\/h5>\n\t\t\t\t\t\t\t\t\t\t\t\t\t\t<a href=\"https:\/\/www.mission-21.org\/fr\/decoloniser-la-theologie-mais-comment-un-webinaire-de-mission-21-cherche-des-reponses\/\" target=\"_self\" title=\"D\u00e9coloniser la th\u00e9ologie, mais comment ? - Un webinaire de Mission 21 cherche des r\u00e9ponses\">\n\t\t\t\t<img decoding=\"async\" src=\"https:\/\/www.mission-21.org\/wp-content\/uploads\/2025\/09\/referenten_webinar_decolonizing-theology_2025-09-03-900x675.png\" alt=\"webinaire des intervenants D\u00e9coloniser la th\u00e9ologie 2025 09 03\" \/>\n\t\t\t\t<\/a>\n\t\t\t\t\t\t<h4>\n\t\t\t\t<a href=\"https:\/\/www.mission-21.org\/fr\/decoloniser-la-theologie-mais-comment-un-webinaire-de-mission-21-cherche-des-reponses\/\" title=\"D\u00e9coloniser la th\u00e9ologie, mais comment ? - Un webinaire de Mission 21 cherche des r\u00e9ponses\">D\u00e9coloniser la th\u00e9ologie, mais comment ? - Un webinaire de Mission 21 cherche des r\u00e9ponses<\/a>\t\t\t<\/h4>\n\t\t\t\t\t\t\t<h5>\n\t\t\t12 septembre 2025\t\t\t\n\t\t\t\t\t\t\t<\/h5>\n\t\t\t\t\t\t\t\t\t\t\t\t\t\t<a href=\"https:\/\/www.mission-21.org\/fr\/visite-royale-du-ghana-a-mission-21\/\" target=\"_self\" title=\"Visite royale du Ghana \u00e0 Mission 21\">\n\t\t\t\t<img decoding=\"async\" src=\"https:\/\/www.mission-21.org\/wp-content\/uploads\/2025\/07\/img_0394_delegation-ghana_notse-nii-nortey-owuo-iv_20250729_4-zu-3_b-900x675.jpg\" alt=\"img 0394 d\u00e9l\u00e9gation ghana notse nii nortey owuo iv 20250729 4 \u00e0 3 b\" \/>\n\t\t\t\t<\/a>\n\t\t\t\t\t\t<h4>\n\t\t\t\t<a href=\"https:\/\/www.mission-21.org\/fr\/visite-royale-du-ghana-a-mission-21\/\" title=\"Visite royale du Ghana \u00e0 Mission 21\">Visite royale du Ghana \u00e0 Mission 21<\/a>\t\t\t<\/h4>\n\t\t\t\t\t\t\t<h5>\n\t\t\t30 juillet 2025\t\t\t\n\t\t\t\t\t\t\t<\/h5>\n\t\t\t\t\t\t\t\t\t\t\t\t\t\t<a href=\"https:\/\/www.mission-21.org\/fr\/synode-international-la-decolonisation-comme-ligne-directrice\/\" target=\"_self\" title=\"Synode international : la d\u00e9colonisation comme ligne directrice\">\n\t\t\t\t<img decoding=\"async\" src=\"https:\/\/www.mission-21.org\/wp-content\/uploads\/2025\/07\/screenshot-1-fuer-web-news-900x675.png\" alt=\"Capture d&#039;\u00e9cran avec quelques d\u00e9l\u00e9gu\u00e9s du Synode 2025 de Mission 21.\" \/>\n\t\t\t\t<\/a>\n\t\t\t\t\t\t<h4>\n\t\t\t\t<a href=\"https:\/\/www.mission-21.org\/fr\/synode-international-la-decolonisation-comme-ligne-directrice\/\" title=\"Synode international : la d\u00e9colonisation comme ligne directrice\">Synode international : la d\u00e9colonisation comme ligne directrice<\/a>\t\t\t<\/h4>\n\t\t\t\t\t\t\t<h5>\n\t\t\t4 juillet 2025\t\t\t\n\t\t\t\t\t\t\t<\/h5>\n\t\t\t\t\t\t\t\t\t\t\t\t\t\t<a href=\"https:\/\/www.mission-21.org\/fr\/la-reconciliation-en-ligne-de-mire-que-pouvons-nous-faire-contre-les-conflits\/\" target=\"_self\" title=\"Focus sur la r\u00e9conciliation : que pouvons-nous faire contre les conflits ?\">\n\t\t\t\t<img decoding=\"async\" src=\"https:\/\/www.mission-21.org\/wp-content\/uploads\/2024\/09\/img_forum-2024_teilnehmende3_20240920_cwe-e1727187977221-900x674.jpg\" alt=\"img forum 2024 participants3 20240920 cwe\" \/>\n\t\t\t\t<\/a>\n\t\t\t\t\t\t<h4>\n\t\t\t\t<a href=\"https:\/\/www.mission-21.org\/fr\/la-reconciliation-en-ligne-de-mire-que-pouvons-nous-faire-contre-les-conflits\/\" title=\"Focus sur la r\u00e9conciliation : que pouvons-nous faire contre les conflits ?\">Focus sur la r\u00e9conciliation : que pouvons-nous faire contre les conflits ?<\/a>\t\t\t<\/h4>\n\t\t\t\t\t\t\t<h5>\n\t\t\t24 septembre 2024\t\t\t\n\t\t\t\t\t\t\t<\/h5>\n\t\t\t\t\t\t\t\t\t\t\t\t\t\t<a href=\"https:\/\/www.mission-21.org\/fr\/les-ecoles-pour-filles-cetait-radical-a-lepoque\/\" target=\"_self\" title=\"&quot;Les \u00e9coles de filles : C&#039;\u00e9tait radical \u00e0 l&#039;\u00e9poque&quot;\">\n\t\t\t\t<img decoding=\"async\" src=\"https:\/\/www.mission-21.org\/wp-content\/uploads\/2024\/01\/brahman-maedchenschuel__pu_20240225_c-30-54-011.jpg\" alt=\"\u00e9cole de filles brahman pu 20240225 c 30 54 011\" \/>\n\t\t\t\t<\/a>\n\t\t\t\t\t\t<h4>\n\t\t\t\t<a href=\"https:\/\/www.mission-21.org\/fr\/les-ecoles-pour-filles-cetait-radical-a-lepoque\/\" title=\"&quot;Les \u00e9coles de filles : C&#039;\u00e9tait radical \u00e0 l&#039;\u00e9poque&quot;\">\"Les \u00e9coles de filles : C'\u00e9tait radical \u00e0 l'\u00e9poque\"<\/a>\t\t\t<\/h4>\n\t\t\t\t\t\t\t<h5>\n\t\t\t12 mars 2024\t\t\t\n\t\t\t\t\t\t\t<\/h5>\n<h3>\n\t\t<a href=\"https:\/\/www.mission-21.org\/fr\/informer\/news\/?_kategorien=events\" title=\"\u25ba Autres rapports d&#039;\u00e9v\u00e9nements\"  target=\"_self\">\n\t\t\t\u25ba Autres rapports d'\u00e9v\u00e9nements\t\t<\/a>\n\t<\/h3>","protected":false},"excerpt":{"rendered":"<p>Webinar-Dossiers Internationales Forum f\u00fcr interreligi\u00f6se und transkulturelle Friedensf\u00f6rderung Am 23. und 24. Oktober 2025 fand das dritte Internationale Forum f\u00fcr interreligi\u00f6se und transkulturelle Friedensf\u00f6rderung online statt. Unter dem Motto \u00abPeace on Earth. Peace with the Earth.\u00bb tauschten sich Referent*innen und Teilnehmende aus aller Welt dar\u00fcber aus, wie Frieden, Gerechtigkeit und \u00f6kologische Verantwortung zusammenh\u00e4ngen. Zwei Tage [&hellip;]<\/p>\n","protected":false},"author":1,"featured_media":3212,"parent":205,"menu_order":0,"comment_status":"closed","ping_status":"closed","template":"","meta":{"_acf_changed":false,"_seopress_robots_primary_cat":"","_seopress_titles_title":"","_seopress_titles_desc":"","_seopress_robots_index":"","_searchwp_excluded":"","site-sidebar-layout":"default","site-content-layout":"","ast-site-content-layout":"default","site-content-style":"default","site-sidebar-style":"default","ast-global-header-display":"","ast-banner-title-visibility":"","ast-main-header-display":"","ast-hfb-above-header-display":"","ast-hfb-below-header-display":"","ast-hfb-mobile-header-display":"","site-post-title":"","ast-breadcrumbs-content":"","ast-featured-img":"","footer-sml-layout":"","ast-disable-related-posts":"","theme-transparent-header-meta":"","adv-header-id-meta":"","stick-header-meta":"","header-above-stick-meta":"","header-main-stick-meta":"","header-below-stick-meta":"","astra-migrate-meta-layouts":"set","ast-page-background-enabled":"default","ast-page-background-meta":{"desktop":{"background-color":"var(--ast-global-color-4)","background-image":"","background-repeat":"repeat","background-position":"center center","background-size":"auto","background-attachment":"scroll","background-type":"","background-media":"","overlay-type":"","overlay-color":"","overlay-opacity":"","overlay-gradient":""},"tablet":{"background-color":"","background-image":"","background-repeat":"repeat","background-position":"center center","background-size":"auto","background-attachment":"scroll","background-type":"","background-media":"","overlay-type":"","overlay-color":"","overlay-opacity":"","overlay-gradient":""},"mobile":{"background-color":"","background-image":"","background-repeat":"repeat","background-position":"center center","background-size":"auto","background-attachment":"scroll","background-type":"","background-media":"","overlay-type":"","overlay-color":"","overlay-opacity":"","overlay-gradient":""}},"ast-content-background-meta":{"desktop":{"background-color":"var(--ast-global-color-5)","background-image":"","background-repeat":"repeat","background-position":"center center","background-size":"auto","background-attachment":"scroll","background-type":"","background-media":"","overlay-type":"","overlay-color":"","overlay-opacity":"","overlay-gradient":""},"tablet":{"background-color":"var(--ast-global-color-5)","background-image":"","background-repeat":"repeat","background-position":"center center","background-size":"auto","background-attachment":"scroll","background-type":"","background-media":"","overlay-type":"","overlay-color":"","overlay-opacity":"","overlay-gradient":""},"mobile":{"background-color":"var(--ast-global-color-5)","background-image":"","background-repeat":"repeat","background-position":"center center","background-size":"auto","background-attachment":"scroll","background-type":"","background-media":"","overlay-type":"","overlay-color":"","overlay-opacity":"","overlay-gradient":""}},"iawp_total_views":330,"footnotes":""},"hf_cat_page":[300],"class_list":["post-3210","page","type-page","status-publish","has-post-thumbnail"],"acf":[],"_links":{"self":[{"href":"https:\/\/www.mission-21.org\/fr\/wp-json\/wp\/v2\/pages\/3210","targetHints":{"allow":["GET"]}}],"collection":[{"href":"https:\/\/www.mission-21.org\/fr\/wp-json\/wp\/v2\/pages"}],"about":[{"href":"https:\/\/www.mission-21.org\/fr\/wp-json\/wp\/v2\/types\/page"}],"author":[{"embeddable":true,"href":"https:\/\/www.mission-21.org\/fr\/wp-json\/wp\/v2\/users\/1"}],"replies":[{"embeddable":true,"href":"https:\/\/www.mission-21.org\/fr\/wp-json\/wp\/v2\/comments?post=3210"}],"version-history":[{"count":11,"href":"https:\/\/www.mission-21.org\/fr\/wp-json\/wp\/v2\/pages\/3210\/revisions"}],"predecessor-version":[{"id":19867,"href":"https:\/\/www.mission-21.org\/fr\/wp-json\/wp\/v2\/pages\/3210\/revisions\/19867"}],"up":[{"embeddable":true,"href":"https:\/\/www.mission-21.org\/fr\/wp-json\/wp\/v2\/pages\/205"}],"wp:featuredmedia":[{"embeddable":true,"href":"https:\/\/www.mission-21.org\/fr\/wp-json\/wp\/v2\/media\/3212"}],"wp:attachment":[{"href":"https:\/\/www.mission-21.org\/fr\/wp-json\/wp\/v2\/media?parent=3210"}],"wp:term":[{"taxonomy":"hf_cat_page","embeddable":true,"href":"https:\/\/www.mission-21.org\/fr\/wp-json\/wp\/v2\/hf_cat_page?post=3210"}],"curies":[{"name":"wp","href":"https:\/\/api.w.org\/{rel}","templated":true}]}}