{"id":3229,"date":"2022-09-29T20:40:21","date_gmt":"2022-09-29T18:40:21","guid":{"rendered":"https:\/\/www.mission-21.org\/?page_id=3229"},"modified":"2025-07-22T14:54:35","modified_gmt":"2025-07-22T12:54:35","slug":"specialistes-conferences","status":"publish","type":"page","link":"https:\/\/www.mission-21.org\/fr\/was-wir-tun\/fachpersonen-fuer-vortraege\/","title":{"rendered":"Sp\u00e9cialistes pour les conf\u00e9rences"},"content":{"rendered":"<img decoding=\"async\" src=\"https:\/\/www.mission-21.org\/wp-content\/uploads\/2022\/08\/csm_header_news_d521d70e38.jpeg\" alt=\"csm header news d521d70e38\" itemprop=\"image\" height=\"688\" width=\"1680\" title=\"csm_Header_News_d521d70e38\" onerror=\"this.style.display='none'\" loading='lazy' \/>\n\t<div class=\"fl-builder-content fl-builder-content-3660 fl-builder-template fl-builder-module-template fl-builder-global-templates-locked\" data-post-id=\"3660\"><div class=\"fl-module fl-module-pp-toc fl-node-xrvkwe8ihtn6 toc\" data-node=\"xrvkwe8ihtn6\">\n\t<div class=\"fl-module-content fl-node-content\">\n\t\t<div class=\"pp-toc-container\">\n\t\n\t<div class=\"pp-toc-body\">\n\t\t\t\t\t<ul class=\"pp-toc-list-wrapper pp-toc-list-icon\"><\/ul>\n\t\t\t\t<\/div>\n<\/div>\n\n\t<\/div>\n<\/div>\n<\/div><div class=\"uabb-js-breakpoint\" style=\"display: none;\"><\/div>\n\t\t\t<a href=\"\/fr\/faire-un-don\/\" title=\"Cliquez ici\" target=\"_self\"   role=\"button\" aria-label=\"Dons\">\n\t\t\t\t\t\t\tDons\n\t\t\t\t\t\t\t\t\t<img decoding=\"async\" src=\"https:\/\/www.mission-21.org\/wp-content\/uploads\/2022\/08\/csm_heat-icon_b1dbd40167.png\"\/>\n\t\t<\/a>\n\t<p>Nous nous ferons un plaisir de passer chez vous. Les sp\u00e9cialistes de Mission 21 vous donneront un aper\u00e7u clair de nos domaines d'action : promotion de la paix, \u00e9ducation, formation pour le changement social, sant\u00e9 ou souverainet\u00e9 alimentaire. Nous vous informons sur notre aide humanitaire et sur notre engagement pour l'\u00e9galit\u00e9 des genres ainsi que pour la bonne gouvernance et les droits de l'homme dans tous nos projets. Nous vous pr\u00e9sentons le travail de projet de nos \u00e9glises et organisations partenaires en Afrique, en Asie et en Am\u00e9rique latine et vous plongeons dans les 200 ans d'histoire de Mission 21 et de ses associations responsables.<\/p>\n<p>Nos intervenants se tiennent \u00e0 disposition pour des s\u00e9ances d'information, des services religieux, des cours ou des \u00e9v\u00e9nements de remerciement pour les b\u00e9n\u00e9voles.<\/p>\n<p>Des th\u00e8mes d'actualit\u00e9 peuvent \u00eatre discut\u00e9s lors de rencontres personnelles. Par exemple : \"Comment fonctionne la coop\u00e9ration personnelle au d\u00e9veloppement d'\u00e9gal \u00e0 \u00e9gal ?\" - \"Que signifie la mission aujourd'hui ?\" ou \"O\u00f9 se situent les possibilit\u00e9s et les limites de l'\u00e9change transculturel et de la promotion interreligieuse de la paix ?\" Nous nous r\u00e9jouissons de votre prise de contact !<\/p>\n\t\t<a href=\"https:\/\/www.mission-21.org\/fr\/equipe\/monika-di-pietrantonio\/\" title=\"Afficher le contenu du panneau d&#039;affichage\" target=\"_self\"  aria-label=\"\u00c9l\u00e9ment de courrier\"><\/a>\t\t\n\t<meta itemscope itemprop=\"mainEntityOfPage\" itemtype=\"https:\/\/schema.org\/WebPage\" itemid=\"https:\/\/www.mission-21.org\/team\/monika-di-pietrantonio\/\" content=\"Monika Di Pietrantonio\" \/><meta itemprop=\"datePublished\" content=\"2022-09-29\" \/><meta itemprop=\"dateModified\" content=\"2024-11-14\" \/><meta itemprop=\"name\" content=\"Mission 21\"\/><meta itemprop=\"url\" content=\"https:\/\/www.mission-21.org\/wp-content\/uploads\/2022\/08\/de-blau.svg\"\/><meta itemprop=\"url\" content=\"https:\/\/www.mission-21.org\/author\/fabrizio\/\" \/><meta itemprop=\"name\" content=\"Fabrizio Fracassi\" \/><meta itemprop=\"url\" content=\"https:\/\/www.mission-21.org\/wp-content\/uploads\/2022\/09\/monika_2024_2.jpg\" \/><meta itemprop=\"width\" content=\"1500\" \/><meta itemprop=\"height\" content=\"1500\" \/><meta itemprop=\"interactionType\" content=\"https:\/\/schema.org\/CommentAction\" \/><meta itemprop=\"userInteractionCount\" content=\"0\" \/>\n\t<img width=\"1200\" height=\"1200\" src=\"https:\/\/www.mission-21.org\/wp-content\/uploads\/2022\/09\/monika_2024_2-1200x1200.jpg\" alt=\"monika 2024 2\" itemprop=\"image\" decoding=\"async\" srcset=\"https:\/\/www.mission-21.org\/wp-content\/uploads\/2022\/09\/monika_2024_2-1200x1200.jpg 1200w, https:\/\/www.mission-21.org\/wp-content\/uploads\/2022\/09\/monika_2024_2-900x900.jpg 900w, https:\/\/www.mission-21.org\/wp-content\/uploads\/2022\/09\/monika_2024_2-300x300.jpg 300w, https:\/\/www.mission-21.org\/wp-content\/uploads\/2022\/09\/monika_2024_2-768x768.jpg 768w, https:\/\/www.mission-21.org\/wp-content\/uploads\/2022\/09\/monika_2024_2-12x12.jpg 12w, https:\/\/www.mission-21.org\/wp-content\/uploads\/2022\/09\/monika_2024_2-800x800.jpg 800w, https:\/\/www.mission-21.org\/wp-content\/uploads\/2022\/09\/monika_2024_2-600x600.jpg 600w, https:\/\/www.mission-21.org\/wp-content\/uploads\/2022\/09\/monika_2024_2-100x100.jpg 100w, https:\/\/www.mission-21.org\/wp-content\/uploads\/2022\/09\/monika_2024_2.jpg 1500w\" sizes=\"(max-width: 1200px) 100vw, 1200px\" \/>\n<h3>Monika Di Pietrantonio<\/h3>\n<p>Responsable de l'administration des offres de formation<br \/>T\u00e9l : +41 (0)61 260 22 67<br \/><a href=\"mailto:monika.dipietrantonio@mission-21.org\">\u25ba Courrier \u00e9lectronique<\/a><\/p>\n\t\t\t<h2>Th\u00e8mes possibles de la conf\u00e9rence<\/h2>\t\t\t\n\t\t\t\t<p>Sur demande, nous vous mettons volontiers en contact avec une personne comp\u00e9tente pour votre \u00e9v\u00e9nement. Contribution aux frais pour les honoraires et les frais selon accord. Par exemple sur l'un des th\u00e8mes suivants :<\/p>\n\t\t\t\t<img decoding=\"async\" src=\"https:\/\/www.mission-21.org\/wp-content\/uploads\/2022\/09\/csm_header_divers_00c1ebdce0-900x507.jpg\" alt=\"csm header divers 00c1ebdce0\" title=\"csm_Header_Divers_00c1ebdce0\" itemprop=\"image\"\/>\n\t\t<h3>Mission en g\u00e9n\u00e9ral<\/h3>\t\t\t\n\t\t\t\t<p>Des sp\u00e9cialistes vous montreront comment la mission ouvre aujourd'hui de nouvelles possibilit\u00e9s d'\u00e9changes mutuels et de rencontres d'\u00e9gal \u00e0 \u00e9gal.<\/p>\n<a href=\"mailto:Monika.DiPietrantonio@mission-21.org\" target=\"_blank\" rel=\"noopener\">\u25ba R\u00e9server une conf\u00e9rence<\/a>\t\t\t\n\t\t\t\t<img decoding=\"async\" src=\"https:\/\/www.mission-21.org\/wp-content\/uploads\/2022\/10\/csm_symbolbild__bildung_8b00b43a5c.jpg\" alt=\"csm image symbole formation 8b00b43a5c\" title=\"csm_Symbolbild__Bildung_8b00b43a5c\" itemprop=\"image\"\/>\n\t\t<h3>\u00c9ducation<\/h3>\t\t\t\n\t\t\t\t<p>L'\u00e9ducation permet aux gens de fa\u00e7onner leur propre vie et d'assumer des responsabilit\u00e9s. Des sp\u00e9cialistes donnent un aper\u00e7u des projets de formation de Mission 21.<\/p>\n<a href=\"mailto:Monika.DiPietrantonio@mission-21.org\" target=\"_blank\" rel=\"noopener\">\u25ba R\u00e9server une conf\u00e9rence<\/a>\t\t\t\n\t\t\t\t<img decoding=\"async\" src=\"https:\/\/www.mission-21.org\/wp-content\/uploads\/2022\/10\/csm_bolivien_landw._exist._420.1016_01_c7ac4b1415.jpg\" alt=\"csm bolivie agriculture exist. 420.1016 01 c7ac4b1415\" title=\"csm_Bolivien_Landw._Exist._420.1016_01_c7ac4b1415\" itemprop=\"image\"\/>\n\t\t<h3>Souverainet\u00e9 alimentaire<\/h3>\t\t\t\n\t\t\t\t<p>Environ 870 millions de personnes souffrent de la faim dans le monde. Nous montrons o\u00f9 et comment Mission 21 s'engage pour la souverainet\u00e9 alimentaire.<\/p>\n<a href=\"mailto:Monika.DiPietrantonio@mission-21.org\" target=\"_blank\" rel=\"noopener\">\u25ba R\u00e9server une conf\u00e9rence<\/a>\t\t\t\n\t\t\t\t<img decoding=\"async\" src=\"https:\/\/www.mission-21.org\/wp-content\/uploads\/2022\/10\/csm_symbolbild_frieden_6ff4fa580e.jpg\" alt=\"csm image symbole de paix 6ff4fa580e\" title=\"csm_image_symbole_de_paix_6ff4fa580e\" itemprop=\"image\"\/>\n\t\t<h3>Promotion de la paix<\/h3>\t\t\t\n\t\t\t\t<p>De nombreux conflits sont li\u00e9s \u00e0 la religion ou \u00e0 l'ethnie. Des sp\u00e9cialistes vous donnent un aper\u00e7u du travail de longue haleine de Mission 21 en faveur de la paix.<\/p>\n<a href=\"mailto:Monika.DiPietrantonio@mission-21.org\" target=\"_blank\" rel=\"noopener\">\u25ba R\u00e9server une conf\u00e9rence<\/a>\t\t\t\n\t\t\t\t<img decoding=\"async\" src=\"https:\/\/www.mission-21.org\/wp-content\/uploads\/2022\/10\/csm_symbolbild_gesundheit_3e68e5667a.jpg\" alt=\"csm image symbole sant\u00e9 3e68e5667a\" title=\"csm_image_symbole_sant\u00e9_3e68e5667a\" itemprop=\"image\"\/>\n\t\t<h3>Sant\u00e9<\/h3>\t\t\t\n\t\t\t\t<p>La sant\u00e9 est un droit humain. Mission 21 permet notamment aux personnes vivant dans des zones rurales recul\u00e9es d'acc\u00e9der aux soins m\u00e9dicaux de base. Nous vous en donnons volontiers un aper\u00e7u.<\/p>\n<a href=\"mailto:Monika.DiPietrantonio@mission-21.org\" target=\"_blank\" rel=\"noopener\">\u25ba R\u00e9server une conf\u00e9rence<\/a>\t\t\t\n\t\t\t\t<img decoding=\"async\" src=\"https:\/\/www.mission-21.org\/wp-content\/uploads\/2022\/10\/csm_rith_4ce1dbda82.jpg\" alt=\"csm rith 4ce1dbda82\" title=\"csm_rith_4ce1dbda82\" itemprop=\"image\"\/>\n\t\t<h3>En savoir plus sur un projet ?<\/h3>\t\t\t\n\t\t\t\t<p>Nos responsables de programme ou nos collaborateurs internationaux se feront un plaisir de vous renseigner sur le travail effectu\u00e9 sur place.<\/p>\n<p><a href=\"https:\/\/www.mission-21.org\/fr\/ce-que-nous-faisons\/projets-et-partenaires\/\">\u25ba sur les projets<\/a><\/p>\n<a href=\"mailto:Monika.DiPietrantonio@mission-21.org\" target=\"_blank\" rel=\"noopener\">\u25ba R\u00e9server une conf\u00e9rence<\/a>\t\t\t\n\t\t\t\t<img decoding=\"async\" src=\"https:\/\/www.mission-21.org\/wp-content\/uploads\/2022\/10\/csm_indonesien_friede_225.1008_03_6f41292b3c.jpg\" alt=\"csm indon\u00e9sie paix 225.1008 03 6f41292b3c\" title=\"csm_Indonesien_Friede_225.1008_03_6f41292b3c\" itemprop=\"image\"\/>\n\t\t<h3>\u00c9galit\u00e9 des genres<\/h3>\t\t\t\n\t\t\t\t<p>De nombreuses femmes et filles sont victimes de discrimination et de violence en raison de leur sexe. Mission 21 s'engage \u00e0 plusieurs niveaux en faveur de l'\u00e9galit\u00e9 des sexes.\u00a0<\/p>\n<a href=\"mailto:Monika.DiPietrantonio@mission-21.org\" target=\"_blank\" rel=\"noopener\">\u25ba R\u00e9server une conf\u00e9rence<\/a>\t\t\t\n\t\t\t\t<img decoding=\"async\" src=\"https:\/\/www.mission-21.org\/wp-content\/uploads\/2022\/10\/csm_pep__840.1020_01_824ab9e0c4.jpg\" alt=\"csm pep 840.1020 01 824ab9e0c4\" title=\"csm_PEP__840.1020_01_824ab9e0c4\" itemprop=\"image\"\/>\n\t\t<h3>Int\u00e9ress\u00e9 par un pays en particulier ?<\/h3>\t\t\t\n\t\t\t\t<p>Nous vous conseillons volontiers et vous mettons en contact avec un sp\u00e9cialiste pour une pr\u00e9sentation sur un pays de projet de votre choix.<\/p>\n<p><a href=\"https:\/\/www.mission-21.org\/fr\/ce-que-nous-faisons\/pays-du-projet\/\">\u25ba vers l'aper\u00e7u des pays<\/a><\/p>\n<a href=\"mailto:Monika.DiPietrantonio@mission-21.org\" target=\"_blank\" rel=\"noopener\">\u25ba R\u00e9server une conf\u00e9rence<\/a>","protected":false},"excerpt":{"rendered":"<p>Spenden Gerne kommen wir bei Ihnen vorbei. Die Fachpersonen von Mission 21 geben Ihnen einen anschaulichen Einblick in unsere Wirkungsbereiche Friedensf\u00f6rderung, Bildung, Bildung f\u00fcr den sozialen Wandel, Gesundheit oder Ern\u00e4hrungssouver\u00e4nit\u00e4t. Wir informieren \u00fcber unsere humanit\u00e4re Hilfe und den Einsatz f\u00fcr Gendergerechtigkeit sowie f\u00fcr Good Governance und Menschenrechte in allen unserer Projekten. Wir stellen die Projektarbeit [&hellip;]<\/p>\n","protected":false},"author":1,"featured_media":3231,"parent":205,"menu_order":0,"comment_status":"closed","ping_status":"closed","template":"","meta":{"_acf_changed":false,"_seopress_robots_primary_cat":"","_seopress_titles_title":"","_seopress_titles_desc":"","_seopress_robots_index":"","_searchwp_excluded":"","site-sidebar-layout":"default","site-content-layout":"","ast-site-content-layout":"default","site-content-style":"default","site-sidebar-style":"default","ast-global-header-display":"","ast-banner-title-visibility":"","ast-main-header-display":"","ast-hfb-above-header-display":"","ast-hfb-below-header-display":"","ast-hfb-mobile-header-display":"","site-post-title":"","ast-breadcrumbs-content":"","ast-featured-img":"","footer-sml-layout":"","ast-disable-related-posts":"","theme-transparent-header-meta":"","adv-header-id-meta":"","stick-header-meta":"","header-above-stick-meta":"","header-main-stick-meta":"","header-below-stick-meta":"","astra-migrate-meta-layouts":"set","ast-page-background-enabled":"default","ast-page-background-meta":{"desktop":{"background-color":"var(--ast-global-color-4)","background-image":"","background-repeat":"repeat","background-position":"center center","background-size":"auto","background-attachment":"scroll","background-type":"","background-media":"","overlay-type":"","overlay-color":"","overlay-opacity":"","overlay-gradient":""},"tablet":{"background-color":"","background-image":"","background-repeat":"repeat","background-position":"center center","background-size":"auto","background-attachment":"scroll","background-type":"","background-media":"","overlay-type":"","overlay-color":"","overlay-opacity":"","overlay-gradient":""},"mobile":{"background-color":"","background-image":"","background-repeat":"repeat","background-position":"center center","background-size":"auto","background-attachment":"scroll","background-type":"","background-media":"","overlay-type":"","overlay-color":"","overlay-opacity":"","overlay-gradient":""}},"ast-content-background-meta":{"desktop":{"background-color":"var(--ast-global-color-5)","background-image":"","background-repeat":"repeat","background-position":"center center","background-size":"auto","background-attachment":"scroll","background-type":"","background-media":"","overlay-type":"","overlay-color":"","overlay-opacity":"","overlay-gradient":""},"tablet":{"background-color":"var(--ast-global-color-5)","background-image":"","background-repeat":"repeat","background-position":"center center","background-size":"auto","background-attachment":"scroll","background-type":"","background-media":"","overlay-type":"","overlay-color":"","overlay-opacity":"","overlay-gradient":""},"mobile":{"background-color":"var(--ast-global-color-5)","background-image":"","background-repeat":"repeat","background-position":"center center","background-size":"auto","background-attachment":"scroll","background-type":"","background-media":"","overlay-type":"","overlay-color":"","overlay-opacity":"","overlay-gradient":""}},"iawp_total_views":990,"footnotes":""},"hf_cat_page":[300],"class_list":["post-3229","page","type-page","status-publish","has-post-thumbnail"],"acf":[],"_links":{"self":[{"href":"https:\/\/www.mission-21.org\/fr\/wp-json\/wp\/v2\/pages\/3229","targetHints":{"allow":["GET"]}}],"collection":[{"href":"https:\/\/www.mission-21.org\/fr\/wp-json\/wp\/v2\/pages"}],"about":[{"href":"https:\/\/www.mission-21.org\/fr\/wp-json\/wp\/v2\/types\/page"}],"author":[{"embeddable":true,"href":"https:\/\/www.mission-21.org\/fr\/wp-json\/wp\/v2\/users\/1"}],"replies":[{"embeddable":true,"href":"https:\/\/www.mission-21.org\/fr\/wp-json\/wp\/v2\/comments?post=3229"}],"version-history":[{"count":11,"href":"https:\/\/www.mission-21.org\/fr\/wp-json\/wp\/v2\/pages\/3229\/revisions"}],"predecessor-version":[{"id":17809,"href":"https:\/\/www.mission-21.org\/fr\/wp-json\/wp\/v2\/pages\/3229\/revisions\/17809"}],"up":[{"embeddable":true,"href":"https:\/\/www.mission-21.org\/fr\/wp-json\/wp\/v2\/pages\/205"}],"wp:featuredmedia":[{"embeddable":true,"href":"https:\/\/www.mission-21.org\/fr\/wp-json\/wp\/v2\/media\/3231"}],"wp:attachment":[{"href":"https:\/\/www.mission-21.org\/fr\/wp-json\/wp\/v2\/media?parent=3229"}],"wp:term":[{"taxonomy":"hf_cat_page","embeddable":true,"href":"https:\/\/www.mission-21.org\/fr\/wp-json\/wp\/v2\/hf_cat_page?post=3229"}],"curies":[{"name":"wp","href":"https:\/\/api.w.org\/{rel}","templated":true}]}}