{"id":3325,"date":"2022-09-30T15:19:54","date_gmt":"2022-09-30T13:19:54","guid":{"rendered":"https:\/\/www.mission-21.org\/?page_id=3325"},"modified":"2024-09-18T11:44:14","modified_gmt":"2024-09-18T09:44:14","slug":"jobs","status":"publish","type":"page","link":"https:\/\/www.mission-21.org\/fr\/wer-wir-sind\/jobs\/","title":{"rendered":"Emplois"},"content":{"rendered":"<img decoding=\"async\" src=\"https:\/\/www.mission-21.org\/wp-content\/uploads\/2022\/08\/csm_header_news_d521d70e38.jpeg\" alt=\"csm header news d521d70e38\" itemprop=\"image\" height=\"688\" width=\"1680\" title=\"csm_Header_News_d521d70e38\" onerror=\"this.style.display='none'\"  \/>\n\t<div class=\"fl-builder-content fl-builder-content-3660 fl-builder-template fl-builder-module-template fl-builder-global-templates-locked\" data-post-id=\"3660\"><div class=\"fl-module fl-module-pp-toc fl-node-xrvkwe8ihtn6 toc\" data-node=\"xrvkwe8ihtn6\">\n\t<div class=\"fl-module-content fl-node-content\">\n\t\t<div class=\"pp-toc-container\">\n\t\n\t<div class=\"pp-toc-body\">\n\t\t\t\t\t<ul class=\"pp-toc-list-wrapper pp-toc-list-icon\"><\/ul>\n\t\t\t\t<\/div>\n<\/div>\n\n\t<\/div>\n<\/div>\n<\/div><div class=\"uabb-js-breakpoint\" style=\"display: none;\"><\/div>\n<h2>\n\t\tNos postes au si\u00e8ge, \u00e0 l'international et dans le programme PEP !\n\t<\/h2>\n\t\t\t\t<img decoding=\"async\" src=\"https:\/\/www.mission-21.org\/wp-content\/uploads\/2024\/09\/csm_missionshaus_basel_profilbild_weltkugel_pep_f6a735181e.jpg\" alt=\"csm missionhaus basel photo de profil f6a735181e\" title=\"csm_missionshaus_basel_image_de_profil_f6a735181e\" itemprop=\"image\"\/>\n\t\t\t\t<p>Au si\u00e8ge principal \u00e0 B\u00e2le, de multiples domaines d'activit\u00e9 s'offrent \u00e0 nous dans le travail de programme et de projet, la coop\u00e9ration au d\u00e9veloppement en mati\u00e8re de personnel, l'\u00e9ducation ainsi que dans l'administration et la communication. Nos collaborateurs b\u00e9n\u00e9ficient d'un environnement international, de conditions d'emploi favorables aux familles, de prestations sociales g\u00e9n\u00e9reuses et d'une grande marge de man\u0153uvre. De plus, les jeunes professionnels \u00e2g\u00e9s de 22 \u00e0 30 ans ont la possibilit\u00e9 d'acqu\u00e9rir une exp\u00e9rience interculturelle dans le cadre du programme PEP ! et d'\u00e9largir leurs comp\u00e9tences professionnelles dans l'un de nos projets, par exemple \u00e0 Hong Kong ou en Tanzanie. Une mission de formation continue de six \u00e0 douze mois permet de se lancer dans la coop\u00e9ration au d\u00e9veloppement apr\u00e8s avoir termin\u00e9 sa formation professionnelle ou ses \u00e9tudes.<\/p>\n<p><a href=\"https:\/\/www.mission-21.org\/fr\/boutique\/produit\/vivre-et-travailler-a-letranger\/\">\u25ba D\u00e9pliant \"Vivre et travailler \u00e0 l'\u00e9tranger\" (PDF)<\/a><\/p>","protected":false},"excerpt":{"rendered":"<p>Unsere Stellen am Hauptsitz, international und im PEP!-Programm Am Hauptsitz in Basel bieten sich vielf\u00e4ltige Aufgabenbereiche in der Programm- und Projektarbeit, der personellen Entwicklungszusammenarbeit, dem Bildungswesen sowie in der Administration und Kommunikation. Unsere Mitarbeitenden profitieren von einem internationalen Umfeld, familienfreundlichen Anstellungsbedingungen, grossz\u00fcgigen Sozialleistungen und einem grossen Gestaltungsspielraum. Zudem haben junge Berufsleute zwischen 22 und 30 [&hellip;]<\/p>\n","protected":false},"author":1,"featured_media":3327,"parent":218,"menu_order":0,"comment_status":"closed","ping_status":"closed","template":"","meta":{"_acf_changed":false,"_seopress_robots_primary_cat":"","_seopress_titles_title":"","_seopress_titles_desc":"","_seopress_robots_index":"","_searchwp_excluded":"","site-sidebar-layout":"default","site-content-layout":"","ast-site-content-layout":"default","site-content-style":"default","site-sidebar-style":"default","ast-global-header-display":"","ast-banner-title-visibility":"","ast-main-header-display":"","ast-hfb-above-header-display":"","ast-hfb-below-header-display":"","ast-hfb-mobile-header-display":"","site-post-title":"","ast-breadcrumbs-content":"","ast-featured-img":"","footer-sml-layout":"","ast-disable-related-posts":"","theme-transparent-header-meta":"","adv-header-id-meta":"","stick-header-meta":"","header-above-stick-meta":"","header-main-stick-meta":"","header-below-stick-meta":"","astra-migrate-meta-layouts":"set","ast-page-background-enabled":"default","ast-page-background-meta":{"desktop":{"background-color":"var(--ast-global-color-4)","background-image":"","background-repeat":"repeat","background-position":"center center","background-size":"auto","background-attachment":"scroll","background-type":"","background-media":"","overlay-type":"","overlay-color":"","overlay-opacity":"","overlay-gradient":""},"tablet":{"background-color":"","background-image":"","background-repeat":"repeat","background-position":"center center","background-size":"auto","background-attachment":"scroll","background-type":"","background-media":"","overlay-type":"","overlay-color":"","overlay-opacity":"","overlay-gradient":""},"mobile":{"background-color":"","background-image":"","background-repeat":"repeat","background-position":"center center","background-size":"auto","background-attachment":"scroll","background-type":"","background-media":"","overlay-type":"","overlay-color":"","overlay-opacity":"","overlay-gradient":""}},"ast-content-background-meta":{"desktop":{"background-color":"var(--ast-global-color-5)","background-image":"","background-repeat":"repeat","background-position":"center center","background-size":"auto","background-attachment":"scroll","background-type":"","background-media":"","overlay-type":"","overlay-color":"","overlay-opacity":"","overlay-gradient":""},"tablet":{"background-color":"var(--ast-global-color-5)","background-image":"","background-repeat":"repeat","background-position":"center center","background-size":"auto","background-attachment":"scroll","background-type":"","background-media":"","overlay-type":"","overlay-color":"","overlay-opacity":"","overlay-gradient":""},"mobile":{"background-color":"var(--ast-global-color-5)","background-image":"","background-repeat":"repeat","background-position":"center center","background-size":"auto","background-attachment":"scroll","background-type":"","background-media":"","overlay-type":"","overlay-color":"","overlay-opacity":"","overlay-gradient":""}},"iawp_total_views":16282,"footnotes":""},"hf_cat_page":[302],"class_list":["post-3325","page","type-page","status-publish","has-post-thumbnail"],"acf":[],"_links":{"self":[{"href":"https:\/\/www.mission-21.org\/fr\/wp-json\/wp\/v2\/pages\/3325","targetHints":{"allow":["GET"]}}],"collection":[{"href":"https:\/\/www.mission-21.org\/fr\/wp-json\/wp\/v2\/pages"}],"about":[{"href":"https:\/\/www.mission-21.org\/fr\/wp-json\/wp\/v2\/types\/page"}],"author":[{"embeddable":true,"href":"https:\/\/www.mission-21.org\/fr\/wp-json\/wp\/v2\/users\/1"}],"replies":[{"embeddable":true,"href":"https:\/\/www.mission-21.org\/fr\/wp-json\/wp\/v2\/comments?post=3325"}],"version-history":[{"count":11,"href":"https:\/\/www.mission-21.org\/fr\/wp-json\/wp\/v2\/pages\/3325\/revisions"}],"predecessor-version":[{"id":14425,"href":"https:\/\/www.mission-21.org\/fr\/wp-json\/wp\/v2\/pages\/3325\/revisions\/14425"}],"up":[{"embeddable":true,"href":"https:\/\/www.mission-21.org\/fr\/wp-json\/wp\/v2\/pages\/218"}],"wp:featuredmedia":[{"embeddable":true,"href":"https:\/\/www.mission-21.org\/fr\/wp-json\/wp\/v2\/media\/3327"}],"wp:attachment":[{"href":"https:\/\/www.mission-21.org\/fr\/wp-json\/wp\/v2\/media?parent=3325"}],"wp:term":[{"taxonomy":"hf_cat_page","embeddable":true,"href":"https:\/\/www.mission-21.org\/fr\/wp-json\/wp\/v2\/hf_cat_page?post=3325"}],"curies":[{"name":"wp","href":"https:\/\/api.w.org\/{rel}","templated":true}]}}