{"id":3379,"date":"2022-10-06T10:26:41","date_gmt":"2022-10-06T08:26:41","guid":{"rendered":"https:\/\/www.mission-21.org\/?page_id=3379"},"modified":"2026-01-27T11:17:45","modified_gmt":"2026-01-27T10:17:45","slug":"reseau","status":"publish","type":"page","link":"https:\/\/www.mission-21.org\/fr\/wer-wir-sind\/netzwerk\/","title":{"rendered":"R\u00e9seau"},"content":{"rendered":"<img decoding=\"async\" src=\"https:\/\/www.mission-21.org\/wp-content\/uploads\/2022\/08\/csm_header_news_d521d70e38.jpeg\" alt=\"csm header news d521d70e38\" itemprop=\"image\" height=\"688\" width=\"1680\" title=\"csm_Header_News_d521d70e38\" onerror=\"this.style.display='none'\" loading='lazy' \/>\n\t<div class=\"fl-builder-content fl-builder-content-3660 fl-builder-template fl-builder-module-template fl-builder-global-templates-locked\" data-post-id=\"3660\"><div class=\"fl-module fl-module-pp-toc fl-node-xrvkwe8ihtn6 toc\" data-node=\"xrvkwe8ihtn6\">\n\t<div class=\"fl-module-content fl-node-content\">\n\t\t<div class=\"pp-toc-container\">\n\t\n\t<div class=\"pp-toc-body\">\n\t\t\t\t\t<ul class=\"pp-toc-list-wrapper pp-toc-list-icon\"><\/ul>\n\t\t\t\t<\/div>\n<\/div>\n\n\t<\/div>\n<\/div>\n<\/div><div class=\"uabb-js-breakpoint\" style=\"display: none;\"><\/div>\n\t\t\t<a href=\"\/fr\/faire-un-don\/\" title=\"Dons\" target=\"_self\"   role=\"button\" aria-label=\"Dons\">\n\t\t\t\t\t\t\tDons\n\t\t\t\t\t\t\t\t\t<img decoding=\"async\" src=\"https:\/\/www.mission-21.org\/wp-content\/uploads\/2022\/08\/csm_heat-icon_b1dbd40167.png\"\/>\n\t\t<\/a>\n\t\t\t\t<img decoding=\"async\" src=\"https:\/\/www.mission-21.org\/wp-content\/uploads\/2022\/10\/csm_partner_header_werwirsind_4fa4815693.jpg\" alt=\"csm partenaire header qui sommes-nous 4fa4815693\" itemprop=\"image\" height=\"659\" width=\"1170\" title=\"csm_Partner_Header_Werwirsind_4fa4815693\" onerror=\"this.style.display='none'\" loading='lazy' \/>\n<h2>\n\t\t\tOrganisations partenaires\t<\/h2>\n\t<p>La promotion de la paix, la sant\u00e9, l'\u00e9ducation et la souverainet\u00e9 alimentaire, la bonne gouvernance et les droits de l'homme ainsi que l'\u00e9galit\u00e9 des sexes et l'\u00e9radication de la violence sexosp\u00e9cifique sont les domaines d'action de Mission 21. Nous nous engageons avec une soixantaine d'Eglises et d'organisations partenaires dans une coop\u00e9ration internationale \u00e0 long terme ainsi que dans l'aide humanitaire. Les relations, en particulier avec les \u00e9glises partenaires, remontent \u00e0 des d\u00e9cennies, parfois jusqu'\u00e0 200 ans.<\/p>\n<p><a href=\"https:\/\/www.mission-21.org\/fr\/ce-que-nous-faisons\/partenaire\/\">\u25ba vers nos organisations partenaires<\/a><\/p>\n<h2>\n\t\t\tOrganisations de soutien\t<\/h2>\n\t\t\t\t<img decoding=\"async\" src=\"https:\/\/www.mission-21.org\/wp-content\/uploads\/2022\/10\/csm_deza_schweiz_0abdc82f60.jpg\" alt=\"csm deza suisse 0abdc82f60\" title=\"csm_DEZA_Schweiz_0abdc82f60\" itemprop=\"image\"\/>\n\t\t\t\t<p>Le site <strong>Direction du d\u00e9veloppement et de la coop\u00e9ration (DDC)<\/strong> du D\u00e9partement f\u00e9d\u00e9ral des affaires \u00e9trang\u00e8res (DFAE) soutient le travail de programme de Mission 21 depuis de nombreuses ann\u00e9es, \u00e9galement dans la phase actuelle 2018-2021.<\/p>\n\t\t\t\t<img decoding=\"async\" src=\"https:\/\/www.mission-21.org\/wp-content\/uploads\/2025\/01\/logo_positiv_farbig_swissfondsbs4f-1.jpg\" alt=\"logo positif couleur swissfondsbs4f\" title=\"Logo_couleur_positive_swissfondsbs4f\" itemprop=\"image\"\/>\n<p>Le site <strong>Fonds Swisslos B\u00e2le-Ville<\/strong> a soutenu le projet d'aide d'urgence au Sud-Soudan en 2024.\u00a0<\/p>\n<p><a href=\"https:\/\/www.mission-21.org\/fr\/projets\/inondations-au-soudan-du-sud-tempete\/\">\u25ba Vers le projet<\/a><\/p>\n\t\t\t\t<img decoding=\"async\" src=\"https:\/\/www.mission-21.org\/wp-content\/uploads\/2024\/07\/logo-stiftung-wegweiser-web.jpg\" alt=\"pression\" title=\"Pression\" itemprop=\"image\"\/>\n<p>Le site\u00a0<strong>Fondation Rep\u00e8res <\/strong>a soutenu notre programme d'ambassade de la jeunesse 2023-2025.<\/p>\n<p><a href=\"https:\/\/www.mission-21.org\/fr\/programme-dambassades-pour-la-jeunesse\/\">\u25ba Vers le projet<\/a><\/p>\n\t\t\t\t<img decoding=\"async\" src=\"https:\/\/www.mission-21.org\/wp-content\/uploads\/2022\/10\/csm_egs_schriftzug_schwarz_66ef71dd9f.jpg\" alt=\"csm egs \u00e9criture noir 66ef71dd9f\" title=\"csm_EGS_Schriftzug_noir_66ef71dd9f\" itemprop=\"image\"\/>\n<p>Le site <strong>Fondation Ernst G\u00f6hner<\/strong> soutient les archives de Mission 21 dans la mise en valeur du fonds.<\/p>\n<p><a href=\"https:\/\/www.mission-21.org\/fr\/ce-que-nous-faisons\/recherche\/archives-de-la-recherche\/\">\u25ba Vers le projet<\/a><\/p>\n\t\t\t\t<img decoding=\"async\" src=\"https:\/\/www.mission-21.org\/wp-content\/uploads\/2022\/10\/csm_logo_symphasis_3affbd5254.jpg\" alt=\"csm logo symphasis 3affbd5254\" title=\"csm_Logo_Symphasis_3affbd5254\" itemprop=\"image\"\/>\n<p>Le site\u00a0<strong>Fondation Symphasis<\/strong> a soutenu le projet \"Travail avec les orphelins\" en Tanzanie.\u00a0<\/p>\n<p><a href=\"https:\/\/www.mission-21.org\/fr\/projets\/travail-avec-les-orphelins\/\">\u25ba Vers le projet<\/a><\/p>\n\t\t\t\t<img decoding=\"async\" src=\"https:\/\/www.mission-21.org\/wp-content\/uploads\/2024\/07\/logo_movetia_rgb_red_green.jpg\" alt=\"logo movetia rgb red green\" title=\"Logo_Movetia_RGB_Red_Green\" itemprop=\"image\"\/>\n<p>Le site\u00a0<strong>Fondation Movetia <\/strong>a soutenu notre programme d'ambassade de la jeunesse 2023-2025.<\/p>\n<p><a href=\"https:\/\/www.mission-21.org\/fr\/programme-dambassades-pour-la-jeunesse\/\">\u25ba Vers le projet<\/a><\/p>\n\t\t\t\t<img decoding=\"async\" src=\"https:\/\/www.mission-21.org\/wp-content\/uploads\/2022\/10\/csm_mercator_logo_1164ebe913.png\" alt=\"csm mercator logo 1164ebe913\" title=\"csm_Mercator_Logo_1164ebe913\" itemprop=\"image\"\/>\n<p>Le site\u00a0<strong>Fondation Mercator Suisse\u00a0<\/strong>a soutenu notre programme d'ambassade de la jeunesse 2019-2022.<\/p>\n<p><a href=\"https:\/\/www.mission-21.org\/fr\/youngmission21\/\">\u25ba Vers le projet<\/a><\/p>\n\t\t\t\t<img decoding=\"async\" src=\"https:\/\/www.mission-21.org\/wp-content\/uploads\/2022\/10\/csm_logo_christoph_merian_stiftung_0848d3a40f.jpg\" alt=\"csm logo christoph merian fondation 0848d3a40f\" title=\"csm_Logo_Christoph_Merian_Stiftung_0848d3a40f\" itemprop=\"image\"\/>\n<p>Le site <strong>Fondation Christoph Merian<\/strong> soutient les archives de Mission 21 dans la mise en valeur du fonds.<\/p>\n<p><a href=\"https:\/\/www.mission-21.org\/fr\/ce-que-nous-faisons\/recherche\/archives-de-la-recherche\/\">\u25ba Vers le projet<\/a><\/p>\n\t\t\t\t<img decoding=\"async\" src=\"https:\/\/www.mission-21.org\/wp-content\/uploads\/2026\/01\/dr-ernst-guenther-broeder-stiftung.png\" alt=\"fondation dr ernst guenther broeder\" title=\"Fondation dr-ernst-guenther-broeder\" itemprop=\"image\"\/>\n<p><strong>Fondation Dr. Ernst-G\u00fcnther Br\u00f6der<\/strong> soutient notre projet \"Formation professionnelle inclusive pour les jeunes en Tanzanie\".<\/p>\n<p><a href=\"https:\/\/www.egbroederstiftung.ch\/de\/die_stiftung\">\u25ba Vers le projet<\/a><\/p>\n<h2>\n\t\t\tPrestataires de services de soutien\t<\/h2>\n\t<p>Ici, nous mettons en lien des organisations et des entreprises qui soutiennent Mission 21 en les pr\u00e9sentant gratuitement sur leur site web.<\/p>\n<p><a href=\"https:\/\/www.daibau.ch\/gute_taten_schaffen_helden\">\u25ba Daibau - Plateforme de construction pour la recherche de fournisseurs ad\u00e9quats<\/a><\/p>\n<h2>\n\t\t\tR\u00e9seau de femmes Mission 21\t<\/h2>\n\t<p>Dans tous ses projets et programmes en Afrique, en Asie et en Am\u00e9rique latine ainsi que dans son travail de formation en Suisse, Mission 21 s'engage, en collaboration avec les organisations partenaires, pour la promotion des femmes et l'\u00e9galit\u00e9 des sexes. Les coordinatrices* de Mission 21 mettent leurs comp\u00e9tences et leur exp\u00e9rience au service de cet objectif. Des femmes de tous les continents \u00e9changent leurs exp\u00e9riences au sein du r\u00e9seau de femmes de Mission 21.<\/p>\n\t\t\t\t<img decoding=\"async\" src=\"https:\/\/www.mission-21.org\/wp-content\/uploads\/2022\/10\/csm_foto_frauennetzwerk_beatrice_ngeh_00b2d9fd7e.jpg\" alt=\"csm photo r\u00e9seau de femmes beatrice ngeh 00b2d9fd7e\" itemprop=\"image\" height=\"274\" width=\"365\" title=\"csm_Photo_R\u00e9seau_Femmes_Beatrice_Ngeh_00b2d9fd7e\" onerror=\"this.style.display='none'\" loading='lazy' \/>\n<p><strong>Beatrice Ngeh, coordinatrice de l'ACA depuis 2014<\/strong><\/p>\n<p>Elle coordonne le Women's Department du PCC. Dans ses groupes de femmes, les femmes sont encourag\u00e9es et habilit\u00e9es \u00e0 participer \u00e0 la soci\u00e9t\u00e9 camerounaise sur un pied d'\u00e9galit\u00e9 et \u00e0 prendre part aux d\u00e9cisions. Elle a \u00e9tudi\u00e9 les sciences sociales, la p\u00e9dagogie, l'histoire et la g\u00e9ographie \u00e0 l'universit\u00e9 de Yaound\u00e9 et poss\u00e8de un dipl\u00f4me en \u00e9tudes bibliques.<\/p>\n\t\t\t\t<img decoding=\"async\" src=\"https:\/\/www.mission-21.org\/wp-content\/uploads\/2022\/10\/csm_ebed_yauri_portraet_dadb48ee16.jpg\" alt=\"csm ebed yauri portraet dadb48ee16\" itemprop=\"image\" height=\"300\" width=\"399\" title=\"csm_Ebed_Yauri_Portraet_dadb48ee16\" onerror=\"this.style.display='none'\" loading='lazy' \/>\n<p><strong>Ebed Adai Grijalva Yauri, Direction g\u00e9n\u00e9rale du CEDEPAS <\/strong><\/p>\n<p>Ebed Adai Grijalva Yauri est pr\u00e9sidente des partenaires de Mission 21 au P\u00e9rou. R\u00e9cemment, elle a fait partie de l'\u00e9quipe PRIME (planification, mise en \u0153uvre, suivi et \u00e9valuation) et a \u00e9t\u00e9 pr\u00e9sidente du comit\u00e9 des bourses de Mission 21 au P\u00e9rou. Aujourd'hui, Ebed est \u00e9galement membre du comit\u00e9 de l'Assembl\u00e9e continentale de Mission 21 (CELA) ainsi que de l'\u00c9glise \u00e9vang\u00e9lique du P\u00e9rou (IEP).<\/p>\n\t\t\t\t<img decoding=\"async\" src=\"https:\/\/www.mission-21.org\/wp-content\/uploads\/2023\/04\/img_3154-1-600x450.jpg\" alt=\"Karmila Yusup\" itemprop=\"image\" height=\"450\" width=\"600\" title=\"Karmila Yusup\" onerror=\"this.style.display='none'\" loading='lazy' \/>\n<p><strong>Karmila Yusup, Asie<\/strong><\/p>\n<p>La pasteure Karmila Yusup est coordinatrice r\u00e9gionale Asie pour Mission 21, bas\u00e9e \u00e0 Jakarta. Avec onze autres membres de l'\u00e9quipe, elle soutient la mise en \u0153uvre du programme sur place, conseille et accompagne nos organisations partenaires et d\u00e9veloppe la collaboration. L'un de ses axes de travail est la protection des femmes contre la violence. Pour cela, elle a fond\u00e9 en 2013 le centre de crise indon\u00e9sien pour les femmes \"Pasundan-Durebang\" dans l'ouest de Java.<\/p>\n<h2>\n\t\t\tOrganisations associ\u00e9es et amies\t<\/h2>\n\t\t\t\t<img decoding=\"async\" src=\"https:\/\/www.mission-21.org\/wp-content\/uploads\/2022\/10\/csm_logo_eks_ch_25d97c0dba.png\" alt=\"csm logo eks ch 25d97c0dba\" title=\"csm_Logo_EKS_CH_25d97c0dba\" itemprop=\"image\"\/>\n\t\t\t\t<p>Mission 21 est l'\u0153uvre missionnaire officiellement reconnue de la <strong>\u00c9glise \u00e9vang\u00e9lique r\u00e9form\u00e9e de Suisse EKS<\/strong>. La EKS regroupe les 24 Eglises cantonales r\u00e9form\u00e9es de Suisse ainsi que deux autres Eglises. La CEPE repr\u00e9sente ainsi environ 2,4 millions de protestants en Suisse.<\/p>\n<p><a title=\"\u00c9glises protestantes de Suisse\" href=\"https:\/\/www.evref.ch\/\" target=\"_blank\" rel=\"noopener\">\u25ba vers le site web<\/a>\u00a0<\/p>\n<p><a href=\"https:\/\/www.evref.ch\/organisation\/werke-und-missionsorganisationen\/\" target=\"_blank\" rel=\"noopener\">\u25ba Mission 21 sur le site de la LPE<\/a><\/p>\n\t\t\t\t<img decoding=\"async\" src=\"https:\/\/www.mission-21.org\/wp-content\/uploads\/2022\/10\/csm_netzwerk_ems_c0349205fb.jpg\" alt=\"csm r\u00e9seau ems c0349205fb\" title=\"csm_Netzwerk_EMS_c0349205fb\" itemprop=\"image\"\/>\n<p>Le site <strong>Mission \u00e9vang\u00e9lique en solidarit\u00e9<\/strong> EMS est la communaut\u00e9 chr\u00e9tienne internationale du sud de l'Allemagne, bas\u00e9e \u00e0 Stuttgart. Elle est li\u00e9e depuis longtemps \u00e0 Mission 21 et \u00e0 la plus grande association de soutien de Mission 21, la Basler Mission. L'EMS est une association de 23 \u00e9glises et de cinq soci\u00e9t\u00e9s missionnaires et poursuit des objectifs similaires \u00e0 ceux de Mission 21 en mati\u00e8re de coop\u00e9ration au d\u00e9veloppement.<\/p>\n<p><a href=\"https:\/\/ems-online.org\/mission-in-solidaritaet\/\" target=\"_blank\" rel=\"noopener\">\u25ba vers le site web<\/a><\/p>\n\t\t\t\t<img decoding=\"async\" src=\"https:\/\/www.mission-21.org\/wp-content\/uploads\/2022\/08\/csm_logo_act_alliance-transparent_818f68196c.png\" alt=\"csm logo act alliance transparent 818f68196c\" title=\"csm_Logo_act_alliance-transparent_818f68196c\" itemprop=\"image\"\/>\n<p><strong>Alliance ACT<\/strong> est une alliance de 150 \u00e9glises et organisations bas\u00e9es sur la foi, qui travaillent ensemble dans plus de 125 pays. ACT Alliance s'engage en faveur des personnes d\u00e9favoris\u00e9es et marginalis\u00e9es, ind\u00e9pendamment de leur origine religieuse, ethnique ou politique, de leur sexe ou de leur orientation sexuelle. L'objectif est de promouvoir ensemble un d\u00e9veloppement positif et durable.\u00a0<\/p>\n<p><a href=\"https:\/\/actalliance.org\/\" target=\"_blank\" rel=\"noopener\">\u25ba vers le site web<\/a><\/p>\n\t\t\t\t<img decoding=\"async\" src=\"https:\/\/www.mission-21.org\/wp-content\/uploads\/2022\/10\/csm_koge_logo_mission_21_8ae268efa0.jpg\" alt=\"csm koge logo mission 21 8ae268efa0\" title=\"csm_KoGe_Logo_Mission_21_8ae268efa0\" itemprop=\"image\"\/>\n<p>Mission 21 est membre de la <strong>Communaut\u00e9 de coop\u00e9ration (CoCo)<\/strong>. Jochen Kirsch, directeur de Mission 21, est pr\u00e9sident de la CoSF depuis sa cr\u00e9ation en 2019. La CoGe est l'association fa\u00eeti\u00e8re de neuf organisations membres issues de l'environnement \u00e9vang\u00e9lique r\u00e9form\u00e9 de Suisse. Nous \u00e9changeons des connaissances, des comp\u00e9tences et des ressources et nous nous engageons pour un objectif commun : une vie dans la dignit\u00e9 pour tous les \u00eatres humains, ind\u00e9pendamment de leur sexe, de leur origine et de leur religion. Nos membres travaillent dans le monde entier avec 150 organisations partenaires locales dans plus de 40 pays. La paix, la justice et les soci\u00e9t\u00e9s inclusives sont au c\u0153ur de notre programme commun.<\/p>\n<p><a href=\"https:\/\/koge.ch\/public\/home\/\" target=\"_blank\" rel=\"noopener\">\u25ba vers le site web<\/a><\/p>\n\t\t\t\t<img decoding=\"async\" src=\"https:\/\/www.mission-21.org\/wp-content\/uploads\/2022\/10\/csm_logo_missionspresse_app_b688a71e10.jpg\" alt=\"csm logo presse mission app b688a71e10\" title=\"csm_Logo_Missionspresse_App_b688a71e10\" itemprop=\"image\"\/>\n<p>Mission 21 forme, avec cinq autres \u0153uvres missionnaires en Allemagne et en Autriche, la <strong>Coop\u00e9ration presse missionnaire<\/strong>. Nos publications informent sur l'Eglise universelle, la religion et le d\u00e9veloppement et la coop\u00e9ration internationale au d\u00e9veloppement. Toutes les revues de ces \u0153uvres missionnaires - y compris le <a href=\"https:\/\/www.mission-21.org\/fr\/informer\/publications\/\">\"rencontrer\"<\/a> de Mission 21 - sont accessibles en ligne dans un kiosque \u00e0 journaux num\u00e9rique. Les membres de la coop\u00e9ration Missionspresse sont <a href=\"https:\/\/ems-online.org\/mission-in-solidaritaet\/\" target=\"_blank\" rel=\"noopener\">Mission \u00e9vang\u00e9lique en solidarit\u00e9 EMS<\/a>, qui <a href=\"https:\/\/mission.de\/\" target=\"_blank\" rel=\"noopener\">Association fa\u00eeti\u00e8re de l'\u0153uvre missionnaire \u00e9vang\u00e9lique en Allemagne EMW<\/a> dont le si\u00e8ge est \u00e0 Hambourg, qui <a href=\"https:\/\/www.elm-mission.net\/startseite.html\" target=\"_blank\" rel=\"noopener\">\u0152uvre missionnaire \u00e9vang\u00e9lique luth\u00e9rienne de Basse-Saxe ELM<\/a>, <a href=\"https:\/\/mission-einewelt.de\/\" target=\"_blank\" rel=\"noopener\">Mission Unique Monde MEW<\/a>, en Bavi\u00e8re, le <a href=\"https:\/\/eawm.at\/\" target=\"_blank\" rel=\"noopener\">Groupe de travail protestant sur la mission mondiale EAWM<\/a> \u00e0 Vienne et Mission 21.<\/p>\n<p><a href=\"https:\/\/app.missionspresse.org\/en\/profiles\/1fbeb62bce96\/editions\" target=\"_blank\" rel=\"noopener\">\u25ba Vers le kiosque num\u00e9rique de la presse missionnaire <\/a><\/p>\n\t\t\t\t<img decoding=\"async\" src=\"https:\/\/www.mission-21.org\/wp-content\/uploads\/2022\/10\/csm_netzwerk_oerk_70e1a2242e.jpg\" alt=\"csm r\u00e9seau oerk 70e1a2242e\" title=\"csm_Netzwerk_OERK_70e1a2242e\" itemprop=\"image\"\/>\n<p>Mission 21 est membre de la commission CWME du <strong>Conseil \u0153cum\u00e9nique des \u00c9glises<\/strong> COE. Le COE est la communaut\u00e9 la plus grande et la plus repr\u00e9sentative du mouvement \u0153cum\u00e9nique moderne, dont le but est l'unit\u00e9 de la chr\u00e9tient\u00e9. Le COE regroupe environ 350 \u00c9glises de diff\u00e9rentes d\u00e9nominations, soit plus de 500 millions de chr\u00e9tiens. Le COE appelle \u00e9galement les \u00c9glises membres \u00e0 la solidarit\u00e9 : elles doivent \"accomplir leur service chr\u00e9tien en aidant les personnes dans le besoin, en abattant les barri\u00e8res entre les hommes, en s'engageant pour la justice et la paix ainsi que pour la sauvegarde de la cr\u00e9ation\".<\/p>\n<p><a href=\"https:\/\/www.oikoumene.org\/de\" target=\"_blank\" rel=\"noopener\">\u25ba vers le site web<\/a><\/p>\n\t\t\t\t<img decoding=\"async\" src=\"https:\/\/www.mission-21.org\/wp-content\/uploads\/2022\/10\/logo_bmdz.jpg\" alt=\"logo bmdz\" title=\"logo_BMDZ\" itemprop=\"image\"\/>\n\t\t\t\t<p>Le site <strong>Mission de B\u00e2le - Branche allemande<\/strong> Par son travail, BMDZ se consid\u00e8re comme un lien entre l'EMS et la Basler Mission\/Mission 21. Elle soutient et promeut le travail de programme de Mission 21 par un travail de formation et de relations publiques ainsi que par la collecte de fonds dans le sud-ouest de l'Allemagne. La BMDZ est membre de l'EMS.<\/p>\n<p><a href=\"https:\/\/bmdz.ems-online.org\/\">\u25ba vers le site web<\/a><\/p>\n\t\t\t\t<img decoding=\"async\" src=\"https:\/\/www.mission-21.org\/wp-content\/uploads\/2022\/10\/csm_netzwerk_uepal_74a962dca9.jpg\" alt=\"csm r\u00e9seau uepal 74a962dca9\" title=\"csm_Netzwerk_UEPAL_74a962dca9\" itemprop=\"image\"\/>\n<p>En Alsace, la <strong>Union des \u00c9glises protestantes d'Alsace et de Lorraine<\/strong> UEPAL compte environ 250'000 protestants et protestantes. L'UEPAL entretient des relations amicales avec Mission 21 et contribue \u00e0 l'\u0153uvre en tant que membre de la Conf\u00e9rence continentale europ\u00e9enne.<\/p>\n<p><a href=\"http:\/\/www.uepal.fr\/\" target=\"_blank\" rel=\"noopener\">\u25ba vers le site web<\/a><\/p>\n\t\t\t\t<img decoding=\"async\" src=\"https:\/\/www.mission-21.org\/wp-content\/uploads\/2022\/10\/csm_eawm_wien_logo_5faf27d1e2.jpg\" alt=\"csm eawm wien logo 5faf27d1e2\" title=\"csm_EAWM_Wien_Logo_5faf27d1e2\" itemprop=\"image\"\/>\n<p>Notre organisation partenaire en Autriche est le <strong>Groupe de travail protestant pour la mission mondiale<\/strong> EAWM \u00e0 Vienne. L'EAWM soutient Mission 21 : en tant que membre de la Mission de B\u00e2le, la plus grande association de soutien de Mission 21.<\/p>\n<p><a href=\"http:\/\/www.eawm.at\/\" target=\"_blank\" rel=\"noopener\">\u25ba vers le site web<\/a><\/p>\n\t\t\t\t<img decoding=\"async\" src=\"https:\/\/www.mission-21.org\/wp-content\/uploads\/2022\/10\/allianz-schweiz-1.jpg\" alt=\"allianz suisse\" title=\"Alliance suisse\" itemprop=\"image\"\/>\n<p>Le site <strong>Alliance climatique suisse <\/strong>est une alliance d'organisations de la soci\u00e9t\u00e9 civile pour la protection du climat en Suisse. Avec ses plus de 100 organisations membres issues des domaines de la coop\u00e9ration internationale, de l'environnement, de l'\u00e9glise, de la jeunesse et de la protection des consommateurs, elle s'engage en faveur d'une politique climatique ambitieuse et d'un tournant \u00e9nerg\u00e9tique au niveau local, national et international. L'Alliance climatique suisse a \u00e9t\u00e9 fond\u00e9e en 2004. Mission 21 est membre de l'Alliance climatique suisse.<\/p>\n<p><a href=\"https:\/\/www.klima-allianz.ch\/\" target=\"_blank\" rel=\"noopener\">\u25ba vers le site web<\/a><\/p>","protected":false},"excerpt":{"rendered":"<p>Spenden Partnerorganisationen Friedensf\u00f6rderung, Gesundheit, Bildung und Ern\u00e4hrungssouver\u00e4nit\u00e4t, Good Governance und Menschenrechte sowie Gendergerechtigkeit und die \u00dcberwindung von geschlechtsspezifischer Gewalt sind die Wirkungsbereiche von Mission 21. Wir engagieren uns gemeinsam mit rund 60 Partnerkirchen und Partnerorganisationen in langfristig angelegter internationaler Zusammenarbeit sowie humanit\u00e4rer Hilfe. Die Beziehungen, besonders mit Partnerkirchen, reichen Jahrzehnte zur\u00fcck, teilweise bis zu 200 [&hellip;]<\/p>\n","protected":false},"author":1,"featured_media":3381,"parent":218,"menu_order":0,"comment_status":"closed","ping_status":"closed","template":"","meta":{"_acf_changed":false,"_seopress_robots_primary_cat":"","_seopress_titles_title":"","_seopress_titles_desc":"","_seopress_robots_index":"","_searchwp_excluded":"","site-sidebar-layout":"default","site-content-layout":"","ast-site-content-layout":"default","site-content-style":"default","site-sidebar-style":"default","ast-global-header-display":"","ast-banner-title-visibility":"","ast-main-header-display":"","ast-hfb-above-header-display":"","ast-hfb-below-header-display":"","ast-hfb-mobile-header-display":"","site-post-title":"","ast-breadcrumbs-content":"","ast-featured-img":"","footer-sml-layout":"","ast-disable-related-posts":"","theme-transparent-header-meta":"","adv-header-id-meta":"","stick-header-meta":"","header-above-stick-meta":"","header-main-stick-meta":"","header-below-stick-meta":"","astra-migrate-meta-layouts":"set","ast-page-background-enabled":"default","ast-page-background-meta":{"desktop":{"background-color":"var(--ast-global-color-4)","background-image":"","background-repeat":"repeat","background-position":"center center","background-size":"auto","background-attachment":"scroll","background-type":"","background-media":"","overlay-type":"","overlay-color":"","overlay-opacity":"","overlay-gradient":""},"tablet":{"background-color":"","background-image":"","background-repeat":"repeat","background-position":"center center","background-size":"auto","background-attachment":"scroll","background-type":"","background-media":"","overlay-type":"","overlay-color":"","overlay-opacity":"","overlay-gradient":""},"mobile":{"background-color":"","background-image":"","background-repeat":"repeat","background-position":"center center","background-size":"auto","background-attachment":"scroll","background-type":"","background-media":"","overlay-type":"","overlay-color":"","overlay-opacity":"","overlay-gradient":""}},"ast-content-background-meta":{"desktop":{"background-color":"var(--ast-global-color-5)","background-image":"","background-repeat":"repeat","background-position":"center center","background-size":"auto","background-attachment":"scroll","background-type":"","background-media":"","overlay-type":"","overlay-color":"","overlay-opacity":"","overlay-gradient":""},"tablet":{"background-color":"var(--ast-global-color-5)","background-image":"","background-repeat":"repeat","background-position":"center center","background-size":"auto","background-attachment":"scroll","background-type":"","background-media":"","overlay-type":"","overlay-color":"","overlay-opacity":"","overlay-gradient":""},"mobile":{"background-color":"var(--ast-global-color-5)","background-image":"","background-repeat":"repeat","background-position":"center center","background-size":"auto","background-attachment":"scroll","background-type":"","background-media":"","overlay-type":"","overlay-color":"","overlay-opacity":"","overlay-gradient":""}},"iawp_total_views":3431,"footnotes":""},"hf_cat_page":[302],"class_list":["post-3379","page","type-page","status-publish","has-post-thumbnail"],"acf":[],"_links":{"self":[{"href":"https:\/\/www.mission-21.org\/fr\/wp-json\/wp\/v2\/pages\/3379","targetHints":{"allow":["GET"]}}],"collection":[{"href":"https:\/\/www.mission-21.org\/fr\/wp-json\/wp\/v2\/pages"}],"about":[{"href":"https:\/\/www.mission-21.org\/fr\/wp-json\/wp\/v2\/types\/page"}],"author":[{"embeddable":true,"href":"https:\/\/www.mission-21.org\/fr\/wp-json\/wp\/v2\/users\/1"}],"replies":[{"embeddable":true,"href":"https:\/\/www.mission-21.org\/fr\/wp-json\/wp\/v2\/comments?post=3379"}],"version-history":[{"count":11,"href":"https:\/\/www.mission-21.org\/fr\/wp-json\/wp\/v2\/pages\/3379\/revisions"}],"predecessor-version":[{"id":19655,"href":"https:\/\/www.mission-21.org\/fr\/wp-json\/wp\/v2\/pages\/3379\/revisions\/19655"}],"up":[{"embeddable":true,"href":"https:\/\/www.mission-21.org\/fr\/wp-json\/wp\/v2\/pages\/218"}],"wp:featuredmedia":[{"embeddable":true,"href":"https:\/\/www.mission-21.org\/fr\/wp-json\/wp\/v2\/media\/3381"}],"wp:attachment":[{"href":"https:\/\/www.mission-21.org\/fr\/wp-json\/wp\/v2\/media?parent=3379"}],"wp:term":[{"taxonomy":"hf_cat_page","embeddable":true,"href":"https:\/\/www.mission-21.org\/fr\/wp-json\/wp\/v2\/hf_cat_page?post=3379"}],"curies":[{"name":"wp","href":"https:\/\/api.w.org\/{rel}","templated":true}]}}