{"id":3418,"date":"2022-10-06T14:00:04","date_gmt":"2022-10-06T12:00:04","guid":{"rendered":"https:\/\/www.mission-21.org\/?page_id=3418"},"modified":"2023-05-23T13:46:18","modified_gmt":"2023-05-23T11:46:18","slug":"synode-missionnaire-2022","status":"publish","type":"page","link":"https:\/\/www.mission-21.org\/fr\/wer-wir-sind\/missionssynode-2022\/","title":{"rendered":"Synode missionnaire 2022"},"content":{"rendered":"<img decoding=\"async\" src=\"https:\/\/www.mission-21.org\/wp-content\/uploads\/2022\/08\/csm_header_news_d521d70e38.jpeg\" alt=\"csm header news d521d70e38\" itemprop=\"image\" height=\"688\" width=\"1680\" title=\"csm_Header_News_d521d70e38\" onerror=\"this.style.display='none'\"  \/>\n\t<div class=\"fl-builder-content fl-builder-content-3660 fl-builder-template fl-builder-module-template fl-builder-global-templates-locked\" data-post-id=\"3660\"><div class=\"fl-module fl-module-pp-toc fl-node-xrvkwe8ihtn6 toc\" data-node=\"xrvkwe8ihtn6\">\n\t<div class=\"fl-module-content fl-node-content\">\n\t\t<div class=\"pp-toc-container\">\n\t\n\t<div class=\"pp-toc-body\">\n\t\t\t\t\t<ul class=\"pp-toc-list-wrapper pp-toc-list-icon\"><\/ul>\n\t\t\t\t<\/div>\n<\/div>\n\n\t<\/div>\n<\/div>\n<\/div><div class=\"uabb-js-breakpoint\" style=\"display: none;\"><\/div>\n\t\t\t<a href=\"\/fr\/faire-un-don\/\" target=\"_self\" role=\"button\" aria-label=\"Dons\" rel=\"noopener\">\n\t\t\t\t\t\t\tDons\n\t\t\t\t\t\t\t\t\t<img decoding=\"async\" src=\"https:\/\/www.mission-21.org\/wp-content\/uploads\/2022\/08\/csm_heat-icon_b1dbd40167.png\"\/>\n\t\t<\/a>\n<h2>\n\t\tRapports du Synode 2022\n\t<\/h2>\n\t\t\t\t\t\t\t\t\t\t\t\t\t\t<a href=\"https:\/\/www.mission-21.org\/fr\/engagement-hospitalite-plaisir-partage-une-semaine-de-mission-qui-influe-2022\/\" target=\"_self\" title=\"Engagement, hospitalit\u00e9, joie partag\u00e9e - une semaine missionnaire qui donne des ailes en 2022\" rel=\"noopener\">\n\t\t\t\t<img decoding=\"async\" src=\"https:\/\/www.mission-21.org\/wp-content\/uploads\/2022\/08\/csm_barbara-hirsbrunner_jugendnetzwerk_img_5745_5b76545ca6-300x225.jpg\" alt=\"\" \/>\n\t\t\t\t<\/a>\n\t\t\t\t\t\t<h4>\n\t\t\t\t<a href=\"https:\/\/www.mission-21.org\/fr\/engagement-hospitalite-plaisir-partage-une-semaine-de-mission-qui-influe-2022\/\" title=\"Engagement, hospitalit\u00e9, joie partag\u00e9e - une semaine missionnaire qui donne des ailes en 2022\" tabindex=\"0\">Engagement, hospitalit\u00e9, joie partag\u00e9e - une semaine missionnaire qui donne des ailes en 2022<\/a>\t\t\t<\/h4>\n\t\t\t\t\t\t\t<h5>\n\t\t\t14 juin 2022\t\t\t\n\t\t\t\t\t\t\t<\/h5>\n\t\t\t\t\t\t\t\t\t\t\t\t\t\t<a href=\"https:\/\/www.mission-21.org\/fr\/inspirations-au-sommet-international-youth\/\" target=\"_self\" title=\"Inspiration au Sommet international de la jeunesse\" rel=\"noopener\">\n\t\t\t\t<img decoding=\"async\" src=\"https:\/\/www.mission-21.org\/wp-content\/uploads\/2022\/08\/csm_int-youth-summit_synode-2022_davos_img_8671_0f4d08a286-300x225.jpg\" alt=\"\" \/>\n\t\t\t\t<\/a>\n\t\t\t\t\t\t<h4>\n\t\t\t\t<a href=\"https:\/\/www.mission-21.org\/fr\/inspirations-au-sommet-international-youth\/\" title=\"Inspiration au Sommet international de la jeunesse\" tabindex=\"0\">Inspiration au Sommet international de la jeunesse<\/a>\t\t\t<\/h4>\n\t\t\t\t\t\t\t<h5>\n\t\t\t12 juin 2022\t\t\t\n\t\t\t\t\t\t\t<\/h5>\n\t\t\t\t\t\t\t\t\t\t\t\t\t\t<a href=\"https:\/\/www.mission-21.org\/fr\/enrichissant-impulsion-et-discussion\/\" target=\"_self\" title=\"Des impulsions et des discussions enrichissantes\" rel=\"noopener\">\n\t\t\t\t<img decoding=\"async\" src=\"https:\/\/www.mission-21.org\/wp-content\/uploads\/2022\/08\/csm_img_5257_isabel_phiri_5b833ba146-300x225.jpeg\" alt=\"\" \/>\n\t\t\t\t<\/a>\n\t\t\t\t\t\t<h4>\n\t\t\t\t<a href=\"https:\/\/www.mission-21.org\/fr\/enrichissant-impulsion-et-discussion\/\" title=\"Des impulsions et des discussions enrichissantes\" tabindex=\"0\">Des impulsions et des discussions enrichissantes<\/a>\t\t\t<\/h4>\n\t\t\t\t\t\t\t<h5>\n\t\t\t11 juin 2022\t\t\t\n\t\t\t\t\t\t\t<\/h5>\n\t\t\t\t\t\t\t\t\t\t\t\t\t\t<a href=\"https:\/\/www.mission-21.org\/fr\/discours-ville-experiences-partagees-de-femmes-autour-du-monde\/\" target=\"_self\" title=\"Entretien avec la ville : exp\u00e9riences partag\u00e9es par des femmes du monde entier\" rel=\"noopener\">\n\t\t\t\t<img decoding=\"async\" src=\"https:\/\/www.mission-21.org\/wp-content\/uploads\/2022\/08\/csm__mg_9845_2394479e8d-300x225.jpg\" alt=\"\" \/>\n\t\t\t\t<\/a>\n\t\t\t\t\t\t<h4>\n\t\t\t\t<a href=\"https:\/\/www.mission-21.org\/fr\/discours-ville-experiences-partagees-de-femmes-autour-du-monde\/\" title=\"Entretien avec la ville : exp\u00e9riences partag\u00e9es par des femmes du monde entier\" tabindex=\"0\">Entretien avec la ville : exp\u00e9riences partag\u00e9es par des femmes du monde entier<\/a>\t\t\t<\/h4>\n\t\t\t\t\t\t\t<h5>\n\t\t\t9 juin 2022\t\t\t\n\t\t\t\t\t\t\t<\/h5>\n<h2>\n\t\t Impressions Synode 2022 \n\t<\/h2>\n<h2>\n\t\t Entretien avec la ville : les questions de genre en r\u00e9seau dans le monde entier \n\t<\/h2>\n<h3>Exp\u00e9riences partag\u00e9es par des femmes du monde entier<\/h3>\n<p>Qu'est-ce qui diff\u00e9rencie un foyer pour femmes en Indon\u00e9sie d'un foyer en Suisse ? Quelles exp\u00e9riences partagent des femmes du Sud-Soudan et de Bolivie ? Lors du Stadtgespr\u00e4ch \u00e0 Coire dans le cadre du synode de Mission 21, des femmes de nombreux pays ont parl\u00e9 de violence et d'exclusion, mais aussi d'encouragement et de succ\u00e8s.<\/p>\n<p><a href=\"https:\/\/www.mission-21.org\/fr\/informer\/news\/detail\/paroles-de-villes-experiences-partagees-par-des-femmes-du-monde-entier\/\" target=\"_blank\" rel=\"noopener\">\u25ba lire la suite<\/a><\/p>\n<p><a href=\"https:\/\/www.mission-21.org\/fileadmin\/Webseite_Mission_21\/Veranstaltungen\/2022\/Synode\/Reader_DE_20220602_AFS_TS.pdf\" target=\"_blank\" rel=\"noopener\">\u25ba Lecteur (PDF)<\/a><\/p>\n\t\t\t\t<a href=\"https:\/\/www.mission-21.org\/fileadmin\/Webseite_Mission_21\/Veranstaltungen\/2022\/Synode\/Reader_DE_20220602_AFS_TS.pdf\" target=\"_blank\" rel=\"noopener\" itemprop=\"url\">\n\t\t\t\t<img decoding=\"async\" src=\"https:\/\/www.mission-21.org\/wp-content\/uploads\/2022\/10\/reader_de-1.jpg\" alt=\"reader fr\" itemprop=\"image\" height=\"1646\" width=\"1166\" title=\"Reader_FR\" onerror=\"this.style.display='none'\"  \/>\n\t\t\t\t<\/a>\n<h4>Expos\u00e9s d'introduction<\/h4>\n<p>Lors du synode, des repr\u00e9sentants des quatre continents ont partag\u00e9 leurs r\u00e9flexions sur le th\u00e8me commun \"Espoir et consolation - pour les personnes vuln\u00e9rables du Dieu vuln\u00e9rable, partageant la vie et gu\u00e9rissant pour notre monde\". Les orateurs ont adopt\u00e9 des perspectives diff\u00e9rentes.<\/p>\n<strong>Asie <\/strong>- Perspective des femmes<br \/>\nVistamika Wangka\n<strong>Afrique <\/strong>- Perspective de la jeunesse<br \/>\nBlessing Fomuso\n<strong>Europe <\/strong>- Perspective de la m\u00e9decine<br \/>\nAstrid Fiehland van der Vegt\n<strong>Am\u00e9rique latine <\/strong>- Perspective de la th\u00e9ologie<br \/>\nRuth Vindas Benavides\n\t\t\t<a href=\"https:\/\/www.mission-21.org\/fileadmin\/Webseite_Mission_21\/Veranstaltungen\/2022\/Synode\/Inputreferate\/Inputreferate_Asien__Afrika__Lateinamerika_und_Europa.pdf\" target=\"_blank\" role=\"button\" rel=\"noopener\">\n\t\t\t\t\t\t\tT\u00e9l\u00e9chargement (PDF)\n\t\t\t\t\t<\/a>\n<h4>D\u00e9claration finale \"Parole de Davos<\/h4>\n<p>Johannes Blum, Dr. Claudia Hoffmann et Hans-Joachim Zobel r\u00e9digent \u00e0 l'attention des participants au Synode 2022, au nom de l'ensemble du comit\u00e9, une d\u00e9claration de cl\u00f4ture sur la devise de cette ann\u00e9e : Vivre, gu\u00e9rir, partager - Ensemble pour notre monde.<\/p>\n\t\t\t<a href=\"https:\/\/www.mission-21.org\/fileadmin\/Webseite_Mission_21\/Veranstaltungen\/2022\/Synode\/Inputreferate\/pub_Davoser_Wort_ge_20220622_mr.pdf\" target=\"_blank\" role=\"button\" rel=\"noopener\">\n\t\t\t\t\t\t\tT\u00e9l\u00e9chargement (PDF)\n\t\t\t\t\t<\/a>\n<h4>Mot de bienvenue et pr\u00e9sentation du Conseil \u0153cum\u00e9nique des \u00c9glises<\/h4>\n<p>Le premier jour du Synode 2022, la pasteure Isabel Apawo Phiri prendra la parole au nom du Conseil \u0153cum\u00e9nique des \u00c9glises, qui regroupe 352 associations d'\u00c9glises de diff\u00e9rentes d\u00e9nominations r\u00e9form\u00e9es, orthodoxes et catholiques. Elle pr\u00e9sentera un expos\u00e9 sur le th\u00e8me : \"Comment la pand\u00e9mie a chang\u00e9 le monde : une perspective globale\".<\/p>\n\t\t\t<a href=\"https:\/\/www.mission-21.org\/fileadmin\/Webseite_Mission_21\/Veranstaltungen\/2022\/Synode\/Inputreferate\/06_Praesentation_Globale_Perspektive_OERK_Prof._Dr._Phiri_D.pdf\" target=\"_blank\" role=\"button\" rel=\"noopener\">\n\t\t\t\t\t\t\tT\u00e9l\u00e9chargement (PDF)\n\t\t\t\t\t<\/a>","protected":false},"excerpt":{"rendered":"<p>Spenden Berichte aus der Synode 2022 Engagement, Gastfreundschaft, geteilte Freude &#8211; eine befl\u00fcgelnde Missionswoche 2022 14. Juni 2022 Inspirationen am International Youth Summit 12. Juni 2022 Bereichernde Impulse und Diskussionen 11. Juni 2022 Stadtgespr\u00e4ch: Geteilte Erfahrungen von Frauen rund um die Welt 9. Juni 2022 Impressionen Synode 2022 Im Stadtgespr\u00e4ch: Genderfragen weltweit vernetzt Geteilte Erfahrungen [&hellip;]<\/p>\n","protected":false},"author":1,"featured_media":3417,"parent":218,"menu_order":0,"comment_status":"closed","ping_status":"closed","template":"","meta":{"_acf_changed":false,"_seopress_robots_primary_cat":"","_seopress_titles_title":"","_seopress_titles_desc":"","_seopress_robots_index":"","_searchwp_excluded":"","site-sidebar-layout":"default","site-content-layout":"","ast-site-content-layout":"default","site-content-style":"default","site-sidebar-style":"default","ast-global-header-display":"","ast-banner-title-visibility":"","ast-main-header-display":"","ast-hfb-above-header-display":"","ast-hfb-below-header-display":"","ast-hfb-mobile-header-display":"","site-post-title":"","ast-breadcrumbs-content":"","ast-featured-img":"","footer-sml-layout":"","ast-disable-related-posts":"","theme-transparent-header-meta":"","adv-header-id-meta":"","stick-header-meta":"","header-above-stick-meta":"","header-main-stick-meta":"","header-below-stick-meta":"","astra-migrate-meta-layouts":"default","ast-page-background-enabled":"default","ast-page-background-meta":{"desktop":{"background-color":"var(--ast-global-color-4)","background-image":"","background-repeat":"repeat","background-position":"center center","background-size":"auto","background-attachment":"scroll","background-type":"","background-media":"","overlay-type":"","overlay-color":"","overlay-opacity":"","overlay-gradient":""},"tablet":{"background-color":"","background-image":"","background-repeat":"repeat","background-position":"center center","background-size":"auto","background-attachment":"scroll","background-type":"","background-media":"","overlay-type":"","overlay-color":"","overlay-opacity":"","overlay-gradient":""},"mobile":{"background-color":"","background-image":"","background-repeat":"repeat","background-position":"center center","background-size":"auto","background-attachment":"scroll","background-type":"","background-media":"","overlay-type":"","overlay-color":"","overlay-opacity":"","overlay-gradient":""}},"ast-content-background-meta":{"desktop":{"background-color":"var(--ast-global-color-5)","background-image":"","background-repeat":"repeat","background-position":"center center","background-size":"auto","background-attachment":"scroll","background-type":"","background-media":"","overlay-type":"","overlay-color":"","overlay-opacity":"","overlay-gradient":""},"tablet":{"background-color":"var(--ast-global-color-5)","background-image":"","background-repeat":"repeat","background-position":"center center","background-size":"auto","background-attachment":"scroll","background-type":"","background-media":"","overlay-type":"","overlay-color":"","overlay-opacity":"","overlay-gradient":""},"mobile":{"background-color":"var(--ast-global-color-5)","background-image":"","background-repeat":"repeat","background-position":"center center","background-size":"auto","background-attachment":"scroll","background-type":"","background-media":"","overlay-type":"","overlay-color":"","overlay-opacity":"","overlay-gradient":""}},"iawp_total_views":72,"footnotes":""},"hf_cat_page":[302],"class_list":["post-3418","page","type-page","status-publish","has-post-thumbnail"],"acf":[],"_links":{"self":[{"href":"https:\/\/www.mission-21.org\/fr\/wp-json\/wp\/v2\/pages\/3418","targetHints":{"allow":["GET"]}}],"collection":[{"href":"https:\/\/www.mission-21.org\/fr\/wp-json\/wp\/v2\/pages"}],"about":[{"href":"https:\/\/www.mission-21.org\/fr\/wp-json\/wp\/v2\/types\/page"}],"author":[{"embeddable":true,"href":"https:\/\/www.mission-21.org\/fr\/wp-json\/wp\/v2\/users\/1"}],"replies":[{"embeddable":true,"href":"https:\/\/www.mission-21.org\/fr\/wp-json\/wp\/v2\/comments?post=3418"}],"version-history":[{"count":8,"href":"https:\/\/www.mission-21.org\/fr\/wp-json\/wp\/v2\/pages\/3418\/revisions"}],"predecessor-version":[{"id":8826,"href":"https:\/\/www.mission-21.org\/fr\/wp-json\/wp\/v2\/pages\/3418\/revisions\/8826"}],"up":[{"embeddable":true,"href":"https:\/\/www.mission-21.org\/fr\/wp-json\/wp\/v2\/pages\/218"}],"wp:featuredmedia":[{"embeddable":true,"href":"https:\/\/www.mission-21.org\/fr\/wp-json\/wp\/v2\/media\/3417"}],"wp:attachment":[{"href":"https:\/\/www.mission-21.org\/fr\/wp-json\/wp\/v2\/media?parent=3418"}],"wp:term":[{"taxonomy":"hf_cat_page","embeddable":true,"href":"https:\/\/www.mission-21.org\/fr\/wp-json\/wp\/v2\/hf_cat_page?post=3418"}],"curies":[{"name":"wp","href":"https:\/\/api.w.org\/{rel}","templated":true}]}}