{"id":3503,"date":"2022-10-06T16:59:40","date_gmt":"2022-10-06T14:59:40","guid":{"rendered":"https:\/\/www.mission-21.org\/?page_id=3503"},"modified":"2022-10-21T21:51:04","modified_gmt":"2022-10-21T19:51:04","slug":"signe-despoir","status":"publish","type":"page","link":"https:\/\/www.mission-21.org\/fr\/mitmachen\/zeichenderhoffnung\/","title":{"rendered":"Participez \u00e0 la campagne : Faites un #signed'espoir"},"content":{"rendered":"<img decoding=\"async\" src=\"https:\/\/www.mission-21.org\/wp-content\/uploads\/2022\/08\/csm_header_news_d521d70e38.jpeg\" alt=\"csm header news d521d70e38\" itemprop=\"image\" height=\"688\" width=\"1680\" title=\"csm_Header_News_d521d70e38\" onerror=\"this.style.display='none'\"  \/>\n\t<div class=\"fl-builder-content fl-builder-content-3660 fl-builder-template fl-builder-module-template fl-builder-global-templates-locked\" data-post-id=\"3660\"><div class=\"fl-module fl-module-pp-toc fl-node-xrvkwe8ihtn6 toc\" data-node=\"xrvkwe8ihtn6\">\n\t<div class=\"fl-module-content fl-node-content\">\n\t\t<div class=\"pp-toc-container\">\n\t\n\t<div class=\"pp-toc-body\">\n\t\t\t\t\t<ul class=\"pp-toc-list-wrapper pp-toc-list-icon\"><\/ul>\n\t\t\t\t<\/div>\n<\/div>\n\n\t<\/div>\n<\/div>\n<\/div><div class=\"uabb-js-breakpoint\" style=\"display: none;\"><\/div>\n\t\t\t<a href=\"https:\/\/www.mission-21.org\/fr\/faire-un-don\/\" target=\"_self\" role=\"button\" aria-label=\"Dons\" rel=\"noopener\">\n\t\t\t\t\t\t\tDons\n\t\t\t\t\t\t\t\t\t<img decoding=\"async\" src=\"https:\/\/www.mission-21.org\/wp-content\/uploads\/2022\/08\/csm_heat-icon_b1dbd40167.png\"\/>\n\t\t<\/a>\n<h2>\n\t\tMessages vid\u00e9o\n\t<\/h2>\n\t<p>Vous trouverez d'autres messages vid\u00e9o :<\/p>\n<p><a href=\"https:\/\/vimeo.com\/showcase\/7004699\" target=\"_blank\" rel=\"noopener\">\u25ba sur notre cha\u00eene Vimeo<\/a><\/p>\n<p><a href=\"https:\/\/www.youtube.com\/user\/mission21Basel\/videos\" target=\"_blank\" rel=\"noopener\">\u25ba sur notre cha\u00eene Youtube<\/a><\/p>\n<h4>\n\t\tS\u00e9lection de films en cours : Afrique\n\t<\/h4>\n\t\t\t\t\t<a href=\"\"><img decoding=\"async\" src=\"https:\/\/i.vimeocdn.com\/portrait\/75431195_300x300?subrect=99%2C99%2C1308%2C1308&#038;r=cover\"\/><\/a>\n\t\t\t\t\t\t\t<a href=\"\">#SymbolOfHope - R\u00e9v\u00e9rend Peter Gai du Soudan du Sud<\/a>\n\t\t\t\t\t\t\tfrom  <a href=\"\">Mission 21<\/a>\n\t\t\t\t\t<img decoding=\"async\" src=\"https:\/\/i.vimeocdn.com\/video\/878735564-29c96d9bb5cc2808ff69cc50ee5c5a363b1e8e5032f5b61366dcb16026b406f8-d_840\" alt=\"vimeo-video-thumbnail\"\/>\n\t\t\t\t\t<img decoding=\"async\" src=\"\" alt=\"vignette vid\u00e9o youtube\"\/>\n\t\t\t\t\t<a href=\"\"><img decoding=\"async\" src=\"https:\/\/i.vimeocdn.com\/portrait\/75431195_300x300?subrect=99%2C99%2C1308%2C1308&#038;r=cover\"\/><\/a>\n\t\t\t\t\t\t\t<a href=\"\">#SymbolOfHope - Anthony Ndamsai, vice-pr\u00e9sident d'Ekklesiyar 'Yan'uwa a Nigeria<\/a>\n\t\t\t\t\t\t\tfrom  <a href=\"\">Mission 21<\/a>\n\t\t\t\t\t<img decoding=\"async\" src=\"https:\/\/i.vimeocdn.com\/video\/878733984-6d01520382b21f18594dfeb8a962ec89786f43132fe36bbc58b0200e1224a118-d_840\" alt=\"vimeo-video-thumbnail\"\/>\n\t\t\t\t\t<img decoding=\"async\" src=\"\" alt=\"vignette vid\u00e9o youtube\"\/>\n\t\t\t\t\t<a href=\"\"><img decoding=\"async\" src=\"https:\/\/i.vimeocdn.com\/portrait\/75431195_300x300?subrect=99%2C99%2C1308%2C1308&#038;r=cover\"\/><\/a>\n\t\t\t\t\t\t\t<a href=\"\">#SymbolOfHope - Chr\u00e9tien du Costa Rica<\/a>\n\t\t\t\t\t\t\tfrom  <a href=\"\">Mission 21<\/a>\n\t\t\t\t\t<img decoding=\"async\" src=\"https:\/\/i.vimeocdn.com\/video\/876045759-bdbc904218004c5094888c0e4379f840bd22035d2dc975aced91bfbfa1dc649b-d_840\" alt=\"vimeo-video-thumbnail\"\/>\n\t\t\t\t\t<img decoding=\"async\" src=\"\" alt=\"vignette vid\u00e9o youtube\"\/>\n\t\t\t\t\t<a href=\"\"><img decoding=\"async\" src=\"https:\/\/i.vimeocdn.com\/portrait\/75431195_300x300?subrect=99%2C99%2C1308%2C1308&#038;r=cover\"\/><\/a>\n\t\t\t\t\t\t\t<a href=\"\">SymbolOfHope - Solveig Schrickel, Chili (Espa\u00f1ol)<\/a>\n\t\t\t\t\t\t\tfrom  <a href=\"\">Mission 21<\/a>\n\t\t\t\t\t<img decoding=\"async\" src=\"https:\/\/i.vimeocdn.com\/video\/911028146-728429b1ab70dfeab645e5a0f35ea23eb4d19e0563c8107e820820f5deb1a080-d_840\" alt=\"vimeo-video-thumbnail\"\/>\n\t\t\t\t\t<a href=\"\"><img decoding=\"async\" src=\"https:\/\/i.vimeocdn.com\/portrait\/75431195_300x300?subrect=99%2C99%2C1308%2C1308&#038;r=cover\"\/><\/a>\n\t\t\t\t\t\t\t<a href=\"\">#SymbolOfHope - Sarah Moti du Soudan du Sud<\/a>\n\t\t\t\t\t\t\tfrom  <a href=\"\">Mission 21<\/a>\n\t\t\t\t\t<img decoding=\"async\" src=\"https:\/\/i.vimeocdn.com\/video\/875706240-2bd8a208c5809c58ef35d5f6d18428c767ef7224994dc2db795fe6171b078364-d_840\" alt=\"vimeo-video-thumbnail\"\/>\n\t\t\t\t\t<a href=\"\"><img decoding=\"async\" src=\"https:\/\/i.vimeocdn.com\/portrait\/75431195_300x300?subrect=99%2C99%2C1308%2C1308&#038;r=cover\"\/><\/a>\n\t\t\t\t\t\t\t<a href=\"\">#SymbolOfHope - Sagem Oman de Kakuma, Kenya<\/a>\n\t\t\t\t\t\t\tfrom  <a href=\"\">Mission 21<\/a>\n\t\t\t\t\t<img decoding=\"async\" src=\"https:\/\/i.vimeocdn.com\/video\/885168172-28788fa719f3d2831fb8e6897cbb4e3e0bcdee469a18471a7d4f412dc3749834-d_840\" alt=\"vimeo-video-thumbnail\"\/>\n\t\t\t\t\t<img decoding=\"async\" src=\"\" alt=\"vignette vid\u00e9o youtube\"\/>\n\t\t\t\t\t<a href=\"\"><img decoding=\"async\" src=\"https:\/\/i.vimeocdn.com\/portrait\/75431195_300x300?subrect=99%2C99%2C1308%2C1308&#038;r=cover\"\/><\/a>\n\t\t\t\t\t\t\t<a href=\"\">#SymbolOfHope - Mauda Cuminao Salazar, Chili (Espa\u00f1ol)<\/a>\n\t\t\t\t\t\t\tfrom  <a href=\"\">Mission 21<\/a>\n\t\t\t\t\t<img decoding=\"async\" src=\"https:\/\/i.vimeocdn.com\/video\/911034873-aae5ee7b60d882b9d068dcf7b37b5651faf9f7a3fb920bbf4a0298ecd2f79a55-d_840\" alt=\"vimeo-video-thumbnail\"\/>\n\t\t<h4>\n\t\tS\u00e9lection actuelle de films : Asie\n\t<\/h4>\n\t\t\t\t\t<a href=\"\"><img decoding=\"async\" src=\"https:\/\/i.vimeocdn.com\/portrait\/75431195_300x300?subrect=99%2C99%2C1308%2C1308&#038;r=cover\"\/><\/a>\n\t\t\t\t\t\t\t<a href=\"\">#SymbolOfHope - Salutations de P\u00e2ques du r\u00e9v\u00e9rend Dr Jaecheon Lee de Cor\u00e9e du Sud<\/a>\n\t\t\t\t\t\t\tfrom  <a href=\"\">Mission 21<\/a>\n\t\t\t\t\t<img decoding=\"async\" src=\"https:\/\/i.vimeocdn.com\/video\/876648547-5ff80f8b43237131629ccc2862bb5ee03c7d6355f528416861e7bf6a269b4e57-d_840\" alt=\"vimeo-video-thumbnail\"\/>\n\t\t\t\t\t<img decoding=\"async\" src=\"\" alt=\"vignette vid\u00e9o youtube\"\/>\n\t\t\t\t\t<a href=\"\"><img decoding=\"async\" src=\"https:\/\/i.vimeocdn.com\/portrait\/75431195_300x300?subrect=99%2C99%2C1308%2C1308&#038;r=cover\"\/><\/a>\n\t\t\t\t\t\t\t<a href=\"\">#SymbolOfHope - \u00c9glise r\u00e9gionale de Thurgovie<\/a>\n\t\t\t\t\t\t\tfrom  <a href=\"\">Mission 21<\/a>\n\t\t\t\t\t<img decoding=\"async\" src=\"https:\/\/i.vimeocdn.com\/video\/882269635-b3581d7bc25b3f0ff02c228747115c099425a4749ed741dde8482355e119744a-d_840\" alt=\"vimeo-video-thumbnail\"\/>\n\t\t\t\t\t<img decoding=\"async\" src=\"\" alt=\"vignette vid\u00e9o youtube\"\/>\n\t\t\t\t\t<a href=\"\"><img decoding=\"async\" src=\"https:\/\/i.vimeocdn.com\/portrait\/75431195_300x300?subrect=99%2C99%2C1308%2C1308&#038;r=cover\"\/><\/a>\n\t\t\t\t\t\t\t<a href=\"\">#SigneD'Esp\u00e9rance - Herrnhuter Br\u00fcdergemeine Schweiz<\/a>\n\t\t\t\t\t\t\tfrom  <a href=\"\">Mission 21<\/a>\n\t\t\t\t\t<img decoding=\"async\" src=\"https:\/\/i.vimeocdn.com\/video\/887842013-e8bfa65f739eaa47467c5f3aae77c9d415b05a1358835a12252b922c4704a584-d_840\" alt=\"vimeo-video-thumbnail\"\/>\n\t\t\t\t\t<a href=\"\"><img decoding=\"async\" src=\"https:\/\/i.vimeocdn.com\/portrait\/75431195_300x300?subrect=99%2C99%2C1308%2C1308&#038;r=cover\"\/><\/a>\n\t\t\t\t\t\t\t<a href=\"\">#SymbolOfHope - \u00c9glises r\u00e9form\u00e9es Berne-Jura-Soleure<\/a>\n\t\t\t\t\t\t\tfrom  <a href=\"\">Mission 21<\/a>\n\t\t\t\t\t<img decoding=\"async\" src=\"https:\/\/i.vimeocdn.com\/video\/891808022-c1e6672fcdf3ff194275a5bd0100e0b203647f0ba121dfd3e57d1ca0021e3f71-d_840\" alt=\"vimeo-video-thumbnail\"\/>\n\t\t\t\t\t<a href=\"\"><img decoding=\"async\" src=\"https:\/\/i.vimeocdn.com\/portrait\/75431195_300x300?subrect=99%2C99%2C1308%2C1308&#038;r=cover\"\/><\/a>\n\t\t\t\t\t\t\t<a href=\"\">#SymbolOfHope - Rev. Enno Strobel UEPAL, France<\/a>\n\t\t\t\t\t\t\tfrom  <a href=\"\">Mission 21<\/a>\n\t\t\t\t\t<img decoding=\"async\" src=\"https:\/\/i.vimeocdn.com\/video\/898440281-f576a8f8a807c0ca5fc2f4e3b906e3c09ffa7b8dbcc46f19c57ac4705c1772b9-d_840\" alt=\"vimeo-video-thumbnail\"\/>\n\t\t\t\t\t<a href=\"\"><img decoding=\"async\" src=\"https:\/\/i.vimeocdn.com\/portrait\/75431195_300x300?subrect=99%2C99%2C1308%2C1308&#038;r=cover\"\/><\/a>\n\t\t\t\t\t\t\t<a href=\"\">#SymbolOfHope - Winnie Loo de Hong Kong<\/a>\n\t\t\t\t\t\t\tfrom  <a href=\"\">Mission 21<\/a>\n\t\t\t\t\t<img decoding=\"async\" src=\"https:\/\/i.vimeocdn.com\/video\/885706491-83a4a9a008397b1b4df119a5101775951528f41839b4f7cd884f2e983088148d-d_840\" alt=\"vimeo-video-thumbnail\"\/>\n\t\t\t\t\t<img decoding=\"async\" src=\"\" alt=\"vignette vid\u00e9o youtube\"\/>\n\t\t\t\t\t<img decoding=\"async\" src=\"\" alt=\"vignette vid\u00e9o youtube\"\/>\n\t\t\t\t\t<a href=\"\"><img decoding=\"async\" src=\"https:\/\/i.vimeocdn.com\/portrait\/75431195_300x300?subrect=99%2C99%2C1308%2C1308&#038;r=cover\"\/><\/a>\n\t\t\t\t\t\t\t<a href=\"\">#SymbolOfHope - \u00c9glise r\u00e9form\u00e9e du canton de Saint-Gall<\/a>\n\t\t\t\t\t\t\tfrom  <a href=\"\">Mission 21<\/a>\n\t\t\t\t\t<img decoding=\"async\" src=\"https:\/\/i.vimeocdn.com\/video\/887840656-eb98af0a638f302cec4834dc6a76d7bef65c0e4d0dadac0b36cc6deea8282b39-d_840\" alt=\"vimeo-video-thumbnail\"\/>\n\t\t\t\t\t<img decoding=\"async\" src=\"\" alt=\"vignette vid\u00e9o youtube\"\/>\n\t\t\t\t\t<a href=\"\"><img decoding=\"async\" src=\"https:\/\/i.vimeocdn.com\/portrait\/75431195_300x300?subrect=99%2C99%2C1308%2C1308&#038;r=cover\"\/><\/a>\n\t\t\t\t\t\t\t<a href=\"\">#SymbolOfHope - Hosanna<\/a>\n\t\t\t\t\t\t\tfrom  <a href=\"\">Mission 21<\/a>\n\t\t\t\t\t<img decoding=\"async\" src=\"https:\/\/i.vimeocdn.com\/video\/895508785-072c4fccf258cde7b51469838faf8e12d9604090c7f509e0ff23a91e462a44c8-d_840\" alt=\"vimeo-video-thumbnail\"\/>\n\t\t\t\t\t<a href=\"\"><img decoding=\"async\" src=\"https:\/\/i.vimeocdn.com\/portrait\/75431195_300x300?subrect=99%2C99%2C1308%2C1308&#038;r=cover\"\/><\/a>\n\t\t\t\t\t\t\t<a href=\"\">SymbolOfHope - Women and Gender Desk de Mission 21, Suisse<\/a>\n\t\t\t\t\t\t\tfrom  <a href=\"\">Mission 21<\/a>\n\t\t\t\t\t<img decoding=\"async\" src=\"https:\/\/i.vimeocdn.com\/video\/903610728-9653c04b4ad493c33bec2c223c8833fd948ec6a328d469ef440c5d1114964c63-d_840\" alt=\"vimeo-video-thumbnail\"\/>\n\t\t<h2>\n\t\tMessages en images\n\t<\/h2>\n\t\t\t\t\t\t\t\t\t\t\t<!-- Overlay Wrapper -->\n\t\t\t\t\t\t\t\t\t\tTanzanie : La coop\u00e9rative de couture \"Pamoja Tunaweza\" (\"Ensemble, nous y arriverons\") a modifi\u00e9 sa gamme de produits et coud d\u00e9sormais des masques de protection.\t\t\t\t\t\t\t\t\t\n\t\t\t\t\t\t <!-- Overlay Wrapper Closed -->\n\t\t\t\t\t\t\t\t\t\t\t<!-- Overlay Wrapper -->\n\t\t\t\t\t\t\t\t\t\tUn signe d'espoir qui fleurit \u00e0 B\u00e2le. Christine S\u00e9dano maintient son parrainage d'arbres dans l'espace public, m\u00eame pendant la crise de Corona.\t\t\t\t\t\t\t\t\t\n\t\t\t\t\t\t <!-- Overlay Wrapper Closed -->\n\t\t\t\t\t\t\t\t<!-- navigation arrows -->\n\t\t\t<button aria-label=\"Previous slide\" role=\"button\" tabindex=\"0\">\n\t\t\t<\/button>\n\t\t\t<button aria-label=\"Next slide\" role=\"button\" tabindex=\"0\">\n\t\t\t<\/button>\n\t\t\t\t\t\t<!-- pagination -->\n<h2>\n\t\tLettres et pri\u00e8res\n\t<\/h2>\n\t<p>Un signe d'espoir par Rita Famos, pr\u00e9sidente de la <strong>\u00c9glise \u00e9vang\u00e9lique suisse<\/strong>: \u25ba <a href=\"https:\/\/www.mission-21.org\/fileadmin\/Webseite_Mission_21\/ZeichenDerHoffnung\/20210126_Rita-Famos_Hope_anyway_Zeichen_der_Hoffnung.pdf\">Lire le message de Rita Famos (en anglais et en allemand)<\/a><\/p>\n<p>Un signe d'espoir par Judith Gysi de la <strong>Paroisse r\u00e9form\u00e9e d'Argovie<\/strong>: <a href=\"https:\/\/www.mission-21.org\/fileadmin\/Webseite_Mission_21\/ZeichenDerHoffnung\/Message_of_Hope_Reformed_Church_Aargau.pdf\">\u25ba Lire la lettre de Judith Gysi (en anglais)<\/a><\/p>\n<p>Un signe d'espoir de la part de <strong>Conf\u00e9rence des \u00c9glises allafricaines<\/strong> (AACC) :\u00a0<a href=\"https:\/\/www.mission-21.org\/fileadmin\/Webseite_Mission_21\/ZeichenDerHoffnung\/_SymbolOfHope_AACC_Kenia.pdf\">\u25ba Lire le message d'espoir (en anglais)<\/a><\/p>\n<p>Le site <strong>F\u00e9d\u00e9ration des \u00c9glises du Sud-Soudan<\/strong> appelle \u00e0 lutter contre la pand\u00e9mie <a href=\"https:\/\/www.mission-21.org\/fileadmin\/Webseite_Mission_21\/ZeichenDerHoffnung\/statem_20200514_SSCC_PASTORAL_STATEMENT_ON_COVID-19.pdf\">\u25ba Prise de position de la F\u00e9d\u00e9ration des \u00c9glises du Sud-Soudan sur COVID-19 (en anglais)<\/a><\/p>\n<p>Un signe d'espoir par Eleaonor McCormick de la <strong>\u00c9glise r\u00e9gionale de Bade, Allemagne<\/strong>: <a href=\"https:\/\/www.mission-21.org\/fileadmin\/Webseite_Mission_21\/ZeichenDerHoffnung\/ZeichenDerHoffnung_Groetzingen_Gemeindebrief_Eleanor_B._McCormick_Mai_2020.pdf\">\u25ba Lettre de la communaut\u00e9 sur la crise de Corona par Eleaonor McCormick (en allemand)<\/a><\/p>\n<p>Le site <strong>Secr\u00e9taire g\u00e9n\u00e9ral du<\/strong><strong>Conseil \u0153cum\u00e9nique des \u00c9glises<\/strong> (COE) soutient le travail de Mission 21 : <a href=\"https:\/\/www.mission-21.org\/fr\/fileadmin\/home\/2020\/world_council_of_churches_general_secretary-pdf\/\" target=\"_blank\" rel=\"noopener\">\u25ba <\/a><a href=\"https:\/\/www.mission-21.org\/fileadmin\/Webseite_Mission_21\/Home\/2020\/World_Council_of_Churches_General_Secretary.pdf\">Le message d'espoir du COE \u00e0 Mission 21 et \u00e0 ses partenaires (en anglais)<\/a><\/p>\n<p>Notre \u00e9glise partenaire en <strong>Cameroun<\/strong> nous envoie une pri\u00e8re \u00e9difiante : <a href=\"https:\/\/www.mission-21.org\/fr\/fileadmin\/news\/news_2020\/symboleofhope_pcc_cameroun_priere_202004-pdf\/\" target=\"_blank\" rel=\"noopener\">\u25ba Message d'espoir et pri\u00e8re du pr\u00e9sident de l'Eglise presbyt\u00e9rienne du Cameroun (PDF en anglais)<\/a><\/p>\n<p>Rapport sur le travail de projet pendant la pand\u00e9mie de Corona de\u00a0<strong>Togho Lumumba Mukong<\/strong>, coordinateur pays de Mission 21 au Cameroun :\u00a0<a href=\"https:\/\/www.mission-21.org\/fileadmin\/Webseite_Mission_21\/ZeichenDerHoffnung\/Grussbotschaft_Lumumba_Mukong_Cameroon.pdf\">\u25ba Rapport de Lumumba Mukong du Cameroun (PDF anglais)<\/a><\/p>\n<p>Impressions sur la situation des femmes pendant la pand\u00e9mie de Corona au Cameroun par\u00a0<strong>Njotu Angeline<\/strong>, directrice du <a href=\"https:\/\/www.mission-21.org\/fr\/informer\/news\/detail\/education-pour-les-femmes-au-cameroun-sous-pression\/\" target=\"_blank\" rel=\"noopener\">Programme \u00e9ducatif WEELP<\/a> pour les femmes :\u00a0<a href=\"https:\/\/www.mission-21.org\/fileadmin\/Webseite_Mission_21\/ZeichenDerHoffnung\/Grussbotschaft_Njotu_Angeline_Cameroon.pdf\">\u25ba Rapport de Njotu Angeline du Cameroun<\/a><\/p>\n<p>Notre \u00e9glise partenaire en <strong>Ghana<\/strong> d\u00e9crit la lutte contre la pand\u00e9mie de Corona : <a href=\"https:\/\/www.mission-21.org\/fileadmin\/Webseite_Mission_21\/ZeichenDerHoffnung\/COVID_19_Pandemic_-_Presbyterian_Church_of_Ghana_s_Story.pdf\">\u25ba Rapport de l'Eglise presbyt\u00e9rienne du Ghana (PDF en anglais)<\/a> et elle envoie des salutations de P\u00e2ques en cette p\u00e9riode difficile :\u00a0<a href=\"https:\/\/www.mission-21.org\/fileadmin\/Webseite_Mission_21\/ZeichenDerHoffnung\/SymbolOfHope_Ostergruesse-Ghana_PCG.pdf\">\u25ba Salutations de P\u00e2ques du pr\u00e9sident de l'Eglise (PDF en anglais)<\/a><\/p>\n<p>Message de P\u00e2ques de l'\u00e9v\u00eaque James Wong, <strong>Le Chruch chr\u00e9tien de B\u00e2le de Malaisie<\/strong> (BCCM) : <a href=\"https:\/\/www.mission-21.org\/fileadmin\/Webseite_Mission_21\/ZeichenDerHoffnung\/Solidarity_Message_2020_Bishop_James_Wong_BCCM.pdf\">\u25ba Message de P\u00e2ques de l'\u00e9v\u00eaque James Wong (PDF en anglais)<\/a><\/p>\n<p><strong>Noria Majaman<\/strong> nous parle de la Malaisie et de la mani\u00e8re dont elle g\u00e8re la situation des Corona : <a href=\"https:\/\/www.mission-21.org\/fileadmin\/Webseite_Mission_21\/ZeichenDerHoffnung\/Noria_about_the_current_situation_Malaysia.pdf\">\u25ba Rapport de Noria Majaman (PDF en anglais)<\/a><\/p>\n\t\t\t\t<img decoding=\"async\" src=\"https:\/\/www.mission-21.org\/wp-content\/uploads\/2022\/10\/csm_zeichen_der_hoffnung_kerzenbild_496871449e.jpg\" alt=\"csm signe d&#039;espoir tableau bougie 496871449e\" itemprop=\"image\" height=\"879\" width=\"1170\" title=\"csm_Zeichen_der_Hoffnung_kerzenbild_496871449e\" onerror=\"this.style.display='none'\"  \/>\n\t\t\t\t<img decoding=\"async\" src=\"https:\/\/www.mission-21.org\/wp-content\/uploads\/2022\/10\/csm_partnerorganisation-lk3_schutzmasken-produktion_banjarmasin_4f4f1b25fe.jpg\" alt=\"csm organisation partenaire lk3 masques de protection production banjarmasin 4f4f1b25fe\" itemprop=\"image\" height=\"863\" width=\"1150\" title=\"csm_organisation partenaire-LK3_production_de_masques_de_protection_Banjarmasin_4f4f1b25fe\" onerror=\"this.style.display='none'\"  \/>\n<h2>\n\t\tVotre don le rend possible\n\t<\/h2>\n\t<p>Ces spots radio financ\u00e9s par Mission 21 sont actuellement diffus\u00e9s par notre Eglise partenaire, l'Eglise presbyt\u00e9rienne du Cameroun (PCC). Ils informent les gens sur les mesures n\u00e9cessaires pour se prot\u00e9ger contre le virus Corona et clarifient les fausses nouvelles qui se propagent sur la pand\u00e9mie Corona. Les spots sont diffus\u00e9s en anglais et en pidgin, une langue locale.<\/p>\n<p><a href=\"https:\/\/www.mission-21.org\/fileadmin\/Webseite_Mission_21\/ZeichenDerHoffnung\/Voice_Messages\/Radio_Spot_Corona_Cameroon_1.mp3\">\u25ba Spot radio 1<\/a><\/p>\n<p><a href=\"https:\/\/www.mission-21.org\/fileadmin\/Webseite_Mission_21\/ZeichenDerHoffnung\/Voice_Messages\/Radio_Spot_Corona_Cameroon_2.mp3\">\u25ba Spot radio 2<\/a><\/p>\n<p><a href=\"https:\/\/www.mission-21.org\/fileadmin\/Webseite_Mission_21\/ZeichenDerHoffnung\/Voice_Messages\/Radio_Spot_Corona_Cameroon_3.mp3\">\u25ba Spot radio 3<\/a><\/p>\n<p><a href=\"https:\/\/www.mission-21.org\/fileadmin\/Webseite_Mission_21\/ZeichenDerHoffnung\/Voice_Messages\/Radio_Spot_Corona_Cameroon_Fake_News.mp3\">\u25ba Spot radio 4<\/a><\/p>\n<h2>\n\t\tActualit\u00e9s\n\t<\/h2>\n\t\t\t\t\t\t\t\t\t\t\t\t\t\t<a href=\"https:\/\/www.mission-21.org\/fr\/mission-21-operation-au-dessus-de-la-main\/\" target=\"_self\" title=\"Mission 21 : un engagement d&#039;\u00e9gal \u00e0 \u00e9gal\" rel=\"noopener\">\n\t\t\t\t<img decoding=\"async\" src=\"https:\/\/www.mission-21.org\/wp-content\/uploads\/2022\/10\/csm_20211109_120915_zusammenarbeit_auf_augenhoehe_kamerun_presnus_d052686fab-1-900x675.jpg\" alt=\"csm 20211109 120915 coop\u00e9ration \u00e0 hauteur d&#039;homme cameroun presnus d052686fab\" \/>\n\t\t\t\t<\/a>\n\t\t\t\t\t\t<h4>\n\t\t\t\t<a href=\"https:\/\/www.mission-21.org\/fr\/mission-21-operation-au-dessus-de-la-main\/\" title=\"Mission 21 : un engagement d&#039;\u00e9gal \u00e0 \u00e9gal\" tabindex=\"0\">Mission 21 : un engagement d'\u00e9gal \u00e0 \u00e9gal<\/a>\t\t\t<\/h4>\n\t\t\t\t\t\t\t<h5>\n\t\t\t19 octobre 2022\t\t\t\n\t\t\t\t\t\t\t<\/h5>\n\t\t\t\t\t\t\t\t\t\t\t\t\t\t<a href=\"https:\/\/www.mission-21.org\/fr\/paroisses-engagees-pour-notre-campagne\/\" target=\"_self\" title=\"Les paroisses s&#039;engagent pour notre campagne\" rel=\"noopener\">\n\t\t\t\t<img decoding=\"async\" src=\"https:\/\/www.mission-21.org\/wp-content\/uploads\/2022\/10\/csm_gottesdienst_zur_kampagne_frutigen_99d947348a-900x675.jpeg\" alt=\"csm service religieux pour la campagne de frutigen 99d947348a\" \/>\n\t\t\t\t<\/a>\n\t\t\t\t\t\t<h4>\n\t\t\t\t<a href=\"https:\/\/www.mission-21.org\/fr\/paroisses-engagees-pour-notre-campagne\/\" title=\"Les paroisses s&#039;engagent pour notre campagne\" tabindex=\"0\">Les paroisses s'engagent pour notre campagne<\/a>\t\t\t<\/h4>\n\t\t\t\t\t\t\t<h5>\n\t\t\t4 octobre 2022\t\t\t\n\t\t\t\t\t\t\t<\/h5>\n\t\t\t\t\t\t\t\t\t\t\t\t\t\t<a href=\"https:\/\/www.mission-21.org\/fr\/ainsi-des-voix-noires-sorties-des-archives-vivent\/\" target=\"_self\" title=\"Les &quot;voix noires&quot; des archives prennent ainsi vie\" rel=\"noopener\">\n\t\t\t\t<img decoding=\"async\" src=\"https:\/\/www.mission-21.org\/wp-content\/uploads\/2022\/10\/csm_ppp_black_voices_20220923_cbu_0c78e8150a.jpg\" alt=\"csm ppp black voices 20220923 cbu 0c78e8150a\" \/>\n\t\t\t\t<\/a>\n\t\t\t\t\t\t<h4>\n\t\t\t\t<a href=\"https:\/\/www.mission-21.org\/fr\/ainsi-des-voix-noires-sorties-des-archives-vivent\/\" title=\"Les &quot;voix noires&quot; des archives prennent ainsi vie\" tabindex=\"0\">Les \"voix noires\" des archives prennent ainsi vie<\/a>\t\t\t<\/h4>\n\t\t\t\t\t\t\t<h5>\n\t\t\t29 septembre 2022\t\t\t\n\t\t\t\t\t\t\t<\/h5>","protected":false},"excerpt":{"rendered":"<p>Spenden Video-Botschaften Weitere Video &#8211; Botschaften finden Sie: \u25ba auf unserem Vimeo-Kanal \u25ba auf unserem Youtube Kanal Aktuelle Filmauswahl: Afrika #SymbolOfHope &#8211; Rev. Peter Gai from South Sudan from Mission 21 #SymbolOfHope &#8211; Anthony Ndamsai, Vice President of Ekklesiyar &#039;Yan&#039;uwa a Nigeria from Mission 21 #SymbolOfHope &#8211; Christian from Costa Rica from Mission 21 SymbolOfHope [&hellip;]<\/p>\n","protected":false},"author":1,"featured_media":3505,"parent":212,"menu_order":0,"comment_status":"closed","ping_status":"closed","template":"","meta":{"_acf_changed":false,"_seopress_robots_primary_cat":"","_seopress_titles_title":"","_seopress_titles_desc":"","_seopress_robots_index":"","_searchwp_excluded":"","site-sidebar-layout":"default","site-content-layout":"","ast-site-content-layout":"default","site-content-style":"default","site-sidebar-style":"default","ast-global-header-display":"","ast-banner-title-visibility":"","ast-main-header-display":"","ast-hfb-above-header-display":"","ast-hfb-below-header-display":"","ast-hfb-mobile-header-display":"","site-post-title":"","ast-breadcrumbs-content":"","ast-featured-img":"","footer-sml-layout":"","ast-disable-related-posts":"","theme-transparent-header-meta":"","adv-header-id-meta":"","stick-header-meta":"","header-above-stick-meta":"","header-main-stick-meta":"","header-below-stick-meta":"","astra-migrate-meta-layouts":"default","ast-page-background-enabled":"default","ast-page-background-meta":{"desktop":{"background-color":"var(--ast-global-color-4)","background-image":"","background-repeat":"repeat","background-position":"center center","background-size":"auto","background-attachment":"scroll","background-type":"","background-media":"","overlay-type":"","overlay-color":"","overlay-opacity":"","overlay-gradient":""},"tablet":{"background-color":"","background-image":"","background-repeat":"repeat","background-position":"center center","background-size":"auto","background-attachment":"scroll","background-type":"","background-media":"","overlay-type":"","overlay-color":"","overlay-opacity":"","overlay-gradient":""},"mobile":{"background-color":"","background-image":"","background-repeat":"repeat","background-position":"center center","background-size":"auto","background-attachment":"scroll","background-type":"","background-media":"","overlay-type":"","overlay-color":"","overlay-opacity":"","overlay-gradient":""}},"ast-content-background-meta":{"desktop":{"background-color":"var(--ast-global-color-5)","background-image":"","background-repeat":"repeat","background-position":"center center","background-size":"auto","background-attachment":"scroll","background-type":"","background-media":"","overlay-type":"","overlay-color":"","overlay-opacity":"","overlay-gradient":""},"tablet":{"background-color":"var(--ast-global-color-5)","background-image":"","background-repeat":"repeat","background-position":"center center","background-size":"auto","background-attachment":"scroll","background-type":"","background-media":"","overlay-type":"","overlay-color":"","overlay-opacity":"","overlay-gradient":""},"mobile":{"background-color":"var(--ast-global-color-5)","background-image":"","background-repeat":"repeat","background-position":"center center","background-size":"auto","background-attachment":"scroll","background-type":"","background-media":"","overlay-type":"","overlay-color":"","overlay-opacity":"","overlay-gradient":""}},"iawp_total_views":29,"footnotes":""},"hf_cat_page":[297],"class_list":["post-3503","page","type-page","status-publish","has-post-thumbnail"],"acf":[],"_links":{"self":[{"href":"https:\/\/www.mission-21.org\/fr\/wp-json\/wp\/v2\/pages\/3503","targetHints":{"allow":["GET"]}}],"collection":[{"href":"https:\/\/www.mission-21.org\/fr\/wp-json\/wp\/v2\/pages"}],"about":[{"href":"https:\/\/www.mission-21.org\/fr\/wp-json\/wp\/v2\/types\/page"}],"author":[{"embeddable":true,"href":"https:\/\/www.mission-21.org\/fr\/wp-json\/wp\/v2\/users\/1"}],"replies":[{"embeddable":true,"href":"https:\/\/www.mission-21.org\/fr\/wp-json\/wp\/v2\/comments?post=3503"}],"version-history":[{"count":11,"href":"https:\/\/www.mission-21.org\/fr\/wp-json\/wp\/v2\/pages\/3503\/revisions"}],"predecessor-version":[{"id":4754,"href":"https:\/\/www.mission-21.org\/fr\/wp-json\/wp\/v2\/pages\/3503\/revisions\/4754"}],"up":[{"embeddable":true,"href":"https:\/\/www.mission-21.org\/fr\/wp-json\/wp\/v2\/pages\/212"}],"wp:featuredmedia":[{"embeddable":true,"href":"https:\/\/www.mission-21.org\/fr\/wp-json\/wp\/v2\/media\/3505"}],"wp:attachment":[{"href":"https:\/\/www.mission-21.org\/fr\/wp-json\/wp\/v2\/media?parent=3503"}],"wp:term":[{"taxonomy":"hf_cat_page","embeddable":true,"href":"https:\/\/www.mission-21.org\/fr\/wp-json\/wp\/v2\/hf_cat_page?post=3503"}],"curies":[{"name":"wp","href":"https:\/\/api.w.org\/{rel}","templated":true}]}}