{"id":352,"date":"2022-08-17T21:56:10","date_gmt":"2022-08-17T19:56:10","guid":{"rendered":"https:\/\/www.mission-21.org\/?page_id=352"},"modified":"2026-03-27T10:32:10","modified_gmt":"2026-03-27T09:32:10","slug":"page-daccueil","status":"publish","type":"page","link":"https:\/\/www.mission-21.org\/fr\/","title":{"rendered":"Page d'accueil"},"content":{"rendered":"<h1>Mission 21<\/h1>\t\t\t\n\t\t\t\t<p>Mission 21 s'engage dans 15 pays d'Afrique, d'Asie et d'Am\u00e9rique latine dans le cadre de la coop\u00e9ration au d\u00e9veloppement durable et de l'aide humanitaire pour la promotion de la paix, l'\u00e9ducation, la sant\u00e9, la souverainet\u00e9 alimentaire et contre la violence envers les femmes et les enfants. Nous contribuons ainsi \u00e0 la r\u00e9alisation des objectifs de d\u00e9veloppement durable de l'ONU. Cet engagement mondial s'associe \u00e0 notre action en tant que communaut\u00e9 d'apprentissage internationale avec des programmes d'\u00e9change transculturel et de coop\u00e9ration interreligieuse ainsi que la promotion de la compr\u00e9hension des interactions mondiales. Notre offre est ouverte \u00e0 tous, ind\u00e9pendamment de la religion, de l'origine ou du sexe.<\/p>\n\t\t\t<a href=\"https:\/\/www.mission-21.org\/fr\/faire-un-don\/\" title=\"Dons\" target=\"_self\"   role=\"button\" aria-label=\"Dons\">\n\t\t\t\t\t\t\t\t<img decoding=\"async\" src=\"https:\/\/www.mission-21.org\/wp-content\/uploads\/2022\/08\/csm_heat-icon_b1dbd40167.png\"\/>\n\t\t\t\t\t\t\t\tDons\n\t\t<\/a>\n<h1>\n\t\t\tActualit\u00e9s\t<\/h1>\n\t<h2 data-start=\"821\" data-end=\"884\">Une boussole pour un langage juste. Nouveau. Clair et pr\u00e9cis. Efficace.<\/h2>\n<strong data-start=\"302\" data-end=\"436\">Dix points de rep\u00e8re pour une communication qui rend la diversit\u00e9 visible, renforce l'\u00e9quivalence et assume la responsabilit\u00e9.<\/strong>\nLa nouvelle Boussole du langage juste est plus qu'un guide : C'est un outil de travail pratique pour tous ceux qui veulent communiquer de mani\u00e8re consciente. T\u00e9l\u00e9chargez d\u00e8s maintenant la boussole et gagnez de nouvelles perspectives pour votre langage.\n\t\t\t<a href=\"https:\/\/www.mission-21.org\/fr\/guide-linguistique\/\" title=\"En savoir plus maintenant\" target=\"_self\"   role=\"button\" aria-label=\"En savoir plus maintenant\">\n\t\t\t\t\t\t\tEn savoir plus maintenant\n\t\t<\/a>\n<h2>\n\t\t\tNos points forts\t<\/h2>\n\t\t\t<h3>\u00c9ducation<\/h3>\t\t\n\t\t\t\t<img decoding=\"async\" src=\"https:\/\/www.mission-21.org\/wp-content\/uploads\/2022\/10\/csm_mission_12_bildung_a49262fd52.jpg\" alt=\"csm mission 12 \u00e9ducation a49262fd52\" title=\"csm_Mission_12_Bildung_a49262fd52\" itemprop=\"image\"\/>\n<p>Gr\u00e2ce \u00e0 l'\u00e9ducation, les gens peuvent fa\u00e7onner leur propre vie et prendre des responsabilit\u00e9s dans la soci\u00e9t\u00e9. Mission 21 s'engage en particulier pour les personnes appartenant \u00e0 des groupes de population marginalis\u00e9s.\u00a0<br \/><a href=\"https:\/\/www.mission-21.org\/fr\/ce-que-nous-faisons\/projets-et-partenaires\/?_themen=bildung\">\u25ba Plus d'infos <\/a><\/p>\n\t\t\t<h3>Paix<\/h3>\t\t\n\t\t\t\t<img decoding=\"async\" src=\"https:\/\/www.mission-21.org\/wp-content\/uploads\/2022\/10\/csm_mission_21_friedensfoerderung_5102ac0a67.jpg\" alt=\"csm mission 21 promotion de la paix 5102ac0a67\" title=\"csm_Mission_21_Friedensfoerderung_5102ac0a67\" itemprop=\"image\"\/>\n\t\t\t\t<p>Dans de nombreux pays, les tensions ou la violence augmentent. Mission 21 y apporte ses comp\u00e9tences en mati\u00e8re de promotion interreligieuse et interculturelle de la paix et soutient le travail de r\u00e9conciliation et de gestion des traumatismes.<br \/><a href=\"https:\/\/www.mission-21.org\/fr\/ce-que-nous-faisons\/projets-et-partenaires\/?_themen=friedensfoerderung\">\u25ba Plus d'infos<\/a><\/p>\n\t\t\t<h3>Sant\u00e9<\/h3>\t\t\n\t\t\t\t<img decoding=\"async\" src=\"https:\/\/www.mission-21.org\/wp-content\/uploads\/2022\/10\/csm_mission_21_gesundheit_678b11c927-900x675.jpg\" alt=\"csm mission 21 sant\u00e9 678b11c927\" title=\"csm_Mission_21_Gesundheit_678b11c927\" itemprop=\"image\"\/>\n\t\t\t\t<p>Mission 21 aide les personnes vivant dans les zones rurales \u00e0 obtenir des soins m\u00e9dicaux. Nous soutenons des projets qui assurent la sant\u00e9 sexuelle et reproductive de groupes de population vuln\u00e9rables.<\/p>\n<p><a href=\"https:\/\/www.mission-21.org\/fr\/ce-que-nous-faisons\/projets-et-partenaires\/?_themen=gesundheit\">\u25ba Plus d'infos<\/a><\/p>\n\t\t\t<h3>Souverainet\u00e9 alimentaire<\/h3>\t\t\n\t\t\t\t<img decoding=\"async\" src=\"https:\/\/www.mission-21.org\/wp-content\/uploads\/2022\/10\/csm_mission_21_ernaehrungssicherung_26b1a136f7.jpg\" alt=\"csm mission 21 s\u00e9curit\u00e9 alimentaire 26b1a136f7\" title=\"csm_Mission_21_S\u00e9curit\u00e9_alimentaire_26b1a136f7\" itemprop=\"image\"\/>\n\t\t\t\t<p>Mission 21 soutient des projets qui permettent aux personnes d\u00e9favoris\u00e9es, en particulier aux familles de petits paysans, de se nourrir sainement, d'assurer durablement leurs moyens de subsistance et de mener une vie digne.<br \/><a href=\"https:\/\/www.mission-21.org\/fr\/ce-que-nous-faisons\/projets-et-partenaires\/?_themen=ernaehrungssouveraenitaet\">\u25baPlus d'infos<\/a><\/p>\n<h2>\n\t\t\tActualit\u00e9s\t<\/h2>\n<h2>\n\t\t\tComment soutenir notre travail\t<\/h2>\n\t\t\t\t<img decoding=\"async\" src=\"https:\/\/www.mission-21.org\/wp-content\/uploads\/2022\/10\/csm_alfalit_b86d23753d.jpg\" alt=\"csm alfalit b86d23753d\" title=\"csm_alfalit_b86d23753d\" itemprop=\"image\"\/>\n\t\t<h5>Avec 50 CHF<\/h5>\t\t\t\n\t\t\t\t<p>vous permettez par exemple \u00e0 une femme d'acheter les fournitures scolaires pour une ann\u00e9e.<\/p>\n\t\t\t<a href=\"\/fr\/faire-un-don\/?rnw-amount=50\" title=\"Faire un don maintenant\" target=\"_self\"   role=\"button\" aria-label=\"Faire un don maintenant\">\n\t\t\t\t\t\t\tFaire un don maintenant\n\t\t<\/a>\n\t\t\t\t<img decoding=\"async\" src=\"https:\/\/www.mission-21.org\/wp-content\/uploads\/2022\/10\/csm_nigeria_bildung_lehrperson_spende_bd169f673e.jpg\" alt=\"csm nigeria \u00e9ducation enseignant donation bd169f673e\" title=\"csm_nigeria_formation_enseignant_donation_bd169f673e\" itemprop=\"image\"\/>\n\t\t<h5>Avec 120 CHF<\/h5>\t\t\t\n\t\t\t\t<p>vous contribuez par exemple \u00e0 la formation d'un enseignant.<\/p>\n\t\t\t<a href=\"\/fr\/faire-un-don\/?rnw-amount=120\" title=\"Faire un don maintenant\" target=\"_self\"   role=\"button\" aria-label=\"Faire un don maintenant\">\n\t\t\t\t\t\t\tFaire un don maintenant\n\t\t<\/a>\n\t\t\t\t<img decoding=\"async\" src=\"https:\/\/www.mission-21.org\/wp-content\/uploads\/2024\/01\/presnus_20230825_img_8906_4-3-scaled.jpg\" alt=\"img 8906\" title=\"IMG_8906\" itemprop=\"image\"\/>\n\t\t<h5>Avec 500 CHF<\/h5>\t\t\t\n\t\t\t\t<p>vous soutenez par exemple une formation pour les infirmi\u00e8res<\/p>\n\t\t\t<a href=\"\/fr\/faire-un-don\/?rnw-amount=500\" title=\"Faire un don maintenant\" target=\"_self\"   role=\"button\" aria-label=\"Faire un don maintenant\">\n\t\t\t\t\t\t\tFaire un don maintenant\n\t\t<\/a>\n\t\t\t\t<img decoding=\"async\" src=\"https:\/\/www.mission-21.org\/wp-content\/uploads\/2025\/06\/bild_35-scaled.jpg\" alt=\"image 35\" title=\"image_35\" itemprop=\"image\"\/>\n\t\t<h5>Cameroun<\/h5><h3>Suppression des fonds de l'USAID : Ce que cela signifie pour la population camerounaise <\/h3>\t\t\t\n\t\t\t\t<p>Le retrait radical de l'agence am\u00e9ricaine pour le d\u00e9veloppement international (USAID) de plusieurs milliers de projets dans le monde a fait la une des journaux du monde entier ce printemps. Comment ce d\u00e9part se r\u00e9percute-t-il concr\u00e8tement sur la population et le syst\u00e8me de sant\u00e9 d'un pays ?<\/p>\n<p>C'est avec cette question que nous nous sommes tourn\u00e9s vers le Cameroun et nos organisations partenaires sur place. En mars 2025, l'h\u00f4pital de Manyemen, par exemple, connaissait d\u00e9j\u00e0 une p\u00e9nurie de m\u00e9dicaments importants - ce qui est dangereux pour les maladies et les infections tr\u00e8s r\u00e9pandues comme la tuberculose, le paludisme ou le VIH. Les cons\u00e9quences \u00e9conomiques, psychologiques et sociales pour les patients* et le personnel de sant\u00e9 sont \u00e9galement \u00e9normes.<\/p>\n<p>Votre soutien est plus que jamais n\u00e9cessaire.<\/p>\n<p><a href=\"https:\/\/www.mission-21.org\/fr\/projets\/soins-de-sante-et-prevention-du-vih-en-ruralite\/\">\u25ba sur le projet<\/a><\/p>\n\t\t\t<a href=\"https:\/\/www.mission-21.org\/fr\/faire-un-don\/?zweck=hiv_praevention_kamerun\" title=\"\u25ba Faire un don maintenant\" target=\"_self\"   role=\"button\" aria-label=\"\u25ba Faire un don maintenant\">\n\t\t\t\t\t\t\t\u25ba Faire un don maintenant\n\t\t<\/a>\n<h2>\n\t\t<a href=\"https:\/\/www.mission-21.org\/fr\/ce-que-nous-faisons\/projets-et-partenaires\/\" title=\"\u25baVers tous les projets\"  target=\"_self\">\n\t\t\t\u25baVers tous les projets\t\t<\/a>\n\t<\/h2>\n\t\t<iframe hcb-fetch-image-from=\"https:\/\/vimeo.com\/1073569409\" title=\"P\u00e2ques 2025\" src=\"https:\/\/player.vimeo.com\/video\/1073569409?dnt=1&amp;app_id=122963\" width=\"500\" height=\"281\" frameborder=\"0\" allow=\"autoplay; fullscreen; picture-in-picture; clipboard-write; encrypted-media\"><\/iframe>\t\n\t\t\t<h5>Soudan du Sud<\/h5><h3>Message vid\u00e9o de notre coordinatrice<\/h3>\t\t\t\n\t\t\t\t<p>Au Sud-Soudan, un conflit latent qui menace d'\u00e9clater en une nouvelle guerre civile s'aggrave presque \u00e0 l'insu de tous. Sur ordre du pr\u00e9sident Salva Kiir, les troupes ont bombard\u00e9 certaines parties du pays et le vice-pr\u00e9sident Riek Machar a \u00e9t\u00e9 plac\u00e9 en r\u00e9sidence surveill\u00e9e.<\/p>\n<p>La situation au Sud-Soudan, o\u00f9 les gens sont d\u00e9j\u00e0 confront\u00e9s \u00e0 la faim, \u00e0 la violence et \u00e0 des centaines de milliers de r\u00e9fugi\u00e9s en provenance du Soudan voisin, est tr\u00e8s tendue. Mission 21 pr\u00e9pare avec les organisations partenaires<strong> une aide humanitaire cibl\u00e9e<\/strong> Les organisations de la soci\u00e9t\u00e9 civile ont un r\u00f4le important \u00e0 jouer dans la lutte contre la pauvret\u00e9, en fournissant des denr\u00e9es alimentaires et des produits de premi\u00e8re n\u00e9cessit\u00e9, mais aussi des soins m\u00e9dicaux et un acc\u00e8s \u00e0 l'eau potable.<\/p>\n<p>Regardez ici un message vid\u00e9o de la coordinatrice de projet Guliba Florence Hakim. Notre collaboratrice sur place d\u00e9crit la situation fragile actuelle. Guliba Florence Hakim nous encourage \u00e0 profiter de la p\u00e9riode de P\u00e2ques pour nous engager activement en faveur de la paix. \"P\u00e2ques signifie un nouveau d\u00e9part\", dit-elle.<\/p>\n<p><a href=\"https:\/\/www.mission-21.org\/fr\/projets\/aide-humanitaire-au-sud-soudan\/\">\u25ba sur le projet<\/a><\/p>\n\t\t\t<a href=\"https:\/\/www.mission-21.org\/fr\/faire-un-don\/?zweck=nothilfesuedsudan\" title=\"\u25ba Faire un don maintenant\" target=\"_self\"   role=\"button\" aria-label=\"\u25ba Faire un don maintenant\">\n\t\t\t\t\t\t\t\u25ba Faire un don maintenant\n\t\t<\/a>\n<h2>\n\t\t\tProchains \u00e9v\u00e9nements\t<\/h2>\n<h3>\n\t\t<a href=\"https:\/\/www.mission-21.org\/fr\/ce-que-nous-faisons\/evenements-3\/\" title=\"\u25ba Tous les \u00e9v\u00e9nements\"  target=\"_self\">\n\t\t\t\u25ba Tous les \u00e9v\u00e9nements\t\t<\/a>\n\t<\/h3>\n<h2>\n\t\t\tNous sommes la Mission 21\t<\/h2>\n\t<p>Mission 21 est une communaut\u00e9 mondiale d'\u00e9glises et d'organisations partenaires en Afrique, en Asie, en Europe et en Am\u00e9rique latine. Ensemble, nous nous engageons depuis plus de 200 ans sur la base de la foi chr\u00e9tienne pour une vie dans la dignit\u00e9 pour tous les \u00eatres humains. Nous fournissons une coop\u00e9ration au d\u00e9veloppement durable ainsi qu'une aide humanitaire. Nous offrons ainsi des possibilit\u00e9s de participation \u00e0 l'\u00c9glise mondiale. En tant que communaut\u00e9 d'apprentissage internationale, nous cr\u00e9ons un espace pour l'\u00e9change transculturel et la collaboration interreligieuse et encourageons la compr\u00e9hension des interactions mondiales. Nous orientons notre travail sur les objectifs de l'ONU en mati\u00e8re de d\u00e9veloppement durable (\"Agenda 2030\"). Nous nous orientons en particulier vers l'objectif SDG 16+ : la construction de soci\u00e9t\u00e9s pacifiques, \u00e9quitables et inclusives.<\/p>\n<p>Mission 21 est soutenue par l'Eglise \u00e9vang\u00e9lique r\u00e9form\u00e9e de Suisse (EKS), par des fondations et des collectivit\u00e9s politiques, par des donateurs* priv\u00e9s ainsi que par la Direction f\u00e9d\u00e9rale du d\u00e9veloppement et de la coop\u00e9ration (DDC). Mission 21 est reconnue d'utilit\u00e9 publique et certifi\u00e9e par ZEWO et EduQua.<\/p>\n<h4>Faites-le avec votre <a href=\"https:\/\/www.mission-21.org\/fr\/faire-un-don\/\" target=\"_blank\" rel=\"noopener\">Donation<\/a> une diff\u00e9rence.<\/h4>\n<p>Soutenez par exemple nos projets de formation des paysans au Nigeria et offrez de nouvelles perspectives.<\/p>","protected":false},"excerpt":{"rendered":"<p>Mission 21 Mission 21 engagiert sich in 15 L\u00e4ndern in Afrika, Asien und Lateinamerika im Rahmen von nachhaltiger Entwicklungszusammenarbeit sowie humanit\u00e4rer Hilfe f\u00fcr Friedensf\u00f6rderung, Bildung, Gesundheit, Ern\u00e4hrungssouver\u00e4nit\u00e4t und gegen Gewalt an Frauen und Kindern. Damit tragen wir bei zur Erreichung der UN-Ziele f\u00fcr nachhaltige Entwicklung. Dieses weltweite Engagement verbindet sich in unserem Einsatz als internationale [&hellip;]<\/p>\n","protected":false},"author":1,"featured_media":0,"parent":0,"menu_order":0,"comment_status":"closed","ping_status":"closed","template":"","meta":{"_acf_changed":false,"_seopress_robots_primary_cat":"","_seopress_titles_title":"","_seopress_titles_desc":"","_seopress_robots_index":"","_searchwp_excluded":"","site-sidebar-layout":"default","site-content-layout":"","ast-site-content-layout":"default","site-content-style":"default","site-sidebar-style":"default","ast-global-header-display":"","ast-banner-title-visibility":"","ast-main-header-display":"","ast-hfb-above-header-display":"","ast-hfb-below-header-display":"","ast-hfb-mobile-header-display":"","site-post-title":"","ast-breadcrumbs-content":"","ast-featured-img":"","footer-sml-layout":"","ast-disable-related-posts":"","theme-transparent-header-meta":"","adv-header-id-meta":"","stick-header-meta":"","header-above-stick-meta":"","header-main-stick-meta":"","header-below-stick-meta":"","astra-migrate-meta-layouts":"set","ast-page-background-enabled":"default","ast-page-background-meta":{"desktop":{"background-color":"var(--ast-global-color-4)","background-image":"","background-repeat":"repeat","background-position":"center center","background-size":"auto","background-attachment":"scroll","background-type":"","background-media":"","overlay-type":"","overlay-color":"","overlay-opacity":"","overlay-gradient":""},"tablet":{"background-color":"","background-image":"","background-repeat":"repeat","background-position":"center center","background-size":"auto","background-attachment":"scroll","background-type":"","background-media":"","overlay-type":"","overlay-color":"","overlay-opacity":"","overlay-gradient":""},"mobile":{"background-color":"","background-image":"","background-repeat":"repeat","background-position":"center center","background-size":"auto","background-attachment":"scroll","background-type":"","background-media":"","overlay-type":"","overlay-color":"","overlay-opacity":"","overlay-gradient":""}},"ast-content-background-meta":{"desktop":{"background-color":"var(--ast-global-color-5)","background-image":"","background-repeat":"repeat","background-position":"center center","background-size":"auto","background-attachment":"scroll","background-type":"","background-media":"","overlay-type":"","overlay-color":"","overlay-opacity":"","overlay-gradient":""},"tablet":{"background-color":"var(--ast-global-color-5)","background-image":"","background-repeat":"repeat","background-position":"center center","background-size":"auto","background-attachment":"scroll","background-type":"","background-media":"","overlay-type":"","overlay-color":"","overlay-opacity":"","overlay-gradient":""},"mobile":{"background-color":"var(--ast-global-color-5)","background-image":"","background-repeat":"repeat","background-position":"center center","background-size":"auto","background-attachment":"scroll","background-type":"","background-media":"","overlay-type":"","overlay-color":"","overlay-opacity":"","overlay-gradient":""}},"iawp_total_views":83913,"footnotes":""},"hf_cat_page":[304],"class_list":["post-352","page","type-page","status-publish"],"acf":[],"_links":{"self":[{"href":"https:\/\/www.mission-21.org\/fr\/wp-json\/wp\/v2\/pages\/352","targetHints":{"allow":["GET"]}}],"collection":[{"href":"https:\/\/www.mission-21.org\/fr\/wp-json\/wp\/v2\/pages"}],"about":[{"href":"https:\/\/www.mission-21.org\/fr\/wp-json\/wp\/v2\/types\/page"}],"author":[{"embeddable":true,"href":"https:\/\/www.mission-21.org\/fr\/wp-json\/wp\/v2\/users\/1"}],"replies":[{"embeddable":true,"href":"https:\/\/www.mission-21.org\/fr\/wp-json\/wp\/v2\/comments?post=352"}],"version-history":[{"count":11,"href":"https:\/\/www.mission-21.org\/fr\/wp-json\/wp\/v2\/pages\/352\/revisions"}],"predecessor-version":[{"id":19850,"href":"https:\/\/www.mission-21.org\/fr\/wp-json\/wp\/v2\/pages\/352\/revisions\/19850"}],"wp:attachment":[{"href":"https:\/\/www.mission-21.org\/fr\/wp-json\/wp\/v2\/media?parent=352"}],"wp:term":[{"taxonomy":"hf_cat_page","embeddable":true,"href":"https:\/\/www.mission-21.org\/fr\/wp-json\/wp\/v2\/hf_cat_page?post=352"}],"curies":[{"name":"wp","href":"https:\/\/api.w.org\/{rel}","templated":true}]}}