{"id":3916,"date":"2022-10-13T09:40:34","date_gmt":"2022-10-13T07:40:34","guid":{"rendered":"https:\/\/www.mission-21.org\/?page_id=3916"},"modified":"2026-03-03T14:53:01","modified_gmt":"2026-03-03T13:53:01","slug":"collaborateurs-internationaux","status":"publish","type":"page","link":"https:\/\/www.mission-21.org\/fr\/was-wir-tun\/internationale-mitarbeitende\/","title":{"rendered":"Collaborateurs internationaux"},"content":{"rendered":"<img decoding=\"async\" src=\"https:\/\/www.mission-21.org\/wp-content\/uploads\/2022\/08\/csm_header_news_d521d70e38.jpeg\" alt=\"csm header news d521d70e38\" itemprop=\"image\" height=\"688\" width=\"1680\" title=\"csm_Header_News_d521d70e38\" onerror=\"this.style.display='none'\" loading='lazy' \/>\n\t<div class=\"fl-builder-content fl-builder-content-3660 fl-builder-template fl-builder-module-template fl-builder-global-templates-locked\" data-post-id=\"3660\"><div class=\"fl-module fl-module-pp-toc fl-node-xrvkwe8ihtn6 toc\" data-node=\"xrvkwe8ihtn6\">\n\t<div class=\"fl-module-content fl-node-content\">\n\t\t<div class=\"pp-toc-container\">\n\t\n\t<div class=\"pp-toc-body\">\n\t\t\t\t\t<ul class=\"pp-toc-list-wrapper pp-toc-list-icon\"><\/ul>\n\t\t\t\t<\/div>\n<\/div>\n\n\t<\/div>\n<\/div>\n<\/div><div class=\"uabb-js-breakpoint\" style=\"display: none;\"><\/div>\n\t\t\t<a href=\"\/fr\/faire-un-don\/\" title=\"Dons\" target=\"_self\"   role=\"button\" aria-label=\"Dons\">\n\t\t\t\t\t\t\tDons\n\t\t\t\t\t\t\t\t\t<img decoding=\"async\" src=\"https:\/\/www.mission-21.org\/wp-content\/uploads\/2022\/08\/csm_heat-icon_b1dbd40167.png\"\/>\n\t\t<\/a>\n<h2>\n\t\t\t Afrique \t<\/h2>\n\t\t\t\t<img decoding=\"async\" src=\"https:\/\/www.mission-21.org\/wp-content\/uploads\/2022\/10\/csm_koordinatoren_lumumba_mukong_6de4e26293.jpg\" alt=\"csm coordinateurs lumumba mukong 6de4e26293\" title=\"csm_coordinateurs_Lumumba_Mukong_6de4e26293\" itemprop=\"image\"\/>\n\t\t<h3>Lumumba Togho Mukong, Cameroun, coordinateur<\/h3>\t\t\t\n\t\t\t\t<p>Depuis avril 2016, tous les projets soutenus par Mission 21 au Cameroun sont suivis par le coordinateur Lumumba Mukong. Il a obtenu un master en \u00e9conomie agricole en Angleterre et a ensuite travaill\u00e9 pour diff\u00e9rentes ONG au Cameroun.<\/p>\n\t\t\t\t<img decoding=\"async\" src=\"https:\/\/www.mission-21.org\/wp-content\/uploads\/2022\/10\/csm_koordinatoren_yakubu_joseph_1b3f85847b.jpg\" alt=\"csm coordinateurs yakubu joseph 1b3f85847b\" title=\"csm_coordinateurs_Yakubu_Joseph_1b3f85847b\" itemprop=\"image\"\/>\n\t\t<h3>Yakubu Joseph, Nigeria, coordinateur<\/h3>\t\t\t\n\t\t\t\t<p>Depuis octobre 2015, le Dr Yakubu Joseph travaille comme coordinateur de Mission 21 au Nigeria. Il est titulaire d'un doctorat en g\u00e9ographie et a \u00e9t\u00e9 collaborateur scientifique \u00e0 l'Institut de g\u00e9ographie de l'Universit\u00e9 de T\u00fcbingen. Il dispose en outre d'un MA en recherche internationale sur la paix et d'un MSC en sociologie. Yakubu Joseph accompagne les organisations partenaires, est responsable de l'assurance qualit\u00e9 sur place et conseille les organisations partenaires en Afrique dans le domaine de la promotion de la paix et de la s\u00e9curit\u00e9.<\/p>\n\t\t\t\t<img decoding=\"async\" src=\"https:\/\/www.mission-21.org\/wp-content\/uploads\/2023\/09\/mg_9086-4-1.jpg\" alt=\" mg 9086 4\" title=\"MG_9086-4\" itemprop=\"image\"\/>\n\t\t<h3>Adrienne Sweetman, Tanzanie, coordinatrice<\/h3>\t\t\t\n\t\t\t\t<p>L'anthropologue et experte en sant\u00e9 Adrienne Sweetman dirige depuis janvier 2019 le bureau de coordination de Mission 21 en Tanzanie. L'une de ses t\u00e2ches principales est le d\u00e9veloppement de l'organisation et du personnel dans les organisations partenaires. La Canadienne Adrienne Sweetman a d\u00e9j\u00e0 travaill\u00e9 dans le domaine de la sant\u00e9 en Namibie. Elle vit et travaille en Tanzanie depuis 2012. Mari\u00e9e \u00e0 un Tanzanien, elle est particuli\u00e8rement engag\u00e9e dans la pr\u00e9vention du VIH.<\/p>\n\t\t\t\t<img decoding=\"async\" src=\"https:\/\/www.mission-21.org\/wp-content\/uploads\/2022\/10\/csm_florence_hakim__2_-3_0b1791bb9d.jpg\" alt=\"csm florence hakim 2 3 0b1791bb9d\" title=\"csm_Florence_Hakim__2_-3_0b1791bb9d\" itemprop=\"image\"\/>\n\t\t<h3>Guliba Florence Hakim, Sud-Soudan, coordinatrice<\/h3>\t\t\t\n\t\t\t\t<p>Depuis juillet 2021, Guliba Florence Hakim coordonne les projets de Mission 21 au Sud-Soudan, apr\u00e8s avoir assist\u00e9 la coordination nationale pendant trois ans. Avec plus de sept ans d'exp\u00e9rience dans le travail de la soci\u00e9t\u00e9 civile et des \u00e9glises dans son pays d'origine, elle dispose d'un excellent r\u00e9seau dans le paysage des ONG et des \u00e9glises sud-soudanaises. M\u00e9diatrice et n\u00e9gociatrice de formation, elle apporte une grande expertise dans le domaine de la promotion de la paix et, gr\u00e2ce \u00e0 son engagement pass\u00e9, elle est famili\u00e8re des relations \u0153cum\u00e9niques, de la participation des femmes et de l'engagement des jeunes.<\/p>\n<h2>\n\t\t\t Asie \t<\/h2>\n\t\t\t\t<img decoding=\"async\" src=\"https:\/\/www.mission-21.org\/wp-content\/uploads\/2025\/02\/karmila_selection.jpg\" alt=\"karmila s\u00e9lection\" title=\"karmila_selection\" itemprop=\"image\"\/>\n\t\t<h3>Karmila Jusup, Asie, coordinatrice<\/h3>\t\t\t\n\t\t\t\t<p>En 2013, la pasteure Karmila Jusup a cr\u00e9\u00e9 le centre de crise indon\u00e9sien pour femmes <em>Pasundan-Durebang<\/em> a \u00e9t\u00e9 cr\u00e9\u00e9 dans l'ouest de Java pour soutenir les personnes touch\u00e9es par la violence domestique. Le centre est \u00e9galement devenu un lieu s\u00fbr pour les travailleurs migrants* indon\u00e9siens qui reviennent de Hong Kong, de Taiwan, de Cor\u00e9e du Sud et de Malaisie. Depuis juillet 2023, Karmila Jusup coordonne depuis la capitale Jakarta le travail de projet avec les organisations partenaires \u00e0 Hong Kong, en Indon\u00e9sie et en Malaisie, et dirige \u00e9galement une \u00e9quipe d'une douzaine de collaborateurs*.<\/p>\n\t\t\t\t<img decoding=\"async\" src=\"https:\/\/www.mission-21.org\/wp-content\/uploads\/2022\/10\/csm_imas_tobias_brandner_e2f382cbd6.jpg\" alt=\"csm imas tobias brandner e2f382cbd6\" title=\"csm_IMAS_Tobias_Brandner_e2f382cbd6\" itemprop=\"image\"\/>\n\t\t<h3>Tobias Brandner, Hong Kong, charg\u00e9 de cours<\/h3>\t\t\t\n\t\t\t\t<p>Tobias Brandner travaille comme professeur associ\u00e9 de th\u00e9ologie \u00e0 la Chinese University de Hong Kong. Il travaille \u00e0 temps partiel comme aum\u00f4nier de prison pour Mission 21 \u00e0 Hong Kong. Tobias Brandner, n\u00e9 en 1965, a \u00e9tudi\u00e9 la th\u00e9ologie et obtenu un doctorat \u00e0 l'universit\u00e9 de Zurich. Il est en mission \u00e0 Hong Kong avec sa femme Gabi Baumgartner depuis 1996. Ils ont trois enfants.<\/p>\n<p><em>\u00c9mission de la SRF <a href=\"https:\/\/www.srf.ch\/sendungen\/perspektiven\/pfarrer-tobias-brandner-auf-du-und-du-mit-schwerverbrechern\" target=\"_blank\" rel=\"noopener\">\"Perspectives\"<\/a> sur le travail de Tobias Brandner en tant qu'aum\u00f4nier de prison \u00e0 Hong Kong.<\/em><\/p>\n<p><em><a href=\"https:\/\/www.youtube.com\/watch?v=uy56K7VKrVs&amp;feature=share&amp;fbclid=IwAR3YD1hipCpsI3TYs8O1GCYZuVmOXRa-iVHbVd-yGhQp5T8AMdMiHSezEvE\" target=\"_blank\" rel=\"noopener\">Portrait vid\u00e9o<\/a> sur le travail de Tobias Brandner (YouTube, chinois, sous-titres anglais).<\/em><\/p>\n<p><a href=\"https:\/\/www.mission-21.org\/fr\/ce-que-nous-faisons\/international-institutions\/collaborateurs-internationaux\/lettres-circulaires-tobias-brandner\/\">\u25ba aux lettres d'information jusqu'\u00e0 mi-2021<\/a>\u00a0<\/p>\n<p>Lettres d'information \u00e0 partir de 2022 <a href=\"mailto:material@mission-21.org\">ici<\/a> commander.\u00a0<\/p>\n\t\t\t\t<img decoding=\"async\" src=\"https:\/\/www.mission-21.org\/wp-content\/uploads\/2022\/10\/csm_imas_daniel_gloor_2ef77627e0.jpg\" alt=\"csm imas daniel gloor 2ef77627e0\" title=\"csm_IMAS_Daniel_Gloor_2ef77627e0\" itemprop=\"image\"\/>\n\t\t<h3>Daniel Gloor, Malaisie, charg\u00e9 de cours<\/h3>\t\t\t\n\t\t\t\t<p>Daniel Gloor est enseignant primaire et docteur en th\u00e9ologie. Depuis 2005, il travaille sur mandat de Mission 21 comme enseignant au S\u00e9minaire th\u00e9ologique de Sabah (STS) \u00e0 Kota Kinabalu, en Malaisie. De 2009 \u00e0 2013, il a enseign\u00e9 \u00e0 l'Universidad B\u00edblica Latinoamericana (UBL) au Costa Rica, puis il est retourn\u00e9 au STS. Dans son travail avec les \u00e9tudiants, il met \u00e0 profit ses comp\u00e9tences p\u00e9dagogiques et th\u00e9ologiques ainsi que son vaste bagage interculturel et interreligieux.<\/p>\n<p><a href=\"https:\/\/www.mission-21.org\/fr\/ce-que-nous-faisons\/international-institutions\/collaborateurs-internationaux\/lettres-circulaires-daniel-gloor\/\">\u25ba vers les lettres d'information<\/a><\/p>\n\t\t\t\t<img decoding=\"async\" src=\"https:\/\/www.mission-21.org\/wp-content\/uploads\/2022\/10\/csm_imas_ueli_knecht_b60743bd12.jpg\" alt=\"csm imas ueli knecht b60743bd12\" title=\"csm_IMAS_Ueli_Knecht_b60743bd12\" itemprop=\"image\"\/>\n\t\t<h3>Ueli Knecht, Indon\u00e9sie\/Malaisie, expert en commerce \u00e9quitable<\/h3>\t\t\t\n\t\t\t\t<p>Ueli Knecht se rend r\u00e9guli\u00e8rement \u00e0 Born\u00e9o dans le cadre de missions de courte dur\u00e9e, o\u00f9 il travaille pour Mission 21 en tant que conseiller, principalement dans le cadre du projet \"Revenu pour les productrices de produits artisanaux\". Auparavant, ce professeur d'arts appliqu\u00e9s et graphiste a v\u00e9cu vingt ans principalement au Cameroun et trois ans en Indon\u00e9sie, o\u00f9 il a travaill\u00e9 dans le domaine du commerce \u00e9quitable. Ses t\u00e2ches comprenaient l'animation d'ateliers pour les productrices, le soutien au d\u00e9veloppement de produits ainsi que le conseil organisationnel et financier aux projets de commerce \u00e9quitable.<\/p>\n<h2>\n\t\t\t Derni\u00e8res lettres d'information de nos collaborateurs internationaux \t<\/h2>\n\t\t\t\t\t\t\t\t\t\t\t\t\t\t<a href=\"https:\/\/www.mission-21.org\/fr\/gracias-y-adios-solveig-schrickel-derniere-lettre-dinformation-du-chili\/\" target=\"_self\" title=\"\u00a1Gracias y adi\u00f3s ! La derni\u00e8re lettre circulaire de Solveig Schrickel du Chili\">\n\t\t\t\t<img decoding=\"async\" src=\"https:\/\/www.mission-21.org\/wp-content\/uploads\/2024\/12\/bild-1-rundbrief-15_heilkraeuterarbeit-900x675.jpeg\" alt=\"image 1 lettre circulaire 16 travail sur les herbes m\u00e9dicinales\" \/>\n\t\t\t\t<\/a>\n\t\t\t\t\t\t<h3>\n\t\t\t\t<a href=\"https:\/\/www.mission-21.org\/fr\/gracias-y-adios-solveig-schrickel-derniere-lettre-dinformation-du-chili\/\" title=\"\u00a1Gracias y adi\u00f3s ! La derni\u00e8re lettre circulaire de Solveig Schrickel du Chili\">\u00a1Gracias y adi\u00f3s ! La derni\u00e8re lettre circulaire de Solveig Schrickel du Chili<\/a>\t\t\t<\/h3>\n\t\t\t\t\t\t\t<h5>\n\t\t\t19 d\u00e9cembre 2024\t\t\t\n\t\t\t\t\t\t\t<\/h5>\n\t\t\t\t\t\t\t\t\t\t\t\t\t\t<a href=\"https:\/\/www.mission-21.org\/fr\/des-etudes-coraniques-au-caire-et-un-cours-semestriel-sur-satan-a-sabah\/\" target=\"_self\" title=\"\u00c9tudes coraniques au Caire et cours semestriel sur le s\u00e2t\u00e2n \u00e0 Sabah\">\n\t\t\t\t<img decoding=\"async\" src=\"https:\/\/www.mission-21.org\/wp-content\/uploads\/2024\/08\/bild-6_dscn0020-scaled-e1724161187210-900x677.jpg\" alt=\"image 6 dscn0020\" \/>\n\t\t\t\t<\/a>\n\t\t\t\t\t\t<h3>\n\t\t\t\t<a href=\"https:\/\/www.mission-21.org\/fr\/des-etudes-coraniques-au-caire-et-un-cours-semestriel-sur-satan-a-sabah\/\" title=\"\u00c9tudes coraniques au Caire et cours semestriel sur le s\u00e2t\u00e2n \u00e0 Sabah\">\u00c9tudes coraniques au Caire et cours semestriel sur le s\u00e2t\u00e2n \u00e0 Sabah<\/a>\t\t\t<\/h3>\n\t\t\t\t\t\t\t<h5>\n\t\t\t20 ao\u00fbt 2024\t\t\t\n\t\t\t\t\t\t\t<\/h5>\n\t\t\t\t\t\t\t\t\t\t\t\t\t\t<a href=\"https:\/\/www.mission-21.org\/fr\/daniel-gloor-en-malaisie-noel-et-reflexions-sur-lantisemitisme-3\/\" target=\"_self\" title=\"Solveig Schrickel au Chili : chocolat et politique\">\n\t\t\t\t<img decoding=\"async\" src=\"https:\/\/www.mission-21.org\/wp-content\/uploads\/2024\/04\/bild-2-die-heilkraeuterkurse-sind-weiterhin-beliebt-scaled-e1712053759211-900x675.jpg\" alt=\"Des gens autour d&#039;une table\" \/>\n\t\t\t\t<\/a>\n\t\t\t\t\t\t<h3>\n\t\t\t\t<a href=\"https:\/\/www.mission-21.org\/fr\/daniel-gloor-en-malaisie-noel-et-reflexions-sur-lantisemitisme-3\/\" title=\"Solveig Schrickel au Chili : chocolat et politique\">Solveig Schrickel au Chili : chocolat et politique<\/a>\t\t\t<\/h3>\n\t\t\t\t\t\t\t<h5>\n\t\t\t2 avril 2024\t\t\t\n\t\t\t\t\t\t\t<\/h5>","protected":false},"excerpt":{"rendered":"<p>Spenden Afrika Lumumba Togho Mukong, Kamerun, Koordinator Seit April 2016 werden alle von Mission 21 unterst\u00fctzten Projekte in Kamerun durch den Koordinator Lumumba Mukong betreut. Er hat in England seinen Master in Agrar\u00f6konomie gemacht und anschliessend f\u00fcr verschiedene NGOs in Kamerun gearbeitet. Yakubu Joseph, Nigeria, Koordinator Seit Oktober 2015 arbeitet Dr. Yakubu Joseph als Koordinator [&hellip;]<\/p>\n","protected":false},"author":1,"featured_media":16568,"parent":205,"menu_order":0,"comment_status":"closed","ping_status":"closed","template":"","meta":{"_acf_changed":false,"_seopress_robots_primary_cat":"","_seopress_titles_title":"","_seopress_titles_desc":"","_seopress_robots_index":"","_searchwp_excluded":"","site-sidebar-layout":"default","site-content-layout":"","ast-site-content-layout":"default","site-content-style":"default","site-sidebar-style":"default","ast-global-header-display":"","ast-banner-title-visibility":"","ast-main-header-display":"","ast-hfb-above-header-display":"","ast-hfb-below-header-display":"","ast-hfb-mobile-header-display":"","site-post-title":"","ast-breadcrumbs-content":"","ast-featured-img":"","footer-sml-layout":"","ast-disable-related-posts":"","theme-transparent-header-meta":"","adv-header-id-meta":"","stick-header-meta":"","header-above-stick-meta":"","header-main-stick-meta":"","header-below-stick-meta":"","astra-migrate-meta-layouts":"set","ast-page-background-enabled":"default","ast-page-background-meta":{"desktop":{"background-color":"var(--ast-global-color-4)","background-image":"","background-repeat":"repeat","background-position":"center center","background-size":"auto","background-attachment":"scroll","background-type":"","background-media":"","overlay-type":"","overlay-color":"","overlay-opacity":"","overlay-gradient":""},"tablet":{"background-color":"","background-image":"","background-repeat":"repeat","background-position":"center center","background-size":"auto","background-attachment":"scroll","background-type":"","background-media":"","overlay-type":"","overlay-color":"","overlay-opacity":"","overlay-gradient":""},"mobile":{"background-color":"","background-image":"","background-repeat":"repeat","background-position":"center center","background-size":"auto","background-attachment":"scroll","background-type":"","background-media":"","overlay-type":"","overlay-color":"","overlay-opacity":"","overlay-gradient":""}},"ast-content-background-meta":{"desktop":{"background-color":"var(--ast-global-color-5)","background-image":"","background-repeat":"repeat","background-position":"center center","background-size":"auto","background-attachment":"scroll","background-type":"","background-media":"","overlay-type":"","overlay-color":"","overlay-opacity":"","overlay-gradient":""},"tablet":{"background-color":"var(--ast-global-color-5)","background-image":"","background-repeat":"repeat","background-position":"center center","background-size":"auto","background-attachment":"scroll","background-type":"","background-media":"","overlay-type":"","overlay-color":"","overlay-opacity":"","overlay-gradient":""},"mobile":{"background-color":"var(--ast-global-color-5)","background-image":"","background-repeat":"repeat","background-position":"center center","background-size":"auto","background-attachment":"scroll","background-type":"","background-media":"","overlay-type":"","overlay-color":"","overlay-opacity":"","overlay-gradient":""}},"iawp_total_views":1122,"footnotes":""},"hf_cat_page":[300],"class_list":["post-3916","page","type-page","status-publish","has-post-thumbnail"],"acf":[],"_links":{"self":[{"href":"https:\/\/www.mission-21.org\/fr\/wp-json\/wp\/v2\/pages\/3916","targetHints":{"allow":["GET"]}}],"collection":[{"href":"https:\/\/www.mission-21.org\/fr\/wp-json\/wp\/v2\/pages"}],"about":[{"href":"https:\/\/www.mission-21.org\/fr\/wp-json\/wp\/v2\/types\/page"}],"author":[{"embeddable":true,"href":"https:\/\/www.mission-21.org\/fr\/wp-json\/wp\/v2\/users\/1"}],"replies":[{"embeddable":true,"href":"https:\/\/www.mission-21.org\/fr\/wp-json\/wp\/v2\/comments?post=3916"}],"version-history":[{"count":11,"href":"https:\/\/www.mission-21.org\/fr\/wp-json\/wp\/v2\/pages\/3916\/revisions"}],"predecessor-version":[{"id":19866,"href":"https:\/\/www.mission-21.org\/fr\/wp-json\/wp\/v2\/pages\/3916\/revisions\/19866"}],"up":[{"embeddable":true,"href":"https:\/\/www.mission-21.org\/fr\/wp-json\/wp\/v2\/pages\/205"}],"wp:featuredmedia":[{"embeddable":true,"href":"https:\/\/www.mission-21.org\/fr\/wp-json\/wp\/v2\/media\/16568"}],"wp:attachment":[{"href":"https:\/\/www.mission-21.org\/fr\/wp-json\/wp\/v2\/media?parent=3916"}],"wp:term":[{"taxonomy":"hf_cat_page","embeddable":true,"href":"https:\/\/www.mission-21.org\/fr\/wp-json\/wp\/v2\/hf_cat_page?post=3916"}],"curies":[{"name":"wp","href":"https:\/\/api.w.org\/{rel}","templated":true}]}}