{"id":3977,"date":"2022-10-13T15:25:03","date_gmt":"2022-10-13T13:25:03","guid":{"rendered":"https:\/\/www.mission-21.org\/?page_id=3977"},"modified":"2022-11-01T09:25:16","modified_gmt":"2022-11-01T08:25:16","slug":"jointaction","status":"publish","type":"page","link":"https:\/\/www.mission-21.org\/fr\/mitmachen\/youngmission21\/jointaction\/","title":{"rendered":"JointAction"},"content":{"rendered":"<img decoding=\"async\" src=\"https:\/\/www.mission-21.org\/wp-content\/uploads\/2022\/08\/csm_header_news_d521d70e38.jpeg\" alt=\"csm header news d521d70e38\" height=\"688\" width=\"1680\" title=\"csm_Header_News_d521d70e38\" \/>\n\t<div class=\"fl-builder-content fl-builder-content-3660 fl-builder-template fl-builder-module-template fl-builder-global-templates-locked\" data-post-id=\"3660\"><div class=\"fl-module fl-module-pp-toc fl-node-xrvkwe8ihtn6 toc\" data-node=\"xrvkwe8ihtn6\">\n\t<div class=\"fl-module-content fl-node-content\">\n\t\t<div class=\"pp-toc-container\">\n\t\n\t<div class=\"pp-toc-body\">\n\t\t\t\t\t<ul class=\"pp-toc-list-wrapper pp-toc-list-icon\"><\/ul>\n\t\t\t\t<\/div>\n<\/div>\n\n\t<\/div>\n<\/div>\n<\/div><div class=\"uabb-js-breakpoint\" style=\"display: none;\"><\/div>\n\t\t\t<h3>2022 : JointAction contre la violence bas\u00e9e sur le genre<\/h3>\t\t\t\n\t\t\t\t<p>Du 25 novembre au 10 d\u00e9cembre 2022, nous nous joindrons \u00e0 la campagne internationale \".<a href=\"https:\/\/www.unwomen.org\/en\/what-we-do\/ending-violence-against-women\/take-action\/16-days-of-activism\" target=\"_blank\" rel=\"noopener\">16 jours d'activisme contre la violence bas\u00e9e sur le genre<\/a>\"et partageons les questions, les exp\u00e9riences et les ressources de notre r\u00e9seau mondial sur le site de l'OMS. <a href=\"https:\/\/www.facebook.com\/youngatmission21\" target=\"_blank\" rel=\"noopener\">Facebook<\/a> et <a href=\"https:\/\/www.instagram.com\/youngatmission21\/\" target=\"_blank\" rel=\"noopener\">Instagram<\/a>. Nous partageons des voix du monde entier sur les r\u00f4les des hommes et des femmes, l'\u00e9galit\u00e9 des chances et les moyens de surmonter la violence li\u00e9e au genre.<\/p>\n<p><strong>Participe \u00e0 notre campagne :<\/strong><br \/>Partage avec nous tes questions, exp\u00e9riences, inspirations ou bonnes pratiques pour vaincre la violence sexiste : <strong><a href=\"https:\/\/forms.gle\/pdZYw2J5rTwDCe717\" target=\"_blank\" rel=\"noopener\">Formulaire en ligne<\/a><\/strong>. Nous sommes impatients de d\u00e9couvrir ce th\u00e8me de ton point de vue et d'int\u00e9grer tes contributions \u00e0 notre campagne. Rejoins un mouvement international et contribue \u00e0 mettre fin \u00e0 la violence sexiste !<\/p>\n<p><strong>Qu'est-ce que la violence li\u00e9e au genre ?<\/strong><br \/>La violence bas\u00e9e sur le genre est une violence dirig\u00e9e contre une personne en raison de son sexe. Les femmes et les hommes sont tous deux concern\u00e9s par la violence bas\u00e9e sur le genre, mais la majorit\u00e9 des victimes sont des femmes et des filles.<\/p>\n<p><strong>Formes de violence sexosp\u00e9cifique :<\/strong><\/p>\n<ul>\n<li>Violence physique (par exemple, coups et blessures, s\u00e9questration, etc.)<\/li>\n<li>Violence sexuelle (c'est-\u00e0-dire tout acte sexuel commis sans le consentement de l'autre personne)<\/li>\n<li>Violence psychologique (p. ex. coercition, insultes, harc\u00e8lement, etc.)<\/li>\n<li>Violence \u00e9conomique (par exemple, restriction de l'acc\u00e8s aux finances, \u00e0 l'\u00e9ducation, etc.)<\/li>\n<\/ul>\n<p><strong>Statistiques :<\/strong><\/p>\n<ul>\n<li>Une femme sur trois dans le monde est maltrait\u00e9e physiquement, sexuellement ou d'une autre mani\u00e8re au cours de sa vie. On estime que cela repr\u00e9sente 736 millions de femmes et de filles \u00e2g\u00e9es de 15 ans et plus.<\/li>\n<li>La plupart des violences \u00e0 l'encontre des femmes sont commises par leurs maris ou leurs partenaires intimes (anciens ou actuels).<\/li>\n<li>Dans le monde, 81 000 femmes et filles ont \u00e9t\u00e9 tu\u00e9es en 2020, dont environ 47 000 (58 %) de la main d'un partenaire intime ou d'un membre de la famille.<\/li>\n<li>Moins de 40 pour cent des femmes victimes de violence demandent de l'aide sous une forme ou une autre. Moins de 10 pour cent de celles qui cherchent de l'aide s'adressent \u00e0 la police.<\/li>\n<\/ul>\n<p>Source : <a href=\"https:\/\/www.unwomen.org\/en\/what-we-do\/ending-violence-against-women\/facts-and-figures\" target=\"_blank\" rel=\"noopener\">https:\/\/www.unwomen.org\/en\/what-we-do\/ending-violence-against-women\/facts-and-figures<\/a><\/p>\n<h2 id=\"2021JointActionWeEatTheWorld\">\u00a0<\/h2>\n\t\t\t<h3> 2021 : JointAction Nous mangeons le monde <\/h3>\t\t\t\n\t\t\t\t<p>La nourriture est vitale, charg\u00e9e de traditions et politique. Avec la JointAction : We eat the world, nous avons jet\u00e9 un regard sur l'alimentation dans le monde \u00e0 l'automne 2021 et nous avons regard\u00e9 de plus pr\u00e8s ce que les gens mangent dans diff\u00e9rents endroits, d'o\u00f9 viennent les ingr\u00e9dients et comment tout cela est li\u00e9 aux cultures, \u00e0 la religion et \u00e0 la justice globale.<\/p>\n\t<p>Tout au long de l'automne 2021, nous avons collect\u00e9 dans le monde entier, au sein de notre r\u00e9seau, des recettes accompagn\u00e9es d'histoires, d'images ou d'arri\u00e8re-plans de vos plats pr\u00e9f\u00e9r\u00e9s, et nous les avons assembl\u00e9es pour cr\u00e9er un livre de cuisine contenant des inspirations du monde entier. Apr\u00e8s avoir pr\u00e9sent\u00e9 les diff\u00e9rentes recettes et les th\u00e8mes via <u><strong><a href=\"https:\/\/www.instagram.com\/youngatmission21\/\" target=\"_blank\" rel=\"noopener\">Instagram<\/a><\/strong><\/u> et <u><strong><a href=\"https:\/\/www.facebook.com\/youngatmission21\" target=\"_blank\" rel=\"noopener\">Facebook<\/a><\/strong><\/u> nous offrons gratuitement le recueil international de recettes <strong><u><a href=\"https:\/\/www.mission-21.org\/fileadmin\/Webseite_Mission_21\/YoungatMission21\/JointAction21\/JointAction_-_We_eat_the_world_-_International_Recipe_Collection.pdf\">\u00e0 t\u00e9l\u00e9charger ici<\/a><\/u><\/strong> sur le site. Nous vous souhaitons beaucoup de plaisir \u00e0 les essayer !<\/p>\n<p>Pour cl\u00f4turer le JointAction de cette ann\u00e9e, nous nous sommes retrouv\u00e9s autour d'un repas international et avons publi\u00e9 via nos canaux de m\u00e9dias sociaux une vid\u00e9o d'instructions pour un simple plat de riz. Tu trouveras la vid\u00e9o compl\u00e8te <strong><u><a href=\"https:\/\/www.facebook.com\/817713468400572\/videos\/588644945731472\" target=\"_blank\" rel=\"noopener\">ici<\/a><\/u><\/strong>.<\/p>\n\t<iframe><\/iframe>\n<h2>\n\t\t2020 : Journal JointAction Corona\n\t<\/h2>\n<h2>\n\t\t2019 : JointAction contre le discours de haine\n\t<\/h2>\n<h2>\n\t\t 2018 : JointAction pour l'environnement \n\t<\/h2>","protected":false},"excerpt":{"rendered":"<p>2022: JointAction against Gender-Based Violence Vom 25. November bis 10. Dezember 2022 schliessen wir uns der internationalen Kampagne &#8222;16 Days of Activism against Gender-Based Violence&#8220; an und teilen Fragen, Erfahrungen und Ressourcen aus unserem weltweiten Netzwerk auf Facebook und Instagram. Wir teilen Stimmen aus der ganzen Welt \u00fcber Geschlechterrollen, Chancengleichheit und M\u00f6glichkeiten, geschlechtsspezifische Gewalt zu [&hellip;]<\/p>\n","protected":false},"author":1,"featured_media":3979,"parent":3497,"menu_order":0,"comment_status":"closed","ping_status":"closed","template":"","meta":{"_acf_changed":false,"_seopress_robots_primary_cat":"","_seopress_titles_title":"","_seopress_titles_desc":"","_seopress_robots_index":"","_searchwp_excluded":"","site-sidebar-layout":"default","site-content-layout":"","ast-site-content-layout":"default","site-content-style":"default","site-sidebar-style":"default","ast-global-header-display":"","ast-banner-title-visibility":"","ast-main-header-display":"","ast-hfb-above-header-display":"","ast-hfb-below-header-display":"","ast-hfb-mobile-header-display":"","site-post-title":"","ast-breadcrumbs-content":"","ast-featured-img":"","footer-sml-layout":"","ast-disable-related-posts":"","theme-transparent-header-meta":"","adv-header-id-meta":"","stick-header-meta":"","header-above-stick-meta":"","header-main-stick-meta":"","header-below-stick-meta":"","astra-migrate-meta-layouts":"default","ast-page-background-enabled":"default","ast-page-background-meta":{"desktop":{"background-color":"var(--ast-global-color-4)","background-image":"","background-repeat":"repeat","background-position":"center center","background-size":"auto","background-attachment":"scroll","background-type":"","background-media":"","overlay-type":"","overlay-color":"","overlay-opacity":"","overlay-gradient":""},"tablet":{"background-color":"","background-image":"","background-repeat":"repeat","background-position":"center center","background-size":"auto","background-attachment":"scroll","background-type":"","background-media":"","overlay-type":"","overlay-color":"","overlay-opacity":"","overlay-gradient":""},"mobile":{"background-color":"","background-image":"","background-repeat":"repeat","background-position":"center center","background-size":"auto","background-attachment":"scroll","background-type":"","background-media":"","overlay-type":"","overlay-color":"","overlay-opacity":"","overlay-gradient":""}},"ast-content-background-meta":{"desktop":{"background-color":"var(--ast-global-color-5)","background-image":"","background-repeat":"repeat","background-position":"center center","background-size":"auto","background-attachment":"scroll","background-type":"","background-media":"","overlay-type":"","overlay-color":"","overlay-opacity":"","overlay-gradient":""},"tablet":{"background-color":"var(--ast-global-color-5)","background-image":"","background-repeat":"repeat","background-position":"center center","background-size":"auto","background-attachment":"scroll","background-type":"","background-media":"","overlay-type":"","overlay-color":"","overlay-opacity":"","overlay-gradient":""},"mobile":{"background-color":"var(--ast-global-color-5)","background-image":"","background-repeat":"repeat","background-position":"center center","background-size":"auto","background-attachment":"scroll","background-type":"","background-media":"","overlay-type":"","overlay-color":"","overlay-opacity":"","overlay-gradient":""}},"iawp_total_views":54,"footnotes":""},"hf_cat_page":[297],"class_list":["post-3977","page","type-page","status-publish","has-post-thumbnail"],"acf":[],"_links":{"self":[{"href":"https:\/\/www.mission-21.org\/fr\/wp-json\/wp\/v2\/pages\/3977","targetHints":{"allow":["GET"]}}],"collection":[{"href":"https:\/\/www.mission-21.org\/fr\/wp-json\/wp\/v2\/pages"}],"about":[{"href":"https:\/\/www.mission-21.org\/fr\/wp-json\/wp\/v2\/types\/page"}],"author":[{"embeddable":true,"href":"https:\/\/www.mission-21.org\/fr\/wp-json\/wp\/v2\/users\/1"}],"replies":[{"embeddable":true,"href":"https:\/\/www.mission-21.org\/fr\/wp-json\/wp\/v2\/comments?post=3977"}],"version-history":[{"count":8,"href":"https:\/\/www.mission-21.org\/fr\/wp-json\/wp\/v2\/pages\/3977\/revisions"}],"predecessor-version":[{"id":4899,"href":"https:\/\/www.mission-21.org\/fr\/wp-json\/wp\/v2\/pages\/3977\/revisions\/4899"}],"up":[{"embeddable":true,"href":"https:\/\/www.mission-21.org\/fr\/wp-json\/wp\/v2\/pages\/3497"}],"wp:featuredmedia":[{"embeddable":true,"href":"https:\/\/www.mission-21.org\/fr\/wp-json\/wp\/v2\/media\/3979"}],"wp:attachment":[{"href":"https:\/\/www.mission-21.org\/fr\/wp-json\/wp\/v2\/media?parent=3977"}],"wp:term":[{"taxonomy":"hf_cat_page","embeddable":true,"href":"https:\/\/www.mission-21.org\/fr\/wp-json\/wp\/v2\/hf_cat_page?post=3977"}],"curies":[{"name":"wp","href":"https:\/\/api.w.org\/{rel}","templated":true}]}}