{"id":4016,"date":"2022-10-13T16:16:01","date_gmt":"2022-10-13T14:16:01","guid":{"rendered":"https:\/\/www.mission-21.org\/?page_id=4016"},"modified":"2022-10-21T22:07:44","modified_gmt":"2022-10-21T20:07:44","slug":"telechargements","status":"publish","type":"page","link":"https:\/\/www.mission-21.org\/fr\/downloads\/","title":{"rendered":"T\u00e9l\u00e9chargements"},"content":{"rendered":"<div class=\"fl-builder-content fl-builder-content-3660 fl-builder-template fl-builder-module-template fl-builder-global-templates-locked\" data-post-id=\"3660\"><div class=\"fl-module fl-module-pp-toc fl-node-xrvkwe8ihtn6 toc\" data-node=\"xrvkwe8ihtn6\">\n\t<div class=\"fl-module-content fl-node-content\">\n\t\t<div class=\"pp-toc-container\">\n\t\n\t<div class=\"pp-toc-body\">\n\t\t\t\t\t<ul class=\"pp-toc-list-wrapper pp-toc-list-icon\"><\/ul>\n\t\t\t\t<\/div>\n<\/div>\n\n\t<\/div>\n<\/div>\n<\/div><div class=\"uabb-js-breakpoint\" style=\"display: none;\"><\/div>\n<h2>\n\t\tCahiers d'exercices\n\t<\/h2>\n\t<meta itemscope itemprop=\"mainEntityOfPage\" itemtype=\"https:\/\/schema.org\/WebPage\" itemid=\"https:\/\/www.mission-21.org\/download\/kampagnenarbeitsheft-2022\/\" content=\"Kampagnenarbeitsheft 2022\" \/><meta itemprop=\"datePublished\" content=\"2022-09-21\" \/><meta itemprop=\"dateModified\" content=\"2022-09-23\" \/><meta itemprop=\"name\" content=\"Mission 21\"\/><meta itemprop=\"url\" content=\"https:\/\/www.mission-21.org\/wp-content\/uploads\/2022\/08\/de-blau.svg\"\/><meta itemprop=\"url\" content=\"https:\/\/www.mission-21.org\/author\/ms_i2r4b8vl\/\" \/><meta itemprop=\"name\" content=\"Michael Salzer\" \/><meta itemprop=\"interactionType\" content=\"https:\/\/schema.org\/CommentAction\" \/><meta itemprop=\"userInteractionCount\" content=\"0\" \/><h4><a href='https:\/\/www.mission-21.org\/fr\/telecharger\/cahier-de-travail-de-la-campagne-2\/' title='Cahier de travail de la campagne 2022'>Cahier de travail de la campagne 2022<\/a><\/h4>\n\t<meta itemscope itemprop=\"mainEntityOfPage\" itemtype=\"https:\/\/schema.org\/WebPage\" itemid=\"https:\/\/www.mission-21.org\/download\/taufe\/\" content=\"Taufe\" \/><meta itemprop=\"datePublished\" content=\"2022-09-23\" \/><meta itemprop=\"dateModified\" content=\"2022-09-23\" \/><meta itemprop=\"name\" content=\"Mission 21\"\/><meta itemprop=\"url\" content=\"https:\/\/www.mission-21.org\/wp-content\/uploads\/2022\/08\/de-blau.svg\"\/><meta itemprop=\"url\" content=\"https:\/\/www.mission-21.org\/author\/laura\/\" \/><meta itemprop=\"name\" content=\"Laura Mitello\" \/><meta itemprop=\"interactionType\" content=\"https:\/\/schema.org\/CommentAction\" \/><meta itemprop=\"userInteractionCount\" content=\"0\" \/><h4><a href='https:\/\/www.mission-21.org\/fr\/telecharger\/bapteme\/' title='Bapt\u00eame'>Bapt\u00eame<\/a><\/h4>\n<h2>\n\t\tDocuments de culte pour la campagne 2021\n\t<\/h2>\n\t<meta itemscope itemprop=\"mainEntityOfPage\" itemtype=\"https:\/\/schema.org\/WebPage\" itemid=\"https:\/\/www.mission-21.org\/download\/gottesdienstunterlagen-zur-kampagne-2022\/\" content=\"Gottesdienstunterlagen zur Kampagne 2022\" \/><meta itemprop=\"datePublished\" content=\"2022-09-23\" \/><meta itemprop=\"dateModified\" content=\"2022-09-23\" \/><meta itemprop=\"name\" content=\"Mission 21\"\/><meta itemprop=\"url\" content=\"https:\/\/www.mission-21.org\/wp-content\/uploads\/2022\/08\/de-blau.svg\"\/><meta itemprop=\"url\" content=\"https:\/\/www.mission-21.org\/author\/laura\/\" \/><meta itemprop=\"name\" content=\"Laura Mitello\" \/><meta itemprop=\"interactionType\" content=\"https:\/\/schema.org\/CommentAction\" \/><meta itemprop=\"userInteractionCount\" content=\"0\" \/><h4><a href='https:\/\/www.mission-21.org\/fr\/telecharger\/documents-de-culte-pour-la-campagne-2\/' title='Documents de culte pour la campagne 2022'>Documents de culte pour la campagne 2022<\/a><\/h4>\n<h2>\n\t\tCampagne 2021\n\t<\/h2>\n\t<meta itemscope itemprop=\"mainEntityOfPage\" itemtype=\"https:\/\/schema.org\/WebPage\" itemid=\"https:\/\/www.mission-21.org\/download\/ideen-fuer-den-unterricht-zur-kampagne-2022\/\" content=\"Ideen f\u00fcr den Unterricht zur Kampagne 2022\" \/><meta itemprop=\"datePublished\" content=\"2022-09-23\" \/><meta itemprop=\"dateModified\" content=\"2022-09-23\" \/><meta itemprop=\"name\" content=\"Mission 21\"\/><meta itemprop=\"url\" content=\"https:\/\/www.mission-21.org\/wp-content\/uploads\/2022\/08\/de-blau.svg\"\/><meta itemprop=\"url\" content=\"https:\/\/www.mission-21.org\/author\/laura\/\" \/><meta itemprop=\"name\" content=\"Laura Mitello\" \/><meta itemprop=\"interactionType\" content=\"https:\/\/schema.org\/CommentAction\" \/><meta itemprop=\"userInteractionCount\" content=\"0\" \/><h4><a href='https:\/\/www.mission-21.org\/fr\/telecharger\/idees-pour-lenseignement-de-la-campagne-2\/' title='Id\u00e9es pour les cours sur la campagne 2022'>Id\u00e9es pour les cours sur la campagne 2022<\/a><\/h4>\n\t<meta itemscope itemprop=\"mainEntityOfPage\" itemtype=\"https:\/\/schema.org\/WebPage\" itemid=\"https:\/\/www.mission-21.org\/download\/kampagnenflyer-2021\/\" content=\"Kampagnenflyer 2021\" \/><meta itemprop=\"datePublished\" content=\"2022-09-23\" \/><meta itemprop=\"dateModified\" content=\"2022-09-23\" \/><meta itemprop=\"name\" content=\"Mission 21\"\/><meta itemprop=\"url\" content=\"https:\/\/www.mission-21.org\/wp-content\/uploads\/2022\/08\/de-blau.svg\"\/><meta itemprop=\"url\" content=\"https:\/\/www.mission-21.org\/author\/laura\/\" \/><meta itemprop=\"name\" content=\"Laura Mitello\" \/><meta itemprop=\"interactionType\" content=\"https:\/\/schema.org\/CommentAction\" \/><meta itemprop=\"userInteractionCount\" content=\"0\" \/><h4><a href='https:\/\/www.mission-21.org\/fr\/telecharger\/depliant-de-la-campagne-2028\/' title='D\u00e9pliant de la campagne 2021'>D\u00e9pliant de la campagne 2021<\/a><\/h4>\n\t<meta itemscope itemprop=\"mainEntityOfPage\" itemtype=\"https:\/\/schema.org\/WebPage\" itemid=\"https:\/\/www.mission-21.org\/download\/kampagnenmagazin-2021\/\" content=\"Kampagnenmagazin 2021\" \/><meta itemprop=\"datePublished\" content=\"2022-09-23\" \/><meta itemprop=\"dateModified\" content=\"2022-09-23\" \/><meta itemprop=\"name\" content=\"Mission 21\"\/><meta itemprop=\"url\" content=\"https:\/\/www.mission-21.org\/wp-content\/uploads\/2022\/08\/de-blau.svg\"\/><meta itemprop=\"url\" content=\"https:\/\/www.mission-21.org\/author\/laura\/\" \/><meta itemprop=\"name\" content=\"Laura Mitello\" \/><meta itemprop=\"interactionType\" content=\"https:\/\/schema.org\/CommentAction\" \/><meta itemprop=\"userInteractionCount\" content=\"0\" \/><h4><a href='https:\/\/www.mission-21.org\/fr\/telecharger\/magazine-de-campagne-2021\/' title='Magazine de la campagne 2021'>Magazine de la campagne 2021<\/a><\/h4>\n\t<meta itemscope itemprop=\"mainEntityOfPage\" itemtype=\"https:\/\/schema.org\/WebPage\" itemid=\"https:\/\/www.mission-21.org\/download\/kampagnenplakate-2021\/\" content=\"Kampagnenplakate 2021\" \/><meta itemprop=\"datePublished\" content=\"2022-09-23\" \/><meta itemprop=\"dateModified\" content=\"2022-09-23\" \/><meta itemprop=\"name\" content=\"Mission 21\"\/><meta itemprop=\"url\" content=\"https:\/\/www.mission-21.org\/wp-content\/uploads\/2022\/08\/de-blau.svg\"\/><meta itemprop=\"url\" content=\"https:\/\/www.mission-21.org\/author\/laura\/\" \/><meta itemprop=\"name\" content=\"Laura Mitello\" \/><meta itemprop=\"interactionType\" content=\"https:\/\/schema.org\/CommentAction\" \/><meta itemprop=\"userInteractionCount\" content=\"0\" \/><h4><a href='https:\/\/www.mission-21.org\/fr\/telecharger\/affiches-de-campagne-2021\/' title='Affiches de la campagne 2021'>Affiches de la campagne 2021<\/a><\/h4>\n<h2>\n\t\tCampagne 2022\n\t<\/h2>\n\t<meta itemscope itemprop=\"mainEntityOfPage\" itemtype=\"https:\/\/schema.org\/WebPage\" itemid=\"https:\/\/www.mission-21.org\/download\/projektheft-2022\/\" content=\"Projektheft 2022\" \/><meta itemprop=\"datePublished\" content=\"2022-09-23\" \/><meta itemprop=\"dateModified\" content=\"2022-09-23\" \/><meta itemprop=\"name\" content=\"Mission 21\"\/><meta itemprop=\"url\" content=\"https:\/\/www.mission-21.org\/wp-content\/uploads\/2022\/08\/de-blau.svg\"\/><meta itemprop=\"url\" content=\"https:\/\/www.mission-21.org\/author\/laura\/\" \/><meta itemprop=\"name\" content=\"Laura Mitello\" \/><meta itemprop=\"interactionType\" content=\"https:\/\/schema.org\/CommentAction\" \/><meta itemprop=\"userInteractionCount\" content=\"0\" \/><h4><a href='https:\/\/www.mission-21.org\/fr\/telecharger\/cahier-de-projets-2022\/' title='Cahier de projet 2022'>Cahier de projet 2022<\/a><\/h4>\n<h2>\n\t\tGuides\n\t<\/h2>\n\t<meta itemscope itemprop=\"mainEntityOfPage\" itemtype=\"https:\/\/schema.org\/WebPage\" itemid=\"https:\/\/www.mission-21.org\/download\/leitfaden-basargestaltung\/\" content=\"Leitfaden Basargestaltung\" \/><meta itemprop=\"datePublished\" content=\"2022-09-23\" \/><meta itemprop=\"dateModified\" content=\"2022-09-23\" \/><meta itemprop=\"name\" content=\"Mission 21\"\/><meta itemprop=\"url\" content=\"https:\/\/www.mission-21.org\/wp-content\/uploads\/2022\/08\/de-blau.svg\"\/><meta itemprop=\"url\" content=\"https:\/\/www.mission-21.org\/author\/laura\/\" \/><meta itemprop=\"name\" content=\"Laura Mitello\" \/><meta itemprop=\"interactionType\" content=\"https:\/\/schema.org\/CommentAction\" \/><meta itemprop=\"userInteractionCount\" content=\"0\" \/><h4><a href='https:\/\/www.mission-21.org\/fr\/telecharger\/conception-du-guide-bazar\/' title='Guide d&#039;organisation des bazars'>Guide d'organisation des bazars<\/a><\/h4>\n\t<meta itemscope itemprop=\"mainEntityOfPage\" itemtype=\"https:\/\/schema.org\/WebPage\" itemid=\"https:\/\/www.mission-21.org\/download\/leitfaden-baumpflanz-aktion\/\" content=\"Leitfaden Baumpflanz-Aktion\" \/><meta itemprop=\"datePublished\" content=\"2022-09-23\" \/><meta itemprop=\"dateModified\" content=\"2022-09-23\" \/><meta itemprop=\"name\" content=\"Mission 21\"\/><meta itemprop=\"url\" content=\"https:\/\/www.mission-21.org\/wp-content\/uploads\/2022\/08\/de-blau.svg\"\/><meta itemprop=\"url\" content=\"https:\/\/www.mission-21.org\/author\/laura\/\" \/><meta itemprop=\"name\" content=\"Laura Mitello\" \/><meta itemprop=\"interactionType\" content=\"https:\/\/schema.org\/CommentAction\" \/><meta itemprop=\"userInteractionCount\" content=\"0\" \/><h4><a href='https:\/\/www.mission-21.org\/fr\/telecharger\/action-guide-de-plantation-darbres\/' title='Guide de l&#039;action de plantation d&#039;arbres'>Guide de l'action de plantation d'arbres<\/a><\/h4>\n\t<meta itemscope itemprop=\"mainEntityOfPage\" itemtype=\"https:\/\/schema.org\/WebPage\" itemid=\"https:\/\/www.mission-21.org\/download\/leitfaden-fuer-benefiz-essen\/\" content=\"Leitfaden f\u00fcr Benefiz-Essen\" \/><meta itemprop=\"datePublished\" content=\"2022-09-23\" \/><meta itemprop=\"dateModified\" content=\"2022-09-23\" \/><meta itemprop=\"name\" content=\"Mission 21\"\/><meta itemprop=\"url\" content=\"https:\/\/www.mission-21.org\/wp-content\/uploads\/2022\/08\/de-blau.svg\"\/><meta itemprop=\"url\" content=\"https:\/\/www.mission-21.org\/author\/laura\/\" \/><meta itemprop=\"name\" content=\"Laura Mitello\" \/><meta itemprop=\"interactionType\" content=\"https:\/\/schema.org\/CommentAction\" \/><meta itemprop=\"userInteractionCount\" content=\"0\" \/><h4><a href='https:\/\/www.mission-21.org\/fr\/telecharger\/guide-repas-de-bienfaisance\/' title='Guide pour les d\u00eeners de bienfaisance'>Guide pour les d\u00eeners de bienfaisance<\/a><\/h4>\n\t<meta itemscope itemprop=\"mainEntityOfPage\" itemtype=\"https:\/\/schema.org\/WebPage\" itemid=\"https:\/\/www.mission-21.org\/download\/leitfaden-fuer-die-durchfuehrung-eines-afrikanischen-essens\/\" content=\"Leitfaden f\u00fcr die Durchf\u00fchrung eines afrikanischen Essens\" \/><meta itemprop=\"datePublished\" content=\"2022-09-23\" \/><meta itemprop=\"dateModified\" content=\"2022-09-23\" \/><meta itemprop=\"name\" content=\"Mission 21\"\/><meta itemprop=\"url\" content=\"https:\/\/www.mission-21.org\/wp-content\/uploads\/2022\/08\/de-blau.svg\"\/><meta itemprop=\"url\" content=\"https:\/\/www.mission-21.org\/author\/laura\/\" \/><meta itemprop=\"name\" content=\"Laura Mitello\" \/><meta itemprop=\"interactionType\" content=\"https:\/\/schema.org\/CommentAction\" \/><meta itemprop=\"userInteractionCount\" content=\"0\" \/><h4><a href='https:\/\/www.mission-21.org\/fr\/telecharger\/guide-pour-la-conduite-dun-diner-africain\/' title='Guide pour la r\u00e9alisation d&#039;un repas africain'>Guide pour la r\u00e9alisation d'un repas africain<\/a><\/h4>\n\t<meta itemscope itemprop=\"mainEntityOfPage\" itemtype=\"https:\/\/schema.org\/WebPage\" itemid=\"https:\/\/www.mission-21.org\/download\/leitfaden-fuer-eine-effektiveoeffentlichkeits-und-medienarbeitin-kirchgemeinden\/\" content=\"Leitfaden f\u00fcr eine effektive \u00d6ffentlichkeits- und Medienarbeitin Kirchgemeinden\" \/><meta itemprop=\"datePublished\" content=\"2022-09-23\" \/><meta itemprop=\"dateModified\" content=\"2022-09-23\" \/><meta itemprop=\"name\" content=\"Mission 21\"\/><meta itemprop=\"url\" content=\"https:\/\/www.mission-21.org\/wp-content\/uploads\/2022\/08\/de-blau.svg\"\/><meta itemprop=\"url\" content=\"https:\/\/www.mission-21.org\/author\/laura\/\" \/><meta itemprop=\"name\" content=\"Laura Mitello\" \/><meta itemprop=\"interactionType\" content=\"https:\/\/schema.org\/CommentAction\" \/><meta itemprop=\"userInteractionCount\" content=\"0\" \/><h4><a href='https:\/\/www.mission-21.org\/fr\/telecharger\/guide-pour-une-communication-efficace-avec-le-public-et-les-medias-dans-les-paroisses\/' title='Guide pour un travail efficace de relations publiques et m\u00e9diatiques dans les paroisses'>Guide pour un travail efficace de relations publiques et m\u00e9diatiques dans les paroisses<\/a><\/h4>\n\t<meta itemscope itemprop=\"mainEntityOfPage\" itemtype=\"https:\/\/schema.org\/WebPage\" itemid=\"https:\/\/www.mission-21.org\/download\/leitfaden-fuer-kerzenziehen\/\" content=\"Leitfaden f\u00fcr Kerzenziehen\" \/><meta itemprop=\"datePublished\" content=\"2022-09-23\" \/><meta itemprop=\"dateModified\" content=\"2022-09-23\" \/><meta itemprop=\"name\" content=\"Mission 21\"\/><meta itemprop=\"url\" content=\"https:\/\/www.mission-21.org\/wp-content\/uploads\/2022\/08\/de-blau.svg\"\/><meta itemprop=\"url\" content=\"https:\/\/www.mission-21.org\/author\/laura\/\" \/><meta itemprop=\"name\" content=\"Laura Mitello\" \/><meta itemprop=\"interactionType\" content=\"https:\/\/schema.org\/CommentAction\" \/><meta itemprop=\"userInteractionCount\" content=\"0\" \/><h4><a href='https:\/\/www.mission-21.org\/fr\/telecharger\/guide-pour-la-fabrication-de-bougies\/' title='Guide de la fabrication de bougies'>Guide de la fabrication de bougies<\/a><\/h4>\n\t<meta itemscope itemprop=\"mainEntityOfPage\" itemtype=\"https:\/\/schema.org\/WebPage\" itemid=\"https:\/\/www.mission-21.org\/download\/leitfaden-fuer-suppentage\/\" content=\"Leitfaden f\u00fcr Suppentage\" \/><meta itemprop=\"datePublished\" content=\"2022-09-23\" \/><meta itemprop=\"dateModified\" content=\"2022-09-23\" \/><meta itemprop=\"name\" content=\"Mission 21\"\/><meta itemprop=\"url\" content=\"https:\/\/www.mission-21.org\/wp-content\/uploads\/2022\/08\/de-blau.svg\"\/><meta itemprop=\"url\" content=\"https:\/\/www.mission-21.org\/author\/laura\/\" \/><meta itemprop=\"name\" content=\"Laura Mitello\" \/><meta itemprop=\"interactionType\" content=\"https:\/\/schema.org\/CommentAction\" \/><meta itemprop=\"userInteractionCount\" content=\"0\" \/><h4><a href='https:\/\/www.mission-21.org\/fr\/telecharger\/guide-des-jours-de-soupe\/' title='Guide pour les journ\u00e9es de la soupe'>Guide pour les journ\u00e9es de la soupe<\/a><\/h4>\n\t<meta itemscope itemprop=\"mainEntityOfPage\" itemtype=\"https:\/\/schema.org\/WebPage\" itemid=\"https:\/\/www.mission-21.org\/download\/leitfaden-spendenlaeufe\/\" content=\"Leitfaden Spendenl\u00e4ufe\" \/><meta itemprop=\"datePublished\" content=\"2022-09-23\" \/><meta itemprop=\"dateModified\" content=\"2022-09-23\" \/><meta itemprop=\"name\" content=\"Mission 21\"\/><meta itemprop=\"url\" content=\"https:\/\/www.mission-21.org\/wp-content\/uploads\/2022\/08\/de-blau.svg\"\/><meta itemprop=\"url\" content=\"https:\/\/www.mission-21.org\/author\/laura\/\" \/><meta itemprop=\"name\" content=\"Laura Mitello\" \/><meta itemprop=\"interactionType\" content=\"https:\/\/schema.org\/CommentAction\" \/><meta itemprop=\"userInteractionCount\" content=\"0\" \/><h4><a href='https:\/\/www.mission-21.org\/fr\/telecharger\/guide-des-dons\/' title='Guide des courses aux dons'>Guide des courses aux dons<\/a><\/h4>\n\t<meta itemscope itemprop=\"mainEntityOfPage\" itemtype=\"https:\/\/schema.org\/WebPage\" itemid=\"https:\/\/www.mission-21.org\/download\/leitfaden-sportturniere\/\" content=\"Leitfaden Sportturniere\" \/><meta itemprop=\"datePublished\" content=\"2022-09-23\" \/><meta itemprop=\"dateModified\" content=\"2022-09-23\" \/><meta itemprop=\"name\" content=\"Mission 21\"\/><meta itemprop=\"url\" content=\"https:\/\/www.mission-21.org\/wp-content\/uploads\/2022\/08\/de-blau.svg\"\/><meta itemprop=\"url\" content=\"https:\/\/www.mission-21.org\/author\/laura\/\" \/><meta itemprop=\"name\" content=\"Laura Mitello\" \/><meta itemprop=\"interactionType\" content=\"https:\/\/schema.org\/CommentAction\" \/><meta itemprop=\"userInteractionCount\" content=\"0\" \/><h4><a href='https:\/\/www.mission-21.org\/fr\/telecharger\/guide-des-tournois-sportifs\/' title='Guide des tournois sportifs'>Guide des tournois sportifs<\/a><\/h4>\n\t<meta itemscope itemprop=\"mainEntityOfPage\" itemtype=\"https:\/\/schema.org\/WebPage\" itemid=\"https:\/\/www.mission-21.org\/download\/leitfaden-zur-motivation-von-freiwilligen\/\" content=\"Leitfaden zur Motivation von Freiwilligen\" \/><meta itemprop=\"datePublished\" content=\"2022-09-23\" \/><meta itemprop=\"dateModified\" content=\"2022-09-23\" \/><meta itemprop=\"name\" content=\"Mission 21\"\/><meta itemprop=\"url\" content=\"https:\/\/www.mission-21.org\/wp-content\/uploads\/2022\/08\/de-blau.svg\"\/><meta itemprop=\"url\" content=\"https:\/\/www.mission-21.org\/author\/laura\/\" \/><meta itemprop=\"name\" content=\"Laura Mitello\" \/><meta itemprop=\"interactionType\" content=\"https:\/\/schema.org\/CommentAction\" \/><meta itemprop=\"userInteractionCount\" content=\"0\" \/><h4><a href='https:\/\/www.mission-21.org\/fr\/telecharger\/guide-de-motivation-des-benevoles\/' title='Guide sur la motivation des b\u00e9n\u00e9voles'>Guide sur la motivation des b\u00e9n\u00e9voles<\/a><\/h4>","protected":false},"excerpt":{"rendered":"<p>Arbeitshefte Kampagnenarbeitsheft 2022 Taufe Gottesdienstunterlagen zur Kampagne 2021 Gottesdienstunterlagen zur Kampagne 2022 Kampagne 2021 Ideen f\u00fcr den Unterricht zur Kampagne 2022 Kampagnenflyer 2021 Kampagnenmagazin 2021 Kampagnenplakate 2021 Kampagne 2022 Projektheft 2022 Leitf\u00e4den Leitfaden Basargestaltung Leitfaden Baumpflanz-Aktion Leitfaden f\u00fcr Benefiz-Essen Leitfaden f\u00fcr die Durchf\u00fchrung eines afrikanischen Essens Leitfaden f\u00fcr eine effektive \u00d6ffentlichkeits- und Medienarbeitin Kirchgemeinden Leitfaden [&hellip;]<\/p>\n","protected":false},"author":1,"featured_media":0,"parent":0,"menu_order":0,"comment_status":"closed","ping_status":"closed","template":"","meta":{"_acf_changed":false,"_seopress_robots_primary_cat":"","_seopress_titles_title":"","_seopress_titles_desc":"","_seopress_robots_index":"","_searchwp_excluded":"","site-sidebar-layout":"default","site-content-layout":"","ast-site-content-layout":"default","site-content-style":"default","site-sidebar-style":"default","ast-global-header-display":"","ast-banner-title-visibility":"","ast-main-header-display":"","ast-hfb-above-header-display":"","ast-hfb-below-header-display":"","ast-hfb-mobile-header-display":"","site-post-title":"","ast-breadcrumbs-content":"","ast-featured-img":"","footer-sml-layout":"","ast-disable-related-posts":"","theme-transparent-header-meta":"","adv-header-id-meta":"","stick-header-meta":"","header-above-stick-meta":"","header-main-stick-meta":"","header-below-stick-meta":"","astra-migrate-meta-layouts":"default","ast-page-background-enabled":"default","ast-page-background-meta":{"desktop":{"background-color":"var(--ast-global-color-4)","background-image":"","background-repeat":"repeat","background-position":"center center","background-size":"auto","background-attachment":"scroll","background-type":"","background-media":"","overlay-type":"","overlay-color":"","overlay-opacity":"","overlay-gradient":""},"tablet":{"background-color":"","background-image":"","background-repeat":"repeat","background-position":"center center","background-size":"auto","background-attachment":"scroll","background-type":"","background-media":"","overlay-type":"","overlay-color":"","overlay-opacity":"","overlay-gradient":""},"mobile":{"background-color":"","background-image":"","background-repeat":"repeat","background-position":"center center","background-size":"auto","background-attachment":"scroll","background-type":"","background-media":"","overlay-type":"","overlay-color":"","overlay-opacity":"","overlay-gradient":""}},"ast-content-background-meta":{"desktop":{"background-color":"var(--ast-global-color-5)","background-image":"","background-repeat":"repeat","background-position":"center center","background-size":"auto","background-attachment":"scroll","background-type":"","background-media":"","overlay-type":"","overlay-color":"","overlay-opacity":"","overlay-gradient":""},"tablet":{"background-color":"var(--ast-global-color-5)","background-image":"","background-repeat":"repeat","background-position":"center center","background-size":"auto","background-attachment":"scroll","background-type":"","background-media":"","overlay-type":"","overlay-color":"","overlay-opacity":"","overlay-gradient":""},"mobile":{"background-color":"var(--ast-global-color-5)","background-image":"","background-repeat":"repeat","background-position":"center center","background-size":"auto","background-attachment":"scroll","background-type":"","background-media":"","overlay-type":"","overlay-color":"","overlay-opacity":"","overlay-gradient":""}},"iawp_total_views":75,"footnotes":""},"hf_cat_page":[304],"class_list":["post-4016","page","type-page","status-publish"],"acf":[],"_links":{"self":[{"href":"https:\/\/www.mission-21.org\/fr\/wp-json\/wp\/v2\/pages\/4016","targetHints":{"allow":["GET"]}}],"collection":[{"href":"https:\/\/www.mission-21.org\/fr\/wp-json\/wp\/v2\/pages"}],"about":[{"href":"https:\/\/www.mission-21.org\/fr\/wp-json\/wp\/v2\/types\/page"}],"author":[{"embeddable":true,"href":"https:\/\/www.mission-21.org\/fr\/wp-json\/wp\/v2\/users\/1"}],"replies":[{"embeddable":true,"href":"https:\/\/www.mission-21.org\/fr\/wp-json\/wp\/v2\/comments?post=4016"}],"version-history":[{"count":4,"href":"https:\/\/www.mission-21.org\/fr\/wp-json\/wp\/v2\/pages\/4016\/revisions"}],"predecessor-version":[{"id":4772,"href":"https:\/\/www.mission-21.org\/fr\/wp-json\/wp\/v2\/pages\/4016\/revisions\/4772"}],"wp:attachment":[{"href":"https:\/\/www.mission-21.org\/fr\/wp-json\/wp\/v2\/media?parent=4016"}],"wp:term":[{"taxonomy":"hf_cat_page","embeddable":true,"href":"https:\/\/www.mission-21.org\/fr\/wp-json\/wp\/v2\/hf_cat_page?post=4016"}],"curies":[{"name":"wp","href":"https:\/\/api.w.org\/{rel}","templated":true}]}}