{"id":408,"date":"2022-08-22T13:18:57","date_gmt":"2022-08-22T11:18:57","guid":{"rendered":"https:\/\/www.mission-21.org\/?page_id=408"},"modified":"2022-11-01T11:02:10","modified_gmt":"2022-11-01T10:02:10","slug":"international-institutions","status":"publish","type":"page","link":"https:\/\/www.mission-21.org\/fr\/was-wir-tun\/internationale-einsaetze\/","title":{"rendered":"Missions internationales"},"content":{"rendered":"<img decoding=\"async\" src=\"https:\/\/www.mission-21.org\/wp-content\/uploads\/2022\/08\/csm_header_news_d521d70e38.jpeg\" alt=\"csm header news d521d70e38\" height=\"688\" width=\"1680\" title=\"csm_Header_News_d521d70e38\" \/>\n\t<div class=\"fl-builder-content fl-builder-content-3660 fl-builder-template fl-builder-module-template fl-builder-global-templates-locked\" data-post-id=\"3660\"><div class=\"fl-module fl-module-pp-toc fl-node-xrvkwe8ihtn6 toc\" data-node=\"xrvkwe8ihtn6\">\n\t<div class=\"fl-module-content fl-node-content\">\n\t\t<div class=\"pp-toc-container\">\n\t\n\t<div class=\"pp-toc-body\">\n\t\t\t\t\t<ul class=\"pp-toc-list-wrapper pp-toc-list-icon\"><\/ul>\n\t\t\t\t<\/div>\n<\/div>\n\n\t<\/div>\n<\/div>\n<\/div><div class=\"uabb-js-breakpoint\" style=\"display: none;\"><\/div>\n\t\t\t<a href=\"\/fr\/faire-un-don\/?enable_purpose=1&amp;title=Internationale%20Eins%C3%A4tze\" target=\"_self\" role=\"button\" aria-label=\"Dons\" rel=\"noopener\">\n\t\t\t\t\t\t\tDons\n\t\t\t\t\t\t\t\t\t<img decoding=\"async\" src=\"https:\/\/www.mission-21.org\/wp-content\/uploads\/2022\/08\/csm_heat-icon_b1dbd40167.png\" \/>\n\t\t<\/a>\n\t\t\t<h1>Bo\u00eete d'information<\/h1>\t\t\t\n\t\t\t\t<p>Mission 21 propose diff\u00e9rentes possibilit\u00e9s de collaboration dans les pays partenaires. Il s'agit notamment d'engagements \u00e0 long terme de sp\u00e9cialistes dans nos projets et d'engagements \u00e0 court terme pour de jeunes adultes. Toutes les offres comprennent un accompagnement intensif avant, pendant et apr\u00e8s l'engagement. Apportez votre expertise chez nous et d\u00e9veloppez vos comp\u00e9tences dans un nouveau contexte !<\/p>\n\t\t\t\t<img decoding=\"async\" src=\"https:\/\/www.mission-21.org\/wp-content\/uploads\/2022\/08\/csm_pic_internationale_mitarbeitende_1_2e72f84e92-1024x576.jpeg\" alt=\"csm pic collaborateurs internationaux 1 2e72f84e92\" title=\"csm_Pic_international_collaborateurs_1_2e72f84e92\" \/>\n\t\t\t<h2>Engagement \u00e0 long terme de professionnels<\/h2>\t\t\t\n\t\t\t\t<p>Vous \u00eates m\u00e9decin ou th\u00e9ologien, technicien, travailleur social ou gestionnaire de projet ? En tant que collaborateur ou collaboratrice international(e) de Mission 21, vous travaillez sur place pendant au moins trois ans dans nos projets. Vous vous immergez dans un nouveau milieu de vie et partagez votre vie, votre travail et votre foi avec des personnes d'autres cultures.<\/p>\n<p><a href=\"https:\/\/www.mission-21.org\/fr\/qui-sommes-nous\/jobs\/\">\u25ba Offres d'emploi actuelles<\/a><br \/><a href=\"https:\/\/www.mission-21.org\/fr\/ce-que-nous-faisons\/collaborateurs-internationaux\/\" target=\"_self\" rel=\"noopener\">\u25ba Collaborateurs internationaux en mission<\/a><\/p>\n\t\t\t\t<img decoding=\"async\" src=\"https:\/\/www.mission-21.org\/wp-content\/uploads\/2022\/08\/csm_pic_pep_05f6a23d66.jpeg\" alt=\"csm pic pep 05f6a23d66\" title=\"csm_Pic_Pep_05f6a23d66\" \/>\n\t\t\t<h2>PEP ! - Formation continue \u00e0 l'\u00e9tranger<\/h2>\t\t\t\n\t\t\t\t<p>L'offre \u00e9ducative\u00a0<strong>PEP !\u00a0<\/strong>(Professional Exposure Program) s'adresse aux jeunes \u00e2g\u00e9s de 22 \u00e0 30 ans ayant termin\u00e9 leur formation professionnelle ou leurs \u00e9tudes. Il comprend un cours de pr\u00e9paration, six \u00e0 douze mois d'engagement dans un projet ainsi qu'un suivi. Les participants approfondissent leurs connaissances techniques et acqui\u00e8rent des comp\u00e9tences interculturelles. Les partenaires de projet en Afrique, en Asie et en Am\u00e9rique latine obtiennent des professionnels qualifi\u00e9s et motiv\u00e9s.<\/p>\n<p><a href=\"https:\/\/www.mission-21.org\/fr\/participer\/youngmission21\/\">\u25ba plus d'informations<\/a><\/p>\n\t\t\t\t<img decoding=\"async\" src=\"https:\/\/www.mission-21.org\/wp-content\/uploads\/2022\/08\/csm_pic_einsaetze_fuer_experten_6e22cbc597.jpeg\" alt=\"csm pic emplois pour experts 6e22cbc597\" title=\"csm_Pic_Enjeux_pour_les_experts_6e22cbc597\" \/>\n\t\t\t<h2>Courtes missions pour les expert-e-s<\/h2>\t\t\t\n\t\t\t\t<p>Enrichissez le travail de nos partenaires en Afrique, en Asie et en Am\u00e9rique latine gr\u00e2ce \u00e0 votre exp\u00e9rience professionnelle. Vous vous ouvrez \u00e0 de nouveaux champs d'activit\u00e9 dans un nouvel environnement, vous travaillez de mani\u00e8re professionnelle en tant que conseiller ou conseill\u00e8re et vous \u00e9changez avec des sp\u00e9cialistes sur place. Vous apportez par exemple une exp\u00e9rience professionnelle dans le domaine de la th\u00e9ologie, de la m\u00e9decine, de la technique ou du social. La dur\u00e9e des missions peut varier en fonction du domaine.<\/p>\n<p><a href=\"https:\/\/www.mission-21.org\/fr\/qui-sommes-nous\/jobs\/\">\u25ba Offres d'emploi actuelles<\/a><\/p>","protected":false},"excerpt":{"rendered":"<p>Spenden Info Box Mission 21 bietet verschiedene M\u00f6glichkeiten zur Mitarbeit in den Partnerl\u00e4ndern. Dazu geh\u00f6ren langfristige Eins\u00e4tze von Fachleuten in unseren Projekten und Kurzeins\u00e4tze f\u00fcr junge Erwachsene. Zu allen Angeboten geh\u00f6rt eine intensive Begleitung vor, w\u00e4hrend und nach dem Einsatz. Bringen Sie Ihr Fachwissen bei uns ein und entwickeln Sie Ihre F\u00e4higkeiten in einem neuen [&hellip;]<\/p>\n","protected":false},"author":1,"featured_media":410,"parent":205,"menu_order":0,"comment_status":"closed","ping_status":"closed","template":"","meta":{"_acf_changed":false,"_seopress_robots_primary_cat":"","_seopress_titles_title":"","_seopress_titles_desc":"Wir bieten verschiedene M\u00f6glichkeiten zur Mitarbeit in den Partnerl\u00e4ndern. Dazu geh\u00f6ren langfristige Eins\u00e4tze von Fachleuten in Projekten und Kurzeins\u00e4tze.","_seopress_robots_index":"","_searchwp_excluded":"","site-sidebar-layout":"default","site-content-layout":"","ast-site-content-layout":"default","site-content-style":"default","site-sidebar-style":"default","ast-global-header-display":"","ast-banner-title-visibility":"","ast-main-header-display":"","ast-hfb-above-header-display":"","ast-hfb-below-header-display":"","ast-hfb-mobile-header-display":"","site-post-title":"","ast-breadcrumbs-content":"","ast-featured-img":"","footer-sml-layout":"","ast-disable-related-posts":"","theme-transparent-header-meta":"","adv-header-id-meta":"","stick-header-meta":"","header-above-stick-meta":"","header-main-stick-meta":"","header-below-stick-meta":"","astra-migrate-meta-layouts":"default","ast-page-background-enabled":"default","ast-page-background-meta":{"desktop":{"background-color":"var(--ast-global-color-4)","background-image":"","background-repeat":"repeat","background-position":"center center","background-size":"auto","background-attachment":"scroll","background-type":"","background-media":"","overlay-type":"","overlay-color":"","overlay-opacity":"","overlay-gradient":""},"tablet":{"background-color":"","background-image":"","background-repeat":"repeat","background-position":"center center","background-size":"auto","background-attachment":"scroll","background-type":"","background-media":"","overlay-type":"","overlay-color":"","overlay-opacity":"","overlay-gradient":""},"mobile":{"background-color":"","background-image":"","background-repeat":"repeat","background-position":"center center","background-size":"auto","background-attachment":"scroll","background-type":"","background-media":"","overlay-type":"","overlay-color":"","overlay-opacity":"","overlay-gradient":""}},"ast-content-background-meta":{"desktop":{"background-color":"var(--ast-global-color-5)","background-image":"","background-repeat":"repeat","background-position":"center center","background-size":"auto","background-attachment":"scroll","background-type":"","background-media":"","overlay-type":"","overlay-color":"","overlay-opacity":"","overlay-gradient":""},"tablet":{"background-color":"var(--ast-global-color-5)","background-image":"","background-repeat":"repeat","background-position":"center center","background-size":"auto","background-attachment":"scroll","background-type":"","background-media":"","overlay-type":"","overlay-color":"","overlay-opacity":"","overlay-gradient":""},"mobile":{"background-color":"var(--ast-global-color-5)","background-image":"","background-repeat":"repeat","background-position":"center center","background-size":"auto","background-attachment":"scroll","background-type":"","background-media":"","overlay-type":"","overlay-color":"","overlay-opacity":"","overlay-gradient":""}},"iawp_total_views":2744,"footnotes":""},"hf_cat_page":[300],"class_list":["post-408","page","type-page","status-publish","has-post-thumbnail"],"acf":[],"_links":{"self":[{"href":"https:\/\/www.mission-21.org\/fr\/wp-json\/wp\/v2\/pages\/408","targetHints":{"allow":["GET"]}}],"collection":[{"href":"https:\/\/www.mission-21.org\/fr\/wp-json\/wp\/v2\/pages"}],"about":[{"href":"https:\/\/www.mission-21.org\/fr\/wp-json\/wp\/v2\/types\/page"}],"author":[{"embeddable":true,"href":"https:\/\/www.mission-21.org\/fr\/wp-json\/wp\/v2\/users\/1"}],"replies":[{"embeddable":true,"href":"https:\/\/www.mission-21.org\/fr\/wp-json\/wp\/v2\/comments?post=408"}],"version-history":[{"count":11,"href":"https:\/\/www.mission-21.org\/fr\/wp-json\/wp\/v2\/pages\/408\/revisions"}],"predecessor-version":[{"id":4904,"href":"https:\/\/www.mission-21.org\/fr\/wp-json\/wp\/v2\/pages\/408\/revisions\/4904"}],"up":[{"embeddable":true,"href":"https:\/\/www.mission-21.org\/fr\/wp-json\/wp\/v2\/pages\/205"}],"wp:featuredmedia":[{"embeddable":true,"href":"https:\/\/www.mission-21.org\/fr\/wp-json\/wp\/v2\/media\/410"}],"wp:attachment":[{"href":"https:\/\/www.mission-21.org\/fr\/wp-json\/wp\/v2\/media?parent=408"}],"wp:term":[{"taxonomy":"hf_cat_page","embeddable":true,"href":"https:\/\/www.mission-21.org\/fr\/wp-json\/wp\/v2\/hf_cat_page?post=408"}],"curies":[{"name":"wp","href":"https:\/\/api.w.org\/{rel}","templated":true}]}}