{"id":4137,"date":"2022-10-14T14:54:00","date_gmt":"2022-10-14T12:54:00","guid":{"rendered":"https:\/\/www.mission-21.org\/?page_id=4137"},"modified":"2022-12-15T22:17:45","modified_gmt":"2022-12-15T21:17:45","slug":"association-de-collecte","status":"publish","type":"page","link":"https:\/\/www.mission-21.org\/fr\/mitmachen\/freiwillige-mitarbeit\/kollektenverein\/","title":{"rendered":"Association de collecte"},"content":{"rendered":"<img decoding=\"async\" src=\"https:\/\/www.mission-21.org\/wp-content\/uploads\/2022\/08\/csm_header_news_d521d70e38.jpeg\" alt=\"csm header news d521d70e38\" itemprop=\"image\" height=\"688\" width=\"1680\" title=\"csm_Header_News_d521d70e38\" onerror=\"this.style.display='none'\"  \/>\n\t<div class=\"fl-builder-content fl-builder-content-3660 fl-builder-template fl-builder-module-template fl-builder-global-templates-locked\" data-post-id=\"3660\"><div class=\"fl-module fl-module-pp-toc fl-node-xrvkwe8ihtn6 toc\" data-node=\"xrvkwe8ihtn6\">\n\t<div class=\"fl-module-content fl-node-content\">\n\t\t<div class=\"pp-toc-container\">\n\t\n\t<div class=\"pp-toc-body\">\n\t\t\t\t\t<ul class=\"pp-toc-list-wrapper pp-toc-list-icon\"><\/ul>\n\t\t\t\t<\/div>\n<\/div>\n\n\t<\/div>\n<\/div>\n<\/div><div class=\"uabb-js-breakpoint\" style=\"display: none;\"><\/div>\n\t\t\t<a href=\"\/fr\/faire-un-don\/\" target=\"_self\" role=\"button\" aria-label=\"Dons\" rel=\"noopener\">\n\t\t\t\t\t\t\tDons\n\t\t\t\t\t\t\t\t\t<img decoding=\"async\" src=\"https:\/\/www.mission-21.org\/wp-content\/uploads\/2022\/08\/csm_heat-icon_b1dbd40167.png\"\/>\n\t\t<\/a>\n\t\t\t\t<img decoding=\"async\" src=\"https:\/\/www.mission-21.org\/wp-content\/uploads\/2022\/10\/csm_kollektenverein_dffe10e3f9.jpg\" alt=\"csm association de collecte dffe10e3f9\" title=\"csm_collecte_dffe10e3f9\" itemprop=\"image\"\/>\n\t\t<h2>Association de collecte<\/h2>\t\t\t\n\t\t\t\t<p>L'association de collecte est une association de soutien ind\u00e9pendante qui soutient financi\u00e8rement le travail de Mission 21. L'association se compose d'environ 200 membres. Elle a \u00e9t\u00e9 fond\u00e9e au milieu du 19e si\u00e8cle comme une sorte de \"crowdfunding group\". L'id\u00e9e \u00e9tait la suivante : si chacun donnait un demi-batz, la somme r\u00e9colt\u00e9e serait importante ! Aujourd'hui encore, l'association vit gr\u00e2ce \u00e0 l'engagement de nombreuses personnes individuelles.<\/p>\n\t\t\t\t<img decoding=\"async\" src=\"https:\/\/www.mission-21.org\/wp-content\/uploads\/2022\/10\/csm_dankessammelbox_c21ff687b5-900x675.jpg\" alt=\"csm bo\u00eete de collecte de remerciements c21ff687b5\" itemprop=\"image\" height=\"675\" width=\"900\" title=\"csm_boite_de_reconnaissance_c21ff687b5\" onerror=\"this.style.display='none'\"  \/>\n<h2>\n\t\t Bo\u00eete de collecte de remerciement \n\t<\/h2>\n\t<p>L'id\u00e9e de la bo\u00eete de remerciement est simple : chaque fois que nous avons une raison de remercier, nous y glissons une pi\u00e8ce de monnaie. L'argent r\u00e9colt\u00e9 permet de soutenir d'autres personnes. C'est une mani\u00e8re simple de montrer : Nous d\u00e9pendons les uns des autres, m\u00eame au-del\u00e0 des continents.<\/p>\n<p>Le principe de la bo\u00eete de remerciement est s\u00e9duisant : votre petite monnaie est mise en valeur dans nos projets. Nous investissons l'argent dans l'\u00e9ducation, l'agriculture et les moyens de subsistance, les soins de sant\u00e9, le travail pour la paix et la promotion des femmes.<\/p>\n<p>Placez la bo\u00eete de remerciement dans votre \u00e9glise ou votre bureau, parlez-en autour de vous, encouragez les autres \u00e0 participer ! Lors de f\u00eates, vous pouvez demander qu'une contribution soit d\u00e9pos\u00e9e dans la bo\u00eete au lieu de cadeaux.<\/p>\n<p>C'est ainsi que dire \"merci\" peut faire du bien !<\/p>\n<p><a href=\"https:\/\/www.mission-21.org\/wp-content\/uploads\/2022\/12\/dankesbuechsen_flyer.pdf\" target=\"_blank\" rel=\"noopener\">\u25ba T\u00e9l\u00e9charger le d\u00e9pliant sur la bo\u00eete de remerciement<\/a><\/p>\n<p><a href=\"https:\/\/www.mission-21.org\/fileadmin\/Webseite_Mission_21\/Mitmachen\/Engagement\/Banderolen_fuer_Dankesbuechsen.pdf\" target=\"_blank\" rel=\"noopener\">\u25ba T\u00e9l\u00e9charger la banderole<\/a><\/p>\n<h2>\n\t\tAutres possibilit\u00e9s de soutien\n\t<\/h2>\n\t\t\t\t<img decoding=\"async\" src=\"https:\/\/www.mission-21.org\/wp-content\/uploads\/2022\/10\/csm_freiwillige_mitarbeit_moeglichkeiten_5f836a6bd6.jpg\" alt=\"csm possibilit\u00e9s de b\u00e9n\u00e9volat 5f836a6bd6\" itemprop=\"image\" height=\"657\" width=\"1170\" title=\"csm_collaboration_b\u00e9n\u00e9vole_possibilit\u00e9s_5f836a6bd6\" onerror=\"this.style.display='none'\"  \/>\n\t<p>Vous souhaitez soutenir activement Mission 21, lors de grandes manifestations, au bazar ou de mani\u00e8re plus ponctuelle ?<\/p>\nVous trouverez plus d'informations ici :<br \/>\n<a href=\"https:\/\/www.mission-21.org\/fr\/participer\/benevolat\/\">\u25ba Travail b\u00e9n\u00e9vole<\/a>","protected":false},"excerpt":{"rendered":"<p>Spenden Kollektenverein Der Kollektenverein ist ein eigenst\u00e4ndiger F\u00f6rderverein, der die Arbeit von Mission 21 finanziell unterst\u00fctzt. Der Verein besteht aus rund 200 Mitgliedern. Gegr\u00fcndet wurde er Mitte des 19. Jahrhunderts als eine Art &#8222;Crowdfunding-Group&#8220;. Die Idee: wenn jeder einen halben Batzen spendet, kommt in der Summe viel zusammen! Der Verein lebt bis heute vom Engagement [&hellip;]<\/p>\n","protected":false},"author":1,"featured_media":4139,"parent":3043,"menu_order":0,"comment_status":"closed","ping_status":"closed","template":"","meta":{"_acf_changed":false,"_seopress_robots_primary_cat":"","_seopress_titles_title":"","_seopress_titles_desc":"","_seopress_robots_index":"","_searchwp_excluded":"","site-sidebar-layout":"default","site-content-layout":"","ast-site-content-layout":"default","site-content-style":"default","site-sidebar-style":"default","ast-global-header-display":"","ast-banner-title-visibility":"","ast-main-header-display":"","ast-hfb-above-header-display":"","ast-hfb-below-header-display":"","ast-hfb-mobile-header-display":"","site-post-title":"","ast-breadcrumbs-content":"","ast-featured-img":"","footer-sml-layout":"","ast-disable-related-posts":"","theme-transparent-header-meta":"","adv-header-id-meta":"","stick-header-meta":"","header-above-stick-meta":"","header-main-stick-meta":"","header-below-stick-meta":"","astra-migrate-meta-layouts":"default","ast-page-background-enabled":"default","ast-page-background-meta":{"desktop":{"background-color":"var(--ast-global-color-4)","background-image":"","background-repeat":"repeat","background-position":"center center","background-size":"auto","background-attachment":"scroll","background-type":"","background-media":"","overlay-type":"","overlay-color":"","overlay-opacity":"","overlay-gradient":""},"tablet":{"background-color":"","background-image":"","background-repeat":"repeat","background-position":"center center","background-size":"auto","background-attachment":"scroll","background-type":"","background-media":"","overlay-type":"","overlay-color":"","overlay-opacity":"","overlay-gradient":""},"mobile":{"background-color":"","background-image":"","background-repeat":"repeat","background-position":"center center","background-size":"auto","background-attachment":"scroll","background-type":"","background-media":"","overlay-type":"","overlay-color":"","overlay-opacity":"","overlay-gradient":""}},"ast-content-background-meta":{"desktop":{"background-color":"var(--ast-global-color-5)","background-image":"","background-repeat":"repeat","background-position":"center center","background-size":"auto","background-attachment":"scroll","background-type":"","background-media":"","overlay-type":"","overlay-color":"","overlay-opacity":"","overlay-gradient":""},"tablet":{"background-color":"var(--ast-global-color-5)","background-image":"","background-repeat":"repeat","background-position":"center center","background-size":"auto","background-attachment":"scroll","background-type":"","background-media":"","overlay-type":"","overlay-color":"","overlay-opacity":"","overlay-gradient":""},"mobile":{"background-color":"var(--ast-global-color-5)","background-image":"","background-repeat":"repeat","background-position":"center center","background-size":"auto","background-attachment":"scroll","background-type":"","background-media":"","overlay-type":"","overlay-color":"","overlay-opacity":"","overlay-gradient":""}},"iawp_total_views":28,"footnotes":""},"hf_cat_page":[297],"class_list":["post-4137","page","type-page","status-publish","has-post-thumbnail"],"acf":[],"_links":{"self":[{"href":"https:\/\/www.mission-21.org\/fr\/wp-json\/wp\/v2\/pages\/4137","targetHints":{"allow":["GET"]}}],"collection":[{"href":"https:\/\/www.mission-21.org\/fr\/wp-json\/wp\/v2\/pages"}],"about":[{"href":"https:\/\/www.mission-21.org\/fr\/wp-json\/wp\/v2\/types\/page"}],"author":[{"embeddable":true,"href":"https:\/\/www.mission-21.org\/fr\/wp-json\/wp\/v2\/users\/1"}],"replies":[{"embeddable":true,"href":"https:\/\/www.mission-21.org\/fr\/wp-json\/wp\/v2\/comments?post=4137"}],"version-history":[{"count":6,"href":"https:\/\/www.mission-21.org\/fr\/wp-json\/wp\/v2\/pages\/4137\/revisions"}],"predecessor-version":[{"id":6190,"href":"https:\/\/www.mission-21.org\/fr\/wp-json\/wp\/v2\/pages\/4137\/revisions\/6190"}],"up":[{"embeddable":true,"href":"https:\/\/www.mission-21.org\/fr\/wp-json\/wp\/v2\/pages\/3043"}],"wp:featuredmedia":[{"embeddable":true,"href":"https:\/\/www.mission-21.org\/fr\/wp-json\/wp\/v2\/media\/4139"}],"wp:attachment":[{"href":"https:\/\/www.mission-21.org\/fr\/wp-json\/wp\/v2\/media?parent=4137"}],"wp:term":[{"taxonomy":"hf_cat_page","embeddable":true,"href":"https:\/\/www.mission-21.org\/fr\/wp-json\/wp\/v2\/hf_cat_page?post=4137"}],"curies":[{"name":"wp","href":"https:\/\/api.w.org\/{rel}","templated":true}]}}