{"id":4147,"date":"2022-10-14T15:29:32","date_gmt":"2022-10-14T13:29:32","guid":{"rendered":"https:\/\/www.mission-21.org\/?page_id=4147"},"modified":"2022-11-02T10:46:41","modified_gmt":"2022-11-02T09:46:41","slug":"advocacy-liberte-de-religion","status":"publish","type":"page","link":"https:\/\/www.mission-21.org\/fr\/mitmachen\/advocacy\/advocacy-religionsfreiheit\/","title":{"rendered":"Plaidoyer pour la libert\u00e9 religieuse"},"content":{"rendered":"<img decoding=\"async\" src=\"https:\/\/www.mission-21.org\/wp-content\/uploads\/2022\/08\/csm_header_news_d521d70e38.jpeg\" alt=\"csm header news d521d70e38\" height=\"688\" width=\"1680\" title=\"csm_Header_News_d521d70e38\" \/>\n\t<div class=\"fl-builder-content fl-builder-content-3660 fl-builder-template fl-builder-module-template fl-builder-global-templates-locked\" data-post-id=\"3660\"><div class=\"fl-module fl-module-pp-toc fl-node-xrvkwe8ihtn6 toc\" data-node=\"xrvkwe8ihtn6\">\n\t<div class=\"fl-module-content fl-node-content\">\n\t\t<div class=\"pp-toc-container\">\n\t\n\t<div class=\"pp-toc-body\">\n\t\t\t\t\t<ul class=\"pp-toc-list-wrapper pp-toc-list-icon\"><\/ul>\n\t\t\t\t<\/div>\n<\/div>\n\n\t<\/div>\n<\/div>\n<\/div><div class=\"uabb-js-breakpoint\" style=\"display: none;\"><\/div>\n\t\t\t<a href=\"\/fr\/faire-un-don\/\" target=\"_self\" role=\"button\" aria-label=\"Dons\" rel=\"noopener\">\n\t\t\t\t\t\t\tDons\n\t\t\t\t\t\t\t\t\t<img decoding=\"async\" src=\"https:\/\/www.mission-21.org\/wp-content\/uploads\/2022\/08\/csm_heat-icon_b1dbd40167.png\" \/>\n\t\t<\/a>\n\t\t\t\t<img decoding=\"async\" src=\"https:\/\/www.mission-21.org\/wp-content\/uploads\/2022\/10\/csm_header_kampagne_eedfe8a951-900x505.jpg\" alt=\"csm header campagne eedfe8a951\" title=\"csm_Header_Campagne_eedfe8a951\" \/>\n\t\t<h2>Travail interreligieux pour la paix<\/h2>\t\t\t\n\t\t\t\t<p>Dans de nombreux pays, la libert\u00e9 de religion est garantie par la Constitution. Pourtant, des actes de violence sont r\u00e9guli\u00e8rement perp\u00e9tr\u00e9s au nom ou sous le couvert de la religion. Au Nigeria par exemple, la milice terroriste islamiste Boko Haram empoisonne le climat entre chr\u00e9tiens et musulmans. En Indon\u00e9sie, o\u00f9 la population musulmane est la plus importante au monde, de nombreux jeunes se radicalisent. Mission 21 offre des perspectives d'avenir aux jeunes d'Afrique, d'Asie et d'Am\u00e9rique latine gr\u00e2ce \u00e0 de nombreuses offres de formation et s'engage ainsi contre la radicalisation. Le travail interreligieux pour la paix est l'un des th\u00e8mes centraux de la coop\u00e9ration personnelle au d\u00e9veloppement de Mission 21.<\/p>\n<p><a href=\"https:\/\/www.mission-21.org\/fr\/ce-que-nous-faisons\/projets-et-partenaires\/projet\/travail-de-paix-interreligieux-au-nigeria\/\" target=\"_blank\" rel=\"noopener\">\u25ba Projet de paix interreligieuse au Nigeria<\/a><\/p>\n<p><a href=\"https:\/\/www.mission-21.org\/fr\/ce-que-nous-faisons\/projets-et-partenaires\/projet\/cooperation-interreligieuse-pour-la-paix-et-la-justice-2\/\" target=\"_blank\" rel=\"noopener\">\u25ba coop\u00e9ration interreligieuse pour la paix et la justice<\/a><\/p>\n<p><a href=\"https:\/\/www.mission-21.org\/fr\/projets\/education-pour-le-changement-social-en-amerique-latine\/\">\u25ba dialogue interreligieux dans l'espace sud-andin<\/a><\/p>\n\t\t\t\t<img decoding=\"async\" src=\"https:\/\/www.mission-21.org\/wp-content\/uploads\/2022\/10\/csm_kurse_erwachsene_bd1f167a22-900x675.jpg\" alt=\"csm cours adultes bd1f167a22\" height=\"675\" width=\"900\" title=\"csm_Kurse_Erwachsene_bd1f167a22\" \/>\n<h2>\n\t\t Formation continue en Suisse \n\t<\/h2>\n\t<p>En collaboration avec nos partenaires, nous nous engageons en Suisse pour la paix interreligieuse. Nous encourageons les formations et les formations continues qui renforcent le dialogue interreligieux et interculturel et qui permettent aux participants d'aborder les diff\u00e9rentes religions de mani\u00e8re diff\u00e9renci\u00e9e et contextuelle. En Suisse, nos manifestations informent et forment les sp\u00e9cialistes et les personnes int\u00e9ress\u00e9es sur les strat\u00e9gies, les m\u00e9thodes et l'impact du travail interreligieux pour la paix. Et nous motivons les d\u00e9cideurs \u00e0 s'engager pour une coexistence pacifique des religions.<\/p>\n<p><a href=\"https:\/\/www.mission-21.org\/fr\/ce-que-nous-faisons\/evenements\/detail\/colloque-2020-religions-cause-de-conflit-ou-potentiel-de-paix\/\" target=\"_blank\" rel=\"noopener\">\u25ba Colloque interreligieux mars 2020<\/a><\/p>\n<p><a href=\"https:\/\/www.mission-21.org\/fr\/le-colloque-interreligieux-reunissant-des-personnalites-a-ete-un-grand-succes\/\" target=\"_blank\" rel=\"noopener\">\u25ba R\u00e9trospective du colloque interreligieux 2019<\/a><\/p>\n\t\t\t\t<img decoding=\"async\" src=\"https:\/\/www.mission-21.org\/wp-content\/uploads\/2022\/10\/csm_asien_kooperation_225.1001_02_384d670fe3-900x675.jpg\" alt=\"csm asia coop\u00e9ration 225.1001 02 384d670fe3\" height=\"675\" width=\"900\" title=\"csm_Asien_Kooperation_225.1001_02_384d670fe3\" \/>\n<h2>\n\t\t Actions internationales pour la paix \n\t<\/h2>\n\t<p>Faire quelque chose d'encourageant et en parler : A l'heure des m\u00e9dias sociaux, des likes et de la pr\u00e9sence sur le web, il est efficace et durable de faire conna\u00eetre le travail pour une paix interreligieuse et l'engagement pour la libert\u00e9 religieuse - \u00e9galement pour mobiliser encore plus de personnes. Pour ce faire, Mission 21 met en place des actions \u00e0 fort impact public et renforce leur effet via les m\u00e9dias en ligne et les canaux de m\u00e9dias sociaux.<\/p>\n\t\t\t\t<img decoding=\"async\" src=\"https:\/\/www.mission-21.org\/wp-content\/uploads\/2022\/10\/csm_nigeria_frieden_162.1007_03_195b10c8ca-900x675.jpg\" alt=\"csm nigeria paix 162.1007 03 195b10c8ca\" height=\"675\" width=\"900\" title=\"csm_Nigeria_Frieden_162.1007_03_195b10c8ca\" \/>\n<h2>\n\t\tJourn\u00e9e de comm\u00e9moration des victimes du radicalisme et du terrorisme\n\t<\/h2>\n\t<p>Le 14 avril 2014, la milice terroriste islamiste Boko Haram a enlev\u00e9 276 lyc\u00e9ennes dans la localit\u00e9 nig\u00e9riane de Chibok. La plupart d'entre elles \u00e9taient membres de l'\u00e9glise EYN, \u00e9glise partenaire de Mission 21. Pr\u00e8s de 100 jeunes femmes sont toujours aux mains de Boko Haram. Chaque 14 avril, Mission 21 rappelle cet acte, rend hommage aux victimes de la terreur, du fanatisme et du radicalisme et informe sur le travail de paix interreligieux.<\/p>\n<h2>\n\t\tJourn\u00e9e des droits de l'homme\n\t<\/h2>\n\t<p>A l'occasion de la Journ\u00e9e internationale des droits de l'homme, le 10 d\u00e9cembre, Mission 21 m\u00e8ne chaque ann\u00e9e en Suisse une action de plaidoyer qui appelle \u00e0 s'engager pour la paix interreligieuse et \u00e0 d\u00e9fendre le droit humain \u00e0 la libert\u00e9 de religion. Nous combinons information et appel et envoyons un signal pour la paix et la tol\u00e9rance.<\/p>\n\t\t\t<h3>2018<\/h3>\t\t\n\t\t\t\t<img decoding=\"async\" src=\"https:\/\/www.mission-21.org\/wp-content\/uploads\/2022\/10\/csm_avocacy_aktion_2018_2032e3fddb-900x505.jpg\" alt=\"csm avocacy action 2018 2032e3fddb\" title=\"csm_Avocacy_Aktion_2018_2032e3fddb\" \/>\n\t\t\t\t<p>Dans le cadre de la Journ\u00e9e des droits de l'homme 2018, Mission 21 a donn\u00e9 un signal en faveur des droits humains sur la Claraplatz de B\u00e2le. Quatre grandes affiches ont attir\u00e9 le regard des passants et passantes. Elles montraient des femmes et des hommes de quatre continents qui s'engagent avec beaucoup de c\u0153ur et de savoir-faire pour d'autres personnes. En prenant une photo avec leur appareil photo instantan\u00e9, de nombreuses personnes int\u00e9ress\u00e9es ont exprim\u00e9 leur solidarit\u00e9 avec des personnes qui s'engagent pour la paix et la justice dans des conditions difficiles.<\/p>\n\t\t\t<h3>2017<\/h3>\t\t\n\t\t\t\t<img decoding=\"async\" src=\"https:\/\/www.mission-21.org\/wp-content\/uploads\/2022\/10\/csm_aktuelle_kampagne_95aa72b8aa.jpg\" alt=\"csm campagne actuelle 95aa72b8aa\" title=\"csm_campagne_actuelle_95aa72b8aa\" \/>\n\t\t\t\t<p>Le 10 d\u00e9cembre 2017, Mission 21 a r\u00e9uni des repr\u00e9sentants chr\u00e9tiens, musulmans et juifs \u00e0 la cath\u00e9drale de B\u00e2le. Ensemble, les personnes pr\u00e9sentes ont lanc\u00e9 un appel interreligieux pour l'autonomisation des femmes et contre la violence envers les femmes. L'action de plaidoyer pour la justice entre les sexes s'est termin\u00e9e par un acte symbolique : les participants ont simultan\u00e9ment l\u00e2ch\u00e9 des ballons blancs en forme de colombe de la paix.<\/p>\n<h3>\n\t\t2016\n\t<\/h3>\n\t\t\t\t\t<a href=\"\"><img decoding=\"async\" src=\"https:\/\/i.vimeocdn.com\/portrait\/75431195_300x300?subrect=99%2C99%2C1308%2C1308&#038;r=cover\" \/><\/a>\n\t\t\t\t\t\t\t<a href=\"\">Journ\u00e9e des droits de l'homme 2016 : Action Hope<\/a>\n\t\t\t\t\t\t\tfrom  <a href=\"\">Mission 21<\/a>\n\t\t\t\t\t<img decoding=\"async\" src=\"https:\/\/i.vimeocdn.com\/video\/686182028-6633c80810056416c0838dba9c4bc5aeab1b5e126d5bccd1926deffc52bfde9b-d_840\" alt=\"vimeo-video-thumbnail\" \/>\n<p>Pour le 10 d\u00e9cembre 2016, Mission 21 a mobilis\u00e9 environ 80 soutiens pour une action \u00e0 fort impact public. Le clip vid\u00e9o \"hope\" exprimait symboliquement que l'espoir na\u00eet lorsque les gens se rassemblent. Le clip vid\u00e9o a \u00e9t\u00e9 visionn\u00e9 par pr\u00e8s de 5'000 personnes sur Internet et les a motiv\u00e9es \u00e0 s'informer sur le travail interreligieux de Mission 21 pour la paix.<\/p>\n\t\t\t\t<img decoding=\"async\" src=\"https:\/\/www.mission-21.org\/wp-content\/uploads\/2022\/10\/csm_partner_cek_5adf80e005-900x675.jpg\" alt=\"csm partenaire cek 5adf80e005\" height=\"675\" width=\"900\" title=\"csm_Partner_CEK_5adf80e005\" \/>\n<h2>\n\t\t Partenaires internationaux pour la paix \n\t<\/h2>\n\t<p>Dans le monde entier, Mission 21 collabore avec des organisations et des \u00e9glises comp\u00e9tentes qui s'engagent en faveur de la libert\u00e9 religieuse par le biais du plaidoyer. Que ce soit en Afrique, en Asie ou en Am\u00e9rique latine, nous nous mettons en r\u00e9seau pour nous engager en faveur du dialogue interculturel et du travail interreligieux pour la paix.<\/p>\n\t<h4>Afrique<\/h4>\n<ul>\n<li><a href=\"https:\/\/www.mission-21.org\/fr\/partenaire\/eyn-eglise-des-freres-et-soeurs\/\" target=\"_self\" rel=\"noopener\">EYN, Nigeria<\/a><\/li>\n<li><a href=\"https:\/\/www.mission-21.org\/fr\/partenaire\/lcgi-initiative-globale-pour-aider-les-personnes-en-difficulte\/\" target=\"_self\" rel=\"noopener\">LCGI, Nigeria<\/a><\/li>\n<li><a href=\"https:\/\/www.mission-21.org\/fr\/partenaire\/pcoss-presbyterian-kirche-des-suedsudan\/\" target=\"_self\" rel=\"noopener\">PCOSS, Soudan du Sud<\/a><\/li>\n<li><a href=\"https:\/\/www.mission-21.org\/fr\/partenaire\/sscc-federation-des-eglises-du-sud-soudan\/\" target=\"_self\" rel=\"noopener\">SSCC, Soudan du Sud<\/a><\/li>\n<li><a href=\"https:\/\/www.mission-21.org\/fr\/partenaire\/programme-procmura-pour-le-dialogue-inter-religieux-en-afrique\/\" target=\"_self\" rel=\"noopener\">PROCMURA, partenaire continental pour l'Afrique<\/a><\/li>\n<li><a href=\"https:\/\/www.mission-21.org\/fr\/partenaire\/conference-des-eglises-aacc-allafricaines\/\">AACC, partenaire continental pour l'Afrique<\/a><\/li>\n<\/ul>\n\t<h4>Asie<\/h4>\n<ul>\n<li><a href=\"https:\/\/www.mission-21.org\/fr\/partenaire\/pgi-reformierter-kirchenbund-in-indonesien\/\" target=\"_self\" rel=\"noopener\">PGI, Indon\u00e9sie<\/a><\/li>\n<li><a href=\"https:\/\/www.mission-21.org\/fr\/partenaire\/gkp-evangelisch-reformierte-sunda-kirche\/\" target=\"_self\" rel=\"noopener\">GKP, Indon\u00e9sie<\/a><\/li>\n<li><a href=\"https:\/\/www.mission-21.org\/fr\/partenaire\/uin-dc-centre-de-dialogue-de-luniversite-etat-islamique-a-yogyakarta\/\" target=\"_self\" rel=\"noopener\">UIN DC, Indon\u00e9sie<\/a><\/li>\n<li><a href=\"https:\/\/www.mission-21.org\/fr\/partenaire\/gke-evangelisch-reformierte-kirche-in-kalimantan\/\" target=\"_self\" rel=\"noopener\">GKE, Indon\u00e9sie<\/a><\/li>\n<li><a href=\"https:\/\/www.mission-21.org\/fr\/partenaire\/lk3-institut-pour-letude-de-la-societe-islamique\/\" target=\"_self\" rel=\"noopener\">LK3, Indon\u00e9sie<\/a><\/li>\n<li><a href=\"https:\/\/www.mission-21.org\/fr\/partenaire\/ukdw-heolog-fakultaet-der-christl-universitaet-duta-wacana-yogyakarta\/\" target=\"_self\" rel=\"noopener\">UKDW, Indon\u00e9sie<\/a><\/li>\n<\/ul>\n<h4>Am\u00e9rique latine<\/h4>\n<ul>\n<li><a href=\"https:\/\/www.mission-21.org\/fr\/partenaire\/alfalit-alphabetisation-et-litterature-en-perou\/\" target=\"_self\" rel=\"noopener\">ALFALIT, P\u00e9rou<\/a><\/li>\n<li><a href=\"https:\/\/www.mission-21.org\/fr\/partenaire\/aete-societe-de-formation-theologique-evangelique\/\" target=\"_self\" rel=\"noopener\">AETE, P\u00e9rou<\/a><\/li>\n<li><a href=\"https:\/\/www.mission-21.org\/fr\/partenaire\/cte-communaute-theologique-evangelique-chilienne\/\" target=\"_self\" rel=\"noopener\">CTE, Chili<\/a><\/li>\n<\/ul>\n<h2>\n\t\tActualit\u00e9s\n\t<\/h2>\n\t\t\t\t\t\t\t\t\t\t\t\t\t\t<a href=\"https:\/\/www.mission-21.org\/fr\/polyphonique-et-stimulant-la-ecole-dete-mission-et-eglise-entre-racisme-et-respect\/\" target=\"_self\" title=\"Polyphonique et stimulante : la Summer School &quot;Mission et Eglise - entre racisme et respect&quot;.\" rel=\"noopener\">\n\t\t\t\t<img decoding=\"async\" src=\"https:\/\/www.mission-21.org\/wp-content\/uploads\/2022\/09\/csm_foto_summerschool_2021_53300a889a.jpg\" alt=\"\" \/>\n\t\t\t\t<\/a>\n\t\t\t\t\t\t<h4>\n\t\t\t\t<a href=\"https:\/\/www.mission-21.org\/fr\/polyphonique-et-stimulant-la-ecole-dete-mission-et-eglise-entre-racisme-et-respect\/\" title=\"Polyphonique et stimulante : la Summer School &quot;Mission et Eglise - entre racisme et respect&quot;.\">Polyphonique et stimulante : la Summer School \"Mission et Eglise - entre racisme et respect\".<\/a>\t\t\t<\/h4>\n\t\t\t\t\t\t\t<h5>\n\t\t\t22 septembre 2021\t\t\t\n\t\t\t\t\t\t\t<\/h5>\n\t\t\t\t\t\t\t\t\t\t\t\t\t\t<a href=\"https:\/\/www.mission-21.org\/fr\/secondas-comme-constructeurs-de-ponts-dans-une-societe-plurielle\/\" target=\"_self\" title=\"Les secondas, des passeuses de ponts dans une soci\u00e9t\u00e9 plurielle\" rel=\"noopener\">\n\t\t\t\t<img decoding=\"async\" src=\"https:\/\/www.mission-21.org\/wp-content\/uploads\/2022\/09\/csm_haus_der_religionen_2_crop_kleiner_ae5f33f695.jpg\" alt=\"\" \/>\n\t\t\t\t<\/a>\n\t\t\t\t\t\t<h4>\n\t\t\t\t<a href=\"https:\/\/www.mission-21.org\/fr\/secondas-comme-constructeurs-de-ponts-dans-une-societe-plurielle\/\" title=\"Les secondas, des passeuses de ponts dans une soci\u00e9t\u00e9 plurielle\">Les secondas, des passeuses de ponts dans une soci\u00e9t\u00e9 plurielle<\/a>\t\t\t<\/h4>\n\t\t\t\t\t\t\t<h5>\n\t\t\t31 ao\u00fbt 2021\t\t\t\n\t\t\t\t\t\t\t<\/h5>\n\t\t\t\t\t\t\t\t\t\t\t\t\t\t<a href=\"https:\/\/www.mission-21.org\/fr\/religion-et-developpement-un-couple-impossible\/\" target=\"_self\" title=\"Religion et d\u00e9veloppement : un couple improbable ?\" rel=\"noopener\">\n\t\t\t\t<img decoding=\"async\" src=\"https:\/\/www.mission-21.org\/wp-content\/uploads\/2022\/09\/csm_pic_web-news_religion_und_entwicklung_7a60f9f673.jpg\" alt=\"\" \/>\n\t\t\t\t<\/a>\n\t\t\t\t\t\t<h4>\n\t\t\t\t<a href=\"https:\/\/www.mission-21.org\/fr\/religion-et-developpement-un-couple-impossible\/\" title=\"Religion et d\u00e9veloppement : un couple improbable ?\">Religion et d\u00e9veloppement : un couple improbable ?<\/a>\t\t\t<\/h4>\n\t\t\t\t\t\t\t<h5>\n\t\t\t19 mars 2021\t\t\t\n\t\t\t\t\t\t\t<\/h5>","protected":false},"excerpt":{"rendered":"<p>Spenden Interreligi\u00f6se Friedensarbeit Die Religionsfreiheit wird in vielen L\u00e4ndern in der Verfassung garantiert. Dennoch kommt es im Namen oder unter dem Deckmantel der Religion immer wieder zu Gewalttaten. In Nigeria etwa vergiftet die islamistische Terrormiliz Boko Haram das Klima zwischen Christen und Muslimen. In Indonesien mit der gr\u00f6ssten muslimischen Bev\u00f6lkerung weltweit radikalisieren sich viele junge [&hellip;]<\/p>\n","protected":false},"author":1,"featured_media":4149,"parent":3046,"menu_order":0,"comment_status":"closed","ping_status":"closed","template":"","meta":{"_acf_changed":false,"_seopress_robots_primary_cat":"","_seopress_titles_title":"","_seopress_titles_desc":"","_seopress_robots_index":"","_searchwp_excluded":"","site-sidebar-layout":"default","site-content-layout":"","ast-site-content-layout":"default","site-content-style":"default","site-sidebar-style":"default","ast-global-header-display":"","ast-banner-title-visibility":"","ast-main-header-display":"","ast-hfb-above-header-display":"","ast-hfb-below-header-display":"","ast-hfb-mobile-header-display":"","site-post-title":"","ast-breadcrumbs-content":"","ast-featured-img":"","footer-sml-layout":"","ast-disable-related-posts":"","theme-transparent-header-meta":"","adv-header-id-meta":"","stick-header-meta":"","header-above-stick-meta":"","header-main-stick-meta":"","header-below-stick-meta":"","astra-migrate-meta-layouts":"default","ast-page-background-enabled":"default","ast-page-background-meta":{"desktop":{"background-color":"var(--ast-global-color-4)","background-image":"","background-repeat":"repeat","background-position":"center center","background-size":"auto","background-attachment":"scroll","background-type":"","background-media":"","overlay-type":"","overlay-color":"","overlay-opacity":"","overlay-gradient":""},"tablet":{"background-color":"","background-image":"","background-repeat":"repeat","background-position":"center center","background-size":"auto","background-attachment":"scroll","background-type":"","background-media":"","overlay-type":"","overlay-color":"","overlay-opacity":"","overlay-gradient":""},"mobile":{"background-color":"","background-image":"","background-repeat":"repeat","background-position":"center center","background-size":"auto","background-attachment":"scroll","background-type":"","background-media":"","overlay-type":"","overlay-color":"","overlay-opacity":"","overlay-gradient":""}},"ast-content-background-meta":{"desktop":{"background-color":"var(--ast-global-color-5)","background-image":"","background-repeat":"repeat","background-position":"center center","background-size":"auto","background-attachment":"scroll","background-type":"","background-media":"","overlay-type":"","overlay-color":"","overlay-opacity":"","overlay-gradient":""},"tablet":{"background-color":"var(--ast-global-color-5)","background-image":"","background-repeat":"repeat","background-position":"center center","background-size":"auto","background-attachment":"scroll","background-type":"","background-media":"","overlay-type":"","overlay-color":"","overlay-opacity":"","overlay-gradient":""},"mobile":{"background-color":"var(--ast-global-color-5)","background-image":"","background-repeat":"repeat","background-position":"center center","background-size":"auto","background-attachment":"scroll","background-type":"","background-media":"","overlay-type":"","overlay-color":"","overlay-opacity":"","overlay-gradient":""}},"iawp_total_views":460,"footnotes":""},"hf_cat_page":[297],"class_list":["post-4147","page","type-page","status-publish","has-post-thumbnail"],"acf":[],"_links":{"self":[{"href":"https:\/\/www.mission-21.org\/fr\/wp-json\/wp\/v2\/pages\/4147","targetHints":{"allow":["GET"]}}],"collection":[{"href":"https:\/\/www.mission-21.org\/fr\/wp-json\/wp\/v2\/pages"}],"about":[{"href":"https:\/\/www.mission-21.org\/fr\/wp-json\/wp\/v2\/types\/page"}],"author":[{"embeddable":true,"href":"https:\/\/www.mission-21.org\/fr\/wp-json\/wp\/v2\/users\/1"}],"replies":[{"embeddable":true,"href":"https:\/\/www.mission-21.org\/fr\/wp-json\/wp\/v2\/comments?post=4147"}],"version-history":[{"count":9,"href":"https:\/\/www.mission-21.org\/fr\/wp-json\/wp\/v2\/pages\/4147\/revisions"}],"predecessor-version":[{"id":4951,"href":"https:\/\/www.mission-21.org\/fr\/wp-json\/wp\/v2\/pages\/4147\/revisions\/4951"}],"up":[{"embeddable":true,"href":"https:\/\/www.mission-21.org\/fr\/wp-json\/wp\/v2\/pages\/3046"}],"wp:featuredmedia":[{"embeddable":true,"href":"https:\/\/www.mission-21.org\/fr\/wp-json\/wp\/v2\/media\/4149"}],"wp:attachment":[{"href":"https:\/\/www.mission-21.org\/fr\/wp-json\/wp\/v2\/media?parent=4147"}],"wp:term":[{"taxonomy":"hf_cat_page","embeddable":true,"href":"https:\/\/www.mission-21.org\/fr\/wp-json\/wp\/v2\/hf_cat_page?post=4147"}],"curies":[{"name":"wp","href":"https:\/\/api.w.org\/{rel}","templated":true}]}}