{"id":4226,"date":"2022-10-17T07:59:48","date_gmt":"2022-10-17T05:59:48","guid":{"rendered":"https:\/\/www.mission-21.org\/?page_id=4226"},"modified":"2022-10-21T21:36:48","modified_gmt":"2022-10-21T19:36:48","slug":"aide-pour-le-soudan","status":"publish","type":"page","link":"https:\/\/www.mission-21.org\/fr\/mitmachen\/hilfe-fuer-den-sudsudan\/","title":{"rendered":"Aide au Sud-Soudan"},"content":{"rendered":"<img decoding=\"async\" src=\"https:\/\/www.mission-21.org\/wp-content\/uploads\/2022\/08\/csm_header_news_d521d70e38.jpeg\" alt=\"csm header news d521d70e38\" itemprop=\"image\" height=\"688\" width=\"1680\" title=\"csm_Header_News_d521d70e38\" onerror=\"this.style.display='none'\"  \/>\n\t<div class=\"fl-builder-content fl-builder-content-3660 fl-builder-template fl-builder-module-template fl-builder-global-templates-locked\" data-post-id=\"3660\"><div class=\"fl-module fl-module-pp-toc fl-node-xrvkwe8ihtn6 toc\" data-node=\"xrvkwe8ihtn6\">\n\t<div class=\"fl-module-content fl-node-content\">\n\t\t<div class=\"pp-toc-container\">\n\t\n\t<div class=\"pp-toc-body\">\n\t\t\t\t\t<ul class=\"pp-toc-list-wrapper pp-toc-list-icon\"><\/ul>\n\t\t\t\t<\/div>\n<\/div>\n\n\t<\/div>\n<\/div>\n<\/div><div class=\"uabb-js-breakpoint\" style=\"display: none;\"><\/div>\n\t\t\t<a href=\"\/fr\/faire-un-don\/\" target=\"_self\" role=\"button\" aria-label=\"Dons\" rel=\"noopener\">\n\t\t\t\t\t\t\tDons\n\t\t\t\t\t\t\t\t\t<img decoding=\"async\" src=\"https:\/\/www.mission-21.org\/wp-content\/uploads\/2022\/08\/csm_heat-icon_b1dbd40167.png\"\/>\n\t\t<\/a>\n<h2>\n\t\tL'\u00e9cole de sages-femmes de notre organisation partenaire - une petite lueur d'espoir\n\t<\/h2>\n\t\t\t\t\t<a href=\"\"><img decoding=\"async\" src=\"https:\/\/i.vimeocdn.com\/portrait\/75431195_300x300?subrect=99%2C99%2C1308%2C1308&#038;r=cover\"\/><\/a>\n\t\t\t\t\t\t\t<a href=\"\">\u00c9cole de sages-femmes_Collecte de l'Avent 2021 - HD 720p.mov<\/a>\n\t\t\t\t\t\t\tfrom  <a href=\"\">Mission 21<\/a>\n\t\t\t\t\t<img decoding=\"async\" src=\"https:\/\/i.vimeocdn.com\/video\/1316736440-f93416d890e842b28f3107923de5171fa605b8ea89ac10acfc590d4c5b4eca23-d_840\" alt=\"vimeo-video-thumbnail\"\/>\n\t<p>Au milieu de l'ann\u00e9e 2022, 60 femmes pourront d\u00e9sormais \u00e9tudier \u00e0 l'\u00e9cole de sages-femmes de la PRDA, contre 30 aujourd'hui. C'est un grand pas et une am\u00e9lioration importante. Car il apporte une petite lueur d'espoir dans un pays qui traverse une terrible crise humanitaire et qui souffre toujours des cons\u00e9quences de la guerre civile qui dure depuis des ann\u00e9es.<\/p>\n<p>La violence se poursuit m\u00eame apr\u00e8s l'accord de paix officiel de 2018. De nombreuses r\u00e9gions sont d\u00e9vast\u00e9es, les gens ont \u00e9t\u00e9 d\u00e9plac\u00e9s, la nourriture n'est plus cultiv\u00e9e. \u00c0 cela s'ajoutent des catastrophes naturelles (inondations et s\u00e9cheresse ainsi qu'une invasion de criquets). La moiti\u00e9 des 12 millions d'habitants du Sud-Soudan souffrent de la faim.<\/p>\n\t<p>Gr\u00e2ce \u00e0 votre don, le financement du <strong>D\u00e9m\u00e9nagement de l'\u00e9cole de sages-femmes<\/strong> dans la capitale Juba. \u00c0 l'avenir, 60 sages-femmes y seront form\u00e9es chaque ann\u00e9e. Elles contribueront \u00e0 ce que davantage d'enfants aient une chance de d\u00e9marrer dans la vie en bonne sant\u00e9 et que davantage de femmes survivent \u00e0 la grossesse et \u00e0 l'accouchement.<\/p>\n\t\t\t\t<img decoding=\"async\" src=\"https:\/\/www.mission-21.org\/wp-content\/uploads\/2022\/10\/csm_img_0423_a8909a552b.jpg\" alt=\"csm img 0423 a8909a552b\" itemprop=\"image\" height=\"780\" width=\"1170\" title=\"csm_IMG_0423_a8909a552b\" onerror=\"this.style.display='none'\"  \/>\n\t<p>Gr\u00e2ce \u00e0 votre soutien, nous recevons par exemple <strong>Enfants et jeunes Acc\u00e8s \u00e0 l'\u00e9ducation<\/strong>. La crise humanitaire dans le pays a rendu de nombreux enfants orphelins et a aggrav\u00e9 la pauvret\u00e9 dans le pays. Nos \u00e9glises partenaires offrent aux enfants et aux jeunes particuli\u00e8rement vuln\u00e9rables un acc\u00e8s \u00e0 l'\u00e9ducation, par exemple au centre Muhaba. Des gar\u00e7ons et des filles y sont form\u00e9s et pris en charge. Ils font l'exp\u00e9rience de l'affection dont ils \u00e9taient priv\u00e9s auparavant.<\/p>\n\t\t\t\t<img decoding=\"async\" src=\"https:\/\/www.mission-21.org\/wp-content\/uploads\/2022\/10\/csm_img_0179_5f16fa56df.jpg\" alt=\"csm img 0179 5f16fa56df\" itemprop=\"image\" height=\"780\" width=\"1170\" title=\"csm_IMG_0179_5f16fa56df\" onerror=\"this.style.display='none'\"  \/>\n\t<p>Et votre aide permet par exemple <strong>l'assistance et l'accompagnement des personnes traumatis\u00e9es par la guerre<\/strong>. De nombreuses femmes, hommes et enfants ont subi des violences pendant ou apr\u00e8s la guerre civile, car les combats se poursuivent en de nombreux endroits malgr\u00e9 l'accord de paix officiel. Dans le cadre de notre projet de promotion de la paix, nous soutenons nos partenaires dans la formation et la formation continue pour l'accompagnement psychosocial des personnes traumatis\u00e9es. Pour que ces derni\u00e8res puissent reprendre confiance et envisager l'avenir avec espoir.<\/p>\n\t\t\t\t<img decoding=\"async\" src=\"https:\/\/www.mission-21.org\/wp-content\/uploads\/2022\/10\/csm_img_0560_b1aa0cd5e3.jpg\" alt=\"csm img 0560 b1aa0cd5e3\" itemprop=\"image\" height=\"878\" width=\"1170\" title=\"csm_IMG_0560_b1aa0cd5e3\" onerror=\"this.style.display='none'\"  \/>\n\t<p><strong>Merci beaucoup pour votre aide !<\/strong><\/p>\n\t\t\t<a href=\"\/fr\/faire-un-don\/\" target=\"_self\" role=\"button\" aria-label=\"Dons\" rel=\"noopener\">\n\t\t\t\t\t\t\tDons\n\t\t\t\t\t\t\t\t\t<img decoding=\"async\" src=\"https:\/\/www.mission-21.org\/wp-content\/uploads\/2022\/08\/csm_heat-icon_b1dbd40167.png\"\/>\n\t\t<\/a>","protected":false},"excerpt":{"rendered":"<p>Spenden Die Hebammenschule unserer Partnerorganisation &#8211; ein kleiner Lichtblick Hebammenschule_Adventssammlung 2021 &#8211; HD 720p.mov from Mission 21 Mitte 2022 werden neu 60 Frauen statt wie heute 30 an der Hebammenschule der PRDA studieren k\u00f6nnen. Das ist ein grosser Schritt und eine wichtige Verbesserung. Denn er bringt ein kleines St\u00fcck Hoffnung in ein Land, das in [&hellip;]<\/p>\n","protected":false},"author":1,"featured_media":4229,"parent":212,"menu_order":0,"comment_status":"closed","ping_status":"closed","template":"","meta":{"_acf_changed":false,"_seopress_robots_primary_cat":"","_seopress_titles_title":"","_seopress_titles_desc":"","_seopress_robots_index":"","_searchwp_excluded":"","site-sidebar-layout":"default","site-content-layout":"","ast-site-content-layout":"default","site-content-style":"default","site-sidebar-style":"default","ast-global-header-display":"","ast-banner-title-visibility":"","ast-main-header-display":"","ast-hfb-above-header-display":"","ast-hfb-below-header-display":"","ast-hfb-mobile-header-display":"","site-post-title":"","ast-breadcrumbs-content":"","ast-featured-img":"","footer-sml-layout":"","ast-disable-related-posts":"","theme-transparent-header-meta":"","adv-header-id-meta":"","stick-header-meta":"","header-above-stick-meta":"","header-main-stick-meta":"","header-below-stick-meta":"","astra-migrate-meta-layouts":"default","ast-page-background-enabled":"default","ast-page-background-meta":{"desktop":{"background-color":"var(--ast-global-color-4)","background-image":"","background-repeat":"repeat","background-position":"center center","background-size":"auto","background-attachment":"scroll","background-type":"","background-media":"","overlay-type":"","overlay-color":"","overlay-opacity":"","overlay-gradient":""},"tablet":{"background-color":"","background-image":"","background-repeat":"repeat","background-position":"center center","background-size":"auto","background-attachment":"scroll","background-type":"","background-media":"","overlay-type":"","overlay-color":"","overlay-opacity":"","overlay-gradient":""},"mobile":{"background-color":"","background-image":"","background-repeat":"repeat","background-position":"center center","background-size":"auto","background-attachment":"scroll","background-type":"","background-media":"","overlay-type":"","overlay-color":"","overlay-opacity":"","overlay-gradient":""}},"ast-content-background-meta":{"desktop":{"background-color":"var(--ast-global-color-5)","background-image":"","background-repeat":"repeat","background-position":"center center","background-size":"auto","background-attachment":"scroll","background-type":"","background-media":"","overlay-type":"","overlay-color":"","overlay-opacity":"","overlay-gradient":""},"tablet":{"background-color":"var(--ast-global-color-5)","background-image":"","background-repeat":"repeat","background-position":"center center","background-size":"auto","background-attachment":"scroll","background-type":"","background-media":"","overlay-type":"","overlay-color":"","overlay-opacity":"","overlay-gradient":""},"mobile":{"background-color":"var(--ast-global-color-5)","background-image":"","background-repeat":"repeat","background-position":"center center","background-size":"auto","background-attachment":"scroll","background-type":"","background-media":"","overlay-type":"","overlay-color":"","overlay-opacity":"","overlay-gradient":""}},"iawp_total_views":36,"footnotes":""},"hf_cat_page":[297],"class_list":["post-4226","page","type-page","status-publish","has-post-thumbnail"],"acf":[],"_links":{"self":[{"href":"https:\/\/www.mission-21.org\/fr\/wp-json\/wp\/v2\/pages\/4226","targetHints":{"allow":["GET"]}}],"collection":[{"href":"https:\/\/www.mission-21.org\/fr\/wp-json\/wp\/v2\/pages"}],"about":[{"href":"https:\/\/www.mission-21.org\/fr\/wp-json\/wp\/v2\/types\/page"}],"author":[{"embeddable":true,"href":"https:\/\/www.mission-21.org\/fr\/wp-json\/wp\/v2\/users\/1"}],"replies":[{"embeddable":true,"href":"https:\/\/www.mission-21.org\/fr\/wp-json\/wp\/v2\/comments?post=4226"}],"version-history":[{"count":4,"href":"https:\/\/www.mission-21.org\/fr\/wp-json\/wp\/v2\/pages\/4226\/revisions"}],"predecessor-version":[{"id":4749,"href":"https:\/\/www.mission-21.org\/fr\/wp-json\/wp\/v2\/pages\/4226\/revisions\/4749"}],"up":[{"embeddable":true,"href":"https:\/\/www.mission-21.org\/fr\/wp-json\/wp\/v2\/pages\/212"}],"wp:featuredmedia":[{"embeddable":true,"href":"https:\/\/www.mission-21.org\/fr\/wp-json\/wp\/v2\/media\/4229"}],"wp:attachment":[{"href":"https:\/\/www.mission-21.org\/fr\/wp-json\/wp\/v2\/media?parent=4226"}],"wp:term":[{"taxonomy":"hf_cat_page","embeddable":true,"href":"https:\/\/www.mission-21.org\/fr\/wp-json\/wp\/v2\/hf_cat_page?post=4226"}],"curies":[{"name":"wp","href":"https:\/\/api.w.org\/{rel}","templated":true}]}}