{"id":448,"date":"2022-08-27T14:50:01","date_gmt":"2022-08-27T12:50:01","guid":{"rendered":"https:\/\/www.mission-21.org\/?page_id=448"},"modified":"2026-01-21T15:48:32","modified_gmt":"2026-01-21T14:48:32","slug":"pays-du-projet","status":"publish","type":"page","link":"https:\/\/www.mission-21.org\/fr\/was-wir-tun\/projektlaender\/","title":{"rendered":"Pays du projet"},"content":{"rendered":"<img decoding=\"async\" src=\"https:\/\/www.mission-21.org\/wp-content\/uploads\/2022\/08\/csm_header_news_d521d70e38.jpeg\" alt=\"csm header news d521d70e38\" itemprop=\"image\" height=\"688\" width=\"1680\" title=\"csm_Header_News_d521d70e38\" onerror=\"this.style.display='none'\" loading='lazy' \/>\n\t<div class=\"fl-builder-content fl-builder-content-3660 fl-builder-template fl-builder-module-template fl-builder-global-templates-locked\" data-post-id=\"3660\"><div class=\"fl-module fl-module-pp-toc fl-node-xrvkwe8ihtn6 toc\" data-node=\"xrvkwe8ihtn6\">\n\t<div class=\"fl-module-content fl-node-content\">\n\t\t<div class=\"pp-toc-container\">\n\t\n\t<div class=\"pp-toc-body\">\n\t\t\t\t\t<ul class=\"pp-toc-list-wrapper pp-toc-list-icon\"><\/ul>\n\t\t\t\t<\/div>\n<\/div>\n\n\t<\/div>\n<\/div>\n<\/div><div class=\"uabb-js-breakpoint\" style=\"display: none;\"><\/div>\n\t\t\t<a href=\"\/fr\/faire-un-don\/?enable_purpose=1&#038;title=Projektl%C3%A4nder\" title=\"Cliquez ici\" target=\"_self\"   role=\"button\" aria-label=\"Dons\">\n\t\t\t\t\t\t\tDons\n\t\t\t\t\t\t\t\t\t<img decoding=\"async\" src=\"https:\/\/www.mission-21.org\/wp-content\/uploads\/2022\/08\/csm_heat-icon_b1dbd40167.png\"\/>\n\t\t<\/a>\n\t\t\t<h1>Bo\u00eete d'information<\/h1>\t\t\t\n\t\t\t\t<p>Mission 21 soutient environ 60 projets en Afrique, en Asie et en Am\u00e9rique latine. Pour cela, nous travaillons avec environ 60 \u00e9glises et organisations partenaires dans le monde entier. Notre travail de formation en Suisse est \u00e9troitement li\u00e9 au travail international de projets et de programmes. Nous informons et motivons les gens \u00e0 agir durablement pour un monde plus juste.<\/p>\n<p><strong>Vous trouverez les derni\u00e8res nouvelles concernant le travail de projet et de programme dans nos <a href=\"https:\/\/www.mission-21.org\/fr\/informer\/news\/\">Actualit\u00e9s<\/a> <br \/><\/strong><\/p>\n<h2>\n\t\t\tAfrique\t<\/h2>\n\t\t<a href=\"https:\/\/www.mission-21.org\/fr\/pays\/afrique\/dr-kongo\/\" target=\"_self\">\n\t\t\t\t\t\t\t\t\t<img decoding=\"async\" src=\"https:\/\/www.mission-21.org\/wp-content\/uploads\/2022\/08\/csm_laenderseite_drkongo_def_7a18097b19-scaled-720x405.jpg\" alt=\"RD Congo\"\/>\n\t\t\t\t\t\t\t\t\t\t\t<h4>\n\t\t\t\t\t\t\tRD Congo\t\t\t\t\t\t<\/h4>\n\t\t<\/a>\n\t\t<a href=\"https:\/\/www.mission-21.org\/fr\/pays\/afrique\/ghana\/\" target=\"_self\">\n\t\t\t\t\t\t\t\t\t<img decoding=\"async\" src=\"https:\/\/www.mission-21.org\/wp-content\/uploads\/2022\/08\/csm_laenderseite_ghana_def_3c86bca27e-720x405.jpeg\" alt=\"Ghana\"\/>\n\t\t\t\t\t\t\t\t\t\t\t<h4>\n\t\t\t\t\t\t\tGhana\t\t\t\t\t\t<\/h4>\n\t\t<\/a>\n\t\t<a href=\"https:\/\/www.mission-21.org\/fr\/pays\/afrique\/cameroun\/\" target=\"_self\">\n\t\t\t\t\t\t\t\t\t<img decoding=\"async\" src=\"https:\/\/www.mission-21.org\/wp-content\/uploads\/2022\/08\/csm_laenderseite_kamerun_def_b034420327-scaled-720x405.jpg\" alt=\"Cameroun\"\/>\n\t\t\t\t\t\t\t\t\t\t\t<h4>\n\t\t\t\t\t\t\tCameroun\t\t\t\t\t\t<\/h4>\n\t\t<\/a>\n\t\t<a href=\"https:\/\/www.mission-21.org\/fr\/pays\/afrique\/nigeria\/\" target=\"_self\">\n\t\t\t\t\t\t\t\t\t<img decoding=\"async\" src=\"https:\/\/www.mission-21.org\/wp-content\/uploads\/2022\/09\/csm_laenderseite_nigeria_def_4ff7f27432-720x405.jpg\" alt=\"Nigeria\"\/>\n\t\t\t\t\t\t\t\t\t\t\t<h4>\n\t\t\t\t\t\t\tNigeria\t\t\t\t\t\t<\/h4>\n\t\t<\/a>\n\t\t<a href=\"https:\/\/www.mission-21.org\/fr\/pays\/afrique\/afrique-du-sud\/\" target=\"_self\">\n\t\t\t\t\t\t\t\t\t<img decoding=\"async\" src=\"https:\/\/www.mission-21.org\/wp-content\/uploads\/2022\/09\/csm_laenderseite_suedafrika_def_2eebb53333-scaled-720x405.jpg\" alt=\"Afrique du Sud\"\/>\n\t\t\t\t\t\t\t\t\t\t\t<h4>\n\t\t\t\t\t\t\tAfrique du Sud\t\t\t\t\t\t<\/h4>\n\t\t<\/a>\n\t\t<a href=\"https:\/\/www.mission-21.org\/fr\/pays\/afrique\/soudan-du-sud\/\" target=\"_self\">\n\t\t\t\t\t\t\t\t\t<img decoding=\"async\" src=\"https:\/\/www.mission-21.org\/wp-content\/uploads\/2022\/09\/csm_laenderseite_suedsudan_def_09dfea00ee-scaled-720x405.jpg\" alt=\"Soudan du Sud\"\/>\n\t\t\t\t\t\t\t\t\t\t\t<h4>\n\t\t\t\t\t\t\tSoudan du Sud\t\t\t\t\t\t<\/h4>\n\t\t<\/a>\n\t\t<a href=\"https:\/\/www.mission-21.org\/fr\/pays\/afrique\/tanzanie\/\" target=\"_self\">\n\t\t\t\t\t\t\t\t\t<img decoding=\"async\" src=\"https:\/\/www.mission-21.org\/wp-content\/uploads\/2022\/09\/csm_laenderseite_tansania_def_11c8f76535-scaled-720x405.jpg\" alt=\"Tanzanie\"\/>\n\t\t\t\t\t\t\t\t\t\t\t<h4>\n\t\t\t\t\t\t\tTanzanie\t\t\t\t\t\t<\/h4>\n\t\t<\/a>\n<h2>\n\t\t\tAsie\t<\/h2>\n\t\t<a href=\"https:\/\/www.mission-21.org\/fr\/pays\/asie\/hong-kong\/\" target=\"_self\">\n\t\t\t\t\t\t\t\t\t<img decoding=\"async\" src=\"https:\/\/www.mission-21.org\/wp-content\/uploads\/2022\/09\/csm_laender_hongkong_7b01eb3513-scaled-720x405.jpg\" alt=\"Hong Kong\"\/>\n\t\t\t\t\t\t\t\t\t\t\t<h4>\n\t\t\t\t\t\t\tHong Kong\t\t\t\t\t\t<\/h4>\n\t\t<\/a>\n\t\t<a href=\"https:\/\/www.mission-21.org\/fr\/pays\/asie\/inde\/\" target=\"_self\">\n\t\t\t\t\t\t\t\t\t<img decoding=\"async\" src=\"https:\/\/www.mission-21.org\/wp-content\/uploads\/2022\/09\/csm_laender_indien_9d5c7f4d2d-720x405.jpg\" alt=\"Inde\"\/>\n\t\t\t\t\t\t\t\t\t\t\t<h4>\n\t\t\t\t\t\t\tInde\t\t\t\t\t\t<\/h4>\n\t\t<\/a>\n\t\t<a href=\"https:\/\/www.mission-21.org\/fr\/pays\/asie\/indonesie\/\" target=\"_self\">\n\t\t\t\t\t\t\t\t\t<img decoding=\"async\" src=\"https:\/\/www.mission-21.org\/wp-content\/uploads\/2022\/09\/csm_laender_indonesien_dd3001d385-scaled-720x405.jpg\" alt=\"Indon\u00e9sie\"\/>\n\t\t\t\t\t\t\t\t\t\t\t<h4>\n\t\t\t\t\t\t\tIndon\u00e9sie\t\t\t\t\t\t<\/h4>\n\t\t<\/a>\n\t\t<a href=\"https:\/\/www.mission-21.org\/fr\/pays\/asie\/malaysia\/\" target=\"_self\">\n\t\t\t\t\t\t\t\t\t<img decoding=\"async\" src=\"https:\/\/www.mission-21.org\/wp-content\/uploads\/2022\/09\/csm_header_malaysia_c3b2fffd5e-scaled-720x405.jpg\" alt=\"Malaisie\"\/>\n\t\t\t\t\t\t\t\t\t\t\t<h4>\n\t\t\t\t\t\t\tMalaisie\t\t\t\t\t\t<\/h4>\n\t\t<\/a>\n\t\t<a href=\"https:\/\/www.mission-21.org\/fr\/pays\/asie\/palaestina\/\" target=\"_self\">\n\t\t\t\t\t\t\t\t\t<img decoding=\"async\" src=\"https:\/\/www.mission-21.org\/wp-content\/uploads\/2022\/09\/csm_laender_palaestina_5aae300fb5-scaled-720x405.jpg\" alt=\"Palestine\"\/>\n\t\t\t\t\t\t\t\t\t\t\t<h4>\n\t\t\t\t\t\t\tPalestine\t\t\t\t\t\t<\/h4>\n\t\t<\/a>\n<h2>\n\t\t\tAm\u00e9rique latine\t<\/h2>\n\t\t<a href=\"https:\/\/www.mission-21.org\/fr\/pays\/amerique-latine\/bolivie\/\" target=\"_self\">\n\t\t\t\t\t\t\t\t\t<img decoding=\"async\" src=\"https:\/\/www.mission-21.org\/wp-content\/uploads\/2022\/09\/csm_420.1013_projektstart_in_combaya__91__046b8e2cf9-scaled-720x405.jpg\" alt=\"Bolivie\"\/>\n\t\t\t\t\t\t\t\t\t\t\t<h4>\n\t\t\t\t\t\t\tBolivie\t\t\t\t\t\t<\/h4>\n\t\t<\/a>\n\t\t<a href=\"https:\/\/www.mission-21.org\/fr\/pays\/amerique-latine\/costa-rica\/\" target=\"_self\">\n\t\t\t\t\t\t\t\t\t<img decoding=\"async\" src=\"https:\/\/www.mission-21.org\/wp-content\/uploads\/2022\/09\/csm_laender_costa_rica_1ee191e2d8-scaled-720x405.jpg\" alt=\"Costa Rica\"\/>\n\t\t\t\t\t\t\t\t\t\t\t<h4>\n\t\t\t\t\t\t\tCosta Rica\t\t\t\t\t\t<\/h4>\n\t\t<\/a>\n\t\t<a href=\"https:\/\/www.mission-21.org\/fr\/pays\/amerique-latine\/perou\/\" target=\"_self\">\n\t\t\t\t\t\t\t\t\t<img decoding=\"async\" src=\"https:\/\/www.mission-21.org\/wp-content\/uploads\/2022\/09\/csm_m21_peru_bruno_biermann-19_9da5ae87b1-720x405.jpg\" alt=\"P\u00e9rou\"\/>\n\t\t\t\t\t\t\t\t\t\t\t<h4>\n\t\t\t\t\t\t\tP\u00e9rou\t\t\t\t\t\t<\/h4>\n\t\t<\/a>\n<h2>\n\t\t\tEurope\t<\/h2>\n\t\t<a href=\"https:\/\/www.mission-21.org\/fr\/pays\/europe\/suisse\/\" target=\"_self\">\n\t\t\t\t\t\t\t\t\t<img decoding=\"async\" src=\"https:\/\/www.mission-21.org\/wp-content\/uploads\/2022\/09\/csm_bildungsangebot_schweiz_mission_21_dfab323d2b-720x405.jpg\" alt=\"Suisse\"\/>\n\t\t\t\t\t\t\t\t\t\t\t<h4>\n\t\t\t\t\t\t\tSuisse\t\t\t\t\t\t<\/h4>\n\t\t<\/a>","protected":false},"excerpt":{"rendered":"<p>Spenden Info Box Mission 21 unterst\u00fctzt rund 60 Projekte in Afrika, Asien und Lateinamerika. Daf\u00fcr arbeiten wir weltweit mit rund 60 Partnerkirchen und Partnerorganisationen zusammen. Eng verkn\u00fcpft mit der internationalen Projekt- und Programmarbeit ist unsere Bildungsarbeit in der Schweiz. Wir informieren und motivieren Menschen, nachhaltig f\u00fcr eine gerechtere Welt t\u00e4tig zu sein. Aktuelle Meldungen zur [&hellip;]<\/p>\n","protected":false},"author":1,"featured_media":449,"parent":205,"menu_order":0,"comment_status":"closed","ping_status":"closed","template":"","meta":{"_acf_changed":false,"_seopress_robots_primary_cat":"","_seopress_titles_title":"","_seopress_titles_desc":"","_seopress_robots_index":"","_searchwp_excluded":"","site-sidebar-layout":"default","site-content-layout":"","ast-site-content-layout":"default","site-content-style":"default","site-sidebar-style":"default","ast-global-header-display":"","ast-banner-title-visibility":"","ast-main-header-display":"","ast-hfb-above-header-display":"","ast-hfb-below-header-display":"","ast-hfb-mobile-header-display":"","site-post-title":"","ast-breadcrumbs-content":"","ast-featured-img":"","footer-sml-layout":"","ast-disable-related-posts":"","theme-transparent-header-meta":"","adv-header-id-meta":"","stick-header-meta":"","header-above-stick-meta":"","header-main-stick-meta":"","header-below-stick-meta":"","astra-migrate-meta-layouts":"set","ast-page-background-enabled":"default","ast-page-background-meta":{"desktop":{"background-color":"var(--ast-global-color-4)","background-image":"","background-repeat":"repeat","background-position":"center center","background-size":"auto","background-attachment":"scroll","background-type":"","background-media":"","overlay-type":"","overlay-color":"","overlay-opacity":"","overlay-gradient":""},"tablet":{"background-color":"","background-image":"","background-repeat":"repeat","background-position":"center center","background-size":"auto","background-attachment":"scroll","background-type":"","background-media":"","overlay-type":"","overlay-color":"","overlay-opacity":"","overlay-gradient":""},"mobile":{"background-color":"","background-image":"","background-repeat":"repeat","background-position":"center center","background-size":"auto","background-attachment":"scroll","background-type":"","background-media":"","overlay-type":"","overlay-color":"","overlay-opacity":"","overlay-gradient":""}},"ast-content-background-meta":{"desktop":{"background-color":"var(--ast-global-color-5)","background-image":"","background-repeat":"repeat","background-position":"center center","background-size":"auto","background-attachment":"scroll","background-type":"","background-media":"","overlay-type":"","overlay-color":"","overlay-opacity":"","overlay-gradient":""},"tablet":{"background-color":"var(--ast-global-color-5)","background-image":"","background-repeat":"repeat","background-position":"center center","background-size":"auto","background-attachment":"scroll","background-type":"","background-media":"","overlay-type":"","overlay-color":"","overlay-opacity":"","overlay-gradient":""},"mobile":{"background-color":"var(--ast-global-color-5)","background-image":"","background-repeat":"repeat","background-position":"center center","background-size":"auto","background-attachment":"scroll","background-type":"","background-media":"","overlay-type":"","overlay-color":"","overlay-opacity":"","overlay-gradient":""}},"iawp_total_views":7334,"footnotes":""},"hf_cat_page":[300],"class_list":["post-448","page","type-page","status-publish","has-post-thumbnail"],"acf":[],"_links":{"self":[{"href":"https:\/\/www.mission-21.org\/fr\/wp-json\/wp\/v2\/pages\/448","targetHints":{"allow":["GET"]}}],"collection":[{"href":"https:\/\/www.mission-21.org\/fr\/wp-json\/wp\/v2\/pages"}],"about":[{"href":"https:\/\/www.mission-21.org\/fr\/wp-json\/wp\/v2\/types\/page"}],"author":[{"embeddable":true,"href":"https:\/\/www.mission-21.org\/fr\/wp-json\/wp\/v2\/users\/1"}],"replies":[{"embeddable":true,"href":"https:\/\/www.mission-21.org\/fr\/wp-json\/wp\/v2\/comments?post=448"}],"version-history":[{"count":11,"href":"https:\/\/www.mission-21.org\/fr\/wp-json\/wp\/v2\/pages\/448\/revisions"}],"predecessor-version":[{"id":19632,"href":"https:\/\/www.mission-21.org\/fr\/wp-json\/wp\/v2\/pages\/448\/revisions\/19632"}],"up":[{"embeddable":true,"href":"https:\/\/www.mission-21.org\/fr\/wp-json\/wp\/v2\/pages\/205"}],"wp:featuredmedia":[{"embeddable":true,"href":"https:\/\/www.mission-21.org\/fr\/wp-json\/wp\/v2\/media\/449"}],"wp:attachment":[{"href":"https:\/\/www.mission-21.org\/fr\/wp-json\/wp\/v2\/media?parent=448"}],"wp:term":[{"taxonomy":"hf_cat_page","embeddable":true,"href":"https:\/\/www.mission-21.org\/fr\/wp-json\/wp\/v2\/hf_cat_page?post=448"}],"curies":[{"name":"wp","href":"https:\/\/api.w.org\/{rel}","templated":true}]}}