{"id":4683,"date":"2022-10-20T16:21:32","date_gmt":"2022-10-20T14:21:32","guid":{"rendered":"https:\/\/www.mission-21.org\/?page_id=4683"},"modified":"2025-09-10T16:26:16","modified_gmt":"2025-09-10T14:26:16","slug":"dons-amerique-latine","status":"publish","type":"page","link":"https:\/\/www.mission-21.org\/fr\/spenden-lateinamerika\/","title":{"rendered":"Dons pour l'Am\u00e9rique latine"},"content":{"rendered":"<img decoding=\"async\" src=\"https:\/\/www.mission-21.org\/wp-content\/uploads\/2022\/08\/csm_header_news_d521d70e38.jpeg\" alt=\"csm header news d521d70e38\" itemprop=\"image\" height=\"688\" width=\"1680\" title=\"csm_Header_News_d521d70e38\" onerror=\"this.style.display='none'\"  \/>\n\t\t\t<h1>Bo\u00eete d'information<\/h1>\t\t\t\n\t\t\t\tMerci d'accorder votre confiance \u00e0 Mission 21. Gr\u00e2ce \u00e0 votre soutien, des personnes peuvent vivre dans la dignit\u00e9 !\n\t\t\t<h3>Faites un don par bulletin de versement<\/h3>\t\t\t\n<p><a href=\"https:\/\/www.mission-21.org\/fileadmin\/user_upload\/Spenden_mit_EZS.pdf\">\u25ba T\u00e9l\u00e9chargez ici un bulletin de versement (PDF)<\/a><\/p>\n<p>ou scannez ce code QR avec votre application d'e-banking.<\/p>\n\t\t\t\t<img decoding=\"async\" src=\"https:\/\/www.mission-21.org\/wp-content\/uploads\/2022\/10\/qr-rechnung.jpg\" alt=\"qr facture\" itemprop=\"image\" height=\"500\" width=\"500\" title=\"Facture QR\" onerror=\"this.style.display='none'\"  \/>\n\t\t\t\t<img decoding=\"async\" src=\"https:\/\/www.mission-21.org\/wp-content\/uploads\/2022\/09\/csm_missionshaus_basel_profilbild_f6a735181e-1200x674.jpg\" alt=\"csm missionhaus basel photo de profil f6a735181e\" title=\"csm_Missionshaus_Basel_photo_de_profil_f6a735181e\" itemprop=\"image\"\/>\n\t\t<h3>Contact<\/h3>\t\t\t\n<p>Mission 21<br \/>Missionsstrasse 21<br \/>4055 B\u00e2le<br \/><a href=\"https:\/\/goo.gl\/maps\/ezkExEpULqu\" target=\"_blank\" rel=\"noopener\">\u25ba Afficher la carte<\/a><\/p>\n<p>T\u00e9l : +41 (0)61 260 21 20<br \/><a>\u25ba Courrier \u00e9lectronique<\/a><\/p>","protected":false},"excerpt":{"rendered":"<p>Info Box Danke, dass Sie Mission 21 Ihr Vertrauen schenken. Mit Ihrer Unterst\u00fctzung kann Menschen ein Leben in W\u00fcrde erm\u00f6glicht werden! Spenden Sie per Einzahlungsschein \u25ba Laden Sie hier einen Einzahlungsschein herunter (PDF) oder scannen Sie diesen QR-Code mit Ihrer E-Banking App. Kontakt Mission 21Missionsstrasse 214055 Basel\u25ba Karte anzeigen Tel: +41 (0)61 260 21 20\u25ba [&hellip;]<\/p>\n","protected":false},"author":6,"featured_media":4684,"parent":0,"menu_order":0,"comment_status":"closed","ping_status":"closed","template":"","meta":{"_acf_changed":false,"_seopress_robots_primary_cat":"","_seopress_titles_title":"","_seopress_titles_desc":"","_seopress_robots_index":"","_searchwp_excluded":"","site-sidebar-layout":"default","site-content-layout":"","ast-site-content-layout":"default","site-content-style":"default","site-sidebar-style":"default","ast-global-header-display":"","ast-banner-title-visibility":"","ast-main-header-display":"","ast-hfb-above-header-display":"","ast-hfb-below-header-display":"","ast-hfb-mobile-header-display":"","site-post-title":"","ast-breadcrumbs-content":"","ast-featured-img":"","footer-sml-layout":"","ast-disable-related-posts":"","theme-transparent-header-meta":"","adv-header-id-meta":"","stick-header-meta":"","header-above-stick-meta":"","header-main-stick-meta":"","header-below-stick-meta":"","astra-migrate-meta-layouts":"set","ast-page-background-enabled":"default","ast-page-background-meta":{"desktop":{"background-color":"var(--ast-global-color-4)","background-image":"","background-repeat":"repeat","background-position":"center center","background-size":"auto","background-attachment":"scroll","background-type":"","background-media":"","overlay-type":"","overlay-color":"","overlay-opacity":"","overlay-gradient":""},"tablet":{"background-color":"","background-image":"","background-repeat":"repeat","background-position":"center center","background-size":"auto","background-attachment":"scroll","background-type":"","background-media":"","overlay-type":"","overlay-color":"","overlay-opacity":"","overlay-gradient":""},"mobile":{"background-color":"","background-image":"","background-repeat":"repeat","background-position":"center center","background-size":"auto","background-attachment":"scroll","background-type":"","background-media":"","overlay-type":"","overlay-color":"","overlay-opacity":"","overlay-gradient":""}},"ast-content-background-meta":{"desktop":{"background-color":"var(--ast-global-color-5)","background-image":"","background-repeat":"repeat","background-position":"center center","background-size":"auto","background-attachment":"scroll","background-type":"","background-media":"","overlay-type":"","overlay-color":"","overlay-opacity":"","overlay-gradient":""},"tablet":{"background-color":"var(--ast-global-color-5)","background-image":"","background-repeat":"repeat","background-position":"center center","background-size":"auto","background-attachment":"scroll","background-type":"","background-media":"","overlay-type":"","overlay-color":"","overlay-opacity":"","overlay-gradient":""},"mobile":{"background-color":"var(--ast-global-color-5)","background-image":"","background-repeat":"repeat","background-position":"center center","background-size":"auto","background-attachment":"scroll","background-type":"","background-media":"","overlay-type":"","overlay-color":"","overlay-opacity":"","overlay-gradient":""}},"iawp_total_views":947,"footnotes":""},"hf_cat_page":[303],"class_list":["post-4683","page","type-page","status-publish","has-post-thumbnail"],"acf":[],"_links":{"self":[{"href":"https:\/\/www.mission-21.org\/fr\/wp-json\/wp\/v2\/pages\/4683","targetHints":{"allow":["GET"]}}],"collection":[{"href":"https:\/\/www.mission-21.org\/fr\/wp-json\/wp\/v2\/pages"}],"about":[{"href":"https:\/\/www.mission-21.org\/fr\/wp-json\/wp\/v2\/types\/page"}],"author":[{"embeddable":true,"href":"https:\/\/www.mission-21.org\/fr\/wp-json\/wp\/v2\/users\/6"}],"replies":[{"embeddable":true,"href":"https:\/\/www.mission-21.org\/fr\/wp-json\/wp\/v2\/comments?post=4683"}],"version-history":[{"count":7,"href":"https:\/\/www.mission-21.org\/fr\/wp-json\/wp\/v2\/pages\/4683\/revisions"}],"predecessor-version":[{"id":18268,"href":"https:\/\/www.mission-21.org\/fr\/wp-json\/wp\/v2\/pages\/4683\/revisions\/18268"}],"wp:featuredmedia":[{"embeddable":true,"href":"https:\/\/www.mission-21.org\/fr\/wp-json\/wp\/v2\/media\/4684"}],"wp:attachment":[{"href":"https:\/\/www.mission-21.org\/fr\/wp-json\/wp\/v2\/media?parent=4683"}],"wp:term":[{"taxonomy":"hf_cat_page","embeddable":true,"href":"https:\/\/www.mission-21.org\/fr\/wp-json\/wp\/v2\/hf_cat_page?post=4683"}],"curies":[{"name":"wp","href":"https:\/\/api.w.org\/{rel}","templated":true}]}}