{"id":5917,"date":"2022-11-30T16:19:04","date_gmt":"2022-11-30T15:19:04","guid":{"rendered":"https:\/\/www.mission-21.org\/?page_id=5917"},"modified":"2022-11-30T16:35:46","modified_gmt":"2022-11-30T15:35:46","slug":"campagne-2029","status":"publish","type":"page","link":"https:\/\/www.mission-21.org\/fr\/mitmachen\/parallax-error\/","title":{"rendered":"Erreur de parallaxe"},"content":{"rendered":"<div class=\"fl-builder-content fl-builder-content-3660 fl-builder-template fl-builder-module-template fl-builder-global-templates-locked\" data-post-id=\"3660\"><div class=\"fl-module fl-module-pp-toc fl-node-xrvkwe8ihtn6 toc\" data-node=\"xrvkwe8ihtn6\">\n\t<div class=\"fl-module-content fl-node-content\">\n\t\t<div class=\"pp-toc-container\">\n\t\n\t<div class=\"pp-toc-body\">\n\t\t\t\t\t<ul class=\"pp-toc-list-wrapper pp-toc-list-icon\"><\/ul>\n\t\t\t\t<\/div>\n<\/div>\n\n\t<\/div>\n<\/div>\n<\/div><div class=\"uabb-js-breakpoint\" style=\"display: none;\"><\/div>\n\t\t\t<a href=\"\/fr\/faire-un-don\/\" target=\"_self\" role=\"button\" aria-label=\"Dons\" rel=\"noopener\">\n\t\t\t\t\t\t\tDons\n\t\t\t\t\t\t\t\t\t<img decoding=\"async\" src=\"https:\/\/www.mission-21.org\/wp-content\/uploads\/2022\/08\/csm_heat-icon_b1dbd40167.png\"\/>\n\t\t<\/a>\n\t\t\t<h1>L'\u00e9ducation d\u00e9termine ce que nous r\u00e9colterons \u00e0 l'avenir<\/h1>\t\t\t\n\t\t\t\t<p><strong>Avec notre campagne 2023, nous mettons en lumi\u00e8re l'importance de l'\u00e9ducation pour un d\u00e9veloppement \u00e9cologiquement durable au Nigeria. La campagne 2023 se d\u00e9roule du 10 septembre au dimanche des missions.<\/strong><\/p>\n\t\t\t\t\t<a href=\"#\" id=\"fl-accordion--label-0\" tabindex=\"0\" aria-controls=\"fl-accordion--panel-0\">La situation au Nigeria est pr\u00e9caire<\/a>\n\t\t\t\t\t<p>La situation de l'approvisionnement dans le nord-est du Nigeria est pr\u00e9caire. Les changements climatiques et les effets d'une exploitation non durable des ressources naturelles pendant de nombreuses ann\u00e9es menacent l'existence de nombreuses personnes.<\/p>\n<p>Le Nigeria est certes riche en ressources naturelles. Cependant, celles-ci sont souvent utilis\u00e9es de mani\u00e8re non durable et sont r\u00e9parties de mani\u00e8re in\u00e9gale. La r\u00e9gion subit \u00e9galement les cons\u00e9quences du r\u00e9chauffement climatique, telles que des saisons s\u00e8ches plus longues et des pluies plus abondantes. La surexploitation des ressources naturelles est un autre probl\u00e8me. Les sols, par exemple, sont \u00e9puis\u00e9s par l'utilisation excessive d'engrais chimiques et de produits phytosanitaires. La recherche de bois de chauffage entra\u00eene une d\u00e9forestation \u00e0 grande \u00e9chelle et la pollution de l'environnement par les d\u00e9chets et le plastique augmente. Les cons\u00e9quences sont, entre autres, une \u00e9rosion accrue des sols, une baisse de la fertilit\u00e9 des sols et une contamination des nappes phr\u00e9atiques, ce qui met en p\u00e9ril l'approvisionnement d'une grande partie de la population.<\/p>\n\t<h2>L'\u00e9ducation au Nigeria et en Suisse pour un changement durable<\/h2>\n<p>En collaboration avec nos partenaires, nous nous attaquons \u00e0 cette probl\u00e9matique. Par notre travail d'\u00e9ducation sur place, nous encourageons l'utilisation durable des ressources naturelles et la protection de l'environnement. Gr\u00e2ce \u00e0 l'\u00e9ducation, nous contribuons \u00e0 ce que les petits paysans et leurs familles dans les zones rurales du nord-est du Nigeria aient une chance d'assurer leur existence \u00e0 long terme. Ils apprennent \u00e0 pratiquer une agriculture agro-\u00e9cologique, \u00e0 utiliser les ressources naturelles de mani\u00e8re durable et \u00e0 prot\u00e9ger l'environnement.<\/p>\n<p>Chez nous aussi, en Suisse, nous sensibilisons \u00e0 un mode de vie respectueux des ressources et de l'environnement par le biais de nos offres de formation. Nous informons sur ce que nous pouvons apprendre et comment nous pouvons le faire pour un avenir durable. Nous pouvons ainsi apporter notre contribution pour que tous les \u00eatres humains puissent vivre dans la dignit\u00e9. Nous vous informerons de nos offres et id\u00e9es d'action correspondantes au printemps 2023.restez inform\u00e9 et abonnez-vous \u00e0 notre newsletter de campagne.<\/p>\n<h2>\n\t\tSe tenir au courant\n\t<\/h2>","protected":false},"excerpt":{"rendered":"<p>Spenden Bildung entscheidet, was wir in Zukunft ernten Mit unserer Kampagne 2023 beleuchten wir die Bedeutung von Bildung f\u00fcr eine \u00f6kologisch nachhaltige Entwicklung in Nigeria. Die Kampagne 2023 dauert vom 10. September bis zum Missionssonntag. Die Lage in Nigeria ist prek\u00e4r Die Versorgungslage im Nordosten Nigerias ist prek\u00e4r. Durch klimatische Ver\u00e4nderungen und die Auswirkungen einer [&hellip;]<\/p>\n","protected":false},"author":6,"featured_media":5914,"parent":212,"menu_order":0,"comment_status":"closed","ping_status":"closed","template":"","meta":{"_acf_changed":false,"_seopress_robots_primary_cat":"","_seopress_titles_title":"","_seopress_titles_desc":"","_seopress_robots_index":"","_searchwp_excluded":"1","site-sidebar-layout":"default","site-content-layout":"","ast-site-content-layout":"default","site-content-style":"default","site-sidebar-style":"default","ast-global-header-display":"","ast-banner-title-visibility":"","ast-main-header-display":"","ast-hfb-above-header-display":"","ast-hfb-below-header-display":"","ast-hfb-mobile-header-display":"","site-post-title":"","ast-breadcrumbs-content":"","ast-featured-img":"","footer-sml-layout":"","ast-disable-related-posts":"","theme-transparent-header-meta":"","adv-header-id-meta":"","stick-header-meta":"","header-above-stick-meta":"","header-main-stick-meta":"","header-below-stick-meta":"","astra-migrate-meta-layouts":"default","ast-page-background-enabled":"default","ast-page-background-meta":{"desktop":{"background-color":"var(--ast-global-color-4)","background-image":"","background-repeat":"repeat","background-position":"center center","background-size":"auto","background-attachment":"scroll","background-type":"","background-media":"","overlay-type":"","overlay-color":"","overlay-opacity":"","overlay-gradient":""},"tablet":{"background-color":"","background-image":"","background-repeat":"repeat","background-position":"center center","background-size":"auto","background-attachment":"scroll","background-type":"","background-media":"","overlay-type":"","overlay-color":"","overlay-opacity":"","overlay-gradient":""},"mobile":{"background-color":"","background-image":"","background-repeat":"repeat","background-position":"center center","background-size":"auto","background-attachment":"scroll","background-type":"","background-media":"","overlay-type":"","overlay-color":"","overlay-opacity":"","overlay-gradient":""}},"ast-content-background-meta":{"desktop":{"background-color":"var(--ast-global-color-5)","background-image":"","background-repeat":"repeat","background-position":"center center","background-size":"auto","background-attachment":"scroll","background-type":"","background-media":"","overlay-type":"","overlay-color":"","overlay-opacity":"","overlay-gradient":""},"tablet":{"background-color":"var(--ast-global-color-5)","background-image":"","background-repeat":"repeat","background-position":"center center","background-size":"auto","background-attachment":"scroll","background-type":"","background-media":"","overlay-type":"","overlay-color":"","overlay-opacity":"","overlay-gradient":""},"mobile":{"background-color":"var(--ast-global-color-5)","background-image":"","background-repeat":"repeat","background-position":"center center","background-size":"auto","background-attachment":"scroll","background-type":"","background-media":"","overlay-type":"","overlay-color":"","overlay-opacity":"","overlay-gradient":""}},"iawp_total_views":9,"footnotes":""},"hf_cat_page":[299,297,366],"class_list":["post-5917","page","type-page","status-publish","has-post-thumbnail"],"acf":[],"_links":{"self":[{"href":"https:\/\/www.mission-21.org\/fr\/wp-json\/wp\/v2\/pages\/5917","targetHints":{"allow":["GET"]}}],"collection":[{"href":"https:\/\/www.mission-21.org\/fr\/wp-json\/wp\/v2\/pages"}],"about":[{"href":"https:\/\/www.mission-21.org\/fr\/wp-json\/wp\/v2\/types\/page"}],"author":[{"embeddable":true,"href":"https:\/\/www.mission-21.org\/fr\/wp-json\/wp\/v2\/users\/6"}],"replies":[{"embeddable":true,"href":"https:\/\/www.mission-21.org\/fr\/wp-json\/wp\/v2\/comments?post=5917"}],"version-history":[{"count":10,"href":"https:\/\/www.mission-21.org\/fr\/wp-json\/wp\/v2\/pages\/5917\/revisions"}],"predecessor-version":[{"id":5929,"href":"https:\/\/www.mission-21.org\/fr\/wp-json\/wp\/v2\/pages\/5917\/revisions\/5929"}],"up":[{"embeddable":true,"href":"https:\/\/www.mission-21.org\/fr\/wp-json\/wp\/v2\/pages\/212"}],"wp:featuredmedia":[{"embeddable":true,"href":"https:\/\/www.mission-21.org\/fr\/wp-json\/wp\/v2\/media\/5914"}],"wp:attachment":[{"href":"https:\/\/www.mission-21.org\/fr\/wp-json\/wp\/v2\/media?parent=5917"}],"wp:term":[{"taxonomy":"hf_cat_page","embeddable":true,"href":"https:\/\/www.mission-21.org\/fr\/wp-json\/wp\/v2\/hf_cat_page?post=5917"}],"curies":[{"name":"wp","href":"https:\/\/api.w.org\/{rel}","templated":true}]}}