{"id":5954,"date":"2022-12-01T10:26:25","date_gmt":"2022-12-01T09:26:25","guid":{"rendered":"https:\/\/www.mission-21.org\/?page_id=5954"},"modified":"2025-02-07T13:47:33","modified_gmt":"2025-02-07T12:47:33","slug":"inscription-newsletter","status":"publish","type":"page","link":"https:\/\/www.mission-21.org\/fr\/anmeldung-newsletter\/","title":{"rendered":"Inscription \u00e0 la newsletter"},"content":{"rendered":"<img decoding=\"async\" src=\"https:\/\/www.mission-21.org\/wp-content\/uploads\/2022\/08\/csm_header_news_d521d70e38.jpeg\" alt=\"csm header news d521d70e38\" itemprop=\"image\" height=\"688\" width=\"1680\" title=\"csm_Header_News_d521d70e38\" onerror=\"this.style.display='none'\">\n\t\t\t<h1>Nous vous remercions de votre inscription \u00e0 la newsletter<\/h1>\t\t\t\n\t\t\t\t<p>Vous recevrez d\u00e9sormais des informations passionnantes de notre part. D'ici l\u00e0, vous serez peut-\u00eatre int\u00e9ress\u00e9 par nos derni\u00e8res actualit\u00e9s ou nos prochains \u00e9v\u00e9nements.<\/p>\n<h2>\n\t\tActualit\u00e9s\n\t<\/h2>\n\t\t<a href=\"https:\/\/www.mission-21.org\/fr\/pour-la-justice-climatique-dans-le-monde-et-en-suisse\/\" target=\"_self\" rel=\"noopener\"><\/a>\t\t\n\t\t\t\t\t\t\t\t\t\t\t\t\t\t<a href=\"https:\/\/www.mission-21.org\/fr\/pour-la-justice-climatique-dans-le-monde-et-en-suisse\/\" target=\"_self\" title=\"Pour la justice climatique dans le monde et en Suisse\" rel=\"noopener\">\n\t\t\t\t<img decoding=\"async\" src=\"https:\/\/www.mission-21.org\/wp-content\/uploads\/2023\/02\/christ_innenfuerklimaschutz_bild-3-4-900x675.jpg\" alt=\"Paysage avec une \u00e9glise en arri\u00e8re-plan, accompagn\u00e9 du texte &quot;Des chr\u00e9tiennes pour la protection du climat&quot;.\">\n\t\t\t\t<\/a>\n\t\t\t\t\t\t<h5>\n\t\t\t\t<a href=\"https:\/\/www.mission-21.org\/fr\/pour-la-justice-climatique-dans-le-monde-et-en-suisse\/\" title=\"Pour la justice climatique dans le monde et en Suisse\" tabindex=\"0\">Pour la justice climatique dans le monde et en Suisse<\/a>\t\t\t<\/h5>\n\t\t<a href=\"https:\/\/www.mission-21.org\/fr\/merci-et-remerciements-a-la-commission-dexperts-femmes-et-genre\/\" target=\"_self\" rel=\"noopener\"><\/a>\t\t\n\t\t\t\t\t\t\t\t\t\t\t\t\t\t<a href=\"https:\/\/www.mission-21.org\/fr\/merci-et-remerciements-a-la-commission-dexperts-femmes-et-genre\/\" target=\"_self\" title=\"Remerciements et hommage \u00e0 la commission Femmes et genre\" rel=\"noopener\">\n\t\t\t\t<img decoding=\"async\" src=\"https:\/\/www.mission-21.org\/wp-content\/uploads\/2023\/02\/aktuelle-fachkommission-f-und-g_20230207.jpg\" alt=\"Membres actuels de la commission sp\u00e9cialis\u00e9e Femmes et genre de Mission 21.\">\n\t\t\t\t<\/a>\n\t\t\t\t\t\t<h5>\n\t\t\t\t<a href=\"https:\/\/www.mission-21.org\/fr\/merci-et-remerciements-a-la-commission-dexperts-femmes-et-genre\/\" title=\"Remerciements et hommage \u00e0 la commission Femmes et genre\" tabindex=\"0\"><strong>Remerciements et hommage \u00e0 la commission Femmes et genre<\/strong><\/a>\t\t\t<\/h5>\n\t\t<a href=\"https:\/\/www.mission-21.org\/fr\/nouveau-regard-sur-les-personnes\/\" target=\"_self\" rel=\"noopener\"><\/a>\t\t\n\t\t\t\t\t\t\t\t\t\t\t\t\t\t<a href=\"https:\/\/www.mission-21.org\/fr\/nouveau-regard-sur-les-personnes\/\" target=\"_self\" title=\"Un nouveau regard sur les masculinit\u00e9s\" rel=\"noopener\">\n\t\t\t\t<img decoding=\"async\" src=\"https:\/\/www.mission-21.org\/wp-content\/uploads\/2023\/02\/2017_nigeria_1643_hr-scaled-e1675938426337-900x674.jpg\" alt=\"Image symbolique du Nigeria. Photo Jonathan Liechti.\">\n\t\t\t\t<\/a>\n\t\t\t\t\t\t<h5>\n\t\t\t\t<a href=\"https:\/\/www.mission-21.org\/fr\/nouveau-regard-sur-les-personnes\/\" title=\"Un nouveau regard sur les masculinit\u00e9s\" tabindex=\"0\">Un nouveau regard sur les masculinit\u00e9s<\/a>\t\t\t<\/h5>\n<h2>\n\t\t\u00c9v\u00e9nements\n\t<\/h2>\n\t\t<a href=\"https:\/\/www.mission-21.org\/fr\/evenement\/leglise-et-le-colonialisme-regards-sur-lhistoire\/\" target=\"_self\" rel=\"noopener\"><\/a>\t\t\n\t\t\t\t\t\t\t\t\t\t\t\t\t\t<a href=\"https:\/\/www.mission-21.org\/fr\/evenement\/leglise-et-le-colonialisme-regards-sur-lhistoire\/\" target=\"_self\" title=\"\u00c9glise et colonialisme : regards sur l&#039;histoire\" rel=\"noopener\">\n\t\t\t\t<img decoding=\"async\" src=\"https:\/\/www.mission-21.org\/wp-content\/uploads\/2023\/01\/screenshot-2023-01-18-174503-900x567.jpg\" alt=\"capture d&#039;\u00e9cran 2023 01 18 174503\">\n\t\t\t\t<\/a>\n\t\t\t\t\t\t<h5>\n\t\t\t\t<a href=\"https:\/\/www.mission-21.org\/fr\/evenement\/leglise-et-le-colonialisme-regards-sur-lhistoire\/\" title=\"\u00c9glise et colonialisme : regards sur l&#039;histoire\" tabindex=\"0\">\u00c9glise et colonialisme : regards sur l'histoire<\/a>\t\t\t<\/h5>\n\t\t<a href=\"https:\/\/www.mission-21.org\/fr\/evenement\/jour-ouvrable-supraregional\/\" target=\"_self\" rel=\"noopener\"><\/a>\t\t\n\t\t\t\t\t\t\t\t\t\t\t\t\t\t<a href=\"https:\/\/www.mission-21.org\/fr\/evenement\/jour-ouvrable-supraregional\/\" target=\"_self\" title=\"Jour ouvrable interr\u00e9gional\" rel=\"noopener\">\n\t\t\t\t<img decoding=\"async\" src=\"https:\/\/www.mission-21.org\/wp-content\/uploads\/2023\/01\/werktag-23-900x675.jpg\" alt=\"jour ouvrable 23\">\n\t\t\t\t<\/a>\n\t\t\t\t\t\t<h5>\n\t\t\t\t<a href=\"https:\/\/www.mission-21.org\/fr\/evenement\/jour-ouvrable-supraregional\/\" title=\"Jour ouvrable interr\u00e9gional\" tabindex=\"0\">Jour ouvrable interr\u00e9gional<\/a>\t\t\t<\/h5>\n\t\t<a href=\"https:\/\/www.mission-21.org\/fr\/evenement\/mission-et-violence-coloniale-dans-la-premiere-guerre-mondiale-2\/\" target=\"_self\" rel=\"noopener\"><\/a>\t\t\n\t\t\t\t\t\t\t\t\t\t\t\t\t\t<a href=\"https:\/\/www.mission-21.org\/fr\/evenement\/mission-et-violence-coloniale-dans-la-premiere-guerre-mondiale-2\/\" target=\"_self\" title=\"Mission et violence coloniale pendant la Premi\u00e8re Guerre mondiale\" rel=\"noopener\">\n\t\t\t\t<img decoding=\"async\" src=\"https:\/\/www.mission-21.org\/wp-content\/uploads\/2023\/01\/bma-a-30.01.049_strassenszene-queens-road-central-im-handelsviertel-von-hongkong-1909-900x674.jpg\" alt=\"bma a 30.01.049 sc\u00e8ne de rue (&#039;queen&#039;s road central&#039;) dans le quartier commer\u00e7ant de hong kong 1909\">\n\t\t\t\t<\/a>\n\t\t\t\t\t\t<h5>\n\t\t\t\t<a href=\"https:\/\/www.mission-21.org\/fr\/evenement\/mission-et-violence-coloniale-dans-la-premiere-guerre-mondiale-2\/\" title=\"Mission et violence coloniale pendant la Premi\u00e8re Guerre mondiale\" tabindex=\"0\">Mission et violence coloniale pendant la Premi\u00e8re Guerre mondiale<\/a>\t\t\t<\/h5>","protected":false},"excerpt":{"rendered":"<p>Herzlichen Dank f\u00fcr Ihre Newsletter-Anmeldung Sie bekommen ab jetzt spannende Informationen von uns. Vielleicht interessieren Sie bis dahin unsere aktuellen News oder die n\u00e4chsten Veranstaltungen. News F\u00fcr Klimagerechtigkeit weltweit und in der Schweiz Dank und W\u00fcrdigung f\u00fcr die Fachkommission Frauen und Gender Neuer Blick auf M\u00e4nnlichkeiten Veranstaltungen Kirche und Kolonialismus: Einblicke in die Geschichte \u00dcberregionaler [&hellip;]<\/p>\n","protected":false},"author":6,"featured_media":5960,"parent":0,"menu_order":0,"comment_status":"closed","ping_status":"closed","template":"","meta":{"_acf_changed":false,"_seopress_robots_primary_cat":"","_seopress_titles_title":"","_seopress_titles_desc":"","_seopress_robots_index":"","_searchwp_excluded":"1","site-sidebar-layout":"default","site-content-layout":"","ast-site-content-layout":"default","site-content-style":"default","site-sidebar-style":"default","ast-global-header-display":"","ast-banner-title-visibility":"","ast-main-header-display":"","ast-hfb-above-header-display":"","ast-hfb-below-header-display":"","ast-hfb-mobile-header-display":"","site-post-title":"","ast-breadcrumbs-content":"","ast-featured-img":"","footer-sml-layout":"","ast-disable-related-posts":"","theme-transparent-header-meta":"","adv-header-id-meta":"","stick-header-meta":"","header-above-stick-meta":"","header-main-stick-meta":"","header-below-stick-meta":"","astra-migrate-meta-layouts":"set","ast-page-background-enabled":"default","ast-page-background-meta":{"desktop":{"background-color":"var(--ast-global-color-4)","background-image":"","background-repeat":"repeat","background-position":"center center","background-size":"auto","background-attachment":"scroll","background-type":"","background-media":"","overlay-type":"","overlay-color":"","overlay-opacity":"","overlay-gradient":""},"tablet":{"background-color":"","background-image":"","background-repeat":"repeat","background-position":"center center","background-size":"auto","background-attachment":"scroll","background-type":"","background-media":"","overlay-type":"","overlay-color":"","overlay-opacity":"","overlay-gradient":""},"mobile":{"background-color":"","background-image":"","background-repeat":"repeat","background-position":"center center","background-size":"auto","background-attachment":"scroll","background-type":"","background-media":"","overlay-type":"","overlay-color":"","overlay-opacity":"","overlay-gradient":""}},"ast-content-background-meta":{"desktop":{"background-color":"var(--ast-global-color-5)","background-image":"","background-repeat":"repeat","background-position":"center center","background-size":"auto","background-attachment":"scroll","background-type":"","background-media":"","overlay-type":"","overlay-color":"","overlay-opacity":"","overlay-gradient":""},"tablet":{"background-color":"var(--ast-global-color-5)","background-image":"","background-repeat":"repeat","background-position":"center center","background-size":"auto","background-attachment":"scroll","background-type":"","background-media":"","overlay-type":"","overlay-color":"","overlay-opacity":"","overlay-gradient":""},"mobile":{"background-color":"var(--ast-global-color-5)","background-image":"","background-repeat":"repeat","background-position":"center center","background-size":"auto","background-attachment":"scroll","background-type":"","background-media":"","overlay-type":"","overlay-color":"","overlay-opacity":"","overlay-gradient":""}},"iawp_total_views":476,"footnotes":""},"hf_cat_page":[304],"class_list":["post-5954","page","type-page","status-publish","has-post-thumbnail"],"acf":[],"_links":{"self":[{"href":"https:\/\/www.mission-21.org\/fr\/wp-json\/wp\/v2\/pages\/5954","targetHints":{"allow":["GET"]}}],"collection":[{"href":"https:\/\/www.mission-21.org\/fr\/wp-json\/wp\/v2\/pages"}],"about":[{"href":"https:\/\/www.mission-21.org\/fr\/wp-json\/wp\/v2\/types\/page"}],"author":[{"embeddable":true,"href":"https:\/\/www.mission-21.org\/fr\/wp-json\/wp\/v2\/users\/6"}],"replies":[{"embeddable":true,"href":"https:\/\/www.mission-21.org\/fr\/wp-json\/wp\/v2\/comments?post=5954"}],"version-history":[{"count":6,"href":"https:\/\/www.mission-21.org\/fr\/wp-json\/wp\/v2\/pages\/5954\/revisions"}],"predecessor-version":[{"id":13426,"href":"https:\/\/www.mission-21.org\/fr\/wp-json\/wp\/v2\/pages\/5954\/revisions\/13426"}],"wp:featuredmedia":[{"embeddable":true,"href":"https:\/\/www.mission-21.org\/fr\/wp-json\/wp\/v2\/media\/5960"}],"wp:attachment":[{"href":"https:\/\/www.mission-21.org\/fr\/wp-json\/wp\/v2\/media?parent=5954"}],"wp:term":[{"taxonomy":"hf_cat_page","embeddable":true,"href":"https:\/\/www.mission-21.org\/fr\/wp-json\/wp\/v2\/hf_cat_page?post=5954"}],"curies":[{"name":"wp","href":"https:\/\/api.w.org\/{rel}","templated":true}]}}