{"id":6893,"date":"2023-02-09T10:42:39","date_gmt":"2023-02-09T09:42:39","guid":{"rendered":"https:\/\/www.mission-21.org\/?page_id=6893"},"modified":"2024-04-19T08:46:29","modified_gmt":"2024-04-19T06:46:29","slug":"calendrier-des-saisons","status":"publish","type":"page","link":"https:\/\/www.mission-21.org\/fr\/saisonkalender\/","title":{"rendered":"Calendrier des saisons"},"content":{"rendered":"<img decoding=\"async\" src=\"https:\/\/www.mission-21.org\/wp-content\/uploads\/2022\/08\/csm_header_news_d521d70e38.jpeg\" alt=\"csm header news d521d70e38\" itemprop=\"image\" height=\"688\" width=\"1680\" title=\"csm_Header_News_d521d70e38\" onerror=\"this.style.display='none'\"  \/>\n\t\t\t<p>Commandez gratuitement notre calendrier saisonnier : <\/p><h1>Bon pour votre sant\u00e9, bon pour le climat. <\/h1>\t\t\t\n\t\t\t\t<p>Notre calendrier saisonnier vous aide \u00e0 acheter des aliments de saison et r\u00e9gionaux. Ainsi, vous pouvez vous aussi apporter une pr\u00e9cieuse contribution au climat et faire du bien \u00e0 votre sant\u00e9 !<\/p>\n<p>Se nourrir principalement de produits r\u00e9gionaux et de saison pr\u00e9sente de nombreux avantages pour le climat et notre sant\u00e9. Les aliments de la saison actuelle et de la propre r\u00e9gion ne g\u00e9n\u00e8rent pas seulement moins d'\u00e9missions de CO2, ils sont aussi souvent plus sains et ont meilleur go\u00fbt. Notre calendrier des saisons a pour but de vous aider et de vous inspirer dans la cuisine de saison \u00e0 la maison.<\/p>\n<p><strong>Un grand merci pour votre solidarit\u00e9 et vos dons !<\/strong><\/p>\n\t\t\t\t<a href=\"https:\/\/www.mission-21.org\/wp-content\/uploads\/2023\/02\/saison.png\" target=\"_self\" itemprop=\"url\" rel=\"noopener\">\n\t\t\t\t<img decoding=\"async\" src=\"https:\/\/www.mission-21.org\/wp-content\/uploads\/2023\/02\/saison.png\" alt=\"saison\" itemprop=\"image\" height=\"930\" width=\"665\" title=\"saison\" onerror=\"this.style.display='none'\"  \/>\n\t\t\t\t<\/a>\n\t<p>Vous pouvez t\u00e9l\u00e9charger le calendrier saisonnier sous forme de poster et l'imprimer au format A3 ou le commander dans notre boutique sous forme de poster d'ambiance au format A2 (42 x 59,4 cm). Gratuit.<\/p>\n\t\t\t<a href=\"https:\/\/www.mission-21.org\/fr\/panier-dachat\/?add-to-cart=7150&#038;quantity=1\" target=\"_self\" rel=\"noopener\">\n\t\t\t\t\t\t\t\u25ba T\u00e9l\u00e9charger l'affiche (PDF)\n\t\t\t\t\t<\/a>\n\t\t\t<a href=\"https:\/\/www.mission-21.org\/fr\/boutique\/produit\/calendrier-des-saisons\/?attribute_format=Print\" target=\"_self\" rel=\"noopener\">\n\t\t\t\t\t\t\t\u25ba Commander un poster \u00e0 imprimer\n\t\t\t\t\t<\/a>\n\t\t\t<a href=\"https:\/\/www.mission-21.org\/fr\/faire-un-don\/?rnw-purpose=p3\" target=\"_self\" rel=\"noopener\">\n\t\t\t\t\t\t\t\u25ba Merci pour votre don\n\t\t\t\t\t<\/a>\n\t<h3><strong>Notre travail d'\u00e9ducation dans le Sud global<\/strong><\/h3>\n<p>Nous soutenons les agriculteurs d'Afrique et d'Am\u00e9rique latine en leur proposant des formations en agriculture \u00e9cologiquement durable. Ils peuvent ainsi assurer leur subsistance malgr\u00e9 les cons\u00e9quences du changement climatique.<\/p>\n\t\t\t\t<img decoding=\"async\" src=\"https:\/\/www.mission-21.org\/wp-content\/uploads\/2024\/04\/mission_21_kampagne2024_keyvisual_1-1.jpg\" alt=\"mission 21 campagne2024 keyvisual 1 1\" itemprop=\"image\" height=\"1246\" width=\"1246\" title=\"Mission_21_Kampagne2024_Keyvisual_1-1\" onerror=\"this.style.display='none'\"  \/>\n\t\t\t<a href=\"https:\/\/www.mission-21.org\/fr\/campagne-2024\/\" target=\"_self\" role=\"button\" aria-label=\"Vers la campagne 2024\" rel=\"noopener\">\n\t\t\t\t\t\t\tVers la campagne 2024\n\t\t<\/a>\n\t<p><strong>Soutenez notre campagne actuelle \"Apprendre les uns des autres, vivre durablement\" par un don ou une collecte. Merci de tout c\u0153ur !<\/strong><\/p>\n<p><a href=\"https:\/\/www.mission-21.org\/fr\/ce-que-nous-faisons\/projets-et-partenaires\/?_themen=ernaehrungssouveraenitaet\">\u25ba D\u00e9couvrez ici nos projets actuels sur le th\u00e8me de la souverainet\u00e9 alimentaire.<\/a><\/p>\n\t<h3><strong>Inscrivez-vous maintenant \u00e0 notre newsletter<\/strong><\/h3>","protected":false},"excerpt":{"rendered":"<p>Bestellen Sie gratis unseren Saisonkalender: Gut f\u00fcr Ihre Gesundheit, gut f\u00fcrs Klima. Unser Saisonkalender unterst\u00fctzt Sie beim Einkauf von saisonalen und regionalen Lebensmitteln. So k\u00f6nnen auch Sie einen wertvollen Beitrag f\u00fcrs Klima leisten und tun ihrer Gesundheit etwas Gutes! Sich \u00fcberwiegend regional und saisonal zu ern\u00e4hren, hat viele Vorteile f\u00fcrs Klima und unsere Gesundheit. Lebensmittel [&hellip;]<\/p>\n","protected":false},"author":6,"featured_media":7131,"parent":0,"menu_order":0,"comment_status":"closed","ping_status":"closed","template":"","meta":{"_acf_changed":false,"_seopress_robots_primary_cat":"","_seopress_titles_title":"","_seopress_titles_desc":"","_seopress_robots_index":"yes","_searchwp_excluded":"1","site-sidebar-layout":"default","site-content-layout":"","ast-site-content-layout":"default","site-content-style":"default","site-sidebar-style":"default","ast-global-header-display":"","ast-banner-title-visibility":"","ast-main-header-display":"","ast-hfb-above-header-display":"","ast-hfb-below-header-display":"","ast-hfb-mobile-header-display":"","site-post-title":"","ast-breadcrumbs-content":"","ast-featured-img":"","footer-sml-layout":"","ast-disable-related-posts":"","theme-transparent-header-meta":"","adv-header-id-meta":"","stick-header-meta":"","header-above-stick-meta":"","header-main-stick-meta":"","header-below-stick-meta":"","astra-migrate-meta-layouts":"set","ast-page-background-enabled":"default","ast-page-background-meta":{"desktop":{"background-color":"var(--ast-global-color-4)","background-image":"","background-repeat":"repeat","background-position":"center center","background-size":"auto","background-attachment":"scroll","background-type":"","background-media":"","overlay-type":"","overlay-color":"","overlay-opacity":"","overlay-gradient":""},"tablet":{"background-color":"","background-image":"","background-repeat":"repeat","background-position":"center center","background-size":"auto","background-attachment":"scroll","background-type":"","background-media":"","overlay-type":"","overlay-color":"","overlay-opacity":"","overlay-gradient":""},"mobile":{"background-color":"","background-image":"","background-repeat":"repeat","background-position":"center center","background-size":"auto","background-attachment":"scroll","background-type":"","background-media":"","overlay-type":"","overlay-color":"","overlay-opacity":"","overlay-gradient":""}},"ast-content-background-meta":{"desktop":{"background-color":"var(--ast-global-color-5)","background-image":"","background-repeat":"repeat","background-position":"center center","background-size":"auto","background-attachment":"scroll","background-type":"","background-media":"","overlay-type":"","overlay-color":"","overlay-opacity":"","overlay-gradient":""},"tablet":{"background-color":"var(--ast-global-color-5)","background-image":"","background-repeat":"repeat","background-position":"center center","background-size":"auto","background-attachment":"scroll","background-type":"","background-media":"","overlay-type":"","overlay-color":"","overlay-opacity":"","overlay-gradient":""},"mobile":{"background-color":"var(--ast-global-color-5)","background-image":"","background-repeat":"repeat","background-position":"center center","background-size":"auto","background-attachment":"scroll","background-type":"","background-media":"","overlay-type":"","overlay-color":"","overlay-opacity":"","overlay-gradient":""}},"iawp_total_views":619,"footnotes":""},"hf_cat_page":[],"class_list":["post-6893","page","type-page","status-publish","has-post-thumbnail"],"acf":[],"_links":{"self":[{"href":"https:\/\/www.mission-21.org\/fr\/wp-json\/wp\/v2\/pages\/6893","targetHints":{"allow":["GET"]}}],"collection":[{"href":"https:\/\/www.mission-21.org\/fr\/wp-json\/wp\/v2\/pages"}],"about":[{"href":"https:\/\/www.mission-21.org\/fr\/wp-json\/wp\/v2\/types\/page"}],"author":[{"embeddable":true,"href":"https:\/\/www.mission-21.org\/fr\/wp-json\/wp\/v2\/users\/6"}],"replies":[{"embeddable":true,"href":"https:\/\/www.mission-21.org\/fr\/wp-json\/wp\/v2\/comments?post=6893"}],"version-history":[{"count":11,"href":"https:\/\/www.mission-21.org\/fr\/wp-json\/wp\/v2\/pages\/6893\/revisions"}],"predecessor-version":[{"id":12643,"href":"https:\/\/www.mission-21.org\/fr\/wp-json\/wp\/v2\/pages\/6893\/revisions\/12643"}],"wp:featuredmedia":[{"embeddable":true,"href":"https:\/\/www.mission-21.org\/fr\/wp-json\/wp\/v2\/media\/7131"}],"wp:attachment":[{"href":"https:\/\/www.mission-21.org\/fr\/wp-json\/wp\/v2\/media?parent=6893"}],"wp:term":[{"taxonomy":"hf_cat_page","embeddable":true,"href":"https:\/\/www.mission-21.org\/fr\/wp-json\/wp\/v2\/hf_cat_page?post=6893"}],"curies":[{"name":"wp","href":"https:\/\/api.w.org\/{rel}","templated":true}]}}