{"id":7215,"date":"2023-03-01T18:12:58","date_gmt":"2023-03-01T17:12:58","guid":{"rendered":"https:\/\/www.mission-21.org\/?page_id=7215"},"modified":"2026-01-14T14:29:14","modified_gmt":"2026-01-14T13:29:14","slug":"programme-dambassades-pour-la-jeunesse","status":"publish","type":"page","link":"https:\/\/www.mission-21.org\/fr\/jugendbotschaftsprogramm\/","title":{"rendered":"Programme d'ambassade de la jeunesse"},"content":{"rendered":"<h3>14+ pays<\/h3>\t\t\t\n\t\t\t\t<p>Mets-toi en r\u00e9seau et fais la connaissance de personnes d'Asie, d'Afrique, d'Europe et d'Am\u00e9rique latine.<\/p>\n\t\t<h3>60+ Participants<\/h3>\t\t\t\n\t\t\t\t<p>Rejoins un r\u00e9seau de plus de 60 anciens et actuels ambassadeurs de la jeunesse*.<\/p>\n\t\t\t\t<img decoding=\"async\" src=\"https:\/\/www.mission-21.org\/wp-content\/uploads\/bb-plugin\/cache\/minha-circle.jpg\" alt=\"minha\" title=\"Minha\" itemprop=\"image\"\/>\n\t\t\t\t<p>\"Je n'ai pas connu de 'lieux s\u00fbrs' de nombreuses fois auparavant. Ainsi, le temps pass\u00e9 en Suisse avec les autres jeunes a \u00e9t\u00e9 comme un miracle pour moi. Sans confiance, il n'y a pas d'endroit s\u00fbr\".<\/p>\n<p>Minha, Cor\u00e9e du Sud<\/p>\n\t\t\t\t<img decoding=\"async\" src=\"https:\/\/www.mission-21.org\/wp-content\/uploads\/bb-plugin\/cache\/marina-staub-circle.jpg\" alt=\"marina poussi\u00e8re\" title=\"Marina Staub\" itemprop=\"image\"\/>\n\t\t\t\t<p>\"Gr\u00e2ce \u00e0 l'exp\u00e9rience acquise dans le cadre de ce programme, je vais essayer de construire davantage de ponts \u00e0 l'avenir, d'\u00eatre un agent de changement et de contribuer \u00e0 un monde plus pacifique\".<\/p>\n<p>Marina, Suisse<\/p>\n\t\t\t\t<img decoding=\"async\" src=\"https:\/\/www.mission-21.org\/wp-content\/uploads\/bb-plugin\/cache\/janet-circle.jpg\" alt=\" mg 9765\" title=\"MG_9765\" itemprop=\"image\"\/>\n\t\t\t\t<p>\"Le programme a \u00e9t\u00e9 une opportunit\u00e9 pour moi d'\u00e9largir mes connaissances. Notamment dans l'apprentissage de la relation avec des personnes d'une culture totalement diff\u00e9rente, avec une perspective diff\u00e9rente sur presque tout\".<\/p>\n<p>Janet, Nigeria<\/p>\n\t\t\t\t<img decoding=\"async\" src=\"https:\/\/www.mission-21.org\/wp-content\/uploads\/bb-plugin\/cache\/january-circle.jpg\" alt=\"january\" title=\"Janvier\" itemprop=\"image\"\/>\n\t\t\t\t<p>\"Passer du temps avec des amis d'autres pays nous enrichit ! Dans ce programme, j'ai appris des histoires et des perspectives des autres. Et j'ai pu apporter mes propres exp\u00e9riences. Nous nous sommes ainsi renforc\u00e9s mutuellement en tant que jeunes. Nous ne sommes pas seuls \u00e0 relever le d\u00e9fi d'apporter la foi chr\u00e9tienne dans ce monde. Nous sommes jeunes, et nous pouvons faire de bonnes choses pour ce monde\".<\/p>\n<p>Januar, Indon\u00e9sie<\/p>\n\t<p>Le programme international de formation et d'\u00e9change offre aux jeunes adultes d'Afrique, d'Asie, d'Europe et d'Am\u00e9rique latine la possibilit\u00e9 de se rencontrer au-del\u00e0 des fronti\u00e8res culturelles. Les participants* discutent ensemble de questions urgentes dans un monde globalis\u00e9 et cherchent des solutions par l'\u00e9change.<\/p>\n<p>Temps n\u00e9cessaire<\/p>\n<ul>\n<li>2 week-ends de pr\u00e9paration par an<\/li>\n<li>visite de deux semaines des ambassadeurs internationaux de la jeunesse*.<\/li>\n<li>voyage de deux semaines dans un pays d'Afrique, d'Asie ou d'Am\u00e9rique latine<\/li>\n<li>quelques heures d'\u00e9tude personnelle<\/li>\n<\/ul>\n<p>Le programme est parfaitement compatible avec les \u00e9tudes, le travail ou l'\u00e9cole. Tu pr\u00e9vois un s\u00e9jour prolong\u00e9 \u00e0 l'\u00e9tranger et tu ne sais pas si tu peux quand m\u00eame participer ? Contacte-nous, nous trouverons certainement une solution.<\/p>\n<h2>\n\t\t\tObjectifs du programme\t<\/h2>\n\t<p>Les jeunes adultes ont un aper\u00e7u d'un autre contexte, r\u00e9fl\u00e9chissent et \u00e9changent sur des aspects sociaux, politiques, \u00e9conomiques et religieux sous diff\u00e9rentes perspectives.<\/p>\n<p>Les jeunes adultes am\u00e9liorent leurs comp\u00e9tences en mati\u00e8re de communication inter- et transculturelle et interreligieuse. Ils seront ainsi en mesure d'agir en tant qu'acteurs* du changement dans une soci\u00e9t\u00e9 plurielle et de s'engager pour une cohabitation pacifique.<\/p>\n<p>Les jeunes adultes acqui\u00e8rent des comp\u00e9tences et sont conscients de la pluralit\u00e9\/diversit\u00e9 pour les emplois et les t\u00e2ches dans leurs soci\u00e9t\u00e9s et leurs \u00e9glises.<\/p>\n<p>L'\u00e9change international de jeunes renforce le r\u00e9seau international de jeunes adultes qui s'engagent en tant qu'ambassadeurs* de la jeunesse pour la paix, la justice et la protection de l'environnement.<\/p>\n<h2>\n\t\t\tParticiper\t<\/h2>\n\t<p>La phase 2023-2025 du programme s'est achev\u00e9e avec le voyage des ambassadeurs europ\u00e9ens de la jeunesse* en Indon\u00e9sie. Un rapport se trouve dans le <strong><a href=\"https:\/\/www.mission-21.org\/fr\/informer\/publications\/#pp-toc-xrvkwe8ihtn6-anchor-1\" target=\"_blank\" rel=\"noopener\">\u00c9dition 4\/2025<\/a>,<\/strong> p. 16-17, de notre magazine \u201ebegegnen\u201c. La prochaine phase du programme est annonc\u00e9e.\u00a0<\/p>\n<h2>\n\t\t\tNous vous disons merci !\t<\/h2>\n\t<p>Le programme 2023-2025 a \u00e9t\u00e9 g\u00e9n\u00e9reusement soutenu par la fondation Movetia et la fondation Wegweiser.<\/p>\n\t\t\t\t<img decoding=\"async\" src=\"https:\/\/www.mission-21.org\/wp-content\/uploads\/2024\/07\/logo-stiftung-wegweiser-web.jpg\" alt=\"pression\" itemprop=\"image\" height=\"1107\" width=\"2186\" title=\"Pression\" onerror=\"this.style.display='none'\" loading='lazy' \/>\n\t\t\t\t<img decoding=\"async\" src=\"https:\/\/www.mission-21.org\/wp-content\/uploads\/2024\/07\/logo_movetia_rgb_red_green.jpg\" alt=\"logo movetia rgb red green\" itemprop=\"image\" height=\"184\" width=\"1248\" title=\"Logo_Movetia_RGB_Red_Green\" onerror=\"this.style.display='none'\" loading='lazy' \/>\n<h2>\n\t\t\tL'\u00e9quipe young@Mission21\t<\/h2>\n\t<p>Nous sommes Mandula, Sarah, Jonas et Carole. Si tu as des questions, tu peux nous contacter \u00e0 tout moment.<\/p>\n\t\t\t<a href=\"mailto:young@mission-21.org\" target=\"_self\">\n\t\t\t\t\t\tEcrire un e-mail\n\t\t\t\t\t<\/a>\n\t\t\t<a href=\"https:\/\/www.mission-21.org\/wp-content\/uploads\/2022\/12\/factsheet-tn-bedingungen-jubo2325_nov22_bg.pdf\" target=\"_self\">\n\t\t\t\t\t\tT\u00e9l\u00e9charger la fiche d'information\n\t\t\t\t\t<\/a>\n\t\t\t<a href=\"https:\/\/wa.me\/41612602239\" target=\"_self\">\n\t\t\t\t\t\tWhatsApp\n\t\t\t\t\t<\/a>\n\t\t\t<a href=\"#FAQ\" target=\"_self\">\n\t\t\t\t\t\tFAQ\n\t\t\t\t\t<\/a>\n<h2>\n\t\t\tFAQ - Foire aux questions\t<\/h2>\n\t\t\t\t\t\t\t\t\t\t<a href=\"#\" id=\"fl-accordion--icon-0\"  tabindex=\"0\"><i>D\u00e9velopper<\/i><\/a>\n\t\t\t\t\t<a href=\"#\"  id=\"fl-accordion--label-0\" tabindex=\"0\" aria-controls=\"fl-accordion--panel-0\">Tu n'es pas s\u00fbr de pouvoir t'engager sur deux ans ?<\/a>\n\t\t\t\t\t<p>Tu pr\u00e9vois un s\u00e9jour prolong\u00e9 \u00e0 l'\u00e9tranger ou tu ne sais pas si tu peux t'engager pour deux ans ? Contacte-nous, nous trouverons une solution pour presque tout.<\/p>\n<p>Ci-dessous, tu trouveras \u00e9galement une pr\u00e9sentation du programme et du temps n\u00e9cessaire (sous r\u00e9serve de modifications).<\/p>\n<p><strong>2023:<\/strong> Au cours de la premi\u00e8re ann\u00e9e du programme, tu rencontreras une premi\u00e8re fois les autres participants lors d'un week-end de pr\u00e9paration en novembre. Tu te penches alors sur des th\u00e8mes urgents tels que la paix, la justice, l'\u00e9ducation, la protection de l'environnement ou la sensibilit\u00e9 interculturelle. Tu formeras \u00e9galement un tandem avec un(e) ambassadeur(trice) international(e) de la jeunesse et tu \u00e9changeras avec lui\/elle.<\/p>\n<p><strong>2024:<\/strong> Pour la deuxi\u00e8me ann\u00e9e, tu fais partie de la visite de deux semaines des jeunes ambassadeurs* internationaux en Suisse. En tant qu'h\u00f4te*, tu discutes avec eux de th\u00e8mes qui vous touchent et tu fais l'exp\u00e9rience de la communaut\u00e9 avec des personnes de plus de 10 pays. En outre, tu te pr\u00e9pares \u00e0 ton voyage \u00e0 l'\u00e9tranger.<\/p>\n<p><strong>2025:<\/strong> En \u00e9t\u00e9 2025, tu voyageras pendant deux \u00e0 trois semaines dans une petite d\u00e9l\u00e9gation dans un pays partenaire de Mission 21 en Afrique, en Asie ou en Am\u00e9rique latine. Tu auras un aper\u00e7u des modes de vie locaux et tu d\u00e9couvriras les projets des partenaires* de Mission 21. Tu noueras des amiti\u00e9s internationales, acquerras des comp\u00e9tences transculturelles et transmettras ton exp\u00e9rience \u00e0 ton entourage.<\/p>\n\t\t\t\t\t\t\t\t\t\t<a href=\"#\" id=\"fl-accordion--icon-1\"  tabindex=\"0\"><i>D\u00e9velopper<\/i><\/a>\n\t\t\t\t\t<a href=\"#\"  id=\"fl-accordion--label-1\" tabindex=\"0\" aria-controls=\"fl-accordion--panel-1\">Quel temps dois-je pr\u00e9voir ?<\/a>\n\t\t\t\t\t<p>Il est tr\u00e8s difficile de donner des indications pr\u00e9cises sur la dur\u00e9e du programme, car tout le monde n'a pas besoin du m\u00eame temps pour les m\u00eames t\u00e2ches. Nous vous prions d'en tenir compte. Nous estimons que la charge de travail moyenne est la suivante :<\/p>\n<strong>2 week-ends physiques par an<\/strong><br \/>\nPremier week-end de mars et de novembre, du vendredi apr\u00e8s-midi au dimanche apr\u00e8s-midi.\n<strong>Environ 20h par an<\/strong><br \/>\nPour les appels en ligne, l'autoformation individuelle, la participation, la pr\u00e9paration des visites\/voyages, les rapports de r\u00e9flexion.\n<strong>2024 : 2 semaines pour la visite<\/strong><br \/>\nLa visite en Suisse aura probablement lieu du 21 juin au 8 juillet 2024.\n<strong>2025 : 2-3 semaines pour un voyage \u00e0 l'\u00e9tranger<\/strong><br \/>\n\u00c9t\u00e9, date exacte non encore d\u00e9finie\n\t\t\t\t\t\t\t\t\t\t<a href=\"#\" id=\"fl-accordion--icon-2\"  tabindex=\"0\"><i>D\u00e9velopper<\/i><\/a>\n\t\t\t\t\t<a href=\"#\"  id=\"fl-accordion--label-2\" tabindex=\"0\" aria-controls=\"fl-accordion--panel-2\">Dois-je \u00eatre religieux pour participer au programme ?<\/a>\n\t\t\t\t\t<p>Il n'est pas n\u00e9cessaire d'\u00eatre religieux pour participer au programme. De m\u00eame, toutes les appartenances religieuses sont les bienvenues. Tu disposes d'une ouverture et d'une tol\u00e9rance vis-\u00e0-vis des religions et des th\u00e8mes qui y sont li\u00e9s. Comme Mission 21 est d'origine chr\u00e9tienne, nous travaillons \u00e9galement avec de nombreuses organisations partenaires ou \u00e9glises partenaires d'origine chr\u00e9tienne. C'est pourquoi le voyage se d\u00e9roule g\u00e9n\u00e9ralement dans un contexte \u00e0 caract\u00e8re religieux. Certains participants au programme se rendront en Suisse depuis ce contexte. C'est pourquoi il peut y avoir des recueillements ou des visites de culte pendant le programme.<\/p>\n\t\t\t\t\t\t\t\t\t\t<a href=\"#\" id=\"fl-accordion--icon-3\"  tabindex=\"0\"><i>D\u00e9velopper<\/i><\/a>\n\t\t\t\t\t<a href=\"#\"  id=\"fl-accordion--label-3\" tabindex=\"0\" aria-controls=\"fl-accordion--panel-3\">Quels sont les frais qui m'attendent si je m'inscris au programme ?<\/a>\n\t\t\t\t\t<p>Mission 21 collabore avec des fondations pour l'ensemble du programme et s'efforce de maintenir les co\u00fbts \u00e0 un niveau bas pour les participants. En tant que participant(e), tu paies 800 CHF en tout (200 CHF par an, plus 200 CHF de contribution de solidarit\u00e9 pour les personnes \u00e0 faible revenu). Sont inclus dans ce montant : les frais de vol pour le voyage, ainsi que le logement et les repas pendant le voyage, les week-ends et la visite.<\/p>\n<p>Les frais de voyage pour les week-ends et les frais d'assurance, ainsi que les \u00e9ventuels examens m\u00e9dicaux avant le voyage sont \u00e9galement \u00e0 la charge des participants. Si ces obstacles financiers sont trop importants pour toi, contacte-nous et nous verrons ensemble comment aller plus loin.<\/p>\n\t\t\t\t\t\t\t\t\t\t<a href=\"#\" id=\"fl-accordion--icon-4\"  tabindex=\"0\"><i>D\u00e9velopper<\/i><\/a>\n\t\t\t\t\t<a href=\"#\"  id=\"fl-accordion--label-4\" tabindex=\"0\" aria-controls=\"fl-accordion--panel-4\">Quelles langues dois-je ma\u00eetriser pour participer au programme ?<\/a>\n\t\t\t\t\t<p>Les week-ends de pr\u00e9paration se d\u00e9roulent en allemand. Pour le contact et la visite avec les ambassadeurs internationaux de la jeunesse*, ainsi que pour ton voyage \u00e0 l'\u00e9tranger, de bonnes connaissances d'anglais sont en outre n\u00e9cessaires. Si tu souhaites faire ton voyage en Am\u00e9rique latine, des connaissances d'espagnol sont un avantage.<\/p>\n\t\t\t\t\t\t\t\t\t\t<a href=\"#\" id=\"fl-accordion--icon-5\"  tabindex=\"0\"><i>D\u00e9velopper<\/i><\/a>\n\t\t\t\t\t<a href=\"#\"  id=\"fl-accordion--label-5\" tabindex=\"0\" aria-controls=\"fl-accordion--panel-5\">De quelles connaissances pr\u00e9alables ai-je besoin pour participer au programme ?<\/a>\n\t\t\t\t\t<p>Les exigences suivantes doivent \u00eatre remplies pour le programme \"Messages pour la jeunesse\" 2023-2025 :<\/p>\n<ul>\n<li>\u00c2ge : entre 18 et 30 ans (1995 - 2006)<\/li>\n<li>Bonne connaissance de l'anglais<\/li>\n<li>Ouverture d'esprit, motivation et volont\u00e9 de s'engager dans des rencontres interculturelles et d'adopter de nouvelles perspectives.<\/li>\n<li>Aucune restriction m\u00e9dicale pertinente pour un voyage en Asie, en Afrique ou en Am\u00e9rique latine<\/li>\n<\/ul>\n\t\t\t\t\t\t\t\t\t\t<a href=\"#\" id=\"fl-accordion--icon-6\"  tabindex=\"0\"><i>D\u00e9velopper<\/i><\/a>\n\t\t\t\t\t<a href=\"#\"  id=\"fl-accordion--label-6\" tabindex=\"0\" aria-controls=\"fl-accordion--panel-6\">Tu es encore mineur, mais tu souhaites participer au programme ?<\/a>\n\t\t\t\t\t<p>Tu as atteint l'\u00e2ge de la majorit\u00e9 au moment de la visite des jeunes ambassadeurs* internationaux (juin 2024) ? Dans ce cas, n'h\u00e9site pas \u00e0 nous contacter !<\/p>\n\t\t\t\t\t\t\t\t\t\t<a href=\"#\" id=\"fl-accordion--icon-7\"  tabindex=\"0\"><i>D\u00e9velopper<\/i><\/a>\n\t\t\t\t\t<a href=\"#\"  id=\"fl-accordion--label-7\" tabindex=\"0\" aria-controls=\"fl-accordion--panel-7\">Quel type de certificat vais-je recevoir \u00e0 la fin du programme ?<\/a>\n\t\t\t\t\t<p>Une partie du programme international des jeunes ambassadeurs consiste en un certificat de comp\u00e9tence inter- et transculturelle d\u00e9livr\u00e9 par l'Institut pour la communication et le leadership (IKF) et Mission 21. Pour obtenir ce certificat, les jeunes ambassadeurs* participent \u00e0 des ateliers de pr\u00e9paration et d'\u00e9valuation.<\/p>\n<p><a href=\"https:\/\/www.ikf.ch\/de\">IKF Institut pour la communication et le leadership<\/a><\/p>\n\t\t\t\t\t\t\t\t\t\t<a href=\"#\" id=\"fl-accordion--icon-8\"  tabindex=\"0\"><i>D\u00e9velopper<\/i><\/a>\n\t\t\t\t\t<a href=\"#\"  id=\"fl-accordion--label-8\" tabindex=\"0\" aria-controls=\"fl-accordion--panel-8\">Qu'est-ce que Mission 21 ?<\/a>\n\t\t\t\t\t<p>Mission 21 s'engage dans 20 pays d'Afrique, d'Asie et d'Am\u00e9rique latine dans le cadre de la coop\u00e9ration au d\u00e9veloppement durable ainsi que de l'aide d'urgence et de la reconstruction. Cet engagement mondial est associ\u00e9 \u00e0 des programmes d'\u00e9change interculturel et de collaboration interreligieuse ainsi qu'\u00e0 la promotion d'une compr\u00e9hension des interactions mondiales. L'un de ces programmes est le programme d'ambassade de la jeunesse, organis\u00e9 et mis en \u0153uvre par young@mission21. Young@mission21 offre aux jeunes adultes du monde entier la possibilit\u00e9 de se mettre en r\u00e9seau et de s'engager ainsi pour le d\u00e9veloppement durable.<\/p>\n<p><a href=\"https:\/\/www.mission-21.org\/fr\/\">Mission 21 (mission-21.org)<\/a><\/p>\n<p>Quelle est la position de Mission 21 par rapport \u00e0 son pass\u00e9 ?<\/p>\n<p>Mission 21 r\u00e9fl\u00e9chit de mani\u00e8re critique \u00e0 son pass\u00e9 et s'y int\u00e9resse de pr\u00e8s. C'est pourquoi Mission 21 g\u00e8re ses propres archives de recherche sur l'histoire de la mission. De m\u00eame, Mission 21 propose diverses manifestations \u00e0 ce sujet, comme par exemple la s\u00e9rie de manifestations \"Mission-Colonialism Revisited\". Il est donc important pour nous de faire de la coop\u00e9ration internationale d\u00e9colonis\u00e9e. L'apprentissage mutuel est au premier plan. Dans le programme de l'ambassade de la jeunesse, cela se refl\u00e8te dans le fait que de jeunes adultes d'Afrique, d'Asie, d'Europe et d'Am\u00e9rique latine participent et peuvent tous faire un voyage \u00e0 l'\u00e9tranger. Le programme offre en outre la possibilit\u00e9 de se pencher sur l'histoire et la coop\u00e9ration internationale actuelle de Mission 21.<\/p>\n<p><a href=\"https:\/\/www.mission-21.org\/fr\/ce-que-nous-faisons\/evenements\/mission-colonialisme-revisite\/\">Vers la s\u00e9rie de manifestations \"Mission-Colonialism Revisited<\/a><\/p>","protected":false},"excerpt":{"rendered":"<p>14+ L\u00e4nder Vernetze dich und lerne Menschen aus Asien, Afrika, Europa und Lateinamerika kennen. 60+ Teilnehmende Werde Teil eines Netzwerkes von \u00fcber 60 Alumni und aktuellen Jugendbotschafter*innen. \u00abI haven&#8217;t experienced &#8217;safe places&#8216; many times before. So the time in Switzerland with the other youth was like a miracle to me. Without trust, there is no [&hellip;]<\/p>\n","protected":false},"author":6,"featured_media":7218,"parent":0,"menu_order":0,"comment_status":"closed","ping_status":"closed","template":"","meta":{"_acf_changed":false,"_seopress_robots_primary_cat":"","_seopress_titles_title":"","_seopress_titles_desc":"","_seopress_robots_index":"","_searchwp_excluded":"","site-sidebar-layout":"default","site-content-layout":"","ast-site-content-layout":"default","site-content-style":"default","site-sidebar-style":"default","ast-global-header-display":"","ast-banner-title-visibility":"","ast-main-header-display":"","ast-hfb-above-header-display":"","ast-hfb-below-header-display":"","ast-hfb-mobile-header-display":"","site-post-title":"","ast-breadcrumbs-content":"","ast-featured-img":"","footer-sml-layout":"","ast-disable-related-posts":"","theme-transparent-header-meta":"","adv-header-id-meta":"","stick-header-meta":"","header-above-stick-meta":"","header-main-stick-meta":"","header-below-stick-meta":"","astra-migrate-meta-layouts":"default","ast-page-background-enabled":"default","ast-page-background-meta":{"desktop":{"background-color":"var(--ast-global-color-4)","background-image":"","background-repeat":"repeat","background-position":"center center","background-size":"auto","background-attachment":"scroll","background-type":"","background-media":"","overlay-type":"","overlay-color":"","overlay-opacity":"","overlay-gradient":""},"tablet":{"background-color":"","background-image":"","background-repeat":"repeat","background-position":"center center","background-size":"auto","background-attachment":"scroll","background-type":"","background-media":"","overlay-type":"","overlay-color":"","overlay-opacity":"","overlay-gradient":""},"mobile":{"background-color":"","background-image":"","background-repeat":"repeat","background-position":"center center","background-size":"auto","background-attachment":"scroll","background-type":"","background-media":"","overlay-type":"","overlay-color":"","overlay-opacity":"","overlay-gradient":""}},"ast-content-background-meta":{"desktop":{"background-color":"var(--ast-global-color-5)","background-image":"","background-repeat":"repeat","background-position":"center center","background-size":"auto","background-attachment":"scroll","background-type":"","background-media":"","overlay-type":"","overlay-color":"","overlay-opacity":"","overlay-gradient":""},"tablet":{"background-color":"var(--ast-global-color-5)","background-image":"","background-repeat":"repeat","background-position":"center center","background-size":"auto","background-attachment":"scroll","background-type":"","background-media":"","overlay-type":"","overlay-color":"","overlay-opacity":"","overlay-gradient":""},"mobile":{"background-color":"var(--ast-global-color-5)","background-image":"","background-repeat":"repeat","background-position":"center center","background-size":"auto","background-attachment":"scroll","background-type":"","background-media":"","overlay-type":"","overlay-color":"","overlay-opacity":"","overlay-gradient":""}},"iawp_total_views":1661,"footnotes":""},"hf_cat_page":[],"class_list":["post-7215","page","type-page","status-publish","has-post-thumbnail"],"acf":[],"_links":{"self":[{"href":"https:\/\/www.mission-21.org\/fr\/wp-json\/wp\/v2\/pages\/7215","targetHints":{"allow":["GET"]}}],"collection":[{"href":"https:\/\/www.mission-21.org\/fr\/wp-json\/wp\/v2\/pages"}],"about":[{"href":"https:\/\/www.mission-21.org\/fr\/wp-json\/wp\/v2\/types\/page"}],"author":[{"embeddable":true,"href":"https:\/\/www.mission-21.org\/fr\/wp-json\/wp\/v2\/users\/6"}],"replies":[{"embeddable":true,"href":"https:\/\/www.mission-21.org\/fr\/wp-json\/wp\/v2\/comments?post=7215"}],"version-history":[{"count":11,"href":"https:\/\/www.mission-21.org\/fr\/wp-json\/wp\/v2\/pages\/7215\/revisions"}],"predecessor-version":[{"id":19599,"href":"https:\/\/www.mission-21.org\/fr\/wp-json\/wp\/v2\/pages\/7215\/revisions\/19599"}],"wp:featuredmedia":[{"embeddable":true,"href":"https:\/\/www.mission-21.org\/fr\/wp-json\/wp\/v2\/media\/7218"}],"wp:attachment":[{"href":"https:\/\/www.mission-21.org\/fr\/wp-json\/wp\/v2\/media?parent=7215"}],"wp:term":[{"taxonomy":"hf_cat_page","embeddable":true,"href":"https:\/\/www.mission-21.org\/fr\/wp-json\/wp\/v2\/hf_cat_page?post=7215"}],"curies":[{"name":"wp","href":"https:\/\/api.w.org\/{rel}","templated":true}]}}