{"id":8224,"date":"2023-04-19T09:56:10","date_gmt":"2023-04-19T07:56:10","guid":{"rendered":"https:\/\/www.mission-21.org\/?page_id=8224"},"modified":"2025-08-05T13:17:47","modified_gmt":"2025-08-05T11:17:47","slug":"advisory-board-gender-justice","status":"publish","type":"page","link":"https:\/\/www.mission-21.org\/fr\/wer-wir-sind\/organisationsstruktur\/advisory-board-gender-justice\/","title":{"rendered":"Comit\u00e9 consultatif Justice de genre"},"content":{"rendered":"<div class=\"fl-builder-content fl-builder-content-3660 fl-builder-template fl-builder-module-template fl-builder-global-templates-locked\" data-post-id=\"3660\"><div class=\"fl-module fl-module-pp-toc fl-node-xrvkwe8ihtn6 toc\" data-node=\"xrvkwe8ihtn6\">\n\t<div class=\"fl-module-content fl-node-content\">\n\t\t<div class=\"pp-toc-container\">\n\t\n\t<div class=\"pp-toc-body\">\n\t\t\t\t\t<ul class=\"pp-toc-list-wrapper pp-toc-list-icon\"><\/ul>\n\t\t\t\t<\/div>\n<\/div>\n\n\t<\/div>\n<\/div>\n<\/div><div class=\"uabb-js-breakpoint\" style=\"display: none;\"><\/div>\n\t\t\t\t<img decoding=\"async\" src=\"https:\/\/www.mission-21.org\/wp-content\/uploads\/2023\/04\/monica-alvarez-2.png\" alt=\"monica alvarez 2\" itemprop=\"image\" height=\"1501\" width=\"1170\" title=\"Monica Alvarez-2\" onerror=\"this.style.display='none'\" loading='lazy' \/>\n\t<h2>M\u00f3nica Trevi\u00f1o \u00c1lvarez<\/h2>\n<p><strong>Expert externe en mati\u00e8re de genre<\/strong><\/p>\n<p>M\u00f3nica Trevi\u00f1o \u00c1lvarez est une th\u00e9ologienne queer f\u00e9ministe mexicaine.<\/p>\nDans son travail, elle se concentre sur les questions LGBTIQ+ dans un contexte religieux.<br \/>\nElle donne des cours et \u00e9crit des livres pour les jeunes sur les questions LGBTIQ+ et travaille avec des groupes de femmes sur l'avortement. Son principal domaine d'activit\u00e9 est la violence spirituelle contre les personnes queer.\n<p>Elle est titulaire d'un master en \u00e9tudes de genre et en th\u00e9ologie et est dipl\u00f4m\u00e9e en \u00e9tudes des droits de l'homme et de la paix.<\/p>\n\t\t\t\t<img decoding=\"async\" src=\"https:\/\/www.mission-21.org\/wp-content\/uploads\/2024\/09\/karoline-mora.jpeg\" alt=\"karoline mora\" itemprop=\"image\" height=\"1296\" width=\"972\" title=\"Karoline Mora\" onerror=\"this.style.display='none'\" loading='lazy' \/>\n\t<h2><strong>Karoline Mora Blanco<\/strong><\/h2>\n<strong>Coordinatrice des femmes pour l'Am\u00e9rique latine<br \/>\n<\/strong>\n<p>Karoline Mora Blanco est titulaire d'un master en th\u00e9ologie et en \u00e9tudes de genre de l'Universit\u00e9 de KwaZulu-Natal, en Afrique du Sud. De 2017 \u00e0 2018, elle a \u00e9t\u00e9 professeure par int\u00e9rim \u00e0 l'Institut d'\u00e9tudes f\u00e9minines de l'Universit\u00e9 nationale du Costa Rica. Depuis 2021, elle est coordinatrice des programmes de formation socio-th\u00e9ologique au D\u00e9partement de recherche \u0153cum\u00e9nique (DEI) \u00e0 San Jos\u00e9, Costa Rica. Elle a travaill\u00e9 en tant que consultante sur du mat\u00e9riel th\u00e9ologique et des cahiers d'exercices pour les enfants et les jeunes ainsi que pour les adultes, en mettant l'accent sur la violence envers les enfants et l'\u00e9galit\u00e9 des sexes. Elle a en outre publi\u00e9 plusieurs ouvrages sur la th\u00e9ologie f\u00e9ministe, le genre, la sexualit\u00e9 et la religion.<\/p>\n\t\t\t\t<img decoding=\"async\" src=\"https:\/\/www.mission-21.org\/wp-content\/uploads\/2023\/04\/ira-imelda-2.png\" alt=\"ira imelda 2\" itemprop=\"image\" height=\"1501\" width=\"1170\" title=\"Ira Imelda-2\" onerror=\"this.style.display='none'\" loading='lazy' \/>\n\t<h2><strong>Ira Imelda<\/strong><\/h2>\n<strong>Coordinatrice des femmes pour l'Asie<br \/>\n<\/strong>\n<p>Ira Imelda est une pasteure ordonn\u00e9e de la Pasundan Christian Church (GKP) et travaille au Pasundan Durebang Women's Crisis Center \u00e0 Bandung. Depuis ses \u00e9tudes en 1997, elle travaille sur les questions d'\u00e9galit\u00e9 des sexes.<\/p>\n<p>Elle a \u00e9galement r\u00e9dig\u00e9 des articles pour des revues et des livres, men\u00e9 des recherches sur l'int\u00e9gration de la dimension de genre dans la politique et particip\u00e9 activement \u00e0 la promotion de l'\u00e9galit\u00e9 des sexes et de l'inclusion sociale au niveau national, dans la province de Java-Ouest et dans les villes et districts de Bandung.<\/p>\n<p>De 2019 \u00e0 2023, elle a \u00e9t\u00e9 membre du comit\u00e9 directeur national d'un forum de services pour les femmes victimes de violences sexistes. Elle est \u00e9galement active dans l'enseignement et co-supervise la formation des conseillers aupr\u00e8s de l'association des conseillers psychospirituels en Indon\u00e9sie. En d\u00e9cembre 2021, elle a \u00e9t\u00e9 \u00e9lue coordinatrice de la communaut\u00e9 asiatique (Asian Fellowship).<\/p>\n\t\t\t\t<img decoding=\"async\" src=\"https:\/\/www.mission-21.org\/wp-content\/uploads\/2023\/04\/matthias-lutterbach-2.png\" alt=\"matthias lutterbach 2\" itemprop=\"image\" height=\"1501\" width=\"1170\" title=\"Matthias Lutterbach-2\" onerror=\"this.style.display='none'\" loading='lazy' \/>\n\t<h2>Matthias Luterbach<\/h2>\n<p><strong>Expert externe en mati\u00e8re de genre<\/strong><\/p>\n<p>Matthias Luterbach effectue actuellement un doctorat \u00e0 l'Universit\u00e9 de B\u00e2le sur le th\u00e8me des masculinit\u00e9s et est responsable de la coordination de l'enseignement de cette discipline en tant qu'assistant au sein du d\u00e9partement de recherche sur les genres. Il est \u00e9galement membre du comit\u00e9 de la Soci\u00e9t\u00e9 suisse pour l'\u00e9tude des genres (SGGF) et co-initiateur et membre du groupe de travail Transformation de la masculinit\u00e9.<\/p>\n<p>Auparavant, il a \u00e9t\u00e9 membre de la commission de l'\u00e9galit\u00e9 de B\u00e2le-Ville, ainsi que collaborateur scientifique dans diff\u00e9rents projets de recherche.<\/p>\n<p>Ses travaux portent sur la recherche critique sur les hommes et la\/les masculinit\u00e9(s), la transformation des formes de vie familiale, les relations de couple et les rapports entre les sexes, la th\u00e9orie critique de la soci\u00e9t\u00e9 et du genre, la th\u00e9orie\/critique f\u00e9ministe, ainsi que la recherche sociale qualitative.<\/p>\n\t\t\t\t<img decoding=\"async\" src=\"https:\/\/www.mission-21.org\/wp-content\/uploads\/2022\/10\/csm_michal_maurer_vorstand_foto-gabriela-mueller_33a8937f63.jpg\" alt=\"csm michal maurer conseil d&#039;administration photo gabriela mueller 33a8937f63\" itemprop=\"image\" height=\"480\" width=\"360\" title=\"csm_Michal_Maurer_comit\u00e9_photo-gabriela-mueller_33a8937f63\" onerror=\"this.style.display='none'\" loading='lazy' \/>\n\t<h2><strong>Michal Maurer<\/strong><\/h2>\n<p><strong>Pr\u00e9sidente<\/strong><\/p>\n<p>Michal Maurer Pfenninger a travaill\u00e9 comme pasteure dans la diaspora \u00e0 Sargans, Mels, Vilters-Wangs, et depuis janvier 2024, elle est aum\u00f4ni\u00e8re d'h\u00f4pital \u00e0 l'h\u00f4pital municipal de Zurich. Elle a \u00e9tudi\u00e9 aux universit\u00e9s de Zurich, B\u00e2le et Strasbourg et s'est longtemps engag\u00e9e dans les YMCA. Int\u00e9ress\u00e9e par les langues et les gens, elle a beaucoup voyag\u00e9. Michal Maurer-Pfenninger est li\u00e9e \u00e0 Mission 21 par un voyage de rencontre au Cameroun et par son engagement en tant qu'ambassadrice de jeunesse. Les personnes qui ont lutt\u00e9 courageusement pour l'\u00e9galit\u00e9 des sexes l'inspirent depuis de nombreuses ann\u00e9es.<\/p>\n\t\t\t\t<img decoding=\"async\" src=\"https:\/\/www.mission-21.org\/wp-content\/uploads\/2023\/04\/paska-aciya-2.png\" alt=\"paska aciya 2\" itemprop=\"image\" height=\"1501\" width=\"1170\" title=\"Paska Aciya-2\" onerror=\"this.style.display='none'\" loading='lazy' \/>\n\t<h2><strong>Paska Nimiriano<\/strong><\/h2>\n<strong>Coordinatrice des femmes pour l'Afrique<br \/>\n<\/strong>\n<p>Paska Nimiriano est titulaire d'une licence en th\u00e9ologie et est la pasteure principale de la communaut\u00e9 Anywuak au Sud-Soudan. Au fil des ans, elle a particip\u00e9 \u00e0 un grand nombre d'ateliers sur la mise en \u0153uvre des processus de paix et l'engagement en faveur des droits de l'homme dans le contexte d'institutions bas\u00e9es sur la foi. Au cours des dix derni\u00e8res ann\u00e9es, Paska Nimiriano a travaill\u00e9 sur l'autonomisation des femmes, la gu\u00e9rison des traumatismes et le travail de r\u00e9conciliation afin d'aider les femmes \u00e0 surmonter leur pass\u00e9. Elle a \u00e9galement particip\u00e9 \u00e0 la mise en place de formations au leadership pour les femmes et les jeunes et a organis\u00e9 des ateliers de techniques agricoles, de couture et d'artisanat.<\/p>\n<p>Elle est coordinatrice des femmes \u00e0 l'assembl\u00e9e continentale du synode de Mission 21.<\/p>\n\t\t\t\t<img decoding=\"async\" src=\"https:\/\/www.mission-21.org\/wp-content\/uploads\/2023\/04\/ilona-paganoni-2.png\" alt=\"ilona paganoni 2\" itemprop=\"image\" height=\"1501\" width=\"1170\" title=\"Ilona Paganoni-2\" onerror=\"this.style.display='none'\" loading='lazy' \/>\n\t<h2>Ilona Paganoni<\/h2>\n<p><strong>Expert externe en mati\u00e8re de genre<\/strong><\/p>\n<p>Ilona Paganoni est titulaire d'un master en d\u00e9veloppement international et poss\u00e8de plusieurs ann\u00e9es d'exp\u00e9rience professionnelle dans les domaines du travail de d\u00e9veloppement, de la gestion de projets et de connaissances, du suivi et de l'\u00e9valuation ainsi que du leadership interculturel.<\/p>\n<p>Son travail se concentre sur le changement social durable \u00e0 travers la programmation ax\u00e9e sur les r\u00e9sultats et le renforcement des communaut\u00e9s locales. Elle a plusieurs ann\u00e9es d'exp\u00e9rience \u00e0 l'\u00e9tranger, en Am\u00e9rique centrale et aux Philippines, et a travaill\u00e9 pour Swissaid, les Nations unies et Caritas Suisse. Elle est actuellement Senior Business Development Manager pour NIRAS Suisse, notamment en tant que backstopper pour le suivi et l'\u00e9valuation pour des mandats de la DDC. Elle travaille \u00e9galement comme consultante ind\u00e9pendante pour des ONG et des institutions publiques suisses dans le domaine de la programmation ax\u00e9e sur les r\u00e9sultats et de l'animation d'\u00e9v\u00e9nements d'apprentissage.<\/p>\n\t\t\t\t<img decoding=\"async\" src=\"https:\/\/www.mission-21.org\/wp-content\/uploads\/2024\/09\/funmi-para-mallam.png\" alt=\"funmi para mallam\" itemprop=\"image\" height=\"408\" width=\"345\" title=\"Funmi Para-Mallam\" onerror=\"this.style.display='none'\" loading='lazy' \/>\n\t<h2>Oluwafunmilayo Para-Mallam<\/h2>\n<p><strong>Expert externe en mati\u00e8re de genre<\/strong><\/p>\n<p>Le professeur Oluwafunmilayo J. Para-Mallam est directrice d'\u00e9tudes \u00e0 l'Institut national d'\u00e9tudes politiques et strat\u00e9giques de Kuru, au Nigeria. Elle est titulaire d'un doctorat en \u00e9tudes de d\u00e9veloppement de l'Universit\u00e9 de Leeds, en Angleterre, et est professeur de genre et de d\u00e9veloppement, consultante et militante pour l'\u00e9galit\u00e9 des sexes. Funmi Para-Mallam est pr\u00e9sidente de l'African Women's Leadership Network (AWLN), Nigeria, et membre du comit\u00e9 consultatif pr\u00e9sidentiel de haut niveau sur l'\u00e9galit\u00e9 des genres au Nigeria. Elle est \u00e9galement la coordinatrice nationale de Christian Women for Excellence and Empowerment in Nigerian Society (CWEENS), un r\u00e9seau de femmes visant \u00e0 promouvoir les femmes et \u00e0 lutter contre la violence li\u00e9e au genre.<\/p>\n\t\t\t\t<img decoding=\"async\" src=\"https:\/\/www.mission-21.org\/wp-content\/uploads\/2023\/12\/portraet_rivka-schunk_zvg-2023-12-06.jpg\" alt=\"lwf thirteenth assembly, poland 2023\" itemprop=\"image\" height=\"1559\" width=\"1170\" title=\"Troisi\u00e8me Assembl\u00e9e de la LWF, Pologne 2023\" onerror=\"this.style.display='none'\" loading='lazy' \/>\n\t<h2>Rivka Schunk<\/h2>\n<p><strong>Coordinatrice des femmes en Europe<\/strong><\/p>\n<p>Rivka Schunk a \u00e9tudi\u00e9 la th\u00e9ologie et les \u00e9tudes juives et est pasteure \u00e9vang\u00e9lique luth\u00e9rienne ordonn\u00e9e. Depuis 2021, elle travaille comme assistante de recherche au d\u00e9partement de th\u00e9ologie de la F\u00e9d\u00e9ration luth\u00e9rienne mondiale, o\u00f9 elle s'engage \u00e9galement \u00e0 renforcer le r\u00e9seau mondial des femmes luth\u00e9riennes par un travail programmatique sur les droits de l'homme et l'\u00e9galit\u00e9 des sexes. Dans l'\u00c9glise du Wurtemberg, elle est membre du comit\u00e9 directeur du travail des femmes de la GAW-W\u00fcrttemberg et sera \u00e0 nouveau pasteure dans la ville de Heilbronn \u00e0 partir de janvier 2024.<\/p>\nAvant cela, elle a travaill\u00e9 entre autres comme assistante scientifique \u00e0 la chaire de Nouveau Testament et de Juda\u00efsme antique \u00e0 T\u00fcbingen et, depuis son service volontaire sur place, elle s'engage b\u00e9n\u00e9volement dans une association de promotion des parrainages \u00e9ducatifs au Paraguay qu'elle a elle-m\u00eame cr\u00e9\u00e9e.<br \/>\nElle est coordinatrice des femmes \u00e0 l'assembl\u00e9e continentale du synode de Mission 21.\n\t\t\t\t<img decoding=\"async\" src=\"https:\/\/www.mission-21.org\/wp-content\/uploads\/2024\/07\/anders_stokholm1.png\" alt=\"autre stokholm1\" itemprop=\"image\" height=\"858\" width=\"667\" title=\"Anders_Stokholm1\" onerror=\"this.style.display='none'\" loading='lazy' \/>\n\t<h2><strong>Anders Stokholm<\/strong><\/h2>\n<p><strong>Vice-pr\u00e9sident<\/strong><\/p>\n<p>Anders Stokholm travaille aujourd'hui comme pasteur apr\u00e8s avoir \u00e9t\u00e9 pendant de nombreuses ann\u00e9es pr\u00e9sident de la ville de Frauenfeld, en Thurgovie. Anders Stokholm a \u00e9tudi\u00e9 la th\u00e9ologie \u00e0 Zurich de 1983 \u00e0 1990 et a effectu\u00e9 son vicariat pastoral au Grossm\u00fcnster. Il a ensuite travaill\u00e9 comme pasteur de paroisse \u00e0 Stein am Rhein de 1991 \u00e0 1998. De 1998 \u00e0 2002, il a travaill\u00e9 comme r\u00e9dacteur \u00e0 la Reformierte Presse \u00e0 Zurich et a suivi une formation de journaliste dipl\u00f4m\u00e9 MAZ en cours d'emploi. De 2002 \u00e0 2008, il a dirig\u00e9 la fondation Zukunft Thurgau et de 2008 \u00e0 2015, il a \u00e9t\u00e9 directeur du centre d'assurance sociale de Thurgovie. Avec Mission 21, il souhaite d\u00e9velopper son action sociale dans un contexte global. Il est convaincu que chaque jour est une occasion de s'engager pour l'\u00e9galit\u00e9 des sexes - dans la vie priv\u00e9e comme dans la vie professionnelle et dans la soci\u00e9t\u00e9.<\/p>\n\t\t\t\t<img decoding=\"async\" src=\"https:\/\/www.mission-21.org\/wp-content\/uploads\/2023\/12\/ruth-ketsia-wangkai-gute-nachricht-protraet-hoch_2017.jpg\" alt=\"ruth ketsia wangkai bonne nouvelle portrait haut 2017\" itemprop=\"image\" height=\"1648\" width=\"1236\" title=\"Ruth Ketsia Wangkai Bonnes nouvelles Protr\u00e4t-hoch_2017\" onerror=\"this.style.display='none'\" loading='lazy' \/>\n\t<h2>Ruth Ketsia Wangkei<\/h2>\n<p><strong>Expert externe en mati\u00e8re de genre<\/strong><\/p>\nRuth Ketsia Wangkei a \u00e9t\u00e9 ordonn\u00e9e pasteure en 1984 au sein de l'\u00c9glise chr\u00e9tienne \u00e9vang\u00e9lique de Minahasa (GMIM). Apr\u00e8s avoir obtenu un master en th\u00e9ologie, elle a travaill\u00e9 de 1992 \u00e0 2015 comme enseignante \u00e0 la facult\u00e9 de th\u00e9ologie de l'Universit\u00e9 chr\u00e9tienne indon\u00e9sienne de Tomohon. Int\u00e9ress\u00e9e par la th\u00e9ologie f\u00e9ministe, elle a rejoint PERUATI<br \/>\n(The Association of Theologically Educated Women in Indonesia), o\u00f9 elle a \u00e9t\u00e9 \u00e9lue pr\u00e9sidente du comit\u00e9 national en 2011. Depuis 2019, elle est conseill\u00e8re nationale en charge du travail de PERUATI.\n<p>Outre PERUATI, Ruth Ketsia Wangkei s'engage \u00e9galement pour des questions f\u00e9ministes, multiculturelles et journalistiques ainsi que pour des mouvements de d\u00e9mocratie de base contre la violence envers les femmes et les enfants. Elle est \u00e9galement engag\u00e9e dans le Tomohon Family Learning Center, qui d\u00e9fend les droits humains des LGBTQI+ au niveau local et national.<\/p>\n<p>Elle s'int\u00e9resse principalement \u00e0 l'\u00e9galit\u00e9 des sexes, \u00e0 la th\u00e9ologie f\u00e9ministe, aux droits humains des femmes et \u00e0 d'autres groupes de pression.<\/p>\n\t\t\t\t<img decoding=\"async\" src=\"https:\/\/www.mission-21.org\/wp-content\/uploads\/2022\/10\/csm_evelyne_zinsstag_fako_f5cf1176f9.jpg\" alt=\"csm evelyne zinsstag fako f5cf1176f9\" itemprop=\"image\" height=\"450\" width=\"379\" title=\"csm_Evelyne_Jour_des_int\u00e9r\u00eats_FaKo_f5cf1176f9\" onerror=\"this.style.display='none'\" loading='lazy' \/>\n\t<h2>Evelyne Zinsstag<\/h2>\n<p><strong>Expert externe en mati\u00e8re de genre<\/strong><\/p>\n<p>Evelyne Zinsstag est th\u00e9ologienne f\u00e9ministe de formation et pasteure de l'\u00c9glise fran\u00e7aise r\u00e9form\u00e9e de B\u00e2le depuis 2018.<\/p>\n<p>Pendant ses \u00e9tudes, elle a travaill\u00e9 \u00e0 Mission 21 et depuis, elle est \u00e9galement tr\u00e8s engag\u00e9e dans la th\u00e9ologie interculturelle. Elle est membre de Tsena Malalaka, le r\u00e9seau intercontinental de th\u00e9ologiennes f\u00e9ministes, et fait partie du comit\u00e9 directeur de l'EFECW (Ecumenical Forum of European Christian Women) et de l'IG Feministische Theologinnen.<\/p>\n<p>De 2016 \u00e0 2022, elle a \u00e9t\u00e9 membre de la commission sp\u00e9cialis\u00e9e Femmes et genre de Mission 21.<\/p>\n<h2>\n\t\t\t Unit\u00e9 Femmes et genre \t<\/h2>\n\t<p>En savoir plus sur le travail de l'unit\u00e9 Femmes et genre.\u00a0<a href=\"https:\/\/www.mission-21.org\/fr\/qui-sommes-nous\/stabsstelle-frauen-und-gender\/\">\u25ba En savoir plus<\/a><\/p>","protected":false},"excerpt":{"rendered":"<p>Mo\u0301nica Trevin\u0303o A\u0301lvarez Externe Gender-Expertin Mo\u0301nica Trevin\u0303o A\u0301lvarez ist eine queer-feministische Theologin aus Mexiko. In ihrer Arbeit konzentriert sie sich auf LGBTIQ+-Themen in einem religi\u00f6sen Kontext. Sie gibt Kurse und schreibt B\u00fccher f\u00fcr Jugendliche \u00fcber LGBTIQ+-Themen und arbeitet mit Frauengruppen zum Thema Abtreibung. Ihr Hauptarbeitsgebiet ist die spirituelle Gewalt gegen queere Menschen. Sie hat einen [&hellip;]<\/p>\n","protected":false},"author":6,"featured_media":0,"parent":3194,"menu_order":0,"comment_status":"closed","ping_status":"closed","template":"","meta":{"_acf_changed":false,"_seopress_robots_primary_cat":"","_seopress_titles_title":"","_seopress_titles_desc":"","_seopress_robots_index":"","_searchwp_excluded":"","site-sidebar-layout":"default","site-content-layout":"","ast-site-content-layout":"default","site-content-style":"default","site-sidebar-style":"default","ast-global-header-display":"","ast-banner-title-visibility":"","ast-main-header-display":"","ast-hfb-above-header-display":"","ast-hfb-below-header-display":"","ast-hfb-mobile-header-display":"","site-post-title":"","ast-breadcrumbs-content":"","ast-featured-img":"","footer-sml-layout":"","ast-disable-related-posts":"","theme-transparent-header-meta":"","adv-header-id-meta":"","stick-header-meta":"","header-above-stick-meta":"","header-main-stick-meta":"","header-below-stick-meta":"","astra-migrate-meta-layouts":"set","ast-page-background-enabled":"default","ast-page-background-meta":{"desktop":{"background-color":"var(--ast-global-color-4)","background-image":"","background-repeat":"repeat","background-position":"center center","background-size":"auto","background-attachment":"scroll","background-type":"","background-media":"","overlay-type":"","overlay-color":"","overlay-opacity":"","overlay-gradient":""},"tablet":{"background-color":"","background-image":"","background-repeat":"repeat","background-position":"center center","background-size":"auto","background-attachment":"scroll","background-type":"","background-media":"","overlay-type":"","overlay-color":"","overlay-opacity":"","overlay-gradient":""},"mobile":{"background-color":"","background-image":"","background-repeat":"repeat","background-position":"center center","background-size":"auto","background-attachment":"scroll","background-type":"","background-media":"","overlay-type":"","overlay-color":"","overlay-opacity":"","overlay-gradient":""}},"ast-content-background-meta":{"desktop":{"background-color":"var(--ast-global-color-5)","background-image":"","background-repeat":"repeat","background-position":"center center","background-size":"auto","background-attachment":"scroll","background-type":"","background-media":"","overlay-type":"","overlay-color":"","overlay-opacity":"","overlay-gradient":""},"tablet":{"background-color":"var(--ast-global-color-5)","background-image":"","background-repeat":"repeat","background-position":"center center","background-size":"auto","background-attachment":"scroll","background-type":"","background-media":"","overlay-type":"","overlay-color":"","overlay-opacity":"","overlay-gradient":""},"mobile":{"background-color":"var(--ast-global-color-5)","background-image":"","background-repeat":"repeat","background-position":"center center","background-size":"auto","background-attachment":"scroll","background-type":"","background-media":"","overlay-type":"","overlay-color":"","overlay-opacity":"","overlay-gradient":""}},"iawp_total_views":658,"footnotes":""},"hf_cat_page":[297,302],"class_list":["post-8224","page","type-page","status-publish"],"acf":[],"_links":{"self":[{"href":"https:\/\/www.mission-21.org\/fr\/wp-json\/wp\/v2\/pages\/8224","targetHints":{"allow":["GET"]}}],"collection":[{"href":"https:\/\/www.mission-21.org\/fr\/wp-json\/wp\/v2\/pages"}],"about":[{"href":"https:\/\/www.mission-21.org\/fr\/wp-json\/wp\/v2\/types\/page"}],"author":[{"embeddable":true,"href":"https:\/\/www.mission-21.org\/fr\/wp-json\/wp\/v2\/users\/6"}],"replies":[{"embeddable":true,"href":"https:\/\/www.mission-21.org\/fr\/wp-json\/wp\/v2\/comments?post=8224"}],"version-history":[{"count":11,"href":"https:\/\/www.mission-21.org\/fr\/wp-json\/wp\/v2\/pages\/8224\/revisions"}],"predecessor-version":[{"id":17895,"href":"https:\/\/www.mission-21.org\/fr\/wp-json\/wp\/v2\/pages\/8224\/revisions\/17895"}],"up":[{"embeddable":true,"href":"https:\/\/www.mission-21.org\/fr\/wp-json\/wp\/v2\/pages\/3194"}],"wp:attachment":[{"href":"https:\/\/www.mission-21.org\/fr\/wp-json\/wp\/v2\/media?parent=8224"}],"wp:term":[{"taxonomy":"hf_cat_page","embeddable":true,"href":"https:\/\/www.mission-21.org\/fr\/wp-json\/wp\/v2\/hf_cat_page?post=8224"}],"curies":[{"name":"wp","href":"https:\/\/api.w.org\/{rel}","templated":true}]}}