{"id":9217,"date":"2023-06-15T17:44:01","date_gmt":"2023-06-15T15:44:01","guid":{"rendered":"https:\/\/www.mission-21.org\/?page_id=9217"},"modified":"2024-08-29T12:04:04","modified_gmt":"2024-08-29T10:04:04","slug":"international-forum-23","status":"publish","type":"page","link":"https:\/\/www.mission-21.org\/fr\/internationales-forum-23\/","title":{"rendered":"Forum international"},"content":{"rendered":"<h1>\n\t\tForum international sur la construction de la paix interreligieuse et transculturelle\n\t<\/h1>\n\t<p><strong>On Thursday 17 and Friday 18 August 2023, en ligne.<\/strong><\/p>\n\t\t\t\t<img decoding=\"async\" src=\"https:\/\/www.mission-21.org\/wp-content\/uploads\/2023\/06\/zeichenflaeche-27-100-900x388.jpg\" alt=\"surface de dessin 27 100\" itemprop=\"image\" height=\"388\" width=\"900\" title=\"Surface de dessin 27-100\" onerror=\"this.style.display='none'\"  \/>\n\t<p>Beaucoup d'\u00e9glises et d'organisations partenaires de Mission 21 vivent dans des r\u00e9gions en crise ou en conflit. C'est pourquoi la construction de la paix interreligieuse et transculturelle est un th\u00e8me majeur de la coop\u00e9ration. Le forum comprendra des pr\u00e9sentations et des discussions sur la mani\u00e8re dont les initiatives de paix de diff\u00e9rents contextes peuvent se soutenir mutuellement.<\/p>\n<p>Le th\u00e8me de cette rencontre en ligne de deux jours est le r\u00f4le de la religion et de la spiritualit\u00e9 dans la prise en charge des traumatismes.<\/p>\n<p><strong>Nous sommes particuli\u00e8rement impatients d'entendre les contributions de nos deux orateurs principaux :<\/strong><\/p>\n\t\t\t<h3> Alissa Wahid<\/h3>\t\t\t\n\t\t\t\t<p>Psychologue, cofondatrice du Gusdurian Network, un important r\u00e9seau pour la d\u00e9mocratie et les droits de l'homme, et co-pr\u00e9sidente de la plus grande organisation bas\u00e9e sur la foi en Indon\u00e9sie, qui compte 50 millions de membres musulmans.<\/p>\n\t\t\t<h3>Septemmy Lakawa<\/h3>\t\t\t\n\t\t\t\t<p>Pr\u00e9sidente de la Facult\u00e9 de th\u00e9ologie de Jakarta, Indon\u00e9sie, et professeur de th\u00e9ologie du traumatisme et de th\u00e9ologie f\u00e9ministe.<\/p>\n\t<p>Vous aurez \u00e9galement l'occasion de rencontrer\u00a0<strong>Des experts de nos \u00e9glises et organisations partenaires au Nigeria, en Bolivie et en Indon\u00e9sie dans des ateliers\u00a0<\/strong>exchange.<\/p>\n<p>L'\u00e9v\u00e9nement est ouvert au public et gratuit.<\/p>\n<p><strong>Pr\u00e9sentations et traductions en anglais et en espagnol uniquement.<\/strong><\/p>\n\t\t\t<a href=\"#anmeldung\" target=\"_self\" role=\"button\" aria-label=\"Inscrivez-vous d\u00e8s maintenant !\" rel=\"noopener\">\n\t\t\t\t\t\t\tInscrivez-vous d\u00e8s maintenant !\n\t\t<\/a>\n<h2>\n\t\tThursday, August 17, 2023. 2:00-5:00pm CEST\n\t<\/h2>\n\t\t\t\t<img decoding=\"async\" src=\"https:\/\/www.mission-21.org\/wp-content\/uploads\/2023\/06\/forum_0002_alissa_wahid_bearb_cbu.jpg\" alt=\"forum 0002 alissa wahid bearb cbu\" title=\"Forum_0002_Alissa_Wahid_bearb_CBu\" itemprop=\"image\"\/>\n\t\t\t<h2>\"La foi comme ressource pour la transformation des traumatismes et la construction de la paix interreligieuse\".<\/h2><h3> Alissa Wahid<\/h3>\t\t\t\n\t\t\t\t<p>Psychologue, co-fondatrice du Gusdurian Network, important r\u00e9seau de promotion des droits de l'homme et de la d\u00e9mocratie. Elle est \u00e9galement copr\u00e9sidente de la plus grande organisation religieuse d'Indon\u00e9sie, qui compte 50 millions de membres musulmans. Elle est experte en mod\u00e9ration religieuse pour le minist\u00e8re des Affaires religieuses et ambassadrice des Objectifs de d\u00e9veloppement durable de l'Indon\u00e9sie, l'une des 10 femmes les plus puissantes de 2022 (Forbes Indonesia).<\/p>\n\t\t\t\t<img decoding=\"async\" src=\"https:\/\/www.mission-21.org\/wp-content\/uploads\/2023\/06\/forum_0000_juan-racheal_pic-_bearbeitet_cbu.jpg\" alt=\"forum 0000 juan racheal pic \u00e9dit\u00e9 cbu\" title=\"Forum_0000_Juan Racheal_pic _trait\u00e9_CBu\" itemprop=\"image\"\/>\n\t\t\t<h2>\"Pas de paix sans gu\u00e9rison des traumatismes\"<\/h2><h3>Racheal Juan<\/h3>\t\t\t\n\t\t\t\t<p>Coordinateur de plaidoyer et de paix au Conseil des \u00c9glises du Sud-Soudan, titulaire d'une licence en gouvernance et relations internationales, assistant d'enseignement \u00e0 l'\u00c9cole d'\u00e9tudes sociales et \u00e9conomiques de l'Universit\u00e9 de Juba.<\/p>\n\t\t\t\t<img decoding=\"async\" src=\"https:\/\/www.mission-21.org\/wp-content\/uploads\/2023\/06\/maria-mercedes-vargas-apaza.jpg\" alt=\"maria mercedes vargas apaza\" title=\"Maria Mercedes Vargas Apaza\" itemprop=\"image\"\/>\n\t\t\t<h2>\"Des communaut\u00e9s d'auto-assistance r\u00e9silientes face \u00e0 la violence\".<\/h2><h3>Maria Mercedes Vargas Apaza<\/h3>\t\t\t\n\t\t\t\t<p><a name=\"_Hlk135649551\"><\/a>Travailleur social, sp\u00e9cialis\u00e9 dans la politique publique et l'\u00e9galit\u00e9 des sexes. Directeur de la Funda\u00e7ion Machaqa Amawta 2019 - 04\/2023, travaillant avec la population indig\u00e8ne de la Bolivie rurale sur l'\u00e9ducation interculturelle, l'agriculture \u00e9cologique et l'am\u00e9lioration de la participation politique. Coordinateur du programme interculturel de gouvernance et de citoyennet\u00e9 2010 - 2019.<\/p>\n\t\t\t\t<img decoding=\"async\" src=\"https:\/\/www.mission-21.org\/wp-content\/uploads\/2023\/06\/alissa_wahid_bearb_cbu.jpg\" alt=\"alissa wahid bearb cbu\" title=\"Alissa_Wahid_bearb_CBu\" itemprop=\"image\"\/>\n\t\t\t<h2>\"Trauma Healing for women coming from fragile and war areas to Switzerland\" (Gu\u00e9rison des traumatismes pour les femmes venant de r\u00e9gions fragiles et en guerre en Suisse)<\/h2><h3>Dr. med. Riham Galal Mahfouz<\/h3>\t\t\t\n\t\t\t\t<p>Psychiatre et psychoth\u00e9rapeute, Ph. D. en biologie mol\u00e9culaire m\u00e9dicale, \u00c9gypte. Master of Psychotherapy, Universit\u00e9 de B\u00e2le, Suisse. Certificat de psychiatrie clinique, Universit\u00e9 de Galles du Sud, Angleterre.<\/p>\n\t\t\t\t<img decoding=\"async\" src=\"https:\/\/www.mission-21.org\/wp-content\/uploads\/2023\/06\/forum_0003_mery-kolimon.jpg\" alt=\"forum 0003 mery kolimon\" title=\"Forum_0003_Mery Kolimon\" itemprop=\"image\"\/>\n\t\t\t<h2>\"Trauma, Church and Peace Building\" (traumatisme, \u00e9glise et construction de la paix)<\/h2><h3>R\u00e9v. Dr Mery Koliman<\/h3>\t\t\t\n\t\t\t\t<p>Enseigne la missiologie, la th\u00e9ologie contextuelle et les religions \u00e0 l'universit\u00e9 chr\u00e9tienne Artha Wacana de Kupang, Timor oriental. Elle est membre du R\u00e9seau des femmes de l'Est de l'Indon\u00e9sie pour l'\u00e9tude des femmes, de la religion et de la culture. Mod\u00e9ratrice de l'\u00e9glise Gereja Masehi Injili di Timor, Dernier livre : Mission of Empowerment : A Feminist Perspective (2022).<\/p>\n\t\t\t\t<img decoding=\"async\" src=\"https:\/\/www.mission-21.org\/wp-content\/uploads\/2023\/06\/forum_0001_rev_ephraim_yakubu_nigeria_2.jpg\" alt=\"forum 0001 rev ephraim yakubu nigeria 2\" title=\"Forum_0001_Rev_Ephraim_Yakubu_Nigeria_2\" itemprop=\"image\"\/>\n\t\t\t<h2>\"R\u00e9ponse pastorale aux victimes de traumatismes post-conflictuels\".<\/h2><h3>R\u00e9v. Dr Ephraim Yakubu Simon<\/h3>\t\t\t\n\t\t\t\t<p>Directeur du Centre de construction de la paix et de gu\u00e9rison des traumatismes du Conseil chr\u00e9tien du Nigeria \u00e0 Jos, Nigeria. A suivi l'Institut international Kofi Annan pour le maintien de la paix au Ghana, en Afrique de l'Ouest, et Kurve Wustro en Allemagne pour des \u00e9tudes sur la transformation des conflits et la construction de la paix. <\/p>\n\t\t\t<h2>Autres points du programme<\/h2>\t\t\t\n\t\t\t\t<p><strong>Questions et r\u00e9ponses<\/strong><\/p>\n<p><strong>Chambres de sortie<\/strong><\/p>\n<p><strong>Session d'enveloppement<\/strong><\/p>\n\t\t\t<a href=\"https:\/\/www.mission-21.org\/fr\/telecharger\/2306-forum-international-programme\/\" target=\"_self\" role=\"button\" aria-label=\"T\u00e9l\u00e9charger le programme complet\" rel=\"noopener\">\n\t\t\t\t\t\t\t\t\t\t\tT\u00e9l\u00e9charger le programme complet\n\t\t<\/a>\n\t\t\t<a href=\"#anmeldung\" target=\"_self\" role=\"button\" aria-label=\"Inscrivez-vous d\u00e8s maintenant !\" rel=\"noopener\">\n\t\t\t\t\t\t\tInscrivez-vous d\u00e8s maintenant !\n\t\t<\/a>\n<h2>\n\t\tFriday, August 18, 2023. 2:00-4:00pm CEST\n\t<\/h2>\n\t\t\t\t<img decoding=\"async\" src=\"https:\/\/www.mission-21.org\/wp-content\/uploads\/2023\/06\/septemmy.jpg\" alt=\"septemmy\" title=\"Septemmy\" itemprop=\"image\"\/>\n\t\t\t<h2>\"Interfaith Conflicts, Trauma, and Art : An Indonesian Theological Voice of Healing and Peace\" (Conflits interconfessionnels, traumatismes et art : une voix th\u00e9ologique indon\u00e9sienne de gu\u00e9rison et de paix)<\/h2><h3>Dr. Septemmy Lakawa<\/h3>\t\t\t\n\t\t\t\t<p>Ph. D. en th\u00e9ologie, professeur associ\u00e9 d'\u00e9tudes missionnaires, de th\u00e9ologie f\u00e9ministe et de th\u00e9ologie des traumatismes, ancien pr\u00e9sident du S\u00e9minaire th\u00e9ologique de Jakarta. Derni\u00e8re publication : Kemurahhatian dan Trauma : Imajinasi Baru Misi Kristiani [Compassion et traumatisme : une nouvelle imagination de la mission chr\u00e9tienne, avec une pr\u00e9face du professeur Dana L. Robert (\u00c9cole de th\u00e9ologie de l'Universit\u00e9 de Boston) (2023).<\/p>\n\t\t\t<h2>Autres points du programme<\/h2>\t\t\t\n\t\t\t\t<p><strong>Questions et r\u00e9ponses<\/strong><\/p>\n<p><strong>Chambres de sortie<\/strong><br \/>M\u00e9thodes de traitement des traumatismes<br \/>Discussions avec les animateurs d'ateliers de la journ\u00e9e pr\u00e9c\u00e9dente<\/p>\n<p><strong>Wrap-Up Session &amp; R\u00e9sultats<\/strong><\/p>\n\t\t\t<a href=\"https:\/\/www.mission-21.org\/fr\/telecharger\/2306-forum-international-programme\/\" target=\"_self\" role=\"button\" aria-label=\"T\u00e9l\u00e9charger le programme complet\" rel=\"noopener\">\n\t\t\t\t\t\t\t\t\t\t\tT\u00e9l\u00e9charger le programme complet\n\t\t<\/a>\n<h3>\n\t\tPour toute question\n\t<\/h3>\n\t\t<a href=\"https:\/\/www.mission-21.org\/fr\/equipe\/monika-di-pietrantonio\/\" target=\"_self\" aria-label=\"\u00c9l\u00e9ment de courrier\" rel=\"noopener\"><\/a>\t\t\n\t<meta itemscope itemprop=\"mainEntityOfPage\" itemtype=\"https:\/\/schema.org\/WebPage\" itemid=\"https:\/\/www.mission-21.org\/team\/monika-di-pietrantonio\/\" content=\"Monika Di Pietrantonio\" \/><meta itemprop=\"datePublished\" content=\"2022-09-29\" \/><meta itemprop=\"dateModified\" content=\"2022-12-14\" \/><meta itemprop=\"name\" content=\"Mission 21\"\/><meta itemprop=\"url\" content=\"https:\/\/www.mission-21.org\/wp-content\/uploads\/2022\/08\/de-blau.svg\"\/><meta itemprop=\"url\" content=\"https:\/\/www.mission-21.org\/author\/samuel\/\" \/><meta itemprop=\"name\" content=\"Samuel Rink\" \/><meta itemprop=\"url\" content=\"https:\/\/www.mission-21.org\/wp-content\/uploads\/2022\/10\/monika-di-pietrantonio.jpg\" \/><meta itemprop=\"width\" content=\"350\" \/><meta itemprop=\"height\" content=\"350\" \/><meta itemprop=\"interactionType\" content=\"https:\/\/schema.org\/CommentAction\" \/><meta itemprop=\"userInteractionCount\" content=\"0\" \/>\n\t<img width=\"350\" height=\"350\" src=\"https:\/\/www.mission-21.org\/wp-content\/uploads\/2022\/10\/monika-di-pietrantonio.jpg\" alt=\"monika di pietrantonio\" decoding=\"async\" itemprop=\"image\" loading=\"lazy\" srcset=\"https:\/\/www.mission-21.org\/wp-content\/uploads\/2022\/10\/monika-di-pietrantonio.jpg 350w, https:\/\/www.mission-21.org\/wp-content\/uploads\/2022\/10\/monika-di-pietrantonio-300x300.jpg 300w, https:\/\/www.mission-21.org\/wp-content\/uploads\/2022\/10\/monika-di-pietrantonio-12x12.jpg 12w, https:\/\/www.mission-21.org\/wp-content\/uploads\/2022\/10\/monika-di-pietrantonio-100x100.jpg 100w\" sizes=\"auto, (max-width: 350px) 100vw, 350px\" \/>\n<h3>Monika Di Pietrantonio<\/h3>\n<p>Responsable de l'administration des offres de formation<br \/>T\u00e9l : +41 (0)61 260 22 67<br \/><a href=\"mailto:monika.dipietrantonio@mission-21.org\">\u25ba Courrier \u00e9lectronique<\/a><\/p>","protected":false},"excerpt":{"rendered":"<p>International Forum on Interfaith and Transcultural Peacebuilding On Thursday 17 and Friday 18 August 2023, online. Many of Mission 21&#8217;s partner churches and organizations live in crisis and conflict regions. Therefore, interreligious and transcultural peacebuilding is a main topic of cooperation. The forum will feature presentations and discussions on how peace initiatives from different contexts [&hellip;]<\/p>\n","protected":false},"author":6,"featured_media":0,"parent":0,"menu_order":0,"comment_status":"closed","ping_status":"closed","template":"","meta":{"_acf_changed":false,"_seopress_robots_primary_cat":"","_seopress_titles_title":"","_seopress_titles_desc":"","_seopress_robots_index":"","_searchwp_excluded":"","site-sidebar-layout":"default","site-content-layout":"","ast-site-content-layout":"default","site-content-style":"default","site-sidebar-style":"default","ast-global-header-display":"","ast-banner-title-visibility":"","ast-main-header-display":"","ast-hfb-above-header-display":"","ast-hfb-below-header-display":"","ast-hfb-mobile-header-display":"","site-post-title":"","ast-breadcrumbs-content":"","ast-featured-img":"","footer-sml-layout":"","ast-disable-related-posts":"","theme-transparent-header-meta":"","adv-header-id-meta":"","stick-header-meta":"","header-above-stick-meta":"","header-main-stick-meta":"","header-below-stick-meta":"","astra-migrate-meta-layouts":"set","ast-page-background-enabled":"default","ast-page-background-meta":{"desktop":{"background-color":"var(--ast-global-color-4)","background-image":"","background-repeat":"repeat","background-position":"center center","background-size":"auto","background-attachment":"scroll","background-type":"","background-media":"","overlay-type":"","overlay-color":"","overlay-opacity":"","overlay-gradient":""},"tablet":{"background-color":"","background-image":"","background-repeat":"repeat","background-position":"center center","background-size":"auto","background-attachment":"scroll","background-type":"","background-media":"","overlay-type":"","overlay-color":"","overlay-opacity":"","overlay-gradient":""},"mobile":{"background-color":"","background-image":"","background-repeat":"repeat","background-position":"center center","background-size":"auto","background-attachment":"scroll","background-type":"","background-media":"","overlay-type":"","overlay-color":"","overlay-opacity":"","overlay-gradient":""}},"ast-content-background-meta":{"desktop":{"background-color":"var(--ast-global-color-5)","background-image":"","background-repeat":"repeat","background-position":"center center","background-size":"auto","background-attachment":"scroll","background-type":"","background-media":"","overlay-type":"","overlay-color":"","overlay-opacity":"","overlay-gradient":""},"tablet":{"background-color":"var(--ast-global-color-5)","background-image":"","background-repeat":"repeat","background-position":"center center","background-size":"auto","background-attachment":"scroll","background-type":"","background-media":"","overlay-type":"","overlay-color":"","overlay-opacity":"","overlay-gradient":""},"mobile":{"background-color":"var(--ast-global-color-5)","background-image":"","background-repeat":"repeat","background-position":"center center","background-size":"auto","background-attachment":"scroll","background-type":"","background-media":"","overlay-type":"","overlay-color":"","overlay-opacity":"","overlay-gradient":""}},"iawp_total_views":180,"footnotes":""},"hf_cat_page":[],"class_list":["post-9217","page","type-page","status-publish"],"acf":[],"_links":{"self":[{"href":"https:\/\/www.mission-21.org\/fr\/wp-json\/wp\/v2\/pages\/9217","targetHints":{"allow":["GET"]}}],"collection":[{"href":"https:\/\/www.mission-21.org\/fr\/wp-json\/wp\/v2\/pages"}],"about":[{"href":"https:\/\/www.mission-21.org\/fr\/wp-json\/wp\/v2\/types\/page"}],"author":[{"embeddable":true,"href":"https:\/\/www.mission-21.org\/fr\/wp-json\/wp\/v2\/users\/6"}],"replies":[{"embeddable":true,"href":"https:\/\/www.mission-21.org\/fr\/wp-json\/wp\/v2\/comments?post=9217"}],"version-history":[{"count":11,"href":"https:\/\/www.mission-21.org\/fr\/wp-json\/wp\/v2\/pages\/9217\/revisions"}],"predecessor-version":[{"id":13132,"href":"https:\/\/www.mission-21.org\/fr\/wp-json\/wp\/v2\/pages\/9217\/revisions\/13132"}],"wp:attachment":[{"href":"https:\/\/www.mission-21.org\/fr\/wp-json\/wp\/v2\/media?parent=9217"}],"wp:term":[{"taxonomy":"hf_cat_page","embeddable":true,"href":"https:\/\/www.mission-21.org\/fr\/wp-json\/wp\/v2\/hf_cat_page?post=9217"}],"curies":[{"name":"wp","href":"https:\/\/api.w.org\/{rel}","templated":true}]}}